{"id":9568,"date":"2023-01-04T14:19:06","date_gmt":"2023-01-04T12:19:06","guid":{"rendered":"https:\/\/villahullu.fi\/?post_type=product&#038;p=9568"},"modified":"2024-09-01T09:23:19","modified_gmt":"2024-09-01T06:23:19","slug":"tinkaneule-ohje-knit-pattern-fi-en-us","status":"publish","type":"product","link":"https:\/\/villahullu.fi\/en\/product\/tinkaneule-ohje-knit-pattern-fi-en-us\/","title":{"rendered":"Tinkaneule ohje \/ knit pattern (FI, EN\/US)"},"content":{"rendered":"<p><img loading=\"lazy\" decoding=\"async\" class=\"alignnone size-medium wp-image-9596\" src=\"https:\/\/villahullu.fi\/wp-content\/uploads\/2023\/01\/IMG_20221118_144923-225x300.jpg\" alt=\"\" width=\"225\" height=\"300\" \/><img loading=\"lazy\" decoding=\"async\" class=\"alignnone size-medium wp-image-9573\" src=\"https:\/\/villahullu.fi\/wp-content\/uploads\/2023\/01\/20221225133702_IMG_8778-200x300.jpg\" alt=\"\" width=\"200\" height=\"300\" \/><img loading=\"lazy\" decoding=\"async\" class=\"alignnone size-medium wp-image-9598\" src=\"https:\/\/villahullu.fi\/wp-content\/uploads\/2023\/01\/IMG_20221118_145444-225x300.jpg\" alt=\"\" width=\"225\" height=\"300\" \/><img loading=\"lazy\" decoding=\"async\" class=\"alignnone size-medium wp-image-9571\" src=\"https:\/\/villahullu.fi\/wp-content\/uploads\/2023\/01\/20230103_105644-123x300.jpg\" alt=\"\" width=\"123\" height=\"300\" \/>\u00a0\u00a0 <img loading=\"lazy\" decoding=\"async\" class=\"alignnone size-medium wp-image-9600\" src=\"https:\/\/villahullu.fi\/wp-content\/uploads\/2023\/01\/IMG_20221118_150113-225x300.jpg\" alt=\"\" width=\"225\" height=\"300\" \/><img loading=\"lazy\" decoding=\"async\" class=\"alignnone size-medium wp-image-9580\" src=\"https:\/\/villahullu.fi\/wp-content\/uploads\/2023\/01\/IMG_0943-223x300.jpeg\" alt=\"\" width=\"223\" height=\"300\" \/><\/p>\n<p><strong><em>Neuleohje on ladattavissa heti maksusuorituksen j\u00e4lkeen tilauksen yhteydess\u00e4 ilmoittamastasi s\u00e4hk\u00f6postiosoitteesta. (Tarkastathan my\u00f6s roskapostikansion.) Ohjeen toimitus tapahtuu ainoastaan s\u00e4hk\u00f6isesti, eik\u00e4 sit\u00e4 l\u00e4hetet\u00e4 erikseen postitse. On suositeltavaa, ett\u00e4 ohje tallennetaan heti omalle laitteelle.<br \/>\n<\/em><\/strong><\/p>\n<p><strong><em>Knit pattern can be downloaded immediately after payment from the e-mail you provided with your order. (Remember to check also the junk mail folder.) The patter<\/em><\/strong><strong><em>n is delivered only electronically and is not send separately by post. It is recommended that you save the pattern to your device immediately. You can find all the languages mentioned in the tittle in the same pdf file.<br \/>\n<\/em><\/strong><\/p>\n<p><strong>Koot XXS, XS, S, M, L, XL, XXL<\/strong><\/p>\n<p>Koot ovat viitteellisi\u00e4. Tarkistathan sopivan koon paidan mitoista.<\/p>\n<p>Mitat ovat valmiin paidan mittoja.<\/p>\n<p>Rinnanymp\u00e4rys\u00a0 (XXS)81 (XS)89 (S)96,5 (M)102 (L)107,5 (XL)115 (XXL)125,5 cm<\/p>\n<p>Alaosan leveys (XXS)40,5 (XS)44,5 (S)48 (M)51 (L)54 (XL)57,5 (XXL)62,5 cm<\/p>\n<p>Pituus helmasta kainaloon (XXS)37 (XS)38 (S)39 (M)40 (L)42 (XL)43 (XXL)44 cm (tai haluttu pituus)<\/p>\n<p>Hihan pituus (XXS)47 (XS)48 (S)49 (M)50 (L)51 (XL)52 (XXL)53 cm\u00a0(tai haluttu pituus)<\/p>\n<p><strong>Langan menekki <\/strong>Lettlopi 50 g ker\u00e4<\/p>\n<p>P\u00e4\u00e4v\u00e4ri 0059 Black (XXS)5 (XS)6 (S)6 (M)6 (L)7 (XL)9 (XXL)10 kpl<\/p>\n<p>A 9427 Rust (XXS)3 (XS)3 (S)3 (M)3 (L)3 (XL)4 (XXL)4 kpl<\/p>\n<p>B 1404 Glacier (XXS)1 (XS)1 (S)2 (M)2 (L)2 (XL)2 (XXL)2 kpl<\/p>\n<p>C 0051 White\u00a0 (XXS)1 (XS)1 (S)1 (M)1 (L)2 (XL)2 (XXL)2 kpl<\/p>\n<p><strong>Puikot<\/strong><\/p>\n<p>Virkkuukoukku (v\u00e4liaikaista aloitusta varten, koolla ei ole v\u00e4li\u00e4)<\/p>\n<p>Py\u00f6r\u00f6puikko 4,5 mm 80 cm<\/p>\n<p>Sukkapuikot 4,5 mm<\/p>\n<p>Mik\u00e4li et k\u00e4yt\u00e4 Magic loop &#8211; tekniikkaa, tarvitset my\u00f6s py\u00f6r\u00f6puikot 4,5 mm 40 cm.<\/p>\n<p><strong>Neuletiheys<\/strong><\/p>\n<p>10\u00d710 cm: 18 silmukkaa ja 24 rivi\u00e4 4,5 mm puikoilla sile\u00e4\u00e4 neuletta<\/p>\n<p><strong>Ty\u00f6ohje<\/strong><\/p>\n<p>Neulo alaosa ja hihat py\u00f6r\u00f6n\u00e4 alhaalta yl\u00f6s. V\u00e4liaikainen aloitus hihoissa ja helmassa. Yhdist\u00e4 kainalossa alaosa sek\u00e4 hihat samalle puikolle ja neulo kaarroke py\u00f6r\u00f6n\u00e4. Alaosassa kerros alkaa vasemmasta sivusta, mutta yhdist\u00e4misen j\u00e4lkeen kohdasta, jossa takakappale ja vasen hiha on yhdistetty.<\/p>\n<p><strong>Instagram<\/strong><\/p>\n<p>L\u00f6yd\u00e4t v\u00e4rivaihtoehtoja Instagramista #tinkaneule tagill\u00e4<\/p>\n<h2><strong>English<\/strong><\/h2>\n<p><strong>Size XXS, XS, S, M, L, XL, XXL<\/strong><\/p>\n<p>The sizes are indicative. Please check the measures for the appropriate sweater size.<\/p>\n<p>The measurements are the measurements of the finished sweater.<\/p>\n<p>Bust circumference (XXS)81 (XS)89 (S)96,5 (M)102 (L)107.5 (XL)115 (XXL)125.5 cm<\/p>\n<p>(XXS)31.8 (XS)35 (S)38 (M)40.1 (L)42.3 (XL)45.2 (XXL)49.4 inches<\/p>\n<p>Body width (XXS)40.5 (XS)44.5 (S)48 (M)51 (L)54 (XL)57.5 (XXL)62.5 cm<\/p>\n<p>(XXS)15.9 (XS)17.5 (S)18.9 (M)20 (L)21.2 (XL)22.6 (XXL)24.6 inches<\/p>\n<p>Body length (XXS)37 (XS)38 (S)39 (M)40 (L)42 (XL)43 (XXL)44 cm (or desired)<\/p>\n<p>(XXS)14.5 (XS)14.9 (S)15.3 (M)15.7 (L)16.5 (XL)16.9 (XXL)17.3 inches<\/p>\n<p>Sleeve length (XXS)47 (XS)48 (S)49 (M)50 (L)51 (XL)52 (XXL)53 cm<\/p>\n<p>(XXS)18.5 (XS)18.9 (S)19.3 (M)19.6 (L)20 (XL)20.4 (XXL)20.8 inches<\/p>\n<p><strong>Yarn <\/strong>Lettlopi 50 g ball<\/p>\n<p>MC 0059 Black (XXS)5 (XS)6 (S)6 (M)6 (L)7 (XL)9 (XXL)10 balls<\/p>\n<p>A 9427 Rust (XXS)3 (XS)3 (S)3 (M)3 (L)3 (XL)4 (XXL)4 balls<\/p>\n<p>B 1404 Glacier (XXS)1 (XS)1 (S)2 (M)2 (L)2 (XL)2 (XXL)2 balls<\/p>\n<p>C 0051 White\u00a0 (XXS)1 (XS)1 (S)1 (M)1 (L)2 (XL)2 (XXL)2 balls<\/p>\n<p><strong>Needles:<\/strong><\/p>\n<p>Crochet hook for the provisional chain (<em>the size of the crochet hook doesn\u2019t matter, the tension of your cast on is determined by your needle, not the hook)<\/em><\/p>\n<p>Circular needle 4.5 mm 80 cm US 7, 32\u201d<\/p>\n<p>Double pointed needles 4.5 mm US 7<\/p>\n<p>(If you don\u2019t use the magic loop- technique,<\/p>\n<p>you will need to use circular4.5 mm 40 cm US 7, 16\u201d)<\/p>\n<p><strong>Gauge<\/strong><\/p>\n<p>10\u00d710 cm: 18 stitches and 24 rows using needle size 4.5 mm, stockinette stitch<\/p>\n<p><strong>Instructions<\/strong><\/p>\n<p>Provisional cast on. Work body in the round on circular needle, bottom up. Work sleeves in the round on double pointed needles or circular needle using the Magic loop- technique. Slip sleeves on to same circular needle as body.<\/p>\n<p><strong>Instagram<\/strong><\/p>\n<p>You can find more color choices using #tinkaneule<\/p>\n","protected":false},"excerpt":{"rendered":"<p>\u00a0\u00a0 Neuleohje on ladattavissa heti maksusuorituksen j\u00e4lkeen tilauksen yhteydess\u00e4 ilmoittamastasi s\u00e4hk\u00f6postiosoitteesta. (Tarkastathan my\u00f6s roskapostikansion.) Ohjeen toimitus tapahtuu ainoastaan s\u00e4hk\u00f6isesti, eik\u00e4 sit\u00e4 l\u00e4hetet\u00e4 erikseen postitse. On suositeltavaa, ett\u00e4 ohje tallennetaan heti omalle laitteelle. Knit pattern can be downloaded immediately after payment from the e-mail you provided with your order. (Remember to check also the junk mail [&hellip;]<\/p>\n","protected":false},"featured_media":9594,"comment_status":"closed","ping_status":"closed","template":"","meta":{"_et_pb_use_builder":"","_et_pb_old_content":"","_et_gb_content_width":""},"product_brand":[],"product_cat":[22],"product_tag":[],"class_list":{"0":"post-9568","1":"product","2":"type-product","3":"status-publish","4":"has-post-thumbnail","6":"product_cat-neuleohjeet","7":"product_shipping_class-pdf","9":"first","10":"instock","11":"downloadable","12":"taxable","13":"shipping-taxable","14":"purchasable","15":"product-type-simple"},"yoast_head":"<!-- This site is optimized with the Yoast SEO plugin v27.4 - https:\/\/yoast.com\/product\/yoast-seo-wordpress\/ -->\n<title>Tinkaneule ohje \/ knit pattern (FI, EN\/US) - Villahullu<\/title>\n<meta name=\"robots\" content=\"index, follow, max-snippet:-1, max-image-preview:large, max-video-preview:-1\" \/>\n<link rel=\"canonical\" href=\"https:\/\/villahullu.fi\/en\/product\/tinkaneule-ohje-knit-pattern-fi-en-us\/\" \/>\n<meta property=\"og:locale\" content=\"en_US\" \/>\n<meta property=\"og:type\" content=\"article\" \/>\n<meta property=\"og:title\" content=\"Tinkaneule ohje \/ knit pattern (FI, EN\/US) - Villahullu\" \/>\n<meta property=\"og:description\" content=\"\u00a0\u00a0 Neuleohje on ladattavissa heti maksusuorituksen j\u00e4lkeen tilauksen yhteydess\u00e4 ilmoittamastasi s\u00e4hk\u00f6postiosoitteesta. (Tarkastathan my\u00f6s roskapostikansion.) Ohjeen toimitus tapahtuu ainoastaan s\u00e4hk\u00f6isesti, eik\u00e4 sit\u00e4 l\u00e4hetet\u00e4 erikseen postitse. On suositeltavaa, ett\u00e4 ohje tallennetaan heti omalle laitteelle. Knit pattern can be downloaded immediately after payment from the e-mail you provided with your order. (Remember to check also the junk mail [&hellip;]\" \/>\n<meta property=\"og:url\" content=\"https:\/\/villahullu.fi\/en\/product\/tinkaneule-ohje-knit-pattern-fi-en-us\/\" \/>\n<meta property=\"og:site_name\" content=\"Villahullu\" \/>\n<meta property=\"article:publisher\" content=\"https:\/\/www.facebook.com\/villahullu\/\" \/>\n<meta property=\"article:modified_time\" content=\"2024-09-01T06:23:19+00:00\" \/>\n<meta property=\"og:image\" content=\"https:\/\/villahullu.fi\/wp-content\/uploads\/2023\/01\/Tinkaneule.png\" \/>\n\t<meta property=\"og:image:width\" content=\"940\" \/>\n\t<meta property=\"og:image:height\" content=\"788\" \/>\n\t<meta property=\"og:image:type\" content=\"image\/png\" \/>\n<meta name=\"twitter:card\" content=\"summary_large_image\" \/>\n<meta name=\"twitter:label1\" content=\"Est. reading time\" \/>\n\t<meta name=\"twitter:data1\" content=\"5 minutes\" \/>\n<script type=\"application\/ld+json\" class=\"yoast-schema-graph\">{\"@context\":\"https:\\\/\\\/schema.org\",\"@graph\":[{\"@type\":\"WebPage\",\"@id\":\"https:\\\/\\\/villahullu.fi\\\/en\\\/product\\\/tinkaneule-ohje-knit-pattern-fi-en-us\\\/\",\"url\":\"https:\\\/\\\/villahullu.fi\\\/en\\\/product\\\/tinkaneule-ohje-knit-pattern-fi-en-us\\\/\",\"name\":\"Tinkaneule ohje \\\/ knit pattern (FI, EN\\\/US) - Villahullu\",\"isPartOf\":{\"@id\":\"https:\\\/\\\/villahullu.fi\\\/en\\\/#website\"},\"primaryImageOfPage\":{\"@id\":\"https:\\\/\\\/villahullu.fi\\\/en\\\/product\\\/tinkaneule-ohje-knit-pattern-fi-en-us\\\/#primaryimage\"},\"image\":{\"@id\":\"https:\\\/\\\/villahullu.fi\\\/en\\\/product\\\/tinkaneule-ohje-knit-pattern-fi-en-us\\\/#primaryimage\"},\"thumbnailUrl\":\"https:\\\/\\\/villahullu.fi\\\/wp-content\\\/uploads\\\/2023\\\/01\\\/Tinkaneule.png\",\"datePublished\":\"2023-01-04T12:19:06+00:00\",\"dateModified\":\"2024-09-01T06:23:19+00:00\",\"breadcrumb\":{\"@id\":\"https:\\\/\\\/villahullu.fi\\\/en\\\/product\\\/tinkaneule-ohje-knit-pattern-fi-en-us\\\/#breadcrumb\"},\"inLanguage\":\"en-US\",\"potentialAction\":[{\"@type\":\"ReadAction\",\"target\":[\"https:\\\/\\\/villahullu.fi\\\/en\\\/product\\\/tinkaneule-ohje-knit-pattern-fi-en-us\\\/\"]}]},{\"@type\":\"ImageObject\",\"inLanguage\":\"en-US\",\"@id\":\"https:\\\/\\\/villahullu.fi\\\/en\\\/product\\\/tinkaneule-ohje-knit-pattern-fi-en-us\\\/#primaryimage\",\"url\":\"https:\\\/\\\/villahullu.fi\\\/wp-content\\\/uploads\\\/2023\\\/01\\\/Tinkaneule.png\",\"contentUrl\":\"https:\\\/\\\/villahullu.fi\\\/wp-content\\\/uploads\\\/2023\\\/01\\\/Tinkaneule.png\",\"width\":940,\"height\":788},{\"@type\":\"BreadcrumbList\",\"@id\":\"https:\\\/\\\/villahullu.fi\\\/en\\\/product\\\/tinkaneule-ohje-knit-pattern-fi-en-us\\\/#breadcrumb\",\"itemListElement\":[{\"@type\":\"ListItem\",\"position\":1,\"name\":\"Etusivu\",\"item\":\"https:\\\/\\\/villahullu.fi\\\/en\\\/\"},{\"@type\":\"ListItem\",\"position\":2,\"name\":\"Shop\",\"item\":\"https:\\\/\\\/villahullu.fi\\\/en\\\/shop\\\/\"},{\"@type\":\"ListItem\",\"position\":3,\"name\":\"Tinkaneule ohje \\\/ knit pattern (FI, EN\\\/US)\"}]},{\"@type\":\"WebSite\",\"@id\":\"https:\\\/\\\/villahullu.fi\\\/en\\\/#website\",\"url\":\"https:\\\/\\\/villahullu.fi\\\/en\\\/\",\"name\":\"Villahullu\",\"description\":\"Villapaitoja ja neulontaohjeita\",\"publisher\":{\"@id\":\"https:\\\/\\\/villahullu.fi\\\/en\\\/#organization\"},\"potentialAction\":[{\"@type\":\"SearchAction\",\"target\":{\"@type\":\"EntryPoint\",\"urlTemplate\":\"https:\\\/\\\/villahullu.fi\\\/en\\\/?s={search_term_string}\"},\"query-input\":{\"@type\":\"PropertyValueSpecification\",\"valueRequired\":true,\"valueName\":\"search_term_string\"}}],\"inLanguage\":\"en-US\"},{\"@type\":\"Organization\",\"@id\":\"https:\\\/\\\/villahullu.fi\\\/en\\\/#organization\",\"name\":\"Villahullu\",\"url\":\"https:\\\/\\\/villahullu.fi\\\/en\\\/\",\"logo\":{\"@type\":\"ImageObject\",\"inLanguage\":\"en-US\",\"@id\":\"https:\\\/\\\/villahullu.fi\\\/en\\\/#\\\/schema\\\/logo\\\/image\\\/\",\"url\":\"https:\\\/\\\/villahullu.fi\\\/wp-content\\\/uploads\\\/2021\\\/06\\\/logo.png\",\"contentUrl\":\"https:\\\/\\\/villahullu.fi\\\/wp-content\\\/uploads\\\/2021\\\/06\\\/logo.png\",\"width\":374,\"height\":98,\"caption\":\"Villahullu\"},\"image\":{\"@id\":\"https:\\\/\\\/villahullu.fi\\\/en\\\/#\\\/schema\\\/logo\\\/image\\\/\"},\"sameAs\":[\"https:\\\/\\\/www.facebook.com\\\/villahullu\\\/\",\"https:\\\/\\\/www.instagram.com\\\/villahullu\\\/\"]}]}<\/script>\n<!-- \/ Yoast SEO plugin. -->","yoast_head_json":{"title":"Tinkaneule ohje \/ knit pattern (FI, EN\/US) - Villahullu","robots":{"index":"index","follow":"follow","max-snippet":"max-snippet:-1","max-image-preview":"max-image-preview:large","max-video-preview":"max-video-preview:-1"},"canonical":"https:\/\/villahullu.fi\/en\/product\/tinkaneule-ohje-knit-pattern-fi-en-us\/","og_locale":"en_US","og_type":"article","og_title":"Tinkaneule ohje \/ knit pattern (FI, EN\/US) - Villahullu","og_description":"\u00a0\u00a0 Neuleohje on ladattavissa heti maksusuorituksen j\u00e4lkeen tilauksen yhteydess\u00e4 ilmoittamastasi s\u00e4hk\u00f6postiosoitteesta. (Tarkastathan my\u00f6s roskapostikansion.) Ohjeen toimitus tapahtuu ainoastaan s\u00e4hk\u00f6isesti, eik\u00e4 sit\u00e4 l\u00e4hetet\u00e4 erikseen postitse. On suositeltavaa, ett\u00e4 ohje tallennetaan heti omalle laitteelle. Knit pattern can be downloaded immediately after payment from the e-mail you provided with your order. (Remember to check also the junk mail [&hellip;]","og_url":"https:\/\/villahullu.fi\/en\/product\/tinkaneule-ohje-knit-pattern-fi-en-us\/","og_site_name":"Villahullu","article_publisher":"https:\/\/www.facebook.com\/villahullu\/","article_modified_time":"2024-09-01T06:23:19+00:00","og_image":[{"width":940,"height":788,"url":"https:\/\/villahullu.fi\/wp-content\/uploads\/2023\/01\/Tinkaneule.png","type":"image\/png"}],"twitter_card":"summary_large_image","twitter_misc":{"Est. reading time":"5 minutes"},"schema":{"@context":"https:\/\/schema.org","@graph":[{"@type":"WebPage","@id":"https:\/\/villahullu.fi\/en\/product\/tinkaneule-ohje-knit-pattern-fi-en-us\/","url":"https:\/\/villahullu.fi\/en\/product\/tinkaneule-ohje-knit-pattern-fi-en-us\/","name":"Tinkaneule ohje \/ knit pattern (FI, EN\/US) - Villahullu","isPartOf":{"@id":"https:\/\/villahullu.fi\/en\/#website"},"primaryImageOfPage":{"@id":"https:\/\/villahullu.fi\/en\/product\/tinkaneule-ohje-knit-pattern-fi-en-us\/#primaryimage"},"image":{"@id":"https:\/\/villahullu.fi\/en\/product\/tinkaneule-ohje-knit-pattern-fi-en-us\/#primaryimage"},"thumbnailUrl":"https:\/\/villahullu.fi\/wp-content\/uploads\/2023\/01\/Tinkaneule.png","datePublished":"2023-01-04T12:19:06+00:00","dateModified":"2024-09-01T06:23:19+00:00","breadcrumb":{"@id":"https:\/\/villahullu.fi\/en\/product\/tinkaneule-ohje-knit-pattern-fi-en-us\/#breadcrumb"},"inLanguage":"en-US","potentialAction":[{"@type":"ReadAction","target":["https:\/\/villahullu.fi\/en\/product\/tinkaneule-ohje-knit-pattern-fi-en-us\/"]}]},{"@type":"ImageObject","inLanguage":"en-US","@id":"https:\/\/villahullu.fi\/en\/product\/tinkaneule-ohje-knit-pattern-fi-en-us\/#primaryimage","url":"https:\/\/villahullu.fi\/wp-content\/uploads\/2023\/01\/Tinkaneule.png","contentUrl":"https:\/\/villahullu.fi\/wp-content\/uploads\/2023\/01\/Tinkaneule.png","width":940,"height":788},{"@type":"BreadcrumbList","@id":"https:\/\/villahullu.fi\/en\/product\/tinkaneule-ohje-knit-pattern-fi-en-us\/#breadcrumb","itemListElement":[{"@type":"ListItem","position":1,"name":"Etusivu","item":"https:\/\/villahullu.fi\/en\/"},{"@type":"ListItem","position":2,"name":"Shop","item":"https:\/\/villahullu.fi\/en\/shop\/"},{"@type":"ListItem","position":3,"name":"Tinkaneule ohje \/ knit pattern (FI, EN\/US)"}]},{"@type":"WebSite","@id":"https:\/\/villahullu.fi\/en\/#website","url":"https:\/\/villahullu.fi\/en\/","name":"Villahullu","description":"Villapaitoja ja neulontaohjeita","publisher":{"@id":"https:\/\/villahullu.fi\/en\/#organization"},"potentialAction":[{"@type":"SearchAction","target":{"@type":"EntryPoint","urlTemplate":"https:\/\/villahullu.fi\/en\/?s={search_term_string}"},"query-input":{"@type":"PropertyValueSpecification","valueRequired":true,"valueName":"search_term_string"}}],"inLanguage":"en-US"},{"@type":"Organization","@id":"https:\/\/villahullu.fi\/en\/#organization","name":"Villahullu","url":"https:\/\/villahullu.fi\/en\/","logo":{"@type":"ImageObject","inLanguage":"en-US","@id":"https:\/\/villahullu.fi\/en\/#\/schema\/logo\/image\/","url":"https:\/\/villahullu.fi\/wp-content\/uploads\/2021\/06\/logo.png","contentUrl":"https:\/\/villahullu.fi\/wp-content\/uploads\/2021\/06\/logo.png","width":374,"height":98,"caption":"Villahullu"},"image":{"@id":"https:\/\/villahullu.fi\/en\/#\/schema\/logo\/image\/"},"sameAs":["https:\/\/www.facebook.com\/villahullu\/","https:\/\/www.instagram.com\/villahullu\/"]}]}},"jetpack_sharing_enabled":true,"_links":{"self":[{"href":"https:\/\/villahullu.fi\/en\/wp-json\/wp\/v2\/product\/9568","targetHints":{"allow":["GET"]}}],"collection":[{"href":"https:\/\/villahullu.fi\/en\/wp-json\/wp\/v2\/product"}],"about":[{"href":"https:\/\/villahullu.fi\/en\/wp-json\/wp\/v2\/types\/product"}],"replies":[{"embeddable":true,"href":"https:\/\/villahullu.fi\/en\/wp-json\/wp\/v2\/comments?post=9568"}],"wp:featuredmedia":[{"embeddable":true,"href":"https:\/\/villahullu.fi\/en\/wp-json\/wp\/v2\/media\/9594"}],"wp:attachment":[{"href":"https:\/\/villahullu.fi\/en\/wp-json\/wp\/v2\/media?parent=9568"}],"wp:term":[{"taxonomy":"product_brand","embeddable":true,"href":"https:\/\/villahullu.fi\/en\/wp-json\/wp\/v2\/product_brand?post=9568"},{"taxonomy":"product_cat","embeddable":true,"href":"https:\/\/villahullu.fi\/en\/wp-json\/wp\/v2\/product_cat?post=9568"},{"taxonomy":"product_tag","embeddable":true,"href":"https:\/\/villahullu.fi\/en\/wp-json\/wp\/v2\/product_tag?post=9568"}],"curies":[{"name":"wp","href":"https:\/\/api.w.org\/{rel}","templated":true}]}}