{"id":9512,"date":"2023-01-02T15:43:11","date_gmt":"2023-01-02T13:43:11","guid":{"rendered":"https:\/\/villahullu.fi\/?post_type=product&#038;p=9512"},"modified":"2024-09-01T09:23:20","modified_gmt":"2024-09-01T06:23:20","slug":"halopipo-ohje-knit-pattern-fi-en","status":"publish","type":"product","link":"https:\/\/villahullu.fi\/en\/product\/halopipo-ohje-knit-pattern-fi-en\/","title":{"rendered":"Halopipo ohje \/ knit pattern (FI, EN, NO)"},"content":{"rendered":"<p><img loading=\"lazy\" decoding=\"async\" class=\"alignnone size-medium wp-image-9517\" src=\"https:\/\/villahullu.fi\/wp-content\/uploads\/2023\/01\/IMG_20230102_141452_246_edit_217834067645405-225x300.jpg\" alt=\"\" width=\"225\" height=\"300\" \/><img loading=\"lazy\" decoding=\"async\" class=\"alignnone size-medium wp-image-9513\" src=\"https:\/\/villahullu.fi\/wp-content\/uploads\/2023\/01\/IMG_20230102_141328_568_edit_217861592786026-225x300.jpg\" alt=\"\" width=\"225\" height=\"300\" \/> <img loading=\"lazy\" decoding=\"async\" class=\"alignnone size-medium wp-image-9515\" src=\"https:\/\/villahullu.fi\/wp-content\/uploads\/2023\/01\/IMG_20230102_141410_737_edit_217847190068841-225x300.jpg\" alt=\"\" width=\"225\" height=\"300\" \/>\u00a0\u00a0 <img loading=\"lazy\" decoding=\"async\" class=\"alignnone size-medium wp-image-9521\" src=\"https:\/\/villahullu.fi\/wp-content\/uploads\/2023\/01\/IMG_20230102_141835_473_edit_217875160438107-225x300.jpg\" alt=\"\" width=\"225\" height=\"300\" \/><\/p>\n<p><strong><em>Neuleohje on ladattavissa heti maksusuorituksen j\u00e4lkeen tilauksen yhteydess\u00e4 ilmoittamastasi s\u00e4hk\u00f6postiosoitteesta. (Tarkastathan my\u00f6s roskapostikansion.) Ohjeen toimitus tapahtuu ainoastaan s\u00e4hk\u00f6isesti, eik\u00e4 sit\u00e4 l\u00e4hetet\u00e4 erikseen postitse. On suositeltavaa, ett\u00e4 ohje tallennetaan heti omalle laitteelle.<br \/>\n<\/em><\/strong><\/p>\n<p><strong><em>Knit pattern can be downloaded immediately after payment from the e-mail you provided with your order. (Remember to check also the junk mail folder.) The patter<\/em><\/strong><strong><em>n is delivered only electronically and is not send separately by post. It is recommended that you save the pattern to your device immediately. You can find all the languages mentioned in the tittle in the same pdf file.<br \/>\n<\/em><\/strong><\/p>\n<p><strong>Koot<\/strong> <strong>(S) (M) (L)<\/strong><\/p>\n<p>P\u00e4\u00e4n ymp\u00e4rysmitta (S)56 (M)58 (L)60 cm<\/p>\n<p><strong>Langan menekki<\/strong> Alafosslopi<\/p>\n<p>P\u00e4\u00e4v\u00e4ri 0051 White (S)50 (M)55 (L)60 g<\/p>\n<p>V\u00e4ri A 9964 Golden heather (S)15 (M)17 (L)19 g<\/p>\n<p><strong>Neuletiheys <\/strong><\/p>\n<p>10 cm = 14 s sile\u00e4\u00e4 neuletta puikoilla 4,5 mm.<\/p>\n<p><strong>Puikot<\/strong><\/p>\n<p>Sukkapuikot 4,5 mm tai k\u00e4sialan mukaan.<\/p>\n<p><strong>Tarvitset lis\u00e4ksi<\/strong><\/p>\n<p>-tekoturkistupsu<\/p>\n<p>-neulan ja lankaa tupsun kiinnitt\u00e4miseen<\/p>\n<p><strong>Ty\u00f6ohje<\/strong><\/p>\n<p>Pipo neulotaan alhaalta yl\u00f6s.<\/p>\n<p>Katso lis\u00e4\u00e4 kuvia Instagramissa #halopipo &#8211; tagin takaa.<\/p>\n<h2><strong>English<\/strong><\/h2>\n<p><strong>Size<\/strong> <strong>(S) (M) (L)<\/strong><\/p>\n<p>Head circumference (S)56 (M)58 (L)60 cm<\/p>\n<p><strong>Yarn<\/strong> Alafosslopi<\/p>\n<p>Main color (MC) 0051 White (S)50 (M)55 (L)60 g<\/p>\n<p>Color A 9964 Golden heather (S)15 (M)17 (L)19 g<\/p>\n<p><strong>Gauge<\/strong><\/p>\n<p>10 cm = 14 sts width in stockinette stich<\/p>\n<p><strong>Needles<\/strong><\/p>\n<p>Double pointed needles 4.5 mm<\/p>\n<p><strong>You will need<\/strong><\/p>\n<p>&#8211; faux fur bobble<\/p>\n<p>&#8211; needle and thread to attach the bobble<\/p>\n<p><strong>Instruction<\/strong><\/p>\n<p>Worked in the round on double pointed needles, bottom up.<\/p>\n<h2><strong>Norsk<\/strong><\/h2>\n<p>Hodeomkrets (S)56 (M)58 (L)60 cm<\/p>\n<p><strong>Garn:<\/strong>\u00a0 Alafosslopi<\/p>\n<p>Hovedfarge (HF) 0051 White (S)50 (M)55 (L)60 g<\/p>\n<p>Farge A 9964 Golden Heather\u00a0\u00a0 (S)15 (M)17 (L)19 g<\/p>\n<p><strong>Strikkefasthet<\/strong><\/p>\n<p>10 cm = 14 masker rettstrikk<\/p>\n<p><strong>Pinner<\/strong><\/p>\n<p>Str\u00f8mpepinner 4.5 mm<\/p>\n<p><strong>Dusk<\/strong><\/p>\n<p>&#8211; Pom pom\/dusk<\/p>\n<p>&#8211; n\u00e5l og tr\u00e5d til \u00e5 feste pom pom\/dusk<\/p>\n<p><strong>Fremgangsm\u00e5te<\/strong><\/p>\n<p>Luen strikkes rundt p\u00e5 str\u00f8mpepinner nedenfra og opp.<\/p>\n","protected":false},"excerpt":{"rendered":"<p>\u00a0\u00a0 Neuleohje on ladattavissa heti maksusuorituksen j\u00e4lkeen tilauksen yhteydess\u00e4 ilmoittamastasi s\u00e4hk\u00f6postiosoitteesta. (Tarkastathan my\u00f6s roskapostikansion.) Ohjeen toimitus tapahtuu ainoastaan s\u00e4hk\u00f6isesti, eik\u00e4 sit\u00e4 l\u00e4hetet\u00e4 erikseen postitse. On suositeltavaa, ett\u00e4 ohje tallennetaan heti omalle laitteelle. Knit pattern can be downloaded immediately after payment from the e-mail you provided with your order. (Remember to check also the junk mail [&hellip;]<\/p>\n","protected":false},"featured_media":9523,"comment_status":"closed","ping_status":"closed","template":"","meta":{"_et_pb_use_builder":"","_et_pb_old_content":"","_et_gb_content_width":""},"product_brand":[],"product_cat":[22],"product_tag":[23],"class_list":{"0":"post-9512","1":"product","2":"type-product","3":"status-publish","4":"has-post-thumbnail","6":"product_cat-neuleohjeet","7":"product_tag-kelopipo","8":"product_shipping_class-pdf","10":"first","11":"instock","12":"downloadable","13":"taxable","14":"shipping-taxable","15":"purchasable","16":"product-type-simple"},"yoast_head":"<!-- This site is optimized with the Yoast SEO plugin v27.4 - https:\/\/yoast.com\/product\/yoast-seo-wordpress\/ -->\n<title>Halopipo ohje \/ knit pattern (FI, EN, NO) - Villahullu<\/title>\n<meta name=\"robots\" content=\"index, follow, max-snippet:-1, max-image-preview:large, max-video-preview:-1\" \/>\n<link rel=\"canonical\" href=\"https:\/\/villahullu.fi\/en\/product\/halopipo-ohje-knit-pattern-fi-en\/\" \/>\n<meta property=\"og:locale\" content=\"en_US\" \/>\n<meta property=\"og:type\" content=\"article\" \/>\n<meta property=\"og:title\" content=\"Halopipo ohje \/ knit pattern (FI, EN, NO) - Villahullu\" \/>\n<meta property=\"og:description\" content=\"\u00a0\u00a0 Neuleohje on ladattavissa heti maksusuorituksen j\u00e4lkeen tilauksen yhteydess\u00e4 ilmoittamastasi s\u00e4hk\u00f6postiosoitteesta. (Tarkastathan my\u00f6s roskapostikansion.) Ohjeen toimitus tapahtuu ainoastaan s\u00e4hk\u00f6isesti, eik\u00e4 sit\u00e4 l\u00e4hetet\u00e4 erikseen postitse. On suositeltavaa, ett\u00e4 ohje tallennetaan heti omalle laitteelle. Knit pattern can be downloaded immediately after payment from the e-mail you provided with your order. (Remember to check also the junk mail [&hellip;]\" \/>\n<meta property=\"og:url\" content=\"https:\/\/villahullu.fi\/en\/product\/halopipo-ohje-knit-pattern-fi-en\/\" \/>\n<meta property=\"og:site_name\" content=\"Villahullu\" \/>\n<meta property=\"article:publisher\" content=\"https:\/\/www.facebook.com\/villahullu\/\" \/>\n<meta property=\"article:modified_time\" content=\"2024-09-01T06:23:20+00:00\" \/>\n<meta property=\"og:image\" content=\"https:\/\/villahullu.fi\/wp-content\/uploads\/2023\/01\/Halopipo.png\" \/>\n\t<meta property=\"og:image:width\" content=\"940\" \/>\n\t<meta property=\"og:image:height\" content=\"788\" \/>\n\t<meta property=\"og:image:type\" content=\"image\/png\" \/>\n<meta name=\"twitter:card\" content=\"summary_large_image\" \/>\n<meta name=\"twitter:label1\" content=\"Est. reading time\" \/>\n\t<meta name=\"twitter:data1\" content=\"3 minutes\" \/>\n<script type=\"application\/ld+json\" class=\"yoast-schema-graph\">{\"@context\":\"https:\\\/\\\/schema.org\",\"@graph\":[{\"@type\":\"WebPage\",\"@id\":\"https:\\\/\\\/villahullu.fi\\\/en\\\/product\\\/halopipo-ohje-knit-pattern-fi-en\\\/\",\"url\":\"https:\\\/\\\/villahullu.fi\\\/en\\\/product\\\/halopipo-ohje-knit-pattern-fi-en\\\/\",\"name\":\"Halopipo ohje \\\/ knit pattern (FI, EN, NO) - Villahullu\",\"isPartOf\":{\"@id\":\"https:\\\/\\\/villahullu.fi\\\/en\\\/#website\"},\"primaryImageOfPage\":{\"@id\":\"https:\\\/\\\/villahullu.fi\\\/en\\\/product\\\/halopipo-ohje-knit-pattern-fi-en\\\/#primaryimage\"},\"image\":{\"@id\":\"https:\\\/\\\/villahullu.fi\\\/en\\\/product\\\/halopipo-ohje-knit-pattern-fi-en\\\/#primaryimage\"},\"thumbnailUrl\":\"https:\\\/\\\/villahullu.fi\\\/wp-content\\\/uploads\\\/2023\\\/01\\\/Halopipo.png\",\"datePublished\":\"2023-01-02T13:43:11+00:00\",\"dateModified\":\"2024-09-01T06:23:20+00:00\",\"breadcrumb\":{\"@id\":\"https:\\\/\\\/villahullu.fi\\\/en\\\/product\\\/halopipo-ohje-knit-pattern-fi-en\\\/#breadcrumb\"},\"inLanguage\":\"en-US\",\"potentialAction\":[{\"@type\":\"ReadAction\",\"target\":[\"https:\\\/\\\/villahullu.fi\\\/en\\\/product\\\/halopipo-ohje-knit-pattern-fi-en\\\/\"]}]},{\"@type\":\"ImageObject\",\"inLanguage\":\"en-US\",\"@id\":\"https:\\\/\\\/villahullu.fi\\\/en\\\/product\\\/halopipo-ohje-knit-pattern-fi-en\\\/#primaryimage\",\"url\":\"https:\\\/\\\/villahullu.fi\\\/wp-content\\\/uploads\\\/2023\\\/01\\\/Halopipo.png\",\"contentUrl\":\"https:\\\/\\\/villahullu.fi\\\/wp-content\\\/uploads\\\/2023\\\/01\\\/Halopipo.png\",\"width\":940,\"height\":788},{\"@type\":\"BreadcrumbList\",\"@id\":\"https:\\\/\\\/villahullu.fi\\\/en\\\/product\\\/halopipo-ohje-knit-pattern-fi-en\\\/#breadcrumb\",\"itemListElement\":[{\"@type\":\"ListItem\",\"position\":1,\"name\":\"Etusivu\",\"item\":\"https:\\\/\\\/villahullu.fi\\\/en\\\/\"},{\"@type\":\"ListItem\",\"position\":2,\"name\":\"Shop\",\"item\":\"https:\\\/\\\/villahullu.fi\\\/en\\\/shop\\\/\"},{\"@type\":\"ListItem\",\"position\":3,\"name\":\"Halopipo ohje \\\/ knit pattern (FI, EN, NO)\"}]},{\"@type\":\"WebSite\",\"@id\":\"https:\\\/\\\/villahullu.fi\\\/en\\\/#website\",\"url\":\"https:\\\/\\\/villahullu.fi\\\/en\\\/\",\"name\":\"Villahullu\",\"description\":\"Villapaitoja ja neulontaohjeita\",\"publisher\":{\"@id\":\"https:\\\/\\\/villahullu.fi\\\/en\\\/#organization\"},\"potentialAction\":[{\"@type\":\"SearchAction\",\"target\":{\"@type\":\"EntryPoint\",\"urlTemplate\":\"https:\\\/\\\/villahullu.fi\\\/en\\\/?s={search_term_string}\"},\"query-input\":{\"@type\":\"PropertyValueSpecification\",\"valueRequired\":true,\"valueName\":\"search_term_string\"}}],\"inLanguage\":\"en-US\"},{\"@type\":\"Organization\",\"@id\":\"https:\\\/\\\/villahullu.fi\\\/en\\\/#organization\",\"name\":\"Villahullu\",\"url\":\"https:\\\/\\\/villahullu.fi\\\/en\\\/\",\"logo\":{\"@type\":\"ImageObject\",\"inLanguage\":\"en-US\",\"@id\":\"https:\\\/\\\/villahullu.fi\\\/en\\\/#\\\/schema\\\/logo\\\/image\\\/\",\"url\":\"https:\\\/\\\/villahullu.fi\\\/wp-content\\\/uploads\\\/2021\\\/06\\\/logo.png\",\"contentUrl\":\"https:\\\/\\\/villahullu.fi\\\/wp-content\\\/uploads\\\/2021\\\/06\\\/logo.png\",\"width\":374,\"height\":98,\"caption\":\"Villahullu\"},\"image\":{\"@id\":\"https:\\\/\\\/villahullu.fi\\\/en\\\/#\\\/schema\\\/logo\\\/image\\\/\"},\"sameAs\":[\"https:\\\/\\\/www.facebook.com\\\/villahullu\\\/\",\"https:\\\/\\\/www.instagram.com\\\/villahullu\\\/\"]}]}<\/script>\n<!-- \/ Yoast SEO plugin. -->","yoast_head_json":{"title":"Halopipo ohje \/ knit pattern (FI, EN, NO) - Villahullu","robots":{"index":"index","follow":"follow","max-snippet":"max-snippet:-1","max-image-preview":"max-image-preview:large","max-video-preview":"max-video-preview:-1"},"canonical":"https:\/\/villahullu.fi\/en\/product\/halopipo-ohje-knit-pattern-fi-en\/","og_locale":"en_US","og_type":"article","og_title":"Halopipo ohje \/ knit pattern (FI, EN, NO) - Villahullu","og_description":"\u00a0\u00a0 Neuleohje on ladattavissa heti maksusuorituksen j\u00e4lkeen tilauksen yhteydess\u00e4 ilmoittamastasi s\u00e4hk\u00f6postiosoitteesta. (Tarkastathan my\u00f6s roskapostikansion.) Ohjeen toimitus tapahtuu ainoastaan s\u00e4hk\u00f6isesti, eik\u00e4 sit\u00e4 l\u00e4hetet\u00e4 erikseen postitse. On suositeltavaa, ett\u00e4 ohje tallennetaan heti omalle laitteelle. Knit pattern can be downloaded immediately after payment from the e-mail you provided with your order. (Remember to check also the junk mail [&hellip;]","og_url":"https:\/\/villahullu.fi\/en\/product\/halopipo-ohje-knit-pattern-fi-en\/","og_site_name":"Villahullu","article_publisher":"https:\/\/www.facebook.com\/villahullu\/","article_modified_time":"2024-09-01T06:23:20+00:00","og_image":[{"width":940,"height":788,"url":"https:\/\/villahullu.fi\/wp-content\/uploads\/2023\/01\/Halopipo.png","type":"image\/png"}],"twitter_card":"summary_large_image","twitter_misc":{"Est. reading time":"3 minutes"},"schema":{"@context":"https:\/\/schema.org","@graph":[{"@type":"WebPage","@id":"https:\/\/villahullu.fi\/en\/product\/halopipo-ohje-knit-pattern-fi-en\/","url":"https:\/\/villahullu.fi\/en\/product\/halopipo-ohje-knit-pattern-fi-en\/","name":"Halopipo ohje \/ knit pattern (FI, EN, NO) - Villahullu","isPartOf":{"@id":"https:\/\/villahullu.fi\/en\/#website"},"primaryImageOfPage":{"@id":"https:\/\/villahullu.fi\/en\/product\/halopipo-ohje-knit-pattern-fi-en\/#primaryimage"},"image":{"@id":"https:\/\/villahullu.fi\/en\/product\/halopipo-ohje-knit-pattern-fi-en\/#primaryimage"},"thumbnailUrl":"https:\/\/villahullu.fi\/wp-content\/uploads\/2023\/01\/Halopipo.png","datePublished":"2023-01-02T13:43:11+00:00","dateModified":"2024-09-01T06:23:20+00:00","breadcrumb":{"@id":"https:\/\/villahullu.fi\/en\/product\/halopipo-ohje-knit-pattern-fi-en\/#breadcrumb"},"inLanguage":"en-US","potentialAction":[{"@type":"ReadAction","target":["https:\/\/villahullu.fi\/en\/product\/halopipo-ohje-knit-pattern-fi-en\/"]}]},{"@type":"ImageObject","inLanguage":"en-US","@id":"https:\/\/villahullu.fi\/en\/product\/halopipo-ohje-knit-pattern-fi-en\/#primaryimage","url":"https:\/\/villahullu.fi\/wp-content\/uploads\/2023\/01\/Halopipo.png","contentUrl":"https:\/\/villahullu.fi\/wp-content\/uploads\/2023\/01\/Halopipo.png","width":940,"height":788},{"@type":"BreadcrumbList","@id":"https:\/\/villahullu.fi\/en\/product\/halopipo-ohje-knit-pattern-fi-en\/#breadcrumb","itemListElement":[{"@type":"ListItem","position":1,"name":"Etusivu","item":"https:\/\/villahullu.fi\/en\/"},{"@type":"ListItem","position":2,"name":"Shop","item":"https:\/\/villahullu.fi\/en\/shop\/"},{"@type":"ListItem","position":3,"name":"Halopipo ohje \/ knit pattern (FI, EN, NO)"}]},{"@type":"WebSite","@id":"https:\/\/villahullu.fi\/en\/#website","url":"https:\/\/villahullu.fi\/en\/","name":"Villahullu","description":"Villapaitoja ja neulontaohjeita","publisher":{"@id":"https:\/\/villahullu.fi\/en\/#organization"},"potentialAction":[{"@type":"SearchAction","target":{"@type":"EntryPoint","urlTemplate":"https:\/\/villahullu.fi\/en\/?s={search_term_string}"},"query-input":{"@type":"PropertyValueSpecification","valueRequired":true,"valueName":"search_term_string"}}],"inLanguage":"en-US"},{"@type":"Organization","@id":"https:\/\/villahullu.fi\/en\/#organization","name":"Villahullu","url":"https:\/\/villahullu.fi\/en\/","logo":{"@type":"ImageObject","inLanguage":"en-US","@id":"https:\/\/villahullu.fi\/en\/#\/schema\/logo\/image\/","url":"https:\/\/villahullu.fi\/wp-content\/uploads\/2021\/06\/logo.png","contentUrl":"https:\/\/villahullu.fi\/wp-content\/uploads\/2021\/06\/logo.png","width":374,"height":98,"caption":"Villahullu"},"image":{"@id":"https:\/\/villahullu.fi\/en\/#\/schema\/logo\/image\/"},"sameAs":["https:\/\/www.facebook.com\/villahullu\/","https:\/\/www.instagram.com\/villahullu\/"]}]}},"jetpack_sharing_enabled":true,"_links":{"self":[{"href":"https:\/\/villahullu.fi\/en\/wp-json\/wp\/v2\/product\/9512","targetHints":{"allow":["GET"]}}],"collection":[{"href":"https:\/\/villahullu.fi\/en\/wp-json\/wp\/v2\/product"}],"about":[{"href":"https:\/\/villahullu.fi\/en\/wp-json\/wp\/v2\/types\/product"}],"replies":[{"embeddable":true,"href":"https:\/\/villahullu.fi\/en\/wp-json\/wp\/v2\/comments?post=9512"}],"wp:featuredmedia":[{"embeddable":true,"href":"https:\/\/villahullu.fi\/en\/wp-json\/wp\/v2\/media\/9523"}],"wp:attachment":[{"href":"https:\/\/villahullu.fi\/en\/wp-json\/wp\/v2\/media?parent=9512"}],"wp:term":[{"taxonomy":"product_brand","embeddable":true,"href":"https:\/\/villahullu.fi\/en\/wp-json\/wp\/v2\/product_brand?post=9512"},{"taxonomy":"product_cat","embeddable":true,"href":"https:\/\/villahullu.fi\/en\/wp-json\/wp\/v2\/product_cat?post=9512"},{"taxonomy":"product_tag","embeddable":true,"href":"https:\/\/villahullu.fi\/en\/wp-json\/wp\/v2\/product_tag?post=9512"}],"curies":[{"name":"wp","href":"https:\/\/api.w.org\/{rel}","templated":true}]}}