{"id":7725,"date":"2022-10-20T06:00:02","date_gmt":"2022-10-20T03:00:02","guid":{"rendered":"https:\/\/villahullu.fi\/?post_type=product&#038;p=7725"},"modified":"2024-09-01T09:23:27","modified_gmt":"2024-09-01T06:23:27","slug":"huppuneule-ohje-knit-pattern-fi-en-us-no-de","status":"publish","type":"product","link":"https:\/\/villahullu.fi\/en\/product\/huppuneule-ohje-knit-pattern-fi-en-us-no-de\/","title":{"rendered":"Huppuneule ohje \/ knit pattern (FI, EN\/US, NO, DE, SE)"},"content":{"rendered":"<p><img loading=\"lazy\" decoding=\"async\" class=\"size-medium wp-image-7746\" src=\"https:\/\/villahullu.fi\/wp-content\/uploads\/2022\/10\/IMG_20220927_131255-225x300.jpg\" alt=\"\" width=\"225\" height=\"300\" \/><img loading=\"lazy\" decoding=\"async\" class=\"size-medium wp-image-7748\" src=\"https:\/\/villahullu.fi\/wp-content\/uploads\/2022\/10\/IMG_20220927_131304-225x300.jpg\" alt=\"\" width=\"225\" height=\"300\" \/><img loading=\"lazy\" decoding=\"async\" class=\"size-medium wp-image-7750\" src=\"https:\/\/villahullu.fi\/wp-content\/uploads\/2022\/10\/IMG_20220927_131416_1-225x300.jpg\" alt=\"\" width=\"225\" height=\"300\" \/><img loading=\"lazy\" decoding=\"async\" class=\"alignnone size-medium wp-image-7781\" src=\"https:\/\/villahullu.fi\/wp-content\/uploads\/2022\/10\/20221019_203220-225x300.jpg\" alt=\"\" width=\"225\" height=\"300\" \/><img loading=\"lazy\" decoding=\"async\" class=\"alignnone size-medium wp-image-7779\" src=\"https:\/\/villahullu.fi\/wp-content\/uploads\/2022\/10\/20221019_203120-225x300.jpg\" alt=\"\" width=\"225\" height=\"300\" \/><img loading=\"lazy\" decoding=\"async\" class=\"alignnone size-medium wp-image-7730\" src=\"https:\/\/villahullu.fi\/wp-content\/uploads\/2022\/10\/20221011_101420-191x300.jpg\" alt=\"\" width=\"191\" height=\"300\" \/><\/p>\n<p><img loading=\"lazy\" decoding=\"async\" class=\"alignnone size-medium wp-image-7732\" src=\"https:\/\/villahullu.fi\/wp-content\/uploads\/2022\/10\/20221018_122505-259x300.jpg\" alt=\"\" width=\"259\" height=\"300\" \/><img loading=\"lazy\" decoding=\"async\" class=\"alignnone size-medium wp-image-7734\" src=\"https:\/\/villahullu.fi\/wp-content\/uploads\/2022\/10\/20221019_124557-225x300.jpg\" alt=\"\" width=\"225\" height=\"300\" \/><img loading=\"lazy\" decoding=\"async\" class=\"alignnone size-medium wp-image-7726\" src=\"https:\/\/villahullu.fi\/wp-content\/uploads\/2022\/10\/20221008_164514-225x300.jpg\" alt=\"\" width=\"225\" height=\"300\" \/><img loading=\"lazy\" decoding=\"async\" class=\"alignnone size-medium wp-image-7736\" src=\"https:\/\/villahullu.fi\/wp-content\/uploads\/2022\/10\/DSC_0681-200x300.jpg\" alt=\"\" width=\"200\" height=\"300\" \/><img loading=\"lazy\" decoding=\"async\" class=\"alignnone size-medium wp-image-7738\" src=\"https:\/\/villahullu.fi\/wp-content\/uploads\/2022\/10\/image0-1-243x300.jpeg\" alt=\"\" width=\"243\" height=\"300\" \/><img loading=\"lazy\" decoding=\"async\" class=\"alignnone size-medium wp-image-7740\" src=\"https:\/\/villahullu.fi\/wp-content\/uploads\/2022\/10\/image0-225x300.jpeg\" alt=\"\" width=\"225\" height=\"300\" \/><img loading=\"lazy\" decoding=\"async\" class=\"alignnone size-medium wp-image-7742\" src=\"https:\/\/villahullu.fi\/wp-content\/uploads\/2022\/10\/image3-225x300.jpeg\" alt=\"\" width=\"225\" height=\"300\" \/><img loading=\"lazy\" decoding=\"async\" class=\"alignnone size-medium wp-image-7752\" src=\"https:\/\/villahullu.fi\/wp-content\/uploads\/2022\/10\/IMG_20221018_173914-225x300.jpg\" alt=\"\" width=\"225\" height=\"300\" \/><\/p>\n<p><strong><em>Neuleohje on ladattavissa heti maksusuorituksen j\u00e4lkeen tilauksen yhteydess\u00e4 ilmoittamastasi s\u00e4hk\u00f6postiosoitteesta. (Tarkastathan my\u00f6s roskapostikansion.) Ohjeen toimitus tapahtuu ainoastaan s\u00e4hk\u00f6isesti, eik\u00e4 sit\u00e4 l\u00e4hetet\u00e4 erikseen postitse. On suositeltavaa, ett\u00e4 ohje tallennetaan heti omalle laitteelle.<br \/>\n<\/em><\/strong><\/p>\n<p><strong><em>Knit pattern can be downloaded immediately after payment from the e-mail you provided with your order. (Remember to check also the junk mail folder.) The patter<\/em><\/strong><strong><em>n is delivered only electronically and is not send separately by post. It is recommended that you save the pattern to your device immediately. You can find all the languages mentioned in the tittle in the same pdf file.<br \/>\n<\/em><\/strong><\/p>\n<p><strong>Koot<\/strong> <strong>XS, S, M, L, XL, XXL, XXXL<\/strong><\/p>\n<p>Koot ovat viitteellisi\u00e4. Tarkistatahan sopivan koon paidan mitoista. Mitat ovat valmiin paidan mittoja.<\/p>\n<p><strong>Rinnanymp\u00e4rys<\/strong><\/p>\n<p>(XS)92 (S)100 (M)107 (L)114 (XL)124 (XXL)132 (XXXL)140 cm<\/p>\n<p><strong>Alaosan leveys \u00a0<\/strong><\/p>\n<p>(XS)46 (S)50 (M)53 (L)57 (XL)62 (XXL)66 (XXXL)70 cm<\/p>\n<p><strong>Pituus helmasta kainaloon<\/strong><\/p>\n<p>(XS)38 (S)39 (M)41 (L)42 (XL)43 (XXL)44 (XXXL)45 cm (tai haluttu pituus)<\/p>\n<p><strong>Hihan pituus<\/strong><\/p>\n<p>(XS)48 (S)49 (M)50 (L)51 (XL)52 (XXL)53 (XXXL)54 cm (tai haluttu pituus)<\/p>\n<p><strong>Langan menekki <\/strong>Alafosslopi 100 g ker\u00e4<\/p>\n<p>P\u00e4\u00e4v\u00e4ri 0054 Light grey (XS)6 (S)6 (M)6 (L)7 (XL)7 (XXL)8 (XXXL)8<\/p>\n<p>A 0159 Orchid (XS)2 (S)2 (M)2 (L)2 (XL)2 (XXL)2 (XXXL)2<\/p>\n<p>B 9971 Amber heather (XS)1 (S)2 (M)2 (L)2 (XL)2 (XXL)2 (XXXL)2<\/p>\n<p><strong>Puikot<\/strong><\/p>\n<p>Py\u00f6r\u00f6puikko 6 mm 80 cm<\/p>\n<p>Py\u00f6r\u00f6puikko 4,5 mm 80 cm<\/p>\n<p>Sukkapuikot 4,5 mm ja 6 mm<\/p>\n<p>(Mik\u00e4li et k\u00e4yt\u00e4 Magic loop- tekniikkaa,<\/p>\n<p>tarvitset my\u00f6s py\u00f6r\u00f6puikot 4,5 mm ja 6 mm 40 cm)<\/p>\n<p><strong>Neuletiheys<\/strong><\/p>\n<p>10 x 10 cm = 13 s ja 18krs sile\u00e4\u00e4 neuletta puikoilla 6 mm<\/p>\n<p><strong>Ty\u00f6ohje<\/strong><\/p>\n<p>Neulo alaosa ja hiha py\u00f6r\u00f6n\u00e4. Yhdist\u00e4 kainalossa alaosa sek\u00e4 hihat samalle puikolle<\/p>\n<p>ja neulo kaarroke py\u00f6r\u00f6n\u00e4. Alaosassa kerros alkaa vasemmasta sivusta, mutta yhdist\u00e4misen<\/p>\n<p>j\u00e4lkeen kohdasta, jossa takakappale ja vasen hiha on yhdistetty. Huppu neulotaan tasona ja silmukoidaan p\u00e4\u00e4laelta kiinni.<\/p>\n<p><strong>Instagram<\/strong><\/p>\n<p>L\u00f6yd\u00e4t v\u00e4rivaihtoehtoja Instagramista #huppuneule tagill\u00e4<\/p>\n<h2><strong>English<\/strong><\/h2>\n<p><strong>Size<\/strong> <strong>XS, S, M, L, XL, XXL, XXXL<\/strong><\/p>\n<p>The sizes are indicative. Please check the measures for the appropriate shirt size. The measurements are the measurements of the finished shirt.<\/p>\n<p><strong>Bust circumference <\/strong><\/p>\n<p>(XS)92 (S)100 (M)107 (L)114 (XL)124 (XXL)132 (XXXL)140 cm<\/p>\n<p>(XS)36.2 (S)39.3 (M)42.1 (L)44.9 (XL)48.8 (XXL)51.9 (XXXL)55.1 inches<\/p>\n<p><strong>Body width <\/strong><\/p>\n<p>(XS)46 (S)50 (M)53 (L)57 (XL)62 (XXL)66 (XXXL)70 cm<\/p>\n<p>(XS)18.1 (S)19.7 (M)20.8 (L)22.4 (XL)24.8 (XXL)26 (XXXL)27.5 inches<\/p>\n<p><strong>Body length <\/strong><\/p>\n<p>(XS)38 (S)39 (M)41 (L)42 (XL)43 (XXL)44 (XXXL)45 cm (or desired)<\/p>\n<p>(XS)15 (S)15.3 (M)16.1 (L)16.5 (XL)16.9 (XXL)17.3 (XXXL)17.7 inches<\/p>\n<p><strong>Sleeve lenght \u00a0\u00a0\u00a0\u00a0\u00a0\u00a0\u00a0\u00a0\u00a0\u00a0\u00a0\u00a0\u00a0\u00a0\u00a0\u00a0\u00a0\u00a0\u00a0\u00a0\u00a0\u00a0\u00a0\u00a0\u00a0\u00a0\u00a0\u00a0\u00a0\u00a0\u00a0\u00a0\u00a0\u00a0\u00a0\u00a0\u00a0\u00a0\u00a0\u00a0\u00a0 <\/strong><\/p>\n<p>(XS)48 (S)49 (M)50 (L)51 (XL)52 (XXL)53 (XXXL)54 cm (or desired)<\/p>\n<p>(XS)18.9 (S)19.2 (M)19.7 (L)20 (XL)20.5 (XXL)20.8 (XXXL)21.2 inches<\/p>\n<p><strong>Yarn <\/strong>Alafosslopi 100 g ball<\/p>\n<p>MC 0054 Light grey (XS)6 (S)6 (M)6 (L)7 (XL)7 (XXL)8 (XXXL)8<\/p>\n<p>A 0159 Orchid (XS)2 (S)2 (M)2 (L)2 (XL)2 (XXL)2 (XXXL)2<\/p>\n<p>B 9971 Amber heather (XS)1 (S)2 (M)2 (L)2 (XL)2 (XXL)2 (XXXL)2<\/p>\n<p><strong>Needles:<\/strong><\/p>\n<p>Circular needle 4.5 mm 80 cm US 7, 32\u201d<\/p>\n<p>Circular needle 6 mm 80 cm US 10, 32\u201d<\/p>\n<p>Double pointed needles 4.5 mm and 6 mm US 7 and 10<\/p>\n<p>(If you don\u2019t use the magic loop- technique, you will need to use circular needle 4.5 mm and 6 mm 40 cm US 7 and 10, 16\u201d)<\/p>\n<p><strong>Gauge <\/strong>10 cm = 13 sts and 18 rows on needle size 6 mm<\/p>\n<p><strong>Instructions<\/strong><\/p>\n<p>Work body in the round on circular needle, bottom up. Work sleeves in the round on double pointed needles or circular needle using the Magic loop- technique. Slip sleeves on to same circular needle as body. Knit hoodie back and forth and stitch or sew the hood seam.<\/p>\n<p><strong>Instagram<\/strong><\/p>\n<p>You can find more color choices using #huppuneule<\/p>\n<h2><strong>Norsk<br \/>\n<\/strong><\/h2>\n<p><strong>St\u00f8rrelse XS, S, M, L, XL, XXL, XXXL<\/strong><\/p>\n<p>St\u00f8rrelsene er alltid veiledende. Vennligst sjekk m\u00e5l for valg av riktig st\u00f8rrelse. M\u00e5lene er m\u00e5lt flatt p\u00e5 ferdig genser.<\/p>\n<p><strong>Omkrets:\u00a0\u00a0\u00a0\u00a0 <\/strong>(XS)92 (S)100 (M)107 (L)114 (XL)124 (XXL)132 (XXXL)140 cm<\/p>\n<p><strong>Bredde:\u00a0\u00a0\u00a0\u00a0\u00a0\u00a0\u00a0 <\/strong>(XS)46 (S)50 (M)53 (L)57 (XL)62 (XXL)66 (XXXL)70 cm<\/p>\n<p><strong>Lengde:<\/strong><strong>\u00a0\u00a0\u00a0\u00a0\u00a0\u00a0\u00a0 <\/strong>(XS)38 (S)39 (M)41 (B)42 (XL)43 (XXL)44 (XXXL)45 cm (eller \u00f8nsket lengde)<\/p>\n<p><strong>Erm lengde: <\/strong>(XS)48 (S)49 (M)50 (B)51 (XL)52 (XXL)53 (XXXL)54 cm (eller \u00f8nsket lengde)<\/p>\n<p><strong>Garn <\/strong>Alafosslopi 100 g n\u00f8ster<\/p>\n<p>(BF) Bunnfarge 0054 Light grey (XS)6 (S)6 (M)6 (L)7 (XL)7 (XXL)8 (XXXL)8<\/p>\n<p>A 0159 Orchid (XS)2 (S)2 (M)2 (L)2 (XL)2 (XXL)2 (XXXL)2<\/p>\n<p>B 9971 Amber heather (XS)1 (S)2 (M)2 (L)2 (XL)2 (XXL)2 (XXXL)2<\/p>\n<p><strong>Pinner:<\/strong><\/p>\n<p>Rundpinne 4,5 mm 80 cm<\/p>\n<p>Rundpinne 6 mm 80 cm<\/p>\n<p>Str\u00f8mpepinner 4,5 mm og 6 mm<\/p>\n<p>(Hvis du ikke bruker magiske loop-teknikken, trenger du ogs\u00e5 rundpinne 4,5 mm og 6 mm 40 cm)<\/p>\n<p><strong>Strikkefasthet:<\/strong> 10 cm = 13 m og 18 omganger p\u00e5 pinne 6 mm<\/p>\n<p><strong>Instuksjon<\/strong><\/p>\n<p>Bolen strikkes rundt p\u00e5 rundpinne nedenfra og opp.<\/p>\n<p>Ermer strikkes rundt med str\u00f8mpepinner, eller rundpinne om du bruker Magic loop- teknikk, settes p\u00e5 samme pinne som bolen f\u00f8r b\u00e6restykket strikkes.<\/p>\n<p><strong>Instagram<\/strong><\/p>\n<p>Du kan finne flere fargevalg ved \u00e5 bruke #huppuneule<\/p>\n<h2><strong>Deutsch<\/strong><\/h2>\n<p><strong>Gr\u00f6\u00dfe<\/strong> <strong>XS, S, M, L, XL, XXL, XXXL<\/strong><\/p>\n<p>Die Gr\u00f6\u00dfen sind Richtwerte. Bitte \u00fcberpr\u00fcfe deine Ma\u00dfe f\u00fcr die entsprechenden Pullover-Ma\u00dfe. Die angegebenen Ma\u00dfe sind die Ma\u00dfe des fertigen Sweaters.<\/p>\n<p><strong>Brustumfang<\/strong><\/p>\n<p>(XS)92 (S)100 (M)107 (L)114 (XL)124 (XXL)132 (XXXL)140 cm<\/p>\n<p><strong>K\u00f6rper Breite \u00a0\u00a0\u00a0\u00a0\u00a0\u00a0\u00a0\u00a0\u00a0\u00a0\u00a0\u00a0\u00a0\u00a0\u00a0\u00a0\u00a0 <\/strong><\/p>\n<p>(XS)46 (S)50 (M)53 (L)57 (XL)62 (XXL)66 (XXXL)70 cm<\/p>\n<p><strong>K\u00f6rper L\u00e4nge<\/strong><\/p>\n<p>(XS)38 (S)39 (M)41 (L)42 (XL)43 (XXL)44 (XXXL)45 cm (oder nach Wunsch)<\/p>\n<p><strong>\u00c4rmel L\u00e4nge\u00a0\u00a0\u00a0\u00a0\u00a0\u00a0\u00a0\u00a0\u00a0\u00a0\u00a0\u00a0\u00a0\u00a0\u00a0\u00a0\u00a0\u00a0\u00a0\u00a0\u00a0\u00a0\u00a0\u00a0\u00a0\u00a0\u00a0\u00a0\u00a0\u00a0\u00a0\u00a0\u00a0\u00a0\u00a0\u00a0\u00a0\u00a0\u00a0\u00a0\u00a0\u00a0 <\/strong><\/p>\n<p>(XS)48 (S)49 (M)50 (L)51 (XL)52 (XXL)53 (XXXL)54 cm (oder nach Wunsch)<\/p>\n<p>G<strong>arn <\/strong>Alafosslopi 100 g Kn\u00e4uel<\/p>\n<p>HF 0054 Light grey\u00a0\u00a0\u00a0\u00a0\u00a0\u00a0\u00a0\u00a0\u00a0\u00a0 (XS)6 (S)6 (M)6 (L)7 (XL)7 (XXL)8 (XXXL)8<\/p>\n<p>A 0159 Orchid\u00a0\u00a0\u00a0\u00a0\u00a0\u00a0\u00a0\u00a0\u00a0\u00a0\u00a0\u00a0\u00a0\u00a0\u00a0\u00a0\u00a0\u00a0 (XS)2 (S)2 (M)2 (L)2 (XL)2 (XXL)2 (XXXL)2<\/p>\n<p>B 9971 Amber heather \u00a0\u00a0\u00a0\u00a0\u00a0 (XS)1 (S)2 (M)2 (L)2 (XL)2 (XXL)2 (XXXL)2<\/p>\n<p><strong>Nadeln:<\/strong><\/p>\n<p>4,5 mm Rundstricknadel, 80 cm L\u00e4nge<\/p>\n<p>6 mm Rundstricknadel, 80 cm L\u00e4nge<\/p>\n<p>4,5 mm und 6 mm Nadelspiel<\/p>\n<p>(Wenn du nicht mit der Magic-Loop-Methode arbeiten m\u00f6chtest, ben\u00f6tigst du zudem eine 4,5 mm und 6 mm Rundstricknadel mit 40 cm L\u00e4nge.)<\/p>\n<p><strong>Maschenprobe <\/strong>10 cm = 13 M und 18 Reihen mit Nadelst\u00e4rke 6 mm<\/p>\n<p><strong>Instruktionen<\/strong><\/p>\n<p>Arbeite den K\u00f6rper in Runden auf der Rundstricknadel, von unten nach oben. Arbeite die \u00c4rmel in Runden mit dem Nadelspiel oder der Rundstricknadel und der Magic-Loop-Methode. \u00dcbernehme die \u00c4rmel auf dieselbe Rundstricknadel wie den K\u00f6rper.<\/p>\n<p>Mit dem Hashtag #huppuneule kannst du weitere Farbm\u00f6glichkeiten finden.<\/p>\n<h2><strong>Svenska<\/strong><\/h2>\n<p><strong>Storlekar XS, S, M, L, XL, XXL, XXXL<\/strong><\/p>\n<p>Storlekarna \u00e4r riktgivande. J\u00e4mf\u00f6r g\u00e4rna m\u00e5tten med en tr\u00f6ja i l\u00e4mplig storlek. M\u00e5tten g\u00e4ller f\u00f6r den f\u00e4rdiga tr\u00f6jan.<\/p>\n<p><strong>\u00d6vervidd <\/strong>(XS)92 (S)100 (M)107 (L)114 (XL)124 (XXL)132 (XXXL)140 cm<\/p>\n<p><strong>B\u00e5lens bredd <\/strong>(XS)46 (S)50 (M)53 (L) 57 (XL)62 (XXL)66 (XXXL)70 cm<\/p>\n<p><strong>L\u00e4ngd fr\u00e5n nederkant till armh\u00e5la <\/strong>(XS)38 (S)39 (M)41 (L)42 (XL)43 (XXL)44 (XXXL)45 cm (eller \u00f6nskad l\u00e4ngd)<\/p>\n<p><strong>\u00c4rmens l\u00e4ngd <\/strong>(XS)48 (S)49 (M)50 (L)51 (XL)52 (XXL)53 (XXXL)54 cm (eller \u00f6nskad l\u00e4ngd)<\/p>\n<p><strong>Garn\u00e5tg\u00e5ng <\/strong>Alafosslopi 100 g nystan<\/p>\n<p>Huvudf\u00e4rg 0054 Light grey (XS)6 (S)6 (M)6 (L)7 (XL)7 (XXL)8 (XXXL)8<\/p>\n<p>B 0159 Orchid (XS)1 (S)2 (M)2 (L)2 (XL)2 (XXL)2 (XXXL)2<\/p>\n<p>C 9971 Amber heather (XS)1 (S)1 (M)1 (L)2 (XL)2 (XXL)2 (XXXL)2<\/p>\n<p><strong>Stickor<\/strong><\/p>\n<p>Rundsticka 6 mm 80 cm<\/p>\n<p>Rundsticka 4,5 mm 80 cm<\/p>\n<p>Strumpstickor 4,5 mm och 6 mm<\/p>\n<p>(Om du inte anv\u00e4nder Magic loop-tekniken beh\u00f6ver du ocks\u00e5 rundstickor 4,5 mm och 6 mm 40 cm.)<\/p>\n<p><strong>Maskt\u00e4thet <\/strong>10\u00d710 cm: 13 maskor och 18 varv sl\u00e4tstickning p\u00e5 stickor 6 mm<\/p>\n<p><strong>Arbetsg\u00e5ng<\/strong><\/p>\n<p>B\u00e5len och \u00e4rmarna stickas var f\u00f6r sig p\u00e5 rundsticka. Flytta \u00f6ver \u00e4rmarna p\u00e5 samma sticka som b\u00e5len och sticka d\u00e4refter oket runt. P\u00e5 b\u00e5len b\u00f6rjar varvet i v\u00e4nstra sidan, p\u00e5 oket d\u00e4r bakstycket och v\u00e4nstra \u00e4rmen m\u00f6ts. Huvan stickas fr\u00e5n sida till sida och sys ihop upptill.<\/p>\n<p><strong>Instagram<\/strong><\/p>\n<p>Du hittar fler f\u00e4rgalternativ p\u00e5 Instagram med hashtaggen #huppuneule.<\/p>\n","protected":false},"excerpt":{"rendered":"<p>Neuleohje on ladattavissa heti maksusuorituksen j\u00e4lkeen tilauksen yhteydess\u00e4 ilmoittamastasi s\u00e4hk\u00f6postiosoitteesta. (Tarkastathan my\u00f6s roskapostikansion.) Ohjeen toimitus tapahtuu ainoastaan s\u00e4hk\u00f6isesti, eik\u00e4 sit\u00e4 l\u00e4hetet\u00e4 erikseen postitse. On suositeltavaa, ett\u00e4 ohje tallennetaan heti omalle laitteelle. Knit pattern can be downloaded immediately after payment from the e-mail you provided with your order. (Remember to check also the junk mail folder.) [&hellip;]<\/p>\n","protected":false},"featured_media":7784,"comment_status":"closed","ping_status":"closed","template":"","meta":{"_et_pb_use_builder":"","_et_pb_old_content":"","_et_gb_content_width":""},"product_brand":[],"product_cat":[22],"product_tag":[],"class_list":{"0":"post-7725","1":"product","2":"type-product","3":"status-publish","4":"has-post-thumbnail","6":"product_cat-neuleohjeet","7":"product_shipping_class-pdf","9":"first","10":"instock","11":"downloadable","12":"taxable","13":"shipping-taxable","14":"purchasable","15":"product-type-simple"},"yoast_head":"<!-- This site is optimized with the Yoast SEO plugin v27.4 - https:\/\/yoast.com\/product\/yoast-seo-wordpress\/ -->\n<title>Huppuneule ohje \/ knit pattern (FI, EN\/US, NO, DE, SE) - Villahullu<\/title>\n<meta name=\"robots\" content=\"index, follow, max-snippet:-1, max-image-preview:large, max-video-preview:-1\" \/>\n<link rel=\"canonical\" href=\"https:\/\/villahullu.fi\/en\/product\/huppuneule-ohje-knit-pattern-fi-en-us-no-de\/\" \/>\n<meta property=\"og:locale\" content=\"en_US\" \/>\n<meta property=\"og:type\" content=\"article\" \/>\n<meta property=\"og:title\" content=\"Huppuneule ohje \/ knit pattern (FI, EN\/US, NO, DE, SE) - Villahullu\" \/>\n<meta property=\"og:description\" content=\"Neuleohje on ladattavissa heti maksusuorituksen j\u00e4lkeen tilauksen yhteydess\u00e4 ilmoittamastasi s\u00e4hk\u00f6postiosoitteesta. (Tarkastathan my\u00f6s roskapostikansion.) Ohjeen toimitus tapahtuu ainoastaan s\u00e4hk\u00f6isesti, eik\u00e4 sit\u00e4 l\u00e4hetet\u00e4 erikseen postitse. On suositeltavaa, ett\u00e4 ohje tallennetaan heti omalle laitteelle. Knit pattern can be downloaded immediately after payment from the e-mail you provided with your order. (Remember to check also the junk mail folder.) [&hellip;]\" \/>\n<meta property=\"og:url\" content=\"https:\/\/villahullu.fi\/en\/product\/huppuneule-ohje-knit-pattern-fi-en-us-no-de\/\" \/>\n<meta property=\"og:site_name\" content=\"Villahullu\" \/>\n<meta property=\"article:publisher\" content=\"https:\/\/www.facebook.com\/villahullu\/\" \/>\n<meta property=\"article:modified_time\" content=\"2024-09-01T06:23:27+00:00\" \/>\n<meta property=\"og:image\" content=\"https:\/\/villahullu.fi\/wp-content\/uploads\/2022\/10\/Huppuneule1.png\" \/>\n\t<meta property=\"og:image:width\" content=\"940\" \/>\n\t<meta property=\"og:image:height\" content=\"788\" \/>\n\t<meta property=\"og:image:type\" content=\"image\/png\" \/>\n<meta name=\"twitter:card\" content=\"summary_large_image\" \/>\n<meta name=\"twitter:label1\" content=\"Est. reading time\" \/>\n\t<meta name=\"twitter:data1\" content=\"11 minutes\" \/>\n<script type=\"application\/ld+json\" class=\"yoast-schema-graph\">{\"@context\":\"https:\\\/\\\/schema.org\",\"@graph\":[{\"@type\":\"WebPage\",\"@id\":\"https:\\\/\\\/villahullu.fi\\\/en\\\/product\\\/huppuneule-ohje-knit-pattern-fi-en-us-no-de\\\/\",\"url\":\"https:\\\/\\\/villahullu.fi\\\/en\\\/product\\\/huppuneule-ohje-knit-pattern-fi-en-us-no-de\\\/\",\"name\":\"Huppuneule ohje \\\/ knit pattern (FI, EN\\\/US, NO, DE, SE) - Villahullu\",\"isPartOf\":{\"@id\":\"https:\\\/\\\/villahullu.fi\\\/en\\\/#website\"},\"primaryImageOfPage\":{\"@id\":\"https:\\\/\\\/villahullu.fi\\\/en\\\/product\\\/huppuneule-ohje-knit-pattern-fi-en-us-no-de\\\/#primaryimage\"},\"image\":{\"@id\":\"https:\\\/\\\/villahullu.fi\\\/en\\\/product\\\/huppuneule-ohje-knit-pattern-fi-en-us-no-de\\\/#primaryimage\"},\"thumbnailUrl\":\"https:\\\/\\\/villahullu.fi\\\/wp-content\\\/uploads\\\/2022\\\/10\\\/Huppuneule1.png\",\"datePublished\":\"2022-10-20T03:00:02+00:00\",\"dateModified\":\"2024-09-01T06:23:27+00:00\",\"breadcrumb\":{\"@id\":\"https:\\\/\\\/villahullu.fi\\\/en\\\/product\\\/huppuneule-ohje-knit-pattern-fi-en-us-no-de\\\/#breadcrumb\"},\"inLanguage\":\"en-US\",\"potentialAction\":[{\"@type\":\"ReadAction\",\"target\":[\"https:\\\/\\\/villahullu.fi\\\/en\\\/product\\\/huppuneule-ohje-knit-pattern-fi-en-us-no-de\\\/\"]}]},{\"@type\":\"ImageObject\",\"inLanguage\":\"en-US\",\"@id\":\"https:\\\/\\\/villahullu.fi\\\/en\\\/product\\\/huppuneule-ohje-knit-pattern-fi-en-us-no-de\\\/#primaryimage\",\"url\":\"https:\\\/\\\/villahullu.fi\\\/wp-content\\\/uploads\\\/2022\\\/10\\\/Huppuneule1.png\",\"contentUrl\":\"https:\\\/\\\/villahullu.fi\\\/wp-content\\\/uploads\\\/2022\\\/10\\\/Huppuneule1.png\",\"width\":940,\"height\":788},{\"@type\":\"BreadcrumbList\",\"@id\":\"https:\\\/\\\/villahullu.fi\\\/en\\\/product\\\/huppuneule-ohje-knit-pattern-fi-en-us-no-de\\\/#breadcrumb\",\"itemListElement\":[{\"@type\":\"ListItem\",\"position\":1,\"name\":\"Etusivu\",\"item\":\"https:\\\/\\\/villahullu.fi\\\/en\\\/\"},{\"@type\":\"ListItem\",\"position\":2,\"name\":\"Shop\",\"item\":\"https:\\\/\\\/villahullu.fi\\\/en\\\/shop\\\/\"},{\"@type\":\"ListItem\",\"position\":3,\"name\":\"Huppuneule ohje \\\/ knit pattern (FI, EN\\\/US, NO, DE, SE)\"}]},{\"@type\":\"WebSite\",\"@id\":\"https:\\\/\\\/villahullu.fi\\\/en\\\/#website\",\"url\":\"https:\\\/\\\/villahullu.fi\\\/en\\\/\",\"name\":\"Villahullu\",\"description\":\"Villapaitoja ja neulontaohjeita\",\"publisher\":{\"@id\":\"https:\\\/\\\/villahullu.fi\\\/en\\\/#organization\"},\"potentialAction\":[{\"@type\":\"SearchAction\",\"target\":{\"@type\":\"EntryPoint\",\"urlTemplate\":\"https:\\\/\\\/villahullu.fi\\\/en\\\/?s={search_term_string}\"},\"query-input\":{\"@type\":\"PropertyValueSpecification\",\"valueRequired\":true,\"valueName\":\"search_term_string\"}}],\"inLanguage\":\"en-US\"},{\"@type\":\"Organization\",\"@id\":\"https:\\\/\\\/villahullu.fi\\\/en\\\/#organization\",\"name\":\"Villahullu\",\"url\":\"https:\\\/\\\/villahullu.fi\\\/en\\\/\",\"logo\":{\"@type\":\"ImageObject\",\"inLanguage\":\"en-US\",\"@id\":\"https:\\\/\\\/villahullu.fi\\\/en\\\/#\\\/schema\\\/logo\\\/image\\\/\",\"url\":\"https:\\\/\\\/villahullu.fi\\\/wp-content\\\/uploads\\\/2021\\\/06\\\/logo.png\",\"contentUrl\":\"https:\\\/\\\/villahullu.fi\\\/wp-content\\\/uploads\\\/2021\\\/06\\\/logo.png\",\"width\":374,\"height\":98,\"caption\":\"Villahullu\"},\"image\":{\"@id\":\"https:\\\/\\\/villahullu.fi\\\/en\\\/#\\\/schema\\\/logo\\\/image\\\/\"},\"sameAs\":[\"https:\\\/\\\/www.facebook.com\\\/villahullu\\\/\",\"https:\\\/\\\/www.instagram.com\\\/villahullu\\\/\"]}]}<\/script>\n<!-- \/ Yoast SEO plugin. -->","yoast_head_json":{"title":"Huppuneule ohje \/ knit pattern (FI, EN\/US, NO, DE, SE) - Villahullu","robots":{"index":"index","follow":"follow","max-snippet":"max-snippet:-1","max-image-preview":"max-image-preview:large","max-video-preview":"max-video-preview:-1"},"canonical":"https:\/\/villahullu.fi\/en\/product\/huppuneule-ohje-knit-pattern-fi-en-us-no-de\/","og_locale":"en_US","og_type":"article","og_title":"Huppuneule ohje \/ knit pattern (FI, EN\/US, NO, DE, SE) - Villahullu","og_description":"Neuleohje on ladattavissa heti maksusuorituksen j\u00e4lkeen tilauksen yhteydess\u00e4 ilmoittamastasi s\u00e4hk\u00f6postiosoitteesta. (Tarkastathan my\u00f6s roskapostikansion.) Ohjeen toimitus tapahtuu ainoastaan s\u00e4hk\u00f6isesti, eik\u00e4 sit\u00e4 l\u00e4hetet\u00e4 erikseen postitse. On suositeltavaa, ett\u00e4 ohje tallennetaan heti omalle laitteelle. Knit pattern can be downloaded immediately after payment from the e-mail you provided with your order. (Remember to check also the junk mail folder.) [&hellip;]","og_url":"https:\/\/villahullu.fi\/en\/product\/huppuneule-ohje-knit-pattern-fi-en-us-no-de\/","og_site_name":"Villahullu","article_publisher":"https:\/\/www.facebook.com\/villahullu\/","article_modified_time":"2024-09-01T06:23:27+00:00","og_image":[{"width":940,"height":788,"url":"https:\/\/villahullu.fi\/wp-content\/uploads\/2022\/10\/Huppuneule1.png","type":"image\/png"}],"twitter_card":"summary_large_image","twitter_misc":{"Est. reading time":"11 minutes"},"schema":{"@context":"https:\/\/schema.org","@graph":[{"@type":"WebPage","@id":"https:\/\/villahullu.fi\/en\/product\/huppuneule-ohje-knit-pattern-fi-en-us-no-de\/","url":"https:\/\/villahullu.fi\/en\/product\/huppuneule-ohje-knit-pattern-fi-en-us-no-de\/","name":"Huppuneule ohje \/ knit pattern (FI, EN\/US, NO, DE, SE) - Villahullu","isPartOf":{"@id":"https:\/\/villahullu.fi\/en\/#website"},"primaryImageOfPage":{"@id":"https:\/\/villahullu.fi\/en\/product\/huppuneule-ohje-knit-pattern-fi-en-us-no-de\/#primaryimage"},"image":{"@id":"https:\/\/villahullu.fi\/en\/product\/huppuneule-ohje-knit-pattern-fi-en-us-no-de\/#primaryimage"},"thumbnailUrl":"https:\/\/villahullu.fi\/wp-content\/uploads\/2022\/10\/Huppuneule1.png","datePublished":"2022-10-20T03:00:02+00:00","dateModified":"2024-09-01T06:23:27+00:00","breadcrumb":{"@id":"https:\/\/villahullu.fi\/en\/product\/huppuneule-ohje-knit-pattern-fi-en-us-no-de\/#breadcrumb"},"inLanguage":"en-US","potentialAction":[{"@type":"ReadAction","target":["https:\/\/villahullu.fi\/en\/product\/huppuneule-ohje-knit-pattern-fi-en-us-no-de\/"]}]},{"@type":"ImageObject","inLanguage":"en-US","@id":"https:\/\/villahullu.fi\/en\/product\/huppuneule-ohje-knit-pattern-fi-en-us-no-de\/#primaryimage","url":"https:\/\/villahullu.fi\/wp-content\/uploads\/2022\/10\/Huppuneule1.png","contentUrl":"https:\/\/villahullu.fi\/wp-content\/uploads\/2022\/10\/Huppuneule1.png","width":940,"height":788},{"@type":"BreadcrumbList","@id":"https:\/\/villahullu.fi\/en\/product\/huppuneule-ohje-knit-pattern-fi-en-us-no-de\/#breadcrumb","itemListElement":[{"@type":"ListItem","position":1,"name":"Etusivu","item":"https:\/\/villahullu.fi\/en\/"},{"@type":"ListItem","position":2,"name":"Shop","item":"https:\/\/villahullu.fi\/en\/shop\/"},{"@type":"ListItem","position":3,"name":"Huppuneule ohje \/ knit pattern (FI, EN\/US, NO, DE, SE)"}]},{"@type":"WebSite","@id":"https:\/\/villahullu.fi\/en\/#website","url":"https:\/\/villahullu.fi\/en\/","name":"Villahullu","description":"Villapaitoja ja neulontaohjeita","publisher":{"@id":"https:\/\/villahullu.fi\/en\/#organization"},"potentialAction":[{"@type":"SearchAction","target":{"@type":"EntryPoint","urlTemplate":"https:\/\/villahullu.fi\/en\/?s={search_term_string}"},"query-input":{"@type":"PropertyValueSpecification","valueRequired":true,"valueName":"search_term_string"}}],"inLanguage":"en-US"},{"@type":"Organization","@id":"https:\/\/villahullu.fi\/en\/#organization","name":"Villahullu","url":"https:\/\/villahullu.fi\/en\/","logo":{"@type":"ImageObject","inLanguage":"en-US","@id":"https:\/\/villahullu.fi\/en\/#\/schema\/logo\/image\/","url":"https:\/\/villahullu.fi\/wp-content\/uploads\/2021\/06\/logo.png","contentUrl":"https:\/\/villahullu.fi\/wp-content\/uploads\/2021\/06\/logo.png","width":374,"height":98,"caption":"Villahullu"},"image":{"@id":"https:\/\/villahullu.fi\/en\/#\/schema\/logo\/image\/"},"sameAs":["https:\/\/www.facebook.com\/villahullu\/","https:\/\/www.instagram.com\/villahullu\/"]}]}},"jetpack_sharing_enabled":true,"_links":{"self":[{"href":"https:\/\/villahullu.fi\/en\/wp-json\/wp\/v2\/product\/7725","targetHints":{"allow":["GET"]}}],"collection":[{"href":"https:\/\/villahullu.fi\/en\/wp-json\/wp\/v2\/product"}],"about":[{"href":"https:\/\/villahullu.fi\/en\/wp-json\/wp\/v2\/types\/product"}],"replies":[{"embeddable":true,"href":"https:\/\/villahullu.fi\/en\/wp-json\/wp\/v2\/comments?post=7725"}],"wp:featuredmedia":[{"embeddable":true,"href":"https:\/\/villahullu.fi\/en\/wp-json\/wp\/v2\/media\/7784"}],"wp:attachment":[{"href":"https:\/\/villahullu.fi\/en\/wp-json\/wp\/v2\/media?parent=7725"}],"wp:term":[{"taxonomy":"product_brand","embeddable":true,"href":"https:\/\/villahullu.fi\/en\/wp-json\/wp\/v2\/product_brand?post=7725"},{"taxonomy":"product_cat","embeddable":true,"href":"https:\/\/villahullu.fi\/en\/wp-json\/wp\/v2\/product_cat?post=7725"},{"taxonomy":"product_tag","embeddable":true,"href":"https:\/\/villahullu.fi\/en\/wp-json\/wp\/v2\/product_tag?post=7725"}],"curies":[{"name":"wp","href":"https:\/\/api.w.org\/{rel}","templated":true}]}}