{"id":6099,"date":"2022-06-17T05:00:17","date_gmt":"2022-06-17T02:00:17","guid":{"rendered":"https:\/\/villahullu.fi\/?post_type=product&#038;p=6099"},"modified":"2024-09-01T09:23:32","modified_gmt":"2024-09-01T06:23:32","slug":"kuuraneule-ohje-pattern-fi-en-us-no-de","status":"publish","type":"product","link":"https:\/\/villahullu.fi\/en\/product\/kuuraneule-ohje-pattern-fi-en-us-no-de\/","title":{"rendered":"Kuuraneule ohje \/ knit pattern (FI, EN\/US, NO, DE, FR)"},"content":{"rendered":"<p><img loading=\"lazy\" decoding=\"async\" class=\"alignnone size-medium wp-image-6102\" src=\"https:\/\/villahullu.fi\/wp-content\/uploads\/2022\/06\/IMG_20220517_185448_449-300x300.webp\" alt=\"\" width=\"300\" height=\"300\" \/> <img loading=\"lazy\" decoding=\"async\" class=\"alignnone size-medium wp-image-6104\" src=\"https:\/\/villahullu.fi\/wp-content\/uploads\/2022\/06\/img_20220613_104704_922-240x300.jpg\" alt=\"\" width=\"240\" height=\"300\" \/> <img loading=\"lazy\" decoding=\"async\" class=\"alignnone size-medium wp-image-6106\" src=\"https:\/\/villahullu.fi\/wp-content\/uploads\/2022\/06\/IMG_20220601_101207_449.jpg-300x300.webp\" alt=\"\" width=\"300\" height=\"300\" \/> <img loading=\"lazy\" decoding=\"async\" class=\"alignnone size-medium wp-image-6108\" src=\"https:\/\/villahullu.fi\/wp-content\/uploads\/2022\/06\/image1-300x225.jpeg\" alt=\"\" width=\"300\" height=\"225\" \/> <img loading=\"lazy\" decoding=\"async\" class=\"alignnone size-medium wp-image-6110\" src=\"https:\/\/villahullu.fi\/wp-content\/uploads\/2022\/06\/img20220602224456-225x300.jpg\" alt=\"\" width=\"225\" height=\"300\" \/> <img loading=\"lazy\" decoding=\"async\" class=\"alignnone size-medium wp-image-6112\" src=\"https:\/\/villahullu.fi\/wp-content\/uploads\/2022\/06\/img_20220604_093644_954-263x300.jpg\" alt=\"\" width=\"263\" height=\"300\" \/><\/p>\n<p><strong><em>Neuleohje on ladattavissa heti maksusuorituksen j\u00e4lkeen tilauksen yhteydess\u00e4 ilmoittamastasi s\u00e4hk\u00f6postiosoitteesta. (Tarkastathan my\u00f6s roskapostikansion.) Ohjeen toimitus tapahtuu ainoastaan s\u00e4hk\u00f6isesti, eik\u00e4 sit\u00e4 l\u00e4hetet\u00e4 erikseen postitse. On suositeltavaa, ett\u00e4 ohje tallennetaan heti omalle laitteelle.<br \/>\n<\/em><\/strong><\/p>\n<p><strong><em>Knit pattern can be downloaded immediately after payment from the e-mail you provided with your order. (Remember to check also the junk mail folder.) The patter<\/em><\/strong><strong><em>n is delivered only electronically and is not send separately by post. It is recommended that you save the pattern to your device immediately. You can find all the languages mentioned in the tittle in the same pdf file.<br \/>\n<\/em><\/strong><\/p>\n<p><strong>Koot XXS, XS, S, M, L, XL, XXL, XXXL<\/strong><\/p>\n<p>Alaosan leveys (XXS)41 (XS)44,5 (S)46,5 (M)49 (L)52 (XL)54,5 (XXL)57,5 (XXXL)60 cm<\/p>\n<p>Pituus helmasta kainaloon (XXS)39 (XS)40 (S)41 (M)43 (L)44 (XL)45 (XXL)46 (XXXL)47 cm<\/p>\n<p>Hihan pituus (XXS)47 (XS)48 (S)49 (M)50 (L)51 (XL)52 (XXL)54 cm (XXXL)55 cm<\/p>\n<p><strong>Langan menekki <\/strong>Lettlopi 50 g ker\u00e4<\/p>\n<p>P\u00e4\u00e4v\u00e4ri 1701 Fjord blue\u00a0\u00a0\u00a0\u00a0 (XXS)7 (XS)8 (S)8 (M)8 (L)8 (XL)9 (XXL)10 (XXXL)10<\/p>\n<p>A 1700 Air blue\u00a0\u00a0\u00a0\u00a0\u00a0\u00a0\u00a0\u00a0\u00a0\u00a0\u00a0\u00a0\u00a0\u00a0\u00a0\u00a0 (XXS)1 (XS)1 (S)1 (M)1 (L)1 (XL)1 (XXL)1 (XXXL)2<\/p>\n<p>B 9427 Rust heather\u00a0\u00a0\u00a0\u00a0\u00a0\u00a0\u00a0\u00a0\u00a0\u00a0 (XXS)1 (XS)1 (S)1 (M)1 (L)1 (XL)1 (XXL)1 (XXXL)2<\/p>\n<p>C 9420 Navy blue\u00a0\u00a0\u00a0\u00a0\u00a0\u00a0\u00a0\u00a0\u00a0\u00a0\u00a0\u00a0\u00a0 (XXS)1 (XS)1 (S)1 (M)1 (L)1 (XL)1 (XXL)1 (XXXL)2<\/p>\n<p>D 1704 Apricot\u00a0\u00a0\u00a0\u00a0\u00a0\u00a0\u00a0\u00a0\u00a0\u00a0\u00a0\u00a0\u00a0\u00a0\u00a0\u00a0\u00a0 (XXS)1 (XS)1 (S)1 (M)1 (L)1 (XL)1 (XXL)1 (XXXL)1<\/p>\n<p><strong>Puikot<\/strong><\/p>\n<p>Py\u00f6r\u00f6puikko 3,5 mm 80 cm<\/p>\n<p>Py\u00f6r\u00f6puikko 4,5 mm 80 cm<\/p>\n<p>Sukkapuikot 3,5 mm ja 4,5 mm<\/p>\n<p>(Mik\u00e4li et k\u00e4yt\u00e4 Magic loop- tekniikkaa, tarvitset my\u00f6s py\u00f6r\u00f6puikot 3,5 mm ja 4,5 mm 40 cm)<\/p>\n<p><strong>Neuletiheys <\/strong>10\u00d710 cm: 18 silmukkaa ja 24 rivi\u00e4 4,5 mm puikoilla<\/p>\n<p><strong>Ty\u00f6ohje<\/strong><\/p>\n<p>Neulo alaosa ja hihat py\u00f6r\u00f6n\u00e4 alhaalta yl\u00f6s. Yhdist\u00e4 kainalossa alaosa sek\u00e4 hihat samalle puikolle<\/p>\n<p>ja neulo kaarroke py\u00f6r\u00f6n\u00e4. Alaosassa kerros alkaa vasemmasta sivusta, mutta yhdist\u00e4misen<\/p>\n<p>j\u00e4lkeen kohdasta, jossa takakappale ja vasen hiha on yhdistetty.<\/p>\n<p>Katso lis\u00e4\u00e4 kuvia Instagramissa #kuuraneule &#8211; tagin takaa.<\/p>\n<h2><strong>English<\/strong><\/h2>\n<p><strong>Size XXS, XS, S, M, L, XL, XXL, XXXL<\/strong><\/p>\n<p>Body width<\/p>\n<p>(XXS)41 (XS)44,5 (S)46,5 (M)49 (L)52 (XL)54,5 (XXL)57,5 (XXXL)60 cm<\/p>\n<p>(XXS)16 (XS)17.5 (S)18.3 (M)19 (L)20.5 (XL)21.5 (XXL)22.6 (XXXL)23.6 inches<\/p>\n<p>Body length<\/p>\n<p>(XXS)39 (XS)40 (S)41 (M)43 (L)44 (XL)45 (XXL)46 (XXXL)47 cm (or desired)<\/p>\n<p>(XXS)15.3 (XS)15.7 (S)16.1 (M)17 (L)17.3 (XL)17.7 (XXL)18.1 (XXXL)18.5 inches (or desired)<\/p>\n<p>Sleeve length<\/p>\n<p>(XXS)47 (XS)48 (S)49 (M)50 (L)51 (XL)52 (XXL)54 (XXXL)55 cm (or desired)<\/p>\n<p>(XXS)18.5 (XS)18.9 (S)19.3 (M)19.7 (L)20 (XL)20.5 (XXL)21.2 (XXXL)21.6 inches (or desired)<\/p>\n<p><strong>Yarn <\/strong>Lettlopi 50 g ball<\/p>\n<p>Main color 1701 Fjord blue\u00a0\u00a0\u00a0\u00a0 (XXS)7 (XS)8 (S)8 (M)8 (L)8 (XL)9 (XXL)10 (XXXL)10<\/p>\n<p>A 1700 Air blue\u00a0\u00a0\u00a0\u00a0\u00a0\u00a0\u00a0\u00a0\u00a0\u00a0\u00a0\u00a0\u00a0\u00a0\u00a0\u00a0 (XXS)1 (XS)1 (S)1 (M)1 (L)1 (XL)1 (XXL)1 (XXXL)2<\/p>\n<p>B 9427 Rust heather\u00a0\u00a0\u00a0\u00a0\u00a0\u00a0\u00a0\u00a0\u00a0\u00a0 (XXS)1 (XS)1 (S)1 (M)1 (L)1 (XL)1 (XXL)1 (XXXL)2<\/p>\n<p>C 9420 Navy blue\u00a0\u00a0\u00a0\u00a0\u00a0\u00a0\u00a0\u00a0\u00a0\u00a0\u00a0\u00a0\u00a0 (XXS)1 (XS)1 (S)1 (M)1 (L)1 (XL)1 (XXL)1 (XXXL)2<\/p>\n<p>D 1704 Apricot\u00a0\u00a0\u00a0\u00a0\u00a0\u00a0\u00a0\u00a0\u00a0\u00a0\u00a0\u00a0\u00a0\u00a0\u00a0\u00a0\u00a0 (XXS)1 (XS)1 (S)1 (M)1 (L)1 (XL)1 (XXL)1 (XXXL)1<\/p>\n<p><strong>Needles:<\/strong><\/p>\n<p>Circular needle 3.5 mm 80 cm US 4, 32\u201d<\/p>\n<p>Circular needle 4.5 mm 80 cm US 10, 32\u201d<\/p>\n<p>Double pointed needles 3.5 mm and 4.5 mm US 4 and 10<\/p>\n<p>(If you don\u2019t use the magic loop- technique,<\/p>\n<p>you will need to use circular needle 3.5 mm and 4.5 mm 40 cm US 4 and 10, 16\u201d)<\/p>\n<p><strong>Gauge<\/strong><\/p>\n<p>10\u00d710 cm: 18 stitches and 24 rows using needle size 4.5 mm<\/p>\n<p><strong>Instructions<\/strong><\/p>\n<p>Work body in the round on circular needle, bottom up. Work sleeves in the round on double pointed needles or circular needle using the Magic loop- technique. Slip sleeves on to same circular needle as body.<\/p>\n<p><strong>Instagram<\/strong><\/p>\n<p>You can find more color choices using #kuuraneule<\/p>\n<h2><strong>Norsk<\/strong><\/h2>\n<p><strong>St\u00f8rrelse \u00a0\u00a0\u00a0 XXS, <\/strong><strong>XS, S, M, L, XL, XXL, XXXL<\/strong><\/p>\n<p>Bredde bol:<\/p>\n<p>(XXS)41 (XS)44,5 (S)46,5 (M)49 (L)52 (XL)54,5 (XXL)57,5 (XXXL)60 cm<\/p>\n<p>Lengde bol:<\/p>\n<p>(XXS)39 (XS)40 (S)41 (M)43 (L)44 (XL)45 (XXL)46 (XXXL)47 cm (eller \u00f8nsket lende))<\/p>\n<p>Ermer lengde :<\/p>\n<p>(XXS)39 (XS)40 (S)41 (M)43 (L)44 (XL)45 (XXL)46 (XXXL)47 cm (eller \u00f8nsket lengde)<\/p>\n<p><strong>Garn <\/strong>Lettlopi 50gr n\u00f8ster<\/p>\n<p>Bunnfarge 1701 Fjord blue\u00a0 (XXS)7 (XS)8 (S)8 (M)8 (L)8 (XL)9 (XXL)10 (XXXL)10<\/p>\n<p>A 1700 Air blue (XXS)1 (XS)1 (S)1 (M)1 (L)1 (XL)1 (XXL)1 (XXXL)2<\/p>\n<p>B 9427 Rust heather (XXS)1 (XS)1 (S)1 (M)1 (L)1 (XL)1 (XXL)1 (XXXL)2<\/p>\n<p>C 9420 Navy blue (XXS)1 (XS)1 (S)1 (M)1 (L)1 (XL)1 (XXL)1 (XXXL)2<\/p>\n<p>D 1704 Apricot\u00a0 (XXS)1 (XS)1 (S)1 (M)1 (L)1 (XL)1 (XXL)1 (XXXL)1<\/p>\n<p><strong>Pinner:<\/strong><\/p>\n<p>Rundpinne 3.5mm 80cm<\/p>\n<p>Rundpinne 4.5mm 80cm<\/p>\n<p>Str\u00f8mpepinner nr. 3.5mm og 4.5mm<\/p>\n<p>(Hvis du ikke bruker Magic loop teknikk, trenger du ogs\u00e5 rundpinne 3.5mm og 4.5mm 40cm)<\/p>\n<p><strong>Strikkefasthet<\/strong><\/p>\n<p>10\u00d710 cm: 18 masker og 24 omganger p\u00e5 pinne nr. 4.5mm<\/p>\n<p><strong>Instruksjoner<\/strong><\/p>\n<p>Bolen strikkes rundt p\u00e5 rundpinne nedenfra og opp.<\/p>\n<p>Ermer strikkes rundt med str\u00f8mpepinner eller rundpinne om du bruker Magic loop- teknikk, settes p\u00e5 samme pinne som bolen f\u00f8r b\u00e6restykket strikkes.<\/p>\n<p><strong>Instagram<\/strong><\/p>\n<p>Du kan finne flere fargekombinasjoner ved \u00e5 bruke #kuuraneule<\/p>\n<h2><strong>Deutsch<\/strong><\/h2>\n<p><strong>Gr\u00f6sse XXS, XS, S, M, L, XL, XXL, XXXL<\/strong><\/p>\n<p>K\u00f6rper, Breite<\/p>\n<p>(XXS)41 (XS)44,5 (S)46,5 (M)49 (L)52 (XL)54,5 (XXL)57,5 (XXXL)60<strong>\u00a0<\/strong>cm<\/p>\n<p>K\u00f6rper, L\u00e4nge<\/p>\n<p>(XXS)39 (XS)40 (S)41 (M)43 (L)44 (XL)45 (XXL)46 (XXXL)47 cm (oder gew\u00fcnschte L\u00e4nge)<\/p>\n<p>\u00c4rmel, L\u00e4nge<\/p>\n<p>(XXS)47 (XS)48 (S)49 (M)50 (L)51 (XL)52 (XXL)54 (XXXL)55 cm (oder gew\u00fcnschte L\u00e4nge)<\/p>\n<p><strong>Garn<\/strong> Lettlopi, 50\u00a0g Kn\u00e4uel<\/p>\n<p>Hauptfarbe (HF) 1701 Fjord blue\u00a0\u00a0 (XXS)7 (XS)8 (S)8 (M)8 (L)8 (XL)9 (XXL)9 (XXXL)10<\/p>\n<p>A 1700 Air blue\u00a0\u00a0\u00a0\u00a0\u00a0\u00a0\u00a0\u00a0\u00a0\u00a0\u00a0\u00a0\u00a0\u00a0\u00a0\u00a0\u00a0\u00a0\u00a0\u00a0\u00a0\u00a0\u00a0\u00a0\u00a0\u00a0\u00a0\u00a0\u00a0\u00a0 (XXS)1 (XS)1 (S)1 (M)1 (L)1 (XL)1 (XXL)1 (XXXL)2<\/p>\n<p>B 9427 Rust heather\u00a0\u00a0\u00a0\u00a0\u00a0\u00a0\u00a0\u00a0\u00a0\u00a0\u00a0\u00a0\u00a0\u00a0\u00a0\u00a0\u00a0\u00a0\u00a0\u00a0\u00a0\u00a0\u00a0 (XXS)1 (XS)1 (S)1 (M)1 (L)1 (XL)1 (XXL)1 (XXXL)2<\/p>\n<p>C 9420 Navy blue\u00a0\u00a0\u00a0\u00a0\u00a0\u00a0\u00a0\u00a0\u00a0\u00a0\u00a0\u00a0\u00a0\u00a0\u00a0\u00a0\u00a0\u00a0\u00a0\u00a0\u00a0\u00a0\u00a0\u00a0\u00a0\u00a0 (XXS)1 (XS)1 (S)1 (M)1 (L)1 (XL)1 (XXL)1 (XXXL)2<\/p>\n<p>D 1704 Apricot\u00a0\u00a0\u00a0\u00a0\u00a0\u00a0\u00a0\u00a0\u00a0\u00a0\u00a0\u00a0\u00a0\u00a0\u00a0\u00a0\u00a0\u00a0\u00a0\u00a0\u00a0\u00a0\u00a0\u00a0\u00a0\u00a0\u00a0\u00a0\u00a0\u00a0\u00a0 (XXS)1 (XS)1 (S)1 (M)1 (L)1 (XL)1 (XXL)1 (XXXL)1<\/p>\n<p><strong>Stricknadeln<\/strong><\/p>\n<p>3.5\u00a0mm Rundstricknadel, 80\u00a0cm lang<\/p>\n<p>4.5\u00a0mm Rundstricknadel, 80\u00a0cm lang<\/p>\n<p>3.5\u00a0mm und 4.5\u00a0mm Nadelspiel<\/p>\n<p>(Wenn du nicht mit Magic-Loop arbeiten m\u00f6chtest,<\/p>\n<p>ben\u00f6tigst du zudem eine 3.5\u00a0mm und 4.5\u00a0mm kurze Rundstricknadel von 40\u00a0cm L\u00e4nge)<\/p>\n<p><strong>Maschenprobe<\/strong><\/p>\n<p>10\u00d710\u00a0cm: 18\u00a0Maschen (M) und 24\u00a0Reihen mit Nadelst\u00e4rke 4.5\u00a0mm<\/p>\n<p><strong>Anleitung<\/strong><\/p>\n<p>Das Vorder- und R\u00fcckenteil (K\u00f6rper) werden gleichzeitig in Runden auf der Rundstricknadel von unten nach oben gestrickt. Auch die \u00c4rmel werden in Runden mit dem Nadelspiel oder mit der Rundstricknadel und der Magic-Loop-Methode gestrickt. \u00dcbertrage dann die \u00c4rmel auf die Rundstricknadel des K\u00f6rperteils.<\/p>\n<p><strong>Instagram<\/strong><\/p>\n<p>Du kannst weitere Farbkombinationen unter dem Hashtag #kuuraneule finden.<\/p>\n<h2 id=\"tw-target-text\" class=\"tw-data-text tw-text-large tw-ta\" dir=\"ltr\" data-placeholder=\"K\u00e4\u00e4nn\u00f6s\"><strong><span class=\"Y2IQFc\" lang=\"fr\">Fran\u00e7ais<\/span><\/strong><\/h2>\n<p><strong>Tailles XXS, XS, S, M, L, XL, XXL, XXXL<\/strong><\/p>\n<p>Buste<\/p>\n<p>(XXS)41 (XS)44,5 (S)46,5 (M)49 (L)52 (XL)54,5 (XXL)57,5 (XXXL)60 cm<\/p>\n<p>(XXS)16 (XS)17.5 (S)18.3 (M)19 (L)20.5 (XL)21.5 (XXL)22.6 (XXXL)23.6 inches<\/p>\n<p>Corps, longueur<\/p>\n<p>(XXS)39 (XS)40 (S)41 (M)43 (L)44 (XL)45 (XXL)46 (XXXL)47 cm (ou longueur souhait\u00e9e)<\/p>\n<p>(XXS)15.3 (XS)15.7 (S)16.1 (M)17 (L)17.3 (XL)17.7 (XXL)18.1 (XXXL)18.5 inches (or desired)<\/p>\n<p>Manches, longueur<\/p>\n<p>(XXS)47 (XS)48 (S)49 (M)50 (L)51 (XL)52 (XXL)54 (XXXL)55 cm (ou longueur souhait\u00e9e)<\/p>\n<p>(XXS)18.5 (XS)18.9 (S)19.3 (M)19.7 (L)20 (XL)20.5 (XXL)21.2 (XXXL)21.6 inches (or desired)<\/p>\n<p><strong>Fil <\/strong>Lettlopi, 50\u00a0g la pelote<\/p>\n<p>Couleur principale (CP) 1701 Fjord blue (XXS)7 (XS)8 (S)8 (M)8 (L)8 (XL)9 (XXL)9 (XXXL)10<\/p>\n<p>A 1700 Air blue\u00a0\u00a0\u00a0\u00a0\u00a0\u00a0\u00a0\u00a0\u00a0\u00a0\u00a0\u00a0\u00a0\u00a0\u00a0\u00a0\u00a0\u00a0\u00a0\u00a0\u00a0\u00a0\u00a0\u00a0\u00a0\u00a0\u00a0\u00a0\u00a0\u00a0\u00a0\u00a0\u00a0\u00a0\u00a0\u00a0\u00a0\u00a0\u00a0 (XXS)1 (XS)1 (S)1 (M)1 (L)1 (XL)1 (XXL)1 (XXXL)2<\/p>\n<p>B 9427 Rust heather\u00a0\u00a0\u00a0\u00a0\u00a0\u00a0\u00a0\u00a0\u00a0\u00a0\u00a0\u00a0\u00a0\u00a0\u00a0\u00a0\u00a0\u00a0\u00a0\u00a0\u00a0\u00a0\u00a0\u00a0\u00a0\u00a0\u00a0\u00a0\u00a0\u00a0\u00a0\u00a0 (XXS)1 (XS)1 (S)1 (M)1 (L)1 (XL)1 (XXL)1 (XXXL)2<\/p>\n<p>C 9420 Navy blue\u00a0\u00a0\u00a0\u00a0\u00a0\u00a0\u00a0\u00a0\u00a0\u00a0\u00a0\u00a0\u00a0\u00a0\u00a0\u00a0\u00a0\u00a0\u00a0\u00a0\u00a0\u00a0\u00a0\u00a0\u00a0\u00a0\u00a0\u00a0\u00a0\u00a0\u00a0\u00a0\u00a0\u00a0\u00a0\u00a0 (XXS)1 (XS)1 (S)1 (M)1 (L)1 (XL)1 (XXL)1 (XXXL)2<\/p>\n<p>D 1704 Apricot\u00a0\u00a0\u00a0\u00a0\u00a0\u00a0\u00a0\u00a0\u00a0\u00a0\u00a0\u00a0\u00a0\u00a0\u00a0\u00a0\u00a0\u00a0\u00a0\u00a0\u00a0\u00a0\u00a0\u00a0\u00a0\u00a0\u00a0\u00a0\u00a0\u00a0\u00a0\u00a0\u00a0\u00a0\u00a0\u00a0\u00a0\u00a0\u00a0\u00a0 (XXS)1 (XS)1 (S)1 (M)1 (L)1 (XL)1 (XXL)1 (XXXL)1<\/p>\n<p><strong>Aiguilles<\/strong><\/p>\n<p>Circulaire de 3.5\u00a0mm avec c\u00e2ble de 80\u00a0cm US 4, 32\u201d<\/p>\n<p>Circulaire de 4.5\u00a0mm avec c\u00e2ble de 80\u00a0cm US 10, 32\u201d<\/p>\n<p>Jeux d\u2019aiguilles \u00e0 double pointe de 3.5 mm et 4.5 mm US 4 and 10<\/p>\n<p>(Si tu ne pratiques pas la technique \u00ab\u00a0magic loop\u00a0\u00bb, tu as \u00e9galement besoin d\u2019aiguilles circulaires de 3.5 mm and 4.5 mm, avec un c\u00e2ble court de 40\u00a0cm US 4 and 10, 16\u201d)<\/p>\n<p><strong>Echantillon<\/strong><\/p>\n<p>10\u00d710\u00a0cm\u00a0: 18\u00a0mailles (m) and 24\u00a0rangs avec l\u2019aiguille de 4.5\u00a0mm<\/p>\n<p><strong>Instructions<\/strong><\/p>\n<p>Le corps du pull est tricot\u00e9 sans couture en rond avec les aiguilles circulaires, du bas en haut. Les manches sont \u00e9galement tricot\u00e9es sans couture en rond avec les doubles pointes ou avec les aiguilles circulaires si tu travailles en \u00ab\u00a0magic loop\u00a0\u00bb. Les manches sont ensuite port\u00e9es sur l\u2019aiguille circulaire du corps.<\/p>\n<p><strong>Instagram<\/strong><\/p>\n<p>Tu peux trouver plus de choix de couleurs sous le hashtag #kuuraneule<\/p>\n","protected":false},"excerpt":{"rendered":"<p>Neuleohje on ladattavissa heti maksusuorituksen j\u00e4lkeen tilauksen yhteydess\u00e4 ilmoittamastasi s\u00e4hk\u00f6postiosoitteesta. (Tarkastathan my\u00f6s roskapostikansion.) Ohjeen toimitus tapahtuu ainoastaan s\u00e4hk\u00f6isesti, eik\u00e4 sit\u00e4 l\u00e4hetet\u00e4 erikseen postitse. On suositeltavaa, ett\u00e4 ohje tallennetaan heti omalle laitteelle. Knit pattern can be downloaded immediately after payment from the e-mail you provided with your order. (Remember to check also the junk mail folder.) [&hellip;]<\/p>\n","protected":false},"featured_media":6100,"comment_status":"closed","ping_status":"closed","template":"","meta":{"_et_pb_use_builder":"","_et_pb_old_content":"","_et_gb_content_width":""},"product_brand":[],"product_cat":[22],"product_tag":[],"class_list":{"0":"post-6099","1":"product","2":"type-product","3":"status-publish","4":"has-post-thumbnail","6":"product_cat-neuleohjeet","7":"product_shipping_class-pdf","9":"first","10":"instock","11":"downloadable","12":"taxable","13":"shipping-taxable","14":"purchasable","15":"product-type-simple"},"yoast_head":"<!-- This site is optimized with the Yoast SEO plugin v27.4 - https:\/\/yoast.com\/product\/yoast-seo-wordpress\/ -->\n<title>Kuuraneule ohje \/ knit pattern (FI, EN\/US, NO, DE, FR) - Villahullu<\/title>\n<meta name=\"robots\" content=\"index, follow, max-snippet:-1, max-image-preview:large, max-video-preview:-1\" \/>\n<link rel=\"canonical\" href=\"https:\/\/villahullu.fi\/en\/product\/kuuraneule-ohje-pattern-fi-en-us-no-de\/\" \/>\n<meta property=\"og:locale\" content=\"en_US\" \/>\n<meta property=\"og:type\" content=\"article\" \/>\n<meta property=\"og:title\" content=\"Kuuraneule ohje \/ knit pattern (FI, EN\/US, NO, DE, FR) - Villahullu\" \/>\n<meta property=\"og:description\" content=\"Neuleohje on ladattavissa heti maksusuorituksen j\u00e4lkeen tilauksen yhteydess\u00e4 ilmoittamastasi s\u00e4hk\u00f6postiosoitteesta. (Tarkastathan my\u00f6s roskapostikansion.) Ohjeen toimitus tapahtuu ainoastaan s\u00e4hk\u00f6isesti, eik\u00e4 sit\u00e4 l\u00e4hetet\u00e4 erikseen postitse. On suositeltavaa, ett\u00e4 ohje tallennetaan heti omalle laitteelle. Knit pattern can be downloaded immediately after payment from the e-mail you provided with your order. (Remember to check also the junk mail folder.) [&hellip;]\" \/>\n<meta property=\"og:url\" content=\"https:\/\/villahullu.fi\/en\/product\/kuuraneule-ohje-pattern-fi-en-us-no-de\/\" \/>\n<meta property=\"og:site_name\" content=\"Villahullu\" \/>\n<meta property=\"article:publisher\" content=\"https:\/\/www.facebook.com\/villahullu\/\" \/>\n<meta property=\"article:modified_time\" content=\"2024-09-01T06:23:32+00:00\" \/>\n<meta property=\"og:image\" content=\"https:\/\/villahullu.fi\/wp-content\/uploads\/2022\/06\/Kuuraneule1.png\" \/>\n\t<meta property=\"og:image:width\" content=\"940\" \/>\n\t<meta property=\"og:image:height\" content=\"788\" \/>\n\t<meta property=\"og:image:type\" content=\"image\/png\" \/>\n<meta name=\"twitter:card\" content=\"summary_large_image\" \/>\n<meta name=\"twitter:label1\" content=\"Est. reading time\" \/>\n\t<meta name=\"twitter:data1\" content=\"10 minutes\" \/>\n<script type=\"application\/ld+json\" class=\"yoast-schema-graph\">{\"@context\":\"https:\\\/\\\/schema.org\",\"@graph\":[{\"@type\":\"WebPage\",\"@id\":\"https:\\\/\\\/villahullu.fi\\\/en\\\/product\\\/kuuraneule-ohje-pattern-fi-en-us-no-de\\\/\",\"url\":\"https:\\\/\\\/villahullu.fi\\\/en\\\/product\\\/kuuraneule-ohje-pattern-fi-en-us-no-de\\\/\",\"name\":\"Kuuraneule ohje \\\/ knit pattern (FI, EN\\\/US, NO, DE, FR) - Villahullu\",\"isPartOf\":{\"@id\":\"https:\\\/\\\/villahullu.fi\\\/en\\\/#website\"},\"primaryImageOfPage\":{\"@id\":\"https:\\\/\\\/villahullu.fi\\\/en\\\/product\\\/kuuraneule-ohje-pattern-fi-en-us-no-de\\\/#primaryimage\"},\"image\":{\"@id\":\"https:\\\/\\\/villahullu.fi\\\/en\\\/product\\\/kuuraneule-ohje-pattern-fi-en-us-no-de\\\/#primaryimage\"},\"thumbnailUrl\":\"https:\\\/\\\/villahullu.fi\\\/wp-content\\\/uploads\\\/2022\\\/06\\\/Kuuraneule1.png\",\"datePublished\":\"2022-06-17T02:00:17+00:00\",\"dateModified\":\"2024-09-01T06:23:32+00:00\",\"breadcrumb\":{\"@id\":\"https:\\\/\\\/villahullu.fi\\\/en\\\/product\\\/kuuraneule-ohje-pattern-fi-en-us-no-de\\\/#breadcrumb\"},\"inLanguage\":\"en-US\",\"potentialAction\":[{\"@type\":\"ReadAction\",\"target\":[\"https:\\\/\\\/villahullu.fi\\\/en\\\/product\\\/kuuraneule-ohje-pattern-fi-en-us-no-de\\\/\"]}]},{\"@type\":\"ImageObject\",\"inLanguage\":\"en-US\",\"@id\":\"https:\\\/\\\/villahullu.fi\\\/en\\\/product\\\/kuuraneule-ohje-pattern-fi-en-us-no-de\\\/#primaryimage\",\"url\":\"https:\\\/\\\/villahullu.fi\\\/wp-content\\\/uploads\\\/2022\\\/06\\\/Kuuraneule1.png\",\"contentUrl\":\"https:\\\/\\\/villahullu.fi\\\/wp-content\\\/uploads\\\/2022\\\/06\\\/Kuuraneule1.png\",\"width\":940,\"height\":788},{\"@type\":\"BreadcrumbList\",\"@id\":\"https:\\\/\\\/villahullu.fi\\\/en\\\/product\\\/kuuraneule-ohje-pattern-fi-en-us-no-de\\\/#breadcrumb\",\"itemListElement\":[{\"@type\":\"ListItem\",\"position\":1,\"name\":\"Etusivu\",\"item\":\"https:\\\/\\\/villahullu.fi\\\/en\\\/\"},{\"@type\":\"ListItem\",\"position\":2,\"name\":\"Shop\",\"item\":\"https:\\\/\\\/villahullu.fi\\\/en\\\/shop\\\/\"},{\"@type\":\"ListItem\",\"position\":3,\"name\":\"Kuuraneule ohje \\\/ knit pattern (FI, EN\\\/US, NO, DE, FR)\"}]},{\"@type\":\"WebSite\",\"@id\":\"https:\\\/\\\/villahullu.fi\\\/en\\\/#website\",\"url\":\"https:\\\/\\\/villahullu.fi\\\/en\\\/\",\"name\":\"Villahullu\",\"description\":\"Villapaitoja ja neulontaohjeita\",\"publisher\":{\"@id\":\"https:\\\/\\\/villahullu.fi\\\/en\\\/#organization\"},\"potentialAction\":[{\"@type\":\"SearchAction\",\"target\":{\"@type\":\"EntryPoint\",\"urlTemplate\":\"https:\\\/\\\/villahullu.fi\\\/en\\\/?s={search_term_string}\"},\"query-input\":{\"@type\":\"PropertyValueSpecification\",\"valueRequired\":true,\"valueName\":\"search_term_string\"}}],\"inLanguage\":\"en-US\"},{\"@type\":\"Organization\",\"@id\":\"https:\\\/\\\/villahullu.fi\\\/en\\\/#organization\",\"name\":\"Villahullu\",\"url\":\"https:\\\/\\\/villahullu.fi\\\/en\\\/\",\"logo\":{\"@type\":\"ImageObject\",\"inLanguage\":\"en-US\",\"@id\":\"https:\\\/\\\/villahullu.fi\\\/en\\\/#\\\/schema\\\/logo\\\/image\\\/\",\"url\":\"https:\\\/\\\/villahullu.fi\\\/wp-content\\\/uploads\\\/2021\\\/06\\\/logo.png\",\"contentUrl\":\"https:\\\/\\\/villahullu.fi\\\/wp-content\\\/uploads\\\/2021\\\/06\\\/logo.png\",\"width\":374,\"height\":98,\"caption\":\"Villahullu\"},\"image\":{\"@id\":\"https:\\\/\\\/villahullu.fi\\\/en\\\/#\\\/schema\\\/logo\\\/image\\\/\"},\"sameAs\":[\"https:\\\/\\\/www.facebook.com\\\/villahullu\\\/\",\"https:\\\/\\\/www.instagram.com\\\/villahullu\\\/\"]}]}<\/script>\n<!-- \/ Yoast SEO plugin. -->","yoast_head_json":{"title":"Kuuraneule ohje \/ knit pattern (FI, EN\/US, NO, DE, FR) - Villahullu","robots":{"index":"index","follow":"follow","max-snippet":"max-snippet:-1","max-image-preview":"max-image-preview:large","max-video-preview":"max-video-preview:-1"},"canonical":"https:\/\/villahullu.fi\/en\/product\/kuuraneule-ohje-pattern-fi-en-us-no-de\/","og_locale":"en_US","og_type":"article","og_title":"Kuuraneule ohje \/ knit pattern (FI, EN\/US, NO, DE, FR) - Villahullu","og_description":"Neuleohje on ladattavissa heti maksusuorituksen j\u00e4lkeen tilauksen yhteydess\u00e4 ilmoittamastasi s\u00e4hk\u00f6postiosoitteesta. (Tarkastathan my\u00f6s roskapostikansion.) Ohjeen toimitus tapahtuu ainoastaan s\u00e4hk\u00f6isesti, eik\u00e4 sit\u00e4 l\u00e4hetet\u00e4 erikseen postitse. On suositeltavaa, ett\u00e4 ohje tallennetaan heti omalle laitteelle. Knit pattern can be downloaded immediately after payment from the e-mail you provided with your order. (Remember to check also the junk mail folder.) [&hellip;]","og_url":"https:\/\/villahullu.fi\/en\/product\/kuuraneule-ohje-pattern-fi-en-us-no-de\/","og_site_name":"Villahullu","article_publisher":"https:\/\/www.facebook.com\/villahullu\/","article_modified_time":"2024-09-01T06:23:32+00:00","og_image":[{"width":940,"height":788,"url":"https:\/\/villahullu.fi\/wp-content\/uploads\/2022\/06\/Kuuraneule1.png","type":"image\/png"}],"twitter_card":"summary_large_image","twitter_misc":{"Est. reading time":"10 minutes"},"schema":{"@context":"https:\/\/schema.org","@graph":[{"@type":"WebPage","@id":"https:\/\/villahullu.fi\/en\/product\/kuuraneule-ohje-pattern-fi-en-us-no-de\/","url":"https:\/\/villahullu.fi\/en\/product\/kuuraneule-ohje-pattern-fi-en-us-no-de\/","name":"Kuuraneule ohje \/ knit pattern (FI, EN\/US, NO, DE, FR) - Villahullu","isPartOf":{"@id":"https:\/\/villahullu.fi\/en\/#website"},"primaryImageOfPage":{"@id":"https:\/\/villahullu.fi\/en\/product\/kuuraneule-ohje-pattern-fi-en-us-no-de\/#primaryimage"},"image":{"@id":"https:\/\/villahullu.fi\/en\/product\/kuuraneule-ohje-pattern-fi-en-us-no-de\/#primaryimage"},"thumbnailUrl":"https:\/\/villahullu.fi\/wp-content\/uploads\/2022\/06\/Kuuraneule1.png","datePublished":"2022-06-17T02:00:17+00:00","dateModified":"2024-09-01T06:23:32+00:00","breadcrumb":{"@id":"https:\/\/villahullu.fi\/en\/product\/kuuraneule-ohje-pattern-fi-en-us-no-de\/#breadcrumb"},"inLanguage":"en-US","potentialAction":[{"@type":"ReadAction","target":["https:\/\/villahullu.fi\/en\/product\/kuuraneule-ohje-pattern-fi-en-us-no-de\/"]}]},{"@type":"ImageObject","inLanguage":"en-US","@id":"https:\/\/villahullu.fi\/en\/product\/kuuraneule-ohje-pattern-fi-en-us-no-de\/#primaryimage","url":"https:\/\/villahullu.fi\/wp-content\/uploads\/2022\/06\/Kuuraneule1.png","contentUrl":"https:\/\/villahullu.fi\/wp-content\/uploads\/2022\/06\/Kuuraneule1.png","width":940,"height":788},{"@type":"BreadcrumbList","@id":"https:\/\/villahullu.fi\/en\/product\/kuuraneule-ohje-pattern-fi-en-us-no-de\/#breadcrumb","itemListElement":[{"@type":"ListItem","position":1,"name":"Etusivu","item":"https:\/\/villahullu.fi\/en\/"},{"@type":"ListItem","position":2,"name":"Shop","item":"https:\/\/villahullu.fi\/en\/shop\/"},{"@type":"ListItem","position":3,"name":"Kuuraneule ohje \/ knit pattern (FI, EN\/US, NO, DE, FR)"}]},{"@type":"WebSite","@id":"https:\/\/villahullu.fi\/en\/#website","url":"https:\/\/villahullu.fi\/en\/","name":"Villahullu","description":"Villapaitoja ja neulontaohjeita","publisher":{"@id":"https:\/\/villahullu.fi\/en\/#organization"},"potentialAction":[{"@type":"SearchAction","target":{"@type":"EntryPoint","urlTemplate":"https:\/\/villahullu.fi\/en\/?s={search_term_string}"},"query-input":{"@type":"PropertyValueSpecification","valueRequired":true,"valueName":"search_term_string"}}],"inLanguage":"en-US"},{"@type":"Organization","@id":"https:\/\/villahullu.fi\/en\/#organization","name":"Villahullu","url":"https:\/\/villahullu.fi\/en\/","logo":{"@type":"ImageObject","inLanguage":"en-US","@id":"https:\/\/villahullu.fi\/en\/#\/schema\/logo\/image\/","url":"https:\/\/villahullu.fi\/wp-content\/uploads\/2021\/06\/logo.png","contentUrl":"https:\/\/villahullu.fi\/wp-content\/uploads\/2021\/06\/logo.png","width":374,"height":98,"caption":"Villahullu"},"image":{"@id":"https:\/\/villahullu.fi\/en\/#\/schema\/logo\/image\/"},"sameAs":["https:\/\/www.facebook.com\/villahullu\/","https:\/\/www.instagram.com\/villahullu\/"]}]}},"jetpack_sharing_enabled":true,"_links":{"self":[{"href":"https:\/\/villahullu.fi\/en\/wp-json\/wp\/v2\/product\/6099","targetHints":{"allow":["GET"]}}],"collection":[{"href":"https:\/\/villahullu.fi\/en\/wp-json\/wp\/v2\/product"}],"about":[{"href":"https:\/\/villahullu.fi\/en\/wp-json\/wp\/v2\/types\/product"}],"replies":[{"embeddable":true,"href":"https:\/\/villahullu.fi\/en\/wp-json\/wp\/v2\/comments?post=6099"}],"wp:featuredmedia":[{"embeddable":true,"href":"https:\/\/villahullu.fi\/en\/wp-json\/wp\/v2\/media\/6100"}],"wp:attachment":[{"href":"https:\/\/villahullu.fi\/en\/wp-json\/wp\/v2\/media?parent=6099"}],"wp:term":[{"taxonomy":"product_brand","embeddable":true,"href":"https:\/\/villahullu.fi\/en\/wp-json\/wp\/v2\/product_brand?post=6099"},{"taxonomy":"product_cat","embeddable":true,"href":"https:\/\/villahullu.fi\/en\/wp-json\/wp\/v2\/product_cat?post=6099"},{"taxonomy":"product_tag","embeddable":true,"href":"https:\/\/villahullu.fi\/en\/wp-json\/wp\/v2\/product_tag?post=6099"}],"curies":[{"name":"wp","href":"https:\/\/api.w.org\/{rel}","templated":true}]}}