{"id":5887,"date":"2022-05-26T23:37:07","date_gmt":"2022-05-26T20:37:07","guid":{"rendered":"https:\/\/villahullu.fi\/?post_type=product&#038;p=5887"},"modified":"2024-09-01T09:23:34","modified_gmt":"2024-09-01T06:23:34","slug":"pihkaneule-ohje-pattern-fi-en-us-se-de","status":"publish","type":"product","link":"https:\/\/villahullu.fi\/en\/product\/pihkaneule-ohje-pattern-fi-en-us-se-de\/","title":{"rendered":"Pihkaneule ohje \/ knit pattern (FI, EN\/US, SE, DE)"},"content":{"rendered":"<p><img loading=\"lazy\" decoding=\"async\" class=\"alignnone size-medium wp-image-5888\" src=\"https:\/\/villahullu.fi\/wp-content\/uploads\/2022\/05\/IMG_20220526_213809_253-276x300.jpg\" alt=\"\" width=\"276\" height=\"300\" \/> <img loading=\"lazy\" decoding=\"async\" class=\"alignnone size-medium wp-image-5890\" src=\"https:\/\/villahullu.fi\/wp-content\/uploads\/2022\/05\/IMG_20220524_191949_026-282x300.jpg\" alt=\"\" width=\"282\" height=\"300\" \/> <img loading=\"lazy\" decoding=\"async\" class=\"alignnone size-medium wp-image-5892\" src=\"https:\/\/villahullu.fi\/wp-content\/uploads\/2022\/05\/20220519_174527-225x300.jpg\" alt=\"\" width=\"225\" height=\"300\" \/> <img loading=\"lazy\" decoding=\"async\" class=\"alignnone size-medium wp-image-5894\" src=\"https:\/\/villahullu.fi\/wp-content\/uploads\/2022\/05\/N9A0183_edit_569505646158932-200x300.jpg\" alt=\"\" width=\"200\" height=\"300\" \/> <img loading=\"lazy\" decoding=\"async\" class=\"alignnone size-medium wp-image-5896\" src=\"https:\/\/villahullu.fi\/wp-content\/uploads\/2022\/05\/20220515_162354-257x300.jpg\" alt=\"\" width=\"257\" height=\"300\" \/>\u00a0 <img loading=\"lazy\" decoding=\"async\" class=\"alignnone size-medium wp-image-5900\" src=\"https:\/\/villahullu.fi\/wp-content\/uploads\/2022\/05\/20220519_182223-225x300.jpg\" alt=\"\" width=\"225\" height=\"300\" \/><\/p>\n<p><strong><em>Neuleohje on ladattavissa heti maksusuorituksen j\u00e4lkeen tilauksen yhteydess\u00e4 ilmoittamastasi s\u00e4hk\u00f6postiosoitteesta. (Tarkastathan my\u00f6s roskapostikansion.) Ohjeen toimitus tapahtuu ainoastaan s\u00e4hk\u00f6isesti, eik\u00e4 sit\u00e4 l\u00e4hetet\u00e4 erikseen postitse. On suositeltavaa, ett\u00e4 ohje tallennetaan heti omalle laitteelle.<br \/>\n<\/em><\/strong><\/p>\n<p><strong><em>Knit pattern can be downloaded immediately after payment from the e-mail you provided with your order. (Remember to check also the junk mail folder.) The patter<\/em><\/strong><strong><em>n is delivered only electronically and is not send separately by post. It is recommended that you save the pattern to your device immediately. You can find all the languages mentioned in the tittle in the same pdf file.<br \/>\n<\/em><\/strong><\/p>\n<p><strong>Koot XXS, XS, S, M, L, XL, XXL<\/strong><\/p>\n<p>Alaosan leveys (XXS)42 (XS)44,5 (S)46,5 (M)49 (L)51 (XL)53 (XXL)55,5 cm<\/p>\n<p>Pituus helmasta kainaloon (XXS)39 (XS)40 (S)41 (M)43 (L)44 (XL)45 (XXL)46 cm<\/p>\n<p>Hihan pituus (XXS)47 (XS)48 (S)49 (M)50 (L)51 (XL)52 (XXL)54 cm<\/p>\n<p><strong>Langan menekki <\/strong>Lettlopi 50 g ker\u00e4<\/p>\n<p>P\u00e4\u00e4v\u00e4ri 0054 Light grey\u00a0\u00a0\u00a0 (XXS)7 (XS)7 (S)8 (M)8 (L)8 (XL)9 (XXL)10<\/p>\n<p>A 9427 Rust heather\u00a0\u00a0\u00a0\u00a0\u00a0\u00a0\u00a0\u00a0\u00a0 (XXS)1 (XS)1 (S)2 (M)2 (L)2 (XL)2 (XXL)2<\/p>\n<p>B 0867 Chocolate\u00a0\u00a0\u00a0\u00a0\u00a0\u00a0\u00a0\u00a0\u00a0\u00a0\u00a0\u00a0\u00a0 (XXS)1 (XS)1 (S)2 (M)2 (L)2 (XL)2 (XXL)2<\/p>\n<p>C 1704 Apricot\u00a0\u00a0\u00a0\u00a0\u00a0\u00a0\u00a0\u00a0\u00a0\u00a0\u00a0\u00a0\u00a0\u00a0\u00a0\u00a0\u00a0 (XXS)1 (XS)1 (S)1 (M)1 (L)1 (XL)1 (XXL)1<\/p>\n<p><strong>Puikot<\/strong><\/p>\n<p>Py\u00f6r\u00f6puikko 3,5 mm 80 cm<\/p>\n<p>Py\u00f6r\u00f6puikko 4,5 mm 80 cm<\/p>\n<p>Sukkapuikot 3,5 mm ja 4,5 mm<\/p>\n<p>(Mik\u00e4li et k\u00e4yt\u00e4 Magic loop- tekniikkaa, tarvitset my\u00f6s py\u00f6r\u00f6puikot 3,5 mm ja 4,5 mm 40 cm)<\/p>\n<p><strong>Neuletiheys <\/strong>10\u00d710 cm: 18 silmukkaa ja 24 rivi\u00e4 4,5 mm puikoilla<\/p>\n<p><strong>Ty\u00f6ohje<\/strong><\/p>\n<p>Neulo alaosa ja hihat py\u00f6r\u00f6n\u00e4 alhaalta yl\u00f6s. Yhdist\u00e4 kainalossa alaosa sek\u00e4 hihat samalle puikolle<\/p>\n<p>ja neulo kaarroke py\u00f6r\u00f6n\u00e4. Alaosassa kerros alkaa vasemmasta sivusta, mutta yhdist\u00e4misen<\/p>\n<p>j\u00e4lkeen kohdasta, jossa takakappale ja vasen hiha on yhdistetty.<\/p>\n<p>Katso lis\u00e4\u00e4 kuvia Instagramissa #pihkaneule &#8211; tagin takaa.<\/p>\n<h2><\/h2>\n<h2><strong>English<\/strong><\/h2>\n<p><strong>Size \u00a0\u00a0\u00a0\u00a0\u00a0\u00a0\u00a0\u00a0\u00a0\u00a0\u00a0\u00a0\u00a0 XXS, XS, S, M, L, XL, XXL<\/strong><\/p>\n<p>Body width \u00a0 (XXS)42 (XS)44,5 (S)46,5 (M)49 (L)51 (XL)53 (XXL)55,5 cm<\/p>\n<p>(XXS)16\u00bd (XS)17\u00bd (S)18\u00bd (M)19 (L)20 (XL)21 (XXL)21\u00bd inches<\/p>\n<p>Body length (XXS)40 (XS)40 (S)41 (M)43 (L)44 (XL)45 (XXL)46 cm (or desired)<\/p>\n<p>(XXS)15\u00bd (XS)15\u00bd (S)16 (M)17 (L)17\u00bd (XL)18 (XXL)18\u00bd inches<\/p>\n<p>Sleeve length (XXS)47 (XS)48 (S)49 (M)50 (L)51 (XL)52 (XXL)54 cm<\/p>\n<p>(XXS)18\u00bd (XS)19 (S)19\u00bd (M)20 (L)20\u00bd (XL)20\u00bd (XXL)21 inches<\/p>\n<p><strong>Yarn \u00a0\u00a0\u00a0\u00a0\u00a0\u00a0\u00a0\u00a0\u00a0\u00a0\u00a0\u00a0\u00a0\u00a0\u00a0\u00a0\u00a0\u00a0\u00a0\u00a0\u00a0\u00a0\u00a0\u00a0\u00a0\u00a0\u00a0\u00a0\u00a0\u00a0\u00a0\u00a0 <\/strong>Lettlopi 50 g ball<\/p>\n<p>MC 0054 Light grey\u00a0\u00a0\u00a0\u00a0\u00a0\u00a0\u00a0\u00a0\u00a0 (XXS)7 (XS)7 (S)8 (M)8 (L)8 (XL)9 (XXL)10<\/p>\n<p>A 9427 Rust heather\u00a0\u00a0\u00a0\u00a0\u00a0\u00a0\u00a0\u00a0\u00a0 (XXS)1 (XS)1 (S)2 (M)2 (L)2 (XL)2 (XXL)2<\/p>\n<p>B 0867 Chocolate\u00a0\u00a0\u00a0\u00a0\u00a0\u00a0\u00a0\u00a0\u00a0\u00a0\u00a0\u00a0\u00a0 (XXS)1 (XS)1 (S)2 (M)2 (L)2 (XL)2 (XXL)2<\/p>\n<p>C 1704 Apricot\u00a0\u00a0\u00a0\u00a0\u00a0\u00a0\u00a0\u00a0\u00a0\u00a0\u00a0\u00a0\u00a0\u00a0\u00a0\u00a0\u00a0 (XXS)1 (XS)1 (S)1 (M)1 (L)1 (XL)1 (XXL)1<\/p>\n<p><strong>Needles:<\/strong><\/p>\n<p>Circular needle 3.5 mm 80 cm US 4, 32\u201d<\/p>\n<p>Circular needle 4.5 mm 80 cm US 7, 32\u201d<\/p>\n<p>Double pointed needles 3.5 mm and 4.5 mm US 4 and 7<\/p>\n<p>(If you don\u2019t use the magic loop- technique,<\/p>\n<p>you will need to use circular needle 3. 5mm and 4.5 mm 40 cm US 4 and 7, 16\u201d)<\/p>\n<p><strong>Gauge<\/strong><\/p>\n<p>10\u00d710 cm: 18 stitches and 24 rows using needle size 4.5mm<\/p>\n<p><strong>Instructions<\/strong><\/p>\n<p>Work body in the round on circular needle, bottom up. Work sleeves in the round on double pointed needles or circular needle using the Magic loop- technique. Slip sleeves on to same circular needle as body.<\/p>\n<p><strong>Instagram<\/strong><\/p>\n<p>You can find more color choices using #pihkaneule<\/p>\n<h2><\/h2>\n<h2><strong>Deutsch<\/strong><\/h2>\n<p><strong>Gr\u00f6ssen XXS, XS, S, M, L, XL, XXL<\/strong><\/p>\n<p>K\u00f6rper, Breite (XXS)42 (XS)44.5 (S)46.5 (M)49 (L)51 (XL)53 (XXL)55.5<strong>\u00a0<\/strong>cm<\/p>\n<p>K\u00f6rper, L\u00e4nge (XXS)40 (XS)40 (S)41 (M)43 (L)44 (XL)45 (XXL)46 cm (oder gew\u00fcnschte L\u00e4nge)<\/p>\n<p>\u00c4rmel, L\u00e4nge (XXS)47 (XS)48 (S)49 (M)50 (L)51 (XL)52 (XXL)54 cm<\/p>\n<p><strong>Garn <\/strong>Lettlopi, 50\u00a0g Kn\u00e4uel<\/p>\n<p>Hauptfarbe (HF) 0054 Light grey (XXS)7 (XS)7 (S)8 (M)8 (L)8 (XL)9 (XXL)10<\/p>\n<p>A 9427 Rust heather (XXS)1 (XS)1 (S)2 (M)2 (L)2 (XL)2 (XXL)2<\/p>\n<p>B 0867 Chocolate (XXS)1 (XS)1 (S)2 (M)2 (L)2 (XL)2 (XXL)2<\/p>\n<p>C 1704 Apricot (XXS)1 (XS)1 (S)1 (M)1 (L)1 (XL)1 (XXL)1<\/p>\n<p><strong>Stricknadeln<\/strong><\/p>\n<p>3.5 Rundstricknadel, 80\u00a0cm lang<\/p>\n<p>4.5\u00a0mm Rundstricknadel, 80\u00a0cm lang<\/p>\n<p>3.5\u00a0mm und 4.5\u00a0mm Nadelspiel<\/p>\n<p>(Wenn du nicht mit Magic-Loop arbeiten m\u00f6chtest,<\/p>\n<p>ben\u00f6tigst du zudem eine 3.5\u00a0mm und 4.5\u00a0mm kurze Rundstricknadel von 40\u00a0cm L\u00e4nge)<\/p>\n<p><strong>Maschenprobe<\/strong><\/p>\n<p>10\u00d710 cm: 18\u00a0Maschen (M) und 24\u00a0Reihen mit Nadelst\u00e4rke 4.5\u00a0mm<\/p>\n<p><strong>Anleitung<\/strong><\/p>\n<p>Das Vorder- und R\u00fcckenteil (K\u00f6rper) werden gleichzeitig in Runden auf der Rundstricknadel von unten nach oben gestrickt. Auch die \u00c4rmel werden in Runden mit dem Nadelspiel oder mit der Rundstricknadel und der Magic-Loop-Methode gestrickt. \u00dcbertrage dann die \u00c4rmel auf die Rundstricknadel des K\u00f6rperteils.<\/p>\n<p><strong>Instagram<\/strong><br \/>\nMit dem Hashtag #pihkaneule kannst du weitere Farbm\u00f6glichkeiten finden.<\/p>\n<h2><\/h2>\n<h2><strong>Svenska<\/strong><\/h2>\n<p><strong>Storlekar XXS, XS, S, M, L, XL, XXL<\/strong><\/p>\n<p>B\u00e5lens vidd (XXS)42 (XS)44,5 (S)46,5 (M)49 (L)51 (XL)53 (XXL)55,5 cm (eller \u00f6nskad l\u00e4ngd)<\/p>\n<p>B\u00e5lens l\u00e4ngd (XXS)40 (XS)40 (S)41 (M)43 (L)44 (XL)45 (XXL)46 cm (eller \u00f6nskad l\u00e4ngd)<\/p>\n<p>\u00c4rml\u00e4ngd (XXS)47 (XS)48 (S)49 (M)50 (L)51 (XL)52 (XXL)54 cm (eller \u00f6nskad l\u00e4ngd)<\/p>\n<p><strong>Garn <\/strong>Lettlopi 50 g nystan<\/p>\n<p>BF 0054 Light grey\u00a0\u00a0\u00a0\u00a0\u00a0\u00a0\u00a0\u00a0\u00a0\u00a0\u00a0 (XXS)7 (XS)7 (S)8 (M)8 (L)8 (XL)9 (XXL)10<\/p>\n<p>A 9427 Rust heather\u00a0\u00a0\u00a0\u00a0\u00a0\u00a0\u00a0\u00a0\u00a0 (XXS)1 (XS)1 (S)2 (M)2 (L)2 (XL)2 (XXL)2<\/p>\n<p>B 0867 Chocolate\u00a0\u00a0\u00a0\u00a0\u00a0\u00a0\u00a0\u00a0\u00a0\u00a0\u00a0\u00a0\u00a0 (XXS)1 (XS)1 (S)2 (M)2 (L)2 (XL)2 (XXL)2<\/p>\n<p>C 1704 Apricot\u00a0\u00a0\u00a0\u00a0\u00a0\u00a0\u00a0\u00a0\u00a0\u00a0\u00a0\u00a0\u00a0\u00a0\u00a0\u00a0\u00a0 (XXS)1 (XS)1 (S)1 (M)1 (L)1 (XL)1 (XXL)1<\/p>\n<p><strong>Stickor:<\/strong><\/p>\n<p>Rundsticka 3,5mm 80cm, Rundsticka 4,5mm 80cm, Strumpstickor 3.5mm och 4,5mm. Om du anv\u00e4nder dig av Magic-loop tekniken beh\u00f6ver du rundstickor 3.5mm och 4,5mm 40cm<\/p>\n<p><strong>Maskt\u00e4thet: <\/strong><\/p>\n<p>10\u00d710 cm: 18 maskor och 24 varv med sticka 4,5 mm<\/p>\n<p><strong>Instruktioner: <\/strong><\/p>\n<p>Sticka kroppen runt p\u00e5 rundsticka, nerifr\u00e5n och upp. Sticka \u00e4rmarna runt p\u00e5 strumpstickor eller rundstickor med Magic loop-tekniken. Sticka p\u00e5 \u00e4rmarna p\u00e5 samma rundsticka som kroppen.<\/p>\n<p><strong>Instagram<\/strong><br \/>\nDu hittar fler f\u00e4rgalternativ p\u00e5 Instagram med hashtaggen #pihkaneule<\/p>\n","protected":false},"excerpt":{"rendered":"<p>\u00a0 Neuleohje on ladattavissa heti maksusuorituksen j\u00e4lkeen tilauksen yhteydess\u00e4 ilmoittamastasi s\u00e4hk\u00f6postiosoitteesta. (Tarkastathan my\u00f6s roskapostikansion.) Ohjeen toimitus tapahtuu ainoastaan s\u00e4hk\u00f6isesti, eik\u00e4 sit\u00e4 l\u00e4hetet\u00e4 erikseen postitse. On suositeltavaa, ett\u00e4 ohje tallennetaan heti omalle laitteelle. Knit pattern can be downloaded immediately after payment from the e-mail you provided with your order. (Remember to check also the junk mail [&hellip;]<\/p>\n","protected":false},"featured_media":5902,"comment_status":"closed","ping_status":"closed","template":"","meta":{"_et_pb_use_builder":"","_et_pb_old_content":"","_et_gb_content_width":""},"product_brand":[],"product_cat":[22],"product_tag":[],"class_list":{"0":"post-5887","1":"product","2":"type-product","3":"status-publish","4":"has-post-thumbnail","6":"product_cat-neuleohjeet","7":"product_shipping_class-pdf","9":"first","10":"instock","11":"downloadable","12":"taxable","13":"shipping-taxable","14":"purchasable","15":"product-type-simple"},"yoast_head":"<!-- This site is optimized with the Yoast SEO plugin v27.4 - https:\/\/yoast.com\/product\/yoast-seo-wordpress\/ -->\n<title>Pihkaneule ohje \/ knit pattern (FI, EN\/US, SE, DE) - Villahullu<\/title>\n<meta name=\"robots\" content=\"index, follow, max-snippet:-1, max-image-preview:large, max-video-preview:-1\" \/>\n<link rel=\"canonical\" href=\"https:\/\/villahullu.fi\/en\/product\/pihkaneule-ohje-pattern-fi-en-us-se-de\/\" \/>\n<meta property=\"og:locale\" content=\"en_US\" \/>\n<meta property=\"og:type\" content=\"article\" \/>\n<meta property=\"og:title\" content=\"Pihkaneule ohje \/ knit pattern (FI, EN\/US, SE, DE) - Villahullu\" \/>\n<meta property=\"og:description\" content=\"\u00a0 Neuleohje on ladattavissa heti maksusuorituksen j\u00e4lkeen tilauksen yhteydess\u00e4 ilmoittamastasi s\u00e4hk\u00f6postiosoitteesta. (Tarkastathan my\u00f6s roskapostikansion.) Ohjeen toimitus tapahtuu ainoastaan s\u00e4hk\u00f6isesti, eik\u00e4 sit\u00e4 l\u00e4hetet\u00e4 erikseen postitse. On suositeltavaa, ett\u00e4 ohje tallennetaan heti omalle laitteelle. Knit pattern can be downloaded immediately after payment from the e-mail you provided with your order. (Remember to check also the junk mail [&hellip;]\" \/>\n<meta property=\"og:url\" content=\"https:\/\/villahullu.fi\/en\/product\/pihkaneule-ohje-pattern-fi-en-us-se-de\/\" \/>\n<meta property=\"og:site_name\" content=\"Villahullu\" \/>\n<meta property=\"article:publisher\" content=\"https:\/\/www.facebook.com\/villahullu\/\" \/>\n<meta property=\"article:modified_time\" content=\"2024-09-01T06:23:34+00:00\" \/>\n<meta property=\"og:image\" content=\"https:\/\/villahullu.fi\/wp-content\/uploads\/2022\/05\/Copy-of-Kopio-Kopio-Copy-of-Kopio-Kopio-Kopio-Copy-of-Kopio-Copy-of-Kelopipo-ohje-pattern-kuva.png\" \/>\n\t<meta property=\"og:image:width\" content=\"940\" \/>\n\t<meta property=\"og:image:height\" content=\"788\" \/>\n\t<meta property=\"og:image:type\" content=\"image\/png\" \/>\n<meta name=\"twitter:card\" content=\"summary_large_image\" \/>\n<meta name=\"twitter:label1\" content=\"Est. reading time\" \/>\n\t<meta name=\"twitter:data1\" content=\"7 minutes\" \/>\n<script type=\"application\/ld+json\" class=\"yoast-schema-graph\">{\"@context\":\"https:\\\/\\\/schema.org\",\"@graph\":[{\"@type\":\"WebPage\",\"@id\":\"https:\\\/\\\/villahullu.fi\\\/en\\\/product\\\/pihkaneule-ohje-pattern-fi-en-us-se-de\\\/\",\"url\":\"https:\\\/\\\/villahullu.fi\\\/en\\\/product\\\/pihkaneule-ohje-pattern-fi-en-us-se-de\\\/\",\"name\":\"Pihkaneule ohje \\\/ knit pattern (FI, EN\\\/US, SE, DE) - Villahullu\",\"isPartOf\":{\"@id\":\"https:\\\/\\\/villahullu.fi\\\/en\\\/#website\"},\"primaryImageOfPage\":{\"@id\":\"https:\\\/\\\/villahullu.fi\\\/en\\\/product\\\/pihkaneule-ohje-pattern-fi-en-us-se-de\\\/#primaryimage\"},\"image\":{\"@id\":\"https:\\\/\\\/villahullu.fi\\\/en\\\/product\\\/pihkaneule-ohje-pattern-fi-en-us-se-de\\\/#primaryimage\"},\"thumbnailUrl\":\"https:\\\/\\\/villahullu.fi\\\/wp-content\\\/uploads\\\/2022\\\/05\\\/Copy-of-Kopio-Kopio-Copy-of-Kopio-Kopio-Kopio-Copy-of-Kopio-Copy-of-Kelopipo-ohje-pattern-kuva.png\",\"datePublished\":\"2022-05-26T20:37:07+00:00\",\"dateModified\":\"2024-09-01T06:23:34+00:00\",\"breadcrumb\":{\"@id\":\"https:\\\/\\\/villahullu.fi\\\/en\\\/product\\\/pihkaneule-ohje-pattern-fi-en-us-se-de\\\/#breadcrumb\"},\"inLanguage\":\"en-US\",\"potentialAction\":[{\"@type\":\"ReadAction\",\"target\":[\"https:\\\/\\\/villahullu.fi\\\/en\\\/product\\\/pihkaneule-ohje-pattern-fi-en-us-se-de\\\/\"]}]},{\"@type\":\"ImageObject\",\"inLanguage\":\"en-US\",\"@id\":\"https:\\\/\\\/villahullu.fi\\\/en\\\/product\\\/pihkaneule-ohje-pattern-fi-en-us-se-de\\\/#primaryimage\",\"url\":\"https:\\\/\\\/villahullu.fi\\\/wp-content\\\/uploads\\\/2022\\\/05\\\/Copy-of-Kopio-Kopio-Copy-of-Kopio-Kopio-Kopio-Copy-of-Kopio-Copy-of-Kelopipo-ohje-pattern-kuva.png\",\"contentUrl\":\"https:\\\/\\\/villahullu.fi\\\/wp-content\\\/uploads\\\/2022\\\/05\\\/Copy-of-Kopio-Kopio-Copy-of-Kopio-Kopio-Kopio-Copy-of-Kopio-Copy-of-Kelopipo-ohje-pattern-kuva.png\",\"width\":940,\"height\":788},{\"@type\":\"BreadcrumbList\",\"@id\":\"https:\\\/\\\/villahullu.fi\\\/en\\\/product\\\/pihkaneule-ohje-pattern-fi-en-us-se-de\\\/#breadcrumb\",\"itemListElement\":[{\"@type\":\"ListItem\",\"position\":1,\"name\":\"Etusivu\",\"item\":\"https:\\\/\\\/villahullu.fi\\\/en\\\/\"},{\"@type\":\"ListItem\",\"position\":2,\"name\":\"Shop\",\"item\":\"https:\\\/\\\/villahullu.fi\\\/en\\\/shop\\\/\"},{\"@type\":\"ListItem\",\"position\":3,\"name\":\"Pihkaneule ohje \\\/ knit pattern (FI, EN\\\/US, SE, DE)\"}]},{\"@type\":\"WebSite\",\"@id\":\"https:\\\/\\\/villahullu.fi\\\/en\\\/#website\",\"url\":\"https:\\\/\\\/villahullu.fi\\\/en\\\/\",\"name\":\"Villahullu\",\"description\":\"Villapaitoja ja neulontaohjeita\",\"publisher\":{\"@id\":\"https:\\\/\\\/villahullu.fi\\\/en\\\/#organization\"},\"potentialAction\":[{\"@type\":\"SearchAction\",\"target\":{\"@type\":\"EntryPoint\",\"urlTemplate\":\"https:\\\/\\\/villahullu.fi\\\/en\\\/?s={search_term_string}\"},\"query-input\":{\"@type\":\"PropertyValueSpecification\",\"valueRequired\":true,\"valueName\":\"search_term_string\"}}],\"inLanguage\":\"en-US\"},{\"@type\":\"Organization\",\"@id\":\"https:\\\/\\\/villahullu.fi\\\/en\\\/#organization\",\"name\":\"Villahullu\",\"url\":\"https:\\\/\\\/villahullu.fi\\\/en\\\/\",\"logo\":{\"@type\":\"ImageObject\",\"inLanguage\":\"en-US\",\"@id\":\"https:\\\/\\\/villahullu.fi\\\/en\\\/#\\\/schema\\\/logo\\\/image\\\/\",\"url\":\"https:\\\/\\\/villahullu.fi\\\/wp-content\\\/uploads\\\/2021\\\/06\\\/logo.png\",\"contentUrl\":\"https:\\\/\\\/villahullu.fi\\\/wp-content\\\/uploads\\\/2021\\\/06\\\/logo.png\",\"width\":374,\"height\":98,\"caption\":\"Villahullu\"},\"image\":{\"@id\":\"https:\\\/\\\/villahullu.fi\\\/en\\\/#\\\/schema\\\/logo\\\/image\\\/\"},\"sameAs\":[\"https:\\\/\\\/www.facebook.com\\\/villahullu\\\/\",\"https:\\\/\\\/www.instagram.com\\\/villahullu\\\/\"]}]}<\/script>\n<!-- \/ Yoast SEO plugin. -->","yoast_head_json":{"title":"Pihkaneule ohje \/ knit pattern (FI, EN\/US, SE, DE) - Villahullu","robots":{"index":"index","follow":"follow","max-snippet":"max-snippet:-1","max-image-preview":"max-image-preview:large","max-video-preview":"max-video-preview:-1"},"canonical":"https:\/\/villahullu.fi\/en\/product\/pihkaneule-ohje-pattern-fi-en-us-se-de\/","og_locale":"en_US","og_type":"article","og_title":"Pihkaneule ohje \/ knit pattern (FI, EN\/US, SE, DE) - Villahullu","og_description":"\u00a0 Neuleohje on ladattavissa heti maksusuorituksen j\u00e4lkeen tilauksen yhteydess\u00e4 ilmoittamastasi s\u00e4hk\u00f6postiosoitteesta. (Tarkastathan my\u00f6s roskapostikansion.) Ohjeen toimitus tapahtuu ainoastaan s\u00e4hk\u00f6isesti, eik\u00e4 sit\u00e4 l\u00e4hetet\u00e4 erikseen postitse. On suositeltavaa, ett\u00e4 ohje tallennetaan heti omalle laitteelle. Knit pattern can be downloaded immediately after payment from the e-mail you provided with your order. (Remember to check also the junk mail [&hellip;]","og_url":"https:\/\/villahullu.fi\/en\/product\/pihkaneule-ohje-pattern-fi-en-us-se-de\/","og_site_name":"Villahullu","article_publisher":"https:\/\/www.facebook.com\/villahullu\/","article_modified_time":"2024-09-01T06:23:34+00:00","og_image":[{"width":940,"height":788,"url":"https:\/\/villahullu.fi\/wp-content\/uploads\/2022\/05\/Copy-of-Kopio-Kopio-Copy-of-Kopio-Kopio-Kopio-Copy-of-Kopio-Copy-of-Kelopipo-ohje-pattern-kuva.png","type":"image\/png"}],"twitter_card":"summary_large_image","twitter_misc":{"Est. reading time":"7 minutes"},"schema":{"@context":"https:\/\/schema.org","@graph":[{"@type":"WebPage","@id":"https:\/\/villahullu.fi\/en\/product\/pihkaneule-ohje-pattern-fi-en-us-se-de\/","url":"https:\/\/villahullu.fi\/en\/product\/pihkaneule-ohje-pattern-fi-en-us-se-de\/","name":"Pihkaneule ohje \/ knit pattern (FI, EN\/US, SE, DE) - Villahullu","isPartOf":{"@id":"https:\/\/villahullu.fi\/en\/#website"},"primaryImageOfPage":{"@id":"https:\/\/villahullu.fi\/en\/product\/pihkaneule-ohje-pattern-fi-en-us-se-de\/#primaryimage"},"image":{"@id":"https:\/\/villahullu.fi\/en\/product\/pihkaneule-ohje-pattern-fi-en-us-se-de\/#primaryimage"},"thumbnailUrl":"https:\/\/villahullu.fi\/wp-content\/uploads\/2022\/05\/Copy-of-Kopio-Kopio-Copy-of-Kopio-Kopio-Kopio-Copy-of-Kopio-Copy-of-Kelopipo-ohje-pattern-kuva.png","datePublished":"2022-05-26T20:37:07+00:00","dateModified":"2024-09-01T06:23:34+00:00","breadcrumb":{"@id":"https:\/\/villahullu.fi\/en\/product\/pihkaneule-ohje-pattern-fi-en-us-se-de\/#breadcrumb"},"inLanguage":"en-US","potentialAction":[{"@type":"ReadAction","target":["https:\/\/villahullu.fi\/en\/product\/pihkaneule-ohje-pattern-fi-en-us-se-de\/"]}]},{"@type":"ImageObject","inLanguage":"en-US","@id":"https:\/\/villahullu.fi\/en\/product\/pihkaneule-ohje-pattern-fi-en-us-se-de\/#primaryimage","url":"https:\/\/villahullu.fi\/wp-content\/uploads\/2022\/05\/Copy-of-Kopio-Kopio-Copy-of-Kopio-Kopio-Kopio-Copy-of-Kopio-Copy-of-Kelopipo-ohje-pattern-kuva.png","contentUrl":"https:\/\/villahullu.fi\/wp-content\/uploads\/2022\/05\/Copy-of-Kopio-Kopio-Copy-of-Kopio-Kopio-Kopio-Copy-of-Kopio-Copy-of-Kelopipo-ohje-pattern-kuva.png","width":940,"height":788},{"@type":"BreadcrumbList","@id":"https:\/\/villahullu.fi\/en\/product\/pihkaneule-ohje-pattern-fi-en-us-se-de\/#breadcrumb","itemListElement":[{"@type":"ListItem","position":1,"name":"Etusivu","item":"https:\/\/villahullu.fi\/en\/"},{"@type":"ListItem","position":2,"name":"Shop","item":"https:\/\/villahullu.fi\/en\/shop\/"},{"@type":"ListItem","position":3,"name":"Pihkaneule ohje \/ knit pattern (FI, EN\/US, SE, DE)"}]},{"@type":"WebSite","@id":"https:\/\/villahullu.fi\/en\/#website","url":"https:\/\/villahullu.fi\/en\/","name":"Villahullu","description":"Villapaitoja ja neulontaohjeita","publisher":{"@id":"https:\/\/villahullu.fi\/en\/#organization"},"potentialAction":[{"@type":"SearchAction","target":{"@type":"EntryPoint","urlTemplate":"https:\/\/villahullu.fi\/en\/?s={search_term_string}"},"query-input":{"@type":"PropertyValueSpecification","valueRequired":true,"valueName":"search_term_string"}}],"inLanguage":"en-US"},{"@type":"Organization","@id":"https:\/\/villahullu.fi\/en\/#organization","name":"Villahullu","url":"https:\/\/villahullu.fi\/en\/","logo":{"@type":"ImageObject","inLanguage":"en-US","@id":"https:\/\/villahullu.fi\/en\/#\/schema\/logo\/image\/","url":"https:\/\/villahullu.fi\/wp-content\/uploads\/2021\/06\/logo.png","contentUrl":"https:\/\/villahullu.fi\/wp-content\/uploads\/2021\/06\/logo.png","width":374,"height":98,"caption":"Villahullu"},"image":{"@id":"https:\/\/villahullu.fi\/en\/#\/schema\/logo\/image\/"},"sameAs":["https:\/\/www.facebook.com\/villahullu\/","https:\/\/www.instagram.com\/villahullu\/"]}]}},"jetpack_sharing_enabled":true,"_links":{"self":[{"href":"https:\/\/villahullu.fi\/en\/wp-json\/wp\/v2\/product\/5887","targetHints":{"allow":["GET"]}}],"collection":[{"href":"https:\/\/villahullu.fi\/en\/wp-json\/wp\/v2\/product"}],"about":[{"href":"https:\/\/villahullu.fi\/en\/wp-json\/wp\/v2\/types\/product"}],"replies":[{"embeddable":true,"href":"https:\/\/villahullu.fi\/en\/wp-json\/wp\/v2\/comments?post=5887"}],"wp:featuredmedia":[{"embeddable":true,"href":"https:\/\/villahullu.fi\/en\/wp-json\/wp\/v2\/media\/5902"}],"wp:attachment":[{"href":"https:\/\/villahullu.fi\/en\/wp-json\/wp\/v2\/media?parent=5887"}],"wp:term":[{"taxonomy":"product_brand","embeddable":true,"href":"https:\/\/villahullu.fi\/en\/wp-json\/wp\/v2\/product_brand?post=5887"},{"taxonomy":"product_cat","embeddable":true,"href":"https:\/\/villahullu.fi\/en\/wp-json\/wp\/v2\/product_cat?post=5887"},{"taxonomy":"product_tag","embeddable":true,"href":"https:\/\/villahullu.fi\/en\/wp-json\/wp\/v2\/product_tag?post=5887"}],"curies":[{"name":"wp","href":"https:\/\/api.w.org\/{rel}","templated":true}]}}