{"id":5682,"date":"2022-05-13T05:00:37","date_gmt":"2022-05-13T02:00:37","guid":{"rendered":"https:\/\/villahullu.fi\/?post_type=product&#038;p=5682"},"modified":"2024-09-01T09:23:35","modified_gmt":"2024-09-01T06:23:35","slug":"inkineule-ohje-pattern-fi-en-us-no-se-de-fr","status":"publish","type":"product","link":"https:\/\/villahullu.fi\/en\/product\/inkineule-ohje-pattern-fi-en-us-no-se-de-fr\/","title":{"rendered":"Inkineule ohje \/ knit pattern (FI, EN\/US, NO, SE, DE, FR)"},"content":{"rendered":"<p><img loading=\"lazy\" decoding=\"async\" class=\"alignnone size-medium wp-image-5689\" src=\"https:\/\/villahullu.fi\/wp-content\/uploads\/2022\/05\/IMG_20220501_201051_798-264x300.webp\" alt=\"\" width=\"264\" height=\"300\" \/><img loading=\"lazy\" decoding=\"async\" class=\"alignnone size-medium wp-image-5691\" src=\"https:\/\/villahullu.fi\/wp-content\/uploads\/2022\/05\/IMG_20220508_171414_784-300x300.jpg\" alt=\"\" width=\"300\" height=\"300\" \/><img loading=\"lazy\" decoding=\"async\" class=\"alignnone size-medium wp-image-5685\" src=\"https:\/\/villahullu.fi\/wp-content\/uploads\/2022\/05\/DSC_3039-225x300.jpg\" alt=\"\" width=\"225\" height=\"300\" \/><img loading=\"lazy\" decoding=\"async\" class=\"alignnone size-medium wp-image-5699\" src=\"https:\/\/villahullu.fi\/wp-content\/uploads\/2022\/05\/IMG_20220512_173739_499-240x300.jpg\" alt=\"\" width=\"240\" height=\"300\" \/><img loading=\"lazy\" decoding=\"async\" class=\"alignnone size-medium wp-image-5695\" src=\"https:\/\/villahullu.fi\/wp-content\/uploads\/2022\/05\/IMG_20220511_104644_551-240x300.jpg\" alt=\"\" width=\"240\" height=\"300\" \/><img loading=\"lazy\" decoding=\"async\" class=\"alignnone size-medium wp-image-5683\" src=\"https:\/\/villahullu.fi\/wp-content\/uploads\/2022\/05\/20220502_201112-246x300.jpg\" alt=\"\" width=\"246\" height=\"300\" \/>\u00a0 <img loading=\"lazy\" decoding=\"async\" class=\"alignnone size-medium wp-image-5687\" src=\"https:\/\/villahullu.fi\/wp-content\/uploads\/2022\/05\/IMG_2720-225x300.jpg\" alt=\"\" width=\"225\" height=\"300\" \/>\u00a0\u00a0 <img loading=\"lazy\" decoding=\"async\" class=\"alignnone size-medium wp-image-5693\" src=\"https:\/\/villahullu.fi\/wp-content\/uploads\/2022\/05\/IMG_20220509_091856-219x300.jpg\" alt=\"\" width=\"219\" height=\"300\" \/>\u00a0 <img loading=\"lazy\" decoding=\"async\" class=\"alignnone size-medium wp-image-5697\" src=\"https:\/\/villahullu.fi\/wp-content\/uploads\/2022\/05\/IMG_20220511_174353_289-240x300.jpg\" alt=\"\" width=\"240\" height=\"300\" \/><\/p>\n<p><strong><em>Neuleohje on ladattavissa heti maksusuorituksen j\u00e4lkeen tilauksen yhteydess\u00e4 ilmoittamastasi s\u00e4hk\u00f6postiosoitteesta. (Tarkastathan my\u00f6s roskapostikansion.) Ohjeen toimitus tapahtuu ainoastaan s\u00e4hk\u00f6isesti, eik\u00e4 sit\u00e4 l\u00e4hetet\u00e4 erikseen postitse. On suositeltavaa, ett\u00e4 ohje tallennetaan heti omalle laitteelle.<br \/>\n<\/em><\/strong><\/p>\n<p><strong><em>Knit pattern can be downloaded immediately after payment from the e-mail you provided with your order. (Remember to check also the junk mail folder.) The patter<\/em><\/strong><strong><em>n is delivered only electronically and is not send separately by post. It is recommended that you save the pattern to your device immediately. You can find all the languages mentioned in the tittle in the same pdf file.<br \/>\n<\/em><\/strong><\/p>\n<p><strong>Koot XXS, XS, S, M, L, XL, XXL, XXXL<\/strong><\/p>\n<p>Alaosan leveys<br \/>\n(XXS)42,5 (XS)44,5 (S)46,5 (M)48 (L)50 (XL)52 (XXL)54 (XXXL)56 cm<\/p>\n<p>Pituus helmasta kainaloon<br \/>\n(XXS)39 (XS)40 (S)41 (M)43 (L)44 (XL)45 (XXL)46 (XXXL)47 cm (tai haluttu pituus)<\/p>\n<p>Hihan pituus<br \/>\n(XXS)47 (XS)48 (S)49 (M)50 (L)51 (XL)52 (XXL)54 (XXXL)55 cm (tai haluttu pituus)<\/p>\n<p><strong>Langan menekki Lettlopi 50 g ker\u00e4<\/strong><br \/>\nP\u00e4\u00e4v\u00e4ri 1403 Lapis blue (XXS)7 (XS)7 (S)7 (M)8 (L)8 (XL)8 (XXL)9 (XXXL)9<br \/>\nA 9431 Brick (XXS)1 (XS)1 (S)2 (M)2 (L)2 (XL)2 (XXL)2 (XXXL)2<br \/>\nB 0051 White (XXS)1 (XS)1 (S)1 (M)1 (L)2 (XL)2 (XXL)2 (XXXL)2<br \/>\nC 1704 Apricot (XXS)1 (XS)1 (S)1 (M)1 (L)1 (XL)1 (XXL)1 (XXXL)2<br \/>\nD 1703 Mimosa (XXS)1 (XS)1 (S)1 (M)1 (L)1 (XL)1 (XXL)1 (XXXL)1<\/p>\n<p><strong>Puikot<\/strong><br \/>\nPy\u00f6r\u00f6puikko 3,5 mm 80 cm<br \/>\nPy\u00f6r\u00f6puikko 4,5 mm 80 cm<br \/>\nSukkapuikot 3,5 mm ja 4,5 mm<br \/>\nMik\u00e4li et k\u00e4yt\u00e4 Magic loop &#8211; tekniikkaa, tarvitset my\u00f6s py\u00f6r\u00f6puikot 3,5 mm ja 4,5 mm 40 cm.<\/p>\n<p><strong>Neuletiheys<\/strong><br \/>\n10\u00d710 cm: 18 silmukkaa ja 24 rivi\u00e4 4,5 mm puikoilla<\/p>\n<p><strong>Ty\u00f6ohje<\/strong><br \/>\nNeulo alaosa ja hihat py\u00f6r\u00f6n\u00e4 alhaalta yl\u00f6s. Yhdist\u00e4 kainalossa alaosa sek\u00e4 hihat samalle puikolle<br \/>\nja neulo kaarroke py\u00f6r\u00f6n\u00e4. Alaosassa kerros alkaa vasemmasta sivusta, mutta yhdist\u00e4misen<br \/>\nj\u00e4lkeen kohdasta, jossa takakappale ja vasen hiha on yhdistetty.<\/p>\n<p>Katso lis\u00e4\u00e4 kuvia Instagramissa #inkineule &#8211; tagin takaa.<\/p>\n<h2><strong>English<\/strong><\/h2>\n<p><strong>Size XXS, XS, S, M, L, XL, XXL, XXXL<\/strong><\/p>\n<p>Body width<br \/>\n(XXS)42,5 (XS)44,5 (S)46,5 (M)48 (L)50 (XL)52 (XXL)54 (XXXL)56 cm<br \/>\n(XXS)16.7 (XS)17.5 (S)18.3 (M)19 (L)19.7 (XL)20.4 (XXL)21.2 (XXXL)22 inches<\/p>\n<p>Body length<br \/>\n(XXS)39 (XS)40 (S)41 (M)43 (L)44 (XL)45 (XXL)46 (XXXL)47 cm (or desired)<br \/>\n(XXS)15.3 (XS)15.7 (S)16.1 (M)17 (L)17.3 (XL)17.7 (XXL)18.1 (XXXL)18.5 inches (or desired)<\/p>\n<p>Sleeve length<br \/>\n(XXS)47 (XS)48 (S)49 (M)50 (L)51 (XL)52 (XXL)54 (XXXL)55 cm (or desired)<br \/>\n(XXS)18.5 (XS)18.9 (S)19.3 (M)19.7 (L)20 (XL)20.5 (XXL)21.2 (XXXL)21.6 inches (or desired)<\/p>\n<p><strong>Yarn\u00a0Lettlopi 50 g ball<\/strong><br \/>\nMC 1403 Lapis blue (XXS)7 (XS)7 (S)7 (M)8 (L)8 (XL)8 (XXL)9 (XXXL)9<br \/>\nA 9431 Brick (XXS)1 (XS)1 (S)2 (M)2 (L)2 (XL)2 (XXL)2 (XXXL)2<br \/>\nB 0051 White (XXS)1 (XS)1 (S)1 (M)1 (L)2 (XL)2 (XXL)2 (XXXL)2<br \/>\nC 1704 Apricot (XXS)1 (XS)1 (S)1 (M)1 (L)1 (XL)1 (XXL)1 (XXXL)2<br \/>\nD 1703 Mimosa (XXS)1 (XS)1 (S)1 (M)1 (L)1 (XL)1 (XXL)1 (XXXL)1<\/p>\n<p><strong>Needles:<\/strong><br \/>\nCircular needle 3.5 mm 80 cm US 4, 32\u201d<br \/>\nCircular needle 4.5 mm 80 cm US 7, 32\u201d<br \/>\nDouble pointed needles 3.5 mm and 4.5 mm US 4 and 7<br \/>\n(If you don\u2019t use the magic loop- technique,<br \/>\nyou will need to use circular needle 3.5 mm and 4.5 mm 40 cm US 4 and 7, 16\u201d)<\/p>\n<p><strong>Gauge<\/strong><br \/>\n10\u00d710 cm: 18 stitches and 24 rows using needle size 4.5 mm<\/p>\n<p><strong>Instructions<\/strong><br \/>\nWork body in the round on circular needle, bottom up. Work sleeves in the round on double pointed needles or circular needle using the Magic loop- technique. Slip sleeves on to same circular needle as body.<\/p>\n<p><strong>Instagram<\/strong><br \/>\nYou can find more color choices using #inkineule<\/p>\n<h2><strong>Norsk<\/strong><\/h2>\n<p><strong>St\u00f8rrelse \u00a0\u00a0\u00a0\u00a0\u00a0\u00a0\u00a0 XXS, XS, S, M, L, XL, XXL, XXXL<\/strong><\/p>\n<p>Bredde bol<br \/>\n(XXS)42,5 (XS)44,5 (S)46,5 (M)48 (L)50 (XL)52 (XXL)54 (XXXL)56 cm<br \/>\nLengde bol<br \/>\n(XXS)39 (XS)40 (S)41 (M)43 (L)44 (XL)45 (XXL)46 (XXXL)47 cm (eller som \u00f8nsket)<br \/>\nErmer lengde<br \/>\n(XXS)47 (XS)48 (S)49 (M)50 (L)51 (XL)52 (XXL)54 (XXXL)55 cm (eller som \u00f8nsket)<\/p>\n<p><strong>Garn\u00a0\u00a0\u00a0\u00a0\u00a0\u00a0\u00a0\u00a0\u00a0\u00a0\u00a0\u00a0\u00a0\u00a0 Lettlopi 50gr n\u00f8ster<\/strong><br \/>\nBF 1403 Lapis blue (XXS)7 (XS)7 (S)7 (M)8 (L)8 (XL)8 (XXL)9 (XXXL)9<br \/>\nA 9431 Brick (XXS)1 (XS)1 (S)2 (M)2 (L)2 (XL)2 (XXL)2 (XXXL)2<br \/>\nB 0051 White (XXS)1 (XS)1 (S)1 (M)1 (L)2 (XL)2 (XXL)2 (XXXL)2<br \/>\nC 1704 Apricot (XXS)1 (XS)1 (S)1 (M)1 (L)1 (XL)1 (XXL)1 (XXXL)2<br \/>\nD 1703 Mimosa (XXS)1 (XS)1 (S)1 (M)1 (L)1 (XL)1 (XXL)1 (XXXL)1<\/p>\n<p><strong>Pinner:<\/strong><br \/>\nRundpinne 3.5mm 80cm<br \/>\nRundpinne 4.5mm 80cm<br \/>\nStr\u00f8mpepinner nr. 3.5mm and 4.5mm<br \/>\n(Hvis du ikke bruker Magic loop teknikk, trenger du ogs\u00e5 rundpinne 3.5mm og 4.5mm 40cm)<\/p>\n<p><strong>Strikkefasthet<\/strong><br \/>\n10\u00d710 cm: 18 masker og 24 omganger p\u00e5 pinne nr. 4.5mm<\/p>\n<p><strong>Instruksjoner<\/strong><br \/>\nBolen strikkes rundt p\u00e5 rundpinne nedenfra og opp.<br \/>\nErmer strikkes rundt med str\u00f8mpepinner eller rundpinne om du bruker Magic loop- teknikk, settes p\u00e5 samme pinne som bolen f\u00f8r b\u00e6restykket strikkes.<\/p>\n<p><strong>Instagram<\/strong><\/p>\n<p>Du kan finne flere fargekombinasjoner ved \u00e5 bruke #inkineule<\/p>\n<h2><strong>Deutsch<\/strong><\/h2>\n<p><strong>Gr\u00f6ssen XXS, XS, S, M, L, XL, XXL, XXXL<\/strong><\/p>\n<p>K\u00f6rper Breite<br \/>\n(XXS)42.5 (XS)44.5 (S)46.5 (M)48 (L)50 (XL)52 (XXL)54 (XXXL)56\u00a0cm<\/p>\n<p>K\u00f6rper L\u00e4nge<br \/>\n(XXS)39 (XS)40 (S)41 (M)43 (L)44 (XL)45 (XXL)46 (XXXL)47\u00a0cm (oder gew\u00fcnschte L\u00e4nge)<\/p>\n<p>\u00c4rmel L\u00e4nge<br \/>\n(XXS)47 (XS)48 (S)49 (M)50 (L)51 (XL)52 (XXL)54 (XXXL)55\u00a0cm (oder gew\u00fcnschte L\u00e4nge)<\/p>\n<p><strong>Garn Lettlopi, 50\u00a0g Kn\u00e4uel<\/strong><br \/>\nHF (Hauptfarbe) 1403 Lapis blue (XXS)7 (XS)7 (S)7 (M)8 (L)8 (XL)8 (XXL)9 (XXXL)9<br \/>\nA 9431 Brick (XXS)1 (XS)1 (S)2 (M)2 (L)2 (XL)2 (XXL)2 (XXXL)2<br \/>\nB 0051 White (XXS)1 (XS)1 (S)1 (M)1 (L)2 (XL)2 (XXL)2 (XXXL)2<br \/>\nC 1704 Apricot (XXS)1 (XS)1 (S)1 (M)1 (L)1 (XL)1 (XXL)1 (XXXL)2<br \/>\nD 1703 Mimosa (XXS)1 (XS)1 (S)1 (M)1 (L)1 (XL)1 (XXL)1 (XXXL)1<\/p>\n<p><strong>Stricknadeln<\/strong><br \/>\n3.5 Rundstricknadel, 80\u00a0cm lang<br \/>\n4.5\u00a0mm Rundstricknadel, 80\u00a0cm lang<br \/>\n3.5\u00a0mm und 4.5\u00a0mm Nadelspiel<br \/>\n(Wenn du nicht mit Magic-Loop arbeiten m\u00f6chtest,<br \/>\nben\u00f6tigst du zudem eine 3.5\u00a0mm und 4.5\u00a0mm kurze Rundstricknadel von 40\u00a0cm L\u00e4nge)<\/p>\n<p><strong>Maschenprobe<\/strong><br \/>\n10\u00d710 cm: 18\u00a0M (Maschen) und 24\u00a0R (Reihen) mit Nadelst\u00e4rke 4.5\u00a0mm<\/p>\n<p><strong>Anleitung<\/strong><br \/>\nDas Vorder- und R\u00fcckenteil (K\u00f6rper) werden gleichzeitig in Runden auf der Rundstricknadel von unten nach oben gestrickt. Auch die \u00c4rmel werden in Runden mit dem Nadelspiel oder mit der Rundstricknadel und der Magic-Loop-Methode gestrickt. \u00dcbertrage dann die \u00c4rmel auf die Rundstricknadel des K\u00f6rperteils.<\/p>\n<p><strong>Instagram<\/strong><br \/>\nMit dem Hashtag #inkineule kannst du weitere Farbm\u00f6glichkeiten finden.<\/p>\n<h2><strong>Svenska<\/strong><\/h2>\n<p><strong>Storlek XXS, XS, S, M, L, XL, XXL, XXXL<\/strong><\/p>\n<p>B\u00e5lens Vidd<br \/>\n(XXS)42,5 (XS)44,5 (S)46,5 (M)48 (L)50 (XL)52 (XXL)54 (XXXL)56 cm<\/p>\n<p>Fr\u00e5n nederkant till \u00e4rmh\u00e5l:<br \/>\n(XXS)39 (XS)40 (S)41 (M)43 (L)44 (XL)45 (XXL)46 (XXXL)47 cm (eller \u00f6nskad l\u00e4ngd)<\/p>\n<p><strong>\u00c4rml\u00e4ngd:<\/strong><br \/>\n(XXS)47 (XS)48 (S)49 (M)50 (L)51 (XL)52 (XXL)54 (XXXL)55 cm (Eller \u00f6nskad l\u00e4ngd)<\/p>\n<p><strong>Garn\u00a0Lettlopi 50 g nystan<\/strong><br \/>\nBF 1403 Lapis blue (XXS)7 (XS)7 (S)7 (M)8 (L)8 (XL)8 (XXL)9 (XXXL)9<br \/>\nA 9431 Brick (XXS)1 (XS)1 (S)2 (M)2 (L)2 (XL)2 (XXL)2 (XXXL)2<br \/>\nB 0051 White (XXS)1 (XS)1 (S)1 (M)1 (L)2 (XL)2 (XXL)2 (XXXL)2<br \/>\nC 1704 Apricot (XXS)1 (XS)1 (S)1 (M)1 (L)1 (XL)1 (XXL)1 (XXXL)2<br \/>\nD 1703 Mimosa (XXS)1 (XS)1 (S)1 (M)1 (L)1 (XL)1 (XXL)1 (XXXL)1<\/p>\n<p><strong>Stickor:<\/strong><br \/>\nRundsticka 3,5mm 80cm, Rundsticka 4,5mm 80cm, Strumpstickor 3.5mm och 4,5mm. Om du anv\u00e4nder dig av Magic-loop tekniken beh\u00f6ver du rundstickor 3.5mm och 4,5mm 40cm<\/p>\n<p><strong>Maskt\u00e4thet:<\/strong><br \/>\n10\u00d710 cm: 18 maskor och 24 varv med sticka 4,5 mm<\/p>\n<p><strong>Instruktioner:<\/strong><br \/>\nSticka kroppen runt p\u00e5 rundsticka, nerifr\u00e5n och upp. Sticka \u00e4rmarna runt p\u00e5 strumpstickor eller rundstickor med Magic loop-tekniken. Sticka p\u00e5 \u00e4rmarna p\u00e5 samma rundsticka som kroppen.<strong><br \/>\n<\/strong><\/p>\n<p><strong>Instagram<\/strong><br \/>\nDu hittar fler f\u00e4rgalternativ p\u00e5 Instagram med hashtaggen #inkineule<\/p>\n<h2><strong>Fran\u00e7ais<\/strong><\/h2>\n<p><strong>Tailles XXS, XS, S, M, L, XL, XXL, XXXL<\/strong><\/p>\n<p>Buste<br \/>\n(XXS)42.5 (XS)44.5 (S)46.5 (M)48 (L)50 (XL)52 (XXL)54 (XXXL)56\u00a0cm<br \/>\n(XXS)16.7 (XS)17.5 (S)18.3 (M)19 (L)19.7 (XL)20.4 (XXL)21.2 (XXXL)22\u00a0inches<\/p>\n<p>Longueur du corps<br \/>\n(XXS)39 (XS)40 (S)41 (M)43 (L)44 (XL)45 (XXL)46 (XXXL)47\u00a0cm (ou longueur souhait\u00e9e)<br \/>\n(XXS)15.3 (XS)15.7 (S)16.1 (M)17 (L)17.3 (XL)17.7 (XXL)18.1 (XXXL)18.5\u00a0inches<\/p>\n<p>Longueur des manches<br \/>\n(XXS)47 (XS)48 (S)49 (M)50 (L)51 (XL)52 (XXL)54 (XXXL)55\u00a0cm (ou longueur souhait\u00e9e)<br \/>\n(XXS)18.5 (XS)18.9 (S)19.3 (M)19.7 (L)20 (XL)20.5 (XXL)21.2 (XXXL)21.6\u00a0inches<\/p>\n<p><strong>Fil Lettlopi, 50\u00a0g la pelote<\/strong><br \/>\nCP (couleur principale) 1403 Lapis blue (XXS)7 (XS)7 (S)7 (M)8 (L)8 (XL)8 (XXL)9 (XXXL)9<br \/>\nA 9431 Brick (XXS)1 (XS)1 (S)2 (M)2 (L)2 (XL)2 (XXL)2 (XXXL)2<br \/>\nB 0051 White (XXS)1 (XS)1 (S)1 (M)1 (L)2 (XL)2 (XXL)2 (XXXL)2<br \/>\nC 1704 Apricot (XXS)1 (XS)1 (S)1 (M)1 (L)1 (XL)1 (XXL)1 (XXXL)2<br \/>\nD 1703 Mimosa (XXS)1 (XS)1 (S)1 (M)1 (L)1 (XL)1 (XXL)1 (XXXL)1<\/p>\n<p><strong>Aiguilles<\/strong><br \/>\nCirculaire de 3.5\u00a0mm avec c\u00e2ble de 80\u00a0cm US 4, 32\u201d<br \/>\nCirculaire de 4.5 mm avec c\u00e2ble de 80 cm US 7, 32\u201d<br \/>\nJeux d\u2019aiguilles \u00e0 double pointe de 3.5 mm et 4.5 mm US 4 and 7<br \/>\n(Si tu ne pratiques pas la technique \u00ab magic loop \u00bb, tu as \u00e9galement besoin d\u2019aiguilles circulaires de 3.5 mm and 4.5 mm, avec un c\u00e2ble court de 40 cm US 4 and 7, 16\u201d)<\/p>\n<p><strong>Echantillon<\/strong><br \/>\n10\u00d710\u00a0cm\u00a0: 18\u00a0mailles (m) and 24\u00a0rangs avec l\u2019aiguille de 4.5\u00a0mm<\/p>\n<p><strong>Instructions<\/strong><br \/>\nLe corps du pull est tricot\u00e9 sans couture en rond avec les aiguilles circulaires, du bas en haut. Les manches sont \u00e9galement tricot\u00e9es sans couture en rond avec les doubles pointes ou avec les aiguilles circulaires si tu travailles en \u00ab\u00a0magic loop\u00a0\u00bb. Les manches sont ensuite port\u00e9es sur l\u2019aiguille circulaire du corps.<\/p>\n<p><strong>Instagram<\/strong><br \/>\nTu peux trouver plus de choix de couleurs sous le hashtag #inkineule<\/p>\n","protected":false},"excerpt":{"rendered":"<p>\u00a0 \u00a0\u00a0 \u00a0 Neuleohje on ladattavissa heti maksusuorituksen j\u00e4lkeen tilauksen yhteydess\u00e4 ilmoittamastasi s\u00e4hk\u00f6postiosoitteesta. (Tarkastathan my\u00f6s roskapostikansion.) Ohjeen toimitus tapahtuu ainoastaan s\u00e4hk\u00f6isesti, eik\u00e4 sit\u00e4 l\u00e4hetet\u00e4 erikseen postitse. On suositeltavaa, ett\u00e4 ohje tallennetaan heti omalle laitteelle. Knit pattern can be downloaded immediately after payment from the e-mail you provided with your order. (Remember to check also the [&hellip;]<\/p>\n","protected":false},"featured_media":5704,"comment_status":"closed","ping_status":"closed","template":"","meta":{"_et_pb_use_builder":"","_et_pb_old_content":"","_et_gb_content_width":""},"product_brand":[],"product_cat":[22],"product_tag":[],"class_list":{"0":"post-5682","1":"product","2":"type-product","3":"status-publish","4":"has-post-thumbnail","6":"product_cat-neuleohjeet","7":"product_shipping_class-pdf","9":"first","10":"instock","11":"downloadable","12":"taxable","13":"shipping-taxable","14":"purchasable","15":"product-type-simple"},"yoast_head":"<!-- This site is optimized with the Yoast SEO plugin v27.4 - https:\/\/yoast.com\/product\/yoast-seo-wordpress\/ -->\n<title>Inkineule ohje \/ knit pattern (FI, EN\/US, NO, SE, DE, FR) - Villahullu<\/title>\n<meta name=\"robots\" content=\"index, follow, max-snippet:-1, max-image-preview:large, max-video-preview:-1\" \/>\n<link rel=\"canonical\" href=\"https:\/\/villahullu.fi\/en\/product\/inkineule-ohje-pattern-fi-en-us-no-se-de-fr\/\" \/>\n<meta property=\"og:locale\" content=\"en_US\" \/>\n<meta property=\"og:type\" content=\"article\" \/>\n<meta property=\"og:title\" content=\"Inkineule ohje \/ knit pattern (FI, EN\/US, NO, SE, DE, FR) - Villahullu\" \/>\n<meta property=\"og:description\" content=\"\u00a0 \u00a0\u00a0 \u00a0 Neuleohje on ladattavissa heti maksusuorituksen j\u00e4lkeen tilauksen yhteydess\u00e4 ilmoittamastasi s\u00e4hk\u00f6postiosoitteesta. (Tarkastathan my\u00f6s roskapostikansion.) Ohjeen toimitus tapahtuu ainoastaan s\u00e4hk\u00f6isesti, eik\u00e4 sit\u00e4 l\u00e4hetet\u00e4 erikseen postitse. On suositeltavaa, ett\u00e4 ohje tallennetaan heti omalle laitteelle. Knit pattern can be downloaded immediately after payment from the e-mail you provided with your order. (Remember to check also the [&hellip;]\" \/>\n<meta property=\"og:url\" content=\"https:\/\/villahullu.fi\/en\/product\/inkineule-ohje-pattern-fi-en-us-no-se-de-fr\/\" \/>\n<meta property=\"og:site_name\" content=\"Villahullu\" \/>\n<meta property=\"article:publisher\" content=\"https:\/\/www.facebook.com\/villahullu\/\" \/>\n<meta property=\"article:modified_time\" content=\"2024-09-01T06:23:35+00:00\" \/>\n<meta property=\"og:image\" content=\"https:\/\/villahullu.fi\/wp-content\/uploads\/2022\/05\/Kopio-Kopio-Copy-of-Kopio-Kopio-Kopio-Copy-of-Kopio-Copy-of-Kelopipo-ohje-pattern-kuva.jpg\" \/>\n\t<meta property=\"og:image:width\" content=\"940\" \/>\n\t<meta property=\"og:image:height\" content=\"788\" \/>\n\t<meta property=\"og:image:type\" content=\"image\/jpeg\" \/>\n<meta name=\"twitter:card\" content=\"summary_large_image\" \/>\n<meta name=\"twitter:label1\" content=\"Est. reading time\" \/>\n\t<meta name=\"twitter:data1\" content=\"11 minutes\" \/>\n<script type=\"application\/ld+json\" class=\"yoast-schema-graph\">{\"@context\":\"https:\\\/\\\/schema.org\",\"@graph\":[{\"@type\":\"WebPage\",\"@id\":\"https:\\\/\\\/villahullu.fi\\\/en\\\/product\\\/inkineule-ohje-pattern-fi-en-us-no-se-de-fr\\\/\",\"url\":\"https:\\\/\\\/villahullu.fi\\\/en\\\/product\\\/inkineule-ohje-pattern-fi-en-us-no-se-de-fr\\\/\",\"name\":\"Inkineule ohje \\\/ knit pattern (FI, EN\\\/US, NO, SE, DE, FR) - Villahullu\",\"isPartOf\":{\"@id\":\"https:\\\/\\\/villahullu.fi\\\/en\\\/#website\"},\"primaryImageOfPage\":{\"@id\":\"https:\\\/\\\/villahullu.fi\\\/en\\\/product\\\/inkineule-ohje-pattern-fi-en-us-no-se-de-fr\\\/#primaryimage\"},\"image\":{\"@id\":\"https:\\\/\\\/villahullu.fi\\\/en\\\/product\\\/inkineule-ohje-pattern-fi-en-us-no-se-de-fr\\\/#primaryimage\"},\"thumbnailUrl\":\"https:\\\/\\\/villahullu.fi\\\/wp-content\\\/uploads\\\/2022\\\/05\\\/Kopio-Kopio-Copy-of-Kopio-Kopio-Kopio-Copy-of-Kopio-Copy-of-Kelopipo-ohje-pattern-kuva.jpg\",\"datePublished\":\"2022-05-13T02:00:37+00:00\",\"dateModified\":\"2024-09-01T06:23:35+00:00\",\"breadcrumb\":{\"@id\":\"https:\\\/\\\/villahullu.fi\\\/en\\\/product\\\/inkineule-ohje-pattern-fi-en-us-no-se-de-fr\\\/#breadcrumb\"},\"inLanguage\":\"en-US\",\"potentialAction\":[{\"@type\":\"ReadAction\",\"target\":[\"https:\\\/\\\/villahullu.fi\\\/en\\\/product\\\/inkineule-ohje-pattern-fi-en-us-no-se-de-fr\\\/\"]}]},{\"@type\":\"ImageObject\",\"inLanguage\":\"en-US\",\"@id\":\"https:\\\/\\\/villahullu.fi\\\/en\\\/product\\\/inkineule-ohje-pattern-fi-en-us-no-se-de-fr\\\/#primaryimage\",\"url\":\"https:\\\/\\\/villahullu.fi\\\/wp-content\\\/uploads\\\/2022\\\/05\\\/Kopio-Kopio-Copy-of-Kopio-Kopio-Kopio-Copy-of-Kopio-Copy-of-Kelopipo-ohje-pattern-kuva.jpg\",\"contentUrl\":\"https:\\\/\\\/villahullu.fi\\\/wp-content\\\/uploads\\\/2022\\\/05\\\/Kopio-Kopio-Copy-of-Kopio-Kopio-Kopio-Copy-of-Kopio-Copy-of-Kelopipo-ohje-pattern-kuva.jpg\",\"width\":940,\"height\":788},{\"@type\":\"BreadcrumbList\",\"@id\":\"https:\\\/\\\/villahullu.fi\\\/en\\\/product\\\/inkineule-ohje-pattern-fi-en-us-no-se-de-fr\\\/#breadcrumb\",\"itemListElement\":[{\"@type\":\"ListItem\",\"position\":1,\"name\":\"Etusivu\",\"item\":\"https:\\\/\\\/villahullu.fi\\\/en\\\/\"},{\"@type\":\"ListItem\",\"position\":2,\"name\":\"Shop\",\"item\":\"https:\\\/\\\/villahullu.fi\\\/en\\\/shop\\\/\"},{\"@type\":\"ListItem\",\"position\":3,\"name\":\"Inkineule ohje \\\/ knit pattern (FI, EN\\\/US, NO, SE, DE, FR)\"}]},{\"@type\":\"WebSite\",\"@id\":\"https:\\\/\\\/villahullu.fi\\\/en\\\/#website\",\"url\":\"https:\\\/\\\/villahullu.fi\\\/en\\\/\",\"name\":\"Villahullu\",\"description\":\"Villapaitoja ja neulontaohjeita\",\"publisher\":{\"@id\":\"https:\\\/\\\/villahullu.fi\\\/en\\\/#organization\"},\"potentialAction\":[{\"@type\":\"SearchAction\",\"target\":{\"@type\":\"EntryPoint\",\"urlTemplate\":\"https:\\\/\\\/villahullu.fi\\\/en\\\/?s={search_term_string}\"},\"query-input\":{\"@type\":\"PropertyValueSpecification\",\"valueRequired\":true,\"valueName\":\"search_term_string\"}}],\"inLanguage\":\"en-US\"},{\"@type\":\"Organization\",\"@id\":\"https:\\\/\\\/villahullu.fi\\\/en\\\/#organization\",\"name\":\"Villahullu\",\"url\":\"https:\\\/\\\/villahullu.fi\\\/en\\\/\",\"logo\":{\"@type\":\"ImageObject\",\"inLanguage\":\"en-US\",\"@id\":\"https:\\\/\\\/villahullu.fi\\\/en\\\/#\\\/schema\\\/logo\\\/image\\\/\",\"url\":\"https:\\\/\\\/villahullu.fi\\\/wp-content\\\/uploads\\\/2021\\\/06\\\/logo.png\",\"contentUrl\":\"https:\\\/\\\/villahullu.fi\\\/wp-content\\\/uploads\\\/2021\\\/06\\\/logo.png\",\"width\":374,\"height\":98,\"caption\":\"Villahullu\"},\"image\":{\"@id\":\"https:\\\/\\\/villahullu.fi\\\/en\\\/#\\\/schema\\\/logo\\\/image\\\/\"},\"sameAs\":[\"https:\\\/\\\/www.facebook.com\\\/villahullu\\\/\",\"https:\\\/\\\/www.instagram.com\\\/villahullu\\\/\"]}]}<\/script>\n<!-- \/ Yoast SEO plugin. -->","yoast_head_json":{"title":"Inkineule ohje \/ knit pattern (FI, EN\/US, NO, SE, DE, FR) - Villahullu","robots":{"index":"index","follow":"follow","max-snippet":"max-snippet:-1","max-image-preview":"max-image-preview:large","max-video-preview":"max-video-preview:-1"},"canonical":"https:\/\/villahullu.fi\/en\/product\/inkineule-ohje-pattern-fi-en-us-no-se-de-fr\/","og_locale":"en_US","og_type":"article","og_title":"Inkineule ohje \/ knit pattern (FI, EN\/US, NO, SE, DE, FR) - Villahullu","og_description":"\u00a0 \u00a0\u00a0 \u00a0 Neuleohje on ladattavissa heti maksusuorituksen j\u00e4lkeen tilauksen yhteydess\u00e4 ilmoittamastasi s\u00e4hk\u00f6postiosoitteesta. (Tarkastathan my\u00f6s roskapostikansion.) Ohjeen toimitus tapahtuu ainoastaan s\u00e4hk\u00f6isesti, eik\u00e4 sit\u00e4 l\u00e4hetet\u00e4 erikseen postitse. On suositeltavaa, ett\u00e4 ohje tallennetaan heti omalle laitteelle. Knit pattern can be downloaded immediately after payment from the e-mail you provided with your order. (Remember to check also the [&hellip;]","og_url":"https:\/\/villahullu.fi\/en\/product\/inkineule-ohje-pattern-fi-en-us-no-se-de-fr\/","og_site_name":"Villahullu","article_publisher":"https:\/\/www.facebook.com\/villahullu\/","article_modified_time":"2024-09-01T06:23:35+00:00","og_image":[{"width":940,"height":788,"url":"https:\/\/villahullu.fi\/wp-content\/uploads\/2022\/05\/Kopio-Kopio-Copy-of-Kopio-Kopio-Kopio-Copy-of-Kopio-Copy-of-Kelopipo-ohje-pattern-kuva.jpg","type":"image\/jpeg"}],"twitter_card":"summary_large_image","twitter_misc":{"Est. reading time":"11 minutes"},"schema":{"@context":"https:\/\/schema.org","@graph":[{"@type":"WebPage","@id":"https:\/\/villahullu.fi\/en\/product\/inkineule-ohje-pattern-fi-en-us-no-se-de-fr\/","url":"https:\/\/villahullu.fi\/en\/product\/inkineule-ohje-pattern-fi-en-us-no-se-de-fr\/","name":"Inkineule ohje \/ knit pattern (FI, EN\/US, NO, SE, DE, FR) - Villahullu","isPartOf":{"@id":"https:\/\/villahullu.fi\/en\/#website"},"primaryImageOfPage":{"@id":"https:\/\/villahullu.fi\/en\/product\/inkineule-ohje-pattern-fi-en-us-no-se-de-fr\/#primaryimage"},"image":{"@id":"https:\/\/villahullu.fi\/en\/product\/inkineule-ohje-pattern-fi-en-us-no-se-de-fr\/#primaryimage"},"thumbnailUrl":"https:\/\/villahullu.fi\/wp-content\/uploads\/2022\/05\/Kopio-Kopio-Copy-of-Kopio-Kopio-Kopio-Copy-of-Kopio-Copy-of-Kelopipo-ohje-pattern-kuva.jpg","datePublished":"2022-05-13T02:00:37+00:00","dateModified":"2024-09-01T06:23:35+00:00","breadcrumb":{"@id":"https:\/\/villahullu.fi\/en\/product\/inkineule-ohje-pattern-fi-en-us-no-se-de-fr\/#breadcrumb"},"inLanguage":"en-US","potentialAction":[{"@type":"ReadAction","target":["https:\/\/villahullu.fi\/en\/product\/inkineule-ohje-pattern-fi-en-us-no-se-de-fr\/"]}]},{"@type":"ImageObject","inLanguage":"en-US","@id":"https:\/\/villahullu.fi\/en\/product\/inkineule-ohje-pattern-fi-en-us-no-se-de-fr\/#primaryimage","url":"https:\/\/villahullu.fi\/wp-content\/uploads\/2022\/05\/Kopio-Kopio-Copy-of-Kopio-Kopio-Kopio-Copy-of-Kopio-Copy-of-Kelopipo-ohje-pattern-kuva.jpg","contentUrl":"https:\/\/villahullu.fi\/wp-content\/uploads\/2022\/05\/Kopio-Kopio-Copy-of-Kopio-Kopio-Kopio-Copy-of-Kopio-Copy-of-Kelopipo-ohje-pattern-kuva.jpg","width":940,"height":788},{"@type":"BreadcrumbList","@id":"https:\/\/villahullu.fi\/en\/product\/inkineule-ohje-pattern-fi-en-us-no-se-de-fr\/#breadcrumb","itemListElement":[{"@type":"ListItem","position":1,"name":"Etusivu","item":"https:\/\/villahullu.fi\/en\/"},{"@type":"ListItem","position":2,"name":"Shop","item":"https:\/\/villahullu.fi\/en\/shop\/"},{"@type":"ListItem","position":3,"name":"Inkineule ohje \/ knit pattern (FI, EN\/US, NO, SE, DE, FR)"}]},{"@type":"WebSite","@id":"https:\/\/villahullu.fi\/en\/#website","url":"https:\/\/villahullu.fi\/en\/","name":"Villahullu","description":"Villapaitoja ja neulontaohjeita","publisher":{"@id":"https:\/\/villahullu.fi\/en\/#organization"},"potentialAction":[{"@type":"SearchAction","target":{"@type":"EntryPoint","urlTemplate":"https:\/\/villahullu.fi\/en\/?s={search_term_string}"},"query-input":{"@type":"PropertyValueSpecification","valueRequired":true,"valueName":"search_term_string"}}],"inLanguage":"en-US"},{"@type":"Organization","@id":"https:\/\/villahullu.fi\/en\/#organization","name":"Villahullu","url":"https:\/\/villahullu.fi\/en\/","logo":{"@type":"ImageObject","inLanguage":"en-US","@id":"https:\/\/villahullu.fi\/en\/#\/schema\/logo\/image\/","url":"https:\/\/villahullu.fi\/wp-content\/uploads\/2021\/06\/logo.png","contentUrl":"https:\/\/villahullu.fi\/wp-content\/uploads\/2021\/06\/logo.png","width":374,"height":98,"caption":"Villahullu"},"image":{"@id":"https:\/\/villahullu.fi\/en\/#\/schema\/logo\/image\/"},"sameAs":["https:\/\/www.facebook.com\/villahullu\/","https:\/\/www.instagram.com\/villahullu\/"]}]}},"jetpack_sharing_enabled":true,"_links":{"self":[{"href":"https:\/\/villahullu.fi\/en\/wp-json\/wp\/v2\/product\/5682","targetHints":{"allow":["GET"]}}],"collection":[{"href":"https:\/\/villahullu.fi\/en\/wp-json\/wp\/v2\/product"}],"about":[{"href":"https:\/\/villahullu.fi\/en\/wp-json\/wp\/v2\/types\/product"}],"replies":[{"embeddable":true,"href":"https:\/\/villahullu.fi\/en\/wp-json\/wp\/v2\/comments?post=5682"}],"wp:featuredmedia":[{"embeddable":true,"href":"https:\/\/villahullu.fi\/en\/wp-json\/wp\/v2\/media\/5704"}],"wp:attachment":[{"href":"https:\/\/villahullu.fi\/en\/wp-json\/wp\/v2\/media?parent=5682"}],"wp:term":[{"taxonomy":"product_brand","embeddable":true,"href":"https:\/\/villahullu.fi\/en\/wp-json\/wp\/v2\/product_brand?post=5682"},{"taxonomy":"product_cat","embeddable":true,"href":"https:\/\/villahullu.fi\/en\/wp-json\/wp\/v2\/product_cat?post=5682"},{"taxonomy":"product_tag","embeddable":true,"href":"https:\/\/villahullu.fi\/en\/wp-json\/wp\/v2\/product_tag?post=5682"}],"curies":[{"name":"wp","href":"https:\/\/api.w.org\/{rel}","templated":true}]}}