{"id":5355,"date":"2022-04-29T07:00:46","date_gmt":"2022-04-29T04:00:46","guid":{"rendered":"https:\/\/villahullu.fi\/?post_type=product&#038;p=5355"},"modified":"2024-09-01T09:23:37","modified_gmt":"2024-09-01T06:23:37","slug":"riemuneule-mini-ohje-knitpattern-fi-en-de-no-se","status":"publish","type":"product","link":"https:\/\/villahullu.fi\/en\/product\/riemuneule-mini-ohje-knitpattern-fi-en-de-no-se\/","title":{"rendered":"Riemuneule Mini ohje \/ knit pattern (FI, EN, DE, NO, SE)"},"content":{"rendered":"<p><img loading=\"lazy\" decoding=\"async\" class=\"alignnone size-medium wp-image-15084\" src=\"https:\/\/villahullu.fi\/wp-content\/uploads\/2022\/04\/64A9045-233x300.jpeg\" alt=\"\" width=\"233\" height=\"300\" \/> <img loading=\"lazy\" decoding=\"async\" class=\"alignnone size-medium wp-image-15086\" src=\"https:\/\/villahullu.fi\/wp-content\/uploads\/2022\/04\/Page-165-300x203.jpeg\" alt=\"\" width=\"300\" height=\"203\" \/> <img loading=\"lazy\" decoding=\"async\" class=\"alignnone size-medium wp-image-15088\" src=\"https:\/\/villahullu.fi\/wp-content\/uploads\/2022\/04\/Page-166-224x300.jpeg\" alt=\"\" width=\"224\" height=\"300\" \/> <img loading=\"lazy\" decoding=\"async\" class=\"alignnone size-medium wp-image-15090\" src=\"https:\/\/villahullu.fi\/wp-content\/uploads\/2022\/04\/Page-169-200x300.jpeg\" alt=\"\" width=\"200\" height=\"300\" \/>\u00a0<img loading=\"lazy\" decoding=\"async\" class=\"alignnone size-medium wp-image-5373\" src=\"https:\/\/villahullu.fi\/wp-content\/uploads\/2022\/04\/IMG_20220408_210829_535-240x300.jpg\" alt=\"\" width=\"240\" height=\"300\" \/><\/p>\n<p><strong><em>Neuleohje on ladattavissa heti maksusuorituksen j\u00e4lkeen tilauksen yhteydess\u00e4 ilmoittamastasi s\u00e4hk\u00f6postiosoitteesta. (Tarkastathan my\u00f6s roskapostikansion.) Ohjeen toimitus tapahtuu ainoastaan s\u00e4hk\u00f6isesti, eik\u00e4 sit\u00e4 l\u00e4hetet\u00e4 erikseen postitse. On suositeltavaa, ett\u00e4 ohje tallennetaan heti omalle laitteelle.<br \/>\n<\/em><\/strong><\/p>\n<p><strong><em>Knit pattern can be downloaded immediately after payment from the e-mail you provided with your order. (Remember to check also the junk mail folder.) The patter<\/em><\/strong><strong><em>n is delivered only electronically and is not send separately by post. It is recommended that you save the pattern to your device immediately. You can find all the languages mentioned in the tittle in the same pdf file. <\/em><\/strong><strong><em><br \/>\n<\/em><\/strong><\/p>\n<p><strong>Koot<\/strong><\/p>\n<p>(1) 1-2v tai 86\/92 cm<br \/>\n(2) 3-4v tai 98\/104 cm<br \/>\n(3) 5-6v tai 110-116 cm<br \/>\n(4) 7-8v tai 122\/128 cm<br \/>\n(5) 9-10v tai 134\/140 cm<\/p>\n<p>Valmiin neuleen:<br \/>\nRinnanymp\u00e4rys (1)61 (2)68 (3)72 (4)76 (5)80 cm<br \/>\nPituus helmasta kainaloon (1)22 (2)28 (3)30 (4)34 (5)36 cm<br \/>\nHihan pituus (1)22 (2)28 (3)30 (4)34 (5)39 cm<\/p>\n<p><strong>Langan menekki The Croft Aran 100g vyyhti<\/strong><br \/>\nA Huxter 397 (1)2 (2)2 (3)2 (4)3 (5)3<br \/>\nB Sullom 010 (1)1 (2)1 (3)1 (4)1 (5)2<br \/>\nC Melby 551 (1)1 (2)1 (3)1 (4)1 (5)2<\/p>\n<p><strong>Puikot<\/strong><br \/>\nPy\u00f6r\u00f6puikko 4mm 60cm<br \/>\nPy\u00f6r\u00f6puikko 5mm 60cm<br \/>\nSukkapuikot 4mm ja 5mm<\/p>\n<p><strong>Neuletiheys<\/strong><br \/>\n10\u00d710 cm: 18 silmukkaa ja 24 rivi\u00e4 5mm puikoilla<\/p>\n<p><strong>Ty\u00f6ohje<\/strong><br \/>\nNeulo alaosa ja hihat py\u00f6r\u00f6n\u00e4 alhaalta yl\u00f6s. Yhdist\u00e4 kainalossa alaosa sek\u00e4 hihat samalle puikolle<br \/>\nja neulo kaarroke py\u00f6r\u00f6n\u00e4. Alaosassa kerros alkaa vasemmasta sivusta, mutta yhdist\u00e4misen<br \/>\nj\u00e4lkeen kohdasta, jossa takakappale ja vasen hiha on yhdistetty. Kaarrokkeessa raglankavennukset.<\/p>\n<p><strong>Instagram<\/strong><br \/>\nL\u00f6yd\u00e4t lis\u00e4\u00e4 v\u00e4rivaihtoehtoja Instagramista #riemunelue ja #riemuneulemini- tagin takaa<\/p>\n<h2><strong>English<\/strong><\/h2>\n<p><strong>Size<\/strong><\/p>\n<p>(1) 1-2 y or 86\/92 cm<br \/>\n(2) 3-4 y or 98\/104 cm<br \/>\n(3) 5-6 y or 110-116 cm<br \/>\n(4) 7-8 y or 122\/128 cm<br \/>\n(5) 9-10 y or 134\/140 cm<\/p>\n<p>Circumference of chest (1)61 (2)68 (3)72 (4)76 (5)80 cm<br \/>\nBody length (1)22 (2)28 (3)30 (4)34 (5)36 cm<br \/>\nSleeve length (1)22 (2)28 (3)30 (4)34 (5)39 cm<\/p>\n<p><strong>Yarn The Croft Aran 100g skein<\/strong><br \/>\nA Huxter 397 (1)2 (2)2 (3)2 (4)3 (5)3<br \/>\nB Sullom 010 (1)1 (2)1 (3)1 (4)1 (5)2<br \/>\nC Melby 551 (1)1 (2)1 (3)1 (4)1 (5)2<\/p>\n<p><strong>Needles:<\/strong><br \/>\nCircular needle 4mm 60 cm<br \/>\nCircular needle 5mm 60 cm<br \/>\nDouble pointed needles 4mm and 5mm<\/p>\n<p><strong>Gauge<\/strong><br \/>\n10\u00d710 cm: 18 stitches and 24 rows using needle size 5mm<\/p>\n<p><strong>Instructions<\/strong><br \/>\nWork body in the round on circular needle, bottom up. Work sleeves in the round on double pointed needles or circular needle using the Magic loop- technique. Slip sleeves on to same circular needle as body. Raglan decreases.<\/p>\n<p><strong>Instagram<\/strong><br \/>\nYou can find more color choices using #riemuneulemini or #riemuneule<\/p>\n<h2><strong>Norwegian<\/strong><\/h2>\n<p><strong>St\u00f8rrelse<\/strong><\/p>\n<p>(1) 1-2 \u00e5r eller 86\/92 cm<br \/>\n(2) 3-4 \u00e5r eller 98\/104 cm<br \/>\n(3) 5-6 \u00e5r eller 110-116 cm<br \/>\n(4) 7-8 \u00e5r eller 122\/128 cm<br \/>\n(5) 9-10 \u00e5r eller 134\/140 cm<\/p>\n<p>Omkrets av bryst (1)61 (2)68 (3)72 (4)76 (5)80 cm<br \/>\nLengde (1)22 (2)28 (3)30 (4)34 (5)36 cm<br \/>\nErm lengde (1)22 (2)28 (3)30 (4)34 (5)39 cm<\/p>\n<p><strong>Garn The Croft Aran 100g n\u00f8ster<\/strong><br \/>\nA Huxter 397 (1)2 (2)2 (3)2 (4)3 (5)3<br \/>\nB Sullom 010 (1)1 (2)1 (3)1 (4)1 (5)2<br \/>\nC Melby 551 (1)1 (2)1 (3)1 (4)1 (5)2<\/p>\n<p><strong>Needles:<\/strong><br \/>\nRundpinne 4mm 60 cm<br \/>\nRundpinne 5mm 60 cm<br \/>\nStr\u00f8mpepinner 4mm og 5mm<\/p>\n<p><strong>Strikkefasthet:<\/strong><br \/>\n10\u00d710 cm: 18 masker og 24 omganger med pinne 5mm<\/p>\n<p><strong>Instruksjoner<\/strong><br \/>\nBolen strikkes rundt p\u00e5 rundpinne nedenfra og opp.<br \/>\nErmer strikkes rundt med str\u00f8mpepinner eller ved \u00e5 bruke Magic loop-teknikk, og settes p\u00e5 samme pinne som bolen f\u00f8r b\u00e6restykket strikkes og det felles med ragland.<\/p>\n<p><strong>Instagram<\/strong><br \/>\nDu kan finne flere fargekombinasjoner ved \u00e5 s\u00f8ke opp #riemuneulemini og #riemuneule<\/p>\n<h2><strong>Deutsch<\/strong><\/h2>\n<p><strong>Gr\u00f6ssen<\/strong><\/p>\n<p>(1) 1-2 Jahre oder 86\/92\u00a0cm<br \/>\n(2) 3-4 Jahre oder 98\/104\u00a0cm<br \/>\n(3) 5-6 Jahre oder 110\/116\u00a0cm<br \/>\n(4) 7-8 Jahre oder 122\/128\u00a0cm<br \/>\n(5) 9-10 Jahre oder 134\/140\u00a0cm<\/p>\n<p>Brustumfang \u00a0 (1)61 (2)68 (3)72 (4)76 (5)80\u00a0cm<br \/>\nK\u00f6rper, L\u00e4nge (1)22 (2)28 (3)30 (4)34 (5)36\u00a0cm<br \/>\n\u00c4rmel, L\u00e4nge\u00a0 (1)22 (2)28 (3)30 (4)34 (5)39\u00a0cm<\/p>\n<p><strong>Garn The Croft Aran, 100\u00a0g Kn\u00e4uel (ca. 166\u00a0m\/182 yards)<\/strong><br \/>\nA Huxter 397 (1)2 (2)2 (3)2 (4)3 (5)3<br \/>\nB Sullom 010\u00a0 (1)1 (2)1 (3)1 (4)1 (5)2<br \/>\nC Melby 551\u00a0\u00a0\u00a0\u00a0\u00a0\u00a0\u00a0\u00a0\u00a0\u00a0\u00a0\u00a0\u00a0\u00a0 (1)1 (2)1 (3)1 (4)1 (5)2<\/p>\n<p><strong>Stricknadeln<\/strong><br \/>\n4\u00a0mm Rundstricknadel, 60\u00a0cm lang<br \/>\n5\u00a0mm Rundstricknadel, 60\u00a0cm lang<br \/>\n4\u00a0mm und 5\u00a0mm Nadelspiel<\/p>\n<p><strong>Maschenprobe<\/strong><br \/>\n10 x 10\u00a0cm = 18\u00a0M (Maschen) und 24\u00a0Reihen mit Nadelst\u00e4rke 5\u00a0mm<\/p>\n<p><strong>Anleitung<\/strong><br \/>\nDas Vorder- und R\u00fcckenteil (K\u00f6rper) werden gleichzeitig in Runden auf der Rundstricknadel von unten nach oben gestrickt. Auch die \u00c4rmel werden in Runden mit dem Nadelspiel oder mit der Rundstricknadel und Magic-Loop gestrickt. \u00dcbertrage dann die \u00c4rmel auf die Rundstricknadel des K\u00f6rperteils. Danach werden Raglanabnahmen vorgenommen.<\/p>\n<p><strong>Instagram<\/strong><br \/>\nDu kannst weitere Farbkombinationen unter dem Hashtag #riemuneulemini und #riemuneule finden.<\/p>\n<h2><strong>Swedish<\/strong><\/h2>\n<p><strong>Storlek:<\/strong><br \/>\n(1) 1-2 \u00e5r eller 86\/92 cm<br \/>\n(2) 3-4 \u00e5r eller 98\/104 cm<br \/>\n(3) 5-6 \u00e5r eller 110-116 cm<br \/>\n(4) 7-8 \u00e5r eller 122\/128 cm<br \/>\n(5) 9-10 \u00e5r eller 134\/140 cm<\/p>\n<p>Omkrets br\u00f6stet (1) 61 (2) 68 (3) 72 (4) 76 (5) 80 cm<br \/>\nKroppsl\u00e4ngd (1) 22 (2) 28 (3) 30 (4) 34 (5) 36 cm<br \/>\n\u00c4rml\u00e4ngd (1) 22 (2) 28 (3) 30 (4) 34 (5) 39 cm<\/p>\n<p><strong>Garn: The Croft Aran 100g lyste<\/strong><br \/>\nA Huxter 397 (1)2 (2)2 (3)2 (4)3 (5)3<br \/>\nB Sullom 010\u00a0 (1)1 (2)1 (3)1 (4)1 (5)2<br \/>\nC Melby 551\u00a0\u00a0\u00a0\u00a0\u00a0\u00a0\u00a0\u00a0\u00a0\u00a0\u00a0\u00a0\u00a0\u00a0 (1)1 (2)1 (3)1 (4)1 (5)2<\/p>\n<p><strong>Stickor:<\/strong><br \/>\nRundsticka: 4mm 60 cm<br \/>\nRundsticka: 5mm 60 cm<br \/>\nStrumpstickor: 4 mm och 5 mm<\/p>\n<p><strong>Stickfasthet:<\/strong><br \/>\n10 \u00d7 10 cm: 18 maskor och 24 varv med sticka 5 mm stickor<\/p>\n<p><strong>Instruktioner:<\/strong><br \/>\nL\u00e4gg upp och ta ihop. Sticka b\u00e5len runt p\u00e5 rundsticka, nerifr\u00e5n och upp. Sticka \u00e4rmarna runt p\u00e5 strumpstickor eller rundstickor om du anv\u00e4nder Magic loop-tekniken. S\u00e4tt p\u00e5 \u00e4rmarna p\u00e5 samma rundsticka som kroppen. Raglan minskar.<\/p>\n<p><strong>Instagram<\/strong><br \/>\nDu kan hitta fler f\u00e4rgval med #riemuneule eller #riemuneulemini. Kom ih\u00e5g att tagga din ocks\u00e5, s\u00e5 att jag kan se den.<\/p>\n","protected":false},"excerpt":{"rendered":"<p>\u00a0 Neuleohje on ladattavissa heti maksusuorituksen j\u00e4lkeen tilauksen yhteydess\u00e4 ilmoittamastasi s\u00e4hk\u00f6postiosoitteesta. (Tarkastathan my\u00f6s roskapostikansion.) Ohjeen toimitus tapahtuu ainoastaan s\u00e4hk\u00f6isesti, eik\u00e4 sit\u00e4 l\u00e4hetet\u00e4 erikseen postitse. On suositeltavaa, ett\u00e4 ohje tallennetaan heti omalle laitteelle. Knit pattern can be downloaded immediately after payment from the e-mail you provided with your order. (Remember to check also the junk mail [&hellip;]<\/p>\n","protected":false},"featured_media":15092,"comment_status":"closed","ping_status":"closed","template":"","meta":{"_et_pb_use_builder":"","_et_pb_old_content":"","_et_gb_content_width":""},"product_brand":[],"product_cat":[22],"product_tag":[],"class_list":{"0":"post-5355","1":"product","2":"type-product","3":"status-publish","4":"has-post-thumbnail","6":"product_cat-neuleohjeet","7":"product_shipping_class-pdf","9":"first","10":"instock","11":"downloadable","12":"taxable","13":"shipping-taxable","14":"purchasable","15":"product-type-simple"},"yoast_head":"<!-- This site is optimized with the Yoast SEO plugin v27.4 - https:\/\/yoast.com\/product\/yoast-seo-wordpress\/ -->\n<title>Riemuneule Mini ohje \/ knit pattern (FI, EN, DE, NO, SE) - Villahullu<\/title>\n<meta name=\"robots\" content=\"index, follow, max-snippet:-1, max-image-preview:large, max-video-preview:-1\" \/>\n<link rel=\"canonical\" href=\"https:\/\/villahullu.fi\/en\/product\/riemuneule-mini-ohje-knitpattern-fi-en-de-no-se\/\" \/>\n<meta property=\"og:locale\" content=\"en_US\" \/>\n<meta property=\"og:type\" content=\"article\" \/>\n<meta property=\"og:title\" content=\"Riemuneule Mini ohje \/ knit pattern (FI, EN, DE, NO, SE) - Villahullu\" \/>\n<meta property=\"og:description\" content=\"\u00a0 Neuleohje on ladattavissa heti maksusuorituksen j\u00e4lkeen tilauksen yhteydess\u00e4 ilmoittamastasi s\u00e4hk\u00f6postiosoitteesta. (Tarkastathan my\u00f6s roskapostikansion.) Ohjeen toimitus tapahtuu ainoastaan s\u00e4hk\u00f6isesti, eik\u00e4 sit\u00e4 l\u00e4hetet\u00e4 erikseen postitse. On suositeltavaa, ett\u00e4 ohje tallennetaan heti omalle laitteelle. Knit pattern can be downloaded immediately after payment from the e-mail you provided with your order. (Remember to check also the junk mail [&hellip;]\" \/>\n<meta property=\"og:url\" content=\"https:\/\/villahullu.fi\/en\/product\/riemuneule-mini-ohje-knitpattern-fi-en-de-no-se\/\" \/>\n<meta property=\"og:site_name\" content=\"Villahullu\" \/>\n<meta property=\"article:publisher\" content=\"https:\/\/www.facebook.com\/villahullu\/\" \/>\n<meta property=\"article:modified_time\" content=\"2024-09-01T06:23:37+00:00\" \/>\n<meta property=\"og:image\" content=\"https:\/\/villahullu.fi\/wp-content\/uploads\/2022\/04\/Copy-of-Copy-of-Kopio-Kopio-Kopio-Copy-of-Kopio-Copy-of-Kelopipo-ohje-pattern-kuva.png\" \/>\n\t<meta property=\"og:image:width\" content=\"940\" \/>\n\t<meta property=\"og:image:height\" content=\"788\" \/>\n\t<meta property=\"og:image:type\" content=\"image\/png\" \/>\n<meta name=\"twitter:card\" content=\"summary_large_image\" \/>\n<meta name=\"twitter:label1\" content=\"Est. reading time\" \/>\n\t<meta name=\"twitter:data1\" content=\"8 minutes\" \/>\n<script type=\"application\/ld+json\" class=\"yoast-schema-graph\">{\"@context\":\"https:\\\/\\\/schema.org\",\"@graph\":[{\"@type\":\"WebPage\",\"@id\":\"https:\\\/\\\/villahullu.fi\\\/en\\\/product\\\/riemuneule-mini-ohje-knitpattern-fi-en-de-no-se\\\/\",\"url\":\"https:\\\/\\\/villahullu.fi\\\/en\\\/product\\\/riemuneule-mini-ohje-knitpattern-fi-en-de-no-se\\\/\",\"name\":\"Riemuneule Mini ohje \\\/ knit pattern (FI, EN, DE, NO, SE) - Villahullu\",\"isPartOf\":{\"@id\":\"https:\\\/\\\/villahullu.fi\\\/en\\\/#website\"},\"primaryImageOfPage\":{\"@id\":\"https:\\\/\\\/villahullu.fi\\\/en\\\/product\\\/riemuneule-mini-ohje-knitpattern-fi-en-de-no-se\\\/#primaryimage\"},\"image\":{\"@id\":\"https:\\\/\\\/villahullu.fi\\\/en\\\/product\\\/riemuneule-mini-ohje-knitpattern-fi-en-de-no-se\\\/#primaryimage\"},\"thumbnailUrl\":\"https:\\\/\\\/villahullu.fi\\\/wp-content\\\/uploads\\\/2022\\\/04\\\/Copy-of-Copy-of-Kopio-Kopio-Kopio-Copy-of-Kopio-Copy-of-Kelopipo-ohje-pattern-kuva.png\",\"datePublished\":\"2022-04-29T04:00:46+00:00\",\"dateModified\":\"2024-09-01T06:23:37+00:00\",\"breadcrumb\":{\"@id\":\"https:\\\/\\\/villahullu.fi\\\/en\\\/product\\\/riemuneule-mini-ohje-knitpattern-fi-en-de-no-se\\\/#breadcrumb\"},\"inLanguage\":\"en-US\",\"potentialAction\":[{\"@type\":\"ReadAction\",\"target\":[\"https:\\\/\\\/villahullu.fi\\\/en\\\/product\\\/riemuneule-mini-ohje-knitpattern-fi-en-de-no-se\\\/\"]}]},{\"@type\":\"ImageObject\",\"inLanguage\":\"en-US\",\"@id\":\"https:\\\/\\\/villahullu.fi\\\/en\\\/product\\\/riemuneule-mini-ohje-knitpattern-fi-en-de-no-se\\\/#primaryimage\",\"url\":\"https:\\\/\\\/villahullu.fi\\\/wp-content\\\/uploads\\\/2022\\\/04\\\/Copy-of-Copy-of-Kopio-Kopio-Kopio-Copy-of-Kopio-Copy-of-Kelopipo-ohje-pattern-kuva.png\",\"contentUrl\":\"https:\\\/\\\/villahullu.fi\\\/wp-content\\\/uploads\\\/2022\\\/04\\\/Copy-of-Copy-of-Kopio-Kopio-Kopio-Copy-of-Kopio-Copy-of-Kelopipo-ohje-pattern-kuva.png\",\"width\":940,\"height\":788},{\"@type\":\"BreadcrumbList\",\"@id\":\"https:\\\/\\\/villahullu.fi\\\/en\\\/product\\\/riemuneule-mini-ohje-knitpattern-fi-en-de-no-se\\\/#breadcrumb\",\"itemListElement\":[{\"@type\":\"ListItem\",\"position\":1,\"name\":\"Etusivu\",\"item\":\"https:\\\/\\\/villahullu.fi\\\/en\\\/\"},{\"@type\":\"ListItem\",\"position\":2,\"name\":\"Shop\",\"item\":\"https:\\\/\\\/villahullu.fi\\\/en\\\/shop\\\/\"},{\"@type\":\"ListItem\",\"position\":3,\"name\":\"Riemuneule Mini ohje \\\/ knit pattern (FI, EN, DE, NO, SE)\"}]},{\"@type\":\"WebSite\",\"@id\":\"https:\\\/\\\/villahullu.fi\\\/en\\\/#website\",\"url\":\"https:\\\/\\\/villahullu.fi\\\/en\\\/\",\"name\":\"Villahullu\",\"description\":\"Villapaitoja ja neulontaohjeita\",\"publisher\":{\"@id\":\"https:\\\/\\\/villahullu.fi\\\/en\\\/#organization\"},\"potentialAction\":[{\"@type\":\"SearchAction\",\"target\":{\"@type\":\"EntryPoint\",\"urlTemplate\":\"https:\\\/\\\/villahullu.fi\\\/en\\\/?s={search_term_string}\"},\"query-input\":{\"@type\":\"PropertyValueSpecification\",\"valueRequired\":true,\"valueName\":\"search_term_string\"}}],\"inLanguage\":\"en-US\"},{\"@type\":\"Organization\",\"@id\":\"https:\\\/\\\/villahullu.fi\\\/en\\\/#organization\",\"name\":\"Villahullu\",\"url\":\"https:\\\/\\\/villahullu.fi\\\/en\\\/\",\"logo\":{\"@type\":\"ImageObject\",\"inLanguage\":\"en-US\",\"@id\":\"https:\\\/\\\/villahullu.fi\\\/en\\\/#\\\/schema\\\/logo\\\/image\\\/\",\"url\":\"https:\\\/\\\/villahullu.fi\\\/wp-content\\\/uploads\\\/2021\\\/06\\\/logo.png\",\"contentUrl\":\"https:\\\/\\\/villahullu.fi\\\/wp-content\\\/uploads\\\/2021\\\/06\\\/logo.png\",\"width\":374,\"height\":98,\"caption\":\"Villahullu\"},\"image\":{\"@id\":\"https:\\\/\\\/villahullu.fi\\\/en\\\/#\\\/schema\\\/logo\\\/image\\\/\"},\"sameAs\":[\"https:\\\/\\\/www.facebook.com\\\/villahullu\\\/\",\"https:\\\/\\\/www.instagram.com\\\/villahullu\\\/\"]}]}<\/script>\n<!-- \/ Yoast SEO plugin. -->","yoast_head_json":{"title":"Riemuneule Mini ohje \/ knit pattern (FI, EN, DE, NO, SE) - Villahullu","robots":{"index":"index","follow":"follow","max-snippet":"max-snippet:-1","max-image-preview":"max-image-preview:large","max-video-preview":"max-video-preview:-1"},"canonical":"https:\/\/villahullu.fi\/en\/product\/riemuneule-mini-ohje-knitpattern-fi-en-de-no-se\/","og_locale":"en_US","og_type":"article","og_title":"Riemuneule Mini ohje \/ knit pattern (FI, EN, DE, NO, SE) - Villahullu","og_description":"\u00a0 Neuleohje on ladattavissa heti maksusuorituksen j\u00e4lkeen tilauksen yhteydess\u00e4 ilmoittamastasi s\u00e4hk\u00f6postiosoitteesta. (Tarkastathan my\u00f6s roskapostikansion.) Ohjeen toimitus tapahtuu ainoastaan s\u00e4hk\u00f6isesti, eik\u00e4 sit\u00e4 l\u00e4hetet\u00e4 erikseen postitse. On suositeltavaa, ett\u00e4 ohje tallennetaan heti omalle laitteelle. Knit pattern can be downloaded immediately after payment from the e-mail you provided with your order. (Remember to check also the junk mail [&hellip;]","og_url":"https:\/\/villahullu.fi\/en\/product\/riemuneule-mini-ohje-knitpattern-fi-en-de-no-se\/","og_site_name":"Villahullu","article_publisher":"https:\/\/www.facebook.com\/villahullu\/","article_modified_time":"2024-09-01T06:23:37+00:00","og_image":[{"width":940,"height":788,"url":"https:\/\/villahullu.fi\/wp-content\/uploads\/2022\/04\/Copy-of-Copy-of-Kopio-Kopio-Kopio-Copy-of-Kopio-Copy-of-Kelopipo-ohje-pattern-kuva.png","type":"image\/png"}],"twitter_card":"summary_large_image","twitter_misc":{"Est. reading time":"8 minutes"},"schema":{"@context":"https:\/\/schema.org","@graph":[{"@type":"WebPage","@id":"https:\/\/villahullu.fi\/en\/product\/riemuneule-mini-ohje-knitpattern-fi-en-de-no-se\/","url":"https:\/\/villahullu.fi\/en\/product\/riemuneule-mini-ohje-knitpattern-fi-en-de-no-se\/","name":"Riemuneule Mini ohje \/ knit pattern (FI, EN, DE, NO, SE) - Villahullu","isPartOf":{"@id":"https:\/\/villahullu.fi\/en\/#website"},"primaryImageOfPage":{"@id":"https:\/\/villahullu.fi\/en\/product\/riemuneule-mini-ohje-knitpattern-fi-en-de-no-se\/#primaryimage"},"image":{"@id":"https:\/\/villahullu.fi\/en\/product\/riemuneule-mini-ohje-knitpattern-fi-en-de-no-se\/#primaryimage"},"thumbnailUrl":"https:\/\/villahullu.fi\/wp-content\/uploads\/2022\/04\/Copy-of-Copy-of-Kopio-Kopio-Kopio-Copy-of-Kopio-Copy-of-Kelopipo-ohje-pattern-kuva.png","datePublished":"2022-04-29T04:00:46+00:00","dateModified":"2024-09-01T06:23:37+00:00","breadcrumb":{"@id":"https:\/\/villahullu.fi\/en\/product\/riemuneule-mini-ohje-knitpattern-fi-en-de-no-se\/#breadcrumb"},"inLanguage":"en-US","potentialAction":[{"@type":"ReadAction","target":["https:\/\/villahullu.fi\/en\/product\/riemuneule-mini-ohje-knitpattern-fi-en-de-no-se\/"]}]},{"@type":"ImageObject","inLanguage":"en-US","@id":"https:\/\/villahullu.fi\/en\/product\/riemuneule-mini-ohje-knitpattern-fi-en-de-no-se\/#primaryimage","url":"https:\/\/villahullu.fi\/wp-content\/uploads\/2022\/04\/Copy-of-Copy-of-Kopio-Kopio-Kopio-Copy-of-Kopio-Copy-of-Kelopipo-ohje-pattern-kuva.png","contentUrl":"https:\/\/villahullu.fi\/wp-content\/uploads\/2022\/04\/Copy-of-Copy-of-Kopio-Kopio-Kopio-Copy-of-Kopio-Copy-of-Kelopipo-ohje-pattern-kuva.png","width":940,"height":788},{"@type":"BreadcrumbList","@id":"https:\/\/villahullu.fi\/en\/product\/riemuneule-mini-ohje-knitpattern-fi-en-de-no-se\/#breadcrumb","itemListElement":[{"@type":"ListItem","position":1,"name":"Etusivu","item":"https:\/\/villahullu.fi\/en\/"},{"@type":"ListItem","position":2,"name":"Shop","item":"https:\/\/villahullu.fi\/en\/shop\/"},{"@type":"ListItem","position":3,"name":"Riemuneule Mini ohje \/ knit pattern (FI, EN, DE, NO, SE)"}]},{"@type":"WebSite","@id":"https:\/\/villahullu.fi\/en\/#website","url":"https:\/\/villahullu.fi\/en\/","name":"Villahullu","description":"Villapaitoja ja neulontaohjeita","publisher":{"@id":"https:\/\/villahullu.fi\/en\/#organization"},"potentialAction":[{"@type":"SearchAction","target":{"@type":"EntryPoint","urlTemplate":"https:\/\/villahullu.fi\/en\/?s={search_term_string}"},"query-input":{"@type":"PropertyValueSpecification","valueRequired":true,"valueName":"search_term_string"}}],"inLanguage":"en-US"},{"@type":"Organization","@id":"https:\/\/villahullu.fi\/en\/#organization","name":"Villahullu","url":"https:\/\/villahullu.fi\/en\/","logo":{"@type":"ImageObject","inLanguage":"en-US","@id":"https:\/\/villahullu.fi\/en\/#\/schema\/logo\/image\/","url":"https:\/\/villahullu.fi\/wp-content\/uploads\/2021\/06\/logo.png","contentUrl":"https:\/\/villahullu.fi\/wp-content\/uploads\/2021\/06\/logo.png","width":374,"height":98,"caption":"Villahullu"},"image":{"@id":"https:\/\/villahullu.fi\/en\/#\/schema\/logo\/image\/"},"sameAs":["https:\/\/www.facebook.com\/villahullu\/","https:\/\/www.instagram.com\/villahullu\/"]}]}},"jetpack_sharing_enabled":true,"_links":{"self":[{"href":"https:\/\/villahullu.fi\/en\/wp-json\/wp\/v2\/product\/5355","targetHints":{"allow":["GET"]}}],"collection":[{"href":"https:\/\/villahullu.fi\/en\/wp-json\/wp\/v2\/product"}],"about":[{"href":"https:\/\/villahullu.fi\/en\/wp-json\/wp\/v2\/types\/product"}],"replies":[{"embeddable":true,"href":"https:\/\/villahullu.fi\/en\/wp-json\/wp\/v2\/comments?post=5355"}],"wp:featuredmedia":[{"embeddable":true,"href":"https:\/\/villahullu.fi\/en\/wp-json\/wp\/v2\/media\/15092"}],"wp:attachment":[{"href":"https:\/\/villahullu.fi\/en\/wp-json\/wp\/v2\/media?parent=5355"}],"wp:term":[{"taxonomy":"product_brand","embeddable":true,"href":"https:\/\/villahullu.fi\/en\/wp-json\/wp\/v2\/product_brand?post=5355"},{"taxonomy":"product_cat","embeddable":true,"href":"https:\/\/villahullu.fi\/en\/wp-json\/wp\/v2\/product_cat?post=5355"},{"taxonomy":"product_tag","embeddable":true,"href":"https:\/\/villahullu.fi\/en\/wp-json\/wp\/v2\/product_tag?post=5355"}],"curies":[{"name":"wp","href":"https:\/\/api.w.org\/{rel}","templated":true}]}}