{"id":4881,"date":"2022-04-01T06:00:23","date_gmt":"2022-04-01T03:00:23","guid":{"rendered":"https:\/\/villahullu.fi\/?post_type=product&#038;p=4881"},"modified":"2024-09-01T09:23:39","modified_gmt":"2024-09-01T06:23:39","slug":"paanuneule-ohje-knitpattern-fi-en-us-no","status":"publish","type":"product","link":"https:\/\/villahullu.fi\/en\/product\/paanuneule-ohje-knitpattern-fi-en-us-no\/","title":{"rendered":"Paanuneule ohje \/ knit pattern (FI, EN\/US, NO, DE)"},"content":{"rendered":"<p><img loading=\"lazy\" decoding=\"async\" class=\"alignnone size-medium wp-image-4888\" src=\"https:\/\/villahullu.fi\/wp-content\/uploads\/2022\/03\/IMG_20220312_142950-225x300.jpg\" alt=\"\" width=\"225\" height=\"300\" \/> <img loading=\"lazy\" decoding=\"async\" class=\"alignnone size-medium wp-image-4906\" src=\"https:\/\/villahullu.fi\/wp-content\/uploads\/2022\/03\/IMG_20220321_064523_340-1-240x300.jpg\" alt=\"\" width=\"240\" height=\"300\" \/> <img loading=\"lazy\" decoding=\"async\" class=\"alignnone size-medium wp-image-4886\" src=\"https:\/\/villahullu.fi\/wp-content\/uploads\/2022\/03\/image1-3-225x300.jpeg\" alt=\"\" width=\"225\" height=\"300\" \/> <img loading=\"lazy\" decoding=\"async\" class=\"alignnone size-medium wp-image-4900\" src=\"https:\/\/villahullu.fi\/wp-content\/uploads\/2022\/03\/IMG_20220304_074911_814-240x300.jpg\" alt=\"\" width=\"240\" height=\"300\" \/><img loading=\"lazy\" decoding=\"async\" class=\"size-medium wp-image-4902\" src=\"https:\/\/villahullu.fi\/wp-content\/uploads\/2022\/03\/IMG_20220314_164624-225x300.jpg\" alt=\"\" width=\"225\" height=\"300\" \/><img loading=\"lazy\" decoding=\"async\" class=\"alignnone size-medium wp-image-4894\" src=\"https:\/\/villahullu.fi\/wp-content\/uploads\/2022\/03\/IMG_20220330_172035_508-300x300.jpg\" alt=\"\" width=\"300\" height=\"300\" \/> <img loading=\"lazy\" decoding=\"async\" class=\"alignnone size-medium wp-image-4884\" src=\"https:\/\/villahullu.fi\/wp-content\/uploads\/2022\/03\/image_67176449-225x300.jpg\" alt=\"\" width=\"225\" height=\"300\" \/><\/p>\n<p><strong><em>Neuleohje on ladattavissa heti maksusuorituksen j\u00e4lkeen tilauksen yhteydess\u00e4 ilmoittamastasi s\u00e4hk\u00f6postiosoitteesta. (Tarkastathan my\u00f6s roskapostikansion.) Ohjeen toimitus tapahtuu ainoastaan s\u00e4hk\u00f6isesti, eik\u00e4 sit\u00e4 l\u00e4hetet\u00e4 erikseen postitse. On suositeltavaa, ett\u00e4 ohje tallennetaan heti omalle laitteelle.<br \/>\n<\/em><\/strong><\/p>\n<p><strong><em>Knit pattern can be downloaded immediately after payment from the e-mail you provided with your order. (Remember to check also the junk mail folder.) The patter<\/em><\/strong><strong><em>n is delivered only electronically and is not send separately by post. It is recommended that you save the pattern to your device immediately. You can find all the languages mentioned in the tittle in the same pdf file. <\/em><\/strong><\/p>\n<p><strong>Koot XS, S, M, L, XL, XXL<\/strong><br \/>\nAlaosan leveys (XS)42 (S)46 (M)50 (L)54 (XL)58 (XXL)62 cm<br \/>\nPituus helmasta kainaloon (XS)36 (S)37 (M)38 (L)40 (XL)41 (XXL)43 cm<br \/>\nHihan pituus (XS)48 (S)48 (M)49 (L)51 (XL)52 (XXL)53 cm<\/p>\n<p><strong>Langan menekki Alafosslopi 100g ker\u00e4<\/strong><br \/>\nP\u00e4\u00e4v\u00e4ri 0086 Light beige (XS)3 (S)3 (M)4 (L)4 (XL)4 (XXL)5<br \/>\nA 0052 Black sheep (XS)2 (S)2 (M)2 (L)2 (XL)3 (XXL)2<br \/>\nB 9964 Golden heather (XS)1 (S)1 (M)2 (L)2 (XL)2 (XXL)2<br \/>\nC 0051 White (XS)1 (S)1 (M)1 (L)1 (XL)1 (XXL)1<\/p>\n<p><strong>Puikot<\/strong><br \/>\nPy\u00f6r\u00f6puikko 6 mm 80 cm<br \/>\nPy\u00f6r\u00f6puikko 4,5 mm 80 cm<br \/>\nSukkapuikot 4,5 mm ja 6 mm<br \/>\n(Mik\u00e4li et k\u00e4yt\u00e4 Magic loop- tekniikkaa,<br \/>\ntarvitset my\u00f6s py\u00f6r\u00f6puikot 4,5 mm ja 6 mm 40 cm)<\/p>\n<p><strong>Neuletiheys<\/strong><br \/>\n10 x 10 cm = 13 s ja 18krs sile\u00e4\u00e4 neuletta puikoilla 6 mm<\/p>\n<p><strong>Ty\u00f6ohje<\/strong><br \/>\nNeulo alaosa ja hihat py\u00f6r\u00f6n\u00e4 alhaalta yl\u00f6s. Yhdist\u00e4 kainalossa alaosa sek\u00e4 hihat samalle puikolle ja neulo kaarroke py\u00f6r\u00f6n\u00e4. Alaosassa kerros alkaa vasemmasta sivusta, mutta yhdist\u00e4misen j\u00e4lkeen kohdasta, jossa takakappale ja vasen hiha on yhdistetty. Hihoissa tehd\u00e4\u00e4n raglan-kavennukset.<\/p>\n<p><strong>Instagram<\/strong><br \/>\nL\u00f6yd\u00e4t v\u00e4rivaihtoehtoja Instagramista #paanuneule tagin takaa<\/p>\n<h2><strong>English<\/strong><\/h2>\n<p><strong>Size XS, S, M, L, XL, XXL<\/strong><\/p>\n<p>Body width (XS)42 (S)46 (M)50 (L)54 (XL)58 (XXL)62 cm<br \/>\n(XS)16 \u00bd (S)18 (M)20 (L)21 (XL)23 (XXL)24 \u00bd inches<br \/>\nBody length (XS)36 (S)37 (M)38 (L)40 (XL)41 (XXL)43 cm<br \/>\n(XS)14 (S)14 \u00bd (M)15 (L)15 \u00bd (XL)16 (XXL)17 \u00bd inches<br \/>\nSleeve length (XS)48 (S)48 (M)49 (L)51 (XL)52 (XXL)53 cm<br \/>\n(XS)18 \u00bd (S)18 \u00bd (M)19 (L)20 (XL)20 \u00bd (XXL)21 inches<\/p>\n<p><strong>Yarn Alafosslopi 100g ball<\/strong><br \/>\nMain color (MC) 0086 Light beige (XS)3 (S)3 (M)4 (L)4 (XL)4 (XXL)5<br \/>\nA 0052 Black sheep (XS)2 (S)2 (M)2 (L)2 (XL)3 (XXL)2<br \/>\nB 9964 Golden heather (XS)1 (S)1 (M)2 (L)2 (XL)2 (XXL)2<br \/>\nC 0051 White (XS)1 (S)1 (M)1 (L)1 (XL)1 (XXL)1<\/p>\n<p><strong>Needles:<\/strong><br \/>\nCircular needle 4.5mm 80cm US 7, 32\u201d<br \/>\nCircular needle 6mm 80cm US 10, 32\u201d<br \/>\nDouble pointed needles 4.5mm and 6mm US 7 and 10<br \/>\n(If you don\u2019t use the magic loop- technique,<br \/>\nyou will need to use circular needle 4.5mm and 6mm 40cm US 7 and 10, 16\u201d)<\/p>\n<p><strong>Gauge<\/strong><br \/>\n10cm = 13sts and 18 rows on needle size 6mm<\/p>\n<p><strong>Instuctions<\/strong><br \/>\nWork body in the round on circular needle, bottom up. Work sleeves in the round on double pointed needles or circular needle using the Magic loop- technique. Slip sleeves on to same circular needle as body. Raglan decreases.<\/p>\n<p><strong>Instagram<\/strong><br \/>\nYou can find more color choices using #paanuneule<\/p>\n<h2><strong>Norwegian<\/strong><\/h2>\n<p><strong>St\u00f8rrelse XS, S, M, L, XL, XXL<\/strong><\/p>\n<p>Bredde: (XS)42 (S)46 (M)50 (L)54 (XL)58 (XXL)62 cm<br \/>\nLengde: (XS)36 (S)37 (M)38 (L)40 (XL)41 (XXL)43 cm<br \/>\nErmer lengde (XS)48 (S)48 (M)49 (L)51 (XL)52 (XXL)53 cm<\/p>\n<p><strong>Garn<\/strong><br \/>\nAlafosslopi 100gr n\u00f8ste<br \/>\nBunnfarge (BF) 0086 Light beige (XS)3 (S)3 (M)4 (L)4 (XL)4 (XXL)5<br \/>\nA 0052 Black sheep (XS)2 (S)2 (M)2 (L)2 (XL)3 (XXL)2<br \/>\nB 9964 Golden heather (XS)1 (S)1 (M)2 (L)2 (XL)2 (XXL)2<br \/>\nC 0051 White (XS)1 (S)1 (M)1 (L)1 (XL)1 (XXL)1<\/p>\n<p><strong>Pinner:<\/strong><br \/>\nRundpinne 4.5mm 80cm<br \/>\nRundpinne 6mm 80cm<br \/>\nStr\u00f8mpepinner 4.5mm og 6mm<br \/>\n(Hvis du ikke benytter magicloop trenger du ogs\u00e5 rundpinne 4.5mm og 6mm 40cm)<\/p>\n<p><strong>Strikkefasthet<\/strong><br \/>\n10cm = 13masker og 18 omganger p\u00e5 pinne nr. 6<\/p>\n<p><strong>Forklaring<\/strong><br \/>\nStrikk bolen rundt p\u00e5 rundpinner nedenfra og opp.<br \/>\nStrikk ermer nedenfra og opp, f\u00f8r de settes inn p\u00e5 samme pinne som bolen.<br \/>\nB\u00e6restykket felles med ragland.<\/p>\n<p><strong>Instagram<\/strong><br \/>\nDu kan finne flere fargekombinasjoner ved \u00e5 bruke #paanuneule<\/p>\n<h2><strong>Deutsch<\/strong><\/h2>\n<p><strong>Gr\u00f6sse XS, S, M, L, XL, XXL\u00a0<\/strong><br \/>\nK\u00f6rper, Breite\u00a0 (XS)42 (S)46 (M)50 (L)54 (XL)58 (XXL)62 cm<br \/>\nK\u00f6rper, L\u00e4nge (XS)36 (S)37 (M)38 (L)40 (XL)41 (XXL)43\u00a0cm<br \/>\n\u00c4rmel, L\u00e4nge\u00a0 (XS)48 (S)48 (M)49 (L)51 (XL)52 (XXL)53\u00a0cm<\/p>\n<p><strong>Garn<\/strong><br \/>\nAlafosslopi, 100\u00a0g Kn\u00e4uel<br \/>\nHauptfarbe 0086 Light beige\u00a0 (XS)3 (S)3 (M)4 (L)4 (XL)4 (XXL)5<br \/>\nA 0052 Black sheep \u00a0\u00a0\u00a0\u00a0\u00a0\u00a0\u00a0\u00a0\u00a0\u00a0\u00a0\u00a0\u00a0\u00a0 (XS)2 (S)2 (M)2 (L)2 (XL)3 (XXL)2<br \/>\nB 9964 Golden heather \u00a0\u00a0\u00a0\u00a0\u00a0\u00a0\u00a0\u00a0\u00a0\u00a0\u00a0\u00a0\u00a0\u00a0\u00a0\u00a0\u00a0\u00a0\u00a0\u00a0\u00a0 (XS)1 (S)1 (M)2 (L)2 (XL)2 (XXL)2<br \/>\nC 0051 White \u00a0\u00a0\u00a0\u00a0\u00a0\u00a0\u00a0\u00a0\u00a0\u00a0\u00a0\u00a0 (XS)1 (S)1 (M)1 (L)1 (XL)1 (XXL)1<\/p>\n<p><strong>Stricknadeln<\/strong><br \/>\n4.5\u00a0mm Rundstricknadel, 80\u00a0cm lang<br \/>\n6\u00a0mm Rundstricknadel, 80\u00a0cm lang<br \/>\n4.5\u00a0mm und 6\u00a0mm Nadelspiel<br \/>\n(Wenn du nicht mit Magic-Loop arbeiten m\u00f6chtest,<br \/>\nben\u00f6tigst du zudem eine 4.5\u00a0mm und 6\u00a0mm Rundstricknadel von 40\u00a0cm L\u00e4nge)<\/p>\n<p><strong>Maschenprobe<\/strong><br \/>\n10\u00a0cm = 13\u00a0M (Maschen) und 18\u00a0Reihen mit Nadelst\u00e4rke 6\u00a0mm<\/p>\n<p><strong>Anleitung<\/strong><br \/>\nDas Vorder- und R\u00fcckenteil (K\u00f6rper) werden gleichzeitig in Runden auf der Rundstricknadel von unten nach oben gestrickt. Auch die \u00c4rmel werden in Runden mit dem Nadelspiel oder mit der Rundstricknadel und der Magic-Loop-Methode gearbeitet. \u00dcbertrage dann die \u00c4rmel auf die Rundstricknadel des K\u00f6rperteils.<\/p>\n<p><strong>Instagram<\/strong><br \/>\nDu kannst weitere Farbkombinationen unter dem Hashtag #paanuneule finden.<\/p>\n","protected":false},"excerpt":{"rendered":"<p>Neuleohje on ladattavissa heti maksusuorituksen j\u00e4lkeen tilauksen yhteydess\u00e4 ilmoittamastasi s\u00e4hk\u00f6postiosoitteesta. (Tarkastathan my\u00f6s roskapostikansion.) Ohjeen toimitus tapahtuu ainoastaan s\u00e4hk\u00f6isesti, eik\u00e4 sit\u00e4 l\u00e4hetet\u00e4 erikseen postitse. On suositeltavaa, ett\u00e4 ohje tallennetaan heti omalle laitteelle. Knit pattern can be downloaded immediately after payment from the e-mail you provided with your order. (Remember to check also the junk mail folder.) [&hellip;]<\/p>\n","protected":false},"featured_media":4896,"comment_status":"closed","ping_status":"closed","template":"","meta":{"_et_pb_use_builder":"","_et_pb_old_content":"","_et_gb_content_width":""},"product_brand":[],"product_cat":[22],"product_tag":[],"class_list":{"0":"post-4881","1":"product","2":"type-product","3":"status-publish","4":"has-post-thumbnail","6":"product_cat-neuleohjeet","7":"product_shipping_class-pdf","9":"first","10":"instock","11":"downloadable","12":"taxable","13":"shipping-taxable","14":"purchasable","15":"product-type-simple"},"yoast_head":"<!-- This site is optimized with the Yoast SEO plugin v27.4 - https:\/\/yoast.com\/product\/yoast-seo-wordpress\/ -->\n<title>Paanuneule ohje \/ knit pattern (FI, EN\/US, NO, DE) - Villahullu<\/title>\n<meta name=\"robots\" content=\"index, follow, max-snippet:-1, max-image-preview:large, max-video-preview:-1\" \/>\n<link rel=\"canonical\" href=\"https:\/\/villahullu.fi\/en\/product\/paanuneule-ohje-knitpattern-fi-en-us-no\/\" \/>\n<meta property=\"og:locale\" content=\"en_US\" \/>\n<meta property=\"og:type\" content=\"article\" \/>\n<meta property=\"og:title\" content=\"Paanuneule ohje \/ knit pattern (FI, EN\/US, NO, DE) - Villahullu\" \/>\n<meta property=\"og:description\" content=\"Neuleohje on ladattavissa heti maksusuorituksen j\u00e4lkeen tilauksen yhteydess\u00e4 ilmoittamastasi s\u00e4hk\u00f6postiosoitteesta. (Tarkastathan my\u00f6s roskapostikansion.) Ohjeen toimitus tapahtuu ainoastaan s\u00e4hk\u00f6isesti, eik\u00e4 sit\u00e4 l\u00e4hetet\u00e4 erikseen postitse. On suositeltavaa, ett\u00e4 ohje tallennetaan heti omalle laitteelle. Knit pattern can be downloaded immediately after payment from the e-mail you provided with your order. (Remember to check also the junk mail folder.) [&hellip;]\" \/>\n<meta property=\"og:url\" content=\"https:\/\/villahullu.fi\/en\/product\/paanuneule-ohje-knitpattern-fi-en-us-no\/\" \/>\n<meta property=\"og:site_name\" content=\"Villahullu\" \/>\n<meta property=\"article:publisher\" content=\"https:\/\/www.facebook.com\/villahullu\/\" \/>\n<meta property=\"article:modified_time\" content=\"2024-09-01T06:23:39+00:00\" \/>\n<meta property=\"og:image\" content=\"https:\/\/villahullu.fi\/wp-content\/uploads\/2022\/03\/Copy-of-Kopio-Kopio-Kopio-Copy-of-Kopio-Copy-of-Kelopipo-ohje-pattern-kuva.png\" \/>\n\t<meta property=\"og:image:width\" content=\"940\" \/>\n\t<meta property=\"og:image:height\" content=\"788\" \/>\n\t<meta property=\"og:image:type\" content=\"image\/png\" \/>\n<meta name=\"twitter:card\" content=\"summary_large_image\" \/>\n<meta name=\"twitter:label1\" content=\"Est. reading time\" \/>\n\t<meta name=\"twitter:data1\" content=\"7 minutes\" \/>\n<script type=\"application\/ld+json\" class=\"yoast-schema-graph\">{\"@context\":\"https:\\\/\\\/schema.org\",\"@graph\":[{\"@type\":\"WebPage\",\"@id\":\"https:\\\/\\\/villahullu.fi\\\/en\\\/product\\\/paanuneule-ohje-knitpattern-fi-en-us-no\\\/\",\"url\":\"https:\\\/\\\/villahullu.fi\\\/en\\\/product\\\/paanuneule-ohje-knitpattern-fi-en-us-no\\\/\",\"name\":\"Paanuneule ohje \\\/ knit pattern (FI, EN\\\/US, NO, DE) - Villahullu\",\"isPartOf\":{\"@id\":\"https:\\\/\\\/villahullu.fi\\\/en\\\/#website\"},\"primaryImageOfPage\":{\"@id\":\"https:\\\/\\\/villahullu.fi\\\/en\\\/product\\\/paanuneule-ohje-knitpattern-fi-en-us-no\\\/#primaryimage\"},\"image\":{\"@id\":\"https:\\\/\\\/villahullu.fi\\\/en\\\/product\\\/paanuneule-ohje-knitpattern-fi-en-us-no\\\/#primaryimage\"},\"thumbnailUrl\":\"https:\\\/\\\/villahullu.fi\\\/wp-content\\\/uploads\\\/2022\\\/03\\\/Copy-of-Kopio-Kopio-Kopio-Copy-of-Kopio-Copy-of-Kelopipo-ohje-pattern-kuva.png\",\"datePublished\":\"2022-04-01T03:00:23+00:00\",\"dateModified\":\"2024-09-01T06:23:39+00:00\",\"breadcrumb\":{\"@id\":\"https:\\\/\\\/villahullu.fi\\\/en\\\/product\\\/paanuneule-ohje-knitpattern-fi-en-us-no\\\/#breadcrumb\"},\"inLanguage\":\"en-US\",\"potentialAction\":[{\"@type\":\"ReadAction\",\"target\":[\"https:\\\/\\\/villahullu.fi\\\/en\\\/product\\\/paanuneule-ohje-knitpattern-fi-en-us-no\\\/\"]}]},{\"@type\":\"ImageObject\",\"inLanguage\":\"en-US\",\"@id\":\"https:\\\/\\\/villahullu.fi\\\/en\\\/product\\\/paanuneule-ohje-knitpattern-fi-en-us-no\\\/#primaryimage\",\"url\":\"https:\\\/\\\/villahullu.fi\\\/wp-content\\\/uploads\\\/2022\\\/03\\\/Copy-of-Kopio-Kopio-Kopio-Copy-of-Kopio-Copy-of-Kelopipo-ohje-pattern-kuva.png\",\"contentUrl\":\"https:\\\/\\\/villahullu.fi\\\/wp-content\\\/uploads\\\/2022\\\/03\\\/Copy-of-Kopio-Kopio-Kopio-Copy-of-Kopio-Copy-of-Kelopipo-ohje-pattern-kuva.png\",\"width\":940,\"height\":788},{\"@type\":\"BreadcrumbList\",\"@id\":\"https:\\\/\\\/villahullu.fi\\\/en\\\/product\\\/paanuneule-ohje-knitpattern-fi-en-us-no\\\/#breadcrumb\",\"itemListElement\":[{\"@type\":\"ListItem\",\"position\":1,\"name\":\"Etusivu\",\"item\":\"https:\\\/\\\/villahullu.fi\\\/en\\\/\"},{\"@type\":\"ListItem\",\"position\":2,\"name\":\"Shop\",\"item\":\"https:\\\/\\\/villahullu.fi\\\/en\\\/shop\\\/\"},{\"@type\":\"ListItem\",\"position\":3,\"name\":\"Paanuneule ohje \\\/ knit pattern (FI, EN\\\/US, NO, DE)\"}]},{\"@type\":\"WebSite\",\"@id\":\"https:\\\/\\\/villahullu.fi\\\/en\\\/#website\",\"url\":\"https:\\\/\\\/villahullu.fi\\\/en\\\/\",\"name\":\"Villahullu\",\"description\":\"Villapaitoja ja neulontaohjeita\",\"publisher\":{\"@id\":\"https:\\\/\\\/villahullu.fi\\\/en\\\/#organization\"},\"potentialAction\":[{\"@type\":\"SearchAction\",\"target\":{\"@type\":\"EntryPoint\",\"urlTemplate\":\"https:\\\/\\\/villahullu.fi\\\/en\\\/?s={search_term_string}\"},\"query-input\":{\"@type\":\"PropertyValueSpecification\",\"valueRequired\":true,\"valueName\":\"search_term_string\"}}],\"inLanguage\":\"en-US\"},{\"@type\":\"Organization\",\"@id\":\"https:\\\/\\\/villahullu.fi\\\/en\\\/#organization\",\"name\":\"Villahullu\",\"url\":\"https:\\\/\\\/villahullu.fi\\\/en\\\/\",\"logo\":{\"@type\":\"ImageObject\",\"inLanguage\":\"en-US\",\"@id\":\"https:\\\/\\\/villahullu.fi\\\/en\\\/#\\\/schema\\\/logo\\\/image\\\/\",\"url\":\"https:\\\/\\\/villahullu.fi\\\/wp-content\\\/uploads\\\/2021\\\/06\\\/logo.png\",\"contentUrl\":\"https:\\\/\\\/villahullu.fi\\\/wp-content\\\/uploads\\\/2021\\\/06\\\/logo.png\",\"width\":374,\"height\":98,\"caption\":\"Villahullu\"},\"image\":{\"@id\":\"https:\\\/\\\/villahullu.fi\\\/en\\\/#\\\/schema\\\/logo\\\/image\\\/\"},\"sameAs\":[\"https:\\\/\\\/www.facebook.com\\\/villahullu\\\/\",\"https:\\\/\\\/www.instagram.com\\\/villahullu\\\/\"]}]}<\/script>\n<!-- \/ Yoast SEO plugin. -->","yoast_head_json":{"title":"Paanuneule ohje \/ knit pattern (FI, EN\/US, NO, DE) - Villahullu","robots":{"index":"index","follow":"follow","max-snippet":"max-snippet:-1","max-image-preview":"max-image-preview:large","max-video-preview":"max-video-preview:-1"},"canonical":"https:\/\/villahullu.fi\/en\/product\/paanuneule-ohje-knitpattern-fi-en-us-no\/","og_locale":"en_US","og_type":"article","og_title":"Paanuneule ohje \/ knit pattern (FI, EN\/US, NO, DE) - Villahullu","og_description":"Neuleohje on ladattavissa heti maksusuorituksen j\u00e4lkeen tilauksen yhteydess\u00e4 ilmoittamastasi s\u00e4hk\u00f6postiosoitteesta. (Tarkastathan my\u00f6s roskapostikansion.) Ohjeen toimitus tapahtuu ainoastaan s\u00e4hk\u00f6isesti, eik\u00e4 sit\u00e4 l\u00e4hetet\u00e4 erikseen postitse. On suositeltavaa, ett\u00e4 ohje tallennetaan heti omalle laitteelle. Knit pattern can be downloaded immediately after payment from the e-mail you provided with your order. (Remember to check also the junk mail folder.) [&hellip;]","og_url":"https:\/\/villahullu.fi\/en\/product\/paanuneule-ohje-knitpattern-fi-en-us-no\/","og_site_name":"Villahullu","article_publisher":"https:\/\/www.facebook.com\/villahullu\/","article_modified_time":"2024-09-01T06:23:39+00:00","og_image":[{"width":940,"height":788,"url":"https:\/\/villahullu.fi\/wp-content\/uploads\/2022\/03\/Copy-of-Kopio-Kopio-Kopio-Copy-of-Kopio-Copy-of-Kelopipo-ohje-pattern-kuva.png","type":"image\/png"}],"twitter_card":"summary_large_image","twitter_misc":{"Est. reading time":"7 minutes"},"schema":{"@context":"https:\/\/schema.org","@graph":[{"@type":"WebPage","@id":"https:\/\/villahullu.fi\/en\/product\/paanuneule-ohje-knitpattern-fi-en-us-no\/","url":"https:\/\/villahullu.fi\/en\/product\/paanuneule-ohje-knitpattern-fi-en-us-no\/","name":"Paanuneule ohje \/ knit pattern (FI, EN\/US, NO, DE) - Villahullu","isPartOf":{"@id":"https:\/\/villahullu.fi\/en\/#website"},"primaryImageOfPage":{"@id":"https:\/\/villahullu.fi\/en\/product\/paanuneule-ohje-knitpattern-fi-en-us-no\/#primaryimage"},"image":{"@id":"https:\/\/villahullu.fi\/en\/product\/paanuneule-ohje-knitpattern-fi-en-us-no\/#primaryimage"},"thumbnailUrl":"https:\/\/villahullu.fi\/wp-content\/uploads\/2022\/03\/Copy-of-Kopio-Kopio-Kopio-Copy-of-Kopio-Copy-of-Kelopipo-ohje-pattern-kuva.png","datePublished":"2022-04-01T03:00:23+00:00","dateModified":"2024-09-01T06:23:39+00:00","breadcrumb":{"@id":"https:\/\/villahullu.fi\/en\/product\/paanuneule-ohje-knitpattern-fi-en-us-no\/#breadcrumb"},"inLanguage":"en-US","potentialAction":[{"@type":"ReadAction","target":["https:\/\/villahullu.fi\/en\/product\/paanuneule-ohje-knitpattern-fi-en-us-no\/"]}]},{"@type":"ImageObject","inLanguage":"en-US","@id":"https:\/\/villahullu.fi\/en\/product\/paanuneule-ohje-knitpattern-fi-en-us-no\/#primaryimage","url":"https:\/\/villahullu.fi\/wp-content\/uploads\/2022\/03\/Copy-of-Kopio-Kopio-Kopio-Copy-of-Kopio-Copy-of-Kelopipo-ohje-pattern-kuva.png","contentUrl":"https:\/\/villahullu.fi\/wp-content\/uploads\/2022\/03\/Copy-of-Kopio-Kopio-Kopio-Copy-of-Kopio-Copy-of-Kelopipo-ohje-pattern-kuva.png","width":940,"height":788},{"@type":"BreadcrumbList","@id":"https:\/\/villahullu.fi\/en\/product\/paanuneule-ohje-knitpattern-fi-en-us-no\/#breadcrumb","itemListElement":[{"@type":"ListItem","position":1,"name":"Etusivu","item":"https:\/\/villahullu.fi\/en\/"},{"@type":"ListItem","position":2,"name":"Shop","item":"https:\/\/villahullu.fi\/en\/shop\/"},{"@type":"ListItem","position":3,"name":"Paanuneule ohje \/ knit pattern (FI, EN\/US, NO, DE)"}]},{"@type":"WebSite","@id":"https:\/\/villahullu.fi\/en\/#website","url":"https:\/\/villahullu.fi\/en\/","name":"Villahullu","description":"Villapaitoja ja neulontaohjeita","publisher":{"@id":"https:\/\/villahullu.fi\/en\/#organization"},"potentialAction":[{"@type":"SearchAction","target":{"@type":"EntryPoint","urlTemplate":"https:\/\/villahullu.fi\/en\/?s={search_term_string}"},"query-input":{"@type":"PropertyValueSpecification","valueRequired":true,"valueName":"search_term_string"}}],"inLanguage":"en-US"},{"@type":"Organization","@id":"https:\/\/villahullu.fi\/en\/#organization","name":"Villahullu","url":"https:\/\/villahullu.fi\/en\/","logo":{"@type":"ImageObject","inLanguage":"en-US","@id":"https:\/\/villahullu.fi\/en\/#\/schema\/logo\/image\/","url":"https:\/\/villahullu.fi\/wp-content\/uploads\/2021\/06\/logo.png","contentUrl":"https:\/\/villahullu.fi\/wp-content\/uploads\/2021\/06\/logo.png","width":374,"height":98,"caption":"Villahullu"},"image":{"@id":"https:\/\/villahullu.fi\/en\/#\/schema\/logo\/image\/"},"sameAs":["https:\/\/www.facebook.com\/villahullu\/","https:\/\/www.instagram.com\/villahullu\/"]}]}},"jetpack_sharing_enabled":true,"_links":{"self":[{"href":"https:\/\/villahullu.fi\/en\/wp-json\/wp\/v2\/product\/4881","targetHints":{"allow":["GET"]}}],"collection":[{"href":"https:\/\/villahullu.fi\/en\/wp-json\/wp\/v2\/product"}],"about":[{"href":"https:\/\/villahullu.fi\/en\/wp-json\/wp\/v2\/types\/product"}],"replies":[{"embeddable":true,"href":"https:\/\/villahullu.fi\/en\/wp-json\/wp\/v2\/comments?post=4881"}],"wp:featuredmedia":[{"embeddable":true,"href":"https:\/\/villahullu.fi\/en\/wp-json\/wp\/v2\/media\/4896"}],"wp:attachment":[{"href":"https:\/\/villahullu.fi\/en\/wp-json\/wp\/v2\/media?parent=4881"}],"wp:term":[{"taxonomy":"product_brand","embeddable":true,"href":"https:\/\/villahullu.fi\/en\/wp-json\/wp\/v2\/product_brand?post=4881"},{"taxonomy":"product_cat","embeddable":true,"href":"https:\/\/villahullu.fi\/en\/wp-json\/wp\/v2\/product_cat?post=4881"},{"taxonomy":"product_tag","embeddable":true,"href":"https:\/\/villahullu.fi\/en\/wp-json\/wp\/v2\/product_tag?post=4881"}],"curies":[{"name":"wp","href":"https:\/\/api.w.org\/{rel}","templated":true}]}}