{"id":3697,"date":"2022-02-16T11:05:27","date_gmt":"2022-02-16T09:05:27","guid":{"rendered":"https:\/\/villahullu.fi\/?post_type=product&#038;p=3697"},"modified":"2024-12-02T08:54:33","modified_gmt":"2024-12-02T06:54:33","slug":"hiutaleneule-lite","status":"publish","type":"product","link":"https:\/\/villahullu.fi\/en\/product\/hiutaleneule-lite\/","title":{"rendered":"Hiutaleneule Lite ohje \/ knit pattern (FI, EN\/US, NO, DE, SE, ES)"},"content":{"rendered":"<p><img loading=\"lazy\" decoding=\"async\" class=\"alignnone size-medium wp-image-3698\" src=\"https:\/\/villahullu.fi\/wp-content\/uploads\/2022\/02\/IMG_20220212_183353_668-259x300.webp\" alt=\"\" width=\"259\" height=\"300\" \/>\u00a0 <img loading=\"lazy\" decoding=\"async\" class=\"alignnone size-medium wp-image-3712\" src=\"https:\/\/villahullu.fi\/wp-content\/uploads\/2022\/02\/Screenshot_20220216_114259-237x300.jpg\" alt=\"\" width=\"237\" height=\"300\" \/><img loading=\"lazy\" decoding=\"async\" class=\"alignnone size-medium wp-image-3702\" src=\"https:\/\/villahullu.fi\/wp-content\/uploads\/2022\/02\/IMG_20220214_215749_596-240x300.jpg\" alt=\"\" width=\"240\" height=\"300\" \/>\u00a0 <img loading=\"lazy\" decoding=\"async\" class=\"alignnone size-medium wp-image-3706\" src=\"https:\/\/villahullu.fi\/wp-content\/uploads\/2022\/02\/Screenshot_20220216_110111-239x300.jpg\" alt=\"\" width=\"239\" height=\"300\" \/><\/p>\n<p><strong><em>Neuleohje on ladattavissa heti maksusuorituksen j\u00e4lkeen tilauksen yhteydess\u00e4 ilmoittamastasi s\u00e4hk\u00f6postiosoitteesta. (Tarkastathan my\u00f6s roskapostikansion.) Ohjeen toimitus tapahtuu ainoastaan s\u00e4hk\u00f6isesti, eik\u00e4 sit\u00e4 l\u00e4hetet\u00e4 erikseen postitse. On suositeltavaa, ett\u00e4 ohje tallennetaan heti omalle laitteelle.<br \/>\n<\/em><\/strong><\/p>\n<p><strong><em>Knit pattern can be downloaded immediately after payment from the e-mail you provided with your order. (Remember to check also the junk mail folder.) The patter<\/em><\/strong><strong><em>n is delivered only electronically and is not send separately by post. It is recommended that you save the pattern to your device immediately. You can find all the languages mentioned in the tittle in the same pdf file. <\/em><\/strong><strong><em><br \/>\n<\/em><\/strong><\/p>\n<p><strong>Koot XXS, XS, S, M, L, XL, XXL<\/strong><\/p>\n<p>Koot ovat viitteellisi\u00e4. Tarkistatahan sopivan koon paidan mitoista. Mitat ovat valmiin paidan mittoja.<\/p>\n<p><strong>Rinnanymp\u00e4rys<\/strong><\/p>\n<p>(XXS)84 (XS)89 (S)94 (M)99 (L)104 (XL)109 (XXL)114 cm<\/p>\n<p><strong>Alaosan leveys<\/strong><\/p>\n<p>(XXS)42 (XS)45 (S)47 (M)49 (L)52 (XL)54 (XXL)57 cm<\/p>\n<p><strong>Pituus helmasta kainaloon<\/strong><\/p>\n<p>(XXS)39 (XS)40 (S)41 (M)43 (L)44 (XL)45 (XXL)46 cm (tai haluttu pituus)<\/p>\n<p><strong>Hihan pituus <\/strong><\/p>\n<p>(XXS)47 (XS)48 (S)49 (M)50 (L)51 (XL)52 (XXL)54 cm (tai haluttu pituus)<\/p>\n<p><strong>Langan menekki Lettlopi 50g ker\u00e4<\/strong><br \/>\nP\u00e4\u00e4v\u00e4ri 0052 Black sheep (XXS)6 (XS)6 (S)7 (M)7 (L)8 (XL)8 (XXL)9<br \/>\nA 1417 Frostbite (XXS)2 (XS)3 (S)3 (M)3 (L)3 (XL)3 (XXL)3<br \/>\nB 9431 Brick (XXS)2 (XS)2 (S)2 (M)2 (L)2 (XL)2 (XXL)2<br \/>\nC 0051 White (XXS)1 (XS)1 (S)1 (M)1 (L)1 (XL)1 (XXL)1<\/p>\n<p><strong>Puikot<\/strong><br \/>\nPy\u00f6r\u00f6puikko 3,5mm 80cm<br \/>\nPy\u00f6r\u00f6puikko 4,5mm 80cm<br \/>\nSukkapuikot 3,5mm ja 4,5mm<br \/>\n(Mik\u00e4li et k\u00e4yt\u00e4 Magic loop- tekniikkaa, tarvitset my\u00f6s py\u00f6r\u00f6puikot 3,5mm ja 4,5mm 40cm)<\/p>\n<p><strong>Neuletiheys<\/strong><br \/>\n10\u00d710 cm: 18 silmukkaa ja 24 rivi\u00e4 4,5mm puikoilla<\/p>\n<p><strong>Ty\u00f6ohje<\/strong><br \/>\nNeulo alaosa ja hihat py\u00f6r\u00f6n\u00e4 alhaalta yl\u00f6s. Yhdist\u00e4 kainalossa alaosa sek\u00e4 hihat samalle puikolle<br \/>\nja neulo kaarroke py\u00f6r\u00f6n\u00e4. Alaosassa kerros alkaa vasemmasta sivusta, mutta yhdist\u00e4misen<br \/>\nj\u00e4lkeen kohdasta, jossa takakappale ja vasen hiha on yhdistetty.<\/p>\n<p>Katso lis\u00e4\u00e4 kuvia Instagramissa #hiutaleneulelite ja #hiutaleneule &#8211; tagin takaa.<\/p>\n<h2><strong>English<\/strong><\/h2>\n<p><strong>Size XXS, XS, S, M, L, XL, XXL<\/strong><\/p>\n<p>The sizes are indicative. Please check the measures for the appropriate sweater size.<\/p>\n<p>The measurements are the measurements of the finished sweater.<\/p>\n<p>&nbsp;<\/p>\n<p>Bust circumference (XXS)84 (XS)89 (S)94 (M)99 (L)104 (XL)109 (XXL)114 cm<\/p>\n<p>(XXS)33 (XS)35 (S)37.4 (M)40 (L)40.9 (XL)42.9 (XXL)44.9 cm<\/p>\n<p>Body width (XXS)42 (XS)45 (S)47 (M)49 (L)51 (XL)53 (XXL)56 cm<\/p>\n<p>(XXS)16\u00bd (XS)17\u00bd (S)18\u00bd (M)19 (L)20 (XL)21 (XXL)22 inches<\/p>\n<p>Body length (XXS)40 (XS)40 (S)41 (M)43 (L)44 (XL)45 (XXL)46 cm (or desired)<\/p>\n<p>(XXS)15\u00bd (XS)15\u00bd (S)16 (M)17 (L)17\u00bd (XL)18 (XXL)18\u00bd inches<\/p>\n<p>Sleeve length\u00a0 (XXS)47 (XS)48 (S)49 (M)50 (L)51 (XL)52 (XXL)54 cm<\/p>\n<p>(XXS)18\u00bd (XS)19 (S)19\u00bd (M)20 (L)20\u00bd (XL)20\u00bd (XXL)21 inches<\/p>\n<p><strong>Yarn Lettlopi 50g ball<\/strong><br \/>\nMC 0052 Black sheep (XXS)6 (XS)6 (S)7 (M)7 (L)8 (XL)8 (XXL)9<br \/>\nA 1417 Frostbite (XXS)2 (XS)3 (S)3 (M)3 (L)3 (XL)3 (XXL)3<br \/>\nB 9431 Brick (XXS)2 (XS)2 (S)2 (M)2 (L)2 (XL)2 (XXL)2<br \/>\nC 0051 White (XXS)1 (XS)1 (S)1 (M)1 (L)1 (XL)1 (XXL)1<\/p>\n<p><strong>Needles:<\/strong><br \/>\nCircular needle 3.5mm 80cm US 4, 32\u201d<br \/>\nCircular needle 4.5mm 80cm US 7, 32\u201d<br \/>\nDouble pointed needles 3.5mm and 4.5mm US 4 and 7<br \/>\n(If you don\u2019t use the magic loop- technique,<br \/>\nyou will need to use circular needle 3.5mm and 4.5mm 40cm US 4 and 7, 16\u201d)<\/p>\n<p><strong>Gauge<\/strong><br \/>\n10\u00d710 cm: 18 stitches and 24 rows using needle size 4.5mm<\/p>\n<p><strong>Instructions<\/strong><br \/>\nWork body in the round on circular needle, bottom up. Work sleeves in the round on double pointed needles or circular needle using the Magic loop- technique. Slip sleeves on to same circular needle as body.<\/p>\n<p><strong>Instagram<\/strong><br \/>\nYou can find more color choices using #hiutaleneulelite and #hiutaleneule<\/p>\n<h2><strong>Norsk<\/strong><\/h2>\n<p><strong>St\u00f8rrelse XXS, XS, S, M, L, XL, XXL<\/strong><\/p>\n<p>St\u00f8rrelsene er alltid veiledende. Vennligst sjekk m\u00e5l for valg av riktig st\u00f8rrelse. M\u00e5lene er m\u00e5lt flatt p\u00e5 ferdig genser.<\/p>\n<p>Omkrets\u00a0\u00a0\u00a0\u00a0\u00a0\u00a0\u00a0\u00a0\u00a0 (XXS)84 (XS)89 (S)94 (M)99 (L)104 (XL)109 (XXL)114 cm<\/p>\n<p>Bredde bol\u00a0\u00a0\u00a0\u00a0\u00a0 (XXS)42 (XS)45 (S)47 (M)49 (L)51 (XL)53 (XXL)56 cm<\/p>\n<p>Lengde bol\u00a0\u00a0\u00a0\u00a0\u00a0 (XXS)40 (XS)40 (S)41 (M)43 (L)44 (XL)45 (XXL)46 cm (eller \u00f8nsket lengde)<\/p>\n<p>Ermer lengde\u00a0 (XXS)47 (XS)48 (S)49 (M)50 (L)51 (XL)52 (XXL)54 cm (eller \u00f8nsket lengde)<\/p>\n<p><strong>Garn Lettlopi 50gr n\u00f8ster<\/strong><br \/>\nBF 0052 Black sheep (XXS)6 (XS)6 (S)7 (M)7 (L)8 (XL)8 (XXL)9<br \/>\nA 1407 Frostbite (XXS)2 (XS)3 (S)3 (M)3 (L)3 (XL)3 (XXL)3<br \/>\nB 9431 Brick (XXS)2 (XS)2 (S)2 (M)2 (L)2 (XL)2 (XXL)2<br \/>\nC 0051 White (XXS)1 (XS)1 (S)1 (M)1 (L)1 (XL)1 (XXL)1<\/p>\n<p><strong>Pinner:<\/strong><br \/>\nRundpinne 3.5mm 80cm<br \/>\nRundpinne 4.5mm 80cm<br \/>\nStr\u00f8mpepinner nr. 3.5mm and 4.5mm<br \/>\n(Hvis du ikke bruker magic loop teknikk, trenger du ogs\u00e5 rundpinne 3.5mm og 4.5mm 40cm)<\/p>\n<p><strong>Strikkefasthet<\/strong><br \/>\n10\u00d710 cm: 18 masker og 24 omganger p\u00e5 pinne nr. 4.5mm<\/p>\n<p><strong>Instruksjoner<\/strong><br \/>\nBolen strikkes rundt p\u00e5 rundpinne nedenfra og opp.<br \/>\nErmer strikkes rundt og settes p\u00e5 samme pinne som bolen f\u00f8r b\u00e6restykket strikkes.<\/p>\n<p><strong>Instagram\u2028<\/strong><br \/>\nDu kan finne flere fargesammensetninger ved \u00e5 s\u00f8ke opp #hiutaleneulelite og #hiutaleneule<\/p>\n<h2><strong>Deutsch<\/strong><\/h2>\n<p><strong>Gr\u00f6\u00dfe XXS, S, M, L, XL, XXL<\/strong><\/p>\n<p>Die Gr\u00f6\u00dfen sind Richtwerte. Bitte \u00fcberpr\u00fcfe deine Ma\u00dfe f\u00fcr die entsprechenden Pullover-Ma\u00dfe. Die angegebenen Ma\u00dfe sind die Ma\u00dfe des fertigen Sweaters.<strong>\u00a0<\/strong><\/p>\n<p>Brustumfang\u00a0\u00a0 (XXS)84 (XS)89 (S)94 (M)99 (L)104 (XL)109 (XXL)114 cm<\/p>\n<p>K\u00f6rper Breite(XXS)42 (XS)45 (S)47 (M)49 (L)51 (XL)53 (XXL)56 cm<\/p>\n<p>K\u00f6rper L\u00e4nge (XXS)40 (XS)40 (S)41 (M)43 (L)44 (XL)45 (XXL)46 cm (oder nach Wunsch)<\/p>\n<p>\u00c4rmel L\u00e4nge\u00a0\u00a0 (XXS)47 (XS)48 (S)49 (M)50 (L)51 (XL)52 (XXL)54 cm (oder nach Wunsch)<\/p>\n<p><strong>Garn Lettlopi 50gr Kn\u00e4uel<\/strong><br \/>\nHF 0052 Black sheep (XXS)6 (XS)6 (S)7 (M)7 (L)8 (XL)8 (XXL)9<br \/>\nA 1417 Frostbite (XXS)2 (XS)3 (S)3 (M)3 (L)3 (XL)3 (XXL)3<br \/>\nB 9431 Brick (XXS)2 (XS)2 (S)2 (M)2 (L)2 (XL)2 (XXL)2<br \/>\nC 0051 White (XXS)1 (XS)1 (S)1 (M)1 (L)1 (XL)1 (XXL)1<\/p>\n<p><strong>Nadeln:<\/strong><br \/>\n3,5 mm Rundstricknadel, 80 cm L\u00e4nge<br \/>\n4,5 mm Rundstricknadel, 80 cm L\u00e4nge<br \/>\n3,5 mm und 4,5 mm Nadelspiel<br \/>\n(Wenn du nicht mit der Magic-Loop-Methode arbeiten m\u00f6chtest, ben\u00f6tigst du eine 3,5 mm und 4,5 mm Rundstricknadel mit 40 cm L\u00e4nge)<\/p>\n<p><strong>Maschenprobe<\/strong><br \/>\n10&#215;10 cm = 18 Maschen und 24 Reihen mit Nadelst\u00e4rke 4,5 mm<\/p>\n<p><strong>Instruktionen<\/strong><br \/>\nArbeite den K\u00f6rper in Runden auf der Rundstricknadel, von unten nach oben. Arbeite die \u00c4rmel in Runden mit dem Nadelspiel oder der Rundstricknadel und der Magic-Loop-Methode. \u00dcbernehme die \u00c4rmel auf dieselbe Rundstricknadel wie den K\u00f6rper.<\/p>\n<p><strong>Instagram<\/strong><br \/>\nMit dem Hashtag #hiutaleneulelite und #hiutaleneule kannst du weitere Farbm\u00f6glichkeiten finden.<\/p>\n<h2><strong>Svenska<\/strong><\/h2>\n<p><strong>Storlekar XXS, XS, S, M, L, XL, XXL<\/strong><\/p>\n<p>Storlekarna \u00e4r riktgivande. J\u00e4mf\u00f6r g\u00e4rna m\u00e5tten med en tr\u00f6ja i l\u00e4mplig storlek. M\u00e5tten g\u00e4ller f\u00f6r den f\u00e4rdiga tr\u00f6jan.<\/p>\n<p><strong>\u00d6vervidd<\/strong><\/p>\n<p>(XXS)84 (XS)89 (S)94 (M)99 (L)104 (XL)109 (XXL)114 cm<\/p>\n<p><strong>B\u00e5lens vidd<\/strong><\/p>\n<p>(XXS)42 (XS)45 (S)47 (M)49 (L)51 (XL)53 (XXL)56 cm<\/p>\n<p><strong>Sidl\u00e4ngd till \u00e4rmh\u00e5l<\/strong><\/p>\n<p>(XXS)39 (XS)40 (S)41 (M)43 (L)44 (XL)45 (XXL)46 cm (eller \u00f6nskad l\u00e4ngd)<\/p>\n<p><strong>\u00c4rml\u00e4ngd<\/strong><\/p>\n<p>(XXS)47 (XS)48 (S)49 (M)50 (L)51 (XL)52 (XXL)54 cm (eller \u00f6nskad l\u00e4ngd)<\/p>\n<p><strong>Garn\u00e5tg\u00e5ng Lettlopi 50g nystan<\/strong><br \/>\nBottenf\u00e4rg 0052 Black sheep (XXS)6 (XS)6 (S)7 (M)7 (L)8 (XL)8 (XXL)9<br \/>\nA 1417 Frostbite (XXS)2 (XS)3 (S)3 (M)3 (L)3 (XL)3 (XXL)3<br \/>\nB 9431 Brick (XXS)2 (XS)2 (S)2 (M)2 (L)2 (XL)2 (XXL)2<br \/>\nC 0051 White (XXS)1 (XS)1 (S)1 (M)1 (L)1 (XL)1 (XXL)1<\/p>\n<p><strong>Stickor<\/strong><br \/>\nRundsticka 3,5 mm 80 cm<br \/>\nRundsticka 4,5 mm 80 cm<br \/>\nStrumpstickor 3,5 mm och 4,5 mm<br \/>\n(anv\u00e4nder du Magic loop-teknik, beh\u00f6vs rundstickor 3,5 mm och 4,5 mm 40 cm)<\/p>\n<p><strong>Maskt\u00e4thet<\/strong><br \/>\n10\u00d710 cm: 18 m x 24 v sl\u00e4tstickning p\u00e5 stickor 4,5 mm<\/p>\n<p><strong>Beskrivning<\/strong><br \/>\nB\u00e5l och \u00e4rmar stickas p\u00e5 rundsticka nerifr\u00e5n till \u00e4rmh\u00e5l. Vid \u00e4rmh\u00e5let s\u00e4tts delarna ihop och oket stickas \u00f6ver alla maskorna p\u00e5 rundstickan.<br \/>\nB\u00e5lens varv b\u00f6rjar i v\u00e4nster sida, men okets varv b\u00f6rjar mellan bakstycke och v\u00e4nster arm.<\/p>\n<p><strong>Instagram<\/strong><br \/>\nOlika f\u00e4rgalternativ finns p\u00e5 Instagram under hashtaggar #hiutaleneulelite och #hiutaleneule<\/p>\n<h2><strong>Espa\u00f1ol<\/strong><\/h2>\n<p><strong>Talles XXS, XS, S, M, L, XL, XXL<\/strong><\/p>\n<p>Los talles son indicativos. Por favor controlar las medidas para obtener una talla apropiada de sweater. Las medidas corresponden a las medidas del sweater una vez finalizado.<\/p>\n<p>Circunferencia de busto (XXS)84 (XS)89 (S)94 (M)99 (L)104 (XL)109 (XXL)114 cm<\/p>\n<p>(XXS)33 (XS)35 (S)37.4 (M)40 (L)40.9 (XL)42.9 (XXL)44.9 pulgadas<\/p>\n<p>Ancho de cuerpo\u00a0\u00a0\u00a0\u00a0\u00a0\u00a0\u00a0\u00a0\u00a0\u00a0\u00a0\u00a0\u00a0\u00a0\u00a0 (XXS)42 (XS)45 (S)47 (M)49 (L)51 (XL)53 (XXL)56 cm<\/p>\n<p>(XXS)16\u00bd (XS)17\u00bd (S)18\u00bd (M)19 (L)20 (XL)21 (XXL)22 pulgadas<\/p>\n<p>Largo de cuerpo \u00a0\u00a0\u00a0\u00a0\u00a0\u00a0\u00a0\u00a0\u00a0\u00a0\u00a0\u00a0\u00a0\u00a0\u00a0 (XXS)40 (XS)40 (S)41 (M)43 (L)44 (XL)45 (XXL)46 cm (o el deseado)<\/p>\n<p>(XXS)15\u00bd (XS)15\u00bd (S)16 (M)17 (L)17\u00bd (XL)18 (XXL)18\u00bd pulgadas<\/p>\n<p>Largo de mangas\u00a0\u00a0\u00a0\u00a0\u00a0\u00a0\u00a0\u00a0\u00a0\u00a0\u00a0\u00a0\u00a0\u00a0\u00a0 (XXS)47 (XS)48 (S)49 (M)50 (L)51 (XL)52 (XXL)54 cm<\/p>\n<p>(XXS)18\u00bd (XS)19 (S)19\u00bd (M)20 (L)20\u00bd (XL)20\u00bd (XXL)21 pulgadas<\/p>\n<p><strong>Hilado <\/strong>Lettlopi ovillo de 50g<\/p>\n<p>CP 0052 Oveja negra (Black sheep) (XXS)6 (XS)6 (S)7 (M)7 (L)8 (XL)8 (XXL)9<\/p>\n<p>A\u00a0 1417 Congelaci\u00f3n (Frostbite) (XXS)2 (XS)3 (S)3 (M)3 (L)3 (XL)3 (XXL)3<\/p>\n<p>B\u00a0 9431 Ladrillo (Brick) (XXS)2 (XS)2 (S)2 (M)2 (L)2 (XL)2 (XXL)2<\/p>\n<p>C\u00a0 0051 Blanco (White) (XXS)1 (XS)1 (S)1 (M)1 (L)1 (XL)1 (XXL)1<\/p>\n<p><strong>Agujas:<\/strong><\/p>\n<p>Agujas circulares 3.5 mm 80 cm US 4, 32\u201d<\/p>\n<p>Agujas circulares 4.5 mm 80 cm US 7, 32\u201d<\/p>\n<p>Agujas de doble punta 3.5 mm y 4.5 mm US 4 y 7<\/p>\n<p>(Si no utilizas la t\u00e9cnica de aro m\u00e1gico,<\/p>\n<p>necesitar\u00e1s utilizar agujas circulares 3.5 mm y 4.5 mm 40 cm US 4 y 7, 16\u201d)<\/p>\n<p><strong>Muestra<\/strong><\/p>\n<p>10\u00d710 cm: 18 puntos y 24 vueltas en aguja tama\u00f1o 4.5 mm<\/p>\n<p><strong>Instrucciones<\/strong><\/p>\n<p>Tejer el cuerpo en redondo con agujas circulares, desde abajo hacia arriba. Tejer las mangas en redondo con agujas de doble punta o circulares usando la t\u00e9cnica de aro m\u00e1gico. Desliza las mangas hacia las mismas agujas circulares donde tienes el cuerpo.<\/p>\n","protected":false},"excerpt":{"rendered":"<p>\u00a0 \u00a0 Neuleohje on ladattavissa heti maksusuorituksen j\u00e4lkeen tilauksen yhteydess\u00e4 ilmoittamastasi s\u00e4hk\u00f6postiosoitteesta. (Tarkastathan my\u00f6s roskapostikansion.) Ohjeen toimitus tapahtuu ainoastaan s\u00e4hk\u00f6isesti, eik\u00e4 sit\u00e4 l\u00e4hetet\u00e4 erikseen postitse. On suositeltavaa, ett\u00e4 ohje tallennetaan heti omalle laitteelle. Knit pattern can be downloaded immediately after payment from the e-mail you provided with your order. (Remember to check also the junk [&hellip;]<\/p>\n","protected":false},"featured_media":3710,"comment_status":"closed","ping_status":"closed","template":"","meta":{"_et_pb_use_builder":"","_et_pb_old_content":"","_et_gb_content_width":""},"product_brand":[],"product_cat":[22],"product_tag":[],"class_list":{"0":"post-3697","1":"product","2":"type-product","3":"status-publish","4":"has-post-thumbnail","6":"product_cat-neuleohjeet","7":"product_shipping_class-pdf","9":"first","10":"instock","11":"downloadable","12":"taxable","13":"shipping-taxable","14":"purchasable","15":"product-type-simple"},"yoast_head":"<!-- This site is optimized with the Yoast SEO plugin v27.4 - https:\/\/yoast.com\/product\/yoast-seo-wordpress\/ -->\n<title>Hiutaleneule Lite ohje \/ knit pattern (FI, EN\/US, NO, DE, SE, ES) - Villahullu<\/title>\n<meta name=\"robots\" content=\"index, follow, max-snippet:-1, max-image-preview:large, max-video-preview:-1\" \/>\n<link rel=\"canonical\" href=\"https:\/\/villahullu.fi\/en\/product\/hiutaleneule-lite\/\" \/>\n<meta property=\"og:locale\" content=\"en_US\" \/>\n<meta property=\"og:type\" content=\"article\" \/>\n<meta property=\"og:title\" content=\"Hiutaleneule Lite ohje \/ knit pattern (FI, EN\/US, NO, DE, SE, ES) - Villahullu\" \/>\n<meta property=\"og:description\" content=\"\u00a0 \u00a0 Neuleohje on ladattavissa heti maksusuorituksen j\u00e4lkeen tilauksen yhteydess\u00e4 ilmoittamastasi s\u00e4hk\u00f6postiosoitteesta. (Tarkastathan my\u00f6s roskapostikansion.) Ohjeen toimitus tapahtuu ainoastaan s\u00e4hk\u00f6isesti, eik\u00e4 sit\u00e4 l\u00e4hetet\u00e4 erikseen postitse. On suositeltavaa, ett\u00e4 ohje tallennetaan heti omalle laitteelle. Knit pattern can be downloaded immediately after payment from the e-mail you provided with your order. (Remember to check also the junk [&hellip;]\" \/>\n<meta property=\"og:url\" content=\"https:\/\/villahullu.fi\/en\/product\/hiutaleneule-lite\/\" \/>\n<meta property=\"og:site_name\" content=\"Villahullu\" \/>\n<meta property=\"article:publisher\" content=\"https:\/\/www.facebook.com\/villahullu\/\" \/>\n<meta property=\"article:modified_time\" content=\"2024-12-02T06:54:33+00:00\" \/>\n<meta property=\"og:image\" content=\"https:\/\/villahullu.fi\/wp-content\/uploads\/2022\/02\/Kopio-Copy-of-Kopio-Copy-of-Kelopipo-ohje-pattern-kuva-1.png\" \/>\n\t<meta property=\"og:image:width\" content=\"940\" \/>\n\t<meta property=\"og:image:height\" content=\"788\" \/>\n\t<meta property=\"og:image:type\" content=\"image\/png\" \/>\n<meta name=\"twitter:card\" content=\"summary_large_image\" \/>\n<meta name=\"twitter:label1\" content=\"Est. reading time\" \/>\n\t<meta name=\"twitter:data1\" content=\"10 minutes\" \/>\n<script type=\"application\/ld+json\" class=\"yoast-schema-graph\">{\"@context\":\"https:\\\/\\\/schema.org\",\"@graph\":[{\"@type\":\"WebPage\",\"@id\":\"https:\\\/\\\/villahullu.fi\\\/en\\\/product\\\/hiutaleneule-lite\\\/\",\"url\":\"https:\\\/\\\/villahullu.fi\\\/en\\\/product\\\/hiutaleneule-lite\\\/\",\"name\":\"Hiutaleneule Lite ohje \\\/ knit pattern (FI, EN\\\/US, NO, DE, SE, ES) - Villahullu\",\"isPartOf\":{\"@id\":\"https:\\\/\\\/villahullu.fi\\\/en\\\/#website\"},\"primaryImageOfPage\":{\"@id\":\"https:\\\/\\\/villahullu.fi\\\/en\\\/product\\\/hiutaleneule-lite\\\/#primaryimage\"},\"image\":{\"@id\":\"https:\\\/\\\/villahullu.fi\\\/en\\\/product\\\/hiutaleneule-lite\\\/#primaryimage\"},\"thumbnailUrl\":\"https:\\\/\\\/villahullu.fi\\\/wp-content\\\/uploads\\\/2022\\\/02\\\/Kopio-Copy-of-Kopio-Copy-of-Kelopipo-ohje-pattern-kuva-1.png\",\"datePublished\":\"2022-02-16T09:05:27+00:00\",\"dateModified\":\"2024-12-02T06:54:33+00:00\",\"breadcrumb\":{\"@id\":\"https:\\\/\\\/villahullu.fi\\\/en\\\/product\\\/hiutaleneule-lite\\\/#breadcrumb\"},\"inLanguage\":\"en-US\",\"potentialAction\":[{\"@type\":\"ReadAction\",\"target\":[\"https:\\\/\\\/villahullu.fi\\\/en\\\/product\\\/hiutaleneule-lite\\\/\"]}]},{\"@type\":\"ImageObject\",\"inLanguage\":\"en-US\",\"@id\":\"https:\\\/\\\/villahullu.fi\\\/en\\\/product\\\/hiutaleneule-lite\\\/#primaryimage\",\"url\":\"https:\\\/\\\/villahullu.fi\\\/wp-content\\\/uploads\\\/2022\\\/02\\\/Kopio-Copy-of-Kopio-Copy-of-Kelopipo-ohje-pattern-kuva-1.png\",\"contentUrl\":\"https:\\\/\\\/villahullu.fi\\\/wp-content\\\/uploads\\\/2022\\\/02\\\/Kopio-Copy-of-Kopio-Copy-of-Kelopipo-ohje-pattern-kuva-1.png\",\"width\":940,\"height\":788},{\"@type\":\"BreadcrumbList\",\"@id\":\"https:\\\/\\\/villahullu.fi\\\/en\\\/product\\\/hiutaleneule-lite\\\/#breadcrumb\",\"itemListElement\":[{\"@type\":\"ListItem\",\"position\":1,\"name\":\"Etusivu\",\"item\":\"https:\\\/\\\/villahullu.fi\\\/en\\\/\"},{\"@type\":\"ListItem\",\"position\":2,\"name\":\"Shop\",\"item\":\"https:\\\/\\\/villahullu.fi\\\/en\\\/shop\\\/\"},{\"@type\":\"ListItem\",\"position\":3,\"name\":\"Hiutaleneule Lite ohje \\\/ knit pattern (FI, EN\\\/US, NO, DE, SE, ES)\"}]},{\"@type\":\"WebSite\",\"@id\":\"https:\\\/\\\/villahullu.fi\\\/en\\\/#website\",\"url\":\"https:\\\/\\\/villahullu.fi\\\/en\\\/\",\"name\":\"Villahullu\",\"description\":\"Villapaitoja ja neulontaohjeita\",\"publisher\":{\"@id\":\"https:\\\/\\\/villahullu.fi\\\/en\\\/#organization\"},\"potentialAction\":[{\"@type\":\"SearchAction\",\"target\":{\"@type\":\"EntryPoint\",\"urlTemplate\":\"https:\\\/\\\/villahullu.fi\\\/en\\\/?s={search_term_string}\"},\"query-input\":{\"@type\":\"PropertyValueSpecification\",\"valueRequired\":true,\"valueName\":\"search_term_string\"}}],\"inLanguage\":\"en-US\"},{\"@type\":\"Organization\",\"@id\":\"https:\\\/\\\/villahullu.fi\\\/en\\\/#organization\",\"name\":\"Villahullu\",\"url\":\"https:\\\/\\\/villahullu.fi\\\/en\\\/\",\"logo\":{\"@type\":\"ImageObject\",\"inLanguage\":\"en-US\",\"@id\":\"https:\\\/\\\/villahullu.fi\\\/en\\\/#\\\/schema\\\/logo\\\/image\\\/\",\"url\":\"https:\\\/\\\/villahullu.fi\\\/wp-content\\\/uploads\\\/2021\\\/06\\\/logo.png\",\"contentUrl\":\"https:\\\/\\\/villahullu.fi\\\/wp-content\\\/uploads\\\/2021\\\/06\\\/logo.png\",\"width\":374,\"height\":98,\"caption\":\"Villahullu\"},\"image\":{\"@id\":\"https:\\\/\\\/villahullu.fi\\\/en\\\/#\\\/schema\\\/logo\\\/image\\\/\"},\"sameAs\":[\"https:\\\/\\\/www.facebook.com\\\/villahullu\\\/\",\"https:\\\/\\\/www.instagram.com\\\/villahullu\\\/\"]}]}<\/script>\n<!-- \/ Yoast SEO plugin. -->","yoast_head_json":{"title":"Hiutaleneule Lite ohje \/ knit pattern (FI, EN\/US, NO, DE, SE, ES) - Villahullu","robots":{"index":"index","follow":"follow","max-snippet":"max-snippet:-1","max-image-preview":"max-image-preview:large","max-video-preview":"max-video-preview:-1"},"canonical":"https:\/\/villahullu.fi\/en\/product\/hiutaleneule-lite\/","og_locale":"en_US","og_type":"article","og_title":"Hiutaleneule Lite ohje \/ knit pattern (FI, EN\/US, NO, DE, SE, ES) - Villahullu","og_description":"\u00a0 \u00a0 Neuleohje on ladattavissa heti maksusuorituksen j\u00e4lkeen tilauksen yhteydess\u00e4 ilmoittamastasi s\u00e4hk\u00f6postiosoitteesta. (Tarkastathan my\u00f6s roskapostikansion.) Ohjeen toimitus tapahtuu ainoastaan s\u00e4hk\u00f6isesti, eik\u00e4 sit\u00e4 l\u00e4hetet\u00e4 erikseen postitse. On suositeltavaa, ett\u00e4 ohje tallennetaan heti omalle laitteelle. Knit pattern can be downloaded immediately after payment from the e-mail you provided with your order. (Remember to check also the junk [&hellip;]","og_url":"https:\/\/villahullu.fi\/en\/product\/hiutaleneule-lite\/","og_site_name":"Villahullu","article_publisher":"https:\/\/www.facebook.com\/villahullu\/","article_modified_time":"2024-12-02T06:54:33+00:00","og_image":[{"width":940,"height":788,"url":"https:\/\/villahullu.fi\/wp-content\/uploads\/2022\/02\/Kopio-Copy-of-Kopio-Copy-of-Kelopipo-ohje-pattern-kuva-1.png","type":"image\/png"}],"twitter_card":"summary_large_image","twitter_misc":{"Est. reading time":"10 minutes"},"schema":{"@context":"https:\/\/schema.org","@graph":[{"@type":"WebPage","@id":"https:\/\/villahullu.fi\/en\/product\/hiutaleneule-lite\/","url":"https:\/\/villahullu.fi\/en\/product\/hiutaleneule-lite\/","name":"Hiutaleneule Lite ohje \/ knit pattern (FI, EN\/US, NO, DE, SE, ES) - Villahullu","isPartOf":{"@id":"https:\/\/villahullu.fi\/en\/#website"},"primaryImageOfPage":{"@id":"https:\/\/villahullu.fi\/en\/product\/hiutaleneule-lite\/#primaryimage"},"image":{"@id":"https:\/\/villahullu.fi\/en\/product\/hiutaleneule-lite\/#primaryimage"},"thumbnailUrl":"https:\/\/villahullu.fi\/wp-content\/uploads\/2022\/02\/Kopio-Copy-of-Kopio-Copy-of-Kelopipo-ohje-pattern-kuva-1.png","datePublished":"2022-02-16T09:05:27+00:00","dateModified":"2024-12-02T06:54:33+00:00","breadcrumb":{"@id":"https:\/\/villahullu.fi\/en\/product\/hiutaleneule-lite\/#breadcrumb"},"inLanguage":"en-US","potentialAction":[{"@type":"ReadAction","target":["https:\/\/villahullu.fi\/en\/product\/hiutaleneule-lite\/"]}]},{"@type":"ImageObject","inLanguage":"en-US","@id":"https:\/\/villahullu.fi\/en\/product\/hiutaleneule-lite\/#primaryimage","url":"https:\/\/villahullu.fi\/wp-content\/uploads\/2022\/02\/Kopio-Copy-of-Kopio-Copy-of-Kelopipo-ohje-pattern-kuva-1.png","contentUrl":"https:\/\/villahullu.fi\/wp-content\/uploads\/2022\/02\/Kopio-Copy-of-Kopio-Copy-of-Kelopipo-ohje-pattern-kuva-1.png","width":940,"height":788},{"@type":"BreadcrumbList","@id":"https:\/\/villahullu.fi\/en\/product\/hiutaleneule-lite\/#breadcrumb","itemListElement":[{"@type":"ListItem","position":1,"name":"Etusivu","item":"https:\/\/villahullu.fi\/en\/"},{"@type":"ListItem","position":2,"name":"Shop","item":"https:\/\/villahullu.fi\/en\/shop\/"},{"@type":"ListItem","position":3,"name":"Hiutaleneule Lite ohje \/ knit pattern (FI, EN\/US, NO, DE, SE, ES)"}]},{"@type":"WebSite","@id":"https:\/\/villahullu.fi\/en\/#website","url":"https:\/\/villahullu.fi\/en\/","name":"Villahullu","description":"Villapaitoja ja neulontaohjeita","publisher":{"@id":"https:\/\/villahullu.fi\/en\/#organization"},"potentialAction":[{"@type":"SearchAction","target":{"@type":"EntryPoint","urlTemplate":"https:\/\/villahullu.fi\/en\/?s={search_term_string}"},"query-input":{"@type":"PropertyValueSpecification","valueRequired":true,"valueName":"search_term_string"}}],"inLanguage":"en-US"},{"@type":"Organization","@id":"https:\/\/villahullu.fi\/en\/#organization","name":"Villahullu","url":"https:\/\/villahullu.fi\/en\/","logo":{"@type":"ImageObject","inLanguage":"en-US","@id":"https:\/\/villahullu.fi\/en\/#\/schema\/logo\/image\/","url":"https:\/\/villahullu.fi\/wp-content\/uploads\/2021\/06\/logo.png","contentUrl":"https:\/\/villahullu.fi\/wp-content\/uploads\/2021\/06\/logo.png","width":374,"height":98,"caption":"Villahullu"},"image":{"@id":"https:\/\/villahullu.fi\/en\/#\/schema\/logo\/image\/"},"sameAs":["https:\/\/www.facebook.com\/villahullu\/","https:\/\/www.instagram.com\/villahullu\/"]}]}},"jetpack_sharing_enabled":true,"_links":{"self":[{"href":"https:\/\/villahullu.fi\/en\/wp-json\/wp\/v2\/product\/3697","targetHints":{"allow":["GET"]}}],"collection":[{"href":"https:\/\/villahullu.fi\/en\/wp-json\/wp\/v2\/product"}],"about":[{"href":"https:\/\/villahullu.fi\/en\/wp-json\/wp\/v2\/types\/product"}],"replies":[{"embeddable":true,"href":"https:\/\/villahullu.fi\/en\/wp-json\/wp\/v2\/comments?post=3697"}],"wp:featuredmedia":[{"embeddable":true,"href":"https:\/\/villahullu.fi\/en\/wp-json\/wp\/v2\/media\/3710"}],"wp:attachment":[{"href":"https:\/\/villahullu.fi\/en\/wp-json\/wp\/v2\/media?parent=3697"}],"wp:term":[{"taxonomy":"product_brand","embeddable":true,"href":"https:\/\/villahullu.fi\/en\/wp-json\/wp\/v2\/product_brand?post=3697"},{"taxonomy":"product_cat","embeddable":true,"href":"https:\/\/villahullu.fi\/en\/wp-json\/wp\/v2\/product_cat?post=3697"},{"taxonomy":"product_tag","embeddable":true,"href":"https:\/\/villahullu.fi\/en\/wp-json\/wp\/v2\/product_tag?post=3697"}],"curies":[{"name":"wp","href":"https:\/\/api.w.org\/{rel}","templated":true}]}}