{"id":3042,"date":"2022-01-22T19:04:12","date_gmt":"2022-01-22T17:04:12","guid":{"rendered":"https:\/\/villahullu.fi\/?post_type=product&#038;p=3042"},"modified":"2024-09-01T09:23:43","modified_gmt":"2024-09-01T06:23:43","slug":"nevapipo-ohje-knitpattern-fi-en","status":"publish","type":"product","link":"https:\/\/villahullu.fi\/en\/product\/nevapipo-ohje-knitpattern-fi-en\/","title":{"rendered":"Nevapipo ohje \/ knit pattern (FI, EN, DE, FR)"},"content":{"rendered":"<p><img loading=\"lazy\" decoding=\"async\" class=\"alignnone size-medium wp-image-3044\" src=\"https:\/\/villahullu.fi\/wp-content\/uploads\/2022\/01\/Screenshot_20220122_184329-276x300.jpg\" alt=\"\" width=\"276\" height=\"300\" \/><img loading=\"lazy\" decoding=\"async\" class=\"alignnone size-medium wp-image-3050\" src=\"https:\/\/villahullu.fi\/wp-content\/uploads\/2022\/01\/Screenshot_20220122_184723-300x298.jpg\" alt=\"\" width=\"300\" height=\"298\" \/> <img loading=\"lazy\" decoding=\"async\" class=\"alignnone size-medium wp-image-3046\" src=\"https:\/\/villahullu.fi\/wp-content\/uploads\/2022\/01\/Screenshot_20220122_184451-241x300.jpg\" alt=\"\" width=\"241\" height=\"300\" \/> <img loading=\"lazy\" decoding=\"async\" class=\"alignnone size-medium wp-image-3048\" src=\"https:\/\/villahullu.fi\/wp-content\/uploads\/2022\/01\/Screenshot_20220122_184555-240x300.jpg\" alt=\"\" width=\"240\" height=\"300\" \/><\/p>\n<p><strong><em>Neuleohje on ladattavissa heti maksusuorituksen j\u00e4lkeen tilauksen yhteydess\u00e4 ilmoittamastasi s\u00e4hk\u00f6postiosoitteesta. (Tarkastathan my\u00f6s roskapostikansion.) Ohjeen toimitus tapahtuu ainoastaan s\u00e4hk\u00f6isesti, eik\u00e4 sit\u00e4 l\u00e4hetet\u00e4 erikseen postitse. On suositeltavaa, ett\u00e4 ohje tallennetaan heti omalle laitteelle.<br \/>\n<\/em><\/strong><\/p>\n<p><strong><em>Knit pattern can be downloaded immediately after payment from the e-mail you provided with your order. (Remember to check also the junk mail folder.) The patter<\/em><\/strong><strong><em>n is delivered only electronically and is not send separately by post. It is recommended that you save the pattern to your device immediately. You can find all the languages mentioned in the tittle in the same pdf file.<br \/>\n<\/em><\/strong><\/p>\n<p><strong>Onesize<\/strong><br \/>\nP\u00e4\u00e4n ymp\u00e4rysmitta 56cm<\/p>\n<p><strong>Langan menekki<\/strong><br \/>\nLettlopi 50g ker\u00e4<br \/>\nAsh heather 0056 2kpl<\/p>\n<p><strong>Puikot<\/strong><br \/>\nSukkapuikot 3,5mm<br \/>\nPy\u00f6r\u00f6puikko 40cm 3,5mm<\/p>\n<p><strong>Neuletiheys<\/strong><br \/>\n10 cm = 26s (2o, 2n neuletta) puikoilla 3,5mm<\/p>\n<p><strong>Ty\u00f6ohje<\/strong><br \/>\nTy\u00f6 neulotaan alhaalta yl\u00f6s suljettuna neuleena py\u00f6r\u00f6puikolla. Vaihda ty\u00f6h\u00f6n sukkapuikot kun py\u00f6r\u00f6puikko k\u00e4y liian pitk\u00e4ksi.<\/p>\n<h2><strong>English<\/strong><\/h2>\n<p><strong>Onesize<\/strong><br \/>\nHead circumference 56cm<\/p>\n<p><strong>Yarn<\/strong><br \/>\nLettlopi 50g<br \/>\n0056 Ash heather 2 balls<\/p>\n<p><strong>Needles<\/strong><br \/>\nDouble pointed needles 3,5mm<br \/>\nCircular needle 40cm 3,5mm<\/p>\n<p><strong>Gauge<\/strong><br \/>\n26 sts in rib (=knit 2, purl 2) measures 10 cm in width in needle size 3,5mm<\/p>\n<p><strong>Instructions<\/strong><br \/>\nWorked in the round on circular needle, bottom up. Switch to double pointed needles when needed.<\/p>\n<h2><strong>Deutsch<\/strong><\/h2>\n<p><strong>Einzelgr\u00f6sse<\/strong><br \/>\nKopfumfang 56\u00a0cm<br \/>\nBreite 19\u00a0cm<br \/>\nL\u00e4nge 39\u00a0cm<\/p>\n<p><strong>Garn<\/strong><br \/>\nLettlopi, 50g<br \/>\n0056 Ash heather 2 Kn\u00e4uel<\/p>\n<p><strong>Stricknadeln<\/strong><br \/>\nNadelspiel 3,5\u00a0mm<br \/>\nRundstricknadel, 40\u00a0cm lang 3,5 mm<\/p>\n<p><strong>Maschenprobe<\/strong><br \/>\n26\u00a0M (Maschen) im Rippenmuster (= 2\u00a0M rechts, 2\u00a0M links) mit Nadelst\u00e4rke 3,5\u00a0mm misst in der Breite 10\u00a0cm.<\/p>\n<p><strong>Anleitung<\/strong><br \/>\nDie M\u00fctze wird mit der Rundstricknadel von unten nach oben gestrickt. Wechsle zum Nadelspiel sobald es notwendig wird.<\/p>\n<h2 id=\"tw-target-text\" class=\"tw-data-text tw-text-large tw-ta\" dir=\"ltr\" data-placeholder=\"K\u00e4\u00e4nn\u00f6s\"><strong><span class=\"Y2IQFc\" lang=\"fr\">Fran\u00e7ais<\/span><\/strong><\/h2>\n<p>Taille unique<br \/>\nTour de t\u00eate\u00a0\u00a0\u00a0\u00a0\u00a0\u00a0\u00a0\u00a0\u00a0\u00a0\u00a0\u00a0\u00a0\u00a0\u00a0\u00a0\u00a0\u00a0\u00a0\u00a0\u00a0\u00a0\u00a0\u00a0\u00a0\u00a0 56\u00a0cm<br \/>\nLargeur \u00a0\u00a0\u00a0\u00a0\u00a0\u00a0\u00a0\u00a0\u00a0\u00a0\u00a0\u00a0\u00a0\u00a0\u00a0\u00a0\u00a0\u00a0\u00a0\u00a0\u00a0\u00a0\u00a0\u00a0\u00a0\u00a0\u00a0\u00a0\u00a0\u00a0\u00a0 19\u00a0cm<br \/>\nLongueur \u00a0\u00a0\u00a0\u00a0\u00a0\u00a0\u00a0\u00a0\u00a0\u00a0\u00a0\u00a0\u00a0\u00a0\u00a0\u00a0\u00a0\u00a0\u00a0\u00a0\u00a0\u00a0\u00a0\u00a0\u00a0\u00a0\u00a0\u00a0\u00a0 39\u00a0cm<\/p>\n<p>Laine<br \/>\nLettlopi, 1 pelote \u00e0 50\u00a0g<br \/>\n0056 Ash heather \u00a0\u00a0\u00a0\u00a0\u00a0\u00a0\u00a0\u00a0\u00a0\u00a0\u00a0\u00a0\u00a0\u00a0\u00a0\u00a0\u00a0 2\u00a0pelotes<\/p>\n<p>Aiguilles<br \/>\nDouble pointes\u00a0\u00a0\u00a0\u00a0\u00a0\u00a0\u00a0\u00a0\u00a0\u00a0\u00a0\u00a0\u00a0\u00a0\u00a0\u00a0\u00a0\u00a0\u00a0\u00a0\u00a0\u00a0 3,5\u00a0mm<br \/>\nCirculaire, c\u00e2ble de 40\u00a0cm\u00a0\u00a0\u00a0\u00a0\u00a0 3,5\u00a0mm<\/p>\n<p>Echantillon<br \/>\n26\u00a0m (mailles) en c\u00f4tes 2\/2 (= 2\u00a0m endroit, 2\u00a0m envers) avec l\u2019aiguille 3,5\u00a0mm mesure 10\u00a0cm de largeur.<\/p>\n<p>Instructions<br \/>\nLe bonnet est tricot\u00e9 en rond avec les aiguilles circulaires, du bas en haut. Passer aux doubles pointes d\u00e8s que cela devient n\u00e9cessaire.<\/p>\n","protected":false},"excerpt":{"rendered":"<p>Neuleohje on ladattavissa heti maksusuorituksen j\u00e4lkeen tilauksen yhteydess\u00e4 ilmoittamastasi s\u00e4hk\u00f6postiosoitteesta. (Tarkastathan my\u00f6s roskapostikansion.) Ohjeen toimitus tapahtuu ainoastaan s\u00e4hk\u00f6isesti, eik\u00e4 sit\u00e4 l\u00e4hetet\u00e4 erikseen postitse. On suositeltavaa, ett\u00e4 ohje tallennetaan heti omalle laitteelle. Knit pattern can be downloaded immediately after payment from the e-mail you provided with your order. (Remember to check also the junk mail folder.) [&hellip;]<\/p>\n","protected":false},"featured_media":3052,"comment_status":"closed","ping_status":"closed","template":"","meta":{"_et_pb_use_builder":"","_et_pb_old_content":"","_et_gb_content_width":""},"product_brand":[],"product_cat":[22],"product_tag":[],"class_list":{"0":"post-3042","1":"product","2":"type-product","3":"status-publish","4":"has-post-thumbnail","6":"product_cat-neuleohjeet","7":"product_shipping_class-pdf","9":"first","10":"instock","11":"downloadable","12":"taxable","13":"shipping-taxable","14":"purchasable","15":"product-type-simple"},"yoast_head":"<!-- This site is optimized with the Yoast SEO plugin v27.4 - https:\/\/yoast.com\/product\/yoast-seo-wordpress\/ -->\n<title>Nevapipo ohje \/ knit pattern (FI, EN, DE, FR) - Villahullu<\/title>\n<meta name=\"robots\" content=\"index, follow, max-snippet:-1, max-image-preview:large, max-video-preview:-1\" \/>\n<link rel=\"canonical\" href=\"https:\/\/villahullu.fi\/en\/product\/nevapipo-ohje-knitpattern-fi-en\/\" \/>\n<meta property=\"og:locale\" content=\"en_US\" \/>\n<meta property=\"og:type\" content=\"article\" \/>\n<meta property=\"og:title\" content=\"Nevapipo ohje \/ knit pattern (FI, EN, DE, FR) - Villahullu\" \/>\n<meta property=\"og:description\" content=\"Neuleohje on ladattavissa heti maksusuorituksen j\u00e4lkeen tilauksen yhteydess\u00e4 ilmoittamastasi s\u00e4hk\u00f6postiosoitteesta. (Tarkastathan my\u00f6s roskapostikansion.) Ohjeen toimitus tapahtuu ainoastaan s\u00e4hk\u00f6isesti, eik\u00e4 sit\u00e4 l\u00e4hetet\u00e4 erikseen postitse. On suositeltavaa, ett\u00e4 ohje tallennetaan heti omalle laitteelle. Knit pattern can be downloaded immediately after payment from the e-mail you provided with your order. (Remember to check also the junk mail folder.) [&hellip;]\" \/>\n<meta property=\"og:url\" content=\"https:\/\/villahullu.fi\/en\/product\/nevapipo-ohje-knitpattern-fi-en\/\" \/>\n<meta property=\"og:site_name\" content=\"Villahullu\" \/>\n<meta property=\"article:publisher\" content=\"https:\/\/www.facebook.com\/villahullu\/\" \/>\n<meta property=\"article:modified_time\" content=\"2024-09-01T06:23:43+00:00\" \/>\n<meta property=\"og:image\" content=\"https:\/\/villahullu.fi\/wp-content\/uploads\/2022\/01\/Copy-of-Kelopipo-ohje-pattern-kuva-1.png\" \/>\n\t<meta property=\"og:image:width\" content=\"940\" \/>\n\t<meta property=\"og:image:height\" content=\"788\" \/>\n\t<meta property=\"og:image:type\" content=\"image\/png\" \/>\n<meta name=\"twitter:card\" content=\"summary_large_image\" \/>\n<meta name=\"twitter:label1\" content=\"Est. reading time\" \/>\n\t<meta name=\"twitter:data1\" content=\"3 minutes\" \/>\n<script type=\"application\/ld+json\" class=\"yoast-schema-graph\">{\"@context\":\"https:\\\/\\\/schema.org\",\"@graph\":[{\"@type\":\"WebPage\",\"@id\":\"https:\\\/\\\/villahullu.fi\\\/en\\\/product\\\/nevapipo-ohje-knitpattern-fi-en\\\/\",\"url\":\"https:\\\/\\\/villahullu.fi\\\/en\\\/product\\\/nevapipo-ohje-knitpattern-fi-en\\\/\",\"name\":\"Nevapipo ohje \\\/ knit pattern (FI, EN, DE, FR) - Villahullu\",\"isPartOf\":{\"@id\":\"https:\\\/\\\/villahullu.fi\\\/en\\\/#website\"},\"primaryImageOfPage\":{\"@id\":\"https:\\\/\\\/villahullu.fi\\\/en\\\/product\\\/nevapipo-ohje-knitpattern-fi-en\\\/#primaryimage\"},\"image\":{\"@id\":\"https:\\\/\\\/villahullu.fi\\\/en\\\/product\\\/nevapipo-ohje-knitpattern-fi-en\\\/#primaryimage\"},\"thumbnailUrl\":\"https:\\\/\\\/villahullu.fi\\\/wp-content\\\/uploads\\\/2022\\\/01\\\/Copy-of-Kelopipo-ohje-pattern-kuva-1.png\",\"datePublished\":\"2022-01-22T17:04:12+00:00\",\"dateModified\":\"2024-09-01T06:23:43+00:00\",\"breadcrumb\":{\"@id\":\"https:\\\/\\\/villahullu.fi\\\/en\\\/product\\\/nevapipo-ohje-knitpattern-fi-en\\\/#breadcrumb\"},\"inLanguage\":\"en-US\",\"potentialAction\":[{\"@type\":\"ReadAction\",\"target\":[\"https:\\\/\\\/villahullu.fi\\\/en\\\/product\\\/nevapipo-ohje-knitpattern-fi-en\\\/\"]}]},{\"@type\":\"ImageObject\",\"inLanguage\":\"en-US\",\"@id\":\"https:\\\/\\\/villahullu.fi\\\/en\\\/product\\\/nevapipo-ohje-knitpattern-fi-en\\\/#primaryimage\",\"url\":\"https:\\\/\\\/villahullu.fi\\\/wp-content\\\/uploads\\\/2022\\\/01\\\/Copy-of-Kelopipo-ohje-pattern-kuva-1.png\",\"contentUrl\":\"https:\\\/\\\/villahullu.fi\\\/wp-content\\\/uploads\\\/2022\\\/01\\\/Copy-of-Kelopipo-ohje-pattern-kuva-1.png\",\"width\":940,\"height\":788},{\"@type\":\"BreadcrumbList\",\"@id\":\"https:\\\/\\\/villahullu.fi\\\/en\\\/product\\\/nevapipo-ohje-knitpattern-fi-en\\\/#breadcrumb\",\"itemListElement\":[{\"@type\":\"ListItem\",\"position\":1,\"name\":\"Etusivu\",\"item\":\"https:\\\/\\\/villahullu.fi\\\/en\\\/\"},{\"@type\":\"ListItem\",\"position\":2,\"name\":\"Shop\",\"item\":\"https:\\\/\\\/villahullu.fi\\\/en\\\/shop\\\/\"},{\"@type\":\"ListItem\",\"position\":3,\"name\":\"Nevapipo ohje \\\/ knit pattern (FI, EN, DE, FR)\"}]},{\"@type\":\"WebSite\",\"@id\":\"https:\\\/\\\/villahullu.fi\\\/en\\\/#website\",\"url\":\"https:\\\/\\\/villahullu.fi\\\/en\\\/\",\"name\":\"Villahullu\",\"description\":\"Villapaitoja ja neulontaohjeita\",\"publisher\":{\"@id\":\"https:\\\/\\\/villahullu.fi\\\/en\\\/#organization\"},\"potentialAction\":[{\"@type\":\"SearchAction\",\"target\":{\"@type\":\"EntryPoint\",\"urlTemplate\":\"https:\\\/\\\/villahullu.fi\\\/en\\\/?s={search_term_string}\"},\"query-input\":{\"@type\":\"PropertyValueSpecification\",\"valueRequired\":true,\"valueName\":\"search_term_string\"}}],\"inLanguage\":\"en-US\"},{\"@type\":\"Organization\",\"@id\":\"https:\\\/\\\/villahullu.fi\\\/en\\\/#organization\",\"name\":\"Villahullu\",\"url\":\"https:\\\/\\\/villahullu.fi\\\/en\\\/\",\"logo\":{\"@type\":\"ImageObject\",\"inLanguage\":\"en-US\",\"@id\":\"https:\\\/\\\/villahullu.fi\\\/en\\\/#\\\/schema\\\/logo\\\/image\\\/\",\"url\":\"https:\\\/\\\/villahullu.fi\\\/wp-content\\\/uploads\\\/2021\\\/06\\\/logo.png\",\"contentUrl\":\"https:\\\/\\\/villahullu.fi\\\/wp-content\\\/uploads\\\/2021\\\/06\\\/logo.png\",\"width\":374,\"height\":98,\"caption\":\"Villahullu\"},\"image\":{\"@id\":\"https:\\\/\\\/villahullu.fi\\\/en\\\/#\\\/schema\\\/logo\\\/image\\\/\"},\"sameAs\":[\"https:\\\/\\\/www.facebook.com\\\/villahullu\\\/\",\"https:\\\/\\\/www.instagram.com\\\/villahullu\\\/\"]}]}<\/script>\n<!-- \/ Yoast SEO plugin. -->","yoast_head_json":{"title":"Nevapipo ohje \/ knit pattern (FI, EN, DE, FR) - Villahullu","robots":{"index":"index","follow":"follow","max-snippet":"max-snippet:-1","max-image-preview":"max-image-preview:large","max-video-preview":"max-video-preview:-1"},"canonical":"https:\/\/villahullu.fi\/en\/product\/nevapipo-ohje-knitpattern-fi-en\/","og_locale":"en_US","og_type":"article","og_title":"Nevapipo ohje \/ knit pattern (FI, EN, DE, FR) - Villahullu","og_description":"Neuleohje on ladattavissa heti maksusuorituksen j\u00e4lkeen tilauksen yhteydess\u00e4 ilmoittamastasi s\u00e4hk\u00f6postiosoitteesta. (Tarkastathan my\u00f6s roskapostikansion.) Ohjeen toimitus tapahtuu ainoastaan s\u00e4hk\u00f6isesti, eik\u00e4 sit\u00e4 l\u00e4hetet\u00e4 erikseen postitse. On suositeltavaa, ett\u00e4 ohje tallennetaan heti omalle laitteelle. Knit pattern can be downloaded immediately after payment from the e-mail you provided with your order. (Remember to check also the junk mail folder.) [&hellip;]","og_url":"https:\/\/villahullu.fi\/en\/product\/nevapipo-ohje-knitpattern-fi-en\/","og_site_name":"Villahullu","article_publisher":"https:\/\/www.facebook.com\/villahullu\/","article_modified_time":"2024-09-01T06:23:43+00:00","og_image":[{"width":940,"height":788,"url":"https:\/\/villahullu.fi\/wp-content\/uploads\/2022\/01\/Copy-of-Kelopipo-ohje-pattern-kuva-1.png","type":"image\/png"}],"twitter_card":"summary_large_image","twitter_misc":{"Est. reading time":"3 minutes"},"schema":{"@context":"https:\/\/schema.org","@graph":[{"@type":"WebPage","@id":"https:\/\/villahullu.fi\/en\/product\/nevapipo-ohje-knitpattern-fi-en\/","url":"https:\/\/villahullu.fi\/en\/product\/nevapipo-ohje-knitpattern-fi-en\/","name":"Nevapipo ohje \/ knit pattern (FI, EN, DE, FR) - Villahullu","isPartOf":{"@id":"https:\/\/villahullu.fi\/en\/#website"},"primaryImageOfPage":{"@id":"https:\/\/villahullu.fi\/en\/product\/nevapipo-ohje-knitpattern-fi-en\/#primaryimage"},"image":{"@id":"https:\/\/villahullu.fi\/en\/product\/nevapipo-ohje-knitpattern-fi-en\/#primaryimage"},"thumbnailUrl":"https:\/\/villahullu.fi\/wp-content\/uploads\/2022\/01\/Copy-of-Kelopipo-ohje-pattern-kuva-1.png","datePublished":"2022-01-22T17:04:12+00:00","dateModified":"2024-09-01T06:23:43+00:00","breadcrumb":{"@id":"https:\/\/villahullu.fi\/en\/product\/nevapipo-ohje-knitpattern-fi-en\/#breadcrumb"},"inLanguage":"en-US","potentialAction":[{"@type":"ReadAction","target":["https:\/\/villahullu.fi\/en\/product\/nevapipo-ohje-knitpattern-fi-en\/"]}]},{"@type":"ImageObject","inLanguage":"en-US","@id":"https:\/\/villahullu.fi\/en\/product\/nevapipo-ohje-knitpattern-fi-en\/#primaryimage","url":"https:\/\/villahullu.fi\/wp-content\/uploads\/2022\/01\/Copy-of-Kelopipo-ohje-pattern-kuva-1.png","contentUrl":"https:\/\/villahullu.fi\/wp-content\/uploads\/2022\/01\/Copy-of-Kelopipo-ohje-pattern-kuva-1.png","width":940,"height":788},{"@type":"BreadcrumbList","@id":"https:\/\/villahullu.fi\/en\/product\/nevapipo-ohje-knitpattern-fi-en\/#breadcrumb","itemListElement":[{"@type":"ListItem","position":1,"name":"Etusivu","item":"https:\/\/villahullu.fi\/en\/"},{"@type":"ListItem","position":2,"name":"Shop","item":"https:\/\/villahullu.fi\/en\/shop\/"},{"@type":"ListItem","position":3,"name":"Nevapipo ohje \/ knit pattern (FI, EN, DE, FR)"}]},{"@type":"WebSite","@id":"https:\/\/villahullu.fi\/en\/#website","url":"https:\/\/villahullu.fi\/en\/","name":"Villahullu","description":"Villapaitoja ja neulontaohjeita","publisher":{"@id":"https:\/\/villahullu.fi\/en\/#organization"},"potentialAction":[{"@type":"SearchAction","target":{"@type":"EntryPoint","urlTemplate":"https:\/\/villahullu.fi\/en\/?s={search_term_string}"},"query-input":{"@type":"PropertyValueSpecification","valueRequired":true,"valueName":"search_term_string"}}],"inLanguage":"en-US"},{"@type":"Organization","@id":"https:\/\/villahullu.fi\/en\/#organization","name":"Villahullu","url":"https:\/\/villahullu.fi\/en\/","logo":{"@type":"ImageObject","inLanguage":"en-US","@id":"https:\/\/villahullu.fi\/en\/#\/schema\/logo\/image\/","url":"https:\/\/villahullu.fi\/wp-content\/uploads\/2021\/06\/logo.png","contentUrl":"https:\/\/villahullu.fi\/wp-content\/uploads\/2021\/06\/logo.png","width":374,"height":98,"caption":"Villahullu"},"image":{"@id":"https:\/\/villahullu.fi\/en\/#\/schema\/logo\/image\/"},"sameAs":["https:\/\/www.facebook.com\/villahullu\/","https:\/\/www.instagram.com\/villahullu\/"]}]}},"jetpack_sharing_enabled":true,"_links":{"self":[{"href":"https:\/\/villahullu.fi\/en\/wp-json\/wp\/v2\/product\/3042","targetHints":{"allow":["GET"]}}],"collection":[{"href":"https:\/\/villahullu.fi\/en\/wp-json\/wp\/v2\/product"}],"about":[{"href":"https:\/\/villahullu.fi\/en\/wp-json\/wp\/v2\/types\/product"}],"replies":[{"embeddable":true,"href":"https:\/\/villahullu.fi\/en\/wp-json\/wp\/v2\/comments?post=3042"}],"wp:featuredmedia":[{"embeddable":true,"href":"https:\/\/villahullu.fi\/en\/wp-json\/wp\/v2\/media\/3052"}],"wp:attachment":[{"href":"https:\/\/villahullu.fi\/en\/wp-json\/wp\/v2\/media?parent=3042"}],"wp:term":[{"taxonomy":"product_brand","embeddable":true,"href":"https:\/\/villahullu.fi\/en\/wp-json\/wp\/v2\/product_brand?post=3042"},{"taxonomy":"product_cat","embeddable":true,"href":"https:\/\/villahullu.fi\/en\/wp-json\/wp\/v2\/product_cat?post=3042"},{"taxonomy":"product_tag","embeddable":true,"href":"https:\/\/villahullu.fi\/en\/wp-json\/wp\/v2\/product_tag?post=3042"}],"curies":[{"name":"wp","href":"https:\/\/api.w.org\/{rel}","templated":true}]}}