{"id":23064,"date":"2026-04-06T11:53:58","date_gmt":"2026-04-06T08:53:58","guid":{"rendered":"https:\/\/villahullu.fi\/?post_type=product&#038;p=23064"},"modified":"2026-04-06T12:19:45","modified_gmt":"2026-04-06T09:19:45","slug":"nuukneule","status":"publish","type":"product","link":"https:\/\/villahullu.fi\/en\/product\/nuukneule\/","title":{"rendered":"Nuukneule ohje \/ pattern (FI, EN)"},"content":{"rendered":"<p><img loading=\"lazy\" decoding=\"async\" class=\"alignnone size-medium wp-image-23069\" src=\"https:\/\/villahullu.fi\/wp-content\/uploads\/2026\/04\/IMG_20260406_112115_945-169x300.webp\" alt=\"\" width=\"169\" height=\"300\" \/> <img loading=\"lazy\" decoding=\"async\" class=\"alignnone size-medium wp-image-23071\" src=\"https:\/\/villahullu.fi\/wp-content\/uploads\/2026\/04\/IMG_20260406_112326_835-169x300.webp\" alt=\"\" width=\"169\" height=\"300\" \/><\/p>\n<p><strong><em>Saat automaattisesti tilausvahvistuksen s\u00e4hk\u00f6postiisi heti maksusuorituksen j\u00e4lkeen. L\u00f6yd\u00e4t latauslinkin ohjeeseen tilausvahvistuksesta kohdasta miss\u00e4 lukee \u2019Lataa\u2019. Tilausvahvistus saattaa menn\u00e4 roskapostikansioon.<\/em><\/strong><strong><em>Ohjeen toimitus tapahtuu ainoastaan s\u00e4hk\u00f6isesti, eik\u00e4 sit\u00e4 l\u00e4hetet\u00e4 erikseen postitse. On suositeltavaa, ett\u00e4 ohje tallennetaan heti omalle laitteelle. S\u00e4ilyt\u00e4 latauslinkki mahdollisia ohjeeseen my\u00f6hemmin tulevia p\u00e4ivityksi\u00e4 varten.<\/em><\/strong><\/p>\n<p><strong><em>You will automatically receive an order confirmation by email immediately after the payment has been completed. You can find the download link for the pattern in the order confirmation, under the section that says \u2018Download\u2019. Please note that the confirmation email may end up in your spam folder.<\/em><\/strong><strong><em>The pattern is delivered digitally only and will not be sent separately by post. It is recommended to save the pattern to your device right away. Please keep the download link for any future updates to the pattern. <span style=\"color: #808080;\">All languages are included in the same document.<\/span><\/em><\/strong><\/p>\n<p><strong>Koot XS, S, M, L, XL, XXL, 3XL<\/strong><\/p>\n<p>Koot eiv\u00e4t ole standardeja. Tarkista sopiva koko annetuista mitoista. Mitat ovat valmiin paidan mittoja. V\u00e4ljyysvara on noin 12-16 cm. Mittaa oma rinnanymp\u00e4ryksesi ja valitse koko, joka on sen verran rinnanymp\u00e4ryst\u00e4si isompi. Jos haluat v\u00e4ljemm\u00e4n \/ tyk\u00f6istuvamman neuleen, valitse koko sen mukaan.<\/p>\n<p>Rinnanymp\u00e4rys (XS)95 (S)102 (M)113 (L)120 (XL)128 (XXL)137 (3XL)145 cm<\/p>\n<p>Koko ty\u00f6n pituus (XS)55 (S)57 (M)58 (L)59 (XL)60 (XXL)60 (3XL)61 cm (tai haluttu)<\/p>\n<p><strong>Langan menekki <\/strong><\/p>\n<p>Sandnes Garn KOS 50 g \/ 150 m<\/p>\n<p>v\u00e4ri 2745<\/p>\n<p>(XS)7 (S)8 (M)8 (L)9 (XL)9 (XXL)9 (3XL)10 kpl<\/p>\n<p><strong>Puikot <\/strong><\/p>\n<p>Py\u00f6r\u00f6puikko 4 mm (tai k\u00e4sialan mukaan) 40 cm<\/p>\n<p>Py\u00f6r\u00f6puikko 4 mm (tai k\u00e4sialan mukaan) 60-80 cm<\/p>\n<p>Py\u00f6r\u00f6puikko 5 mm (tai k\u00e4sialan mukaan) 80 cm (isoimmat koot: puikon pituus 120\/150 cm)<\/p>\n<p>Sukkapuikot 4 ja 5 mm (tai k\u00e4sialan mukaan)<\/p>\n<p><strong>Neuletiheys <\/strong><\/p>\n<p>10 x 10 cm: 24 silmukkaa ja 25 krs 1o, 1n\u00a0 joustinneuletta<\/p>\n<p>10 x 10 cm: 18 silmukkaa ja 25 krs sile\u00e4\u00e4 neuletta<\/p>\n<p>Vinkki: Neulo mallitilkku ja viimeistele se kuten valmis neule tullaan viimeistelem\u00e4\u00e4n. Mik\u00e4li saat liikaa silmukoita per 10 cm, vaihda paksumpiin puikkoihin. Jos saat liian v\u00e4h\u00e4n silmukoita per 10 cm, vaihda ohuempiin puikkoihin.<\/p>\n<p><strong>Tarvitset<\/strong><\/p>\n<p>&#8211; Silmukkamerkkej\u00e4 (Voit my\u00f6s k\u00e4ytt\u00e4\u00e4 langanp\u00e4tki\u00e4, t\u00f6lkkiklipsuja yms.)<\/p>\n<p>&#8211; Kanavaneulan<\/p>\n<p>&#8211; Virkkuukoukun<\/p>\n<p>&#8211; Puikkostoppareista voi olla hy\u00f6ty\u00e4 kaulusta neuloessa (esim. skumppapullon korkit)<\/p>\n<p>&#8211; Eri v\u00e4rist\u00e4 lankaa noin pari metri\u00e4 apulangaksi (suosittelen valitsemaan suurin piirtein saman vahvuista mutta sile\u00e4mp\u00e4\u00e4 lankaa, etteiv\u00e4t langat takertuisi niin paljoa toisiinsa)<\/p>\n<p><strong>Ty\u00f6ohje<\/strong><\/p>\n<p>Ty\u00f6 neulotaan ylh\u00e4\u00e4lt\u00e4 alas. Ensin luodaan kauluksen silmukat v\u00e4liaikaisella aloituksella. Kaksinkertainen kaulus neulotaan suljettuna neuleena. Takakappale neulotaan kaulukselta tasona ja samalla lis\u00e4t\u00e4\u00e4n kumpaankin reunaan (olkaan) silmukoita. Molemman olan reunasta poimitaan silmukat etukappaleita varten. Etukappaleen alussa neulotaan lyhennettyj\u00e4 kerroksia olalle ja olat yhdistet\u00e4\u00e4n kaulukseen neulomalla. K\u00e4denteiden j\u00e4lkeen ty\u00f6 yhdistet\u00e4\u00e4n suljetuksi neuleeksi ja helmassa taas erotetaan tasoksi. Lopuksi k\u00e4denteilt\u00e4 poimitaan silmukat neuloen puikoille ja hihat neulotaan suljettuna neuleena ylh\u00e4\u00e4lt\u00e4 alas.<\/p>\n<h2><strong>English<\/strong><\/h2>\n<p><strong>Sizes XS, S, M, L, XL, XXL, 3XL<\/strong><\/p>\n<p>The sizes aren\u2019t standard. Please check the measures for the appropriate size. The measurements are the measurements of the finished sweater. The sweater is intended to have 12-16 cm of positive ease. Measure your bust circumference and choose a size that is approx. that much bigger. Or if you want more\/less ease, choose the size accordingly.<\/p>\n<p>Bust circumference (XS)95 (S)102 (M)113 (L)120 (XL)128 (XXL)137 (3XL)145 cm<\/p>\n<p>Length from shoulder to hem<\/p>\n<p>(XS)55 (S)57 (M)58 (L)59 (XL)60 (XXL)60 (3XL)61 cm (or as desired)<\/p>\n<p><strong>Yarn consumption<\/strong><\/p>\n<p>Sandnes Garn KOS 50 g \/ 150 m<\/p>\n<p>colour 2745<\/p>\n<p>(XS)7 (S)8 (M)8 (L)9 (XL)9 (XXL)9 (3XL)10 balls<\/p>\n<p><strong>Needles<\/strong><\/p>\n<p>Circular needle 4 mm (or as needed to obtain gauge) 40 cm<\/p>\n<p>Circular needle 4 mm (or as needed to obtain gauge) 60-80 cm<\/p>\n<p>Circular needle 5 mm (or as needed to obtain gauge) 80 cm (for bigger sizes needle length 120\/150 cm)<\/p>\n<p>Double pointed needles 4 and 5 mm (or as needed to obtain gauge)<\/p>\n<p><strong>Gauge<\/strong><\/p>\n<p>10 x 10 cm: 24 sts and 25 rows in knit 1, purl 1 rib<\/p>\n<p>10 x 10 cm: 18 sts and 25 rnds in stockinette stitch<\/p>\n<p>Tip: Knit a swatch and give it a finishing treatment like you would for the finished sweater. If you\u2019re getting too many sts per 10 cm, switch to a bigger needle size. If you\u2019re getting too few sts per 10 cm, switch to a smaller needle.<\/p>\n<p><strong>You will also need<\/strong><\/p>\n<p>&#8211; Stitch markers (You can also use yarn scraps, can tabs etc.)<\/p>\n<p>&#8211; A tapestry needle<\/p>\n<p>&#8211; A crochet hook<\/p>\n<p>&#8211; Needle stoppers may be helpful when working the neckline (for example wine corks)<\/p>\n<p>&#8211; A couple of meters of a contrasting colour scrap yarn (I recommend choosing a similar weight but a sleeker yarn, so the yarns don\u2019t stick to each other as much)<\/p>\n<p><strong>Instructions<\/strong><\/p>\n<p>The piece is worked top down. You will begin by casting on the neckline stitches provisionally. The double folded collar is worked in the round. The back is worked flat from the neckline down and stitches are increased on both edges (for shoulders). Front stitches are picked up from both shoulders. The fronts are shaped with short rows and attached to the collar by knitting. The body is then joined in the round at the underarms and then worked flat again at the hem. Finally, stitches are picked up from the armholes and sleeves are worked in the round top down.<\/p>\n","protected":false},"excerpt":{"rendered":"<p>Saat automaattisesti tilausvahvistuksen s\u00e4hk\u00f6postiisi heti maksusuorituksen j\u00e4lkeen. L\u00f6yd\u00e4t latauslinkin ohjeeseen tilausvahvistuksesta kohdasta miss\u00e4 lukee \u2019Lataa\u2019. Tilausvahvistus saattaa menn\u00e4 roskapostikansioon.Ohjeen toimitus tapahtuu ainoastaan s\u00e4hk\u00f6isesti, eik\u00e4 sit\u00e4 l\u00e4hetet\u00e4 erikseen postitse. On suositeltavaa, ett\u00e4 ohje tallennetaan heti omalle laitteelle. S\u00e4ilyt\u00e4 latauslinkki mahdollisia ohjeeseen my\u00f6hemmin tulevia p\u00e4ivityksi\u00e4 varten. You will automatically receive an order confirmation by email immediately after [&hellip;]<\/p>\n","protected":false},"featured_media":23065,"comment_status":"closed","ping_status":"closed","template":"","meta":{"_et_pb_use_builder":"","_et_pb_old_content":"","_et_gb_content_width":""},"product_brand":[],"product_cat":[22],"product_tag":[],"class_list":{"0":"post-23064","1":"product","2":"type-product","3":"status-publish","4":"has-post-thumbnail","6":"product_cat-neuleohjeet","7":"product_shipping_class-pdf","9":"first","10":"instock","11":"downloadable","12":"taxable","13":"shipping-taxable","14":"purchasable","15":"product-type-simple"},"yoast_head":"<!-- This site is optimized with the Yoast SEO plugin v27.4 - https:\/\/yoast.com\/product\/yoast-seo-wordpress\/ -->\n<title>- Villahullu<\/title>\n<meta name=\"description\" content=\"Neule kuin halaus!\" \/>\n<meta name=\"robots\" content=\"index, follow, max-snippet:-1, max-image-preview:large, max-video-preview:-1\" \/>\n<link rel=\"canonical\" href=\"https:\/\/villahullu.fi\/en\/product\/nuukneule\/\" \/>\n<meta property=\"og:locale\" content=\"en_US\" \/>\n<meta property=\"og:type\" content=\"article\" \/>\n<meta property=\"og:title\" content=\"- Villahullu\" \/>\n<meta property=\"og:description\" content=\"Neule kuin halaus!\" \/>\n<meta property=\"og:url\" content=\"https:\/\/villahullu.fi\/en\/product\/nuukneule\/\" \/>\n<meta property=\"og:site_name\" content=\"Villahullu\" \/>\n<meta property=\"article:publisher\" content=\"https:\/\/www.facebook.com\/villahullu\/\" \/>\n<meta property=\"article:modified_time\" content=\"2026-04-06T09:19:45+00:00\" \/>\n<meta property=\"og:image\" content=\"https:\/\/villahullu.fi\/wp-content\/uploads\/2026\/04\/Nuukneule-kansi-803x1024.png\" \/>\n\t<meta property=\"og:image:width\" content=\"803\" \/>\n\t<meta property=\"og:image:height\" content=\"1024\" \/>\n\t<meta property=\"og:image:type\" content=\"image\/png\" \/>\n<meta name=\"twitter:card\" content=\"summary_large_image\" \/>\n<meta name=\"twitter:label1\" content=\"Est. reading time\" \/>\n\t<meta name=\"twitter:data1\" content=\"6 minutes\" \/>\n<script type=\"application\/ld+json\" class=\"yoast-schema-graph\">{\"@context\":\"https:\\\/\\\/schema.org\",\"@graph\":[{\"@type\":\"WebPage\",\"@id\":\"https:\\\/\\\/villahullu.fi\\\/en\\\/product\\\/nuukneule\\\/\",\"url\":\"https:\\\/\\\/villahullu.fi\\\/en\\\/product\\\/nuukneule\\\/\",\"name\":\"- Villahullu\",\"isPartOf\":{\"@id\":\"https:\\\/\\\/villahullu.fi\\\/en\\\/#website\"},\"primaryImageOfPage\":{\"@id\":\"https:\\\/\\\/villahullu.fi\\\/en\\\/product\\\/nuukneule\\\/#primaryimage\"},\"image\":{\"@id\":\"https:\\\/\\\/villahullu.fi\\\/en\\\/product\\\/nuukneule\\\/#primaryimage\"},\"thumbnailUrl\":\"https:\\\/\\\/villahullu.fi\\\/wp-content\\\/uploads\\\/2026\\\/04\\\/Nuukneule-kansi.png\",\"datePublished\":\"2026-04-06T08:53:58+00:00\",\"dateModified\":\"2026-04-06T09:19:45+00:00\",\"description\":\"Neule kuin halaus!\",\"breadcrumb\":{\"@id\":\"https:\\\/\\\/villahullu.fi\\\/en\\\/product\\\/nuukneule\\\/#breadcrumb\"},\"inLanguage\":\"en-US\",\"potentialAction\":[{\"@type\":\"ReadAction\",\"target\":[\"https:\\\/\\\/villahullu.fi\\\/en\\\/product\\\/nuukneule\\\/\"]}]},{\"@type\":\"ImageObject\",\"inLanguage\":\"en-US\",\"@id\":\"https:\\\/\\\/villahullu.fi\\\/en\\\/product\\\/nuukneule\\\/#primaryimage\",\"url\":\"https:\\\/\\\/villahullu.fi\\\/wp-content\\\/uploads\\\/2026\\\/04\\\/Nuukneule-kansi.png\",\"contentUrl\":\"https:\\\/\\\/villahullu.fi\\\/wp-content\\\/uploads\\\/2026\\\/04\\\/Nuukneule-kansi.png\",\"width\":1569,\"height\":2000},{\"@type\":\"BreadcrumbList\",\"@id\":\"https:\\\/\\\/villahullu.fi\\\/en\\\/product\\\/nuukneule\\\/#breadcrumb\",\"itemListElement\":[{\"@type\":\"ListItem\",\"position\":1,\"name\":\"Etusivu\",\"item\":\"https:\\\/\\\/villahullu.fi\\\/en\\\/\"},{\"@type\":\"ListItem\",\"position\":2,\"name\":\"Shop\",\"item\":\"https:\\\/\\\/villahullu.fi\\\/en\\\/shop\\\/\"},{\"@type\":\"ListItem\",\"position\":3,\"name\":\"Nuukneule ohje \\\/ pattern (FI, EN)\"}]},{\"@type\":\"WebSite\",\"@id\":\"https:\\\/\\\/villahullu.fi\\\/en\\\/#website\",\"url\":\"https:\\\/\\\/villahullu.fi\\\/en\\\/\",\"name\":\"Villahullu\",\"description\":\"Villapaitoja ja neulontaohjeita\",\"publisher\":{\"@id\":\"https:\\\/\\\/villahullu.fi\\\/en\\\/#organization\"},\"potentialAction\":[{\"@type\":\"SearchAction\",\"target\":{\"@type\":\"EntryPoint\",\"urlTemplate\":\"https:\\\/\\\/villahullu.fi\\\/en\\\/?s={search_term_string}\"},\"query-input\":{\"@type\":\"PropertyValueSpecification\",\"valueRequired\":true,\"valueName\":\"search_term_string\"}}],\"inLanguage\":\"en-US\"},{\"@type\":\"Organization\",\"@id\":\"https:\\\/\\\/villahullu.fi\\\/en\\\/#organization\",\"name\":\"Villahullu\",\"url\":\"https:\\\/\\\/villahullu.fi\\\/en\\\/\",\"logo\":{\"@type\":\"ImageObject\",\"inLanguage\":\"en-US\",\"@id\":\"https:\\\/\\\/villahullu.fi\\\/en\\\/#\\\/schema\\\/logo\\\/image\\\/\",\"url\":\"https:\\\/\\\/villahullu.fi\\\/wp-content\\\/uploads\\\/2021\\\/06\\\/logo.png\",\"contentUrl\":\"https:\\\/\\\/villahullu.fi\\\/wp-content\\\/uploads\\\/2021\\\/06\\\/logo.png\",\"width\":374,\"height\":98,\"caption\":\"Villahullu\"},\"image\":{\"@id\":\"https:\\\/\\\/villahullu.fi\\\/en\\\/#\\\/schema\\\/logo\\\/image\\\/\"},\"sameAs\":[\"https:\\\/\\\/www.facebook.com\\\/villahullu\\\/\",\"https:\\\/\\\/www.instagram.com\\\/villahullu\\\/\"]}]}<\/script>\n<!-- \/ Yoast SEO plugin. -->","yoast_head_json":{"title":"- Villahullu","description":"Neule kuin halaus!","robots":{"index":"index","follow":"follow","max-snippet":"max-snippet:-1","max-image-preview":"max-image-preview:large","max-video-preview":"max-video-preview:-1"},"canonical":"https:\/\/villahullu.fi\/en\/product\/nuukneule\/","og_locale":"en_US","og_type":"article","og_title":"- Villahullu","og_description":"Neule kuin halaus!","og_url":"https:\/\/villahullu.fi\/en\/product\/nuukneule\/","og_site_name":"Villahullu","article_publisher":"https:\/\/www.facebook.com\/villahullu\/","article_modified_time":"2026-04-06T09:19:45+00:00","og_image":[{"width":803,"height":1024,"url":"https:\/\/villahullu.fi\/wp-content\/uploads\/2026\/04\/Nuukneule-kansi-803x1024.png","type":"image\/png"}],"twitter_card":"summary_large_image","twitter_misc":{"Est. reading time":"6 minutes"},"schema":{"@context":"https:\/\/schema.org","@graph":[{"@type":"WebPage","@id":"https:\/\/villahullu.fi\/en\/product\/nuukneule\/","url":"https:\/\/villahullu.fi\/en\/product\/nuukneule\/","name":"- Villahullu","isPartOf":{"@id":"https:\/\/villahullu.fi\/en\/#website"},"primaryImageOfPage":{"@id":"https:\/\/villahullu.fi\/en\/product\/nuukneule\/#primaryimage"},"image":{"@id":"https:\/\/villahullu.fi\/en\/product\/nuukneule\/#primaryimage"},"thumbnailUrl":"https:\/\/villahullu.fi\/wp-content\/uploads\/2026\/04\/Nuukneule-kansi.png","datePublished":"2026-04-06T08:53:58+00:00","dateModified":"2026-04-06T09:19:45+00:00","description":"Neule kuin halaus!","breadcrumb":{"@id":"https:\/\/villahullu.fi\/en\/product\/nuukneule\/#breadcrumb"},"inLanguage":"en-US","potentialAction":[{"@type":"ReadAction","target":["https:\/\/villahullu.fi\/en\/product\/nuukneule\/"]}]},{"@type":"ImageObject","inLanguage":"en-US","@id":"https:\/\/villahullu.fi\/en\/product\/nuukneule\/#primaryimage","url":"https:\/\/villahullu.fi\/wp-content\/uploads\/2026\/04\/Nuukneule-kansi.png","contentUrl":"https:\/\/villahullu.fi\/wp-content\/uploads\/2026\/04\/Nuukneule-kansi.png","width":1569,"height":2000},{"@type":"BreadcrumbList","@id":"https:\/\/villahullu.fi\/en\/product\/nuukneule\/#breadcrumb","itemListElement":[{"@type":"ListItem","position":1,"name":"Etusivu","item":"https:\/\/villahullu.fi\/en\/"},{"@type":"ListItem","position":2,"name":"Shop","item":"https:\/\/villahullu.fi\/en\/shop\/"},{"@type":"ListItem","position":3,"name":"Nuukneule ohje \/ pattern (FI, EN)"}]},{"@type":"WebSite","@id":"https:\/\/villahullu.fi\/en\/#website","url":"https:\/\/villahullu.fi\/en\/","name":"Villahullu","description":"Villapaitoja ja neulontaohjeita","publisher":{"@id":"https:\/\/villahullu.fi\/en\/#organization"},"potentialAction":[{"@type":"SearchAction","target":{"@type":"EntryPoint","urlTemplate":"https:\/\/villahullu.fi\/en\/?s={search_term_string}"},"query-input":{"@type":"PropertyValueSpecification","valueRequired":true,"valueName":"search_term_string"}}],"inLanguage":"en-US"},{"@type":"Organization","@id":"https:\/\/villahullu.fi\/en\/#organization","name":"Villahullu","url":"https:\/\/villahullu.fi\/en\/","logo":{"@type":"ImageObject","inLanguage":"en-US","@id":"https:\/\/villahullu.fi\/en\/#\/schema\/logo\/image\/","url":"https:\/\/villahullu.fi\/wp-content\/uploads\/2021\/06\/logo.png","contentUrl":"https:\/\/villahullu.fi\/wp-content\/uploads\/2021\/06\/logo.png","width":374,"height":98,"caption":"Villahullu"},"image":{"@id":"https:\/\/villahullu.fi\/en\/#\/schema\/logo\/image\/"},"sameAs":["https:\/\/www.facebook.com\/villahullu\/","https:\/\/www.instagram.com\/villahullu\/"]}]}},"jetpack_sharing_enabled":true,"_links":{"self":[{"href":"https:\/\/villahullu.fi\/en\/wp-json\/wp\/v2\/product\/23064","targetHints":{"allow":["GET"]}}],"collection":[{"href":"https:\/\/villahullu.fi\/en\/wp-json\/wp\/v2\/product"}],"about":[{"href":"https:\/\/villahullu.fi\/en\/wp-json\/wp\/v2\/types\/product"}],"replies":[{"embeddable":true,"href":"https:\/\/villahullu.fi\/en\/wp-json\/wp\/v2\/comments?post=23064"}],"wp:featuredmedia":[{"embeddable":true,"href":"https:\/\/villahullu.fi\/en\/wp-json\/wp\/v2\/media\/23065"}],"wp:attachment":[{"href":"https:\/\/villahullu.fi\/en\/wp-json\/wp\/v2\/media?parent=23064"}],"wp:term":[{"taxonomy":"product_brand","embeddable":true,"href":"https:\/\/villahullu.fi\/en\/wp-json\/wp\/v2\/product_brand?post=23064"},{"taxonomy":"product_cat","embeddable":true,"href":"https:\/\/villahullu.fi\/en\/wp-json\/wp\/v2\/product_cat?post=23064"},{"taxonomy":"product_tag","embeddable":true,"href":"https:\/\/villahullu.fi\/en\/wp-json\/wp\/v2\/product_tag?post=23064"}],"curies":[{"name":"wp","href":"https:\/\/api.w.org\/{rel}","templated":true}]}}