{"id":22748,"date":"2026-02-08T19:01:39","date_gmt":"2026-02-08T17:01:39","guid":{"rendered":"https:\/\/villahullu.fi\/?post_type=product&#038;p=22748"},"modified":"2026-02-10T13:20:29","modified_gmt":"2026-02-10T11:20:29","slug":"naavaloimi","status":"publish","type":"product","link":"https:\/\/villahullu.fi\/en\/product\/naavaloimi\/","title":{"rendered":"Naavaloimi ohje \/ pattern (FI, EN)"},"content":{"rendered":"<p><img loading=\"lazy\" decoding=\"async\" class=\"alignnone size-medium wp-image-22757\" src=\"https:\/\/villahullu.fi\/wp-content\/uploads\/2026\/02\/20260128_101152-169x300.jpg\" alt=\"\" width=\"169\" height=\"300\" \/> <img loading=\"lazy\" decoding=\"async\" class=\"alignnone size-medium wp-image-22755\" src=\"https:\/\/villahullu.fi\/wp-content\/uploads\/2026\/02\/20260128_093821-169x300.jpg\" alt=\"\" width=\"169\" height=\"300\" \/>\u00a0<img loading=\"lazy\" decoding=\"async\" class=\"alignnone size-medium wp-image-22761\" src=\"https:\/\/villahullu.fi\/wp-content\/uploads\/2026\/02\/1000065781-225x300.jpg\" alt=\"\" width=\"225\" height=\"300\" \/> <img loading=\"lazy\" decoding=\"async\" class=\"alignnone size-medium wp-image-22749\" src=\"https:\/\/villahullu.fi\/wp-content\/uploads\/2026\/02\/20260126_111306-169x300.jpg\" alt=\"\" width=\"169\" height=\"300\" \/>\u00a0<img loading=\"lazy\" decoding=\"async\" class=\"alignnone size-medium wp-image-22751\" src=\"https:\/\/villahullu.fi\/wp-content\/uploads\/2026\/02\/20260126_111946-169x300.jpg\" alt=\"\" width=\"169\" height=\"300\" \/> <img loading=\"lazy\" decoding=\"async\" class=\"alignnone size-medium wp-image-22753\" src=\"https:\/\/villahullu.fi\/wp-content\/uploads\/2026\/02\/20260126_112102-169x300.jpg\" alt=\"\" width=\"169\" height=\"300\" \/> <img loading=\"lazy\" decoding=\"async\" class=\"alignnone size-medium wp-image-22759\" src=\"https:\/\/villahullu.fi\/wp-content\/uploads\/2026\/02\/1000013803-225x300.jpg\" alt=\"\" width=\"225\" height=\"300\" \/> \u00a0<img loading=\"lazy\" decoding=\"async\" class=\"alignnone size-medium wp-image-22763\" src=\"https:\/\/villahullu.fi\/wp-content\/uploads\/2026\/02\/niini-viherlampi-225x300.jpeg\" alt=\"\" width=\"225\" height=\"300\" \/><\/p>\n<p><strong><em>Saat automaattisesti tilausvahvistuksen s\u00e4hk\u00f6postiisi heti maksusuorituksen j\u00e4lkeen. L\u00f6yd\u00e4t latauslinkin ohjeeseen tilausvahvistuksesta kohdasta miss\u00e4 lukee \u2019Lataa\u2019. Tilausvahvistus saattaa menn\u00e4 roskapostikansioon.<\/em><\/strong><strong><em>Ohjeen toimitus tapahtuu ainoastaan s\u00e4hk\u00f6isesti, eik\u00e4 sit\u00e4 l\u00e4hetet\u00e4 erikseen postitse. On suositeltavaa, ett\u00e4 ohje tallennetaan heti omalle laitteelle. S\u00e4ilyt\u00e4 latauslinkki mahdollisia ohjeeseen my\u00f6hemmin tulevia p\u00e4ivityksi\u00e4 varten.<\/em><\/strong><\/p>\n<p><strong><em>You will automatically receive an order confirmation by email immediately after the payment has been completed. You can find the download link for the pattern in the order confirmation, under the section that says \u2018Download\u2019. Please note that the confirmation email may end up in your spam folder.<\/em><\/strong><strong><em>The pattern is delivered digitally only and will not be sent separately by post. It is recommended to save the pattern to your device right away. Please keep the download link for any future updates to the pattern. <span style=\"color: #808080;\">All languages are included in the same document.<\/span><\/em><\/strong><\/p>\n<p><strong>Koko: Saksanseisoja<\/strong><\/p>\n<p><strong>Mallina toimineen koiran mitat:<\/strong><\/p>\n<ol>\n<li>Kaulan ymp\u00e4rys 45 cm<\/li>\n<li>Rinnanymp\u00e4rys 85 cm<\/li>\n<li>Rintakeh\u00e4 75 cm<\/li>\n<li>Vatsa 63 cm<\/li>\n<li>Sel\u00e4n pituus 60 cm<\/li>\n<\/ol>\n<p><img loading=\"lazy\" decoding=\"async\" class=\"alignnone size-medium wp-image-22765\" src=\"https:\/\/villahullu.fi\/wp-content\/uploads\/2026\/02\/Naavaloimi-mitat-300x200.png\" alt=\"\" width=\"300\" height=\"200\" \/><\/p>\n<p><strong>Valmiin neuleen mitat:<\/strong><\/p>\n<ol>\n<li>Kaulan ymp\u00e4rys 41 cm (l\u00f6ystyy k\u00e4yt\u00f6ss\u00e4)<\/li>\n<li>Rinnanymp\u00e4rys 92 cm (t\u00e4m\u00e4 on neuleen isoin mitta, ennen kuin hihasilmukat erotellaan)<\/li>\n<li>Rintakeh\u00e4 80 cm (hihasilmukoiden erotuksen j\u00e4lkeen)<\/li>\n<li>Vatsa 66 cm (kaikkien kavennusten j\u00e4lkeen). Vatsan joustinneuleen osuudella 64 cm<\/li>\n<li>Sel\u00e4n pituus 60 cm (p\u00e4\u00e4ntien resorin alareunasta h\u00e4nn\u00e4n tyveen)<\/li>\n<\/ol>\n<p>Koon muokkaaminen omalle, suurin piirtein samankokoiselle koiralle: Mik\u00e4li haluat ymp\u00e4rysmitaltaan isomman\/pienemm\u00e4n paidan, lis\u00e4\u00e4\/v\u00e4henn\u00e4 silmukoita nelj\u00e4ll\u00e4 jaollisen luvun verran (4 s = kuvion toistokerta). Nelj\u00e4 silmukkaa vastaa noin kolmea sentti\u00e4 sile\u00e4\u00e4 neulosta.<\/p>\n<p><strong>Langan menekki <\/strong><\/p>\n<p>Ohjeen neuleessa on k\u00e4ytetty Alafosslopi-lankaa p\u00e4\u00e4v\u00e4rin\u00e4 ja kuviov\u00e4rit on neulottu kaksinkertaisella Lettlopi-langalla. Voit halutessasi korvata kaksinkertaisen Lettlopin yksinkertaisella Alafosslopi-langalla. Langan menekki on sama grammoina laskettuna.<\/p>\n<p>P\u00e4\u00e4v\u00e4ri Alafosslopi 100 g = 100 m<\/p>\n<p>0052 Black Sheep\u00a0\u00a0\u00a0\u00a0\u00a0\u00a0\u00a0\u00a0\u00a0\u00a0\u00a0\u00a0\u00a0 poikakoiralla 300 g, tytt\u00f6koiralla 350 g (koska vatsaa peittyy enemm\u00e4n)<\/p>\n<p>Kuviov\u00e4rit Lettlopi 50 g = 100 m<\/p>\n<p>A Lettlopi 9427 Rust\u00a0 \u00a0 \u00a0 \u00a0 \u00a0 50 g<\/p>\n<p>B Lettlopi 0086 Beige\u00a0\u00a0\u00a0\u00a0\u00a0\u00a0\u00a0 50 g<\/p>\n<p>C Lettlopi 0051 White\u00a0\u00a0\u00a0\u00a0\u00a0\u00a0 20 g<\/p>\n<p><strong>Neuletiheys <\/strong><\/p>\n<p>10 x 10 cm = 17 s ja 18 krs 1o, 1n \u00a0joustinneuletta<\/p>\n<p>10 x 10 cm = 13 s ja 18 krs sile\u00e4\u00e4 neuletta<\/p>\n<p>Vinkki: Neulo mallitilkku ja viimeistele se kuten valmis neule tullaan viimeistelem\u00e4\u00e4n. Mik\u00e4li saat liikaa silmukoita per 10 cm, vaihda paksumpiin puikkoihin. Jos saat liian v\u00e4h\u00e4n silmukoita per 10 cm, vaihda ohuempiin puikkoihin.<\/p>\n<p><strong>Puikot<\/strong><\/p>\n<p>Py\u00f6r\u00f6puikko 5 ja 6 mm 80 cm (tai k\u00e4sialan mukaan)<\/p>\n<p>Sukkapuikot 5 mm (tai k\u00e4sialan mukaan)<\/p>\n<p>Mik\u00e4li et k\u00e4yt\u00e4 Magic loop- tekniikkaa, tarvitset my\u00f6s py\u00f6r\u00f6puikot 5 ja 6 mm 40 cm.<\/p>\n<p><strong>Tarvitset<\/strong><\/p>\n<p>&#8211; Kanavaneulan<\/p>\n<p>&#8211; 7 kpl silmukkamerkkej\u00e4 (voit my\u00f6s k\u00e4ytt\u00e4\u00e4 langanp\u00e4tki\u00e4, t\u00f6lkkiklipsuja yms.)<\/p>\n<p>&#8211; Sovituskaapelin, mik\u00e4li haluat sovittaa paitaa koiralle ty\u00f6n edetess\u00e4<\/p>\n<p><strong>Ty\u00f6ohje<\/strong><\/p>\n<p>Ty\u00f6 aloitetaan kauluksesta ja neulotaan suljettuna neuleena vatsaan saakka. Matkan varrella tehd\u00e4\u00e4n aukot etutassuille ja hihasilmukat j\u00e4tet\u00e4\u00e4n apulangoille odottamaan. Rintakeh\u00e4ss\u00e4 tassujen takana neulotaan lyhennettyj\u00e4 kerroksia tasona istuvuuden parantamiseksi. Vatsassa p\u00e4\u00e4tell\u00e4\u00e4n osa silmukoista ja ty\u00f6 neulotaan loppuun tasona. Tasona neulottaessa neulotaan ty\u00f6n molemmissa reunoissa onteloneuletta. Hihat neulotaan erikseen suljettuna neuleena sukkapuikoilla.<\/p>\n<h2><strong>English<\/strong><\/h2>\n<p><strong>Size: German Pointer <\/strong><\/p>\n<p><strong>Measurements of the dog wearing the sample<\/strong><\/p>\n<ol>\n<li>Neck girth 45 cm<\/li>\n<li>Front chest circumference 85 cm<\/li>\n<li>Chest girth 75 cm<\/li>\n<li>Waist 63 cm<\/li>\n<li>Back length 60 cm<\/li>\n<\/ol>\n<p><img loading=\"lazy\" decoding=\"async\" class=\"alignnone size-medium wp-image-22765\" src=\"https:\/\/villahullu.fi\/wp-content\/uploads\/2026\/02\/Naavaloimi-mitat-300x200.png\" alt=\"\" width=\"300\" height=\"200\" \/><\/p>\n<p><strong>Final measurements:<\/strong><\/p>\n<ol>\n<li>Neck girth 41 cm (will stretch with wear)<\/li>\n<li>Front chest circumference 92 cm (this is the largest measurement, before separating for sleeves)<\/li>\n<li>Chest girth 80 cm (after sleeve separation)<\/li>\n<li>Waist 66 cm (after decreases). At the waist ribbing 64 cm<\/li>\n<li>Back length 60 cm (from the bottom of the neckline ribbing to base of tail)<\/li>\n<\/ol>\n<p>Altering the size for a similar sized dog:<\/p>\n<p>If you want a sweater with larger\/smaller circumference, add\/subtract stitches in a multiple of 4 (4 sts = pattern repeat). 4 sts equals approx. 3 cm of stockinette.<\/p>\n<p><strong>Yarn consumption<\/strong><\/p>\n<p>The sample is knit with Alafosslopi as the main colour and Lettlopi held double for contrast colours. You can replace double-held Lettlopi with a single strand of Alafosslopi. The yarn consumption in grams remains the same.<\/p>\n<p>Main colour Alafosslopi 100 g = 100 m<\/p>\n<p>0052 Black Sheep\u00a0\u00a0\u00a0\u00a0\u00a0\u00a0\u00a0\u00a0\u00a0\u00a0\u00a0\u00a0\u00a0 male dog 300 g, female dog 350 g (more of the belly is covered)<\/p>\n<p>Contrast colours Lettlopi 50 g = 100 m<\/p>\n<p>A Lettlopi 9427 Rust \u00a0\u00a0\u00a0\u00a0\u00a0\u00a0\u00a0 50 g<\/p>\n<p>B Lettlopi 0086 Beige\u00a0\u00a0\u00a0\u00a0\u00a0\u00a0\u00a0 50 g<\/p>\n<p>C Lettlopi 0051 White\u00a0\u00a0\u00a0\u00a0\u00a0\u00a0 20 g<\/p>\n<p><strong>Gauge<\/strong><\/p>\n<p>10 x 10 cm = 17 sts and 18 rounds of knit 1, purl 1 rib<\/p>\n<p>10 x 10 cm = 13 sts and 18 rounds of stockinette<\/p>\n<p>Tip: make a gauge swatch and give it the same finishing treatment as you would for the finished piece. If you\u2019re getting too many sts per 10 cm, switch to a bigger needle size. If you\u2019re getting too few sts per 10 cm, switch to a smaller needle.<\/p>\n<p><strong>Needles<\/strong><\/p>\n<p>Circular needle 5 and 6 mm 80 cm (or as needed to obtain gauge)<\/p>\n<p>Double pointed needles 5 mm (or as needed to obtain gauge)<\/p>\n<p>If you don\u2019t use the Magic loop- technique, you will also need 5 and 6 mm 40 cm circular needles.<\/p>\n<p><strong>You will also need<\/strong><\/p>\n<p>&#8211; a tapestry needle<\/p>\n<p>&#8211; 7 stitch markers (you can also use yarn scraps, can tabs etc.)<\/p>\n<p>&#8211; Try-on cords, if you want to try the sweater on the dog while knitting<\/p>\n<p><strong>Instructions<\/strong><\/p>\n<p>The sweater is started from the collar and worked in the round until the belly. You will make holes for the front legs along the way and leave sleeve stitches on hold. You will work short rows at the chest behind the front legs to improve the fit. A portion of stitches is bound off at the belly and rest of the piece is worked flat. When working flat, the edges are worked in double knitting. Lastly, the sleeves are knit in the round on double pointed needles.<\/p>\n","protected":false},"excerpt":{"rendered":"<p>\u00a0 \u00a0 \u00a0 Saat automaattisesti tilausvahvistuksen s\u00e4hk\u00f6postiisi heti maksusuorituksen j\u00e4lkeen. L\u00f6yd\u00e4t latauslinkin ohjeeseen tilausvahvistuksesta kohdasta miss\u00e4 lukee \u2019Lataa\u2019. Tilausvahvistus saattaa menn\u00e4 roskapostikansioon.Ohjeen toimitus tapahtuu ainoastaan s\u00e4hk\u00f6isesti, eik\u00e4 sit\u00e4 l\u00e4hetet\u00e4 erikseen postitse. On suositeltavaa, ett\u00e4 ohje tallennetaan heti omalle laitteelle. S\u00e4ilyt\u00e4 latauslinkki mahdollisia ohjeeseen my\u00f6hemmin tulevia p\u00e4ivityksi\u00e4 varten. You will automatically receive an order confirmation by [&hellip;]<\/p>\n","protected":false},"featured_media":22815,"comment_status":"closed","ping_status":"closed","template":"","meta":{"_et_pb_use_builder":"","_et_pb_old_content":"","_et_gb_content_width":""},"product_brand":[],"product_cat":[22],"product_tag":[],"class_list":{"0":"post-22748","1":"product","2":"type-product","3":"status-publish","4":"has-post-thumbnail","6":"product_cat-neuleohjeet","7":"product_shipping_class-pdf","9":"first","10":"instock","11":"downloadable","12":"taxable","13":"shipping-taxable","14":"purchasable","15":"product-type-simple"},"yoast_head":"<!-- This site is optimized with the Yoast SEO plugin v27.4 - https:\/\/yoast.com\/product\/yoast-seo-wordpress\/ -->\n<title>- Villahullu<\/title>\n<meta name=\"description\" content=\"Kev\u00e4inen puuvillaneule!\" \/>\n<meta name=\"robots\" content=\"index, follow, max-snippet:-1, max-image-preview:large, max-video-preview:-1\" \/>\n<link rel=\"canonical\" href=\"https:\/\/villahullu.fi\/en\/product\/naavaloimi\/\" \/>\n<meta property=\"og:locale\" content=\"en_US\" \/>\n<meta property=\"og:type\" content=\"article\" \/>\n<meta property=\"og:title\" content=\"- Villahullu\" \/>\n<meta property=\"og:description\" content=\"Kev\u00e4inen puuvillaneule!\" \/>\n<meta property=\"og:url\" content=\"https:\/\/villahullu.fi\/en\/product\/naavaloimi\/\" \/>\n<meta property=\"og:site_name\" content=\"Villahullu\" \/>\n<meta property=\"article:publisher\" content=\"https:\/\/www.facebook.com\/villahullu\/\" \/>\n<meta property=\"article:modified_time\" content=\"2026-02-10T11:20:29+00:00\" \/>\n<meta property=\"og:image\" content=\"https:\/\/villahullu.fi\/wp-content\/uploads\/2026\/02\/Naavaloimi-803x1024.png\" \/>\n\t<meta property=\"og:image:width\" content=\"803\" \/>\n\t<meta property=\"og:image:height\" content=\"1024\" \/>\n\t<meta property=\"og:image:type\" content=\"image\/png\" \/>\n<meta name=\"twitter:card\" content=\"summary_large_image\" \/>\n<meta name=\"twitter:label1\" content=\"Est. reading time\" \/>\n\t<meta name=\"twitter:data1\" content=\"8 minutes\" \/>\n<script type=\"application\/ld+json\" class=\"yoast-schema-graph\">{\"@context\":\"https:\\\/\\\/schema.org\",\"@graph\":[{\"@type\":\"WebPage\",\"@id\":\"https:\\\/\\\/villahullu.fi\\\/en\\\/product\\\/naavaloimi\\\/\",\"url\":\"https:\\\/\\\/villahullu.fi\\\/en\\\/product\\\/naavaloimi\\\/\",\"name\":\"- Villahullu\",\"isPartOf\":{\"@id\":\"https:\\\/\\\/villahullu.fi\\\/en\\\/#website\"},\"primaryImageOfPage\":{\"@id\":\"https:\\\/\\\/villahullu.fi\\\/en\\\/product\\\/naavaloimi\\\/#primaryimage\"},\"image\":{\"@id\":\"https:\\\/\\\/villahullu.fi\\\/en\\\/product\\\/naavaloimi\\\/#primaryimage\"},\"thumbnailUrl\":\"https:\\\/\\\/villahullu.fi\\\/wp-content\\\/uploads\\\/2026\\\/02\\\/Naavaloimi.png\",\"datePublished\":\"2026-02-08T17:01:39+00:00\",\"dateModified\":\"2026-02-10T11:20:29+00:00\",\"description\":\"Kev\u00e4inen puuvillaneule!\",\"breadcrumb\":{\"@id\":\"https:\\\/\\\/villahullu.fi\\\/en\\\/product\\\/naavaloimi\\\/#breadcrumb\"},\"inLanguage\":\"en-US\",\"potentialAction\":[{\"@type\":\"ReadAction\",\"target\":[\"https:\\\/\\\/villahullu.fi\\\/en\\\/product\\\/naavaloimi\\\/\"]}]},{\"@type\":\"ImageObject\",\"inLanguage\":\"en-US\",\"@id\":\"https:\\\/\\\/villahullu.fi\\\/en\\\/product\\\/naavaloimi\\\/#primaryimage\",\"url\":\"https:\\\/\\\/villahullu.fi\\\/wp-content\\\/uploads\\\/2026\\\/02\\\/Naavaloimi.png\",\"contentUrl\":\"https:\\\/\\\/villahullu.fi\\\/wp-content\\\/uploads\\\/2026\\\/02\\\/Naavaloimi.png\",\"width\":1569,\"height\":2000},{\"@type\":\"BreadcrumbList\",\"@id\":\"https:\\\/\\\/villahullu.fi\\\/en\\\/product\\\/naavaloimi\\\/#breadcrumb\",\"itemListElement\":[{\"@type\":\"ListItem\",\"position\":1,\"name\":\"Etusivu\",\"item\":\"https:\\\/\\\/villahullu.fi\\\/en\\\/\"},{\"@type\":\"ListItem\",\"position\":2,\"name\":\"Shop\",\"item\":\"https:\\\/\\\/villahullu.fi\\\/en\\\/shop\\\/\"},{\"@type\":\"ListItem\",\"position\":3,\"name\":\"Naavaloimi ohje \\\/ pattern (FI, EN)\"}]},{\"@type\":\"WebSite\",\"@id\":\"https:\\\/\\\/villahullu.fi\\\/en\\\/#website\",\"url\":\"https:\\\/\\\/villahullu.fi\\\/en\\\/\",\"name\":\"Villahullu\",\"description\":\"Villapaitoja ja neulontaohjeita\",\"publisher\":{\"@id\":\"https:\\\/\\\/villahullu.fi\\\/en\\\/#organization\"},\"potentialAction\":[{\"@type\":\"SearchAction\",\"target\":{\"@type\":\"EntryPoint\",\"urlTemplate\":\"https:\\\/\\\/villahullu.fi\\\/en\\\/?s={search_term_string}\"},\"query-input\":{\"@type\":\"PropertyValueSpecification\",\"valueRequired\":true,\"valueName\":\"search_term_string\"}}],\"inLanguage\":\"en-US\"},{\"@type\":\"Organization\",\"@id\":\"https:\\\/\\\/villahullu.fi\\\/en\\\/#organization\",\"name\":\"Villahullu\",\"url\":\"https:\\\/\\\/villahullu.fi\\\/en\\\/\",\"logo\":{\"@type\":\"ImageObject\",\"inLanguage\":\"en-US\",\"@id\":\"https:\\\/\\\/villahullu.fi\\\/en\\\/#\\\/schema\\\/logo\\\/image\\\/\",\"url\":\"https:\\\/\\\/villahullu.fi\\\/wp-content\\\/uploads\\\/2021\\\/06\\\/logo.png\",\"contentUrl\":\"https:\\\/\\\/villahullu.fi\\\/wp-content\\\/uploads\\\/2021\\\/06\\\/logo.png\",\"width\":374,\"height\":98,\"caption\":\"Villahullu\"},\"image\":{\"@id\":\"https:\\\/\\\/villahullu.fi\\\/en\\\/#\\\/schema\\\/logo\\\/image\\\/\"},\"sameAs\":[\"https:\\\/\\\/www.facebook.com\\\/villahullu\\\/\",\"https:\\\/\\\/www.instagram.com\\\/villahullu\\\/\"]}]}<\/script>\n<!-- \/ Yoast SEO plugin. -->","yoast_head_json":{"title":"- Villahullu","description":"Kev\u00e4inen puuvillaneule!","robots":{"index":"index","follow":"follow","max-snippet":"max-snippet:-1","max-image-preview":"max-image-preview:large","max-video-preview":"max-video-preview:-1"},"canonical":"https:\/\/villahullu.fi\/en\/product\/naavaloimi\/","og_locale":"en_US","og_type":"article","og_title":"- Villahullu","og_description":"Kev\u00e4inen puuvillaneule!","og_url":"https:\/\/villahullu.fi\/en\/product\/naavaloimi\/","og_site_name":"Villahullu","article_publisher":"https:\/\/www.facebook.com\/villahullu\/","article_modified_time":"2026-02-10T11:20:29+00:00","og_image":[{"width":803,"height":1024,"url":"https:\/\/villahullu.fi\/wp-content\/uploads\/2026\/02\/Naavaloimi-803x1024.png","type":"image\/png"}],"twitter_card":"summary_large_image","twitter_misc":{"Est. reading time":"8 minutes"},"schema":{"@context":"https:\/\/schema.org","@graph":[{"@type":"WebPage","@id":"https:\/\/villahullu.fi\/en\/product\/naavaloimi\/","url":"https:\/\/villahullu.fi\/en\/product\/naavaloimi\/","name":"- Villahullu","isPartOf":{"@id":"https:\/\/villahullu.fi\/en\/#website"},"primaryImageOfPage":{"@id":"https:\/\/villahullu.fi\/en\/product\/naavaloimi\/#primaryimage"},"image":{"@id":"https:\/\/villahullu.fi\/en\/product\/naavaloimi\/#primaryimage"},"thumbnailUrl":"https:\/\/villahullu.fi\/wp-content\/uploads\/2026\/02\/Naavaloimi.png","datePublished":"2026-02-08T17:01:39+00:00","dateModified":"2026-02-10T11:20:29+00:00","description":"Kev\u00e4inen puuvillaneule!","breadcrumb":{"@id":"https:\/\/villahullu.fi\/en\/product\/naavaloimi\/#breadcrumb"},"inLanguage":"en-US","potentialAction":[{"@type":"ReadAction","target":["https:\/\/villahullu.fi\/en\/product\/naavaloimi\/"]}]},{"@type":"ImageObject","inLanguage":"en-US","@id":"https:\/\/villahullu.fi\/en\/product\/naavaloimi\/#primaryimage","url":"https:\/\/villahullu.fi\/wp-content\/uploads\/2026\/02\/Naavaloimi.png","contentUrl":"https:\/\/villahullu.fi\/wp-content\/uploads\/2026\/02\/Naavaloimi.png","width":1569,"height":2000},{"@type":"BreadcrumbList","@id":"https:\/\/villahullu.fi\/en\/product\/naavaloimi\/#breadcrumb","itemListElement":[{"@type":"ListItem","position":1,"name":"Etusivu","item":"https:\/\/villahullu.fi\/en\/"},{"@type":"ListItem","position":2,"name":"Shop","item":"https:\/\/villahullu.fi\/en\/shop\/"},{"@type":"ListItem","position":3,"name":"Naavaloimi ohje \/ pattern (FI, EN)"}]},{"@type":"WebSite","@id":"https:\/\/villahullu.fi\/en\/#website","url":"https:\/\/villahullu.fi\/en\/","name":"Villahullu","description":"Villapaitoja ja neulontaohjeita","publisher":{"@id":"https:\/\/villahullu.fi\/en\/#organization"},"potentialAction":[{"@type":"SearchAction","target":{"@type":"EntryPoint","urlTemplate":"https:\/\/villahullu.fi\/en\/?s={search_term_string}"},"query-input":{"@type":"PropertyValueSpecification","valueRequired":true,"valueName":"search_term_string"}}],"inLanguage":"en-US"},{"@type":"Organization","@id":"https:\/\/villahullu.fi\/en\/#organization","name":"Villahullu","url":"https:\/\/villahullu.fi\/en\/","logo":{"@type":"ImageObject","inLanguage":"en-US","@id":"https:\/\/villahullu.fi\/en\/#\/schema\/logo\/image\/","url":"https:\/\/villahullu.fi\/wp-content\/uploads\/2021\/06\/logo.png","contentUrl":"https:\/\/villahullu.fi\/wp-content\/uploads\/2021\/06\/logo.png","width":374,"height":98,"caption":"Villahullu"},"image":{"@id":"https:\/\/villahullu.fi\/en\/#\/schema\/logo\/image\/"},"sameAs":["https:\/\/www.facebook.com\/villahullu\/","https:\/\/www.instagram.com\/villahullu\/"]}]}},"jetpack_sharing_enabled":true,"_links":{"self":[{"href":"https:\/\/villahullu.fi\/en\/wp-json\/wp\/v2\/product\/22748","targetHints":{"allow":["GET"]}}],"collection":[{"href":"https:\/\/villahullu.fi\/en\/wp-json\/wp\/v2\/product"}],"about":[{"href":"https:\/\/villahullu.fi\/en\/wp-json\/wp\/v2\/types\/product"}],"replies":[{"embeddable":true,"href":"https:\/\/villahullu.fi\/en\/wp-json\/wp\/v2\/comments?post=22748"}],"wp:featuredmedia":[{"embeddable":true,"href":"https:\/\/villahullu.fi\/en\/wp-json\/wp\/v2\/media\/22815"}],"wp:attachment":[{"href":"https:\/\/villahullu.fi\/en\/wp-json\/wp\/v2\/media?parent=22748"}],"wp:term":[{"taxonomy":"product_brand","embeddable":true,"href":"https:\/\/villahullu.fi\/en\/wp-json\/wp\/v2\/product_brand?post=22748"},{"taxonomy":"product_cat","embeddable":true,"href":"https:\/\/villahullu.fi\/en\/wp-json\/wp\/v2\/product_cat?post=22748"},{"taxonomy":"product_tag","embeddable":true,"href":"https:\/\/villahullu.fi\/en\/wp-json\/wp\/v2\/product_tag?post=22748"}],"curies":[{"name":"wp","href":"https:\/\/api.w.org\/{rel}","templated":true}]}}