{"id":22665,"date":"2026-01-29T16:32:36","date_gmt":"2026-01-29T14:32:36","guid":{"rendered":"https:\/\/villahullu.fi\/?post_type=product&#038;p=22665"},"modified":"2026-01-29T16:57:25","modified_gmt":"2026-01-29T14:57:25","slug":"perlaneule","status":"publish","type":"product","link":"https:\/\/villahullu.fi\/en\/product\/perlaneule\/","title":{"rendered":"Perlaneule ohje \/ pattern (FI, EN)"},"content":{"rendered":"<p><img loading=\"lazy\" decoding=\"async\" class=\"alignnone size-medium wp-image-22668\" src=\"https:\/\/villahullu.fi\/wp-content\/uploads\/2026\/01\/20260129_150128-225x300.jpg\" alt=\"\" width=\"225\" height=\"300\" \/> <img loading=\"lazy\" decoding=\"async\" class=\"alignnone size-medium wp-image-22672\" src=\"https:\/\/villahullu.fi\/wp-content\/uploads\/2026\/01\/20250903_115244-225x300.jpg\" alt=\"\" width=\"225\" height=\"300\" \/> <img loading=\"lazy\" decoding=\"async\" class=\"alignnone size-medium wp-image-22670\" src=\"https:\/\/villahullu.fi\/wp-content\/uploads\/2026\/01\/20250718_1222370-225x300.jpg\" alt=\"\" width=\"225\" height=\"300\" \/><\/p>\n<p><strong><em>Saat automaattisesti tilausvahvistuksen s\u00e4hk\u00f6postiisi heti maksusuorituksen j\u00e4lkeen. L\u00f6yd\u00e4t latauslinkin ohjeeseen tilausvahvistuksesta kohdasta miss\u00e4 lukee \u2019Lataa\u2019. Tilausvahvistus saattaa menn\u00e4 roskapostikansioon.<\/em><\/strong><strong><em>Ohjeen toimitus tapahtuu ainoastaan s\u00e4hk\u00f6isesti, eik\u00e4 sit\u00e4 l\u00e4hetet\u00e4 erikseen postitse. On suositeltavaa, ett\u00e4 ohje tallennetaan heti omalle laitteelle. S\u00e4ilyt\u00e4 latauslinkki mahdollisia ohjeeseen my\u00f6hemmin tulevia p\u00e4ivityksi\u00e4 varten.<\/em><\/strong><\/p>\n<p><strong><em>You will automatically receive an order confirmation by email immediately after the payment has been completed. You can find the download link for the pattern in the order confirmation, under the section that says \u2018Download\u2019. Please note that the confirmation email may end up in your spam folder.<\/em><\/strong><strong><em>The pattern is delivered digitally only and will not be sent separately by post. It is recommended to save the pattern to your device right away. Please keep the download link for any future updates to the pattern. <span style=\"color: #808080;\">All languages are included in the same document.<\/span><\/em><\/strong><\/p>\n<p><strong>Koot XS, S, M, L, XL, XXL, 3XL<\/strong><\/p>\n<p>Koot eiv\u00e4t ole standardeja. Tarkistathan sopivan koon annetuista mitoista. Mitat ovat valmiin paidan mittoja. V\u00e4ljyysvaraa on noin 20 cm, joten mittaa oma rinnanymp\u00e4ryksesi ja valitse koko, joka on sen verran rinnanymp\u00e4ryst\u00e4si isompi. Jos haluat v\u00e4ljemm\u00e4n \/ tyk\u00f6istuvamman neuleen, valitse koko sen mukaan.<\/p>\n<p>Rinnanymp\u00e4rys (XS)100 (S)106 (M)114 (L)120 (XL)127 (XXL)131 (3XL)135 cm<\/p>\n<p>Pituus helmasta kainaloon (XS)29 (S)29 (M)29 (L)30 (XL)30 (XXL)31 (3XL)32 cm (tai haluttu)<\/p>\n<p>Koko ty\u00f6n pituus (XS)51 (S)53 (M)55 (L)57 (XL)59 (XXL)61 (3XL)63 cm (tai haluttu)<\/p>\n<p><strong>Langan menekki <\/strong><\/p>\n<p>Garnstudio Drops Belle (v\u00e4ri 33) 50 g \/ 120 m<\/p>\n<p>(XS)10 (S)10 (M)11 (L)11 (XL)12 (XXL)12 (3XL)13 kpl<\/p>\n<p><strong>Puikot <\/strong><\/p>\n<p>Py\u00f6r\u00f6puikko 3 ja 4 mm 80 cm (tai k\u00e4sialan mukaan) isoimmat koot: puikon pituus 120\/150 cm<\/p>\n<p>Sukkapuikot 3 ja 4 mm (tai k\u00e4sialan mukaan)<\/p>\n<p>(Mik\u00e4li et k\u00e4yt\u00e4 Magic loop- tekniikkaa, tarvitset p\u00e4\u00e4ntiehen py\u00f6r\u00f6puikon 3 mm 40-60 cm)<\/p>\n<p><strong>Tarvitset<\/strong><\/p>\n<p>&#8211; Silmukkamerkkej\u00e4 sek\u00e4 neulan. Virkkuukoukku voi olla avuksi silmukoiden poimimisessa.<\/p>\n<p>&#8211; Eri v\u00e4rist\u00e4 lankaa noin pari metri\u00e4 apulangan virkaa toimittamaan<\/p>\n<p><strong>Neuletiheys <\/strong><\/p>\n<p>10 x 10 cm: 21 silmukkaa ja 28 krs sile\u00e4\u00e4 neuletta<\/p>\n<p>Vinkki: Neulo mallitilkku ja viimeistele se kuten valmis neule tullaan viimeistelem\u00e4\u00e4n. Mik\u00e4li saat liikaa silmukoita per 10 cm, vaihda paksumpiin puikkoihin. Jos saat liian v\u00e4h\u00e4n silmukoita per 10 cm, vaihda ohuempiin puikkoihin.<\/p>\n<p>K\u00e4siala saattaa vaatia hyvinkin pieni\u00e4 puikkoja puuvillalangalla neulottaessa. Ole siis tarkkana, jotta saat neuletiheyden ohjeistuksen mukaiseksi.<\/p>\n<p><strong>Ty\u00f6ohje<\/strong><\/p>\n<p>Ty\u00f6 neulotaan ylh\u00e4\u00e4lt\u00e4 alas. Ensin luodaan niskan silmukat ja neulotaan takakappaletta tasona samalla, kun lis\u00e4t\u00e4\u00e4n olkiin silmukoita. Molemman olan reunasta poimitaan silmukat etukappaleita varten ja k\u00e4denteiden j\u00e4lkeen ty\u00f6 yhdistet\u00e4\u00e4n suljetuksi neuleeksi. K\u00e4denteilt\u00e4 poimitaan silmukat hihoja varten ja hihat neulotaan suljettuna neuleena ylh\u00e4\u00e4lt\u00e4 alas. Olkap\u00e4ille tehd\u00e4\u00e4n lyhyit\u00e4 kerroksia istuvuuden parantamiseksi. P\u00e4\u00e4ntielt\u00e4 poimitaan silmukat ja reunus neulotaan onteloneuleena samoin kuin helma sek\u00e4 hihansuut.<\/p>\n<h2><strong>English<\/strong><\/h2>\n<p><strong>Sizes XS, S, M, L, XL, XXL, 3XL<\/strong><\/p>\n<p>The sizes aren\u2019t standard. Please check the measures for the appropriate sweater size. The measurements are the measurements of the finished sweater. The design is intended to be worn with approx. 20 cm of positive ease, so measure your bust circumference and choose a size that is approx. 20 cm bigger. Or if you want more \/ less ease, choose the size accordingly.<\/p>\n<p>Bust circumference<\/p>\n<p>(XS)100 (S)106 (M)114 (L)120 (XL)127 (XXL)131 (3XL)135 cm<\/p>\n<p>Length from hem to underarm<\/p>\n<p>(XS)29 (S)29 (M)29 (L)30 (XL)30 (XXL)31 (3XL)32 cm (or as desired)<\/p>\n<p>Length from shoulder to hem<\/p>\n<p>(XS)51 (S)53 (M)55 (L)57 (XL)59 (XXL)61 (3XL)63 cm (or as desired)<\/p>\n<p><strong>Yarn consumption<\/strong><\/p>\n<p>Garnstudio Drops Belle (color 33) 50 g \/ 120 m<\/p>\n<p>(XS)10 (S)10 (M)11 (L)11 (XL)12 (XXL)12 (3XL)13 balls<\/p>\n<p><strong>Needles<\/strong><\/p>\n<p>Circular needle 3 and 4 mm 80 cm (or as needed to obtain gauge) for bigger sizes: needle length 120\/150 cm<\/p>\n<p>Double pointed needles 3 and 4 mm (or as needed to obtain gauge)<\/p>\n<p>(If you don\u2019t use the Magic loop- technique, you will need to use 40-60 cm 3 mm circular needle for the neckline)<\/p>\n<p><strong>You will need<\/strong><\/p>\n<p>&#8211; Stitch markers and a darning needle. A crochet hook may help with picking up sts.<\/p>\n<p>&#8211; A couple of meters of a contrast colour yarn for holding stitches<\/p>\n<p><strong>Gauge<\/strong><\/p>\n<p>10 x 10 cm: 21 sts and 28 rows in stockinette stitch<\/p>\n<p>Tip: Work a gauge swatch and finish it like you would treat the finished piece.<\/p>\n<p>If you\u2019re getting too many sts per 10 cm, switch to a bigger needle size. If you\u2019re getting too few sts per 10 cm, switch to a smaller needle.<\/p>\n<p>Getting the correct tension may require surprisingly small needles when working with cotton yarn. Pay attention to matching the gauge given in the pattern.<\/p>\n<p><strong>Instructions<\/strong><\/p>\n<p>The sweater is knit top-down. First, stitches are cast on for the neck and the back is knit flat while increasing stitches for the shoulders. Front stitches are picked up from each shoulder and the work is joined in the round below the armholes.<\/p>\n<p>Sleeve stitches are picked up from the armholes and the sleeves are knit in the round top-down. Short rows are worked for the shoulders to improve fit. Stitches are picked up from the neckline and the edging is worked in double knitting, as with the hem and sleeve cuffs.<\/p>\n","protected":false},"excerpt":{"rendered":"<p>Saat automaattisesti tilausvahvistuksen s\u00e4hk\u00f6postiisi heti maksusuorituksen j\u00e4lkeen. L\u00f6yd\u00e4t latauslinkin ohjeeseen tilausvahvistuksesta kohdasta miss\u00e4 lukee \u2019Lataa\u2019. Tilausvahvistus saattaa menn\u00e4 roskapostikansioon.Ohjeen toimitus tapahtuu ainoastaan s\u00e4hk\u00f6isesti, eik\u00e4 sit\u00e4 l\u00e4hetet\u00e4 erikseen postitse. On suositeltavaa, ett\u00e4 ohje tallennetaan heti omalle laitteelle. S\u00e4ilyt\u00e4 latauslinkki mahdollisia ohjeeseen my\u00f6hemmin tulevia p\u00e4ivityksi\u00e4 varten. You will automatically receive an order confirmation by email immediately after [&hellip;]<\/p>\n","protected":false},"featured_media":22676,"comment_status":"closed","ping_status":"closed","template":"","meta":{"_et_pb_use_builder":"","_et_pb_old_content":"","_et_gb_content_width":""},"product_brand":[],"product_cat":[22],"product_tag":[],"class_list":{"0":"post-22665","1":"product","2":"type-product","3":"status-publish","4":"has-post-thumbnail","6":"product_cat-neuleohjeet","7":"product_shipping_class-pdf","9":"first","10":"instock","11":"downloadable","12":"taxable","13":"shipping-taxable","14":"purchasable","15":"product-type-simple"},"yoast_head":"<!-- This site is optimized with the Yoast SEO plugin v27.4 - https:\/\/yoast.com\/product\/yoast-seo-wordpress\/ -->\n<title>- Villahullu<\/title>\n<meta name=\"description\" content=\"Kev\u00e4inen puuvillaneule!\" \/>\n<meta name=\"robots\" content=\"index, follow, max-snippet:-1, max-image-preview:large, max-video-preview:-1\" \/>\n<link rel=\"canonical\" href=\"https:\/\/villahullu.fi\/en\/product\/perlaneule\/\" \/>\n<meta property=\"og:locale\" content=\"en_US\" \/>\n<meta property=\"og:type\" content=\"article\" \/>\n<meta property=\"og:title\" content=\"- Villahullu\" \/>\n<meta property=\"og:description\" content=\"Kev\u00e4inen puuvillaneule!\" \/>\n<meta property=\"og:url\" content=\"https:\/\/villahullu.fi\/en\/product\/perlaneule\/\" \/>\n<meta property=\"og:site_name\" content=\"Villahullu\" \/>\n<meta property=\"article:publisher\" content=\"https:\/\/www.facebook.com\/villahullu\/\" \/>\n<meta property=\"article:modified_time\" content=\"2026-01-29T14:57:25+00:00\" \/>\n<meta property=\"og:image\" content=\"https:\/\/villahullu.fi\/wp-content\/uploads\/2026\/01\/Perlaneule-kansikuva-803x1024.png\" \/>\n\t<meta property=\"og:image:width\" content=\"803\" \/>\n\t<meta property=\"og:image:height\" content=\"1024\" \/>\n\t<meta property=\"og:image:type\" content=\"image\/png\" \/>\n<meta name=\"twitter:card\" content=\"summary_large_image\" \/>\n<meta name=\"twitter:label1\" content=\"Est. reading time\" \/>\n\t<meta name=\"twitter:data1\" content=\"6 minutes\" \/>\n<script type=\"application\/ld+json\" class=\"yoast-schema-graph\">{\"@context\":\"https:\\\/\\\/schema.org\",\"@graph\":[{\"@type\":\"WebPage\",\"@id\":\"https:\\\/\\\/villahullu.fi\\\/en\\\/product\\\/perlaneule\\\/\",\"url\":\"https:\\\/\\\/villahullu.fi\\\/en\\\/product\\\/perlaneule\\\/\",\"name\":\"- Villahullu\",\"isPartOf\":{\"@id\":\"https:\\\/\\\/villahullu.fi\\\/en\\\/#website\"},\"primaryImageOfPage\":{\"@id\":\"https:\\\/\\\/villahullu.fi\\\/en\\\/product\\\/perlaneule\\\/#primaryimage\"},\"image\":{\"@id\":\"https:\\\/\\\/villahullu.fi\\\/en\\\/product\\\/perlaneule\\\/#primaryimage\"},\"thumbnailUrl\":\"https:\\\/\\\/villahullu.fi\\\/wp-content\\\/uploads\\\/2026\\\/01\\\/Perlaneule-kansikuva.png\",\"datePublished\":\"2026-01-29T14:32:36+00:00\",\"dateModified\":\"2026-01-29T14:57:25+00:00\",\"description\":\"Kev\u00e4inen puuvillaneule!\",\"breadcrumb\":{\"@id\":\"https:\\\/\\\/villahullu.fi\\\/en\\\/product\\\/perlaneule\\\/#breadcrumb\"},\"inLanguage\":\"en-US\",\"potentialAction\":[{\"@type\":\"ReadAction\",\"target\":[\"https:\\\/\\\/villahullu.fi\\\/en\\\/product\\\/perlaneule\\\/\"]}]},{\"@type\":\"ImageObject\",\"inLanguage\":\"en-US\",\"@id\":\"https:\\\/\\\/villahullu.fi\\\/en\\\/product\\\/perlaneule\\\/#primaryimage\",\"url\":\"https:\\\/\\\/villahullu.fi\\\/wp-content\\\/uploads\\\/2026\\\/01\\\/Perlaneule-kansikuva.png\",\"contentUrl\":\"https:\\\/\\\/villahullu.fi\\\/wp-content\\\/uploads\\\/2026\\\/01\\\/Perlaneule-kansikuva.png\",\"width\":1569,\"height\":2000},{\"@type\":\"BreadcrumbList\",\"@id\":\"https:\\\/\\\/villahullu.fi\\\/en\\\/product\\\/perlaneule\\\/#breadcrumb\",\"itemListElement\":[{\"@type\":\"ListItem\",\"position\":1,\"name\":\"Etusivu\",\"item\":\"https:\\\/\\\/villahullu.fi\\\/en\\\/\"},{\"@type\":\"ListItem\",\"position\":2,\"name\":\"Shop\",\"item\":\"https:\\\/\\\/villahullu.fi\\\/en\\\/shop\\\/\"},{\"@type\":\"ListItem\",\"position\":3,\"name\":\"Perlaneule ohje \\\/ pattern (FI, EN)\"}]},{\"@type\":\"WebSite\",\"@id\":\"https:\\\/\\\/villahullu.fi\\\/en\\\/#website\",\"url\":\"https:\\\/\\\/villahullu.fi\\\/en\\\/\",\"name\":\"Villahullu\",\"description\":\"Villapaitoja ja neulontaohjeita\",\"publisher\":{\"@id\":\"https:\\\/\\\/villahullu.fi\\\/en\\\/#organization\"},\"potentialAction\":[{\"@type\":\"SearchAction\",\"target\":{\"@type\":\"EntryPoint\",\"urlTemplate\":\"https:\\\/\\\/villahullu.fi\\\/en\\\/?s={search_term_string}\"},\"query-input\":{\"@type\":\"PropertyValueSpecification\",\"valueRequired\":true,\"valueName\":\"search_term_string\"}}],\"inLanguage\":\"en-US\"},{\"@type\":\"Organization\",\"@id\":\"https:\\\/\\\/villahullu.fi\\\/en\\\/#organization\",\"name\":\"Villahullu\",\"url\":\"https:\\\/\\\/villahullu.fi\\\/en\\\/\",\"logo\":{\"@type\":\"ImageObject\",\"inLanguage\":\"en-US\",\"@id\":\"https:\\\/\\\/villahullu.fi\\\/en\\\/#\\\/schema\\\/logo\\\/image\\\/\",\"url\":\"https:\\\/\\\/villahullu.fi\\\/wp-content\\\/uploads\\\/2021\\\/06\\\/logo.png\",\"contentUrl\":\"https:\\\/\\\/villahullu.fi\\\/wp-content\\\/uploads\\\/2021\\\/06\\\/logo.png\",\"width\":374,\"height\":98,\"caption\":\"Villahullu\"},\"image\":{\"@id\":\"https:\\\/\\\/villahullu.fi\\\/en\\\/#\\\/schema\\\/logo\\\/image\\\/\"},\"sameAs\":[\"https:\\\/\\\/www.facebook.com\\\/villahullu\\\/\",\"https:\\\/\\\/www.instagram.com\\\/villahullu\\\/\"]}]}<\/script>\n<!-- \/ Yoast SEO plugin. -->","yoast_head_json":{"title":"- Villahullu","description":"Kev\u00e4inen puuvillaneule!","robots":{"index":"index","follow":"follow","max-snippet":"max-snippet:-1","max-image-preview":"max-image-preview:large","max-video-preview":"max-video-preview:-1"},"canonical":"https:\/\/villahullu.fi\/en\/product\/perlaneule\/","og_locale":"en_US","og_type":"article","og_title":"- Villahullu","og_description":"Kev\u00e4inen puuvillaneule!","og_url":"https:\/\/villahullu.fi\/en\/product\/perlaneule\/","og_site_name":"Villahullu","article_publisher":"https:\/\/www.facebook.com\/villahullu\/","article_modified_time":"2026-01-29T14:57:25+00:00","og_image":[{"width":803,"height":1024,"url":"https:\/\/villahullu.fi\/wp-content\/uploads\/2026\/01\/Perlaneule-kansikuva-803x1024.png","type":"image\/png"}],"twitter_card":"summary_large_image","twitter_misc":{"Est. reading time":"6 minutes"},"schema":{"@context":"https:\/\/schema.org","@graph":[{"@type":"WebPage","@id":"https:\/\/villahullu.fi\/en\/product\/perlaneule\/","url":"https:\/\/villahullu.fi\/en\/product\/perlaneule\/","name":"- Villahullu","isPartOf":{"@id":"https:\/\/villahullu.fi\/en\/#website"},"primaryImageOfPage":{"@id":"https:\/\/villahullu.fi\/en\/product\/perlaneule\/#primaryimage"},"image":{"@id":"https:\/\/villahullu.fi\/en\/product\/perlaneule\/#primaryimage"},"thumbnailUrl":"https:\/\/villahullu.fi\/wp-content\/uploads\/2026\/01\/Perlaneule-kansikuva.png","datePublished":"2026-01-29T14:32:36+00:00","dateModified":"2026-01-29T14:57:25+00:00","description":"Kev\u00e4inen puuvillaneule!","breadcrumb":{"@id":"https:\/\/villahullu.fi\/en\/product\/perlaneule\/#breadcrumb"},"inLanguage":"en-US","potentialAction":[{"@type":"ReadAction","target":["https:\/\/villahullu.fi\/en\/product\/perlaneule\/"]}]},{"@type":"ImageObject","inLanguage":"en-US","@id":"https:\/\/villahullu.fi\/en\/product\/perlaneule\/#primaryimage","url":"https:\/\/villahullu.fi\/wp-content\/uploads\/2026\/01\/Perlaneule-kansikuva.png","contentUrl":"https:\/\/villahullu.fi\/wp-content\/uploads\/2026\/01\/Perlaneule-kansikuva.png","width":1569,"height":2000},{"@type":"BreadcrumbList","@id":"https:\/\/villahullu.fi\/en\/product\/perlaneule\/#breadcrumb","itemListElement":[{"@type":"ListItem","position":1,"name":"Etusivu","item":"https:\/\/villahullu.fi\/en\/"},{"@type":"ListItem","position":2,"name":"Shop","item":"https:\/\/villahullu.fi\/en\/shop\/"},{"@type":"ListItem","position":3,"name":"Perlaneule ohje \/ pattern (FI, EN)"}]},{"@type":"WebSite","@id":"https:\/\/villahullu.fi\/en\/#website","url":"https:\/\/villahullu.fi\/en\/","name":"Villahullu","description":"Villapaitoja ja neulontaohjeita","publisher":{"@id":"https:\/\/villahullu.fi\/en\/#organization"},"potentialAction":[{"@type":"SearchAction","target":{"@type":"EntryPoint","urlTemplate":"https:\/\/villahullu.fi\/en\/?s={search_term_string}"},"query-input":{"@type":"PropertyValueSpecification","valueRequired":true,"valueName":"search_term_string"}}],"inLanguage":"en-US"},{"@type":"Organization","@id":"https:\/\/villahullu.fi\/en\/#organization","name":"Villahullu","url":"https:\/\/villahullu.fi\/en\/","logo":{"@type":"ImageObject","inLanguage":"en-US","@id":"https:\/\/villahullu.fi\/en\/#\/schema\/logo\/image\/","url":"https:\/\/villahullu.fi\/wp-content\/uploads\/2021\/06\/logo.png","contentUrl":"https:\/\/villahullu.fi\/wp-content\/uploads\/2021\/06\/logo.png","width":374,"height":98,"caption":"Villahullu"},"image":{"@id":"https:\/\/villahullu.fi\/en\/#\/schema\/logo\/image\/"},"sameAs":["https:\/\/www.facebook.com\/villahullu\/","https:\/\/www.instagram.com\/villahullu\/"]}]}},"jetpack_sharing_enabled":true,"_links":{"self":[{"href":"https:\/\/villahullu.fi\/en\/wp-json\/wp\/v2\/product\/22665","targetHints":{"allow":["GET"]}}],"collection":[{"href":"https:\/\/villahullu.fi\/en\/wp-json\/wp\/v2\/product"}],"about":[{"href":"https:\/\/villahullu.fi\/en\/wp-json\/wp\/v2\/types\/product"}],"replies":[{"embeddable":true,"href":"https:\/\/villahullu.fi\/en\/wp-json\/wp\/v2\/comments?post=22665"}],"wp:featuredmedia":[{"embeddable":true,"href":"https:\/\/villahullu.fi\/en\/wp-json\/wp\/v2\/media\/22676"}],"wp:attachment":[{"href":"https:\/\/villahullu.fi\/en\/wp-json\/wp\/v2\/media?parent=22665"}],"wp:term":[{"taxonomy":"product_brand","embeddable":true,"href":"https:\/\/villahullu.fi\/en\/wp-json\/wp\/v2\/product_brand?post=22665"},{"taxonomy":"product_cat","embeddable":true,"href":"https:\/\/villahullu.fi\/en\/wp-json\/wp\/v2\/product_cat?post=22665"},{"taxonomy":"product_tag","embeddable":true,"href":"https:\/\/villahullu.fi\/en\/wp-json\/wp\/v2\/product_tag?post=22665"}],"curies":[{"name":"wp","href":"https:\/\/api.w.org\/{rel}","templated":true}]}}