{"id":22123,"date":"2025-12-15T14:29:53","date_gmt":"2025-12-15T12:29:53","guid":{"rendered":"https:\/\/villahullu.fi\/?post_type=product&#038;p=22123"},"modified":"2026-01-21T13:20:46","modified_gmt":"2026-01-21T11:20:46","slug":"solapoolo","status":"publish","type":"product","link":"https:\/\/villahullu.fi\/en\/product\/solapoolo\/","title":{"rendered":"Solapoolo ohje \/ pattern (FI, EN, DE, NO, SE, DK, FR, IT, PT, ES, PL)"},"content":{"rendered":"<p><img loading=\"lazy\" decoding=\"async\" class=\"alignnone size-medium wp-image-22127\" src=\"https:\/\/villahullu.fi\/wp-content\/uploads\/2025\/12\/20251108_113631-225x300.jpg\" alt=\"\" width=\"225\" height=\"300\" \/> <img loading=\"lazy\" decoding=\"async\" class=\"alignnone size-medium wp-image-22129\" src=\"https:\/\/villahullu.fi\/wp-content\/uploads\/2025\/12\/20251111_125455-225x300.jpg\" alt=\"\" width=\"225\" height=\"300\" \/> <img loading=\"lazy\" decoding=\"async\" class=\"alignnone size-medium wp-image-22131\" src=\"https:\/\/villahullu.fi\/wp-content\/uploads\/2025\/12\/20251122_100031-225x300.jpg\" alt=\"\" width=\"225\" height=\"300\" \/> <img loading=\"lazy\" decoding=\"async\" class=\"alignnone size-medium wp-image-22139\" src=\"https:\/\/villahullu.fi\/wp-content\/uploads\/2025\/12\/20251202_150502-225x300.jpg\" alt=\"\" width=\"225\" height=\"300\" \/> <img loading=\"lazy\" decoding=\"async\" class=\"alignnone size-medium wp-image-22141\" src=\"https:\/\/villahullu.fi\/wp-content\/uploads\/2025\/12\/20251206_161813-225x300.jpg\" alt=\"\" width=\"225\" height=\"300\" \/> <img loading=\"lazy\" decoding=\"async\" class=\"alignnone size-medium wp-image-22143\" src=\"https:\/\/villahullu.fi\/wp-content\/uploads\/2025\/12\/20251209_081938-225x300.jpg\" alt=\"\" width=\"225\" height=\"300\" \/> <img loading=\"lazy\" decoding=\"async\" class=\"alignnone size-medium wp-image-22145\" src=\"https:\/\/villahullu.fi\/wp-content\/uploads\/2025\/12\/20251209_123714-225x300.jpg\" alt=\"\" width=\"225\" height=\"300\" \/> <img loading=\"lazy\" decoding=\"async\" class=\"alignnone size-medium wp-image-22147\" src=\"https:\/\/villahullu.fi\/wp-content\/uploads\/2025\/12\/20251209_123838-225x300.jpg\" alt=\"\" width=\"225\" height=\"300\" \/> <img loading=\"lazy\" decoding=\"async\" class=\"alignnone size-medium wp-image-22149\" src=\"https:\/\/villahullu.fi\/wp-content\/uploads\/2025\/12\/20251209_142248-225x300.jpg\" alt=\"\" width=\"225\" height=\"300\" \/><\/p>\n<p><strong><em>Saat automaattisesti tilausvahvistuksen s\u00e4hk\u00f6postiisi heti maksusuorituksen j\u00e4lkeen. L\u00f6yd\u00e4t latauslinkin ohjeeseen tilausvahvistuksesta kohdasta miss\u00e4 lukee \u2019Lataa\u2019. Tilausvahvistus saattaa menn\u00e4 roskapostikansioon.<\/em><\/strong><strong><em>Ohjeen toimitus tapahtuu ainoastaan s\u00e4hk\u00f6isesti, eik\u00e4 sit\u00e4 l\u00e4hetet\u00e4 erikseen postitse. On suositeltavaa, ett\u00e4 ohje tallennetaan heti omalle laitteelle. S\u00e4ilyt\u00e4 latauslinkki mahdollisia ohjeeseen my\u00f6hemmin tulevia p\u00e4ivityksi\u00e4 varten.<\/em><\/strong><\/p>\n<p><strong><em>You will automatically receive an order confirmation by email immediately after the payment has been completed. You can find the download link for the pattern in the order confirmation, under the section that says \u2018Download\u2019. Please note that the confirmation email may end up in your spam folder.<\/em><\/strong><strong><em>The pattern is delivered digitally only and will not be sent separately by post. It is recommended to save the pattern to your device right away. Please keep the download link for any future updates to the pattern. <span style=\"color: #800000;\">All languages are included in the same document.<\/span><\/em><\/strong><\/p>\n<article class=\"text-token-text-primary w-full focus:outline-none [--shadow-height:45px] has-data-writing-block:pointer-events-none has-data-writing-block:-mt-(--shadow-height) has-data-writing-block:pt-(--shadow-height) [&amp;:has([data-writing-block])&gt;*]:pointer-events-auto [content-visibility:auto] supports-[content-visibility:auto]:[contain-intrinsic-size:auto_100lvh] scroll-mt-[calc(var(--header-height)+min(200px,max(70px,20svh)))]\" dir=\"auto\" tabindex=\"-1\" data-turn-id=\"request-WEB:7973c197-746b-446f-b145-cf8d4032ba32-0\" data-testid=\"conversation-turn-2\" data-scroll-anchor=\"true\" data-turn=\"assistant\">\n<div class=\"text-base my-auto mx-auto pb-10 [--thread-content-margin:--spacing(4)] @w-sm\/main:[--thread-content-margin:--spacing(6)] @w-lg\/main:[--thread-content-margin:--spacing(16)] px-(--thread-content-margin)\">\n<div class=\"[--thread-content-max-width:40rem] @w-lg\/main:[--thread-content-max-width:48rem] mx-auto max-w-(--thread-content-max-width) flex-1 group\/turn-messages focus-visible:outline-hidden relative flex w-full min-w-0 flex-col agent-turn\" tabindex=\"-1\">\n<div class=\"flex max-w-full flex-col grow\">\n<div class=\"min-h-8 text-message relative flex w-full flex-col items-end gap-2 text-start break-words whitespace-normal [.text-message+&amp;]:mt-1\" dir=\"auto\" data-message-author-role=\"assistant\" data-message-id=\"c49e0254-b253-4983-97f4-5fe0bfc8b4bf\" data-message-model-slug=\"gpt-5-2\">\n<div class=\"flex w-full flex-col gap-1 empty:hidden first:pt-[1px]\">\n<div class=\"markdown prose dark:prose-invert w-full break-words light markdown-new-styling\">\n<h3 data-start=\"0\" data-end=\"136\"><strong><span style=\"color: #800000;\">The knitting pattern is available in Finnish, English, German, Norwegian, Swedish, Danish, French, Italian, Portuguese, Spanish and Polish.<\/span><\/strong><\/h3>\n<\/div>\n<\/div>\n<\/div>\n<\/div>\n<\/div>\n<\/div>\n<\/article>\n<p><strong>Koot XS, S, M, L, XL, XXL, 3XL<\/strong><\/p>\n<p>Koot eiv\u00e4t ole standardeja. Tarkista sopiva koko annetuista mitoista. Mitat ovat valmiin ty\u00f6n mittoja. V\u00e4ljyysvaraa on noin 8-10 cm, joten mittaa oma rinnanymp\u00e4rys ja valitse koko, joka on 8-10 cm isompi. Jos haluat v\u00e4ljemm\u00e4n\/tyk\u00f6istuvamman neuleen, valitse isompi\/pienempi koko.<\/p>\n<p>Ymp\u00e4rysmitta (kainalon alta mitattuna)<\/p>\n<p>(XS)90 (S)94 (M)98 (L)108 (XL)120 (XXL)132 (3XL)142 cm<\/p>\n<p>Pituus olalta kainaloon<\/p>\n<p>(XS)22 (S)23 (M)24 (L)25 (XL)26 (XXL)27 (3XL)28 cm (tai haluttu)<\/p>\n<p>Pituus kainalosta helmaan<\/p>\n<p>(XS)31 (S)31 (M)32 (L)33 (XL)34 (XXL)35 (3XL)36 cm (tai haluttu)<\/p>\n<p>Pituus olalta helmaan<\/p>\n<p>(XS)53 (S)54 (M)56 (L)58 (XL)60 (XXL)62 (3XL)64 cm (tai haluttu)<\/p>\n<p><strong>Langan menekki <\/strong><\/p>\n<p>Knitting for Olive Merino 50 g \/ 250 m, Dark Cognac<\/p>\n<p>(XS)4 (S)5 (M)5 (L)6 (XL)6 (XXL)7 (3XL)7 kpl<\/p>\n<p>ja<\/p>\n<p>Knitting for Olive Soft Silk Mohair 25 g \/ 225 m, Dark Cognac<\/p>\n<p>(XS)4 (S)5 (M)5 (L)6 (XL)6 (XXL)7 (3XL)7 kpl<\/p>\n<p><strong>Puikot<\/strong><\/p>\n<p>Py\u00f6r\u00f6puikko 3,5 ja 4,5 mm 80 cm (tai k\u00e4sialan mukaan) isoimmat koot: puikon pituus 120\/150 cm<\/p>\n<p>Sukkapuikot 3,5 ja 4,5 mm (tai k\u00e4sialan mukaan)<\/p>\n<p>(Mik\u00e4li et k\u00e4yt\u00e4 Magic loop- tekniikkaa, tarvitset my\u00f6s py\u00f6r\u00f6puikot 3,5 mm ja 4,5 mm 40 cm)<\/p>\n<p>Ty\u00f6n lis\u00e4ykset on helpompi tehd\u00e4 ter\u00e4v\u00e4k\u00e4rkisill\u00e4 puikoilla.<\/p>\n<p><strong>Neuletiheys <\/strong><\/p>\n<p>10 x 10 cm: 20 silmukkaa ja 29 krs sile\u00e4\u00e4 neuletta<\/p>\n<p>Vinkki: Neulo mallitilkku ja viimeistele se kuten valmis neule tullaan viimeistelem\u00e4\u00e4n. Mik\u00e4li saat liikaa silmukoita per 10 cm, vaihda paksumpiin puikkoihin. Jos saat liian v\u00e4h\u00e4n silmukoita per 10 cm, vaihda ohuempiin puikkoihin.<\/p>\n<p><strong>Tarvitset<\/strong><\/p>\n<p>Kanavaneulan sek\u00e4 6 kpl silmukkamerkkej\u00e4 (mieluiten 4 samanv\u00e4rist\u00e4 ja kaksi eriv\u00e4rist\u00e4). Voit my\u00f6s k\u00e4ytt\u00e4\u00e4 langanp\u00e4tki\u00e4, t\u00f6lkkiklipsuja yms.<\/p>\n<p><strong>Ty\u00f6ohje<\/strong><\/p>\n<p>Koko ty\u00f6 neulotaan suljettuna neuleena py\u00f6r\u00f6puikolla keskelt\u00e4 takaa alkaen, ylh\u00e4\u00e4lt\u00e4 alas. Niskassa neulotaan lyhennettyj\u00e4 kerroksia tasona istuvuuden parantamiseksi. Ty\u00f6ss\u00e4 on satulaolkap\u00e4\u00e4t. Hihasilmukat siirret\u00e4\u00e4n apulangalle ja hihat neulotaan suljettuna neuleena sukkapuikoilla.<\/p>\n<h2><strong>English<\/strong><\/h2>\n<p><strong>Sizes XS, S, M, L, XL, XXL, 3XL<\/strong><\/p>\n<p>The sizes aren\u2019t standard. Please check the measures for the appropriate size. The measurements are the measurements of the finished sweater. The sweater is intended to have 8-10 cm of positive ease. Measure your bust circumference and choose a size that is approx. 8-10 cm bigger. Or if you want more\/less ease, choose the size accordingly.<\/p>\n<p>Circumference (measured beneath underarms)<\/p>\n<p>(XS)90 (S)94 (M)98 (L)108 (XL)120 (XXL)132 (3XL)142 cm<\/p>\n<p>Length from shoulder to underarm<\/p>\n<p>(XS)22 (S)23 (M)24 (L)25 (XL)26 (XXL)27 (3XL)28 cm (or as desired)<\/p>\n<p>Length from underarm to hem<\/p>\n<p>(XS)31 (S)31 (M)32 (L)33 (XL)34 (XXL)35 (3XL)36 cm (or as desired)<\/p>\n<p>Length from shoulder to hem<\/p>\n<p>(XS)53 (S)54 (M)56 (L)58 (XL)60 (XXL)62 (3XL)64 cm (or as desired)<\/p>\n<p><strong>Yarn consumption <\/strong><\/p>\n<p>Knitting for Olive Merino 50 g \/ 250 m, Dark Cognac<\/p>\n<p>(XS)4 (S)5 (M)5 (L)6 (XL)6 (XXL)7 (3XL)7 balls<\/p>\n<p>and<\/p>\n<p>Knitting for Olive Soft Silk Mohair 25 g \/ 225 m, Dark Cognac<\/p>\n<p>(XS)4 (S)5 (M)5 (L)6 (XL)6 (XXL)7 (3XL)7 balls<\/p>\n<p><strong>Needles<\/strong><\/p>\n<p>Circular needle 3,5 and 4,5 mm 80 cm (or as needed to obtain gauge), for bigger sizes needle length 120\/150 cm<\/p>\n<p>Double pointed needles 3,5 and 4,5 mm (or as needed to obtain gauge)<\/p>\n<p>(If you don\u2019t use the magic loop -technique, you will need to use circular needle 3,5 mm ja 4,5 mm 40 cm)<\/p>\n<p>Increases are easier to work with sharp needle tips.<\/p>\n<p><strong>Gauge<\/strong><\/p>\n<p>10 x 10 cm: 20 sts and 29 rnds in stockinette stitch<\/p>\n<p>Tip: Knit a swatch and give it a finishing treatment like you would for the finished sweater. If you\u2019re getting too many sts per 10 cm, switch to a bigger needle size. If you\u2019re getting too few sts per 10 cm, switch to a smaller needle.<\/p>\n<p><strong>You will also need<\/strong><\/p>\n<p>A tapestry needle and 6 stitch markers (preferably 4 in a single colour and 2 in a contrasting colour). You can also use yarn scraps, can tabs etc.<\/p>\n<p><strong>Instructions<\/strong><\/p>\n<p>The whole piece is worked in the round on circular needles, beginning from the back of the neck, top down. There is short row shaping for the back of the neck to improve the fit. The sweater has saddle shoulders. Sleeve stitches are left on hold on scrap yarn and the sleeves are worked in the round on dpns.<\/p>\n","protected":false},"excerpt":{"rendered":"<p>Saat automaattisesti tilausvahvistuksen s\u00e4hk\u00f6postiisi heti maksusuorituksen j\u00e4lkeen. L\u00f6yd\u00e4t latauslinkin ohjeeseen tilausvahvistuksesta kohdasta miss\u00e4 lukee \u2019Lataa\u2019. Tilausvahvistus saattaa menn\u00e4 roskapostikansioon.Ohjeen toimitus tapahtuu ainoastaan s\u00e4hk\u00f6isesti, eik\u00e4 sit\u00e4 l\u00e4hetet\u00e4 erikseen postitse. On suositeltavaa, ett\u00e4 ohje tallennetaan heti omalle laitteelle. S\u00e4ilyt\u00e4 latauslinkki mahdollisia ohjeeseen my\u00f6hemmin tulevia p\u00e4ivityksi\u00e4 varten. You will automatically receive an order confirmation by email immediately after [&hellip;]<\/p>\n","protected":false},"featured_media":22124,"comment_status":"closed","ping_status":"closed","template":"","meta":{"_et_pb_use_builder":"","_et_pb_old_content":"","_et_gb_content_width":""},"product_brand":[],"product_cat":[22],"product_tag":[],"class_list":{"0":"post-22123","1":"product","2":"type-product","3":"status-publish","4":"has-post-thumbnail","6":"product_cat-neuleohjeet","7":"product_shipping_class-pdf","9":"first","10":"instock","11":"downloadable","12":"taxable","13":"shipping-taxable","14":"purchasable","15":"product-type-simple"},"yoast_head":"<!-- This site is optimized with the Yoast SEO plugin v27.4 - https:\/\/yoast.com\/product\/yoast-seo-wordpress\/ -->\n<title>- Villahullu<\/title>\n<meta name=\"description\" content=\"Ihana pooloneule satulaolkap\u00e4\u00e4rakenteella!\" \/>\n<meta name=\"robots\" content=\"index, follow, max-snippet:-1, max-image-preview:large, max-video-preview:-1\" \/>\n<link rel=\"canonical\" href=\"https:\/\/villahullu.fi\/en\/product\/solapoolo\/\" \/>\n<meta property=\"og:locale\" content=\"en_US\" \/>\n<meta property=\"og:type\" content=\"article\" \/>\n<meta property=\"og:title\" content=\"- Villahullu\" \/>\n<meta property=\"og:description\" content=\"Ihana pooloneule satulaolkap\u00e4\u00e4rakenteella!\" \/>\n<meta property=\"og:url\" content=\"https:\/\/villahullu.fi\/en\/product\/solapoolo\/\" \/>\n<meta property=\"og:site_name\" content=\"Villahullu\" \/>\n<meta property=\"article:publisher\" content=\"https:\/\/www.facebook.com\/villahullu\/\" \/>\n<meta property=\"article:modified_time\" content=\"2026-01-21T11:20:46+00:00\" \/>\n<meta property=\"og:image\" content=\"https:\/\/villahullu.fi\/wp-content\/uploads\/2025\/12\/Solapooloneule-803x1024.png\" \/>\n\t<meta property=\"og:image:width\" content=\"803\" \/>\n\t<meta property=\"og:image:height\" content=\"1024\" \/>\n\t<meta property=\"og:image:type\" content=\"image\/png\" \/>\n<meta name=\"twitter:card\" content=\"summary_large_image\" \/>\n<meta name=\"twitter:label1\" content=\"Est. reading time\" \/>\n\t<meta name=\"twitter:data1\" content=\"8 minutes\" \/>\n<script type=\"application\/ld+json\" class=\"yoast-schema-graph\">{\"@context\":\"https:\\\/\\\/schema.org\",\"@graph\":[{\"@type\":\"WebPage\",\"@id\":\"https:\\\/\\\/villahullu.fi\\\/en\\\/product\\\/solapoolo\\\/\",\"url\":\"https:\\\/\\\/villahullu.fi\\\/en\\\/product\\\/solapoolo\\\/\",\"name\":\"- Villahullu\",\"isPartOf\":{\"@id\":\"https:\\\/\\\/villahullu.fi\\\/en\\\/#website\"},\"primaryImageOfPage\":{\"@id\":\"https:\\\/\\\/villahullu.fi\\\/en\\\/product\\\/solapoolo\\\/#primaryimage\"},\"image\":{\"@id\":\"https:\\\/\\\/villahullu.fi\\\/en\\\/product\\\/solapoolo\\\/#primaryimage\"},\"thumbnailUrl\":\"https:\\\/\\\/villahullu.fi\\\/wp-content\\\/uploads\\\/2025\\\/12\\\/Solapooloneule.png\",\"datePublished\":\"2025-12-15T12:29:53+00:00\",\"dateModified\":\"2026-01-21T11:20:46+00:00\",\"description\":\"Ihana pooloneule satulaolkap\u00e4\u00e4rakenteella!\",\"breadcrumb\":{\"@id\":\"https:\\\/\\\/villahullu.fi\\\/en\\\/product\\\/solapoolo\\\/#breadcrumb\"},\"inLanguage\":\"en-US\",\"potentialAction\":[{\"@type\":\"ReadAction\",\"target\":[\"https:\\\/\\\/villahullu.fi\\\/en\\\/product\\\/solapoolo\\\/\"]}]},{\"@type\":\"ImageObject\",\"inLanguage\":\"en-US\",\"@id\":\"https:\\\/\\\/villahullu.fi\\\/en\\\/product\\\/solapoolo\\\/#primaryimage\",\"url\":\"https:\\\/\\\/villahullu.fi\\\/wp-content\\\/uploads\\\/2025\\\/12\\\/Solapooloneule.png\",\"contentUrl\":\"https:\\\/\\\/villahullu.fi\\\/wp-content\\\/uploads\\\/2025\\\/12\\\/Solapooloneule.png\",\"width\":1569,\"height\":2000},{\"@type\":\"BreadcrumbList\",\"@id\":\"https:\\\/\\\/villahullu.fi\\\/en\\\/product\\\/solapoolo\\\/#breadcrumb\",\"itemListElement\":[{\"@type\":\"ListItem\",\"position\":1,\"name\":\"Etusivu\",\"item\":\"https:\\\/\\\/villahullu.fi\\\/en\\\/\"},{\"@type\":\"ListItem\",\"position\":2,\"name\":\"Shop\",\"item\":\"https:\\\/\\\/villahullu.fi\\\/en\\\/shop\\\/\"},{\"@type\":\"ListItem\",\"position\":3,\"name\":\"Solapoolo ohje \\\/ pattern (FI, EN, DE, NO, SE, DK, FR, IT, PT, ES, PL)\"}]},{\"@type\":\"WebSite\",\"@id\":\"https:\\\/\\\/villahullu.fi\\\/en\\\/#website\",\"url\":\"https:\\\/\\\/villahullu.fi\\\/en\\\/\",\"name\":\"Villahullu\",\"description\":\"Villapaitoja ja neulontaohjeita\",\"publisher\":{\"@id\":\"https:\\\/\\\/villahullu.fi\\\/en\\\/#organization\"},\"potentialAction\":[{\"@type\":\"SearchAction\",\"target\":{\"@type\":\"EntryPoint\",\"urlTemplate\":\"https:\\\/\\\/villahullu.fi\\\/en\\\/?s={search_term_string}\"},\"query-input\":{\"@type\":\"PropertyValueSpecification\",\"valueRequired\":true,\"valueName\":\"search_term_string\"}}],\"inLanguage\":\"en-US\"},{\"@type\":\"Organization\",\"@id\":\"https:\\\/\\\/villahullu.fi\\\/en\\\/#organization\",\"name\":\"Villahullu\",\"url\":\"https:\\\/\\\/villahullu.fi\\\/en\\\/\",\"logo\":{\"@type\":\"ImageObject\",\"inLanguage\":\"en-US\",\"@id\":\"https:\\\/\\\/villahullu.fi\\\/en\\\/#\\\/schema\\\/logo\\\/image\\\/\",\"url\":\"https:\\\/\\\/villahullu.fi\\\/wp-content\\\/uploads\\\/2021\\\/06\\\/logo.png\",\"contentUrl\":\"https:\\\/\\\/villahullu.fi\\\/wp-content\\\/uploads\\\/2021\\\/06\\\/logo.png\",\"width\":374,\"height\":98,\"caption\":\"Villahullu\"},\"image\":{\"@id\":\"https:\\\/\\\/villahullu.fi\\\/en\\\/#\\\/schema\\\/logo\\\/image\\\/\"},\"sameAs\":[\"https:\\\/\\\/www.facebook.com\\\/villahullu\\\/\",\"https:\\\/\\\/www.instagram.com\\\/villahullu\\\/\"]}]}<\/script>\n<!-- \/ Yoast SEO plugin. -->","yoast_head_json":{"title":"- Villahullu","description":"Ihana pooloneule satulaolkap\u00e4\u00e4rakenteella!","robots":{"index":"index","follow":"follow","max-snippet":"max-snippet:-1","max-image-preview":"max-image-preview:large","max-video-preview":"max-video-preview:-1"},"canonical":"https:\/\/villahullu.fi\/en\/product\/solapoolo\/","og_locale":"en_US","og_type":"article","og_title":"- Villahullu","og_description":"Ihana pooloneule satulaolkap\u00e4\u00e4rakenteella!","og_url":"https:\/\/villahullu.fi\/en\/product\/solapoolo\/","og_site_name":"Villahullu","article_publisher":"https:\/\/www.facebook.com\/villahullu\/","article_modified_time":"2026-01-21T11:20:46+00:00","og_image":[{"width":803,"height":1024,"url":"https:\/\/villahullu.fi\/wp-content\/uploads\/2025\/12\/Solapooloneule-803x1024.png","type":"image\/png"}],"twitter_card":"summary_large_image","twitter_misc":{"Est. reading time":"8 minutes"},"schema":{"@context":"https:\/\/schema.org","@graph":[{"@type":"WebPage","@id":"https:\/\/villahullu.fi\/en\/product\/solapoolo\/","url":"https:\/\/villahullu.fi\/en\/product\/solapoolo\/","name":"- Villahullu","isPartOf":{"@id":"https:\/\/villahullu.fi\/en\/#website"},"primaryImageOfPage":{"@id":"https:\/\/villahullu.fi\/en\/product\/solapoolo\/#primaryimage"},"image":{"@id":"https:\/\/villahullu.fi\/en\/product\/solapoolo\/#primaryimage"},"thumbnailUrl":"https:\/\/villahullu.fi\/wp-content\/uploads\/2025\/12\/Solapooloneule.png","datePublished":"2025-12-15T12:29:53+00:00","dateModified":"2026-01-21T11:20:46+00:00","description":"Ihana pooloneule satulaolkap\u00e4\u00e4rakenteella!","breadcrumb":{"@id":"https:\/\/villahullu.fi\/en\/product\/solapoolo\/#breadcrumb"},"inLanguage":"en-US","potentialAction":[{"@type":"ReadAction","target":["https:\/\/villahullu.fi\/en\/product\/solapoolo\/"]}]},{"@type":"ImageObject","inLanguage":"en-US","@id":"https:\/\/villahullu.fi\/en\/product\/solapoolo\/#primaryimage","url":"https:\/\/villahullu.fi\/wp-content\/uploads\/2025\/12\/Solapooloneule.png","contentUrl":"https:\/\/villahullu.fi\/wp-content\/uploads\/2025\/12\/Solapooloneule.png","width":1569,"height":2000},{"@type":"BreadcrumbList","@id":"https:\/\/villahullu.fi\/en\/product\/solapoolo\/#breadcrumb","itemListElement":[{"@type":"ListItem","position":1,"name":"Etusivu","item":"https:\/\/villahullu.fi\/en\/"},{"@type":"ListItem","position":2,"name":"Shop","item":"https:\/\/villahullu.fi\/en\/shop\/"},{"@type":"ListItem","position":3,"name":"Solapoolo ohje \/ pattern (FI, EN, DE, NO, SE, DK, FR, IT, PT, ES, PL)"}]},{"@type":"WebSite","@id":"https:\/\/villahullu.fi\/en\/#website","url":"https:\/\/villahullu.fi\/en\/","name":"Villahullu","description":"Villapaitoja ja neulontaohjeita","publisher":{"@id":"https:\/\/villahullu.fi\/en\/#organization"},"potentialAction":[{"@type":"SearchAction","target":{"@type":"EntryPoint","urlTemplate":"https:\/\/villahullu.fi\/en\/?s={search_term_string}"},"query-input":{"@type":"PropertyValueSpecification","valueRequired":true,"valueName":"search_term_string"}}],"inLanguage":"en-US"},{"@type":"Organization","@id":"https:\/\/villahullu.fi\/en\/#organization","name":"Villahullu","url":"https:\/\/villahullu.fi\/en\/","logo":{"@type":"ImageObject","inLanguage":"en-US","@id":"https:\/\/villahullu.fi\/en\/#\/schema\/logo\/image\/","url":"https:\/\/villahullu.fi\/wp-content\/uploads\/2021\/06\/logo.png","contentUrl":"https:\/\/villahullu.fi\/wp-content\/uploads\/2021\/06\/logo.png","width":374,"height":98,"caption":"Villahullu"},"image":{"@id":"https:\/\/villahullu.fi\/en\/#\/schema\/logo\/image\/"},"sameAs":["https:\/\/www.facebook.com\/villahullu\/","https:\/\/www.instagram.com\/villahullu\/"]}]}},"jetpack_sharing_enabled":true,"_links":{"self":[{"href":"https:\/\/villahullu.fi\/en\/wp-json\/wp\/v2\/product\/22123","targetHints":{"allow":["GET"]}}],"collection":[{"href":"https:\/\/villahullu.fi\/en\/wp-json\/wp\/v2\/product"}],"about":[{"href":"https:\/\/villahullu.fi\/en\/wp-json\/wp\/v2\/types\/product"}],"replies":[{"embeddable":true,"href":"https:\/\/villahullu.fi\/en\/wp-json\/wp\/v2\/comments?post=22123"}],"wp:featuredmedia":[{"embeddable":true,"href":"https:\/\/villahullu.fi\/en\/wp-json\/wp\/v2\/media\/22124"}],"wp:attachment":[{"href":"https:\/\/villahullu.fi\/en\/wp-json\/wp\/v2\/media?parent=22123"}],"wp:term":[{"taxonomy":"product_brand","embeddable":true,"href":"https:\/\/villahullu.fi\/en\/wp-json\/wp\/v2\/product_brand?post=22123"},{"taxonomy":"product_cat","embeddable":true,"href":"https:\/\/villahullu.fi\/en\/wp-json\/wp\/v2\/product_cat?post=22123"},{"taxonomy":"product_tag","embeddable":true,"href":"https:\/\/villahullu.fi\/en\/wp-json\/wp\/v2\/product_tag?post=22123"}],"curies":[{"name":"wp","href":"https:\/\/api.w.org\/{rel}","templated":true}]}}