{"id":21964,"date":"2025-11-21T19:27:19","date_gmt":"2025-11-21T17:27:19","guid":{"rendered":"https:\/\/villahullu.fi\/?post_type=product&#038;p=21964"},"modified":"2025-11-21T19:49:34","modified_gmt":"2025-11-21T17:49:34","slug":"uulakauluri","status":"publish","type":"product","link":"https:\/\/villahullu.fi\/en\/product\/uulakauluri\/","title":{"rendered":"Uulakauluri ohje \/ pattern (FI, EN)"},"content":{"rendered":"<p><img loading=\"lazy\" decoding=\"async\" class=\"alignnone size-medium wp-image-21965\" src=\"https:\/\/villahullu.fi\/wp-content\/uploads\/2025\/11\/20251104_105645-225x300.jpg\" alt=\"\" width=\"225\" height=\"300\" \/><\/p>\n<p><strong><em>Saat automaattisesti tilausvahvistuksen s\u00e4hk\u00f6postiisi heti maksusuorituksen j\u00e4lkeen. L\u00f6yd\u00e4t latauslinkin ohjeeseen tilausvahvistuksesta kohdasta miss\u00e4 lukee \u2019Lataa\u2019. Tilausvahvistus saattaa menn\u00e4 roskapostikansioon.<\/em><\/strong><strong><em>Ohjeen toimitus tapahtuu ainoastaan s\u00e4hk\u00f6isesti, eik\u00e4 sit\u00e4 l\u00e4hetet\u00e4 erikseen postitse. On suositeltavaa, ett\u00e4 ohje tallennetaan heti omalle laitteelle. S\u00e4ilyt\u00e4 latauslinkki mahdollisia ohjeeseen my\u00f6hemmin tulevia p\u00e4ivityksi\u00e4 varten.<\/em><\/strong><\/p>\n<p><strong><em>You will automatically receive an order confirmation by email immediately after the payment has been completed. You can find the download link for the pattern in the order confirmation, under the section that says \u2018Download\u2019. Please note that the confirmation email may end up in your spam folder.<\/em><\/strong><strong><em>The pattern is delivered digitally only and will not be sent separately by post. It is recommended to save the pattern to your device right away. Please keep the download link for any future updates to the pattern.<\/em><\/strong><\/p>\n<p><strong>Koot XS<\/strong>(32\/34)<strong> S<\/strong>(36\/38)<strong> M<\/strong>(40\/42)<\/p>\n<p>Kauluksen ymp\u00e4rys<\/p>\n<p>(XS)32 (S)35 (M)38 cm<\/p>\n<p>Etu- ja takakappaleen leveys<\/p>\n<p>(XS)26 (S)29,5 (M)33 cm<\/p>\n<p>Takakappaleen korkeus (p\u00e4\u00e4ntien alareunasta mitattuna)<\/p>\n<p>(XS)27 (S)28 (M)29 cm (tai haluttu)<\/p>\n<p>Etukappaleen korkeus (p\u00e4\u00e4ntien alareunasta mitattuna)<\/p>\n<p>(XS)20 (S)21 (M)22 cm (tai haluttu)<\/p>\n<p><strong>Lanka<\/strong><\/p>\n<p>Sandnes Garn Double Sunday 50 g \/ 108 m<\/p>\n<p>(XS)200 (S)200 (M)250 g<\/p>\n<p><strong>Neuletiheys <\/strong><\/p>\n<p>10\u00d710 cm: 22 silmukkaa ja 40 krs puolipatenttineuletta<\/p>\n<p>Huomioi, ett\u00e4 kerroksia laskettaessa yksi n\u00e4kyv\u00e4 oikea silmukka lasketaan kahdeksi kerrokseksi puolipatenttineuleessa.<\/p>\n<p>10\u00d710 cm: 32 silmukkaa ja 28 krs 1o, 1n joustinneuletta<\/p>\n<p>Vinkki: Neulo mallitilkku ja viimeistele se kuten valmis neule tullaan viimeistelem\u00e4\u00e4n.<\/p>\n<p>Mik\u00e4li saat liikaa silmukoita per 10 cm, vaihda paksumpiin puikkoihin. Ja jos liian v\u00e4h\u00e4n, vaihda ohuempiin puikkoihin.<\/p>\n<p><strong>Puikot<\/strong><\/p>\n<p>Py\u00f6r\u00f6puikko 4,5 mm (tai k\u00e4sialan mukaan) 40 ja 80 cm<\/p>\n<p><strong>Tarvitset <\/strong><\/p>\n<p>Silmukkamerkin, kanavaneulan ja pari noin 40 cm pituista langanp\u00e4tk\u00e4\u00e4 silmukoiden pidikkeeksi. Virkkuukoukku voi olla avuksi silmukoiden poimimisessa.<\/p>\n<p><strong>Ty\u00f6ohje<\/strong><\/p>\n<p>Ty\u00f6 neulotaan ylh\u00e4\u00e4lt\u00e4 alas. Ensin luodaan poolokauluksen silmukat italialaisella aloituksella. Poolokaulus neulotaan suljettuna neuleena. Takakappale jatkuu kaulukselta tasona ja samalla lis\u00e4t\u00e4\u00e4n olkiin silmukoita. Takakappaleen olkasaumasta poimitaan neuloen silmukat molempaa olkaa varten. Alussa neulotaan lyhennettyj\u00e4 kerroksia ja olat yhdistet\u00e4\u00e4n poolokaulukseen neulomalla. Ty\u00f6n edetess\u00e4 olat yhdistyv\u00e4t etukappaleeksi.<\/p>\n<h2><strong>English<\/strong><\/h2>\n<p><strong>Sizes<\/strong><\/p>\n<p><strong>XS<\/strong> (32\/34), <strong>S<\/strong> (36\/38), <strong>M<\/strong> (40\/42)<\/p>\n<p>Neckline circumference<\/p>\n<p>(XS) 32 (S) 35 (M) 38 cm<\/p>\n<p>Front and back width<\/p>\n<p>(XS) 26 (S) 29.5 (M) 33 cm<\/p>\n<p>Back piece height (measured from the lower edge of the neckline)<\/p>\n<p>(XS) 27 (S) 28 (M) 29 cm (or as desired)<\/p>\n<p>Front piece height (measured from the lower edge of the neckline)<\/p>\n<p>(XS) 20 (S) 21 (M) 22 cm (or as desired)<\/p>\n<p><strong>Yarn<\/strong><\/p>\n<p>Sandnes Garn Double Sunday 50 g \/ 108 m<\/p>\n<p>(XS) 200 (S) 200 (M) 250 g<\/p>\n<p><strong>Gauge<\/strong><\/p>\n<p>10\u00d710 cm: 22 sts and 40 rows in half fisherman\u2019s rib stitch.<\/p>\n<p>Note: When counting rows, one visible knit stitch counts as two rows in half fisherman\u2019s rib.<\/p>\n<p>10\u00d710 cm: 32 sts and 28 rows in 1&#215;1 rib.<\/p>\n<p>Tip: Knit a swatch and finish it the same way the final garment will be finished.<\/p>\n<p>If you get too many stitches per 10 cm, switch to thicker needles; if too few, switch to thinner needles.<\/p>\n<p><strong>Needles<\/strong><\/p>\n<p>4.5 mm circular needle (or size needed to obtain gauge) in 40 and 80 cm lengths.<\/p>\n<p><strong>You will need<\/strong><\/p>\n<p>A stitch marker, a tapestry needle, and a couple of strands of yarn approx. 40 cm long for holding stitches. A crochet hook may help when picking up stitches.<\/p>\n<p><strong>Instructions<\/strong><\/p>\n<p>The piece is knitted from top to bottom. First, cast on stitches for the turtleneck using an Italian tubular cast-on. The collar is knitted in the round. The back continues from the collar worked flat, while stitches are increased for the shoulders. Stitches are picked up along the back shoulder seam for each shoulder. Short rows are worked, and the shoulders are joined to the turtleneck by knitting. As you continue, the shoulders join to form the front.<\/p>\n","protected":false},"excerpt":{"rendered":"<p>Saat automaattisesti tilausvahvistuksen s\u00e4hk\u00f6postiisi heti maksusuorituksen j\u00e4lkeen. L\u00f6yd\u00e4t latauslinkin ohjeeseen tilausvahvistuksesta kohdasta miss\u00e4 lukee \u2019Lataa\u2019. Tilausvahvistus saattaa menn\u00e4 roskapostikansioon.Ohjeen toimitus tapahtuu ainoastaan s\u00e4hk\u00f6isesti, eik\u00e4 sit\u00e4 l\u00e4hetet\u00e4 erikseen postitse. On suositeltavaa, ett\u00e4 ohje tallennetaan heti omalle laitteelle. S\u00e4ilyt\u00e4 latauslinkki mahdollisia ohjeeseen my\u00f6hemmin tulevia p\u00e4ivityksi\u00e4 varten. You will automatically receive an order confirmation by email immediately after [&hellip;]<\/p>\n","protected":false},"featured_media":21967,"comment_status":"closed","ping_status":"closed","template":"","meta":{"_et_pb_use_builder":"","_et_pb_old_content":"","_et_gb_content_width":""},"product_brand":[],"product_cat":[22],"product_tag":[],"class_list":{"0":"post-21964","1":"product","2":"type-product","3":"status-publish","4":"has-post-thumbnail","6":"product_cat-neuleohjeet","7":"product_shipping_class-pdf","9":"first","10":"instock","11":"downloadable","12":"taxable","13":"shipping-taxable","14":"purchasable","15":"product-type-simple"},"yoast_head":"<!-- This site is optimized with the Yoast SEO plugin v27.4 - https:\/\/yoast.com\/product\/yoast-seo-wordpress\/ -->\n<title>- Villahullu<\/title>\n<meta name=\"description\" content=\"Superpehme\u00e4 raitatakki p\u00f6rr\u00f6isest\u00e4 boucle langasta.\" \/>\n<meta name=\"robots\" content=\"index, follow, max-snippet:-1, max-image-preview:large, max-video-preview:-1\" \/>\n<link rel=\"canonical\" href=\"https:\/\/villahullu.fi\/en\/product\/uulakauluri\/\" \/>\n<meta property=\"og:locale\" content=\"en_US\" \/>\n<meta property=\"og:type\" content=\"article\" \/>\n<meta property=\"og:title\" content=\"- Villahullu\" \/>\n<meta property=\"og:description\" content=\"Superpehme\u00e4 raitatakki p\u00f6rr\u00f6isest\u00e4 boucle langasta.\" \/>\n<meta property=\"og:url\" content=\"https:\/\/villahullu.fi\/en\/product\/uulakauluri\/\" \/>\n<meta property=\"og:site_name\" content=\"Villahullu\" \/>\n<meta property=\"article:publisher\" content=\"https:\/\/www.facebook.com\/villahullu\/\" \/>\n<meta property=\"article:modified_time\" content=\"2025-11-21T17:49:34+00:00\" \/>\n<meta property=\"og:image\" content=\"https:\/\/villahullu.fi\/wp-content\/uploads\/2025\/11\/Uulakauluri-pdf-kansi-803x1024.png\" \/>\n\t<meta property=\"og:image:width\" content=\"803\" \/>\n\t<meta property=\"og:image:height\" content=\"1024\" \/>\n\t<meta property=\"og:image:type\" content=\"image\/png\" \/>\n<meta name=\"twitter:card\" content=\"summary_large_image\" \/>\n<meta name=\"twitter:label1\" content=\"Est. reading time\" \/>\n\t<meta name=\"twitter:data1\" content=\"5 minutes\" \/>\n<script type=\"application\/ld+json\" class=\"yoast-schema-graph\">{\"@context\":\"https:\\\/\\\/schema.org\",\"@graph\":[{\"@type\":\"WebPage\",\"@id\":\"https:\\\/\\\/villahullu.fi\\\/en\\\/product\\\/uulakauluri\\\/\",\"url\":\"https:\\\/\\\/villahullu.fi\\\/en\\\/product\\\/uulakauluri\\\/\",\"name\":\"- Villahullu\",\"isPartOf\":{\"@id\":\"https:\\\/\\\/villahullu.fi\\\/en\\\/#website\"},\"primaryImageOfPage\":{\"@id\":\"https:\\\/\\\/villahullu.fi\\\/en\\\/product\\\/uulakauluri\\\/#primaryimage\"},\"image\":{\"@id\":\"https:\\\/\\\/villahullu.fi\\\/en\\\/product\\\/uulakauluri\\\/#primaryimage\"},\"thumbnailUrl\":\"https:\\\/\\\/villahullu.fi\\\/wp-content\\\/uploads\\\/2025\\\/11\\\/Uulakauluri-pdf-kansi.png\",\"datePublished\":\"2025-11-21T17:27:19+00:00\",\"dateModified\":\"2025-11-21T17:49:34+00:00\",\"description\":\"Superpehme\u00e4 raitatakki p\u00f6rr\u00f6isest\u00e4 boucle langasta.\",\"breadcrumb\":{\"@id\":\"https:\\\/\\\/villahullu.fi\\\/en\\\/product\\\/uulakauluri\\\/#breadcrumb\"},\"inLanguage\":\"en-US\",\"potentialAction\":[{\"@type\":\"ReadAction\",\"target\":[\"https:\\\/\\\/villahullu.fi\\\/en\\\/product\\\/uulakauluri\\\/\"]}]},{\"@type\":\"ImageObject\",\"inLanguage\":\"en-US\",\"@id\":\"https:\\\/\\\/villahullu.fi\\\/en\\\/product\\\/uulakauluri\\\/#primaryimage\",\"url\":\"https:\\\/\\\/villahullu.fi\\\/wp-content\\\/uploads\\\/2025\\\/11\\\/Uulakauluri-pdf-kansi.png\",\"contentUrl\":\"https:\\\/\\\/villahullu.fi\\\/wp-content\\\/uploads\\\/2025\\\/11\\\/Uulakauluri-pdf-kansi.png\",\"width\":1569,\"height\":2000},{\"@type\":\"BreadcrumbList\",\"@id\":\"https:\\\/\\\/villahullu.fi\\\/en\\\/product\\\/uulakauluri\\\/#breadcrumb\",\"itemListElement\":[{\"@type\":\"ListItem\",\"position\":1,\"name\":\"Etusivu\",\"item\":\"https:\\\/\\\/villahullu.fi\\\/en\\\/\"},{\"@type\":\"ListItem\",\"position\":2,\"name\":\"Shop\",\"item\":\"https:\\\/\\\/villahullu.fi\\\/en\\\/shop\\\/\"},{\"@type\":\"ListItem\",\"position\":3,\"name\":\"Uulakauluri ohje \\\/ pattern (FI, EN)\"}]},{\"@type\":\"WebSite\",\"@id\":\"https:\\\/\\\/villahullu.fi\\\/en\\\/#website\",\"url\":\"https:\\\/\\\/villahullu.fi\\\/en\\\/\",\"name\":\"Villahullu\",\"description\":\"Villapaitoja ja neulontaohjeita\",\"publisher\":{\"@id\":\"https:\\\/\\\/villahullu.fi\\\/en\\\/#organization\"},\"potentialAction\":[{\"@type\":\"SearchAction\",\"target\":{\"@type\":\"EntryPoint\",\"urlTemplate\":\"https:\\\/\\\/villahullu.fi\\\/en\\\/?s={search_term_string}\"},\"query-input\":{\"@type\":\"PropertyValueSpecification\",\"valueRequired\":true,\"valueName\":\"search_term_string\"}}],\"inLanguage\":\"en-US\"},{\"@type\":\"Organization\",\"@id\":\"https:\\\/\\\/villahullu.fi\\\/en\\\/#organization\",\"name\":\"Villahullu\",\"url\":\"https:\\\/\\\/villahullu.fi\\\/en\\\/\",\"logo\":{\"@type\":\"ImageObject\",\"inLanguage\":\"en-US\",\"@id\":\"https:\\\/\\\/villahullu.fi\\\/en\\\/#\\\/schema\\\/logo\\\/image\\\/\",\"url\":\"https:\\\/\\\/villahullu.fi\\\/wp-content\\\/uploads\\\/2021\\\/06\\\/logo.png\",\"contentUrl\":\"https:\\\/\\\/villahullu.fi\\\/wp-content\\\/uploads\\\/2021\\\/06\\\/logo.png\",\"width\":374,\"height\":98,\"caption\":\"Villahullu\"},\"image\":{\"@id\":\"https:\\\/\\\/villahullu.fi\\\/en\\\/#\\\/schema\\\/logo\\\/image\\\/\"},\"sameAs\":[\"https:\\\/\\\/www.facebook.com\\\/villahullu\\\/\",\"https:\\\/\\\/www.instagram.com\\\/villahullu\\\/\"]}]}<\/script>\n<!-- \/ Yoast SEO plugin. -->","yoast_head_json":{"title":"- Villahullu","description":"Superpehme\u00e4 raitatakki p\u00f6rr\u00f6isest\u00e4 boucle langasta.","robots":{"index":"index","follow":"follow","max-snippet":"max-snippet:-1","max-image-preview":"max-image-preview:large","max-video-preview":"max-video-preview:-1"},"canonical":"https:\/\/villahullu.fi\/en\/product\/uulakauluri\/","og_locale":"en_US","og_type":"article","og_title":"- Villahullu","og_description":"Superpehme\u00e4 raitatakki p\u00f6rr\u00f6isest\u00e4 boucle langasta.","og_url":"https:\/\/villahullu.fi\/en\/product\/uulakauluri\/","og_site_name":"Villahullu","article_publisher":"https:\/\/www.facebook.com\/villahullu\/","article_modified_time":"2025-11-21T17:49:34+00:00","og_image":[{"width":803,"height":1024,"url":"https:\/\/villahullu.fi\/wp-content\/uploads\/2025\/11\/Uulakauluri-pdf-kansi-803x1024.png","type":"image\/png"}],"twitter_card":"summary_large_image","twitter_misc":{"Est. reading time":"5 minutes"},"schema":{"@context":"https:\/\/schema.org","@graph":[{"@type":"WebPage","@id":"https:\/\/villahullu.fi\/en\/product\/uulakauluri\/","url":"https:\/\/villahullu.fi\/en\/product\/uulakauluri\/","name":"- Villahullu","isPartOf":{"@id":"https:\/\/villahullu.fi\/en\/#website"},"primaryImageOfPage":{"@id":"https:\/\/villahullu.fi\/en\/product\/uulakauluri\/#primaryimage"},"image":{"@id":"https:\/\/villahullu.fi\/en\/product\/uulakauluri\/#primaryimage"},"thumbnailUrl":"https:\/\/villahullu.fi\/wp-content\/uploads\/2025\/11\/Uulakauluri-pdf-kansi.png","datePublished":"2025-11-21T17:27:19+00:00","dateModified":"2025-11-21T17:49:34+00:00","description":"Superpehme\u00e4 raitatakki p\u00f6rr\u00f6isest\u00e4 boucle langasta.","breadcrumb":{"@id":"https:\/\/villahullu.fi\/en\/product\/uulakauluri\/#breadcrumb"},"inLanguage":"en-US","potentialAction":[{"@type":"ReadAction","target":["https:\/\/villahullu.fi\/en\/product\/uulakauluri\/"]}]},{"@type":"ImageObject","inLanguage":"en-US","@id":"https:\/\/villahullu.fi\/en\/product\/uulakauluri\/#primaryimage","url":"https:\/\/villahullu.fi\/wp-content\/uploads\/2025\/11\/Uulakauluri-pdf-kansi.png","contentUrl":"https:\/\/villahullu.fi\/wp-content\/uploads\/2025\/11\/Uulakauluri-pdf-kansi.png","width":1569,"height":2000},{"@type":"BreadcrumbList","@id":"https:\/\/villahullu.fi\/en\/product\/uulakauluri\/#breadcrumb","itemListElement":[{"@type":"ListItem","position":1,"name":"Etusivu","item":"https:\/\/villahullu.fi\/en\/"},{"@type":"ListItem","position":2,"name":"Shop","item":"https:\/\/villahullu.fi\/en\/shop\/"},{"@type":"ListItem","position":3,"name":"Uulakauluri ohje \/ pattern (FI, EN)"}]},{"@type":"WebSite","@id":"https:\/\/villahullu.fi\/en\/#website","url":"https:\/\/villahullu.fi\/en\/","name":"Villahullu","description":"Villapaitoja ja neulontaohjeita","publisher":{"@id":"https:\/\/villahullu.fi\/en\/#organization"},"potentialAction":[{"@type":"SearchAction","target":{"@type":"EntryPoint","urlTemplate":"https:\/\/villahullu.fi\/en\/?s={search_term_string}"},"query-input":{"@type":"PropertyValueSpecification","valueRequired":true,"valueName":"search_term_string"}}],"inLanguage":"en-US"},{"@type":"Organization","@id":"https:\/\/villahullu.fi\/en\/#organization","name":"Villahullu","url":"https:\/\/villahullu.fi\/en\/","logo":{"@type":"ImageObject","inLanguage":"en-US","@id":"https:\/\/villahullu.fi\/en\/#\/schema\/logo\/image\/","url":"https:\/\/villahullu.fi\/wp-content\/uploads\/2021\/06\/logo.png","contentUrl":"https:\/\/villahullu.fi\/wp-content\/uploads\/2021\/06\/logo.png","width":374,"height":98,"caption":"Villahullu"},"image":{"@id":"https:\/\/villahullu.fi\/en\/#\/schema\/logo\/image\/"},"sameAs":["https:\/\/www.facebook.com\/villahullu\/","https:\/\/www.instagram.com\/villahullu\/"]}]}},"jetpack_sharing_enabled":true,"_links":{"self":[{"href":"https:\/\/villahullu.fi\/en\/wp-json\/wp\/v2\/product\/21964","targetHints":{"allow":["GET"]}}],"collection":[{"href":"https:\/\/villahullu.fi\/en\/wp-json\/wp\/v2\/product"}],"about":[{"href":"https:\/\/villahullu.fi\/en\/wp-json\/wp\/v2\/types\/product"}],"replies":[{"embeddable":true,"href":"https:\/\/villahullu.fi\/en\/wp-json\/wp\/v2\/comments?post=21964"}],"wp:featuredmedia":[{"embeddable":true,"href":"https:\/\/villahullu.fi\/en\/wp-json\/wp\/v2\/media\/21967"}],"wp:attachment":[{"href":"https:\/\/villahullu.fi\/en\/wp-json\/wp\/v2\/media?parent=21964"}],"wp:term":[{"taxonomy":"product_brand","embeddable":true,"href":"https:\/\/villahullu.fi\/en\/wp-json\/wp\/v2\/product_brand?post=21964"},{"taxonomy":"product_cat","embeddable":true,"href":"https:\/\/villahullu.fi\/en\/wp-json\/wp\/v2\/product_cat?post=21964"},{"taxonomy":"product_tag","embeddable":true,"href":"https:\/\/villahullu.fi\/en\/wp-json\/wp\/v2\/product_tag?post=21964"}],"curies":[{"name":"wp","href":"https:\/\/api.w.org\/{rel}","templated":true}]}}