{"id":21808,"date":"2025-11-09T08:30:58","date_gmt":"2025-11-09T06:30:58","guid":{"rendered":"https:\/\/villahullu.fi\/?post_type=product&#038;p=21808"},"modified":"2025-11-09T08:51:18","modified_gmt":"2025-11-09T06:51:18","slug":"tonttupipo","status":"publish","type":"product","link":"https:\/\/villahullu.fi\/en\/product\/tonttupipo\/","title":{"rendered":"Tonttupio ohje \/ pattern (FI, EN)"},"content":{"rendered":"<p><strong><em>Saat automaattisesti tilausvahvistuksen s\u00e4hk\u00f6postiisi heti maksusuorituksen j\u00e4lkeen. L\u00f6yd\u00e4t latauslinkin ohjeeseen tilausvahvistuksesta kohdasta miss\u00e4 lukee \u2019Lataa\u2019. Tilausvahvistus saattaa menn\u00e4 roskapostikansioon.<\/em><\/strong><strong><em>Ohjeen toimitus tapahtuu ainoastaan s\u00e4hk\u00f6isesti, eik\u00e4 sit\u00e4 l\u00e4hetet\u00e4 erikseen postitse. On suositeltavaa, ett\u00e4 ohje tallennetaan heti omalle laitteelle. S\u00e4ilyt\u00e4 latauslinkki mahdollisia ohjeeseen my\u00f6hemmin tulevia p\u00e4ivityksi\u00e4 varten.<\/em><\/strong><\/p>\n<p><strong><em>You will automatically receive an order confirmation by email immediately after the payment has been completed. You can find the download link for the pattern in the order confirmation, under the section that says \u2018Download\u2019. Please note that the confirmation email may end up in your spam folder.<\/em><\/strong><strong><em>The pattern is delivered digitally only and will not be sent separately by post. It is recommended to save the pattern to your device right away. Please keep the download link for any future updates to the pattern.<\/em><\/strong><\/p>\n<p><strong>Koot 2-100 v<\/strong><\/p>\n<p><strong>P\u00e4\u00e4n ymp\u00e4rys<\/strong><\/p>\n<p><strong>A <\/strong>48\/50 cm (noin 2-3 v)<\/p>\n<p><strong>B <\/strong>50\/52 cm (noin 4-5 v)<\/p>\n<p><strong>C <\/strong>52\/54 cm (noin 6-9 v)<\/p>\n<p><strong>D <\/strong>54\/56 cm (nuori\/aikuinen S)<\/p>\n<p><strong>E <\/strong>56\/58 cm (aikuinen M)<\/p>\n<p><strong>F <\/strong>58\/60 cm (aikuinen L)<\/p>\n<p><strong>G <\/strong>60\/62 cm (aikuinen XL)<\/p>\n<p><strong>Valmiin ty\u00f6n mitat<\/strong><\/p>\n<p>Reunan ymp\u00e4rysmitta<\/p>\n<p>(A)40 (B)41 (C)42 (D)44 (E)46 (F)48 (G)50 cm<\/p>\n<p>P\u00e4\u00e4n ymp\u00e4rysmitta<\/p>\n<p>(A)44 (B)46 (C)47 (D)48 (E)49 (F)51 (G)52 cm<\/p>\n<p>Ty\u00f6n korkeus (ilman tupsua)<\/p>\n<p>(A)54 (B-C)58 (D-F)64 (G)68 cm<\/p>\n<p><strong>Langan menekki<\/strong><\/p>\n<p>Garnstudio Drops Nepal 50 g \/ 75 m<\/p>\n<p>V\u00e4ri 0100 valkoinen: (A-E)1 (F-G)2 kpl<\/p>\n<p>Garnstudio Drops Nepal 50 g \/ 75 m<\/p>\n<p>V\u00e4ri 3608 punainen: (A-D)2 (E-G)3 kpl<\/p>\n<p><strong>Puikot <\/strong><\/p>\n<p>Py\u00f6r\u00f6puikko 4 ja 5 mm 40 cm (tai k\u00e4sialan mukaan)<\/p>\n<p>Sukkapuikot 5 mm (tai k\u00e4sialan mukaan)<\/p>\n<p>Koko ty\u00f6n voi neuloa my\u00f6s sukkapuikoilla 4 ja 5 mm.<\/p>\n<p><strong>Tarvitset<\/strong><\/p>\n<p>6 kpl silmukkamerkkej\u00e4, neulan, tupsukehikon\/vahvaa kartonkia tupsun tekemiseen.<\/p>\n<p><strong>Neuletiheys <\/strong><\/p>\n<p>10 x 10 cm: 17 silmukkaa ja 22 krs sile\u00e4\u00e4 neuletta<\/p>\n<p>10 x 10 cm: 20 silmukkaa (pienemm\u00e4ll\u00e4 puikolla neulottu reuna)<\/p>\n<p>Vinkki: Neulo mallitilkku ja viimeistele se kuten valmis neule tullaan viimeistelem\u00e4\u00e4n. Mik\u00e4li saat liikaa silmukoita per 10 cm, vaihda paksumpiin puikkoihin. Jos saat liian v\u00e4h\u00e4n silmukoita per 10 cm, vaihda ohuempiin puikkoihin.<\/p>\n<p><strong>Ty\u00f6ohje<\/strong><\/p>\n<p>Ty\u00f6 neulotaan alhaalta yl\u00f6s suljettuna neuleena sukkapuikoilla ja\/tai py\u00f6r\u00f6puikolla. Lopuksi tehd\u00e4\u00e4n tupsu, joka kiinnitet\u00e4\u00e4n ty\u00f6h\u00f6n.<\/p>\n<h2><strong>English<\/strong><\/h2>\n<p><strong>Sizes 2\u2013100 years<\/strong><\/p>\n<p><strong>Head circumference:<\/strong><br \/>\n<strong>A:<\/strong> 48\/50 cm (approx. 2\u20133 years)<br \/>\n<strong>B:<\/strong> 50\/52 cm (approx. 4\u20135 years)<br \/>\n<strong>C:<\/strong> 52\/54 cm (approx. 6\u20139 years)<br \/>\n<strong>D:<\/strong> 54\/56 cm (teen\/adult small)<br \/>\n<strong>E:<\/strong> 56\/58 cm (adult medium)<br \/>\n<strong>F:<\/strong> 58\/60 cm (adult large)<br \/>\n<strong>G:<\/strong> 60\/62 cm (adult XL)<\/p>\n<p><strong>Finished measurements<\/strong><br \/>\nBrim circumference:<br \/>\n(A)40 (B)41 (C)42 (D)44 (E)46 (F)48 (G)50 cm<\/p>\n<p>Head circumference:<br \/>\n(A)44 (B)46 (C)47 (D)48 (E)49 (F)51 (G)52 cm<\/p>\n<p>Height (without pompom):<br \/>\n(A)54 (B-C)58 (D-F)64 (G)68 cm<\/p>\n<p><strong>Yarn requirements<\/strong><br \/>\nGarnstudio Drops Nepal (50 g \/ 75 m)<br \/>\nColor 0100 White: (A\u2013E) 1 skein\u00a0 (F\u2013G) 2 skeins<br \/>\nColor 3608 Red: (A\u2013D) 2 skeins\u00a0 (E\u2013G) 3 skeins<\/p>\n<p><strong>Needles<\/strong><br \/>\nCircular needle 4 mm and 5 mm (40 cm) or size needed to obtain gauge<br \/>\nDouble-pointed needles 5 mm (or size needed to obtain gauge)<\/p>\n<p><strong>You will also need<br \/>\n<\/strong>6 stitch markers, tapestry needle, pompom maker (or sturdy cardboard).<\/p>\n<p><strong>Gauge<\/strong><br \/>\nStockinette stitch: 17 sts and 22 rows = 10 \u00d7 10 cm<br \/>\nBrim (smaller needle): 20 sts = 10 cm<\/p>\n<p>Tip: Knit a swatch and finish it as you will the hat. If you get too many stitches per 10 cm, use larger needles. If too few, use smaller needles.<\/p>\n<p><strong>Instructions<\/strong><br \/>\nThe hat is knitted in the round from bottom to top. Finish by attaching a pompom<\/p>\n","protected":false},"excerpt":{"rendered":"<p>Saat automaattisesti tilausvahvistuksen s\u00e4hk\u00f6postiisi heti maksusuorituksen j\u00e4lkeen. L\u00f6yd\u00e4t latauslinkin ohjeeseen tilausvahvistuksesta kohdasta miss\u00e4 lukee \u2019Lataa\u2019. Tilausvahvistus saattaa menn\u00e4 roskapostikansioon.Ohjeen toimitus tapahtuu ainoastaan s\u00e4hk\u00f6isesti, eik\u00e4 sit\u00e4 l\u00e4hetet\u00e4 erikseen postitse. On suositeltavaa, ett\u00e4 ohje tallennetaan heti omalle laitteelle. S\u00e4ilyt\u00e4 latauslinkki mahdollisia ohjeeseen my\u00f6hemmin tulevia p\u00e4ivityksi\u00e4 varten. You will automatically receive an order confirmation by email immediately after [&hellip;]<\/p>\n","protected":false},"featured_media":21809,"comment_status":"closed","ping_status":"closed","template":"","meta":{"_et_pb_use_builder":"","_et_pb_old_content":"","_et_gb_content_width":""},"product_brand":[],"product_cat":[22],"product_tag":[],"class_list":{"0":"post-21808","1":"product","2":"type-product","3":"status-publish","4":"has-post-thumbnail","6":"product_cat-neuleohjeet","7":"product_shipping_class-pdf","9":"first","10":"instock","11":"downloadable","12":"taxable","13":"shipping-taxable","14":"purchasable","15":"product-type-simple"},"yoast_head":"<!-- This site is optimized with the Yoast SEO plugin v27.4 - https:\/\/yoast.com\/product\/yoast-seo-wordpress\/ -->\n<title>- Villahullu<\/title>\n<meta name=\"description\" content=\"Superpehme\u00e4 raitatakki p\u00f6rr\u00f6isest\u00e4 boucle langasta.\" \/>\n<meta name=\"robots\" content=\"index, follow, max-snippet:-1, max-image-preview:large, max-video-preview:-1\" \/>\n<link rel=\"canonical\" href=\"https:\/\/villahullu.fi\/en\/product\/tonttupipo\/\" \/>\n<meta property=\"og:locale\" content=\"en_US\" \/>\n<meta property=\"og:type\" content=\"article\" \/>\n<meta property=\"og:title\" content=\"- Villahullu\" \/>\n<meta property=\"og:description\" content=\"Superpehme\u00e4 raitatakki p\u00f6rr\u00f6isest\u00e4 boucle langasta.\" \/>\n<meta property=\"og:url\" content=\"https:\/\/villahullu.fi\/en\/product\/tonttupipo\/\" \/>\n<meta property=\"og:site_name\" content=\"Villahullu\" \/>\n<meta property=\"article:publisher\" content=\"https:\/\/www.facebook.com\/villahullu\/\" \/>\n<meta property=\"article:modified_time\" content=\"2025-11-09T06:51:18+00:00\" \/>\n<meta property=\"og:image\" content=\"https:\/\/villahullu.fi\/wp-content\/uploads\/2025\/11\/Tonttupipo-pdf-kansi-803x1024.png\" \/>\n\t<meta property=\"og:image:width\" content=\"803\" \/>\n\t<meta property=\"og:image:height\" content=\"1024\" \/>\n\t<meta property=\"og:image:type\" content=\"image\/png\" \/>\n<meta name=\"twitter:card\" content=\"summary_large_image\" \/>\n<meta name=\"twitter:label1\" content=\"Est. reading time\" \/>\n\t<meta name=\"twitter:data1\" content=\"4 minutes\" \/>\n<script type=\"application\/ld+json\" class=\"yoast-schema-graph\">{\"@context\":\"https:\\\/\\\/schema.org\",\"@graph\":[{\"@type\":\"WebPage\",\"@id\":\"https:\\\/\\\/villahullu.fi\\\/en\\\/product\\\/tonttupipo\\\/\",\"url\":\"https:\\\/\\\/villahullu.fi\\\/en\\\/product\\\/tonttupipo\\\/\",\"name\":\"- Villahullu\",\"isPartOf\":{\"@id\":\"https:\\\/\\\/villahullu.fi\\\/en\\\/#website\"},\"primaryImageOfPage\":{\"@id\":\"https:\\\/\\\/villahullu.fi\\\/en\\\/product\\\/tonttupipo\\\/#primaryimage\"},\"image\":{\"@id\":\"https:\\\/\\\/villahullu.fi\\\/en\\\/product\\\/tonttupipo\\\/#primaryimage\"},\"thumbnailUrl\":\"https:\\\/\\\/villahullu.fi\\\/wp-content\\\/uploads\\\/2025\\\/11\\\/Tonttupipo-pdf-kansi.png\",\"datePublished\":\"2025-11-09T06:30:58+00:00\",\"dateModified\":\"2025-11-09T06:51:18+00:00\",\"description\":\"Superpehme\u00e4 raitatakki p\u00f6rr\u00f6isest\u00e4 boucle langasta.\",\"breadcrumb\":{\"@id\":\"https:\\\/\\\/villahullu.fi\\\/en\\\/product\\\/tonttupipo\\\/#breadcrumb\"},\"inLanguage\":\"en-US\",\"potentialAction\":[{\"@type\":\"ReadAction\",\"target\":[\"https:\\\/\\\/villahullu.fi\\\/en\\\/product\\\/tonttupipo\\\/\"]}]},{\"@type\":\"ImageObject\",\"inLanguage\":\"en-US\",\"@id\":\"https:\\\/\\\/villahullu.fi\\\/en\\\/product\\\/tonttupipo\\\/#primaryimage\",\"url\":\"https:\\\/\\\/villahullu.fi\\\/wp-content\\\/uploads\\\/2025\\\/11\\\/Tonttupipo-pdf-kansi.png\",\"contentUrl\":\"https:\\\/\\\/villahullu.fi\\\/wp-content\\\/uploads\\\/2025\\\/11\\\/Tonttupipo-pdf-kansi.png\",\"width\":1569,\"height\":2000},{\"@type\":\"BreadcrumbList\",\"@id\":\"https:\\\/\\\/villahullu.fi\\\/en\\\/product\\\/tonttupipo\\\/#breadcrumb\",\"itemListElement\":[{\"@type\":\"ListItem\",\"position\":1,\"name\":\"Etusivu\",\"item\":\"https:\\\/\\\/villahullu.fi\\\/en\\\/\"},{\"@type\":\"ListItem\",\"position\":2,\"name\":\"Shop\",\"item\":\"https:\\\/\\\/villahullu.fi\\\/en\\\/shop\\\/\"},{\"@type\":\"ListItem\",\"position\":3,\"name\":\"Tonttupio ohje \\\/ pattern (FI, EN)\"}]},{\"@type\":\"WebSite\",\"@id\":\"https:\\\/\\\/villahullu.fi\\\/en\\\/#website\",\"url\":\"https:\\\/\\\/villahullu.fi\\\/en\\\/\",\"name\":\"Villahullu\",\"description\":\"Villapaitoja ja neulontaohjeita\",\"publisher\":{\"@id\":\"https:\\\/\\\/villahullu.fi\\\/en\\\/#organization\"},\"potentialAction\":[{\"@type\":\"SearchAction\",\"target\":{\"@type\":\"EntryPoint\",\"urlTemplate\":\"https:\\\/\\\/villahullu.fi\\\/en\\\/?s={search_term_string}\"},\"query-input\":{\"@type\":\"PropertyValueSpecification\",\"valueRequired\":true,\"valueName\":\"search_term_string\"}}],\"inLanguage\":\"en-US\"},{\"@type\":\"Organization\",\"@id\":\"https:\\\/\\\/villahullu.fi\\\/en\\\/#organization\",\"name\":\"Villahullu\",\"url\":\"https:\\\/\\\/villahullu.fi\\\/en\\\/\",\"logo\":{\"@type\":\"ImageObject\",\"inLanguage\":\"en-US\",\"@id\":\"https:\\\/\\\/villahullu.fi\\\/en\\\/#\\\/schema\\\/logo\\\/image\\\/\",\"url\":\"https:\\\/\\\/villahullu.fi\\\/wp-content\\\/uploads\\\/2021\\\/06\\\/logo.png\",\"contentUrl\":\"https:\\\/\\\/villahullu.fi\\\/wp-content\\\/uploads\\\/2021\\\/06\\\/logo.png\",\"width\":374,\"height\":98,\"caption\":\"Villahullu\"},\"image\":{\"@id\":\"https:\\\/\\\/villahullu.fi\\\/en\\\/#\\\/schema\\\/logo\\\/image\\\/\"},\"sameAs\":[\"https:\\\/\\\/www.facebook.com\\\/villahullu\\\/\",\"https:\\\/\\\/www.instagram.com\\\/villahullu\\\/\"]}]}<\/script>\n<!-- \/ Yoast SEO plugin. -->","yoast_head_json":{"title":"- Villahullu","description":"Superpehme\u00e4 raitatakki p\u00f6rr\u00f6isest\u00e4 boucle langasta.","robots":{"index":"index","follow":"follow","max-snippet":"max-snippet:-1","max-image-preview":"max-image-preview:large","max-video-preview":"max-video-preview:-1"},"canonical":"https:\/\/villahullu.fi\/en\/product\/tonttupipo\/","og_locale":"en_US","og_type":"article","og_title":"- Villahullu","og_description":"Superpehme\u00e4 raitatakki p\u00f6rr\u00f6isest\u00e4 boucle langasta.","og_url":"https:\/\/villahullu.fi\/en\/product\/tonttupipo\/","og_site_name":"Villahullu","article_publisher":"https:\/\/www.facebook.com\/villahullu\/","article_modified_time":"2025-11-09T06:51:18+00:00","og_image":[{"width":803,"height":1024,"url":"https:\/\/villahullu.fi\/wp-content\/uploads\/2025\/11\/Tonttupipo-pdf-kansi-803x1024.png","type":"image\/png"}],"twitter_card":"summary_large_image","twitter_misc":{"Est. reading time":"4 minutes"},"schema":{"@context":"https:\/\/schema.org","@graph":[{"@type":"WebPage","@id":"https:\/\/villahullu.fi\/en\/product\/tonttupipo\/","url":"https:\/\/villahullu.fi\/en\/product\/tonttupipo\/","name":"- Villahullu","isPartOf":{"@id":"https:\/\/villahullu.fi\/en\/#website"},"primaryImageOfPage":{"@id":"https:\/\/villahullu.fi\/en\/product\/tonttupipo\/#primaryimage"},"image":{"@id":"https:\/\/villahullu.fi\/en\/product\/tonttupipo\/#primaryimage"},"thumbnailUrl":"https:\/\/villahullu.fi\/wp-content\/uploads\/2025\/11\/Tonttupipo-pdf-kansi.png","datePublished":"2025-11-09T06:30:58+00:00","dateModified":"2025-11-09T06:51:18+00:00","description":"Superpehme\u00e4 raitatakki p\u00f6rr\u00f6isest\u00e4 boucle langasta.","breadcrumb":{"@id":"https:\/\/villahullu.fi\/en\/product\/tonttupipo\/#breadcrumb"},"inLanguage":"en-US","potentialAction":[{"@type":"ReadAction","target":["https:\/\/villahullu.fi\/en\/product\/tonttupipo\/"]}]},{"@type":"ImageObject","inLanguage":"en-US","@id":"https:\/\/villahullu.fi\/en\/product\/tonttupipo\/#primaryimage","url":"https:\/\/villahullu.fi\/wp-content\/uploads\/2025\/11\/Tonttupipo-pdf-kansi.png","contentUrl":"https:\/\/villahullu.fi\/wp-content\/uploads\/2025\/11\/Tonttupipo-pdf-kansi.png","width":1569,"height":2000},{"@type":"BreadcrumbList","@id":"https:\/\/villahullu.fi\/en\/product\/tonttupipo\/#breadcrumb","itemListElement":[{"@type":"ListItem","position":1,"name":"Etusivu","item":"https:\/\/villahullu.fi\/en\/"},{"@type":"ListItem","position":2,"name":"Shop","item":"https:\/\/villahullu.fi\/en\/shop\/"},{"@type":"ListItem","position":3,"name":"Tonttupio ohje \/ pattern (FI, EN)"}]},{"@type":"WebSite","@id":"https:\/\/villahullu.fi\/en\/#website","url":"https:\/\/villahullu.fi\/en\/","name":"Villahullu","description":"Villapaitoja ja neulontaohjeita","publisher":{"@id":"https:\/\/villahullu.fi\/en\/#organization"},"potentialAction":[{"@type":"SearchAction","target":{"@type":"EntryPoint","urlTemplate":"https:\/\/villahullu.fi\/en\/?s={search_term_string}"},"query-input":{"@type":"PropertyValueSpecification","valueRequired":true,"valueName":"search_term_string"}}],"inLanguage":"en-US"},{"@type":"Organization","@id":"https:\/\/villahullu.fi\/en\/#organization","name":"Villahullu","url":"https:\/\/villahullu.fi\/en\/","logo":{"@type":"ImageObject","inLanguage":"en-US","@id":"https:\/\/villahullu.fi\/en\/#\/schema\/logo\/image\/","url":"https:\/\/villahullu.fi\/wp-content\/uploads\/2021\/06\/logo.png","contentUrl":"https:\/\/villahullu.fi\/wp-content\/uploads\/2021\/06\/logo.png","width":374,"height":98,"caption":"Villahullu"},"image":{"@id":"https:\/\/villahullu.fi\/en\/#\/schema\/logo\/image\/"},"sameAs":["https:\/\/www.facebook.com\/villahullu\/","https:\/\/www.instagram.com\/villahullu\/"]}]}},"jetpack_sharing_enabled":true,"_links":{"self":[{"href":"https:\/\/villahullu.fi\/en\/wp-json\/wp\/v2\/product\/21808","targetHints":{"allow":["GET"]}}],"collection":[{"href":"https:\/\/villahullu.fi\/en\/wp-json\/wp\/v2\/product"}],"about":[{"href":"https:\/\/villahullu.fi\/en\/wp-json\/wp\/v2\/types\/product"}],"replies":[{"embeddable":true,"href":"https:\/\/villahullu.fi\/en\/wp-json\/wp\/v2\/comments?post=21808"}],"wp:featuredmedia":[{"embeddable":true,"href":"https:\/\/villahullu.fi\/en\/wp-json\/wp\/v2\/media\/21809"}],"wp:attachment":[{"href":"https:\/\/villahullu.fi\/en\/wp-json\/wp\/v2\/media?parent=21808"}],"wp:term":[{"taxonomy":"product_brand","embeddable":true,"href":"https:\/\/villahullu.fi\/en\/wp-json\/wp\/v2\/product_brand?post=21808"},{"taxonomy":"product_cat","embeddable":true,"href":"https:\/\/villahullu.fi\/en\/wp-json\/wp\/v2\/product_cat?post=21808"},{"taxonomy":"product_tag","embeddable":true,"href":"https:\/\/villahullu.fi\/en\/wp-json\/wp\/v2\/product_tag?post=21808"}],"curies":[{"name":"wp","href":"https:\/\/api.w.org\/{rel}","templated":true}]}}