{"id":21057,"date":"2025-08-05T20:03:25","date_gmt":"2025-08-05T17:03:25","guid":{"rendered":"https:\/\/villahullu.fi\/?post_type=product&#038;p=21057"},"modified":"2025-10-06T13:31:25","modified_gmt":"2025-10-06T10:31:25","slug":"raitatakki","status":"publish","type":"product","link":"https:\/\/villahullu.fi\/en\/product\/raitatakki\/","title":{"rendered":"Raitatakki ohje \/ pattern (FI, EN)"},"content":{"rendered":"<p><img loading=\"lazy\" decoding=\"async\" class=\"alignnone size-medium wp-image-21062\" src=\"https:\/\/villahullu.fi\/wp-content\/uploads\/2025\/08\/Raitatakki-300x251.png\" alt=\"\" width=\"300\" height=\"251\" \/><\/p>\n<p><strong><em>Saat automaattisesti tilausvahvistuksen s\u00e4hk\u00f6postiisi heti maksusuorituksen j\u00e4lkeen. L\u00f6yd\u00e4t latauslinkin ohjeeseen tilausvahvistuksesta kohdasta miss\u00e4 lukee \u2019Lataa\u2019. Tilausvahvistus saattaa menn\u00e4 roskapostikansioon.<\/em><\/strong><strong><em>Ohjeen toimitus tapahtuu ainoastaan s\u00e4hk\u00f6isesti, eik\u00e4 sit\u00e4 l\u00e4hetet\u00e4 erikseen postitse. On suositeltavaa, ett\u00e4 ohje tallennetaan heti omalle laitteelle. S\u00e4ilyt\u00e4 latauslinkki mahdollisia ohjeeseen my\u00f6hemmin tulevia p\u00e4ivityksi\u00e4 varten.<\/em><\/strong><\/p>\n<p><strong><em>You will automatically receive an order confirmation by email immediately after the payment has been completed. You can find the download link for the pattern in the order confirmation, under the section that says \u2018Download\u2019. Please note that the confirmation email may end up in your spam folder.<\/em><\/strong><strong><em>The pattern is delivered digitally only and will not be sent separately by post. It is recommended to save the pattern to your device right away. Please keep the download link for any future updates to the pattern.<\/em><\/strong><\/p>\n<p><strong>Koot XS, S, M, L, XL, XXL, 3XL<\/strong><\/p>\n<p>Koot eiv\u00e4t ole standardeja. Tarkista sopiva koko annetuista mitoista. Mitat ovat valmiin neuletakin mittoja. Jos mahdollista, vertaa ymp\u00e4rysmittaa sopivan kokoiseen neuletakkiin. V\u00e4ljyysvara on noin 3\u20135 cm. Valitse koko, joka on noin 3-5 cm omaa rinnanymp\u00e4ryst\u00e4si isompi. Tai jos haluat v\u00e4ljemm\u00e4n \/ tyk\u00f6istuvamman takin, valitse koko sen mukaan.<\/p>\n<p>Ymp\u00e4rysmitta napitettuna\u00a0(XS)82 (S)89 (M)97 (L)104 (XL)112 (XXL)122 (3XL)132 cm<\/p>\n<p>Pituus helmasta kainaloon (XS)29 (S)30 (M)31 (L)32 (XL)33 (XXL)34 (3XL)35 cm (tai haluttu)<\/p>\n<p>Koko ty\u00f6n pituus (XS)49 (S)51 (M)53 (L)55 (XL)57 (XXL)59 (XXXL)61 (tai haluttu)<\/p>\n<p><strong>Langan menekki\u00a0 <\/strong>Takki neulotaan kahdella langalla yht\u00e4 aikaa.<\/p>\n<p>Pohjav\u00e4ri:<\/p>\n<p>Drops Alpaca Boucl\u00e9 50 g \/ 140 m, color 0100<\/p>\n<p>(XS)5 (S)5 (M)5 (L)6 (XL)6 (XXL)7 (3XL)7 kpl<\/p>\n<p>ja<\/p>\n<p>Drops Alpaca 50 g \/ 167 m, color 100<\/p>\n<p>(XS)4 (S)5 (M)5 (L)5 (XL)6 (XXL)6 (3XL)6 kpl<\/p>\n<p>Raidat:<\/p>\n<p>Kaksinkertainen Drops Alpaca Boucl\u00e9 50 g \/ 140 m, color 8903<\/p>\n<p>(XS-L)2 (XL-3XL)3 kpl<\/p>\n<p><strong>Neuletiheys <\/strong><\/p>\n<p>10\u00d710 cm: 16 silmukkaa ja 28 krs sile\u00e4\u00e4 neuletta<\/p>\n<p><strong>Puikot<\/strong><\/p>\n<p>Py\u00f6r\u00f6puikko 5 mm 80 cm (tai k\u00e4sialan mukaan) isoimmat koot: puikon pituus 120\/150 cm<\/p>\n<p>Sukkapuikot 5 mm (tai k\u00e4sialan mukaan)<\/p>\n<p>(Mik\u00e4li et k\u00e4yt\u00e4 Magic loop- tekniikkaa, tarvitset my\u00f6s py\u00f6r\u00f6puikot 5 mm 40 cm)<\/p>\n<p>Vinkki: Mik\u00e4li saat liikaa silmukoita per 10 cm, vaihda paksumpiin puikkoihin. Jos saat liian v\u00e4h\u00e4n silmukoita per 10 cm, vaihda ohuempiin puikkoihin.<\/p>\n<p><strong>Tarvitset <\/strong>my\u00f6s eriv\u00e4rist\u00e4 lankaa kuusi noin 20-40 cm p\u00e4tk\u00e4\u00e4, (XS-L)6 (XL-3XL)7 nappia, silmukkamerkkej\u00e4 sek\u00e4 neulan. Virkkuukoukusta saattaa olla apua silmukoita poimiessa.<\/p>\n<p><strong>Ty\u00f6ohje<\/strong><\/p>\n<p>Ty\u00f6 neulotaan alhaalta yl\u00f6s tasona kainaloihin asti, jonka j\u00e4lkeen erotetaan takakappale ja etukappaleet. Takakappale ja etukappaleet neulotaan erikseen tasona, jonka j\u00e4lkeen vastakkaiset olat p\u00e4\u00e4tell\u00e4\u00e4n kolmen puikon taktiikalla yhteen. K\u00e4denteilt\u00e4 poimitaan silmukat puikolle neuloen ja hihat neulotaan ylh\u00e4\u00e4lt\u00e4 alas suljettuna mallineuleena. P\u00e4\u00e4ntiet\u00e4 varten poimitaan neuloen silmukat ja p\u00e4\u00e4tell\u00e4\u00e4n icord-menetelm\u00e4ll\u00e4.<\/p>\n<h2><strong>English<\/strong><\/h2>\n<p><strong>Sizes XS, S, M, L, XL, XXL, 3XL<\/strong><\/p>\n<p>The sizes aren\u2019t standard. Please check the measures for the appropriate cardigan size. The measurements are the measurements of the finished cardigan. If possible, compare the measurements to a well-fitting cardigan.<\/p>\n<p>The cardigan is intended to have 3\u20135 cm of positive ease. Measure your bust circumference and choose a size that is approx. 3-5 cm bigger. Or if you want more \/ less ease, choose the size accordingly.<\/p>\n<p>Body circumference (buttons fastened)<\/p>\n<p>(XS)82 (S)89 (M)97 (L)104 (XL)112 (XXL)122 (3XL)132 cm<\/p>\n<p>Length from hem to underarm<\/p>\n<p>(XS)29 (S)30 (M)31 (L)32 (XL)33 (XXL)34 (3XL)35 cm (or as desired)<\/p>\n<p>Length from shoulder to hem<\/p>\n<p>(XS)49 (S)51 (M)53 (L)55 (XL)57 (XXL)59 (XXXL)61 (or as desired)<\/p>\n<p><strong>Yarn consumption<\/strong><\/p>\n<p>The cardigan is knit with two strands held together.<\/p>\n<p>Main colour:<\/p>\n<p>Drops Alpaca Boucl\u00e9 50 g \/ 140 m, color 0100<\/p>\n<p>(XS)5 (S)5 (M)5 (L)6 (XL)6 (XXL)7 (3XL)7 balls<\/p>\n<p>and<\/p>\n<p>Drops Alpaca 50 g \/ 167 m, color 100<\/p>\n<p>(XS)4 (S)5 (M)5 (L)5 (XL)6 (XXL)6 (3XL)6 balls<\/p>\n<p>Stripes:<\/p>\n<p>Drops Alpaca Boucl\u00e9 50 g \/ 140 m held double, color 8903<\/p>\n<p>(XS-L)2 (XL-3XL)3 balls<\/p>\n<p><strong>Gauge<\/strong><\/p>\n<p>10\u00d710 cm: 16 stitches and 28 rows in stockinette<\/p>\n<p><strong>Needles<\/strong><\/p>\n<p>Circular needle 5 mm 80 cm (or as needed to obtain gauge) for bigger sizes 120\/150 cm<\/p>\n<p>Double pointed needles 5 mm (or as needed to obtain gauge)<\/p>\n<p>(If you don\u2019t use the Magic loop- technique, you will need to use circular needle 5 mm 40 cm)<\/p>\n<p>Tip: If you\u2019re getting too many sts per 10 cm, switch to a bigger needle size. If you\u2019re getting too few sts per 10 cm, switch to a smaller needle.<\/p>\n<p><strong>You will also need <\/strong>6 pieces of scrap yarn of a contrasting colour in a length of approximately 20-40 cm per piece, (XS-L)6 (XL-3XL)7 buttons, stitch markers and a darning needle. A crochet hook may help with picking up sts.<\/p>\n<p><strong>Instructions<\/strong><\/p>\n<p>Body is worked flat from bottom up until the underarms where back and fronts are separated. Back and the fronts are all knit flat separately and shoulders are joined using 3 needle bind off. Sleeve stitches are picked up from the edges of the armhole and sleeves are knit in the round towards the wrist in pattern. Stitches are picked up from the neckline and bound off with an i-cord.<\/p>\n","protected":false},"excerpt":{"rendered":"<p>Saat automaattisesti tilausvahvistuksen s\u00e4hk\u00f6postiisi heti maksusuorituksen j\u00e4lkeen. L\u00f6yd\u00e4t latauslinkin ohjeeseen tilausvahvistuksesta kohdasta miss\u00e4 lukee \u2019Lataa\u2019. Tilausvahvistus saattaa menn\u00e4 roskapostikansioon.Ohjeen toimitus tapahtuu ainoastaan s\u00e4hk\u00f6isesti, eik\u00e4 sit\u00e4 l\u00e4hetet\u00e4 erikseen postitse. On suositeltavaa, ett\u00e4 ohje tallennetaan heti omalle laitteelle. S\u00e4ilyt\u00e4 latauslinkki mahdollisia ohjeeseen my\u00f6hemmin tulevia p\u00e4ivityksi\u00e4 varten. You will automatically receive an order confirmation by email immediately after [&hellip;]<\/p>\n","protected":false},"featured_media":21565,"comment_status":"closed","ping_status":"closed","template":"","meta":{"_et_pb_use_builder":"","_et_pb_old_content":"","_et_gb_content_width":""},"product_brand":[],"product_cat":[22],"product_tag":[],"class_list":{"0":"post-21057","1":"product","2":"type-product","3":"status-publish","4":"has-post-thumbnail","6":"product_cat-neuleohjeet","7":"product_shipping_class-pdf","9":"first","10":"instock","11":"downloadable","12":"taxable","13":"shipping-taxable","14":"purchasable","15":"product-type-simple"},"yoast_head":"<!-- This site is optimized with the Yoast SEO plugin v27.4 - https:\/\/yoast.com\/product\/yoast-seo-wordpress\/ -->\n<title>- Villahullu<\/title>\n<meta name=\"description\" content=\"Superpehme\u00e4 raitatakki p\u00f6rr\u00f6isest\u00e4 boucle langasta.\" \/>\n<meta name=\"robots\" content=\"index, follow, max-snippet:-1, max-image-preview:large, max-video-preview:-1\" \/>\n<link rel=\"canonical\" href=\"https:\/\/villahullu.fi\/en\/product\/raitatakki\/\" \/>\n<meta property=\"og:locale\" content=\"en_US\" \/>\n<meta property=\"og:type\" content=\"article\" \/>\n<meta property=\"og:title\" content=\"- Villahullu\" \/>\n<meta property=\"og:description\" content=\"Superpehme\u00e4 raitatakki p\u00f6rr\u00f6isest\u00e4 boucle langasta.\" \/>\n<meta property=\"og:url\" content=\"https:\/\/villahullu.fi\/en\/product\/raitatakki\/\" \/>\n<meta property=\"og:site_name\" content=\"Villahullu\" \/>\n<meta property=\"article:publisher\" content=\"https:\/\/www.facebook.com\/villahullu\/\" \/>\n<meta property=\"article:modified_time\" content=\"2025-10-06T10:31:25+00:00\" \/>\n<meta property=\"og:image\" content=\"https:\/\/villahullu.fi\/wp-content\/uploads\/2025\/08\/Raitatakki-pdf-kansi-803x1024.png\" \/>\n\t<meta property=\"og:image:width\" content=\"803\" \/>\n\t<meta property=\"og:image:height\" content=\"1024\" \/>\n\t<meta property=\"og:image:type\" content=\"image\/png\" \/>\n<meta name=\"twitter:card\" content=\"summary_large_image\" \/>\n<meta name=\"twitter:label1\" content=\"Est. reading time\" \/>\n\t<meta name=\"twitter:data1\" content=\"6 minutes\" \/>\n<script type=\"application\/ld+json\" class=\"yoast-schema-graph\">{\"@context\":\"https:\\\/\\\/schema.org\",\"@graph\":[{\"@type\":\"WebPage\",\"@id\":\"https:\\\/\\\/villahullu.fi\\\/en\\\/product\\\/raitatakki\\\/\",\"url\":\"https:\\\/\\\/villahullu.fi\\\/en\\\/product\\\/raitatakki\\\/\",\"name\":\"- Villahullu\",\"isPartOf\":{\"@id\":\"https:\\\/\\\/villahullu.fi\\\/en\\\/#website\"},\"primaryImageOfPage\":{\"@id\":\"https:\\\/\\\/villahullu.fi\\\/en\\\/product\\\/raitatakki\\\/#primaryimage\"},\"image\":{\"@id\":\"https:\\\/\\\/villahullu.fi\\\/en\\\/product\\\/raitatakki\\\/#primaryimage\"},\"thumbnailUrl\":\"https:\\\/\\\/villahullu.fi\\\/wp-content\\\/uploads\\\/2025\\\/08\\\/Raitatakki-pdf-kansi.png\",\"datePublished\":\"2025-08-05T17:03:25+00:00\",\"dateModified\":\"2025-10-06T10:31:25+00:00\",\"description\":\"Superpehme\u00e4 raitatakki p\u00f6rr\u00f6isest\u00e4 boucle langasta.\",\"breadcrumb\":{\"@id\":\"https:\\\/\\\/villahullu.fi\\\/en\\\/product\\\/raitatakki\\\/#breadcrumb\"},\"inLanguage\":\"en-US\",\"potentialAction\":[{\"@type\":\"ReadAction\",\"target\":[\"https:\\\/\\\/villahullu.fi\\\/en\\\/product\\\/raitatakki\\\/\"]}]},{\"@type\":\"ImageObject\",\"inLanguage\":\"en-US\",\"@id\":\"https:\\\/\\\/villahullu.fi\\\/en\\\/product\\\/raitatakki\\\/#primaryimage\",\"url\":\"https:\\\/\\\/villahullu.fi\\\/wp-content\\\/uploads\\\/2025\\\/08\\\/Raitatakki-pdf-kansi.png\",\"contentUrl\":\"https:\\\/\\\/villahullu.fi\\\/wp-content\\\/uploads\\\/2025\\\/08\\\/Raitatakki-pdf-kansi.png\",\"width\":1569,\"height\":2000},{\"@type\":\"BreadcrumbList\",\"@id\":\"https:\\\/\\\/villahullu.fi\\\/en\\\/product\\\/raitatakki\\\/#breadcrumb\",\"itemListElement\":[{\"@type\":\"ListItem\",\"position\":1,\"name\":\"Etusivu\",\"item\":\"https:\\\/\\\/villahullu.fi\\\/en\\\/\"},{\"@type\":\"ListItem\",\"position\":2,\"name\":\"Shop\",\"item\":\"https:\\\/\\\/villahullu.fi\\\/en\\\/shop\\\/\"},{\"@type\":\"ListItem\",\"position\":3,\"name\":\"Raitatakki ohje \\\/ pattern (FI, EN)\"}]},{\"@type\":\"WebSite\",\"@id\":\"https:\\\/\\\/villahullu.fi\\\/en\\\/#website\",\"url\":\"https:\\\/\\\/villahullu.fi\\\/en\\\/\",\"name\":\"Villahullu\",\"description\":\"Villapaitoja ja neulontaohjeita\",\"publisher\":{\"@id\":\"https:\\\/\\\/villahullu.fi\\\/en\\\/#organization\"},\"potentialAction\":[{\"@type\":\"SearchAction\",\"target\":{\"@type\":\"EntryPoint\",\"urlTemplate\":\"https:\\\/\\\/villahullu.fi\\\/en\\\/?s={search_term_string}\"},\"query-input\":{\"@type\":\"PropertyValueSpecification\",\"valueRequired\":true,\"valueName\":\"search_term_string\"}}],\"inLanguage\":\"en-US\"},{\"@type\":\"Organization\",\"@id\":\"https:\\\/\\\/villahullu.fi\\\/en\\\/#organization\",\"name\":\"Villahullu\",\"url\":\"https:\\\/\\\/villahullu.fi\\\/en\\\/\",\"logo\":{\"@type\":\"ImageObject\",\"inLanguage\":\"en-US\",\"@id\":\"https:\\\/\\\/villahullu.fi\\\/en\\\/#\\\/schema\\\/logo\\\/image\\\/\",\"url\":\"https:\\\/\\\/villahullu.fi\\\/wp-content\\\/uploads\\\/2021\\\/06\\\/logo.png\",\"contentUrl\":\"https:\\\/\\\/villahullu.fi\\\/wp-content\\\/uploads\\\/2021\\\/06\\\/logo.png\",\"width\":374,\"height\":98,\"caption\":\"Villahullu\"},\"image\":{\"@id\":\"https:\\\/\\\/villahullu.fi\\\/en\\\/#\\\/schema\\\/logo\\\/image\\\/\"},\"sameAs\":[\"https:\\\/\\\/www.facebook.com\\\/villahullu\\\/\",\"https:\\\/\\\/www.instagram.com\\\/villahullu\\\/\"]}]}<\/script>\n<!-- \/ Yoast SEO plugin. -->","yoast_head_json":{"title":"- Villahullu","description":"Superpehme\u00e4 raitatakki p\u00f6rr\u00f6isest\u00e4 boucle langasta.","robots":{"index":"index","follow":"follow","max-snippet":"max-snippet:-1","max-image-preview":"max-image-preview:large","max-video-preview":"max-video-preview:-1"},"canonical":"https:\/\/villahullu.fi\/en\/product\/raitatakki\/","og_locale":"en_US","og_type":"article","og_title":"- Villahullu","og_description":"Superpehme\u00e4 raitatakki p\u00f6rr\u00f6isest\u00e4 boucle langasta.","og_url":"https:\/\/villahullu.fi\/en\/product\/raitatakki\/","og_site_name":"Villahullu","article_publisher":"https:\/\/www.facebook.com\/villahullu\/","article_modified_time":"2025-10-06T10:31:25+00:00","og_image":[{"width":803,"height":1024,"url":"https:\/\/villahullu.fi\/wp-content\/uploads\/2025\/08\/Raitatakki-pdf-kansi-803x1024.png","type":"image\/png"}],"twitter_card":"summary_large_image","twitter_misc":{"Est. reading time":"6 minutes"},"schema":{"@context":"https:\/\/schema.org","@graph":[{"@type":"WebPage","@id":"https:\/\/villahullu.fi\/en\/product\/raitatakki\/","url":"https:\/\/villahullu.fi\/en\/product\/raitatakki\/","name":"- Villahullu","isPartOf":{"@id":"https:\/\/villahullu.fi\/en\/#website"},"primaryImageOfPage":{"@id":"https:\/\/villahullu.fi\/en\/product\/raitatakki\/#primaryimage"},"image":{"@id":"https:\/\/villahullu.fi\/en\/product\/raitatakki\/#primaryimage"},"thumbnailUrl":"https:\/\/villahullu.fi\/wp-content\/uploads\/2025\/08\/Raitatakki-pdf-kansi.png","datePublished":"2025-08-05T17:03:25+00:00","dateModified":"2025-10-06T10:31:25+00:00","description":"Superpehme\u00e4 raitatakki p\u00f6rr\u00f6isest\u00e4 boucle langasta.","breadcrumb":{"@id":"https:\/\/villahullu.fi\/en\/product\/raitatakki\/#breadcrumb"},"inLanguage":"en-US","potentialAction":[{"@type":"ReadAction","target":["https:\/\/villahullu.fi\/en\/product\/raitatakki\/"]}]},{"@type":"ImageObject","inLanguage":"en-US","@id":"https:\/\/villahullu.fi\/en\/product\/raitatakki\/#primaryimage","url":"https:\/\/villahullu.fi\/wp-content\/uploads\/2025\/08\/Raitatakki-pdf-kansi.png","contentUrl":"https:\/\/villahullu.fi\/wp-content\/uploads\/2025\/08\/Raitatakki-pdf-kansi.png","width":1569,"height":2000},{"@type":"BreadcrumbList","@id":"https:\/\/villahullu.fi\/en\/product\/raitatakki\/#breadcrumb","itemListElement":[{"@type":"ListItem","position":1,"name":"Etusivu","item":"https:\/\/villahullu.fi\/en\/"},{"@type":"ListItem","position":2,"name":"Shop","item":"https:\/\/villahullu.fi\/en\/shop\/"},{"@type":"ListItem","position":3,"name":"Raitatakki ohje \/ pattern (FI, EN)"}]},{"@type":"WebSite","@id":"https:\/\/villahullu.fi\/en\/#website","url":"https:\/\/villahullu.fi\/en\/","name":"Villahullu","description":"Villapaitoja ja neulontaohjeita","publisher":{"@id":"https:\/\/villahullu.fi\/en\/#organization"},"potentialAction":[{"@type":"SearchAction","target":{"@type":"EntryPoint","urlTemplate":"https:\/\/villahullu.fi\/en\/?s={search_term_string}"},"query-input":{"@type":"PropertyValueSpecification","valueRequired":true,"valueName":"search_term_string"}}],"inLanguage":"en-US"},{"@type":"Organization","@id":"https:\/\/villahullu.fi\/en\/#organization","name":"Villahullu","url":"https:\/\/villahullu.fi\/en\/","logo":{"@type":"ImageObject","inLanguage":"en-US","@id":"https:\/\/villahullu.fi\/en\/#\/schema\/logo\/image\/","url":"https:\/\/villahullu.fi\/wp-content\/uploads\/2021\/06\/logo.png","contentUrl":"https:\/\/villahullu.fi\/wp-content\/uploads\/2021\/06\/logo.png","width":374,"height":98,"caption":"Villahullu"},"image":{"@id":"https:\/\/villahullu.fi\/en\/#\/schema\/logo\/image\/"},"sameAs":["https:\/\/www.facebook.com\/villahullu\/","https:\/\/www.instagram.com\/villahullu\/"]}]}},"jetpack_sharing_enabled":true,"_links":{"self":[{"href":"https:\/\/villahullu.fi\/en\/wp-json\/wp\/v2\/product\/21057","targetHints":{"allow":["GET"]}}],"collection":[{"href":"https:\/\/villahullu.fi\/en\/wp-json\/wp\/v2\/product"}],"about":[{"href":"https:\/\/villahullu.fi\/en\/wp-json\/wp\/v2\/types\/product"}],"replies":[{"embeddable":true,"href":"https:\/\/villahullu.fi\/en\/wp-json\/wp\/v2\/comments?post=21057"}],"wp:featuredmedia":[{"embeddable":true,"href":"https:\/\/villahullu.fi\/en\/wp-json\/wp\/v2\/media\/21565"}],"wp:attachment":[{"href":"https:\/\/villahullu.fi\/en\/wp-json\/wp\/v2\/media?parent=21057"}],"wp:term":[{"taxonomy":"product_brand","embeddable":true,"href":"https:\/\/villahullu.fi\/en\/wp-json\/wp\/v2\/product_brand?post=21057"},{"taxonomy":"product_cat","embeddable":true,"href":"https:\/\/villahullu.fi\/en\/wp-json\/wp\/v2\/product_cat?post=21057"},{"taxonomy":"product_tag","embeddable":true,"href":"https:\/\/villahullu.fi\/en\/wp-json\/wp\/v2\/product_tag?post=21057"}],"curies":[{"name":"wp","href":"https:\/\/api.w.org\/{rel}","templated":true}]}}