{"id":202,"date":"2021-07-28T17:11:03","date_gmt":"2021-07-28T14:11:03","guid":{"rendered":"https:\/\/villahullu.fi\/?post_type=product&#038;p=202"},"modified":"2024-09-01T09:23:50","modified_gmt":"2024-09-01T06:23:50","slug":"kelopipo-neuleohje-fi","status":"publish","type":"product","link":"https:\/\/villahullu.fi\/en\/product\/kelopipo-neuleohje-fi\/","title":{"rendered":"Kelopipo ohje \/ knit pattern (FI, EN, SE, DE, FR)"},"content":{"rendered":"<p><img loading=\"lazy\" decoding=\"async\" class=\"alignnone size-medium wp-image-304\" src=\"https:\/\/villahullu.fi\/wp-content\/uploads\/2021\/07\/IMG_20210223_171448_193-240x300.jpg\" alt=\"\" width=\"240\" height=\"300\" \/> <img loading=\"lazy\" decoding=\"async\" class=\"alignnone size-medium wp-image-305\" src=\"https:\/\/villahullu.fi\/wp-content\/uploads\/2021\/07\/IMG_20210303_152330_273-143x300.jpg\" alt=\"\" width=\"143\" height=\"300\" \/> <img loading=\"lazy\" decoding=\"async\" class=\"alignnone size-medium wp-image-306\" src=\"https:\/\/villahullu.fi\/wp-content\/uploads\/2021\/07\/IMG_20210311_221850_112-240x300.jpg\" alt=\"\" width=\"240\" height=\"300\" \/> <img loading=\"lazy\" decoding=\"async\" class=\"alignnone size-medium wp-image-307\" src=\"https:\/\/villahullu.fi\/wp-content\/uploads\/2021\/07\/IMG_20210315_200735_074-240x300.jpg\" alt=\"\" width=\"240\" height=\"300\" \/> <img loading=\"lazy\" decoding=\"async\" class=\"alignnone size-medium wp-image-308\" src=\"https:\/\/villahullu.fi\/wp-content\/uploads\/2021\/07\/IMG_20210317_163608_603-240x300.jpg\" alt=\"\" width=\"240\" height=\"300\" \/> <img loading=\"lazy\" decoding=\"async\" class=\"alignnone size-medium wp-image-310\" src=\"https:\/\/villahullu.fi\/wp-content\/uploads\/2021\/07\/IMG_20210401_082040_352-267x300.jpg\" alt=\"\" width=\"267\" height=\"300\" \/> <img loading=\"lazy\" decoding=\"async\" class=\"alignnone size-medium wp-image-311\" src=\"https:\/\/villahullu.fi\/wp-content\/uploads\/2021\/07\/IMG_20210403_173711_886-240x300.jpg\" alt=\"\" width=\"240\" height=\"300\" \/> <img loading=\"lazy\" decoding=\"async\" class=\"alignnone size-medium wp-image-312\" src=\"https:\/\/villahullu.fi\/wp-content\/uploads\/2021\/07\/IMG_20210517_161524_743-240x300.jpg\" alt=\"\" width=\"240\" height=\"300\" \/><img loading=\"lazy\" decoding=\"async\" class=\"alignnone size-medium wp-image-206\" src=\"https:\/\/villahullu.fi\/wp-content\/uploads\/2021\/07\/IMG_20210324_180336_910-240x300.jpg\" alt=\"\" width=\"240\" height=\"300\" \/><\/p>\n<p><strong><em>Neuleohje on ladattavissa heti maksusuorituksen j\u00e4lkeen tilauksen yhteydess\u00e4 ilmoittamastasi s\u00e4hk\u00f6postiosoitteesta. (Tarkastathan my\u00f6s roskapostikansion.) Ohjeen toimitus tapahtuu ainoastaan s\u00e4hk\u00f6isesti, eik\u00e4 sit\u00e4 l\u00e4hetet\u00e4 erikseen postitse. On suositeltavaa, ett\u00e4 ohje tallennetaan heti omalle laitteelle.<br \/>\n<\/em><\/strong><\/p>\n<p><strong><em>Knit pattern can be downloaded immediately after payment from the e-mail you provided with your order. (Remember to check also the junk mail folder.) The patter<\/em><\/strong><strong><em>n is delivered only electronically and is not send separately by post. It is recommended that you save the pattern to your device immediately. You can find all the languages mentioned in the tittle in the same pdf file.<br \/>\n<\/em><\/strong><\/p>\n<p><strong>Onesize\u00a0\u00a0\u00a0\u00a0\u00a0\u00a0\u00a0\u00a0\u00a0\u00a0\u00a0\u00a0\u00a0\u00a0\u00a0\u00a0\u00a0\u00a0\u00a0\u00a0\u00a0\u00a0\u00a0\u00a0\u00a0\u00a0\u00a0\u00a0\u00a0\u00a0\u00a0\u00a0\u00a0\u00a0 <\/strong><\/p>\n<p>P\u00e4\u00e4n ymp\u00e4rysmitta 56 cm<\/p>\n<p><strong>Langan menekki <\/strong><\/p>\n<p>2 kpl Novita Isoveli 100 g ker\u00e4\u00e4<\/p>\n<p><strong>Neuletiheys<\/strong><\/p>\n<p>10 cm = 15 s \/ 18 krs puikoilla 5 mm<\/p>\n<p><strong>Puikot<\/strong><\/p>\n<p>Sukkapuikot 5 mm<\/p>\n<p>tai mik\u00e4li k\u00e4yt\u00e4t Magic Loop- tekniikkaa<\/p>\n<p>Py\u00f6r\u00f6puikot 80 cm 5 mm<\/p>\n<p><strong>Tarvitset<\/strong><\/p>\n<p>-yksi lyhyt apupuikko<\/p>\n<p>-tekoturkistupsu<\/p>\n<p>-neulan ja lankaa tupsun kiinnitt\u00e4miseen<\/p>\n<p><strong>Ty\u00f6ohje<\/strong><\/p>\n<p>Ty\u00f6 neulotaan alhaalta yl\u00f6s suljettuna neuleena sukkapuikoilla tai py\u00f6r\u00f6puikolla.<\/p>\n<p>Katso lis\u00e4\u00e4 kuvia Instagramissa #kelopipo &#8211; tagin takaa.<\/p>\n<h2><strong>English<\/strong><\/h2>\n<p><strong>Onesize\u00a0\u00a0\u00a0\u00a0\u00a0\u00a0\u00a0\u00a0\u00a0\u00a0\u00a0\u00a0\u00a0\u00a0\u00a0\u00a0\u00a0\u00a0\u00a0\u00a0\u00a0\u00a0\u00a0\u00a0\u00a0\u00a0\u00a0\u00a0\u00a0\u00a0\u00a0\u00a0\u00a0\u00a0 <\/strong><\/p>\n<p>Head circumference 56 cm<\/p>\n<p><strong>Yarn<\/strong><\/p>\n<p>2 balls of Novita Isoveli yarn 100 g<\/p>\n<p><strong>Gauge<\/strong><\/p>\n<p>10 cm = 15 sts and 18 rows using needle size 5 mm<\/p>\n<p><strong>Needles<\/strong><\/p>\n<p>Double pointed needles 5 mm<\/p>\n<p>or if you\u2019re using Magic Loop- technique<\/p>\n<p>Circular needle 80 cm 5 mm<\/p>\n<p><strong>You will need<\/strong><\/p>\n<p>&#8211; one short cable needle<\/p>\n<p>&#8211; faux fur bobble<\/p>\n<p>&#8211; needle and thread to attach the bobble<\/p>\n<p><strong>Instruction<\/strong><\/p>\n<p>Work in the round on double pointed needles or circular needle, bottom up.<\/p>\n<h2><strong>Svenska<\/strong><\/h2>\n<p><strong>Onesize\u00a0\u00a0\u00a0\u00a0\u00a0\u00a0\u00a0\u00a0\u00a0\u00a0\u00a0\u00a0\u00a0\u00a0\u00a0\u00a0\u00a0\u00a0\u00a0\u00a0\u00a0\u00a0\u00a0\u00a0\u00a0\u00a0\u00a0\u00a0\u00a0\u00a0\u00a0\u00a0\u00a0\u00a0 <\/strong><\/p>\n<p>Huvudets omkrets 56 cm<\/p>\n<p><strong>Garn\u00e5tg\u00e5ng<\/strong><\/p>\n<p>2 Novita Isoveli 100 g boll<\/p>\n<p><strong>Maskt\u00e4thet<\/strong><\/p>\n<p>10\u00d710 cm: 15 maskor och 18 varv p\u00e5 stickor 5 mm<\/p>\n<p><strong>Stickor<\/strong><\/p>\n<p>Strumpstickor 5 mm (eller rundsticka 80 cm 5 mm om du anv\u00e4nder magic loop-tekniken)<\/p>\n<p><strong>Du beh\u00f6ver<\/strong><\/p>\n<p>&#8211; en kort hj\u00e4lpsticka<\/p>\n<p>&#8211; konstgjord tofs<\/p>\n<p>&#8211; en n\u00e5l till tr\u00e5darna och tofsen<\/p>\n<p><strong>Arbetsg\u00e5ng<\/strong><\/p>\n<p>Arbetet stickas runt.<\/p>\n<h2><strong>Deutsch<\/strong><\/h2>\n<p><strong>Einzelgr\u00f6sse<\/strong><\/p>\n<p>Kopfumfang 56 cm<\/p>\n<p><strong>Garn<\/strong><\/p>\n<p>Novita Isoveli, 100 g (ca. 130 m) 2 Kn\u00e4uel<\/p>\n<p><strong>Maschenprobe<\/strong><\/p>\n<p>10 cm = 15\u00a0M (Maschen) und 18 Reihen mit Nadelst\u00e4rke 5\u00a0mm<\/p>\n<p><strong>Stricknadeln<\/strong><\/p>\n<p>Nadelspiel 5 mm<\/p>\n<p>oder wenn du mit der Magic-Loop-Technik strickst:<\/p>\n<p>Rundstricknadel, 80 cm lang 5 mm<\/p>\n<p><strong>Du brauchst zudem<\/strong><\/p>\n<p>&#8211; eine kurze Zopfnadel (Kabelnadel oder Hilfsnadel)<\/p>\n<p>&#8211; eine Kunstfell-Bommel<\/p>\n<p>&#8211; eine N\u00e4hnadel und Faden um die Bommel anzun\u00e4hen<\/p>\n<p><strong>Anleitung<\/strong><\/p>\n<p>Die M\u00fctze wird mit dem Nadelspiel oder mit der Rundstricknadel von unten nach oben gestrickt.<\/p>\n<h2 id=\"tw-target-text\" class=\"tw-data-text tw-text-large tw-ta\" dir=\"ltr\" data-placeholder=\"K\u00e4\u00e4nn\u00f6s\"><strong><span class=\"Y2IQFc\" lang=\"fr\">Fran\u00e7ais<\/span><\/strong><\/h2>\n<p><strong>Taille unique <\/strong><\/p>\n<p>Tour de t\u00eate\u00a0\u00a0\u00a0\u00a0\u00a0\u00a0\u00a0\u00a0\u00a0\u00a0\u00a0\u00a0\u00a0\u00a0\u00a0\u00a0\u00a0\u00a0\u00a0\u00a0\u00a0\u00a0\u00a0\u00a0\u00a0\u00a0\u00a0\u00a0\u00a0\u00a0\u00a0\u00a0\u00a0\u00a0 56\u00a0cm<\/p>\n<p><strong>Fil<\/strong><\/p>\n<p>Novita Isoveli 100 g (130\u00a0m)\u00a0\u00a0\u00a0\u00a0\u00a0\u00a0\u00a0 2\u00a0pelotes<\/p>\n<p><strong>Echantillon<\/strong><\/p>\n<p>10\u00a0cm\u00a0= 15\u00a0mailles (m) et 18\u00a0rangs avec les aiguilles de 5\u00a0mm<\/p>\n<p><strong>Aiguilles<\/strong><\/p>\n<p>un jeu d\u2019aiguilles \u00e0 double pointe\u00a0\u00a0\u00a0\u00a0\u00a0\u00a0\u00a0\u00a0\u00a0\u00a0\u00a0\u00a0\u00a0\u00a0\u00a0\u00a0\u00a0\u00a0\u00a0\u00a0\u00a0 5\u00a0mm<\/p>\n<p>ou si tu travailles selon la technique \u00ab\u00a0magic loop\u00a0\u00bb<\/p>\n<p>une aiguille circulaire avec un c\u00e2ble de 80\u00a0cm\u00a0 5\u00a0mm<\/p>\n<p><strong>Tu auras aussi besoin<\/strong><\/p>\n<p>&#8211; d\u2019une courte aiguille auxiliaire pour tresser (ou \u00e0 torsades)<\/p>\n<p>&#8211; d\u2019un pompon en fausse fourrure<\/p>\n<p>&#8211; d\u2019une aiguille \u00e0 coudre et du fil pour attacher le pompon<\/p>\n","protected":false},"excerpt":{"rendered":"<p><img loading=\"lazy\" decoding=\"async\" class=\"alignnone size-medium wp-image-204\" src=\"https:\/\/villahullu.fi\/wp-content\/uploads\/2021\/07\/IMG_20210321_083723_244-240x300.jpg\" alt=\"\" width=\"240\" height=\"300\" \/><\/p>\n","protected":false},"featured_media":385,"comment_status":"closed","ping_status":"closed","template":"","meta":{"_et_pb_use_builder":"","_et_pb_old_content":"","_et_gb_content_width":""},"product_brand":[],"product_cat":[22],"product_tag":[23],"class_list":{"0":"post-202","1":"product","2":"type-product","3":"status-publish","4":"has-post-thumbnail","6":"product_cat-neuleohjeet","7":"product_tag-kelopipo","8":"product_shipping_class-pdf","10":"first","11":"instock","12":"downloadable","13":"taxable","14":"shipping-taxable","15":"purchasable","16":"product-type-simple"},"yoast_head":"<!-- This site is optimized with the Yoast SEO plugin v27.5 - https:\/\/yoast.com\/product\/yoast-seo-wordpress\/ -->\n<title>Kelopipo ohje \/ knit pattern (FI, EN, SE, DE, FR) - Villahullu<\/title>\n<meta name=\"robots\" content=\"index, follow, max-snippet:-1, max-image-preview:large, max-video-preview:-1\" \/>\n<link rel=\"canonical\" href=\"https:\/\/villahullu.fi\/en\/product\/kelopipo-neuleohje-fi\/\" \/>\n<meta property=\"og:locale\" content=\"en_US\" \/>\n<meta property=\"og:type\" content=\"article\" \/>\n<meta property=\"og:title\" content=\"Kelopipo ohje \/ knit pattern (FI, EN, SE, DE, FR) - Villahullu\" \/>\n<meta property=\"og:url\" content=\"https:\/\/villahullu.fi\/en\/product\/kelopipo-neuleohje-fi\/\" \/>\n<meta property=\"og:site_name\" content=\"Villahullu\" \/>\n<meta property=\"article:publisher\" content=\"https:\/\/www.facebook.com\/villahullu\/\" \/>\n<meta property=\"article:modified_time\" content=\"2024-09-01T06:23:50+00:00\" \/>\n<meta property=\"og:image\" content=\"https:\/\/villahullu.fi\/wp-content\/uploads\/2021\/07\/kelopipo-ohje-pattern-kuva.jpg\" \/>\n\t<meta property=\"og:image:width\" content=\"940\" \/>\n\t<meta property=\"og:image:height\" content=\"788\" \/>\n\t<meta property=\"og:image:type\" content=\"image\/jpeg\" \/>\n<meta name=\"twitter:card\" content=\"summary_large_image\" \/>\n<meta name=\"twitter:label1\" content=\"Est. reading time\" \/>\n\t<meta name=\"twitter:data1\" content=\"5 minutes\" \/>\n<script type=\"application\/ld+json\" class=\"yoast-schema-graph\">{\"@context\":\"https:\\\/\\\/schema.org\",\"@graph\":[{\"@type\":\"WebPage\",\"@id\":\"https:\\\/\\\/villahullu.fi\\\/en\\\/product\\\/kelopipo-neuleohje-fi\\\/\",\"url\":\"https:\\\/\\\/villahullu.fi\\\/en\\\/product\\\/kelopipo-neuleohje-fi\\\/\",\"name\":\"Kelopipo ohje \\\/ knit pattern (FI, EN, SE, DE, FR) - Villahullu\",\"isPartOf\":{\"@id\":\"https:\\\/\\\/villahullu.fi\\\/en\\\/#website\"},\"primaryImageOfPage\":{\"@id\":\"https:\\\/\\\/villahullu.fi\\\/en\\\/product\\\/kelopipo-neuleohje-fi\\\/#primaryimage\"},\"image\":{\"@id\":\"https:\\\/\\\/villahullu.fi\\\/en\\\/product\\\/kelopipo-neuleohje-fi\\\/#primaryimage\"},\"thumbnailUrl\":\"https:\\\/\\\/villahullu.fi\\\/wp-content\\\/uploads\\\/2021\\\/07\\\/kelopipo-ohje-pattern-kuva.jpg\",\"datePublished\":\"2021-07-28T14:11:03+00:00\",\"dateModified\":\"2024-09-01T06:23:50+00:00\",\"breadcrumb\":{\"@id\":\"https:\\\/\\\/villahullu.fi\\\/en\\\/product\\\/kelopipo-neuleohje-fi\\\/#breadcrumb\"},\"inLanguage\":\"en-US\",\"potentialAction\":[{\"@type\":\"ReadAction\",\"target\":[\"https:\\\/\\\/villahullu.fi\\\/en\\\/product\\\/kelopipo-neuleohje-fi\\\/\"]}]},{\"@type\":\"ImageObject\",\"inLanguage\":\"en-US\",\"@id\":\"https:\\\/\\\/villahullu.fi\\\/en\\\/product\\\/kelopipo-neuleohje-fi\\\/#primaryimage\",\"url\":\"https:\\\/\\\/villahullu.fi\\\/wp-content\\\/uploads\\\/2021\\\/07\\\/kelopipo-ohje-pattern-kuva.jpg\",\"contentUrl\":\"https:\\\/\\\/villahullu.fi\\\/wp-content\\\/uploads\\\/2021\\\/07\\\/kelopipo-ohje-pattern-kuva.jpg\",\"width\":940,\"height\":788},{\"@type\":\"BreadcrumbList\",\"@id\":\"https:\\\/\\\/villahullu.fi\\\/en\\\/product\\\/kelopipo-neuleohje-fi\\\/#breadcrumb\",\"itemListElement\":[{\"@type\":\"ListItem\",\"position\":1,\"name\":\"Etusivu\",\"item\":\"https:\\\/\\\/villahullu.fi\\\/en\\\/\"},{\"@type\":\"ListItem\",\"position\":2,\"name\":\"Shop\",\"item\":\"https:\\\/\\\/villahullu.fi\\\/en\\\/shop\\\/\"},{\"@type\":\"ListItem\",\"position\":3,\"name\":\"Kelopipo ohje \\\/ knit pattern (FI, EN, SE, DE, FR)\"}]},{\"@type\":\"WebSite\",\"@id\":\"https:\\\/\\\/villahullu.fi\\\/en\\\/#website\",\"url\":\"https:\\\/\\\/villahullu.fi\\\/en\\\/\",\"name\":\"Villahullu\",\"description\":\"Villapaitoja ja neulontaohjeita\",\"publisher\":{\"@id\":\"https:\\\/\\\/villahullu.fi\\\/en\\\/#organization\"},\"potentialAction\":[{\"@type\":\"SearchAction\",\"target\":{\"@type\":\"EntryPoint\",\"urlTemplate\":\"https:\\\/\\\/villahullu.fi\\\/en\\\/?s={search_term_string}\"},\"query-input\":{\"@type\":\"PropertyValueSpecification\",\"valueRequired\":true,\"valueName\":\"search_term_string\"}}],\"inLanguage\":\"en-US\"},{\"@type\":\"Organization\",\"@id\":\"https:\\\/\\\/villahullu.fi\\\/en\\\/#organization\",\"name\":\"Villahullu\",\"url\":\"https:\\\/\\\/villahullu.fi\\\/en\\\/\",\"logo\":{\"@type\":\"ImageObject\",\"inLanguage\":\"en-US\",\"@id\":\"https:\\\/\\\/villahullu.fi\\\/en\\\/#\\\/schema\\\/logo\\\/image\\\/\",\"url\":\"https:\\\/\\\/villahullu.fi\\\/wp-content\\\/uploads\\\/2021\\\/06\\\/logo.png\",\"contentUrl\":\"https:\\\/\\\/villahullu.fi\\\/wp-content\\\/uploads\\\/2021\\\/06\\\/logo.png\",\"width\":374,\"height\":98,\"caption\":\"Villahullu\"},\"image\":{\"@id\":\"https:\\\/\\\/villahullu.fi\\\/en\\\/#\\\/schema\\\/logo\\\/image\\\/\"},\"sameAs\":[\"https:\\\/\\\/www.facebook.com\\\/villahullu\\\/\",\"https:\\\/\\\/www.instagram.com\\\/villahullu\\\/\"]}]}<\/script>\n<!-- \/ Yoast SEO plugin. -->","yoast_head_json":{"title":"Kelopipo ohje \/ knit pattern (FI, EN, SE, DE, FR) - Villahullu","robots":{"index":"index","follow":"follow","max-snippet":"max-snippet:-1","max-image-preview":"max-image-preview:large","max-video-preview":"max-video-preview:-1"},"canonical":"https:\/\/villahullu.fi\/en\/product\/kelopipo-neuleohje-fi\/","og_locale":"en_US","og_type":"article","og_title":"Kelopipo ohje \/ knit pattern (FI, EN, SE, DE, FR) - Villahullu","og_url":"https:\/\/villahullu.fi\/en\/product\/kelopipo-neuleohje-fi\/","og_site_name":"Villahullu","article_publisher":"https:\/\/www.facebook.com\/villahullu\/","article_modified_time":"2024-09-01T06:23:50+00:00","og_image":[{"width":940,"height":788,"url":"https:\/\/villahullu.fi\/wp-content\/uploads\/2021\/07\/kelopipo-ohje-pattern-kuva.jpg","type":"image\/jpeg"}],"twitter_card":"summary_large_image","twitter_misc":{"Est. reading time":"5 minutes"},"schema":{"@context":"https:\/\/schema.org","@graph":[{"@type":"WebPage","@id":"https:\/\/villahullu.fi\/en\/product\/kelopipo-neuleohje-fi\/","url":"https:\/\/villahullu.fi\/en\/product\/kelopipo-neuleohje-fi\/","name":"Kelopipo ohje \/ knit pattern (FI, EN, SE, DE, FR) - Villahullu","isPartOf":{"@id":"https:\/\/villahullu.fi\/en\/#website"},"primaryImageOfPage":{"@id":"https:\/\/villahullu.fi\/en\/product\/kelopipo-neuleohje-fi\/#primaryimage"},"image":{"@id":"https:\/\/villahullu.fi\/en\/product\/kelopipo-neuleohje-fi\/#primaryimage"},"thumbnailUrl":"https:\/\/villahullu.fi\/wp-content\/uploads\/2021\/07\/kelopipo-ohje-pattern-kuva.jpg","datePublished":"2021-07-28T14:11:03+00:00","dateModified":"2024-09-01T06:23:50+00:00","breadcrumb":{"@id":"https:\/\/villahullu.fi\/en\/product\/kelopipo-neuleohje-fi\/#breadcrumb"},"inLanguage":"en-US","potentialAction":[{"@type":"ReadAction","target":["https:\/\/villahullu.fi\/en\/product\/kelopipo-neuleohje-fi\/"]}]},{"@type":"ImageObject","inLanguage":"en-US","@id":"https:\/\/villahullu.fi\/en\/product\/kelopipo-neuleohje-fi\/#primaryimage","url":"https:\/\/villahullu.fi\/wp-content\/uploads\/2021\/07\/kelopipo-ohje-pattern-kuva.jpg","contentUrl":"https:\/\/villahullu.fi\/wp-content\/uploads\/2021\/07\/kelopipo-ohje-pattern-kuva.jpg","width":940,"height":788},{"@type":"BreadcrumbList","@id":"https:\/\/villahullu.fi\/en\/product\/kelopipo-neuleohje-fi\/#breadcrumb","itemListElement":[{"@type":"ListItem","position":1,"name":"Etusivu","item":"https:\/\/villahullu.fi\/en\/"},{"@type":"ListItem","position":2,"name":"Shop","item":"https:\/\/villahullu.fi\/en\/shop\/"},{"@type":"ListItem","position":3,"name":"Kelopipo ohje \/ knit pattern (FI, EN, SE, DE, FR)"}]},{"@type":"WebSite","@id":"https:\/\/villahullu.fi\/en\/#website","url":"https:\/\/villahullu.fi\/en\/","name":"Villahullu","description":"Villapaitoja ja neulontaohjeita","publisher":{"@id":"https:\/\/villahullu.fi\/en\/#organization"},"potentialAction":[{"@type":"SearchAction","target":{"@type":"EntryPoint","urlTemplate":"https:\/\/villahullu.fi\/en\/?s={search_term_string}"},"query-input":{"@type":"PropertyValueSpecification","valueRequired":true,"valueName":"search_term_string"}}],"inLanguage":"en-US"},{"@type":"Organization","@id":"https:\/\/villahullu.fi\/en\/#organization","name":"Villahullu","url":"https:\/\/villahullu.fi\/en\/","logo":{"@type":"ImageObject","inLanguage":"en-US","@id":"https:\/\/villahullu.fi\/en\/#\/schema\/logo\/image\/","url":"https:\/\/villahullu.fi\/wp-content\/uploads\/2021\/06\/logo.png","contentUrl":"https:\/\/villahullu.fi\/wp-content\/uploads\/2021\/06\/logo.png","width":374,"height":98,"caption":"Villahullu"},"image":{"@id":"https:\/\/villahullu.fi\/en\/#\/schema\/logo\/image\/"},"sameAs":["https:\/\/www.facebook.com\/villahullu\/","https:\/\/www.instagram.com\/villahullu\/"]}]}},"jetpack_sharing_enabled":true,"_links":{"self":[{"href":"https:\/\/villahullu.fi\/en\/wp-json\/wp\/v2\/product\/202","targetHints":{"allow":["GET"]}}],"collection":[{"href":"https:\/\/villahullu.fi\/en\/wp-json\/wp\/v2\/product"}],"about":[{"href":"https:\/\/villahullu.fi\/en\/wp-json\/wp\/v2\/types\/product"}],"replies":[{"embeddable":true,"href":"https:\/\/villahullu.fi\/en\/wp-json\/wp\/v2\/comments?post=202"}],"wp:featuredmedia":[{"embeddable":true,"href":"https:\/\/villahullu.fi\/en\/wp-json\/wp\/v2\/media\/385"}],"wp:attachment":[{"href":"https:\/\/villahullu.fi\/en\/wp-json\/wp\/v2\/media?parent=202"}],"wp:term":[{"taxonomy":"product_brand","embeddable":true,"href":"https:\/\/villahullu.fi\/en\/wp-json\/wp\/v2\/product_brand?post=202"},{"taxonomy":"product_cat","embeddable":true,"href":"https:\/\/villahullu.fi\/en\/wp-json\/wp\/v2\/product_cat?post=202"},{"taxonomy":"product_tag","embeddable":true,"href":"https:\/\/villahullu.fi\/en\/wp-json\/wp\/v2\/product_tag?post=202"}],"curies":[{"name":"wp","href":"https:\/\/api.w.org\/{rel}","templated":true}]}}