{"id":19694,"date":"2025-01-20T15:00:54","date_gmt":"2025-01-20T13:00:54","guid":{"rendered":"https:\/\/villahullu.fi\/?post_type=product&#038;p=19694"},"modified":"2025-10-06T13:19:36","modified_gmt":"2025-10-06T10:19:36","slug":"ellaneule","status":"publish","type":"product","link":"https:\/\/villahullu.fi\/en\/product\/ellaneule\/","title":{"rendered":"Ellaneule ohje FI, EN"},"content":{"rendered":"<p><img loading=\"lazy\" decoding=\"async\" class=\"alignnone size-medium wp-image-19699\" src=\"https:\/\/villahullu.fi\/wp-content\/uploads\/2025\/01\/Ellaneule-300x251.png\" alt=\"\" width=\"300\" height=\"251\" \/>\u00a0<img loading=\"lazy\" decoding=\"async\" class=\"alignnone size-medium wp-image-19697\" src=\"https:\/\/villahullu.fi\/wp-content\/uploads\/2025\/01\/anne-toikka-225x300.jpg\" alt=\"\" width=\"225\" height=\"300\" srcset=\"https:\/\/villahullu.fi\/wp-content\/uploads\/2025\/01\/anne-toikka-225x300.jpg 225w, https:\/\/villahullu.fi\/wp-content\/uploads\/2025\/01\/anne-toikka-rotated.jpg 480w\" sizes=\"(max-width: 225px) 100vw, 225px\" \/> \u00a0<img loading=\"lazy\" decoding=\"async\" class=\"alignnone size-medium wp-image-19695\" src=\"https:\/\/villahullu.fi\/wp-content\/uploads\/2025\/01\/@warras_knits-225x300.jpeg\" alt=\"\" width=\"225\" height=\"300\" srcset=\"https:\/\/villahullu.fi\/wp-content\/uploads\/2025\/01\/@warras_knits-225x300.jpeg 225w, https:\/\/villahullu.fi\/wp-content\/uploads\/2025\/01\/@warras_knits.jpeg 480w\" sizes=\"(max-width: 225px) 100vw, 225px\" \/> <img loading=\"lazy\" decoding=\"async\" class=\"alignnone size-medium wp-image-19701\" src=\"https:\/\/villahullu.fi\/wp-content\/uploads\/2025\/01\/jasmina-kyto-225x300.jpeg\" alt=\"\" width=\"225\" height=\"300\" \/> <img loading=\"lazy\" decoding=\"async\" class=\"alignnone size-medium wp-image-19705\" src=\"https:\/\/villahullu.fi\/wp-content\/uploads\/2025\/01\/patricia-weckman-283x300.jpg\" alt=\"\" width=\"283\" height=\"300\" \/> <img loading=\"lazy\" decoding=\"async\" class=\"alignnone size-medium wp-image-19707\" src=\"https:\/\/villahullu.fi\/wp-content\/uploads\/2025\/01\/riikka-muotka-225x300.jpg\" alt=\"\" width=\"225\" height=\"300\" \/> <img loading=\"lazy\" decoding=\"async\" class=\"alignnone size-medium wp-image-19709\" src=\"https:\/\/villahullu.fi\/wp-content\/uploads\/2025\/01\/terhipirnes-225x300.jpg\" alt=\"\" width=\"225\" height=\"300\" \/> <img loading=\"lazy\" decoding=\"async\" class=\"alignnone size-medium wp-image-19711\" src=\"https:\/\/villahullu.fi\/wp-content\/uploads\/2025\/01\/20241226_101148-225x300.jpg\" alt=\"\" width=\"225\" height=\"300\" \/><\/p>\n<p><strong><em>Saat automaattisesti tilausvahvistuksen s\u00e4hk\u00f6postiisi heti maksusuorituksen j\u00e4lkeen. L\u00f6yd\u00e4t latauslinkin ohjeeseen tilausvahvistuksesta kohdasta miss\u00e4 lukee \u2019Lataa\u2019. Tilausvahvistus saattaa menn\u00e4 roskapostikansioon.<\/em><\/strong><strong><em>Ohjeen toimitus tapahtuu ainoastaan s\u00e4hk\u00f6isesti, eik\u00e4 sit\u00e4 l\u00e4hetet\u00e4 erikseen postitse. On suositeltavaa, ett\u00e4 ohje tallennetaan heti omalle laitteelle. S\u00e4ilyt\u00e4 latauslinkki mahdollisia ohjeeseen my\u00f6hemmin tulevia p\u00e4ivityksi\u00e4 varten.<\/em><\/strong><\/p>\n<p><strong><em>You will automatically receive an order confirmation by email immediately after the payment has been completed. You can find the download link for the pattern in the order confirmation, under the section that says \u2018Download\u2019. Please note that the confirmation email may end up in your spam folder.<\/em><\/strong><strong><em>The pattern is delivered digitally only and will not be sent separately by post. It is recommended to save the pattern to your device right away. Please keep the download link for any future updates to the pattern.<\/em><\/strong><\/p>\n<p><strong>Koot XS, S, M, L, XL, 2XL, 3XL, 4XL, 5XL<\/strong><\/p>\n<p>Koot eiv\u00e4t ole standardeja. Tarkistathan sopivan koon paidan mitoista. Mitat ovat valmiin paidan mittoja. V\u00e4ljyysvaraa on noin 3\u20134 cm, joten mittaa oma rinnanymp\u00e4rys ja valitse koko, joka on noin 3\u20134 cm omaa rinnanymp\u00e4ryst\u00e4si isompi. Tai jos haluat v\u00e4ljemm\u00e4n neuleen, valitse viel\u00e4 isompi koko.<\/p>\n<p>Rinnanymp\u00e4rys<\/p>\n<p>(XS)82 (S)89 (M)95 (L)102 (XL)109 (2XL)115 (3XL)122 (4XL)129 (5XL)136 cm<\/p>\n<p>Alaosan leveys<\/p>\n<p>(XS)41 (S)44 (M)47 (L)51 (XL)54 (2XL)57 (3XL)61 (4XL)65 (5XL)67 cm<\/p>\n<p>Korkeus helmasta kainaloon<\/p>\n<p>(XS)35 (S)36 (M)37 (L)38 (XL)39 (2XL)40 (3XL)41 (4XL)42 (5XL)43 cm (tai haluttu)<\/p>\n<p>Hihan pituus<\/p>\n<p>(XS)48 (S)49 (M)50 (L-5XL)51 cm (tai haluttu)<\/p>\n<p>Koko ty\u00f6n korkeus<\/p>\n<p>(XS)56 (S)58 (M)60 (L)62 (XL)64 (2XL)66 (3XL)68 (4XL)70 (5XL)72 cm (tai haluttu)<\/p>\n<p><strong>Langan menekki <\/strong><\/p>\n<p>Koko ty\u00f6 neulotaan kahdella langalla yht\u00e4 aikaa.<\/p>\n<p>Drops Kid-Silk 25g color 53 (XS)7 (S-L)8 (XL-2XL)9 (3XL)10 (4XL)11 (5XL)12 kpl<\/p>\n<p>Mik\u00e4li haluat neuloa siten, ett\u00e4 molemmat langat tulevat omista kerist\u00e4\u00e4n, valitse ilmoitettua lukua seuraava kahdella jaollinen luku, ellei ilmoitettu luku ole jo valmiiksi kahdella jaollinen.<\/p>\n<p><strong>Neuletiheys <\/strong>10\u00d710 cm: 18 silmukkaa ja 27 krs sile\u00e4\u00e4 neuletta<\/p>\n<p>Vinkki: Mik\u00e4li saat liikaa silmukoita per 10 cm, vaihda paksumpiin puikkoihin. Jos saat liian v\u00e4h\u00e4n silmukoita per 10 cm, vaihda ohuempiin puikkoihin.<\/p>\n<p><strong>Tarvitset<\/strong><\/p>\n<p>&#8211; Py\u00f6r\u00f6puikko 4,5 mm (tai k\u00e4sialan mukaan) 80 ja 40 cm<\/p>\n<p>&#8211; 2 kpl 5 mm sukkapuikkoa<\/p>\n<p>&#8211; Silmukkamerkkej\u00e4 sek\u00e4 neulan. Virkkuukoukku voi olla avuksi silmukoiden poimimisessa.<\/p>\n<p><strong>Ty\u00f6ohje<\/strong><\/p>\n<p>Silmukat luodaan i-cord- menetelm\u00e4ll\u00e4. Alaosa neulotaan alhaalta yl\u00f6s py\u00f6r\u00f6n\u00e4 kainaloihin asti, jonka j\u00e4lkeen erotetaan etu- ja takakappale. Takakappale neulotaan erikseen ja etukappaleen molemmat puolet erikseen, jonka j\u00e4lkeen olat ommellaan yhteen. Kainaloaukoista poimitaan silmukat neuloen puikoille ja hihat neulotaan ylh\u00e4\u00e4lt\u00e4 alas ja p\u00e4\u00e4tell\u00e4\u00e4n i-cord-menetelm\u00e4ll\u00e4. Mallissa on v\u00e4lj\u00e4 v-aukkoinen p\u00e4\u00e4ntie.<\/p>\n<h2><strong>English<\/strong><\/h2>\n<p><strong>Sizes XS, S, M, L, XL, 2XL, 3XL, 4XL, 5XL<\/strong><\/p>\n<p>The sizes aren\u2019t standard. Please check the measures for the appropriate sweater size. The measurements are the measurements of the finished sweater. The design is intended to be worn with approx. 3-4 cm of positive ease, so measure your bust circumference and choose a size that is approx. 3-4 cm bigger. Or if you want more ease, choose even bigger.<\/p>\n<p>Chest circumference<\/p>\n<p>(XS)82 (S)89 (M)95 (L)102 (XL)109 (2XL)115 (3XL)122 (4XL)129 (5XL)136 cm<\/p>\n<p>Hem width<\/p>\n<p>(XS)41 (S)44 (M)47 (L)51 (XL)54 (2XL)57 (3XL)61 (4XL)65 (5XL)67 cm<\/p>\n<p>Length from hem to underarm<\/p>\n<p>(XS)35 (S)36 (M)37 (L)38 (XL)39 (2XL)40 (3XL)41 (4XL)42 (5XL)43 cm (or as desired)<\/p>\n<p>Sleeve length<\/p>\n<p>(XS)48 (S)49 (M)50 (L-5XL)51 cm (or as desired)<\/p>\n<p>Length from hem to shoulder<\/p>\n<p>(XS)56 (S)58 (M)60 (L)62 (XL)64 (2XL)66 (3XL)68 (4XL)70 (5XL)72 cm (or as desired)<\/p>\n<p><strong>Yarn consumption <\/strong><\/p>\n<p>The entire sweater is knit with two strands held together<\/p>\n<p>Drops Kid-Silk 25g color 53 (XS)7 (S-L)8 (XL-2XL)9 (3XL)10 (4XL)11 (5XL)12 balls<\/p>\n<p>If you want to work with each strand running from its own ball, choose the next number divisible by 2, unless the number of balls already is divisible by 2.<\/p>\n<p><strong>Gauge <\/strong>10\u00d710 cm: 18 sts and 27 rounds in stockinette stitch<\/p>\n<p>Tip: If you\u2019re getting too many sts per 10 cm, switch to a bigger needle size. If you\u2019re getting too few sts per 10 cm, switch to a smaller needle.<\/p>\n<p><strong>You will need<\/strong><\/p>\n<p>&#8211; Circular needle 4,5 mm (or as needed to obtain gauge) 80 and 40 cm<\/p>\n<p>&#8211; 2 double pointed needles 5 mm<\/p>\n<p>&#8211; Stitch markers and a tapestry needle. A crochet hook may help with picking up stitches.<\/p>\n<p><strong>Instructions<\/strong><\/p>\n<p>Stitches are cast on with an i-cord cast-on. Body is worked in the round from bottom up until the underarms where back and fronts are separated. Back and the fronts are all knit flat separately and shoulders are seamed. The design has a loose V-shaped neckline. Sleeve stitches are picked up and knit from the edges of the armhole and sleeves are knit in the round towards the wrist and bound off with an i-cord.<\/p>\n","protected":false},"excerpt":{"rendered":"<p>\u00a0 \u00a0 Saat automaattisesti tilausvahvistuksen s\u00e4hk\u00f6postiisi heti maksusuorituksen j\u00e4lkeen. L\u00f6yd\u00e4t latauslinkin ohjeeseen tilausvahvistuksesta kohdasta miss\u00e4 lukee \u2019Lataa\u2019. Tilausvahvistus saattaa menn\u00e4 roskapostikansioon.Ohjeen toimitus tapahtuu ainoastaan s\u00e4hk\u00f6isesti, eik\u00e4 sit\u00e4 l\u00e4hetet\u00e4 erikseen postitse. On suositeltavaa, ett\u00e4 ohje tallennetaan heti omalle laitteelle. S\u00e4ilyt\u00e4 latauslinkki mahdollisia ohjeeseen my\u00f6hemmin tulevia p\u00e4ivityksi\u00e4 varten. You will automatically receive an order confirmation by email [&hellip;]<\/p>\n","protected":false},"featured_media":21552,"comment_status":"closed","ping_status":"closed","template":"","meta":{"_et_pb_use_builder":"","_et_pb_old_content":"","_et_gb_content_width":""},"product_brand":[],"product_cat":[22],"product_tag":[],"class_list":{"0":"post-19694","1":"product","2":"type-product","3":"status-publish","4":"has-post-thumbnail","6":"product_cat-neuleohjeet","7":"product_shipping_class-pdf","9":"first","10":"instock","11":"downloadable","12":"taxable","13":"shipping-taxable","14":"purchasable","15":"product-type-simple"},"yoast_head":"<!-- This site is optimized with the Yoast SEO plugin v27.4 - https:\/\/yoast.com\/product\/yoast-seo-wordpress\/ -->\n<title>- Villahullu<\/title>\n<meta name=\"description\" content=\"H\u00f6yhenen kevyt, superpehmoinen sek\u00e4 l\u00e4mmin silkkimohairneule v\u00e4lj\u00e4ll\u00e4 v-p\u00e4\u00e4ntiell\u00e4.\" \/>\n<meta name=\"robots\" content=\"index, follow, max-snippet:-1, max-image-preview:large, max-video-preview:-1\" \/>\n<link rel=\"canonical\" href=\"https:\/\/villahullu.fi\/en\/product\/ellaneule\/\" \/>\n<meta property=\"og:locale\" content=\"en_US\" \/>\n<meta property=\"og:type\" content=\"article\" \/>\n<meta property=\"og:title\" content=\"- Villahullu\" \/>\n<meta property=\"og:description\" content=\"H\u00f6yhenen kevyt, superpehmoinen sek\u00e4 l\u00e4mmin silkkimohairneule v\u00e4lj\u00e4ll\u00e4 v-p\u00e4\u00e4ntiell\u00e4.\" \/>\n<meta property=\"og:url\" content=\"https:\/\/villahullu.fi\/en\/product\/ellaneule\/\" \/>\n<meta property=\"og:site_name\" content=\"Villahullu\" \/>\n<meta property=\"article:publisher\" content=\"https:\/\/www.facebook.com\/villahullu\/\" \/>\n<meta property=\"article:modified_time\" content=\"2025-10-06T10:19:36+00:00\" \/>\n<meta property=\"og:image\" content=\"https:\/\/villahullu.fi\/wp-content\/uploads\/2025\/01\/Ellaneule-pdf-kansi-803x1024.png\" \/>\n\t<meta property=\"og:image:width\" content=\"803\" \/>\n\t<meta property=\"og:image:height\" content=\"1024\" \/>\n\t<meta property=\"og:image:type\" content=\"image\/png\" \/>\n<meta name=\"twitter:card\" content=\"summary_large_image\" \/>\n<meta name=\"twitter:label1\" content=\"Est. reading time\" \/>\n\t<meta name=\"twitter:data1\" content=\"7 minutes\" \/>\n<script type=\"application\/ld+json\" class=\"yoast-schema-graph\">{\"@context\":\"https:\\\/\\\/schema.org\",\"@graph\":[{\"@type\":\"WebPage\",\"@id\":\"https:\\\/\\\/villahullu.fi\\\/en\\\/product\\\/ellaneule\\\/\",\"url\":\"https:\\\/\\\/villahullu.fi\\\/en\\\/product\\\/ellaneule\\\/\",\"name\":\"- Villahullu\",\"isPartOf\":{\"@id\":\"https:\\\/\\\/villahullu.fi\\\/en\\\/#website\"},\"primaryImageOfPage\":{\"@id\":\"https:\\\/\\\/villahullu.fi\\\/en\\\/product\\\/ellaneule\\\/#primaryimage\"},\"image\":{\"@id\":\"https:\\\/\\\/villahullu.fi\\\/en\\\/product\\\/ellaneule\\\/#primaryimage\"},\"thumbnailUrl\":\"https:\\\/\\\/villahullu.fi\\\/wp-content\\\/uploads\\\/2025\\\/01\\\/Ellaneule-pdf-kansi.png\",\"datePublished\":\"2025-01-20T13:00:54+00:00\",\"dateModified\":\"2025-10-06T10:19:36+00:00\",\"description\":\"H\u00f6yhenen kevyt, superpehmoinen sek\u00e4 l\u00e4mmin silkkimohairneule v\u00e4lj\u00e4ll\u00e4 v-p\u00e4\u00e4ntiell\u00e4.\",\"breadcrumb\":{\"@id\":\"https:\\\/\\\/villahullu.fi\\\/en\\\/product\\\/ellaneule\\\/#breadcrumb\"},\"inLanguage\":\"en-US\",\"potentialAction\":[{\"@type\":\"ReadAction\",\"target\":[\"https:\\\/\\\/villahullu.fi\\\/en\\\/product\\\/ellaneule\\\/\"]}]},{\"@type\":\"ImageObject\",\"inLanguage\":\"en-US\",\"@id\":\"https:\\\/\\\/villahullu.fi\\\/en\\\/product\\\/ellaneule\\\/#primaryimage\",\"url\":\"https:\\\/\\\/villahullu.fi\\\/wp-content\\\/uploads\\\/2025\\\/01\\\/Ellaneule-pdf-kansi.png\",\"contentUrl\":\"https:\\\/\\\/villahullu.fi\\\/wp-content\\\/uploads\\\/2025\\\/01\\\/Ellaneule-pdf-kansi.png\",\"width\":1569,\"height\":2000},{\"@type\":\"BreadcrumbList\",\"@id\":\"https:\\\/\\\/villahullu.fi\\\/en\\\/product\\\/ellaneule\\\/#breadcrumb\",\"itemListElement\":[{\"@type\":\"ListItem\",\"position\":1,\"name\":\"Etusivu\",\"item\":\"https:\\\/\\\/villahullu.fi\\\/en\\\/\"},{\"@type\":\"ListItem\",\"position\":2,\"name\":\"Shop\",\"item\":\"https:\\\/\\\/villahullu.fi\\\/en\\\/shop\\\/\"},{\"@type\":\"ListItem\",\"position\":3,\"name\":\"Ellaneule ohje FI, EN\"}]},{\"@type\":\"WebSite\",\"@id\":\"https:\\\/\\\/villahullu.fi\\\/en\\\/#website\",\"url\":\"https:\\\/\\\/villahullu.fi\\\/en\\\/\",\"name\":\"Villahullu\",\"description\":\"Villapaitoja ja neulontaohjeita\",\"publisher\":{\"@id\":\"https:\\\/\\\/villahullu.fi\\\/en\\\/#organization\"},\"potentialAction\":[{\"@type\":\"SearchAction\",\"target\":{\"@type\":\"EntryPoint\",\"urlTemplate\":\"https:\\\/\\\/villahullu.fi\\\/en\\\/?s={search_term_string}\"},\"query-input\":{\"@type\":\"PropertyValueSpecification\",\"valueRequired\":true,\"valueName\":\"search_term_string\"}}],\"inLanguage\":\"en-US\"},{\"@type\":\"Organization\",\"@id\":\"https:\\\/\\\/villahullu.fi\\\/en\\\/#organization\",\"name\":\"Villahullu\",\"url\":\"https:\\\/\\\/villahullu.fi\\\/en\\\/\",\"logo\":{\"@type\":\"ImageObject\",\"inLanguage\":\"en-US\",\"@id\":\"https:\\\/\\\/villahullu.fi\\\/en\\\/#\\\/schema\\\/logo\\\/image\\\/\",\"url\":\"https:\\\/\\\/villahullu.fi\\\/wp-content\\\/uploads\\\/2021\\\/06\\\/logo.png\",\"contentUrl\":\"https:\\\/\\\/villahullu.fi\\\/wp-content\\\/uploads\\\/2021\\\/06\\\/logo.png\",\"width\":374,\"height\":98,\"caption\":\"Villahullu\"},\"image\":{\"@id\":\"https:\\\/\\\/villahullu.fi\\\/en\\\/#\\\/schema\\\/logo\\\/image\\\/\"},\"sameAs\":[\"https:\\\/\\\/www.facebook.com\\\/villahullu\\\/\",\"https:\\\/\\\/www.instagram.com\\\/villahullu\\\/\"]}]}<\/script>\n<!-- \/ Yoast SEO plugin. -->","yoast_head_json":{"title":"- Villahullu","description":"H\u00f6yhenen kevyt, superpehmoinen sek\u00e4 l\u00e4mmin silkkimohairneule v\u00e4lj\u00e4ll\u00e4 v-p\u00e4\u00e4ntiell\u00e4.","robots":{"index":"index","follow":"follow","max-snippet":"max-snippet:-1","max-image-preview":"max-image-preview:large","max-video-preview":"max-video-preview:-1"},"canonical":"https:\/\/villahullu.fi\/en\/product\/ellaneule\/","og_locale":"en_US","og_type":"article","og_title":"- Villahullu","og_description":"H\u00f6yhenen kevyt, superpehmoinen sek\u00e4 l\u00e4mmin silkkimohairneule v\u00e4lj\u00e4ll\u00e4 v-p\u00e4\u00e4ntiell\u00e4.","og_url":"https:\/\/villahullu.fi\/en\/product\/ellaneule\/","og_site_name":"Villahullu","article_publisher":"https:\/\/www.facebook.com\/villahullu\/","article_modified_time":"2025-10-06T10:19:36+00:00","og_image":[{"width":803,"height":1024,"url":"https:\/\/villahullu.fi\/wp-content\/uploads\/2025\/01\/Ellaneule-pdf-kansi-803x1024.png","type":"image\/png"}],"twitter_card":"summary_large_image","twitter_misc":{"Est. reading time":"7 minutes"},"schema":{"@context":"https:\/\/schema.org","@graph":[{"@type":"WebPage","@id":"https:\/\/villahullu.fi\/en\/product\/ellaneule\/","url":"https:\/\/villahullu.fi\/en\/product\/ellaneule\/","name":"- Villahullu","isPartOf":{"@id":"https:\/\/villahullu.fi\/en\/#website"},"primaryImageOfPage":{"@id":"https:\/\/villahullu.fi\/en\/product\/ellaneule\/#primaryimage"},"image":{"@id":"https:\/\/villahullu.fi\/en\/product\/ellaneule\/#primaryimage"},"thumbnailUrl":"https:\/\/villahullu.fi\/wp-content\/uploads\/2025\/01\/Ellaneule-pdf-kansi.png","datePublished":"2025-01-20T13:00:54+00:00","dateModified":"2025-10-06T10:19:36+00:00","description":"H\u00f6yhenen kevyt, superpehmoinen sek\u00e4 l\u00e4mmin silkkimohairneule v\u00e4lj\u00e4ll\u00e4 v-p\u00e4\u00e4ntiell\u00e4.","breadcrumb":{"@id":"https:\/\/villahullu.fi\/en\/product\/ellaneule\/#breadcrumb"},"inLanguage":"en-US","potentialAction":[{"@type":"ReadAction","target":["https:\/\/villahullu.fi\/en\/product\/ellaneule\/"]}]},{"@type":"ImageObject","inLanguage":"en-US","@id":"https:\/\/villahullu.fi\/en\/product\/ellaneule\/#primaryimage","url":"https:\/\/villahullu.fi\/wp-content\/uploads\/2025\/01\/Ellaneule-pdf-kansi.png","contentUrl":"https:\/\/villahullu.fi\/wp-content\/uploads\/2025\/01\/Ellaneule-pdf-kansi.png","width":1569,"height":2000},{"@type":"BreadcrumbList","@id":"https:\/\/villahullu.fi\/en\/product\/ellaneule\/#breadcrumb","itemListElement":[{"@type":"ListItem","position":1,"name":"Etusivu","item":"https:\/\/villahullu.fi\/en\/"},{"@type":"ListItem","position":2,"name":"Shop","item":"https:\/\/villahullu.fi\/en\/shop\/"},{"@type":"ListItem","position":3,"name":"Ellaneule ohje FI, EN"}]},{"@type":"WebSite","@id":"https:\/\/villahullu.fi\/en\/#website","url":"https:\/\/villahullu.fi\/en\/","name":"Villahullu","description":"Villapaitoja ja neulontaohjeita","publisher":{"@id":"https:\/\/villahullu.fi\/en\/#organization"},"potentialAction":[{"@type":"SearchAction","target":{"@type":"EntryPoint","urlTemplate":"https:\/\/villahullu.fi\/en\/?s={search_term_string}"},"query-input":{"@type":"PropertyValueSpecification","valueRequired":true,"valueName":"search_term_string"}}],"inLanguage":"en-US"},{"@type":"Organization","@id":"https:\/\/villahullu.fi\/en\/#organization","name":"Villahullu","url":"https:\/\/villahullu.fi\/en\/","logo":{"@type":"ImageObject","inLanguage":"en-US","@id":"https:\/\/villahullu.fi\/en\/#\/schema\/logo\/image\/","url":"https:\/\/villahullu.fi\/wp-content\/uploads\/2021\/06\/logo.png","contentUrl":"https:\/\/villahullu.fi\/wp-content\/uploads\/2021\/06\/logo.png","width":374,"height":98,"caption":"Villahullu"},"image":{"@id":"https:\/\/villahullu.fi\/en\/#\/schema\/logo\/image\/"},"sameAs":["https:\/\/www.facebook.com\/villahullu\/","https:\/\/www.instagram.com\/villahullu\/"]}]}},"jetpack_sharing_enabled":true,"_links":{"self":[{"href":"https:\/\/villahullu.fi\/en\/wp-json\/wp\/v2\/product\/19694","targetHints":{"allow":["GET"]}}],"collection":[{"href":"https:\/\/villahullu.fi\/en\/wp-json\/wp\/v2\/product"}],"about":[{"href":"https:\/\/villahullu.fi\/en\/wp-json\/wp\/v2\/types\/product"}],"replies":[{"embeddable":true,"href":"https:\/\/villahullu.fi\/en\/wp-json\/wp\/v2\/comments?post=19694"}],"wp:featuredmedia":[{"embeddable":true,"href":"https:\/\/villahullu.fi\/en\/wp-json\/wp\/v2\/media\/21552"}],"wp:attachment":[{"href":"https:\/\/villahullu.fi\/en\/wp-json\/wp\/v2\/media?parent=19694"}],"wp:term":[{"taxonomy":"product_brand","embeddable":true,"href":"https:\/\/villahullu.fi\/en\/wp-json\/wp\/v2\/product_brand?post=19694"},{"taxonomy":"product_cat","embeddable":true,"href":"https:\/\/villahullu.fi\/en\/wp-json\/wp\/v2\/product_cat?post=19694"},{"taxonomy":"product_tag","embeddable":true,"href":"https:\/\/villahullu.fi\/en\/wp-json\/wp\/v2\/product_tag?post=19694"}],"curies":[{"name":"wp","href":"https:\/\/api.w.org\/{rel}","templated":true}]}}