{"id":1939,"date":"2021-11-19T17:35:23","date_gmt":"2021-11-19T15:35:23","guid":{"rendered":"https:\/\/villahullu.fi\/?post_type=product&#038;p=1939"},"modified":"2024-09-01T09:23:46","modified_gmt":"2024-09-01T06:23:46","slug":"loimuneule-lite-ohje-knitpattern-fi-en-us","status":"publish","type":"product","link":"https:\/\/villahullu.fi\/en\/product\/loimuneule-lite-ohje-knitpattern-fi-en-us\/","title":{"rendered":"Loimuneule Lite ohje \/ knit pattern (FI, EN\/US, DE, FR, SE)"},"content":{"rendered":"<p><img loading=\"lazy\" decoding=\"async\" class=\"alignnone size-medium wp-image-6515\" src=\"https:\/\/villahullu.fi\/wp-content\/uploads\/2021\/11\/264A3764-300x195.jpg\" alt=\"\" width=\"300\" height=\"195\" \/><\/p>\n<h2><img loading=\"lazy\" decoding=\"async\" class=\"alignnone size-medium wp-image-6509\" src=\"https:\/\/villahullu.fi\/wp-content\/uploads\/2021\/11\/IMG_20220417_180931_688-240x300.jpg\" alt=\"\" width=\"240\" height=\"300\" \/><img loading=\"lazy\" decoding=\"async\" class=\"alignnone size-medium wp-image-1952\" src=\"https:\/\/villahullu.fi\/wp-content\/uploads\/2021\/11\/IMG_20211113_101645_471-241x300.jpg\" alt=\"\" width=\"241\" height=\"300\" \/><img loading=\"lazy\" decoding=\"async\" class=\"alignnone size-medium wp-image-1958\" src=\"https:\/\/villahullu.fi\/wp-content\/uploads\/2021\/11\/IMG_20211019_180739_115-240x300.jpg\" alt=\"\" width=\"240\" height=\"300\" \/><img loading=\"lazy\" decoding=\"async\" class=\"alignnone size-medium wp-image-1944\" src=\"https:\/\/villahullu.fi\/wp-content\/uploads\/2021\/11\/Screenshot_20211119_140845-251x300.jpg\" alt=\"\" width=\"251\" height=\"300\" \/><img loading=\"lazy\" decoding=\"async\" class=\"alignnone size-medium wp-image-6511\" src=\"https:\/\/villahullu.fi\/wp-content\/uploads\/2021\/11\/IMG_20220407_073030_621-240x300.jpg\" alt=\"\" width=\"240\" height=\"300\" \/><img loading=\"lazy\" decoding=\"async\" class=\"alignnone size-medium wp-image-1954\" src=\"https:\/\/villahullu.fi\/wp-content\/uploads\/2021\/11\/IMG_20211026_171900_687-240x300.jpg\" alt=\"\" width=\"240\" height=\"300\" \/><img loading=\"lazy\" decoding=\"async\" class=\"alignnone size-medium wp-image-1946\" src=\"https:\/\/villahullu.fi\/wp-content\/uploads\/2021\/11\/Screenshot_20211116_154415_edit_287932750758667-242x300.jpg\" alt=\"\" width=\"242\" height=\"300\" \/><img loading=\"lazy\" decoding=\"async\" class=\"alignnone size-medium wp-image-1948\" src=\"https:\/\/villahullu.fi\/wp-content\/uploads\/2021\/11\/Screenshot_20211116_154045_com.instagram.android_edit_281977253100722-259x300.jpg\" alt=\"\" width=\"259\" height=\"300\" \/> <img loading=\"lazy\" decoding=\"async\" class=\"alignnone size-medium wp-image-1950\" src=\"https:\/\/villahullu.fi\/wp-content\/uploads\/2021\/11\/IMG_20211118_173517_117-240x300.jpg\" alt=\"\" width=\"240\" height=\"300\" \/><\/h2>\n<p><strong><em>Neuleohje on ladattavissa heti maksusuorituksen j\u00e4lkeen tilauksen yhteydess\u00e4 ilmoittamastasi s\u00e4hk\u00f6posti<\/em><\/strong><strong><em>os<\/em><\/strong><strong><em>oitteesta. (Tarkastathan my\u00f6s roskapostikansion.) Ohjeen toimitus tapahtuu ainoastaan s\u00e4hk\u00f6isesti, eik\u00e4 sit\u00e4 l\u00e4hetet\u00e4 erikseen postitse. On suositeltavaa, ett\u00e4 ohje tallennetaan heti omalle laitteelle.<br \/>\n<\/em><\/strong><\/p>\n<p><strong><em>Knit pattern can be downloaded immediately after payment from the e-mail you provided with your order. (Remember to check also the junk mail folder.) The patter<\/em><\/strong><strong><em>n is delivered only electronically and is not send separately by post. It is recommended that you save the pattern to your device immediately. You can find all the languages mentioned in the tittle in the same pdf file.<br \/>\n<\/em><\/strong><\/p>\n<p><strong>Koot XS, S, M, L, XL, XXL<\/strong><\/p>\n<p>Koot ovat viitteellisi\u00e4. Tarkistatahan sopivan koon paidan mitoista. Mitat ovat valmiin paidan mittoja.<\/p>\n<p>Rinnanymp\u00e4rys (XS)83 (S)89 (M)94 (L)107 (XL)115,5 (XXL)124 cm<\/p>\n<p>Alaosan leveys (XS)42 (S)44 (M)47 (L)54 (XL)58 (XXL)62 cm<\/p>\n<p>Pituus helmasta kainaloon (XS)40 (S)41 (M)43 (L)44 (XL)45 (XXL)46 cm (tai haluttu pituus)<\/p>\n<p>Hihan pituus (XS)48 (S)49 (M)50 (L)51 (XL)52 (XXL)54 cm (tai haluttu pituus)<\/p>\n<p><strong>Langan menekki Lettlopi 50g ker\u00e4<\/strong><\/p>\n<p>P\u00e4\u00e4v\u00e4ri 9427 Rust heather (XS)7 (S)7 (M)8 (L)9 (XL)9 (XXL)10<\/p>\n<p>A 0005 Black heather (XS)1 (S)1 (M)1 (L)1 (XL)1 (XXL)2<\/p>\n<p>B 1412 Pink heather (XS)1 (S)1 (M)1 (L)1 (XL)2 (XXL)2<\/p>\n<p>C 0051 White\u00a0 (XS)1 (S)1 (M)2 (L)2 (XL)2 (XXL)2<\/p>\n<p><strong>Puikot<\/strong><br \/>\nPy\u00f6r\u00f6puikko 3,5mm 80cm<br \/>\nPy\u00f6r\u00f6puikko 4,5mm 80cm<br \/>\nSukkapuikot 3,5mm ja 4,5mm<br \/>\n(Mik\u00e4li et k\u00e4yt\u00e4 Magic loop- tekniikkaa,<br \/>\ntarvitset my\u00f6s py\u00f6r\u00f6puikot 3,5mm ja 4,5mm 40cm)<\/p>\n<p><strong>Neuletiheys<\/strong><br \/>\n10\u00d710 cm: 18 silmukkaa ja 24 rivi\u00e4 4,5mm puikoilla<\/p>\n<p><strong>Ty\u00f6ohje<\/strong><\/p>\n<p>Neulo alaosa ja hihat py\u00f6r\u00f6n\u00e4 alhaalta yl\u00f6s. Yhdist\u00e4 kainalossa alaosa sek\u00e4 hihat samalle puikolle<br \/>\nja neulo kaarroke py\u00f6r\u00f6n\u00e4. Alaosassa kerros alkaa vasemmasta sivusta, mutta yhdist\u00e4misen<br \/>\nj\u00e4lkeen kohdasta, jossa takakappale ja vasen hiha on yhdistetty.<\/p>\n<p><strong>Katso lis\u00e4\u00e4 kuvia Instagramissa #loimuneulelite ja #loimuneule- tagien takaa.<\/strong><\/p>\n<h2><strong>English<\/strong><\/h2>\n<p>The sizes are indicative. Please check the measures for the appropriate sweater size.<\/p>\n<p>The measurements are the measurements of the finished sweater.<\/p>\n<p>&nbsp;<\/p>\n<p>Bust circumference (XS)83 (S)89 (M)94 (L)107 (XL)115,5 (XXL)124 cm<\/p>\n<p>(XS)32.6 (S)35 (M)37 (L)42.1 (XL)45.4 (XXL)48.8 cm<\/p>\n<p>Body width (XS)42 (S)44 (M)47 (L)54 (XL)58 (XXL)62 cm<\/p>\n<p>(XS)16.5 (S)17.3 (M)18.5 (L)21.2 (XL)22.8 (XXL)24.4 inches<\/p>\n<p>Body length (XS)40 (S)41 (M)43 (L)44 (XL)45 (XXL)46 cm (or desired)<\/p>\n<p>(XS)15.7 (S)16.1 (M)16.9 (L)17.3 (XL)17.7 (XXL)18.1 inches<\/p>\n<p>Sleeve length (XS)48 (S)49 (M)50 (L)51 (XL)52 (XXL)54 cm (or desired)<\/p>\n<p>(XS)18.9 (S)19.3 (M)23.2 (L)20 (XL)20.5 (XXL)21.2 inches<\/p>\n<p><strong>Yarn Lettl<\/strong><strong>opi 50g ball<\/strong><\/p>\n<p>MC 9427 Rust heather\u00a0 (XS)7 (S)7 (M)8 (L)9 (XL)9 (XXL)10<\/p>\n<p>A\u00a0 0005 Black heather (XS)1 (S)1 (M)1 (L)1 (XL)1 (XXL)2<\/p>\n<p>B\u00a0 1412 Pink heather (XS)1 (S)1 (M)1 (L)1 (XL)2 (XXL)2<\/p>\n<p>C\u00a0 0051 White (XS)1 (S)1 (M)2 (L)2 (XL)2 (XXL)2<\/p>\n<p><strong>Needles:<\/strong><br \/>\nCircular needle 3.5mm 80cm US 4, 32\u201d<br \/>\nCircular needle 4.5mm 80cm US 7, 32\u201d<br \/>\nDouble pointed needles 3.5mm and 4.5mm US 4 and 7<br \/>\n(If you don\u2019t use the magic loop- technique,<br \/>\nyou will need to use circular needle 3.5mm and 4.5mm 40cm US 4 and 7, 16\u201d)<\/p>\n<p><strong>Gauge<\/strong><br \/>\n10\u00d710 cm: 18 stitches and 24 rows using needle size 4.5mm<\/p>\n<p><strong>Instuctions<\/strong><br \/>\nWork body in the round on circular needle, bottom up. Work sleeves in the round on double pointed needles or circular needle using the Magic loop- technique. Slip sleeves on to same circular needle as body.<\/p>\n<p><strong>You can see more color choices on Instagram by #loimuneulelite or #loimuneule<br \/>\n<\/strong><\/p>\n<h2><strong>Deutsch<\/strong><\/h2>\n<p><strong>Gr\u00f6sse XS, S, M, L, XL, XXL<\/strong><\/p>\n<p>Die Gr\u00f6\u00dfen sind Richtwerte. Bitte \u00fcberpr\u00fcfe deine Ma\u00dfe f\u00fcr die entsprechenden Pullover-Ma\u00dfe. Die angegebenen Ma\u00dfe sind die Ma\u00dfe des fertigen Sweaters.<\/p>\n<p>Brustumfang\u00a0\u00a0\u00a0\u00a0\u00a0\u00a0\u00a0\u00a0\u00a0\u00a0\u00a0\u00a0\u00a0\u00a0 (XS)83 (S)89 (M)94 (L)107 (XL)115,5 (XXL)124 cm<\/p>\n<p>K\u00f6rper Breite\u00a0\u00a0\u00a0\u00a0\u00a0\u00a0\u00a0\u00a0\u00a0\u00a0\u00a0\u00a0\u00a0 (XS)42 (S)44 (M)47 (L)54 (XL)58 (XXL)62\u00a0cm<\/p>\n<p>K\u00f6rper L\u00e4nge\u00a0\u00a0\u00a0\u00a0\u00a0\u00a0\u00a0\u00a0\u00a0\u00a0\u00a0\u00a0\u00a0 (XS)40 (S)41 (M)43 (L)44 (XL)45 (XXL)46\u00a0cm (oder gew\u00fcnschte L\u00e4nge)<\/p>\n<p>\u00c4rmel L\u00e4nge\u00a0\u00a0\u00a0\u00a0\u00a0\u00a0\u00a0\u00a0\u00a0\u00a0\u00a0\u00a0\u00a0\u00a0 (XS)48 (S)49 (M)50 (L)51 (XL)52 (XXL)54\u00a0cm (oder gew\u00fcnschte L\u00e4nge)<\/p>\n<p><strong>Garn Lettlopi 50\u00a0g Kn\u00e4uel<\/strong><\/p>\n<p>HF (Hauptfarbe) 9427 Rust heather\u00a0\u00a0 (XS)7 (S)7 (M)8 (L)9 (XL)9 (XXL)10<\/p>\n<p>A\u00a0 0005 Black heather (XS)1 (S)1 (M)1 (L)1 (XL)1 (XXL)2<\/p>\n<p>B\u00a0 1412 Pink heather (XS)1 (S)1 (M)1 (L)1 (XL)2 (XXL)2<\/p>\n<p>C\u00a0 0051 White (XS)1 (S)1 (M)2 (L)2 (XL)2 (XXL)2<\/p>\n<p><strong>Nadeln<\/strong><br \/>\n3.5 mm Rundstricknadel, 80 cm lang<br \/>\n4.5\u00a0mm Rundstricknadel, 80\u00a0cm lang<br \/>\n3.5\u00a0mm und 4.5\u00a0mm Nadelspiel<br \/>\n(Wenn du nicht mit Magic-Loop arbeiten m\u00f6chtest, ben\u00f6tigst du zudem eine 3.5\u00a0mm und 4.5\u00a0mm Rundstricknadel von 40\u00a0cm L\u00e4nge)<\/p>\n<p><strong>Maschenprobe<\/strong><br \/>\n10\u00d710\u00a0cm = 18\u00a0M (Maschen) und 24\u00a0Reihen mit Nadelst\u00e4rke 4.5\u00a0mm<\/p>\n<p><strong>Anleitung<\/strong><br \/>\nDas Vorder- und R\u00fcckenteil (K\u00f6rper) werden gleichzeitg in Runden auf der Rundstricknadel, von unten nach oben, gestrickt. Auch die \u00c4rmel werden in Runden mit dem Nadelspiel oder mit der Rundstricknadel und der Magic-Loop-Methode gestrickt. \u00dcbertrage dann die \u00c4rmel auf die Rundstricknadel des K\u00f6rperteils.<\/p>\n<p><strong>Instagram<\/strong><br \/>\nDu kannst weitere Farbkombinationen unter dem Hashtag #loimuneule oder #loimuneulelite finden.<\/p>\n<h2><strong>French<\/strong><\/h2>\n<p><strong>Tailles XS, S, M, L, XL, XXL<\/strong><\/p>\n<p><strong>Buste<\/strong> (XS)42 (S)44 (M)47 (L)54 (XL)58 (XXL)62\u00a0cm<br \/>\n(XS)16\u00bd (S)17 (M)18\u00bd (L)21 (XL)23 (XXL)24\u00bd\u00a0inches<br \/>\n<strong>Corps longueur<\/strong> (XS)40 (S)41 (M)43 (L)44 (XL)45 (XXL)46\u00a0cm (ou longueur souhait\u00e9e)<br \/>\n(XS)16\u00bd (S)17 (M)18\u00bd (L)21 (XL)23 (XXL)24\u00bd\u00a0inches<br \/>\n<strong>Manches longueur<\/strong> (XS)48 (S)49 (M)50 (L)51 (XL)52 (XXL)54\u00a0cm (ou longueur souhait\u00e9e)<br \/>\n(XS)19 (S)19\u00bd(M)20 (L)20\u00bd (XL)20\u00bd (XXL)21\u00a0inches<\/p>\n<p><strong>Laine Lettlopi, 1 pelote \u00e0 50\u00a0g<\/strong><\/p>\n<p>CP (couleur principale) 9427 Rust heather (XS)7 (S)7 (M)8 (L)9 (XL)9 (XXL)10<\/p>\n<p>A\u00a0 0005 Black heather (XS)1 (S)1 (M)1 (L)1 (XL)1 (XXL)2<\/p>\n<p>B\u00a0 1412 Pink heather (XS)1 (S)1 (M)1 (L)1 (XL)2 (XXL)2<\/p>\n<p>C\u00a0 0051 White (XS)1 (S)1 (M)2 (L)2 (XL)2 (XXL)2<\/p>\n<p><strong>Aiguilles<\/strong><br \/>\nCirculaire de 3.5\u00a0mm avec c\u00e2ble de 80\u00a0cm US 4, 32\u201d<br \/>\nCirculaire de 4.5 mm avec c\u00e2ble de 80 cm US 7, 32\u201d<br \/>\n3.5 mm and 4.5 mm double pointes US 4 et 7\u201d<br \/>\n(Si tu ne pratiques pas la technique \u00ab magic loop \u00bb, tu as \u00e9galement besoin d\u2019aiguilles circulaires de 3.5 mm et 4.5 mm avec un c\u00e2ble de 40 cm US 4 et 7, 16\u201d)<\/p>\n<p><strong>Echantillon<\/strong><br \/>\n10\u00d710\u00a0cm = 18\u00a0mailles (m) et 24\u00a0rangs avec l\u2019aiguille de 4.5\u00a0mm<\/p>\n<p><strong>Instructions<\/strong><br \/>\nLe corps est tricot\u00e9 en rond avec les aiguilles circulaires, du bas en haut. Les manches sont \u00e9galement tricot\u00e9es en rond avec les double pointes ou avec les aiguilles circulaires si tu pratiques la technique de \u00ab magic loop \u00bb. Les manches sont ensuite port\u00e9es sur l\u2019aiguille circulaire du corps.<\/p>\n<p><strong>Instagram<\/strong><br \/>\nTu peux trouver plus de choix de couleurs sous le hashtag #loimuneule ou #loimuneulelite<\/p>\n<h2><strong>Svenska<\/strong><\/h2>\n<p><strong>Storlekar XS, S, M, L, XL, XXL<\/strong><strong>\u00a0<\/strong><\/p>\n<p>Storlekarna \u00e4r riktgivande. J\u00e4mf\u00f6r g\u00e4rna m\u00e5tten med en tr\u00f6ja i l\u00e4mplig storlek. M\u00e5tten g\u00e4ller f\u00f6r den f\u00e4rdiga tr\u00f6jan.<\/p>\n<p>\u00d6vervidd (XS)83 (S)89 (M)94 (L)107 (XL)115,5 (XXL)124 cm<\/p>\n<p>B\u00e5lens bredd (XS)42 (S)44 (M)47 (L)54 (XL)58 (XXL)62 cm<\/p>\n<p>L\u00e4ngd fr\u00e5n nederkant till armh\u00e5la (XS)40 (S)41 (M)43 (L)44 (XL)45 (XXL)46 cm (eller \u00f6nskad l\u00e4ngd)<\/p>\n<p>\u00c4rmens l\u00e4ngd (XS)48 (S)49 (M)50 (L)51 (XL)52 (XXL)54 cm (eller \u00f6nskad l\u00e4ngd)<\/p>\n<p><strong>Yarn Lettlopi 50g nystan<\/strong><\/p>\n<p>Grundf\u00e4rg 9427 Rust heather (XS)7 (S)7 (M)8 (L)9 (XL)9 (XXL)10<\/p>\n<p>A\u00a0 0005 Black heather (XS)1 (S)1 (M)1 (L)1 (XL)1 (XXL)2<\/p>\n<p>B\u00a0 1412 Pink heather (XS)1 (S)1 (M)1 (L)1 (XL)2 (XXL)2<\/p>\n<p>C\u00a0 0051 White (XS)1 (S)1 (M)2 (L)2 (XL)2 (XXL)2<\/p>\n<p><strong>Stickor:<\/strong><br \/>\nRundsticka 3,5 mm 80 cm, Rundsticka 4,5 mm 80 cm, strumpstickor 3,5 mm och 4,5 mm.<br \/>\n(Om du inte anv\u00e4nder magic loop tekniken d\u00e5 beh\u00f6ver du \u00e4ven rundsticka 3,5 mm och 4,5 mm 40 cm f\u00f6r halslinning.)<\/p>\n<p><strong>Stickfasthet<\/strong>: 10\u00d710 cm: 18 maskor p\u00e5 bredden och 24 varv med sl\u00e4tstickning p\u00e5 stickor 4,5 mm<\/p>\n<p><strong>Instruktioner:<\/strong><br \/>\nSticka kroppen runt p\u00e5 rundsticka, nerifr\u00e5n och upp. Sticka \u00e4rmarna runt p\u00e5 strumpstickor eller rundstickor med Magic loop-tekniken. Sticka p\u00e5 \u00e4rmarna p\u00e5 samma rundsticka som kroppen.<\/p>\n<p><strong>Instagram:<\/strong><br \/>\nDu kan hitta flera f\u00e4rgkombinationer med #loimuneulelite<\/p>\n","protected":false},"excerpt":{"rendered":"<p>Neuleohje on ladattavissa heti maksusuorituksen j\u00e4lkeen tilauksen yhteydess\u00e4 ilmoittamastasi s\u00e4hk\u00f6postiosoitteesta. (Tarkastathan my\u00f6s roskapostikansion.) Ohjeen toimitus tapahtuu ainoastaan s\u00e4hk\u00f6isesti, eik\u00e4 sit\u00e4 l\u00e4hetet\u00e4 erikseen postitse. On suositeltavaa, ett\u00e4 ohje tallennetaan heti omalle laitteelle. Knit pattern can be downloaded immediately after payment from the e-mail you provided with your order. (Remember to check also the junk mail folder.) [&hellip;]<\/p>\n","protected":false},"featured_media":1940,"comment_status":"closed","ping_status":"closed","template":"","meta":{"_et_pb_use_builder":"","_et_pb_old_content":"","_et_gb_content_width":""},"product_brand":[],"product_cat":[22],"product_tag":[],"class_list":{"0":"post-1939","1":"product","2":"type-product","3":"status-publish","4":"has-post-thumbnail","6":"product_cat-neuleohjeet","7":"product_shipping_class-pdf","9":"first","10":"instock","11":"downloadable","12":"taxable","13":"shipping-taxable","14":"purchasable","15":"product-type-simple"},"yoast_head":"<!-- This site is optimized with the Yoast SEO plugin v27.4 - https:\/\/yoast.com\/product\/yoast-seo-wordpress\/ -->\n<title>Loimuneule Lite ohje \/ knit pattern (FI, EN\/US, DE, FR, SE) - Villahullu<\/title>\n<meta name=\"robots\" content=\"index, follow, max-snippet:-1, max-image-preview:large, max-video-preview:-1\" \/>\n<link rel=\"canonical\" href=\"https:\/\/villahullu.fi\/en\/product\/loimuneule-lite-ohje-knitpattern-fi-en-us\/\" \/>\n<meta property=\"og:locale\" content=\"en_US\" \/>\n<meta property=\"og:type\" content=\"article\" \/>\n<meta property=\"og:title\" content=\"Loimuneule Lite ohje \/ knit pattern (FI, EN\/US, DE, FR, SE) - Villahullu\" \/>\n<meta property=\"og:description\" content=\"Neuleohje on ladattavissa heti maksusuorituksen j\u00e4lkeen tilauksen yhteydess\u00e4 ilmoittamastasi s\u00e4hk\u00f6postiosoitteesta. (Tarkastathan my\u00f6s roskapostikansion.) Ohjeen toimitus tapahtuu ainoastaan s\u00e4hk\u00f6isesti, eik\u00e4 sit\u00e4 l\u00e4hetet\u00e4 erikseen postitse. On suositeltavaa, ett\u00e4 ohje tallennetaan heti omalle laitteelle. Knit pattern can be downloaded immediately after payment from the e-mail you provided with your order. (Remember to check also the junk mail folder.) [&hellip;]\" \/>\n<meta property=\"og:url\" content=\"https:\/\/villahullu.fi\/en\/product\/loimuneule-lite-ohje-knitpattern-fi-en-us\/\" \/>\n<meta property=\"og:site_name\" content=\"Villahullu\" \/>\n<meta property=\"article:publisher\" content=\"https:\/\/www.facebook.com\/villahullu\/\" \/>\n<meta property=\"article:modified_time\" content=\"2024-09-01T06:23:46+00:00\" \/>\n<meta property=\"og:image\" content=\"https:\/\/villahullu.fi\/wp-content\/uploads\/2021\/11\/canva.jpg\" \/>\n\t<meta property=\"og:image:width\" content=\"940\" \/>\n\t<meta property=\"og:image:height\" content=\"788\" \/>\n\t<meta property=\"og:image:type\" content=\"image\/jpeg\" \/>\n<meta name=\"twitter:card\" content=\"summary_large_image\" \/>\n<meta name=\"twitter:label1\" content=\"Est. reading time\" \/>\n\t<meta name=\"twitter:data1\" content=\"10 minutes\" \/>\n<script type=\"application\/ld+json\" class=\"yoast-schema-graph\">{\"@context\":\"https:\\\/\\\/schema.org\",\"@graph\":[{\"@type\":\"WebPage\",\"@id\":\"https:\\\/\\\/villahullu.fi\\\/en\\\/product\\\/loimuneule-lite-ohje-knitpattern-fi-en-us\\\/\",\"url\":\"https:\\\/\\\/villahullu.fi\\\/en\\\/product\\\/loimuneule-lite-ohje-knitpattern-fi-en-us\\\/\",\"name\":\"Loimuneule Lite ohje \\\/ knit pattern (FI, EN\\\/US, DE, FR, SE) - Villahullu\",\"isPartOf\":{\"@id\":\"https:\\\/\\\/villahullu.fi\\\/en\\\/#website\"},\"primaryImageOfPage\":{\"@id\":\"https:\\\/\\\/villahullu.fi\\\/en\\\/product\\\/loimuneule-lite-ohje-knitpattern-fi-en-us\\\/#primaryimage\"},\"image\":{\"@id\":\"https:\\\/\\\/villahullu.fi\\\/en\\\/product\\\/loimuneule-lite-ohje-knitpattern-fi-en-us\\\/#primaryimage\"},\"thumbnailUrl\":\"https:\\\/\\\/villahullu.fi\\\/wp-content\\\/uploads\\\/2021\\\/11\\\/canva.jpg\",\"datePublished\":\"2021-11-19T15:35:23+00:00\",\"dateModified\":\"2024-09-01T06:23:46+00:00\",\"breadcrumb\":{\"@id\":\"https:\\\/\\\/villahullu.fi\\\/en\\\/product\\\/loimuneule-lite-ohje-knitpattern-fi-en-us\\\/#breadcrumb\"},\"inLanguage\":\"en-US\",\"potentialAction\":[{\"@type\":\"ReadAction\",\"target\":[\"https:\\\/\\\/villahullu.fi\\\/en\\\/product\\\/loimuneule-lite-ohje-knitpattern-fi-en-us\\\/\"]}]},{\"@type\":\"ImageObject\",\"inLanguage\":\"en-US\",\"@id\":\"https:\\\/\\\/villahullu.fi\\\/en\\\/product\\\/loimuneule-lite-ohje-knitpattern-fi-en-us\\\/#primaryimage\",\"url\":\"https:\\\/\\\/villahullu.fi\\\/wp-content\\\/uploads\\\/2021\\\/11\\\/canva.jpg\",\"contentUrl\":\"https:\\\/\\\/villahullu.fi\\\/wp-content\\\/uploads\\\/2021\\\/11\\\/canva.jpg\",\"width\":940,\"height\":788},{\"@type\":\"BreadcrumbList\",\"@id\":\"https:\\\/\\\/villahullu.fi\\\/en\\\/product\\\/loimuneule-lite-ohje-knitpattern-fi-en-us\\\/#breadcrumb\",\"itemListElement\":[{\"@type\":\"ListItem\",\"position\":1,\"name\":\"Etusivu\",\"item\":\"https:\\\/\\\/villahullu.fi\\\/en\\\/\"},{\"@type\":\"ListItem\",\"position\":2,\"name\":\"Shop\",\"item\":\"https:\\\/\\\/villahullu.fi\\\/en\\\/shop\\\/\"},{\"@type\":\"ListItem\",\"position\":3,\"name\":\"Loimuneule Lite ohje \\\/ knit pattern (FI, EN\\\/US, DE, FR, SE)\"}]},{\"@type\":\"WebSite\",\"@id\":\"https:\\\/\\\/villahullu.fi\\\/en\\\/#website\",\"url\":\"https:\\\/\\\/villahullu.fi\\\/en\\\/\",\"name\":\"Villahullu\",\"description\":\"Villapaitoja ja neulontaohjeita\",\"publisher\":{\"@id\":\"https:\\\/\\\/villahullu.fi\\\/en\\\/#organization\"},\"potentialAction\":[{\"@type\":\"SearchAction\",\"target\":{\"@type\":\"EntryPoint\",\"urlTemplate\":\"https:\\\/\\\/villahullu.fi\\\/en\\\/?s={search_term_string}\"},\"query-input\":{\"@type\":\"PropertyValueSpecification\",\"valueRequired\":true,\"valueName\":\"search_term_string\"}}],\"inLanguage\":\"en-US\"},{\"@type\":\"Organization\",\"@id\":\"https:\\\/\\\/villahullu.fi\\\/en\\\/#organization\",\"name\":\"Villahullu\",\"url\":\"https:\\\/\\\/villahullu.fi\\\/en\\\/\",\"logo\":{\"@type\":\"ImageObject\",\"inLanguage\":\"en-US\",\"@id\":\"https:\\\/\\\/villahullu.fi\\\/en\\\/#\\\/schema\\\/logo\\\/image\\\/\",\"url\":\"https:\\\/\\\/villahullu.fi\\\/wp-content\\\/uploads\\\/2021\\\/06\\\/logo.png\",\"contentUrl\":\"https:\\\/\\\/villahullu.fi\\\/wp-content\\\/uploads\\\/2021\\\/06\\\/logo.png\",\"width\":374,\"height\":98,\"caption\":\"Villahullu\"},\"image\":{\"@id\":\"https:\\\/\\\/villahullu.fi\\\/en\\\/#\\\/schema\\\/logo\\\/image\\\/\"},\"sameAs\":[\"https:\\\/\\\/www.facebook.com\\\/villahullu\\\/\",\"https:\\\/\\\/www.instagram.com\\\/villahullu\\\/\"]}]}<\/script>\n<!-- \/ Yoast SEO plugin. -->","yoast_head_json":{"title":"Loimuneule Lite ohje \/ knit pattern (FI, EN\/US, DE, FR, SE) - Villahullu","robots":{"index":"index","follow":"follow","max-snippet":"max-snippet:-1","max-image-preview":"max-image-preview:large","max-video-preview":"max-video-preview:-1"},"canonical":"https:\/\/villahullu.fi\/en\/product\/loimuneule-lite-ohje-knitpattern-fi-en-us\/","og_locale":"en_US","og_type":"article","og_title":"Loimuneule Lite ohje \/ knit pattern (FI, EN\/US, DE, FR, SE) - Villahullu","og_description":"Neuleohje on ladattavissa heti maksusuorituksen j\u00e4lkeen tilauksen yhteydess\u00e4 ilmoittamastasi s\u00e4hk\u00f6postiosoitteesta. (Tarkastathan my\u00f6s roskapostikansion.) Ohjeen toimitus tapahtuu ainoastaan s\u00e4hk\u00f6isesti, eik\u00e4 sit\u00e4 l\u00e4hetet\u00e4 erikseen postitse. On suositeltavaa, ett\u00e4 ohje tallennetaan heti omalle laitteelle. Knit pattern can be downloaded immediately after payment from the e-mail you provided with your order. (Remember to check also the junk mail folder.) [&hellip;]","og_url":"https:\/\/villahullu.fi\/en\/product\/loimuneule-lite-ohje-knitpattern-fi-en-us\/","og_site_name":"Villahullu","article_publisher":"https:\/\/www.facebook.com\/villahullu\/","article_modified_time":"2024-09-01T06:23:46+00:00","og_image":[{"width":940,"height":788,"url":"https:\/\/villahullu.fi\/wp-content\/uploads\/2021\/11\/canva.jpg","type":"image\/jpeg"}],"twitter_card":"summary_large_image","twitter_misc":{"Est. reading time":"10 minutes"},"schema":{"@context":"https:\/\/schema.org","@graph":[{"@type":"WebPage","@id":"https:\/\/villahullu.fi\/en\/product\/loimuneule-lite-ohje-knitpattern-fi-en-us\/","url":"https:\/\/villahullu.fi\/en\/product\/loimuneule-lite-ohje-knitpattern-fi-en-us\/","name":"Loimuneule Lite ohje \/ knit pattern (FI, EN\/US, DE, FR, SE) - Villahullu","isPartOf":{"@id":"https:\/\/villahullu.fi\/en\/#website"},"primaryImageOfPage":{"@id":"https:\/\/villahullu.fi\/en\/product\/loimuneule-lite-ohje-knitpattern-fi-en-us\/#primaryimage"},"image":{"@id":"https:\/\/villahullu.fi\/en\/product\/loimuneule-lite-ohje-knitpattern-fi-en-us\/#primaryimage"},"thumbnailUrl":"https:\/\/villahullu.fi\/wp-content\/uploads\/2021\/11\/canva.jpg","datePublished":"2021-11-19T15:35:23+00:00","dateModified":"2024-09-01T06:23:46+00:00","breadcrumb":{"@id":"https:\/\/villahullu.fi\/en\/product\/loimuneule-lite-ohje-knitpattern-fi-en-us\/#breadcrumb"},"inLanguage":"en-US","potentialAction":[{"@type":"ReadAction","target":["https:\/\/villahullu.fi\/en\/product\/loimuneule-lite-ohje-knitpattern-fi-en-us\/"]}]},{"@type":"ImageObject","inLanguage":"en-US","@id":"https:\/\/villahullu.fi\/en\/product\/loimuneule-lite-ohje-knitpattern-fi-en-us\/#primaryimage","url":"https:\/\/villahullu.fi\/wp-content\/uploads\/2021\/11\/canva.jpg","contentUrl":"https:\/\/villahullu.fi\/wp-content\/uploads\/2021\/11\/canva.jpg","width":940,"height":788},{"@type":"BreadcrumbList","@id":"https:\/\/villahullu.fi\/en\/product\/loimuneule-lite-ohje-knitpattern-fi-en-us\/#breadcrumb","itemListElement":[{"@type":"ListItem","position":1,"name":"Etusivu","item":"https:\/\/villahullu.fi\/en\/"},{"@type":"ListItem","position":2,"name":"Shop","item":"https:\/\/villahullu.fi\/en\/shop\/"},{"@type":"ListItem","position":3,"name":"Loimuneule Lite ohje \/ knit pattern (FI, EN\/US, DE, FR, SE)"}]},{"@type":"WebSite","@id":"https:\/\/villahullu.fi\/en\/#website","url":"https:\/\/villahullu.fi\/en\/","name":"Villahullu","description":"Villapaitoja ja neulontaohjeita","publisher":{"@id":"https:\/\/villahullu.fi\/en\/#organization"},"potentialAction":[{"@type":"SearchAction","target":{"@type":"EntryPoint","urlTemplate":"https:\/\/villahullu.fi\/en\/?s={search_term_string}"},"query-input":{"@type":"PropertyValueSpecification","valueRequired":true,"valueName":"search_term_string"}}],"inLanguage":"en-US"},{"@type":"Organization","@id":"https:\/\/villahullu.fi\/en\/#organization","name":"Villahullu","url":"https:\/\/villahullu.fi\/en\/","logo":{"@type":"ImageObject","inLanguage":"en-US","@id":"https:\/\/villahullu.fi\/en\/#\/schema\/logo\/image\/","url":"https:\/\/villahullu.fi\/wp-content\/uploads\/2021\/06\/logo.png","contentUrl":"https:\/\/villahullu.fi\/wp-content\/uploads\/2021\/06\/logo.png","width":374,"height":98,"caption":"Villahullu"},"image":{"@id":"https:\/\/villahullu.fi\/en\/#\/schema\/logo\/image\/"},"sameAs":["https:\/\/www.facebook.com\/villahullu\/","https:\/\/www.instagram.com\/villahullu\/"]}]}},"jetpack_sharing_enabled":true,"_links":{"self":[{"href":"https:\/\/villahullu.fi\/en\/wp-json\/wp\/v2\/product\/1939","targetHints":{"allow":["GET"]}}],"collection":[{"href":"https:\/\/villahullu.fi\/en\/wp-json\/wp\/v2\/product"}],"about":[{"href":"https:\/\/villahullu.fi\/en\/wp-json\/wp\/v2\/types\/product"}],"replies":[{"embeddable":true,"href":"https:\/\/villahullu.fi\/en\/wp-json\/wp\/v2\/comments?post=1939"}],"wp:featuredmedia":[{"embeddable":true,"href":"https:\/\/villahullu.fi\/en\/wp-json\/wp\/v2\/media\/1940"}],"wp:attachment":[{"href":"https:\/\/villahullu.fi\/en\/wp-json\/wp\/v2\/media?parent=1939"}],"wp:term":[{"taxonomy":"product_brand","embeddable":true,"href":"https:\/\/villahullu.fi\/en\/wp-json\/wp\/v2\/product_brand?post=1939"},{"taxonomy":"product_cat","embeddable":true,"href":"https:\/\/villahullu.fi\/en\/wp-json\/wp\/v2\/product_cat?post=1939"},{"taxonomy":"product_tag","embeddable":true,"href":"https:\/\/villahullu.fi\/en\/wp-json\/wp\/v2\/product_tag?post=1939"}],"curies":[{"name":"wp","href":"https:\/\/api.w.org\/{rel}","templated":true}]}}