{"id":16402,"date":"2024-03-12T20:33:06","date_gmt":"2024-03-12T18:33:06","guid":{"rendered":"https:\/\/villahullu.fi\/?post_type=product&#038;p=16402"},"modified":"2024-09-01T09:22:51","modified_gmt":"2024-09-01T06:22:51","slug":"javriranneke-johkaranneke-rommaranneke-ohje-fi","status":"publish","type":"product","link":"https:\/\/villahullu.fi\/en\/product\/javriranneke-johkaranneke-rommaranneke-ohje-fi\/","title":{"rendered":"Javriranneke, Johkaranneke, Rommaranneke ohje (FI)"},"content":{"rendered":"<p><strong><em>Neuleohje on ladattavissa heti maksusuorituksen j\u00e4lkeen tilauksen yhteydess\u00e4 ilmoittamastasi s\u00e4hk\u00f6postiosoitteesta. (Tarkastathan my\u00f6s roskapostikansion.) Ohjeen toimitus tapahtuu ainoastaan s\u00e4hk\u00f6isesti, eik\u00e4 sit\u00e4 l\u00e4hetet\u00e4 erikseen postitse. On suositeltavaa, ett\u00e4 ohje tallennetaan heti omalle laitteelle.<\/em><\/strong><\/p>\n<h2><strong>Javriranneke<\/strong><\/h2>\n<p><img loading=\"lazy\" decoding=\"async\" class=\"alignnone size-medium wp-image-16406\" src=\"https:\/\/villahullu.fi\/wp-content\/uploads\/2024\/03\/IMG_20240312_202314_913-258x300.webp\" alt=\"\" width=\"258\" height=\"300\" \/><\/p>\n<p><strong>Onesize<\/strong><\/p>\n<p><strong>Langan menekki <\/strong>Lettlopia yhteens\u00e4 noin 50 g<\/p>\n<p><strong>Neuletiheys <\/strong>10 cm = 18 s sile\u00e4\u00e4 neuletta<\/p>\n<p><strong>Puikot <\/strong>Sukkapuikot 4,5 mm tai k\u00e4sialan mukaan (napakammat saa 3,5 mm puikoilla)<\/p>\n<p><strong>Ty\u00f6ohje <\/strong>Ty\u00f6 neulotaan varresta aloittaen.<\/p>\n<h2><strong>Johkaranneke<\/strong><\/h2>\n<p><img loading=\"lazy\" decoding=\"async\" class=\"alignnone size-medium wp-image-16404\" src=\"https:\/\/villahullu.fi\/wp-content\/uploads\/2024\/03\/IMG_20240312_202314_907-258x300.webp\" alt=\"\" width=\"258\" height=\"300\" \/><\/p>\n<p><strong>Onesize<\/strong><\/p>\n<p><strong>Langan menekki <\/strong>Lettlopia yhteens\u00e4 noin 60 g<\/p>\n<p><strong>Neuletiheys <\/strong>10 cm = 18 s sile\u00e4\u00e4 neuletta<\/p>\n<p><strong>Puikot <\/strong>Sukkapuikot 4,5 mm tai k\u00e4sialan mukaan (napakammat saa 3,5 mm puikoilla)<\/p>\n<p><strong>Ty\u00f6ohje <\/strong>Ty\u00f6 neulotaan varresta aloittaen.<\/p>\n<h2><strong>Rommaranneke<\/strong><\/h2>\n<p><img loading=\"lazy\" decoding=\"async\" class=\"alignnone size-medium wp-image-16408\" src=\"https:\/\/villahullu.fi\/wp-content\/uploads\/2024\/03\/IMG_20240312_202314_928-259x300.webp\" alt=\"\" width=\"259\" height=\"300\" \/><\/p>\n<p><strong>Onesize<\/strong><\/p>\n<p><strong>Langan menekki <\/strong>Novitan 7 Veljest\u00e4 noin 100 g<\/p>\n<p><strong>Neuletiheys <\/strong>10 cm = 20 s sile\u00e4\u00e4 neuletta<\/p>\n<p><strong>Puikot \u00a0<\/strong>Sukkapuikot 3,5 mm tai k\u00e4sialan mukaan (napakammat saa 3mm puikoilla)<\/p>\n<p><strong>Ty\u00f6ohje <\/strong>Ty\u00f6 neulotaan varresta aloittaen.<\/p>\n","protected":false},"excerpt":{"rendered":"<p>Neuleohje on ladattavissa heti maksusuorituksen j\u00e4lkeen tilauksen yhteydess\u00e4 ilmoittamastasi s\u00e4hk\u00f6postiosoitteesta. (Tarkastathan my\u00f6s roskapostikansion.) Ohjeen toimitus tapahtuu ainoastaan s\u00e4hk\u00f6isesti, eik\u00e4 sit\u00e4 l\u00e4hetet\u00e4 erikseen postitse. On suositeltavaa, ett\u00e4 ohje tallennetaan heti omalle laitteelle. Javriranneke Onesize Langan menekki Lettlopia yhteens\u00e4 noin 50 g Neuletiheys 10 cm = 18 s sile\u00e4\u00e4 neuletta Puikot Sukkapuikot 4,5 mm tai k\u00e4sialan mukaan [&hellip;]<\/p>\n","protected":false},"featured_media":16410,"comment_status":"closed","ping_status":"closed","template":"","meta":{"_et_pb_use_builder":"","_et_pb_old_content":"","_et_gb_content_width":""},"product_brand":[],"product_cat":[22],"product_tag":[],"class_list":{"0":"post-16402","1":"product","2":"type-product","3":"status-publish","4":"has-post-thumbnail","6":"product_cat-neuleohjeet","7":"product_shipping_class-pdf","9":"first","10":"instock","11":"downloadable","12":"taxable","13":"shipping-taxable","14":"purchasable","15":"product-type-simple"},"yoast_head":"<!-- This site is optimized with the Yoast SEO plugin v27.4 - https:\/\/yoast.com\/product\/yoast-seo-wordpress\/ -->\n<title>Javriranneke, Johkaranneke, Rommaranneke ohje (FI) - Villahullu<\/title>\n<meta name=\"robots\" content=\"index, follow, max-snippet:-1, max-image-preview:large, max-video-preview:-1\" \/>\n<link rel=\"canonical\" href=\"https:\/\/villahullu.fi\/en\/product\/javriranneke-johkaranneke-rommaranneke-ohje-fi\/\" \/>\n<meta property=\"og:locale\" content=\"en_US\" \/>\n<meta property=\"og:type\" content=\"article\" \/>\n<meta property=\"og:title\" content=\"Javriranneke, Johkaranneke, Rommaranneke ohje (FI) - Villahullu\" \/>\n<meta property=\"og:description\" content=\"Neuleohje on ladattavissa heti maksusuorituksen j\u00e4lkeen tilauksen yhteydess\u00e4 ilmoittamastasi s\u00e4hk\u00f6postiosoitteesta. (Tarkastathan my\u00f6s roskapostikansion.) Ohjeen toimitus tapahtuu ainoastaan s\u00e4hk\u00f6isesti, eik\u00e4 sit\u00e4 l\u00e4hetet\u00e4 erikseen postitse. On suositeltavaa, ett\u00e4 ohje tallennetaan heti omalle laitteelle. Javriranneke Onesize Langan menekki Lettlopia yhteens\u00e4 noin 50 g Neuletiheys 10 cm = 18 s sile\u00e4\u00e4 neuletta Puikot Sukkapuikot 4,5 mm tai k\u00e4sialan mukaan [&hellip;]\" \/>\n<meta property=\"og:url\" content=\"https:\/\/villahullu.fi\/en\/product\/javriranneke-johkaranneke-rommaranneke-ohje-fi\/\" \/>\n<meta property=\"og:site_name\" content=\"Villahullu\" \/>\n<meta property=\"article:publisher\" content=\"https:\/\/www.facebook.com\/villahullu\/\" \/>\n<meta property=\"article:modified_time\" content=\"2024-09-01T06:22:51+00:00\" \/>\n<meta property=\"og:image\" content=\"https:\/\/villahullu.fi\/wp-content\/uploads\/2024\/03\/Rannekkeet.png\" \/>\n\t<meta property=\"og:image:width\" content=\"940\" \/>\n\t<meta property=\"og:image:height\" content=\"788\" \/>\n\t<meta property=\"og:image:type\" content=\"image\/png\" \/>\n<meta name=\"twitter:card\" content=\"summary_large_image\" \/>\n<meta name=\"twitter:label1\" content=\"Est. reading time\" \/>\n\t<meta name=\"twitter:data1\" content=\"2 minutes\" \/>\n<script type=\"application\/ld+json\" class=\"yoast-schema-graph\">{\"@context\":\"https:\\\/\\\/schema.org\",\"@graph\":[{\"@type\":\"WebPage\",\"@id\":\"https:\\\/\\\/villahullu.fi\\\/en\\\/product\\\/javriranneke-johkaranneke-rommaranneke-ohje-fi\\\/\",\"url\":\"https:\\\/\\\/villahullu.fi\\\/en\\\/product\\\/javriranneke-johkaranneke-rommaranneke-ohje-fi\\\/\",\"name\":\"Javriranneke, Johkaranneke, Rommaranneke ohje (FI) - Villahullu\",\"isPartOf\":{\"@id\":\"https:\\\/\\\/villahullu.fi\\\/en\\\/#website\"},\"primaryImageOfPage\":{\"@id\":\"https:\\\/\\\/villahullu.fi\\\/en\\\/product\\\/javriranneke-johkaranneke-rommaranneke-ohje-fi\\\/#primaryimage\"},\"image\":{\"@id\":\"https:\\\/\\\/villahullu.fi\\\/en\\\/product\\\/javriranneke-johkaranneke-rommaranneke-ohje-fi\\\/#primaryimage\"},\"thumbnailUrl\":\"https:\\\/\\\/villahullu.fi\\\/wp-content\\\/uploads\\\/2024\\\/03\\\/Rannekkeet.png\",\"datePublished\":\"2024-03-12T18:33:06+00:00\",\"dateModified\":\"2024-09-01T06:22:51+00:00\",\"breadcrumb\":{\"@id\":\"https:\\\/\\\/villahullu.fi\\\/en\\\/product\\\/javriranneke-johkaranneke-rommaranneke-ohje-fi\\\/#breadcrumb\"},\"inLanguage\":\"en-US\",\"potentialAction\":[{\"@type\":\"ReadAction\",\"target\":[\"https:\\\/\\\/villahullu.fi\\\/en\\\/product\\\/javriranneke-johkaranneke-rommaranneke-ohje-fi\\\/\"]}]},{\"@type\":\"ImageObject\",\"inLanguage\":\"en-US\",\"@id\":\"https:\\\/\\\/villahullu.fi\\\/en\\\/product\\\/javriranneke-johkaranneke-rommaranneke-ohje-fi\\\/#primaryimage\",\"url\":\"https:\\\/\\\/villahullu.fi\\\/wp-content\\\/uploads\\\/2024\\\/03\\\/Rannekkeet.png\",\"contentUrl\":\"https:\\\/\\\/villahullu.fi\\\/wp-content\\\/uploads\\\/2024\\\/03\\\/Rannekkeet.png\",\"width\":940,\"height\":788},{\"@type\":\"BreadcrumbList\",\"@id\":\"https:\\\/\\\/villahullu.fi\\\/en\\\/product\\\/javriranneke-johkaranneke-rommaranneke-ohje-fi\\\/#breadcrumb\",\"itemListElement\":[{\"@type\":\"ListItem\",\"position\":1,\"name\":\"Etusivu\",\"item\":\"https:\\\/\\\/villahullu.fi\\\/en\\\/\"},{\"@type\":\"ListItem\",\"position\":2,\"name\":\"Shop\",\"item\":\"https:\\\/\\\/villahullu.fi\\\/en\\\/shop\\\/\"},{\"@type\":\"ListItem\",\"position\":3,\"name\":\"Javriranneke, Johkaranneke, Rommaranneke ohje (FI)\"}]},{\"@type\":\"WebSite\",\"@id\":\"https:\\\/\\\/villahullu.fi\\\/en\\\/#website\",\"url\":\"https:\\\/\\\/villahullu.fi\\\/en\\\/\",\"name\":\"Villahullu\",\"description\":\"Villapaitoja ja neulontaohjeita\",\"publisher\":{\"@id\":\"https:\\\/\\\/villahullu.fi\\\/en\\\/#organization\"},\"potentialAction\":[{\"@type\":\"SearchAction\",\"target\":{\"@type\":\"EntryPoint\",\"urlTemplate\":\"https:\\\/\\\/villahullu.fi\\\/en\\\/?s={search_term_string}\"},\"query-input\":{\"@type\":\"PropertyValueSpecification\",\"valueRequired\":true,\"valueName\":\"search_term_string\"}}],\"inLanguage\":\"en-US\"},{\"@type\":\"Organization\",\"@id\":\"https:\\\/\\\/villahullu.fi\\\/en\\\/#organization\",\"name\":\"Villahullu\",\"url\":\"https:\\\/\\\/villahullu.fi\\\/en\\\/\",\"logo\":{\"@type\":\"ImageObject\",\"inLanguage\":\"en-US\",\"@id\":\"https:\\\/\\\/villahullu.fi\\\/en\\\/#\\\/schema\\\/logo\\\/image\\\/\",\"url\":\"https:\\\/\\\/villahullu.fi\\\/wp-content\\\/uploads\\\/2021\\\/06\\\/logo.png\",\"contentUrl\":\"https:\\\/\\\/villahullu.fi\\\/wp-content\\\/uploads\\\/2021\\\/06\\\/logo.png\",\"width\":374,\"height\":98,\"caption\":\"Villahullu\"},\"image\":{\"@id\":\"https:\\\/\\\/villahullu.fi\\\/en\\\/#\\\/schema\\\/logo\\\/image\\\/\"},\"sameAs\":[\"https:\\\/\\\/www.facebook.com\\\/villahullu\\\/\",\"https:\\\/\\\/www.instagram.com\\\/villahullu\\\/\"]}]}<\/script>\n<!-- \/ Yoast SEO plugin. -->","yoast_head_json":{"title":"Javriranneke, Johkaranneke, Rommaranneke ohje (FI) - Villahullu","robots":{"index":"index","follow":"follow","max-snippet":"max-snippet:-1","max-image-preview":"max-image-preview:large","max-video-preview":"max-video-preview:-1"},"canonical":"https:\/\/villahullu.fi\/en\/product\/javriranneke-johkaranneke-rommaranneke-ohje-fi\/","og_locale":"en_US","og_type":"article","og_title":"Javriranneke, Johkaranneke, Rommaranneke ohje (FI) - Villahullu","og_description":"Neuleohje on ladattavissa heti maksusuorituksen j\u00e4lkeen tilauksen yhteydess\u00e4 ilmoittamastasi s\u00e4hk\u00f6postiosoitteesta. (Tarkastathan my\u00f6s roskapostikansion.) Ohjeen toimitus tapahtuu ainoastaan s\u00e4hk\u00f6isesti, eik\u00e4 sit\u00e4 l\u00e4hetet\u00e4 erikseen postitse. On suositeltavaa, ett\u00e4 ohje tallennetaan heti omalle laitteelle. Javriranneke Onesize Langan menekki Lettlopia yhteens\u00e4 noin 50 g Neuletiheys 10 cm = 18 s sile\u00e4\u00e4 neuletta Puikot Sukkapuikot 4,5 mm tai k\u00e4sialan mukaan [&hellip;]","og_url":"https:\/\/villahullu.fi\/en\/product\/javriranneke-johkaranneke-rommaranneke-ohje-fi\/","og_site_name":"Villahullu","article_publisher":"https:\/\/www.facebook.com\/villahullu\/","article_modified_time":"2024-09-01T06:22:51+00:00","og_image":[{"width":940,"height":788,"url":"https:\/\/villahullu.fi\/wp-content\/uploads\/2024\/03\/Rannekkeet.png","type":"image\/png"}],"twitter_card":"summary_large_image","twitter_misc":{"Est. reading time":"2 minutes"},"schema":{"@context":"https:\/\/schema.org","@graph":[{"@type":"WebPage","@id":"https:\/\/villahullu.fi\/en\/product\/javriranneke-johkaranneke-rommaranneke-ohje-fi\/","url":"https:\/\/villahullu.fi\/en\/product\/javriranneke-johkaranneke-rommaranneke-ohje-fi\/","name":"Javriranneke, Johkaranneke, Rommaranneke ohje (FI) - Villahullu","isPartOf":{"@id":"https:\/\/villahullu.fi\/en\/#website"},"primaryImageOfPage":{"@id":"https:\/\/villahullu.fi\/en\/product\/javriranneke-johkaranneke-rommaranneke-ohje-fi\/#primaryimage"},"image":{"@id":"https:\/\/villahullu.fi\/en\/product\/javriranneke-johkaranneke-rommaranneke-ohje-fi\/#primaryimage"},"thumbnailUrl":"https:\/\/villahullu.fi\/wp-content\/uploads\/2024\/03\/Rannekkeet.png","datePublished":"2024-03-12T18:33:06+00:00","dateModified":"2024-09-01T06:22:51+00:00","breadcrumb":{"@id":"https:\/\/villahullu.fi\/en\/product\/javriranneke-johkaranneke-rommaranneke-ohje-fi\/#breadcrumb"},"inLanguage":"en-US","potentialAction":[{"@type":"ReadAction","target":["https:\/\/villahullu.fi\/en\/product\/javriranneke-johkaranneke-rommaranneke-ohje-fi\/"]}]},{"@type":"ImageObject","inLanguage":"en-US","@id":"https:\/\/villahullu.fi\/en\/product\/javriranneke-johkaranneke-rommaranneke-ohje-fi\/#primaryimage","url":"https:\/\/villahullu.fi\/wp-content\/uploads\/2024\/03\/Rannekkeet.png","contentUrl":"https:\/\/villahullu.fi\/wp-content\/uploads\/2024\/03\/Rannekkeet.png","width":940,"height":788},{"@type":"BreadcrumbList","@id":"https:\/\/villahullu.fi\/en\/product\/javriranneke-johkaranneke-rommaranneke-ohje-fi\/#breadcrumb","itemListElement":[{"@type":"ListItem","position":1,"name":"Etusivu","item":"https:\/\/villahullu.fi\/en\/"},{"@type":"ListItem","position":2,"name":"Shop","item":"https:\/\/villahullu.fi\/en\/shop\/"},{"@type":"ListItem","position":3,"name":"Javriranneke, Johkaranneke, Rommaranneke ohje (FI)"}]},{"@type":"WebSite","@id":"https:\/\/villahullu.fi\/en\/#website","url":"https:\/\/villahullu.fi\/en\/","name":"Villahullu","description":"Villapaitoja ja neulontaohjeita","publisher":{"@id":"https:\/\/villahullu.fi\/en\/#organization"},"potentialAction":[{"@type":"SearchAction","target":{"@type":"EntryPoint","urlTemplate":"https:\/\/villahullu.fi\/en\/?s={search_term_string}"},"query-input":{"@type":"PropertyValueSpecification","valueRequired":true,"valueName":"search_term_string"}}],"inLanguage":"en-US"},{"@type":"Organization","@id":"https:\/\/villahullu.fi\/en\/#organization","name":"Villahullu","url":"https:\/\/villahullu.fi\/en\/","logo":{"@type":"ImageObject","inLanguage":"en-US","@id":"https:\/\/villahullu.fi\/en\/#\/schema\/logo\/image\/","url":"https:\/\/villahullu.fi\/wp-content\/uploads\/2021\/06\/logo.png","contentUrl":"https:\/\/villahullu.fi\/wp-content\/uploads\/2021\/06\/logo.png","width":374,"height":98,"caption":"Villahullu"},"image":{"@id":"https:\/\/villahullu.fi\/en\/#\/schema\/logo\/image\/"},"sameAs":["https:\/\/www.facebook.com\/villahullu\/","https:\/\/www.instagram.com\/villahullu\/"]}]}},"jetpack_sharing_enabled":true,"_links":{"self":[{"href":"https:\/\/villahullu.fi\/en\/wp-json\/wp\/v2\/product\/16402","targetHints":{"allow":["GET"]}}],"collection":[{"href":"https:\/\/villahullu.fi\/en\/wp-json\/wp\/v2\/product"}],"about":[{"href":"https:\/\/villahullu.fi\/en\/wp-json\/wp\/v2\/types\/product"}],"replies":[{"embeddable":true,"href":"https:\/\/villahullu.fi\/en\/wp-json\/wp\/v2\/comments?post=16402"}],"wp:featuredmedia":[{"embeddable":true,"href":"https:\/\/villahullu.fi\/en\/wp-json\/wp\/v2\/media\/16410"}],"wp:attachment":[{"href":"https:\/\/villahullu.fi\/en\/wp-json\/wp\/v2\/media?parent=16402"}],"wp:term":[{"taxonomy":"product_brand","embeddable":true,"href":"https:\/\/villahullu.fi\/en\/wp-json\/wp\/v2\/product_brand?post=16402"},{"taxonomy":"product_cat","embeddable":true,"href":"https:\/\/villahullu.fi\/en\/wp-json\/wp\/v2\/product_cat?post=16402"},{"taxonomy":"product_tag","embeddable":true,"href":"https:\/\/villahullu.fi\/en\/wp-json\/wp\/v2\/product_tag?post=16402"}],"curies":[{"name":"wp","href":"https:\/\/api.w.org\/{rel}","templated":true}]}}