{"id":16343,"date":"2024-03-07T08:26:35","date_gmt":"2024-03-07T06:26:35","guid":{"rendered":"https:\/\/villahullu.fi\/?post_type=product&#038;p=16343"},"modified":"2024-09-01T09:22:52","modified_gmt":"2024-09-01T06:22:52","slug":"naavahame-ohje-fi","status":"publish","type":"product","link":"https:\/\/villahullu.fi\/en\/product\/naavahame-ohje-fi\/","title":{"rendered":"Naavahame ohje (FI)"},"content":{"rendered":"<p><img loading=\"lazy\" decoding=\"async\" class=\"alignnone size-medium wp-image-16348\" src=\"https:\/\/villahullu.fi\/wp-content\/uploads\/2024\/03\/IMG_20240224_132349-225x300.jpg\" alt=\"\" width=\"225\" height=\"300\" \/><img loading=\"lazy\" decoding=\"async\" class=\"alignnone size-medium wp-image-16346\" src=\"https:\/\/villahullu.fi\/wp-content\/uploads\/2024\/03\/IMG_20240224_131817-225x300.jpg\" alt=\"\" width=\"225\" height=\"300\" \/><img loading=\"lazy\" decoding=\"async\" class=\"alignnone size-medium wp-image-16350\" src=\"https:\/\/villahullu.fi\/wp-content\/uploads\/2024\/03\/niina-orava-225x300.jpeg\" alt=\"\" width=\"225\" height=\"300\" \/><img loading=\"lazy\" decoding=\"async\" class=\"alignnone size-medium wp-image-16344\" src=\"https:\/\/villahullu.fi\/wp-content\/uploads\/2024\/03\/eeva-liisa-koskinen2-290x300.jpg\" alt=\"\" width=\"290\" height=\"300\" \/>\u00a0<img loading=\"lazy\" decoding=\"async\" class=\"alignnone size-medium wp-image-16352\" src=\"https:\/\/villahullu.fi\/wp-content\/uploads\/2024\/03\/sonjawiik-300x244.jpg\" alt=\"\" width=\"300\" height=\"244\" \/><\/p>\n<p><strong><em>Neuleohje on ladattavissa heti maksusuorituksen j\u00e4lkeen tilauksen yhteydess\u00e4 ilmoittamastasi s\u00e4hk\u00f6postiosoitteesta. (Tarkastathan my\u00f6s roskapostikansion.) Ohjeen toimitus tapahtuu ainoastaan s\u00e4hk\u00f6isesti, eik\u00e4 sit\u00e4 l\u00e4hetet\u00e4 erikseen postitse. On suositeltavaa, ett\u00e4 ohje tallennetaan heti omalle laitteelle.<\/em><\/strong><\/p>\n<p><strong>Koot XS, S, M, L, XL, XXL, 3XL, 4XL<\/strong><\/p>\n<p>Koot eiv\u00e4t ole standardeja. Tarkistathan sopivan koon hameen mitoista. Mitat ovat valmiin hameen mittoja.<\/p>\n<p><strong>Lantion <\/strong><strong>ymp\u00e4rys (= koko hameen ymp\u00e4rys)<\/strong><\/p>\n<p>(XS)86,5 (S)93 (M)100 (L)106,5 (XL)113 (XXL)120 (3XL)126,5 (4XL)133 cm<\/p>\n<p><strong>Korkeus<\/strong><\/p>\n<p>(XS)34,5 (S)35,5 (M)36,5 (L)37,5 (XL)38,5 (XXL)39,5 (3XL)40,5 (4XL)41,5 cm (tai haluttu)<\/p>\n<p>Annettu korkeus on laskettu neuletiheyden mukaan. Voit m\u00e4\u00e4ritell\u00e4 itse hameen korkeuden. Ohjeessa on kerrottu miss\u00e4 kohtaa voit s\u00e4\u00e4t\u00e4\u00e4 korkeutta toivotunlaiseksi.<\/p>\n<p><strong>Langan menekki <\/strong>Lettlopi 50 g ker\u00e4<\/p>\n<p>P\u00e4\u00e4v\u00e4ri 9431 Brick (XS)3 (S)3 (M)3 (L)4 (XL)4 (XXL)4 (3XL)5 (4XL)5 kpl<\/p>\n<p>A 1704 Apricot\u00a0 (XS)1 (S)1 (M)1 (L)1 (XL)2 (XXL)2 (3XL)2 (4XL)2 kpl<\/p>\n<p>B 0051 White (XS)1 (S)1 (M)1 (L)1 (XL)1 (XXL)1 (3XL)1 (4XL)1 kpl<\/p>\n<p>C 1404 Glacier (XS)1 (S)1 (M)1 (L)1 (XL)1 (XXL)1 (3XL)1 (4XL)1 kpl<\/p>\n<p><strong>Puikot<\/strong><\/p>\n<p>Py\u00f6r\u00f6puikko 4,5 mm 80 cm<\/p>\n<p>(Mik\u00e4li k\u00e4sialasi on kire\u00e4\u00e4 kuvioneuletta neuloessa, k\u00e4yt\u00e4 kaavion neulomisen ajan isompia puikkoja, esim. 5 tai 5,5 mm)<\/p>\n<p>Sukkapuikot 4,5 mm (ny\u00f6rin neulomista varten)<\/p>\n<p>Lis\u00e4ksi 7 silmukkamerkki\u00e4, joista yksi eriv\u00e4rinen kerroksen aloitusta merkitsem\u00e4\u00e4n.<\/p>\n<p><strong>Neuletiheys <\/strong>10\u00d710 cm: 18 silmukkaa ja 24 kerrosta<\/p>\n<p><strong>Ty\u00f6ohje<\/strong><\/p>\n<p>Hame neulotaan alhaalta yl\u00f6s. Helmassa on v\u00e4liaikainen aloitus. Ennen vy\u00f6t\u00e4r\u00f6n ny\u00f6rikujaa neulotaan lyhennettyj\u00e4 kerroksia. Ny\u00f6rikuja silmukoidaan lopuksi kiinni.<\/p>\n<p><strong>Instagram<\/strong><\/p>\n<p>L\u00f6yd\u00e4t v\u00e4rivaihtoehtoja Instagramista #naavahame tagill\u00e4<\/p>\n","protected":false},"excerpt":{"rendered":"<p>\u00a0 Neuleohje on ladattavissa heti maksusuorituksen j\u00e4lkeen tilauksen yhteydess\u00e4 ilmoittamastasi s\u00e4hk\u00f6postiosoitteesta. (Tarkastathan my\u00f6s roskapostikansion.) Ohjeen toimitus tapahtuu ainoastaan s\u00e4hk\u00f6isesti, eik\u00e4 sit\u00e4 l\u00e4hetet\u00e4 erikseen postitse. On suositeltavaa, ett\u00e4 ohje tallennetaan heti omalle laitteelle. Koot XS, S, M, L, XL, XXL, 3XL, 4XL Koot eiv\u00e4t ole standardeja. Tarkistathan sopivan koon hameen mitoista. Mitat ovat valmiin hameen mittoja. [&hellip;]<\/p>\n","protected":false},"featured_media":16356,"comment_status":"closed","ping_status":"closed","template":"","meta":{"_et_pb_use_builder":"","_et_pb_old_content":"","_et_gb_content_width":""},"product_brand":[],"product_cat":[22],"product_tag":[],"class_list":{"0":"post-16343","1":"product","2":"type-product","3":"status-publish","4":"has-post-thumbnail","6":"product_cat-neuleohjeet","7":"product_shipping_class-pdf","9":"first","10":"instock","11":"downloadable","12":"taxable","13":"shipping-taxable","14":"purchasable","15":"product-type-simple"},"yoast_head":"<!-- This site is optimized with the Yoast SEO plugin v27.4 - https:\/\/yoast.com\/product\/yoast-seo-wordpress\/ -->\n<title>Naavahame ohje (FI) - Villahullu<\/title>\n<meta name=\"robots\" content=\"index, follow, max-snippet:-1, max-image-preview:large, max-video-preview:-1\" \/>\n<link rel=\"canonical\" href=\"https:\/\/villahullu.fi\/en\/product\/naavahame-ohje-fi\/\" \/>\n<meta property=\"og:locale\" content=\"en_US\" \/>\n<meta property=\"og:type\" content=\"article\" \/>\n<meta property=\"og:title\" content=\"Naavahame ohje (FI) - Villahullu\" \/>\n<meta property=\"og:description\" content=\"\u00a0 Neuleohje on ladattavissa heti maksusuorituksen j\u00e4lkeen tilauksen yhteydess\u00e4 ilmoittamastasi s\u00e4hk\u00f6postiosoitteesta. (Tarkastathan my\u00f6s roskapostikansion.) Ohjeen toimitus tapahtuu ainoastaan s\u00e4hk\u00f6isesti, eik\u00e4 sit\u00e4 l\u00e4hetet\u00e4 erikseen postitse. On suositeltavaa, ett\u00e4 ohje tallennetaan heti omalle laitteelle. Koot XS, S, M, L, XL, XXL, 3XL, 4XL Koot eiv\u00e4t ole standardeja. Tarkistathan sopivan koon hameen mitoista. Mitat ovat valmiin hameen mittoja. [&hellip;]\" \/>\n<meta property=\"og:url\" content=\"https:\/\/villahullu.fi\/en\/product\/naavahame-ohje-fi\/\" \/>\n<meta property=\"og:site_name\" content=\"Villahullu\" \/>\n<meta property=\"article:publisher\" content=\"https:\/\/www.facebook.com\/villahullu\/\" \/>\n<meta property=\"article:modified_time\" content=\"2024-09-01T06:22:52+00:00\" \/>\n<meta property=\"og:image\" content=\"https:\/\/villahullu.fi\/wp-content\/uploads\/2024\/03\/Copy-of-Copy-of-Puropipo.png\" \/>\n\t<meta property=\"og:image:width\" content=\"940\" \/>\n\t<meta property=\"og:image:height\" content=\"788\" \/>\n\t<meta property=\"og:image:type\" content=\"image\/png\" \/>\n<meta name=\"twitter:card\" content=\"summary_large_image\" \/>\n<meta name=\"twitter:label1\" content=\"Est. reading time\" \/>\n\t<meta name=\"twitter:data1\" content=\"3 minutes\" \/>\n<script type=\"application\/ld+json\" class=\"yoast-schema-graph\">{\"@context\":\"https:\\\/\\\/schema.org\",\"@graph\":[{\"@type\":\"WebPage\",\"@id\":\"https:\\\/\\\/villahullu.fi\\\/en\\\/product\\\/naavahame-ohje-fi\\\/\",\"url\":\"https:\\\/\\\/villahullu.fi\\\/en\\\/product\\\/naavahame-ohje-fi\\\/\",\"name\":\"Naavahame ohje (FI) - Villahullu\",\"isPartOf\":{\"@id\":\"https:\\\/\\\/villahullu.fi\\\/en\\\/#website\"},\"primaryImageOfPage\":{\"@id\":\"https:\\\/\\\/villahullu.fi\\\/en\\\/product\\\/naavahame-ohje-fi\\\/#primaryimage\"},\"image\":{\"@id\":\"https:\\\/\\\/villahullu.fi\\\/en\\\/product\\\/naavahame-ohje-fi\\\/#primaryimage\"},\"thumbnailUrl\":\"https:\\\/\\\/villahullu.fi\\\/wp-content\\\/uploads\\\/2024\\\/03\\\/Copy-of-Copy-of-Puropipo.png\",\"datePublished\":\"2024-03-07T06:26:35+00:00\",\"dateModified\":\"2024-09-01T06:22:52+00:00\",\"breadcrumb\":{\"@id\":\"https:\\\/\\\/villahullu.fi\\\/en\\\/product\\\/naavahame-ohje-fi\\\/#breadcrumb\"},\"inLanguage\":\"en-US\",\"potentialAction\":[{\"@type\":\"ReadAction\",\"target\":[\"https:\\\/\\\/villahullu.fi\\\/en\\\/product\\\/naavahame-ohje-fi\\\/\"]}]},{\"@type\":\"ImageObject\",\"inLanguage\":\"en-US\",\"@id\":\"https:\\\/\\\/villahullu.fi\\\/en\\\/product\\\/naavahame-ohje-fi\\\/#primaryimage\",\"url\":\"https:\\\/\\\/villahullu.fi\\\/wp-content\\\/uploads\\\/2024\\\/03\\\/Copy-of-Copy-of-Puropipo.png\",\"contentUrl\":\"https:\\\/\\\/villahullu.fi\\\/wp-content\\\/uploads\\\/2024\\\/03\\\/Copy-of-Copy-of-Puropipo.png\",\"width\":940,\"height\":788},{\"@type\":\"BreadcrumbList\",\"@id\":\"https:\\\/\\\/villahullu.fi\\\/en\\\/product\\\/naavahame-ohje-fi\\\/#breadcrumb\",\"itemListElement\":[{\"@type\":\"ListItem\",\"position\":1,\"name\":\"Etusivu\",\"item\":\"https:\\\/\\\/villahullu.fi\\\/en\\\/\"},{\"@type\":\"ListItem\",\"position\":2,\"name\":\"Shop\",\"item\":\"https:\\\/\\\/villahullu.fi\\\/en\\\/shop\\\/\"},{\"@type\":\"ListItem\",\"position\":3,\"name\":\"Naavahame ohje (FI)\"}]},{\"@type\":\"WebSite\",\"@id\":\"https:\\\/\\\/villahullu.fi\\\/en\\\/#website\",\"url\":\"https:\\\/\\\/villahullu.fi\\\/en\\\/\",\"name\":\"Villahullu\",\"description\":\"Villapaitoja ja neulontaohjeita\",\"publisher\":{\"@id\":\"https:\\\/\\\/villahullu.fi\\\/en\\\/#organization\"},\"potentialAction\":[{\"@type\":\"SearchAction\",\"target\":{\"@type\":\"EntryPoint\",\"urlTemplate\":\"https:\\\/\\\/villahullu.fi\\\/en\\\/?s={search_term_string}\"},\"query-input\":{\"@type\":\"PropertyValueSpecification\",\"valueRequired\":true,\"valueName\":\"search_term_string\"}}],\"inLanguage\":\"en-US\"},{\"@type\":\"Organization\",\"@id\":\"https:\\\/\\\/villahullu.fi\\\/en\\\/#organization\",\"name\":\"Villahullu\",\"url\":\"https:\\\/\\\/villahullu.fi\\\/en\\\/\",\"logo\":{\"@type\":\"ImageObject\",\"inLanguage\":\"en-US\",\"@id\":\"https:\\\/\\\/villahullu.fi\\\/en\\\/#\\\/schema\\\/logo\\\/image\\\/\",\"url\":\"https:\\\/\\\/villahullu.fi\\\/wp-content\\\/uploads\\\/2021\\\/06\\\/logo.png\",\"contentUrl\":\"https:\\\/\\\/villahullu.fi\\\/wp-content\\\/uploads\\\/2021\\\/06\\\/logo.png\",\"width\":374,\"height\":98,\"caption\":\"Villahullu\"},\"image\":{\"@id\":\"https:\\\/\\\/villahullu.fi\\\/en\\\/#\\\/schema\\\/logo\\\/image\\\/\"},\"sameAs\":[\"https:\\\/\\\/www.facebook.com\\\/villahullu\\\/\",\"https:\\\/\\\/www.instagram.com\\\/villahullu\\\/\"]}]}<\/script>\n<!-- \/ Yoast SEO plugin. -->","yoast_head_json":{"title":"Naavahame ohje (FI) - Villahullu","robots":{"index":"index","follow":"follow","max-snippet":"max-snippet:-1","max-image-preview":"max-image-preview:large","max-video-preview":"max-video-preview:-1"},"canonical":"https:\/\/villahullu.fi\/en\/product\/naavahame-ohje-fi\/","og_locale":"en_US","og_type":"article","og_title":"Naavahame ohje (FI) - Villahullu","og_description":"\u00a0 Neuleohje on ladattavissa heti maksusuorituksen j\u00e4lkeen tilauksen yhteydess\u00e4 ilmoittamastasi s\u00e4hk\u00f6postiosoitteesta. (Tarkastathan my\u00f6s roskapostikansion.) Ohjeen toimitus tapahtuu ainoastaan s\u00e4hk\u00f6isesti, eik\u00e4 sit\u00e4 l\u00e4hetet\u00e4 erikseen postitse. On suositeltavaa, ett\u00e4 ohje tallennetaan heti omalle laitteelle. Koot XS, S, M, L, XL, XXL, 3XL, 4XL Koot eiv\u00e4t ole standardeja. Tarkistathan sopivan koon hameen mitoista. Mitat ovat valmiin hameen mittoja. [&hellip;]","og_url":"https:\/\/villahullu.fi\/en\/product\/naavahame-ohje-fi\/","og_site_name":"Villahullu","article_publisher":"https:\/\/www.facebook.com\/villahullu\/","article_modified_time":"2024-09-01T06:22:52+00:00","og_image":[{"width":940,"height":788,"url":"https:\/\/villahullu.fi\/wp-content\/uploads\/2024\/03\/Copy-of-Copy-of-Puropipo.png","type":"image\/png"}],"twitter_card":"summary_large_image","twitter_misc":{"Est. reading time":"3 minutes"},"schema":{"@context":"https:\/\/schema.org","@graph":[{"@type":"WebPage","@id":"https:\/\/villahullu.fi\/en\/product\/naavahame-ohje-fi\/","url":"https:\/\/villahullu.fi\/en\/product\/naavahame-ohje-fi\/","name":"Naavahame ohje (FI) - Villahullu","isPartOf":{"@id":"https:\/\/villahullu.fi\/en\/#website"},"primaryImageOfPage":{"@id":"https:\/\/villahullu.fi\/en\/product\/naavahame-ohje-fi\/#primaryimage"},"image":{"@id":"https:\/\/villahullu.fi\/en\/product\/naavahame-ohje-fi\/#primaryimage"},"thumbnailUrl":"https:\/\/villahullu.fi\/wp-content\/uploads\/2024\/03\/Copy-of-Copy-of-Puropipo.png","datePublished":"2024-03-07T06:26:35+00:00","dateModified":"2024-09-01T06:22:52+00:00","breadcrumb":{"@id":"https:\/\/villahullu.fi\/en\/product\/naavahame-ohje-fi\/#breadcrumb"},"inLanguage":"en-US","potentialAction":[{"@type":"ReadAction","target":["https:\/\/villahullu.fi\/en\/product\/naavahame-ohje-fi\/"]}]},{"@type":"ImageObject","inLanguage":"en-US","@id":"https:\/\/villahullu.fi\/en\/product\/naavahame-ohje-fi\/#primaryimage","url":"https:\/\/villahullu.fi\/wp-content\/uploads\/2024\/03\/Copy-of-Copy-of-Puropipo.png","contentUrl":"https:\/\/villahullu.fi\/wp-content\/uploads\/2024\/03\/Copy-of-Copy-of-Puropipo.png","width":940,"height":788},{"@type":"BreadcrumbList","@id":"https:\/\/villahullu.fi\/en\/product\/naavahame-ohje-fi\/#breadcrumb","itemListElement":[{"@type":"ListItem","position":1,"name":"Etusivu","item":"https:\/\/villahullu.fi\/en\/"},{"@type":"ListItem","position":2,"name":"Shop","item":"https:\/\/villahullu.fi\/en\/shop\/"},{"@type":"ListItem","position":3,"name":"Naavahame ohje (FI)"}]},{"@type":"WebSite","@id":"https:\/\/villahullu.fi\/en\/#website","url":"https:\/\/villahullu.fi\/en\/","name":"Villahullu","description":"Villapaitoja ja neulontaohjeita","publisher":{"@id":"https:\/\/villahullu.fi\/en\/#organization"},"potentialAction":[{"@type":"SearchAction","target":{"@type":"EntryPoint","urlTemplate":"https:\/\/villahullu.fi\/en\/?s={search_term_string}"},"query-input":{"@type":"PropertyValueSpecification","valueRequired":true,"valueName":"search_term_string"}}],"inLanguage":"en-US"},{"@type":"Organization","@id":"https:\/\/villahullu.fi\/en\/#organization","name":"Villahullu","url":"https:\/\/villahullu.fi\/en\/","logo":{"@type":"ImageObject","inLanguage":"en-US","@id":"https:\/\/villahullu.fi\/en\/#\/schema\/logo\/image\/","url":"https:\/\/villahullu.fi\/wp-content\/uploads\/2021\/06\/logo.png","contentUrl":"https:\/\/villahullu.fi\/wp-content\/uploads\/2021\/06\/logo.png","width":374,"height":98,"caption":"Villahullu"},"image":{"@id":"https:\/\/villahullu.fi\/en\/#\/schema\/logo\/image\/"},"sameAs":["https:\/\/www.facebook.com\/villahullu\/","https:\/\/www.instagram.com\/villahullu\/"]}]}},"jetpack_sharing_enabled":true,"_links":{"self":[{"href":"https:\/\/villahullu.fi\/en\/wp-json\/wp\/v2\/product\/16343","targetHints":{"allow":["GET"]}}],"collection":[{"href":"https:\/\/villahullu.fi\/en\/wp-json\/wp\/v2\/product"}],"about":[{"href":"https:\/\/villahullu.fi\/en\/wp-json\/wp\/v2\/types\/product"}],"replies":[{"embeddable":true,"href":"https:\/\/villahullu.fi\/en\/wp-json\/wp\/v2\/comments?post=16343"}],"wp:featuredmedia":[{"embeddable":true,"href":"https:\/\/villahullu.fi\/en\/wp-json\/wp\/v2\/media\/16356"}],"wp:attachment":[{"href":"https:\/\/villahullu.fi\/en\/wp-json\/wp\/v2\/media?parent=16343"}],"wp:term":[{"taxonomy":"product_brand","embeddable":true,"href":"https:\/\/villahullu.fi\/en\/wp-json\/wp\/v2\/product_brand?post=16343"},{"taxonomy":"product_cat","embeddable":true,"href":"https:\/\/villahullu.fi\/en\/wp-json\/wp\/v2\/product_cat?post=16343"},{"taxonomy":"product_tag","embeddable":true,"href":"https:\/\/villahullu.fi\/en\/wp-json\/wp\/v2\/product_tag?post=16343"}],"curies":[{"name":"wp","href":"https:\/\/api.w.org\/{rel}","templated":true}]}}