{"id":15485,"date":"2024-01-14T19:04:06","date_gmt":"2024-01-14T17:04:06","guid":{"rendered":"https:\/\/villahullu.fi\/?post_type=product&#038;p=15485"},"modified":"2024-09-01T09:22:59","modified_gmt":"2024-09-01T06:22:59","slug":"https-villahullu-fi-wp-content-uploads-2024-01-kidesukat-fi-pdf","status":"publish","type":"product","link":"https:\/\/villahullu.fi\/en\/product\/https-villahullu-fi-wp-content-uploads-2024-01-kidesukat-fi-pdf\/","title":{"rendered":"Kidesukat ohje (FI)"},"content":{"rendered":"<p><img loading=\"lazy\" decoding=\"async\" class=\"alignnone size-medium wp-image-15496\" src=\"https:\/\/villahullu.fi\/wp-content\/uploads\/2024\/01\/IMG_20240111_114713-225x300.jpg\" alt=\"\" width=\"225\" height=\"300\" \/><img loading=\"lazy\" decoding=\"async\" class=\"alignnone size-medium wp-image-15492\" src=\"https:\/\/villahullu.fi\/wp-content\/uploads\/2024\/01\/20240111225219__MG_0460-200x300.jpg\" alt=\"\" width=\"200\" height=\"300\" \/><img loading=\"lazy\" decoding=\"async\" class=\"alignnone size-medium wp-image-15490\" src=\"https:\/\/villahullu.fi\/wp-content\/uploads\/2024\/01\/20240113_121731-225x300.jpg\" alt=\"\" width=\"225\" height=\"300\" \/>\u00a0<img loading=\"lazy\" decoding=\"async\" class=\"alignnone size-medium wp-image-15494\" src=\"https:\/\/villahullu.fi\/wp-content\/uploads\/2024\/01\/IMG_6802-169x300.jpeg\" alt=\"\" width=\"169\" height=\"300\" \/><\/p>\n<p><strong><em>Neuleohje on ladattavissa heti maksusuorituksen j\u00e4lkeen tilauksen yhteydess\u00e4 ilmoittamastasi s\u00e4hk\u00f6postiosoitteesta. (Tarkastathan my\u00f6s roskapostikansion.) Ohjeen toimitus tapahtuu ainoastaan s\u00e4hk\u00f6isesti, eik\u00e4 sit\u00e4 l\u00e4hetet\u00e4 erikseen postitse. On suositeltavaa, ett\u00e4 ohje tallennetaan heti omalle laitteelle.<\/em><\/strong><\/p>\n<p><strong>Koot<\/strong> <strong>(S)34 (M)38 (L)42 <\/strong>(keng\u00e4nnumero)<\/p>\n<p><strong>Langan menekki <\/strong>Novita 7 Veljest\u00e4 100 g ker\u00e4 (tai muuta aran-vahvuista sukkalankaa)<\/p>\n<p>P\u00e4\u00e4v\u00e4ri (S)1 (M)1 (L)2 kpl<\/p>\n<p>V\u00e4ri A (kaikki koot) 1 kpl<\/p>\n<p><strong>Neuletiheys <\/strong>10 cm = 21 s sile\u00e4\u00e4 neuletta<\/p>\n<p><strong>Puikot <\/strong>Sukkapuikot 3,5 mm tai k\u00e4sialan mukaan<\/p>\n<p><strong>Ty\u00f6ohje <\/strong>Sukat neulotaan varresta aloittaen.<\/p>\n<p><strong>Instagram<\/strong><\/p>\n<p>L\u00f6yd\u00e4t v\u00e4rivaihtoehtoja Instagramista #kidesukat tagill\u00e4<\/p>\n","protected":false},"excerpt":{"rendered":"<p>\u00a0 Neuleohje on ladattavissa heti maksusuorituksen j\u00e4lkeen tilauksen yhteydess\u00e4 ilmoittamastasi s\u00e4hk\u00f6postiosoitteesta. (Tarkastathan my\u00f6s roskapostikansion.) Ohjeen toimitus tapahtuu ainoastaan s\u00e4hk\u00f6isesti, eik\u00e4 sit\u00e4 l\u00e4hetet\u00e4 erikseen postitse. On suositeltavaa, ett\u00e4 ohje tallennetaan heti omalle laitteelle. Koot (S)34 (M)38 (L)42 (keng\u00e4nnumero) Langan menekki Novita 7 Veljest\u00e4 100 g ker\u00e4 (tai muuta aran-vahvuista sukkalankaa) P\u00e4\u00e4v\u00e4ri (S)1 (M)1 (L)2 kpl V\u00e4ri [&hellip;]<\/p>\n","protected":false},"featured_media":15488,"comment_status":"closed","ping_status":"closed","template":"","meta":{"_et_pb_use_builder":"","_et_pb_old_content":"","_et_gb_content_width":""},"product_brand":[],"product_cat":[22],"product_tag":[],"class_list":{"0":"post-15485","1":"product","2":"type-product","3":"status-publish","4":"has-post-thumbnail","6":"product_cat-neuleohjeet","7":"product_shipping_class-pdf","9":"first","10":"instock","11":"downloadable","12":"taxable","13":"shipping-taxable","14":"purchasable","15":"product-type-simple"},"yoast_head":"<!-- This site is optimized with the Yoast SEO plugin v27.4 - https:\/\/yoast.com\/product\/yoast-seo-wordpress\/ -->\n<title>Kidesukat ohje (FI) - Villahullu<\/title>\n<meta name=\"robots\" content=\"index, follow, max-snippet:-1, max-image-preview:large, max-video-preview:-1\" \/>\n<link rel=\"canonical\" href=\"https:\/\/villahullu.fi\/en\/product\/https-villahullu-fi-wp-content-uploads-2024-01-kidesukat-fi-pdf\/\" \/>\n<meta property=\"og:locale\" content=\"en_US\" \/>\n<meta property=\"og:type\" content=\"article\" \/>\n<meta property=\"og:title\" content=\"Kidesukat ohje (FI) - Villahullu\" \/>\n<meta property=\"og:description\" content=\"\u00a0 Neuleohje on ladattavissa heti maksusuorituksen j\u00e4lkeen tilauksen yhteydess\u00e4 ilmoittamastasi s\u00e4hk\u00f6postiosoitteesta. (Tarkastathan my\u00f6s roskapostikansion.) Ohjeen toimitus tapahtuu ainoastaan s\u00e4hk\u00f6isesti, eik\u00e4 sit\u00e4 l\u00e4hetet\u00e4 erikseen postitse. On suositeltavaa, ett\u00e4 ohje tallennetaan heti omalle laitteelle. Koot (S)34 (M)38 (L)42 (keng\u00e4nnumero) Langan menekki Novita 7 Veljest\u00e4 100 g ker\u00e4 (tai muuta aran-vahvuista sukkalankaa) P\u00e4\u00e4v\u00e4ri (S)1 (M)1 (L)2 kpl V\u00e4ri [&hellip;]\" \/>\n<meta property=\"og:url\" content=\"https:\/\/villahullu.fi\/en\/product\/https-villahullu-fi-wp-content-uploads-2024-01-kidesukat-fi-pdf\/\" \/>\n<meta property=\"og:site_name\" content=\"Villahullu\" \/>\n<meta property=\"article:publisher\" content=\"https:\/\/www.facebook.com\/villahullu\/\" \/>\n<meta property=\"article:modified_time\" content=\"2024-09-01T06:22:59+00:00\" \/>\n<meta property=\"og:image\" content=\"https:\/\/villahullu.fi\/wp-content\/uploads\/2024\/01\/Kidesukat.png\" \/>\n\t<meta property=\"og:image:width\" content=\"940\" \/>\n\t<meta property=\"og:image:height\" content=\"788\" \/>\n\t<meta property=\"og:image:type\" content=\"image\/png\" \/>\n<meta name=\"twitter:card\" content=\"summary_large_image\" \/>\n<meta name=\"twitter:label1\" content=\"Est. reading time\" \/>\n\t<meta name=\"twitter:data1\" content=\"2 minutes\" \/>\n<script type=\"application\/ld+json\" class=\"yoast-schema-graph\">{\"@context\":\"https:\\\/\\\/schema.org\",\"@graph\":[{\"@type\":\"WebPage\",\"@id\":\"https:\\\/\\\/villahullu.fi\\\/en\\\/product\\\/https-villahullu-fi-wp-content-uploads-2024-01-kidesukat-fi-pdf\\\/\",\"url\":\"https:\\\/\\\/villahullu.fi\\\/en\\\/product\\\/https-villahullu-fi-wp-content-uploads-2024-01-kidesukat-fi-pdf\\\/\",\"name\":\"Kidesukat ohje (FI) - Villahullu\",\"isPartOf\":{\"@id\":\"https:\\\/\\\/villahullu.fi\\\/en\\\/#website\"},\"primaryImageOfPage\":{\"@id\":\"https:\\\/\\\/villahullu.fi\\\/en\\\/product\\\/https-villahullu-fi-wp-content-uploads-2024-01-kidesukat-fi-pdf\\\/#primaryimage\"},\"image\":{\"@id\":\"https:\\\/\\\/villahullu.fi\\\/en\\\/product\\\/https-villahullu-fi-wp-content-uploads-2024-01-kidesukat-fi-pdf\\\/#primaryimage\"},\"thumbnailUrl\":\"https:\\\/\\\/villahullu.fi\\\/wp-content\\\/uploads\\\/2024\\\/01\\\/Kidesukat.png\",\"datePublished\":\"2024-01-14T17:04:06+00:00\",\"dateModified\":\"2024-09-01T06:22:59+00:00\",\"breadcrumb\":{\"@id\":\"https:\\\/\\\/villahullu.fi\\\/en\\\/product\\\/https-villahullu-fi-wp-content-uploads-2024-01-kidesukat-fi-pdf\\\/#breadcrumb\"},\"inLanguage\":\"en-US\",\"potentialAction\":[{\"@type\":\"ReadAction\",\"target\":[\"https:\\\/\\\/villahullu.fi\\\/en\\\/product\\\/https-villahullu-fi-wp-content-uploads-2024-01-kidesukat-fi-pdf\\\/\"]}]},{\"@type\":\"ImageObject\",\"inLanguage\":\"en-US\",\"@id\":\"https:\\\/\\\/villahullu.fi\\\/en\\\/product\\\/https-villahullu-fi-wp-content-uploads-2024-01-kidesukat-fi-pdf\\\/#primaryimage\",\"url\":\"https:\\\/\\\/villahullu.fi\\\/wp-content\\\/uploads\\\/2024\\\/01\\\/Kidesukat.png\",\"contentUrl\":\"https:\\\/\\\/villahullu.fi\\\/wp-content\\\/uploads\\\/2024\\\/01\\\/Kidesukat.png\",\"width\":940,\"height\":788},{\"@type\":\"BreadcrumbList\",\"@id\":\"https:\\\/\\\/villahullu.fi\\\/en\\\/product\\\/https-villahullu-fi-wp-content-uploads-2024-01-kidesukat-fi-pdf\\\/#breadcrumb\",\"itemListElement\":[{\"@type\":\"ListItem\",\"position\":1,\"name\":\"Etusivu\",\"item\":\"https:\\\/\\\/villahullu.fi\\\/en\\\/\"},{\"@type\":\"ListItem\",\"position\":2,\"name\":\"Shop\",\"item\":\"https:\\\/\\\/villahullu.fi\\\/en\\\/shop\\\/\"},{\"@type\":\"ListItem\",\"position\":3,\"name\":\"Kidesukat ohje (FI)\"}]},{\"@type\":\"WebSite\",\"@id\":\"https:\\\/\\\/villahullu.fi\\\/en\\\/#website\",\"url\":\"https:\\\/\\\/villahullu.fi\\\/en\\\/\",\"name\":\"Villahullu\",\"description\":\"Villapaitoja ja neulontaohjeita\",\"publisher\":{\"@id\":\"https:\\\/\\\/villahullu.fi\\\/en\\\/#organization\"},\"potentialAction\":[{\"@type\":\"SearchAction\",\"target\":{\"@type\":\"EntryPoint\",\"urlTemplate\":\"https:\\\/\\\/villahullu.fi\\\/en\\\/?s={search_term_string}\"},\"query-input\":{\"@type\":\"PropertyValueSpecification\",\"valueRequired\":true,\"valueName\":\"search_term_string\"}}],\"inLanguage\":\"en-US\"},{\"@type\":\"Organization\",\"@id\":\"https:\\\/\\\/villahullu.fi\\\/en\\\/#organization\",\"name\":\"Villahullu\",\"url\":\"https:\\\/\\\/villahullu.fi\\\/en\\\/\",\"logo\":{\"@type\":\"ImageObject\",\"inLanguage\":\"en-US\",\"@id\":\"https:\\\/\\\/villahullu.fi\\\/en\\\/#\\\/schema\\\/logo\\\/image\\\/\",\"url\":\"https:\\\/\\\/villahullu.fi\\\/wp-content\\\/uploads\\\/2021\\\/06\\\/logo.png\",\"contentUrl\":\"https:\\\/\\\/villahullu.fi\\\/wp-content\\\/uploads\\\/2021\\\/06\\\/logo.png\",\"width\":374,\"height\":98,\"caption\":\"Villahullu\"},\"image\":{\"@id\":\"https:\\\/\\\/villahullu.fi\\\/en\\\/#\\\/schema\\\/logo\\\/image\\\/\"},\"sameAs\":[\"https:\\\/\\\/www.facebook.com\\\/villahullu\\\/\",\"https:\\\/\\\/www.instagram.com\\\/villahullu\\\/\"]}]}<\/script>\n<!-- \/ Yoast SEO plugin. -->","yoast_head_json":{"title":"Kidesukat ohje (FI) - Villahullu","robots":{"index":"index","follow":"follow","max-snippet":"max-snippet:-1","max-image-preview":"max-image-preview:large","max-video-preview":"max-video-preview:-1"},"canonical":"https:\/\/villahullu.fi\/en\/product\/https-villahullu-fi-wp-content-uploads-2024-01-kidesukat-fi-pdf\/","og_locale":"en_US","og_type":"article","og_title":"Kidesukat ohje (FI) - Villahullu","og_description":"\u00a0 Neuleohje on ladattavissa heti maksusuorituksen j\u00e4lkeen tilauksen yhteydess\u00e4 ilmoittamastasi s\u00e4hk\u00f6postiosoitteesta. (Tarkastathan my\u00f6s roskapostikansion.) Ohjeen toimitus tapahtuu ainoastaan s\u00e4hk\u00f6isesti, eik\u00e4 sit\u00e4 l\u00e4hetet\u00e4 erikseen postitse. On suositeltavaa, ett\u00e4 ohje tallennetaan heti omalle laitteelle. Koot (S)34 (M)38 (L)42 (keng\u00e4nnumero) Langan menekki Novita 7 Veljest\u00e4 100 g ker\u00e4 (tai muuta aran-vahvuista sukkalankaa) P\u00e4\u00e4v\u00e4ri (S)1 (M)1 (L)2 kpl V\u00e4ri [&hellip;]","og_url":"https:\/\/villahullu.fi\/en\/product\/https-villahullu-fi-wp-content-uploads-2024-01-kidesukat-fi-pdf\/","og_site_name":"Villahullu","article_publisher":"https:\/\/www.facebook.com\/villahullu\/","article_modified_time":"2024-09-01T06:22:59+00:00","og_image":[{"width":940,"height":788,"url":"https:\/\/villahullu.fi\/wp-content\/uploads\/2024\/01\/Kidesukat.png","type":"image\/png"}],"twitter_card":"summary_large_image","twitter_misc":{"Est. reading time":"2 minutes"},"schema":{"@context":"https:\/\/schema.org","@graph":[{"@type":"WebPage","@id":"https:\/\/villahullu.fi\/en\/product\/https-villahullu-fi-wp-content-uploads-2024-01-kidesukat-fi-pdf\/","url":"https:\/\/villahullu.fi\/en\/product\/https-villahullu-fi-wp-content-uploads-2024-01-kidesukat-fi-pdf\/","name":"Kidesukat ohje (FI) - Villahullu","isPartOf":{"@id":"https:\/\/villahullu.fi\/en\/#website"},"primaryImageOfPage":{"@id":"https:\/\/villahullu.fi\/en\/product\/https-villahullu-fi-wp-content-uploads-2024-01-kidesukat-fi-pdf\/#primaryimage"},"image":{"@id":"https:\/\/villahullu.fi\/en\/product\/https-villahullu-fi-wp-content-uploads-2024-01-kidesukat-fi-pdf\/#primaryimage"},"thumbnailUrl":"https:\/\/villahullu.fi\/wp-content\/uploads\/2024\/01\/Kidesukat.png","datePublished":"2024-01-14T17:04:06+00:00","dateModified":"2024-09-01T06:22:59+00:00","breadcrumb":{"@id":"https:\/\/villahullu.fi\/en\/product\/https-villahullu-fi-wp-content-uploads-2024-01-kidesukat-fi-pdf\/#breadcrumb"},"inLanguage":"en-US","potentialAction":[{"@type":"ReadAction","target":["https:\/\/villahullu.fi\/en\/product\/https-villahullu-fi-wp-content-uploads-2024-01-kidesukat-fi-pdf\/"]}]},{"@type":"ImageObject","inLanguage":"en-US","@id":"https:\/\/villahullu.fi\/en\/product\/https-villahullu-fi-wp-content-uploads-2024-01-kidesukat-fi-pdf\/#primaryimage","url":"https:\/\/villahullu.fi\/wp-content\/uploads\/2024\/01\/Kidesukat.png","contentUrl":"https:\/\/villahullu.fi\/wp-content\/uploads\/2024\/01\/Kidesukat.png","width":940,"height":788},{"@type":"BreadcrumbList","@id":"https:\/\/villahullu.fi\/en\/product\/https-villahullu-fi-wp-content-uploads-2024-01-kidesukat-fi-pdf\/#breadcrumb","itemListElement":[{"@type":"ListItem","position":1,"name":"Etusivu","item":"https:\/\/villahullu.fi\/en\/"},{"@type":"ListItem","position":2,"name":"Shop","item":"https:\/\/villahullu.fi\/en\/shop\/"},{"@type":"ListItem","position":3,"name":"Kidesukat ohje (FI)"}]},{"@type":"WebSite","@id":"https:\/\/villahullu.fi\/en\/#website","url":"https:\/\/villahullu.fi\/en\/","name":"Villahullu","description":"Villapaitoja ja neulontaohjeita","publisher":{"@id":"https:\/\/villahullu.fi\/en\/#organization"},"potentialAction":[{"@type":"SearchAction","target":{"@type":"EntryPoint","urlTemplate":"https:\/\/villahullu.fi\/en\/?s={search_term_string}"},"query-input":{"@type":"PropertyValueSpecification","valueRequired":true,"valueName":"search_term_string"}}],"inLanguage":"en-US"},{"@type":"Organization","@id":"https:\/\/villahullu.fi\/en\/#organization","name":"Villahullu","url":"https:\/\/villahullu.fi\/en\/","logo":{"@type":"ImageObject","inLanguage":"en-US","@id":"https:\/\/villahullu.fi\/en\/#\/schema\/logo\/image\/","url":"https:\/\/villahullu.fi\/wp-content\/uploads\/2021\/06\/logo.png","contentUrl":"https:\/\/villahullu.fi\/wp-content\/uploads\/2021\/06\/logo.png","width":374,"height":98,"caption":"Villahullu"},"image":{"@id":"https:\/\/villahullu.fi\/en\/#\/schema\/logo\/image\/"},"sameAs":["https:\/\/www.facebook.com\/villahullu\/","https:\/\/www.instagram.com\/villahullu\/"]}]}},"jetpack_sharing_enabled":true,"_links":{"self":[{"href":"https:\/\/villahullu.fi\/en\/wp-json\/wp\/v2\/product\/15485","targetHints":{"allow":["GET"]}}],"collection":[{"href":"https:\/\/villahullu.fi\/en\/wp-json\/wp\/v2\/product"}],"about":[{"href":"https:\/\/villahullu.fi\/en\/wp-json\/wp\/v2\/types\/product"}],"replies":[{"embeddable":true,"href":"https:\/\/villahullu.fi\/en\/wp-json\/wp\/v2\/comments?post=15485"}],"wp:featuredmedia":[{"embeddable":true,"href":"https:\/\/villahullu.fi\/en\/wp-json\/wp\/v2\/media\/15488"}],"wp:attachment":[{"href":"https:\/\/villahullu.fi\/en\/wp-json\/wp\/v2\/media?parent=15485"}],"wp:term":[{"taxonomy":"product_brand","embeddable":true,"href":"https:\/\/villahullu.fi\/en\/wp-json\/wp\/v2\/product_brand?post=15485"},{"taxonomy":"product_cat","embeddable":true,"href":"https:\/\/villahullu.fi\/en\/wp-json\/wp\/v2\/product_cat?post=15485"},{"taxonomy":"product_tag","embeddable":true,"href":"https:\/\/villahullu.fi\/en\/wp-json\/wp\/v2\/product_tag?post=15485"}],"curies":[{"name":"wp","href":"https:\/\/api.w.org\/{rel}","templated":true}]}}