{"id":14238,"date":"2023-10-20T06:00:01","date_gmt":"2023-10-20T03:00:01","guid":{"rendered":"https:\/\/villahullu.fi\/?post_type=product&#038;p=14238"},"modified":"2025-10-06T13:33:25","modified_gmt":"2025-10-06T10:33:25","slug":"routamaaneule-ohje-knit-pattern-fi-en-us","status":"publish","type":"product","link":"https:\/\/villahullu.fi\/en\/product\/routamaaneule-ohje-knit-pattern-fi-en-us\/","title":{"rendered":"Routamaaneule ohje \/ knit pattern (FI, EN\/US)"},"content":{"rendered":"<p><img loading=\"lazy\" decoding=\"async\" class=\"alignnone size-medium wp-image-21010\" src=\"https:\/\/villahullu.fi\/wp-content\/uploads\/2023\/10\/64A8399-200x300.jpeg\" alt=\"\" width=\"200\" height=\"300\" \/> <img loading=\"lazy\" decoding=\"async\" class=\"alignnone size-medium wp-image-14249\" src=\"https:\/\/villahullu.fi\/wp-content\/uploads\/2023\/10\/IMG_20230916_114921-225x300.jpg\" alt=\"\" width=\"225\" height=\"300\" \/> <img loading=\"lazy\" decoding=\"async\" class=\"alignnone size-medium wp-image-14253\" src=\"https:\/\/villahullu.fi\/wp-content\/uploads\/2023\/10\/joakorhonen-200x300.jpg\" alt=\"\" width=\"200\" height=\"300\" \/> <img loading=\"lazy\" decoding=\"async\" class=\"alignnone size-medium wp-image-14269\" src=\"https:\/\/villahullu.fi\/wp-content\/uploads\/2023\/10\/paasticko-225x300.jpeg\" alt=\"\" width=\"225\" height=\"300\" \/> <img loading=\"lazy\" decoding=\"async\" class=\"alignnone size-medium wp-image-14247\" src=\"https:\/\/villahullu.fi\/wp-content\/uploads\/2023\/10\/heidkatarina-225x300.jpg\" alt=\"\" width=\"225\" height=\"300\" \/> <img loading=\"lazy\" decoding=\"async\" class=\"alignnone size-medium wp-image-14267\" src=\"https:\/\/villahullu.fi\/wp-content\/uploads\/2023\/10\/odenoma1-225x300.jpg\" alt=\"\" width=\"225\" height=\"300\" \/> <img loading=\"lazy\" decoding=\"async\" class=\"alignnone size-medium wp-image-14243\" src=\"https:\/\/villahullu.fi\/wp-content\/uploads\/2023\/10\/feetu03-225x300.jpg\" alt=\"\" width=\"225\" height=\"300\" \/> <img loading=\"lazy\" decoding=\"async\" class=\"alignnone size-medium wp-image-14241\" src=\"https:\/\/villahullu.fi\/wp-content\/uploads\/2023\/10\/fagerwear-221x300.jpg\" alt=\"\" width=\"221\" height=\"300\" \/> <img loading=\"lazy\" decoding=\"async\" class=\"alignnone size-medium wp-image-14271\" src=\"https:\/\/villahullu.fi\/wp-content\/uploads\/2023\/10\/piapeteri-225x300.jpg\" alt=\"\" width=\"225\" height=\"300\" \/> <img loading=\"lazy\" decoding=\"async\" class=\"alignnone size-medium wp-image-14261\" src=\"https:\/\/villahullu.fi\/wp-content\/uploads\/2023\/10\/kuuma_knit-300x225.jpg\" alt=\"\" width=\"300\" height=\"225\" \/><\/p>\n<p><strong><em>Saat automaattisesti tilausvahvistuksen s\u00e4hk\u00f6postiisi heti maksusuorituksen j\u00e4lkeen. L\u00f6yd\u00e4t latauslinkin ohjeeseen tilausvahvistuksesta kohdasta miss\u00e4 lukee \u2019Lataa\u2019. Tilausvahvistus saattaa menn\u00e4 roskapostikansioon.<\/em><\/strong><strong><em>Ohjeen toimitus tapahtuu ainoastaan s\u00e4hk\u00f6isesti, eik\u00e4 sit\u00e4 l\u00e4hetet\u00e4 erikseen postitse. On suositeltavaa, ett\u00e4 ohje tallennetaan heti omalle laitteelle. S\u00e4ilyt\u00e4 latauslinkki mahdollisia ohjeeseen my\u00f6hemmin tulevia p\u00e4ivityksi\u00e4 varten.<\/em><\/strong><\/p>\n<p><strong><em>You will automatically receive an order confirmation by email immediately after the payment has been completed. You can find the download link for the pattern in the order confirmation, under the section that says \u2018Download\u2019. Please note that the confirmation email may end up in your spam folder.<\/em><\/strong><strong><em>The pattern is delivered digitally only and will not be sent separately by post. It is recommended to save the pattern to your device right away. Please keep the download link for any future updates to the pattern.<\/em><\/strong><\/p>\n<p><strong>Koot<\/strong> <strong>XS, S, M, L, XL, XXL, 3XL<\/strong><\/p>\n<p>Koot eiv\u00e4t ole standardeja. Tarkistathan sopivan koon paidan mitoista. Mitat ovat valmiin paidan mittoja. V\u00e4ljyysvaraa on noin 5-7 cm, joten mittaa oma rinnanymp\u00e4rys ja valitse koko, joka on noin 5-7 cm omaa rinnanymp\u00e4ryst\u00e4si isompi. Tai jos haluat v\u00e4ljemm\u00e4n neuleen, valitse viel\u00e4 isompi koko.<\/p>\n<p>Rinnanymp\u00e4rys (XS)86 (S)92 (M)101 (L)110 (XL)120 (XXL)129 (3XL)138 cm<\/p>\n<p>Alaosan leveys (XS)43 (S)46 (M)51 (L)55 (XL)60 (XXL)64,5 (3XL)69 cm<\/p>\n<p>Pituus helmasta kainaloon (XS)38 (S)40 (M)41 (L)42 (XL)43 (XXL)44 (3XL)45 cm<\/p>\n<p>Hihan pituus (XS)47 (S)48 (M)49 (L)50 (XL)52 (XXL)54 (3XL)55 cm<\/p>\n<p><strong>Langan menekki <\/strong><\/p>\n<p>A Katia Peru 100 g \/ 106 m v\u00e4ri 38<\/p>\n<p>(XS)2 (S)3 (M)3 (L)3 (XL)4 (XXL)4 (3XL)4 kpl<\/p>\n<p>B Viking Garn Snorre 100 g \/ 100 m v\u00e4ri 203<\/p>\n<p>(XS)4 (S)5 (M)5 (L)5 (XL)6 (XXL)6 (3XL)6 kpl<\/p>\n<p><strong>Puikot<\/strong><\/p>\n<p>Py\u00f6r\u00f6puikko 4,5 ja 6 mm 80 cm<\/p>\n<p>Sukkapuikot 4,5 mm ja 6 mm<\/p>\n<p>(Mik\u00e4li et k\u00e4yt\u00e4 Magic loop- tekniikkaa, tarvitset my\u00f6s py\u00f6r\u00f6puikot 4,5 mm ja 6 mm 40 cm)<\/p>\n<p><strong>Neuletiheys <\/strong><\/p>\n<p>10 x 10 cm = 13 s ja 18 krs sile\u00e4\u00e4 neuletta ja helmineuletta<\/p>\n<p>Vinkki: Mik\u00e4li saat liikaa silmukoita per 10 cm, vaihda paksumpiin puikkoihin. Jos saat liian v\u00e4h\u00e4n silmukoita per 10 cm, vaihda ohuempiin puikkoihin.<\/p>\n<p>Neulo tarvittaessa helmineule pienemmill\u00e4 puikoilla, kuin mit\u00e4 ohjeessa on mainittu, mik\u00e4li k\u00e4sialasi on helmineuletta neuloessa l\u00f6ysemp\u00e4\u00e4. Neuletiheyden tulisi olla sama kuin sile\u00e4ss\u00e4kin neuloksessa.<\/p>\n<p><strong>Ty\u00f6ohje<\/strong><\/p>\n<p>Neulo alaosa ja hiha py\u00f6r\u00f6n\u00e4. Yhdist\u00e4 kainalossa alaosa sek\u00e4 hihat samalle puikolle<\/p>\n<p>ja neulo kaarroke suljettuna neuleena. Alaosassa kerros alkaa vasemmasta sivusta, mutta yhdist\u00e4misen j\u00e4lkeen kohdasta, jossa takakappale ja vasen hiha on yhdistetty. Raglan kavennukset. Kaulus on ns. l\u00f6ys\u00e4 \u2019piippukaulus.\u2019<\/p>\n<h2><strong>English<\/strong><\/h2>\n<p><strong>Size<\/strong> <strong>XS, S, M, L, XL, XXL, 3XL<\/strong><\/p>\n<p>The sizes aren\u2019t standard. Please check the measures for the appropriate sweater size. The measurements are the measurements of the finished sweater.<\/p>\n<p>Bust circumference<\/p>\n<p>(XS)86 (S)92 (M)101 (L)110 (XL)120 (XXL)129 (3XL)138 cm<\/p>\n<p>(XS)33.8 (S)36.2 (M)39.7 (L)43.3 (XL)47.2 (XXL)50.8 (3XL)54.3 inches<\/p>\n<p>Body width<\/p>\n<p>(XS)43 (S)46 (M)51 (L)55 (XL)60 (XXL)64,5 (3XL)69 cm<\/p>\n<p>(XS)16.9 (S)18.1 (M)20 (L)21.6 (XL)23.6 (XXL)25.3 (3XL)27.1 inches<\/p>\n<p>Body length<\/p>\n<p>(XS)38 (S)40 (M)41 (L)42 (XL)43 (XXL)44 (3XL)45 cm (or desired)<\/p>\n<p>(XS)14.9 (S)15.7 (M)16.1 (L)16.5 (XL)16.9 (XXL)17.3 (3XL)17.7 inches (or desired)<\/p>\n<p>Sleeve length<\/p>\n<p>(XS)47 (S)48 (M)49 (L)50 (XL)52 (XXL)54 (3XL)55 cm (or desired)<\/p>\n<p>(XS)18.5 (S)18.9 (M)19.3 (L)19.7 (XL)20.4 (XXL)21.2 (3XL)21.6 inches (or desired)<\/p>\n<p><strong>Yarn <\/strong><\/p>\n<p>A Katia Peru 100 g \/ 106 m color 38<\/p>\n<p>(XS)2 (S)3 (M)3 (L)3 (XL)4 (XXL)4 (3XL)4 balls<\/p>\n<p>B Viking Garn Snorre 100 g \/ 100 m color 203<\/p>\n<p>(XS)4 (S)5 (M)5 (L)5 (XL)6 (XXL)6 (3XL)6 balls<\/p>\n<p><strong>Needles:<\/strong><\/p>\n<p>Circular needle 4.5 mm 80 cm US 7, 32\u201d<\/p>\n<p>Circular needle 6 mm 80 cm US 10, 32\u201d<\/p>\n<p>Double pointed needles 4.5 mm and 6 mm US 7 and 10<\/p>\n<p>(If you don\u2019t use the magic loop- technique, \u00a0you will need to use circular needle 4.5 mm and 6 mm 40 cm US 7 and 10, 16\u201d)<\/p>\n<p><strong>Gauge <\/strong><\/p>\n<p>10 cm = 13 sts and 18 rows in stockinette stitch and in seed stitch<\/p>\n<p><strong>Instructions<\/strong><\/p>\n<p>Work body in the round on circular needle, bottom up. Work sleeves in the round on double pointed needles or circular needle using the Magic loop- technique. Slip sleeves on to same circular needle as body. Raglan decreases. Loose fit collar.<\/p>\n<p><strong>Instagram<\/strong><\/p>\n<p>You can find more color choices using #routamaaneule<\/p>\n","protected":false},"excerpt":{"rendered":"<p>Saat automaattisesti tilausvahvistuksen s\u00e4hk\u00f6postiisi heti maksusuorituksen j\u00e4lkeen. L\u00f6yd\u00e4t latauslinkin ohjeeseen tilausvahvistuksesta kohdasta miss\u00e4 lukee \u2019Lataa\u2019. Tilausvahvistus saattaa menn\u00e4 roskapostikansioon.Ohjeen toimitus tapahtuu ainoastaan s\u00e4hk\u00f6isesti, eik\u00e4 sit\u00e4 l\u00e4hetet\u00e4 erikseen postitse. On suositeltavaa, ett\u00e4 ohje tallennetaan heti omalle laitteelle. S\u00e4ilyt\u00e4 latauslinkki mahdollisia ohjeeseen my\u00f6hemmin tulevia p\u00e4ivityksi\u00e4 varten. You will automatically receive an order confirmation by email immediately after [&hellip;]<\/p>\n","protected":false},"featured_media":21568,"comment_status":"closed","ping_status":"closed","template":"","meta":{"_et_pb_use_builder":"","_et_pb_old_content":"","_et_gb_content_width":""},"product_brand":[],"product_cat":[22],"product_tag":[],"class_list":{"0":"post-14238","1":"product","2":"type-product","3":"status-publish","4":"has-post-thumbnail","6":"product_cat-neuleohjeet","7":"product_shipping_class-pdf","9":"first","10":"instock","11":"downloadable","12":"taxable","13":"shipping-taxable","14":"purchasable","15":"product-type-simple"},"yoast_head":"<!-- This site is optimized with the Yoast SEO plugin v27.4 - https:\/\/yoast.com\/product\/yoast-seo-wordpress\/ -->\n<title>Routamaaneule ohje \/ knit pattern (FI, EN\/US) - Villahullu<\/title>\n<meta name=\"robots\" content=\"index, follow, max-snippet:-1, max-image-preview:large, max-video-preview:-1\" \/>\n<link rel=\"canonical\" href=\"https:\/\/villahullu.fi\/en\/product\/routamaaneule-ohje-knit-pattern-fi-en-us\/\" \/>\n<meta property=\"og:locale\" content=\"en_US\" \/>\n<meta property=\"og:type\" content=\"article\" \/>\n<meta property=\"og:title\" content=\"Routamaaneule ohje \/ knit pattern (FI, EN\/US) - Villahullu\" \/>\n<meta property=\"og:description\" content=\"Saat automaattisesti tilausvahvistuksen s\u00e4hk\u00f6postiisi heti maksusuorituksen j\u00e4lkeen. L\u00f6yd\u00e4t latauslinkin ohjeeseen tilausvahvistuksesta kohdasta miss\u00e4 lukee \u2019Lataa\u2019. Tilausvahvistus saattaa menn\u00e4 roskapostikansioon.Ohjeen toimitus tapahtuu ainoastaan s\u00e4hk\u00f6isesti, eik\u00e4 sit\u00e4 l\u00e4hetet\u00e4 erikseen postitse. On suositeltavaa, ett\u00e4 ohje tallennetaan heti omalle laitteelle. S\u00e4ilyt\u00e4 latauslinkki mahdollisia ohjeeseen my\u00f6hemmin tulevia p\u00e4ivityksi\u00e4 varten. You will automatically receive an order confirmation by email immediately after [&hellip;]\" \/>\n<meta property=\"og:url\" content=\"https:\/\/villahullu.fi\/en\/product\/routamaaneule-ohje-knit-pattern-fi-en-us\/\" \/>\n<meta property=\"og:site_name\" content=\"Villahullu\" \/>\n<meta property=\"article:publisher\" content=\"https:\/\/www.facebook.com\/villahullu\/\" \/>\n<meta property=\"article:modified_time\" content=\"2025-10-06T10:33:25+00:00\" \/>\n<meta property=\"og:image\" content=\"https:\/\/villahullu.fi\/wp-content\/uploads\/2023\/10\/Routamaaneule-pdf-kansi-803x1024.png\" \/>\n\t<meta property=\"og:image:width\" content=\"803\" \/>\n\t<meta property=\"og:image:height\" content=\"1024\" \/>\n\t<meta property=\"og:image:type\" content=\"image\/png\" \/>\n<meta name=\"twitter:card\" content=\"summary_large_image\" \/>\n<meta name=\"twitter:label1\" content=\"Est. reading time\" \/>\n\t<meta name=\"twitter:data1\" content=\"7 minutes\" \/>\n<script type=\"application\/ld+json\" class=\"yoast-schema-graph\">{\"@context\":\"https:\\\/\\\/schema.org\",\"@graph\":[{\"@type\":\"WebPage\",\"@id\":\"https:\\\/\\\/villahullu.fi\\\/en\\\/product\\\/routamaaneule-ohje-knit-pattern-fi-en-us\\\/\",\"url\":\"https:\\\/\\\/villahullu.fi\\\/en\\\/product\\\/routamaaneule-ohje-knit-pattern-fi-en-us\\\/\",\"name\":\"Routamaaneule ohje \\\/ knit pattern (FI, EN\\\/US) - Villahullu\",\"isPartOf\":{\"@id\":\"https:\\\/\\\/villahullu.fi\\\/en\\\/#website\"},\"primaryImageOfPage\":{\"@id\":\"https:\\\/\\\/villahullu.fi\\\/en\\\/product\\\/routamaaneule-ohje-knit-pattern-fi-en-us\\\/#primaryimage\"},\"image\":{\"@id\":\"https:\\\/\\\/villahullu.fi\\\/en\\\/product\\\/routamaaneule-ohje-knit-pattern-fi-en-us\\\/#primaryimage\"},\"thumbnailUrl\":\"https:\\\/\\\/villahullu.fi\\\/wp-content\\\/uploads\\\/2023\\\/10\\\/Routamaaneule-pdf-kansi.png\",\"datePublished\":\"2023-10-20T03:00:01+00:00\",\"dateModified\":\"2025-10-06T10:33:25+00:00\",\"breadcrumb\":{\"@id\":\"https:\\\/\\\/villahullu.fi\\\/en\\\/product\\\/routamaaneule-ohje-knit-pattern-fi-en-us\\\/#breadcrumb\"},\"inLanguage\":\"en-US\",\"potentialAction\":[{\"@type\":\"ReadAction\",\"target\":[\"https:\\\/\\\/villahullu.fi\\\/en\\\/product\\\/routamaaneule-ohje-knit-pattern-fi-en-us\\\/\"]}]},{\"@type\":\"ImageObject\",\"inLanguage\":\"en-US\",\"@id\":\"https:\\\/\\\/villahullu.fi\\\/en\\\/product\\\/routamaaneule-ohje-knit-pattern-fi-en-us\\\/#primaryimage\",\"url\":\"https:\\\/\\\/villahullu.fi\\\/wp-content\\\/uploads\\\/2023\\\/10\\\/Routamaaneule-pdf-kansi.png\",\"contentUrl\":\"https:\\\/\\\/villahullu.fi\\\/wp-content\\\/uploads\\\/2023\\\/10\\\/Routamaaneule-pdf-kansi.png\",\"width\":1569,\"height\":2000},{\"@type\":\"BreadcrumbList\",\"@id\":\"https:\\\/\\\/villahullu.fi\\\/en\\\/product\\\/routamaaneule-ohje-knit-pattern-fi-en-us\\\/#breadcrumb\",\"itemListElement\":[{\"@type\":\"ListItem\",\"position\":1,\"name\":\"Etusivu\",\"item\":\"https:\\\/\\\/villahullu.fi\\\/en\\\/\"},{\"@type\":\"ListItem\",\"position\":2,\"name\":\"Shop\",\"item\":\"https:\\\/\\\/villahullu.fi\\\/en\\\/shop\\\/\"},{\"@type\":\"ListItem\",\"position\":3,\"name\":\"Routamaaneule ohje \\\/ knit pattern (FI, EN\\\/US)\"}]},{\"@type\":\"WebSite\",\"@id\":\"https:\\\/\\\/villahullu.fi\\\/en\\\/#website\",\"url\":\"https:\\\/\\\/villahullu.fi\\\/en\\\/\",\"name\":\"Villahullu\",\"description\":\"Villapaitoja ja neulontaohjeita\",\"publisher\":{\"@id\":\"https:\\\/\\\/villahullu.fi\\\/en\\\/#organization\"},\"potentialAction\":[{\"@type\":\"SearchAction\",\"target\":{\"@type\":\"EntryPoint\",\"urlTemplate\":\"https:\\\/\\\/villahullu.fi\\\/en\\\/?s={search_term_string}\"},\"query-input\":{\"@type\":\"PropertyValueSpecification\",\"valueRequired\":true,\"valueName\":\"search_term_string\"}}],\"inLanguage\":\"en-US\"},{\"@type\":\"Organization\",\"@id\":\"https:\\\/\\\/villahullu.fi\\\/en\\\/#organization\",\"name\":\"Villahullu\",\"url\":\"https:\\\/\\\/villahullu.fi\\\/en\\\/\",\"logo\":{\"@type\":\"ImageObject\",\"inLanguage\":\"en-US\",\"@id\":\"https:\\\/\\\/villahullu.fi\\\/en\\\/#\\\/schema\\\/logo\\\/image\\\/\",\"url\":\"https:\\\/\\\/villahullu.fi\\\/wp-content\\\/uploads\\\/2021\\\/06\\\/logo.png\",\"contentUrl\":\"https:\\\/\\\/villahullu.fi\\\/wp-content\\\/uploads\\\/2021\\\/06\\\/logo.png\",\"width\":374,\"height\":98,\"caption\":\"Villahullu\"},\"image\":{\"@id\":\"https:\\\/\\\/villahullu.fi\\\/en\\\/#\\\/schema\\\/logo\\\/image\\\/\"},\"sameAs\":[\"https:\\\/\\\/www.facebook.com\\\/villahullu\\\/\",\"https:\\\/\\\/www.instagram.com\\\/villahullu\\\/\"]}]}<\/script>\n<!-- \/ Yoast SEO plugin. -->","yoast_head_json":{"title":"Routamaaneule ohje \/ knit pattern (FI, EN\/US) - Villahullu","robots":{"index":"index","follow":"follow","max-snippet":"max-snippet:-1","max-image-preview":"max-image-preview:large","max-video-preview":"max-video-preview:-1"},"canonical":"https:\/\/villahullu.fi\/en\/product\/routamaaneule-ohje-knit-pattern-fi-en-us\/","og_locale":"en_US","og_type":"article","og_title":"Routamaaneule ohje \/ knit pattern (FI, EN\/US) - Villahullu","og_description":"Saat automaattisesti tilausvahvistuksen s\u00e4hk\u00f6postiisi heti maksusuorituksen j\u00e4lkeen. L\u00f6yd\u00e4t latauslinkin ohjeeseen tilausvahvistuksesta kohdasta miss\u00e4 lukee \u2019Lataa\u2019. Tilausvahvistus saattaa menn\u00e4 roskapostikansioon.Ohjeen toimitus tapahtuu ainoastaan s\u00e4hk\u00f6isesti, eik\u00e4 sit\u00e4 l\u00e4hetet\u00e4 erikseen postitse. On suositeltavaa, ett\u00e4 ohje tallennetaan heti omalle laitteelle. S\u00e4ilyt\u00e4 latauslinkki mahdollisia ohjeeseen my\u00f6hemmin tulevia p\u00e4ivityksi\u00e4 varten. You will automatically receive an order confirmation by email immediately after [&hellip;]","og_url":"https:\/\/villahullu.fi\/en\/product\/routamaaneule-ohje-knit-pattern-fi-en-us\/","og_site_name":"Villahullu","article_publisher":"https:\/\/www.facebook.com\/villahullu\/","article_modified_time":"2025-10-06T10:33:25+00:00","og_image":[{"width":803,"height":1024,"url":"https:\/\/villahullu.fi\/wp-content\/uploads\/2023\/10\/Routamaaneule-pdf-kansi-803x1024.png","type":"image\/png"}],"twitter_card":"summary_large_image","twitter_misc":{"Est. reading time":"7 minutes"},"schema":{"@context":"https:\/\/schema.org","@graph":[{"@type":"WebPage","@id":"https:\/\/villahullu.fi\/en\/product\/routamaaneule-ohje-knit-pattern-fi-en-us\/","url":"https:\/\/villahullu.fi\/en\/product\/routamaaneule-ohje-knit-pattern-fi-en-us\/","name":"Routamaaneule ohje \/ knit pattern (FI, EN\/US) - Villahullu","isPartOf":{"@id":"https:\/\/villahullu.fi\/en\/#website"},"primaryImageOfPage":{"@id":"https:\/\/villahullu.fi\/en\/product\/routamaaneule-ohje-knit-pattern-fi-en-us\/#primaryimage"},"image":{"@id":"https:\/\/villahullu.fi\/en\/product\/routamaaneule-ohje-knit-pattern-fi-en-us\/#primaryimage"},"thumbnailUrl":"https:\/\/villahullu.fi\/wp-content\/uploads\/2023\/10\/Routamaaneule-pdf-kansi.png","datePublished":"2023-10-20T03:00:01+00:00","dateModified":"2025-10-06T10:33:25+00:00","breadcrumb":{"@id":"https:\/\/villahullu.fi\/en\/product\/routamaaneule-ohje-knit-pattern-fi-en-us\/#breadcrumb"},"inLanguage":"en-US","potentialAction":[{"@type":"ReadAction","target":["https:\/\/villahullu.fi\/en\/product\/routamaaneule-ohje-knit-pattern-fi-en-us\/"]}]},{"@type":"ImageObject","inLanguage":"en-US","@id":"https:\/\/villahullu.fi\/en\/product\/routamaaneule-ohje-knit-pattern-fi-en-us\/#primaryimage","url":"https:\/\/villahullu.fi\/wp-content\/uploads\/2023\/10\/Routamaaneule-pdf-kansi.png","contentUrl":"https:\/\/villahullu.fi\/wp-content\/uploads\/2023\/10\/Routamaaneule-pdf-kansi.png","width":1569,"height":2000},{"@type":"BreadcrumbList","@id":"https:\/\/villahullu.fi\/en\/product\/routamaaneule-ohje-knit-pattern-fi-en-us\/#breadcrumb","itemListElement":[{"@type":"ListItem","position":1,"name":"Etusivu","item":"https:\/\/villahullu.fi\/en\/"},{"@type":"ListItem","position":2,"name":"Shop","item":"https:\/\/villahullu.fi\/en\/shop\/"},{"@type":"ListItem","position":3,"name":"Routamaaneule ohje \/ knit pattern (FI, EN\/US)"}]},{"@type":"WebSite","@id":"https:\/\/villahullu.fi\/en\/#website","url":"https:\/\/villahullu.fi\/en\/","name":"Villahullu","description":"Villapaitoja ja neulontaohjeita","publisher":{"@id":"https:\/\/villahullu.fi\/en\/#organization"},"potentialAction":[{"@type":"SearchAction","target":{"@type":"EntryPoint","urlTemplate":"https:\/\/villahullu.fi\/en\/?s={search_term_string}"},"query-input":{"@type":"PropertyValueSpecification","valueRequired":true,"valueName":"search_term_string"}}],"inLanguage":"en-US"},{"@type":"Organization","@id":"https:\/\/villahullu.fi\/en\/#organization","name":"Villahullu","url":"https:\/\/villahullu.fi\/en\/","logo":{"@type":"ImageObject","inLanguage":"en-US","@id":"https:\/\/villahullu.fi\/en\/#\/schema\/logo\/image\/","url":"https:\/\/villahullu.fi\/wp-content\/uploads\/2021\/06\/logo.png","contentUrl":"https:\/\/villahullu.fi\/wp-content\/uploads\/2021\/06\/logo.png","width":374,"height":98,"caption":"Villahullu"},"image":{"@id":"https:\/\/villahullu.fi\/en\/#\/schema\/logo\/image\/"},"sameAs":["https:\/\/www.facebook.com\/villahullu\/","https:\/\/www.instagram.com\/villahullu\/"]}]}},"jetpack_sharing_enabled":true,"_links":{"self":[{"href":"https:\/\/villahullu.fi\/en\/wp-json\/wp\/v2\/product\/14238","targetHints":{"allow":["GET"]}}],"collection":[{"href":"https:\/\/villahullu.fi\/en\/wp-json\/wp\/v2\/product"}],"about":[{"href":"https:\/\/villahullu.fi\/en\/wp-json\/wp\/v2\/types\/product"}],"replies":[{"embeddable":true,"href":"https:\/\/villahullu.fi\/en\/wp-json\/wp\/v2\/comments?post=14238"}],"wp:featuredmedia":[{"embeddable":true,"href":"https:\/\/villahullu.fi\/en\/wp-json\/wp\/v2\/media\/21568"}],"wp:attachment":[{"href":"https:\/\/villahullu.fi\/en\/wp-json\/wp\/v2\/media?parent=14238"}],"wp:term":[{"taxonomy":"product_brand","embeddable":true,"href":"https:\/\/villahullu.fi\/en\/wp-json\/wp\/v2\/product_brand?post=14238"},{"taxonomy":"product_cat","embeddable":true,"href":"https:\/\/villahullu.fi\/en\/wp-json\/wp\/v2\/product_cat?post=14238"},{"taxonomy":"product_tag","embeddable":true,"href":"https:\/\/villahullu.fi\/en\/wp-json\/wp\/v2\/product_tag?post=14238"}],"curies":[{"name":"wp","href":"https:\/\/api.w.org\/{rel}","templated":true}]}}