{"id":12991,"date":"2023-05-04T20:02:49","date_gmt":"2023-05-04T17:02:49","guid":{"rendered":"https:\/\/villahullu.fi\/?post_type=product&#038;p=12991"},"modified":"2024-09-01T09:23:04","modified_gmt":"2024-09-01T06:23:04","slug":"merineule-lite-ohje-knit-pattern-fi-en-us","status":"publish","type":"product","link":"https:\/\/villahullu.fi\/en\/product\/merineule-lite-ohje-knit-pattern-fi-en-us\/","title":{"rendered":"Merineule Lite ohje \/ knit pattern (FI, EN\/US)"},"content":{"rendered":"<p><img loading=\"lazy\" decoding=\"async\" class=\"alignnone size-medium wp-image-13026\" src=\"https:\/\/villahullu.fi\/wp-content\/uploads\/2023\/05\/IMG_20230504_183427-225x300.jpg\" alt=\"\" width=\"225\" height=\"300\" \/><img loading=\"lazy\" decoding=\"async\" class=\"alignnone size-medium wp-image-12996\" src=\"https:\/\/villahullu.fi\/wp-content\/uploads\/2023\/05\/2E79123E-7371-4004-9515-346C90E80AFE-225x300.jpeg\" alt=\"\" width=\"225\" height=\"300\" \/> <img loading=\"lazy\" decoding=\"async\" class=\"alignnone size-medium wp-image-13004\" src=\"https:\/\/villahullu.fi\/wp-content\/uploads\/2023\/05\/20230426_102920-284x300.jpg\" alt=\"\" width=\"284\" height=\"300\" \/> <img loading=\"lazy\" decoding=\"async\" class=\"alignnone size-medium wp-image-13006\" src=\"https:\/\/villahullu.fi\/wp-content\/uploads\/2023\/05\/20230429_181323-287x300.jpg\" alt=\"\" width=\"287\" height=\"300\" \/> <img loading=\"lazy\" decoding=\"async\" class=\"alignnone size-medium wp-image-13010\" src=\"https:\/\/villahullu.fi\/wp-content\/uploads\/2023\/05\/20230426170224_IMG_9163-1-200x300.jpg\" alt=\"\" width=\"200\" height=\"300\" \/> <img loading=\"lazy\" decoding=\"async\" class=\"alignnone size-medium wp-image-13016\" src=\"https:\/\/villahullu.fi\/wp-content\/uploads\/2023\/05\/image_67529729-225x300.jpg\" alt=\"\" width=\"225\" height=\"300\" \/> <img loading=\"lazy\" decoding=\"async\" class=\"alignnone size-medium wp-image-13020\" src=\"https:\/\/villahullu.fi\/wp-content\/uploads\/2023\/05\/IMG_20230420_112511_709-240x300.webp\" alt=\"\" width=\"240\" height=\"300\" \/><\/p>\n<p><strong><em>Neuleohje on ladattavissa heti maksusuorituksen j\u00e4lkeen tilauksen yhteydess\u00e4 ilmoittamastasi s\u00e4hk\u00f6postiosoitteesta. (Tarkastathan my\u00f6s roskapostikansion.) Ohjeen toimitus tapahtuu ainoastaan s\u00e4hk\u00f6isesti, eik\u00e4 sit\u00e4 l\u00e4hetet\u00e4 erikseen postitse. On suositeltavaa, ett\u00e4 ohje tallennetaan heti omalle laitteelle.<br \/>\n<\/em><\/strong><\/p>\n<p><strong><em>Knit pattern can be downloaded immediately after payment from the e-mail you provided with your order. (Remember to check also the junk mail folder.) The patter<\/em><\/strong><strong><em>n is delivered only electronically and is not send separately by post. It is recommended that you save the pattern to your device immediately. You can find all the languages mentioned in the tittle in the same pdf file.<br \/>\n<\/em><\/strong><\/p>\n<p><strong>Koko XXS, XS, S, M, L, XL, XXL, XXXL<\/strong><\/p>\n<p>Koot eiv\u00e4t ole standardeja. Tarkistathan sopivan koon paidan mitoista. Mitat ovat valmiin paidan mittoja.<\/p>\n<p>Rinnanymp\u00e4rys<\/p>\n<p>(XXS)80 (XS)86,5 (S)93 (M)100 (L)106,5 (XL)113 (XXL)120 (XXXL)126,5 cm<\/p>\n<p>Alaosan leveys<\/p>\n<p>(XXS)40 (XS)43 (S)46,5 (M)50 (L)53 (XL)56,5 (XXL)60 (XXXL)63 \u00a0cm<\/p>\n<p>Pituus helmasta kainaloon<\/p>\n<p>(XXS)37 (XS)38 (S)39 (M)40 (L)41 (XL)43 (XXL)45 (XXXL)46 cm (tai haluttu pituus)<\/p>\n<p>Hihan pituus<\/p>\n<p>(XXS)47 (XS)48 (S)49 (M)50 (L)51 (XL)52 (XXL)53 (XXXL)54 cm (tai haluttu pituus)<\/p>\n<p><strong>Langan menekki <\/strong>Lettlopi 50 g ker\u00e4<\/p>\n<p>P\u00e4\u00e4v\u00e4ri 1414 Violet (XXS)5 (XS)6 (S)6 (M)7 (L)7 (XL)7 (XXL)8 (XXXL)9 kpl<\/p>\n<p>A 1704 Apricot (XXS)2 (XS)3 (S)3 (M)3 (L)3 (XL)3 (XXL)4 (XXXL)4 kpl<\/p>\n<p>B 1404 Glacier blue (XXS)2 (XS)2 (S)2 (M)2 (L)2 (XL)2 (XXL)2 (XXXL)2 kpl<\/p>\n<p><strong>Puikot<\/strong><\/p>\n<p>Py\u00f6r\u00f6puikko 3,5 mm 80 cm<\/p>\n<p>Py\u00f6r\u00f6puikko 4,5 mm 80 cm<\/p>\n<p>Sukkapuikot 3,5 mm ja 4,5 mm<\/p>\n<p>(Mik\u00e4li et k\u00e4yt\u00e4 Magic loop- tekniikkaa, tarvitset my\u00f6s py\u00f6r\u00f6puikot 3,5 mm ja 4,5 mm 40 cm)<\/p>\n<p><strong>Neuletiheys <\/strong>10\u00d710 cm: 18 silmukkaa ja 24 rivi\u00e4 sile\u00e4\u00e4 neuletta<\/p>\n<p><strong>Ty\u00f6ohje<\/strong><\/p>\n<p>Neulo alaosa ja hiha py\u00f6r\u00f6n\u00e4. Yhdist\u00e4 kainalossa alaosa sek\u00e4 hihat samalle puikolle<\/p>\n<p>ja neulo kaarroke py\u00f6r\u00f6n\u00e4. Alaosassa kerros alkaa vasemmasta sivusta, mutta yhdist\u00e4misen<\/p>\n<p>j\u00e4lkeen kohdasta, jossa takakappale ja vasen hiha on yhdistetty.<\/p>\n<p><strong>Instagram<\/strong><\/p>\n<p>L\u00f6yd\u00e4t v\u00e4rivaihtoehtoja Instagramista #merineulelite tagill\u00e4<\/p>\n<h2><strong>English<\/strong><\/h2>\n<p><strong>Size XXS, XS, S, M, L, XL, XXL, XXXL<\/strong><\/p>\n<p>The sizes are not standard. Please check the measures for the appropriate sweater size. The measurements are the measurements of the finished and blocked sweater.<\/p>\n<p>Bust circumference<\/p>\n<p>(XXS)80 (XS)86.5 (S)93 (M)100 (L)106.5 (XL)113 (XXL)120 (XXXL)126.5 cm<\/p>\n<p>(XXS)31.5 (XS)34.8 (S)36.6 (M)39.3 (L)41.9 (XL)44.4(XXL)47.2 (XXXL)49.8 inches<\/p>\n<p>Body width<\/p>\n<p>(XXS)40 (XS)43 (S)46,5 (M)50 (L)53 (XL)56,5 (XXL)60 (XXXL)63 \u00a0cm<\/p>\n<p>(XXS)15.7 (XS)16.9 (S)18.3 (M)19.6 (L)20.8 (XL)22.2 (XXL)23.6 (XXXL)24.8 inches<\/p>\n<p>Body length<\/p>\n<p>(XXS)37 (XS)38 (S)39 (M)40 (L)41 (XL)43 (XXL)45 (XXXL)46 cm (or desired)<\/p>\n<p>(XXS)14.5 (XS)14.9 (S)15.3 (M)15.7 (L)16.1 (XL)16.9 (XXL)17.7 (XXXL)18.1 inches<\/p>\n<p>Sleeve length<\/p>\n<p>(XXS)47 (XS)48 (S)49 (M)50 (L)51 (XL)52 (XXL)53 (XXXL)54 cm (or desired)<\/p>\n<p>(XXS)18.5 (XS)18.8 (S)19.3 (M)19.6 (L)20 (XL)20.4 (XXL)20.8 (XXXL)21.2 inches<\/p>\n<p><strong>Yarn <\/strong>Lettlopi 50 g ball<\/p>\n<p>MC 1414 Violet (XXS)5 (XS)6 (S)6 (M)7 (L)7 (XL)7 (XXL)8 (XXXL)9 balls<\/p>\n<p>A 1704 Apricot (XXS)2 (XS)3 (S)3 (M)3 (L)3 (XL)3 (XXL)4 (XXXL)4 balls<\/p>\n<p>B 1404 Glacier blue (XXS)2 (XS)2 (S)2 (M)2 (L)2 (XL)2 (XXL)2 (XXXL)2 balls<\/p>\n<p><strong>Needles:<\/strong><\/p>\n<p>Circular needle 3.5 mm 80 cm US 4, 32\u201d<\/p>\n<p>Circular needle 4.5 mm 80 cm US 7, 32\u201d<\/p>\n<p>Double pointed needles 3.5 mm and 4.5 mm US 4 and 7<\/p>\n<p>(If you don\u2019t use the magic loop- technique,<\/p>\n<p>you will need to use circular needle 3.5 mm and 4.5 mm 40 cm US 4 and 7, 16\u201d)<\/p>\n<p><strong>Gauge<\/strong><\/p>\n<p>10\u00d710 cm: 18 stitches and 24 rows in stockinette stitch.<\/p>\n<p><strong>Instructions<\/strong><\/p>\n<p>Work body in the round on circular needle, bottom up. Work sleeves in the round on double pointed needles or circular needle using the Magic loop- technique. Slip sleeves on to same circular needle as body.<\/p>\n<p><strong>Instagram<\/strong><\/p>\n<p>You can find more color choices using #merineulelite<\/p>\n","protected":false},"excerpt":{"rendered":"<p>Neuleohje on ladattavissa heti maksusuorituksen j\u00e4lkeen tilauksen yhteydess\u00e4 ilmoittamastasi s\u00e4hk\u00f6postiosoitteesta. (Tarkastathan my\u00f6s roskapostikansion.) Ohjeen toimitus tapahtuu ainoastaan s\u00e4hk\u00f6isesti, eik\u00e4 sit\u00e4 l\u00e4hetet\u00e4 erikseen postitse. On suositeltavaa, ett\u00e4 ohje tallennetaan heti omalle laitteelle. Knit pattern can be downloaded immediately after payment from the e-mail you provided with your order. (Remember to check also the junk mail folder.) [&hellip;]<\/p>\n","protected":false},"featured_media":12992,"comment_status":"closed","ping_status":"closed","template":"","meta":{"_et_pb_use_builder":"","_et_pb_old_content":"","_et_gb_content_width":""},"product_brand":[],"product_cat":[22],"product_tag":[],"class_list":{"0":"post-12991","1":"product","2":"type-product","3":"status-publish","4":"has-post-thumbnail","6":"product_cat-neuleohjeet","7":"product_shipping_class-pdf","9":"first","10":"instock","11":"downloadable","12":"taxable","13":"shipping-taxable","14":"purchasable","15":"product-type-simple"},"yoast_head":"<!-- This site is optimized with the Yoast SEO plugin v27.4 - https:\/\/yoast.com\/product\/yoast-seo-wordpress\/ -->\n<title>Merineule Lite ohje \/ knit pattern (FI, EN\/US) - Villahullu<\/title>\n<meta name=\"robots\" content=\"index, follow, max-snippet:-1, max-image-preview:large, max-video-preview:-1\" \/>\n<link rel=\"canonical\" href=\"https:\/\/villahullu.fi\/en\/product\/merineule-lite-ohje-knit-pattern-fi-en-us\/\" \/>\n<meta property=\"og:locale\" content=\"en_US\" \/>\n<meta property=\"og:type\" content=\"article\" \/>\n<meta property=\"og:title\" content=\"Merineule Lite ohje \/ knit pattern (FI, EN\/US) - Villahullu\" \/>\n<meta property=\"og:description\" content=\"Neuleohje on ladattavissa heti maksusuorituksen j\u00e4lkeen tilauksen yhteydess\u00e4 ilmoittamastasi s\u00e4hk\u00f6postiosoitteesta. (Tarkastathan my\u00f6s roskapostikansion.) Ohjeen toimitus tapahtuu ainoastaan s\u00e4hk\u00f6isesti, eik\u00e4 sit\u00e4 l\u00e4hetet\u00e4 erikseen postitse. On suositeltavaa, ett\u00e4 ohje tallennetaan heti omalle laitteelle. Knit pattern can be downloaded immediately after payment from the e-mail you provided with your order. (Remember to check also the junk mail folder.) [&hellip;]\" \/>\n<meta property=\"og:url\" content=\"https:\/\/villahullu.fi\/en\/product\/merineule-lite-ohje-knit-pattern-fi-en-us\/\" \/>\n<meta property=\"og:site_name\" content=\"Villahullu\" \/>\n<meta property=\"article:publisher\" content=\"https:\/\/www.facebook.com\/villahullu\/\" \/>\n<meta property=\"article:modified_time\" content=\"2024-09-01T06:23:04+00:00\" \/>\n<meta property=\"og:image\" content=\"https:\/\/villahullu.fi\/wp-content\/uploads\/2023\/05\/Merineule-Lite.png\" \/>\n\t<meta property=\"og:image:width\" content=\"940\" \/>\n\t<meta property=\"og:image:height\" content=\"788\" \/>\n\t<meta property=\"og:image:type\" content=\"image\/png\" \/>\n<meta name=\"twitter:card\" content=\"summary_large_image\" \/>\n<meta name=\"twitter:label1\" content=\"Est. reading time\" \/>\n\t<meta name=\"twitter:data1\" content=\"5 minutes\" \/>\n<script type=\"application\/ld+json\" class=\"yoast-schema-graph\">{\"@context\":\"https:\\\/\\\/schema.org\",\"@graph\":[{\"@type\":\"WebPage\",\"@id\":\"https:\\\/\\\/villahullu.fi\\\/en\\\/product\\\/merineule-lite-ohje-knit-pattern-fi-en-us\\\/\",\"url\":\"https:\\\/\\\/villahullu.fi\\\/en\\\/product\\\/merineule-lite-ohje-knit-pattern-fi-en-us\\\/\",\"name\":\"Merineule Lite ohje \\\/ knit pattern (FI, EN\\\/US) - Villahullu\",\"isPartOf\":{\"@id\":\"https:\\\/\\\/villahullu.fi\\\/en\\\/#website\"},\"primaryImageOfPage\":{\"@id\":\"https:\\\/\\\/villahullu.fi\\\/en\\\/product\\\/merineule-lite-ohje-knit-pattern-fi-en-us\\\/#primaryimage\"},\"image\":{\"@id\":\"https:\\\/\\\/villahullu.fi\\\/en\\\/product\\\/merineule-lite-ohje-knit-pattern-fi-en-us\\\/#primaryimage\"},\"thumbnailUrl\":\"https:\\\/\\\/villahullu.fi\\\/wp-content\\\/uploads\\\/2023\\\/05\\\/Merineule-Lite.png\",\"datePublished\":\"2023-05-04T17:02:49+00:00\",\"dateModified\":\"2024-09-01T06:23:04+00:00\",\"breadcrumb\":{\"@id\":\"https:\\\/\\\/villahullu.fi\\\/en\\\/product\\\/merineule-lite-ohje-knit-pattern-fi-en-us\\\/#breadcrumb\"},\"inLanguage\":\"en-US\",\"potentialAction\":[{\"@type\":\"ReadAction\",\"target\":[\"https:\\\/\\\/villahullu.fi\\\/en\\\/product\\\/merineule-lite-ohje-knit-pattern-fi-en-us\\\/\"]}]},{\"@type\":\"ImageObject\",\"inLanguage\":\"en-US\",\"@id\":\"https:\\\/\\\/villahullu.fi\\\/en\\\/product\\\/merineule-lite-ohje-knit-pattern-fi-en-us\\\/#primaryimage\",\"url\":\"https:\\\/\\\/villahullu.fi\\\/wp-content\\\/uploads\\\/2023\\\/05\\\/Merineule-Lite.png\",\"contentUrl\":\"https:\\\/\\\/villahullu.fi\\\/wp-content\\\/uploads\\\/2023\\\/05\\\/Merineule-Lite.png\",\"width\":940,\"height\":788},{\"@type\":\"BreadcrumbList\",\"@id\":\"https:\\\/\\\/villahullu.fi\\\/en\\\/product\\\/merineule-lite-ohje-knit-pattern-fi-en-us\\\/#breadcrumb\",\"itemListElement\":[{\"@type\":\"ListItem\",\"position\":1,\"name\":\"Etusivu\",\"item\":\"https:\\\/\\\/villahullu.fi\\\/en\\\/\"},{\"@type\":\"ListItem\",\"position\":2,\"name\":\"Shop\",\"item\":\"https:\\\/\\\/villahullu.fi\\\/en\\\/shop\\\/\"},{\"@type\":\"ListItem\",\"position\":3,\"name\":\"Merineule Lite ohje \\\/ knit pattern (FI, EN\\\/US)\"}]},{\"@type\":\"WebSite\",\"@id\":\"https:\\\/\\\/villahullu.fi\\\/en\\\/#website\",\"url\":\"https:\\\/\\\/villahullu.fi\\\/en\\\/\",\"name\":\"Villahullu\",\"description\":\"Villapaitoja ja neulontaohjeita\",\"publisher\":{\"@id\":\"https:\\\/\\\/villahullu.fi\\\/en\\\/#organization\"},\"potentialAction\":[{\"@type\":\"SearchAction\",\"target\":{\"@type\":\"EntryPoint\",\"urlTemplate\":\"https:\\\/\\\/villahullu.fi\\\/en\\\/?s={search_term_string}\"},\"query-input\":{\"@type\":\"PropertyValueSpecification\",\"valueRequired\":true,\"valueName\":\"search_term_string\"}}],\"inLanguage\":\"en-US\"},{\"@type\":\"Organization\",\"@id\":\"https:\\\/\\\/villahullu.fi\\\/en\\\/#organization\",\"name\":\"Villahullu\",\"url\":\"https:\\\/\\\/villahullu.fi\\\/en\\\/\",\"logo\":{\"@type\":\"ImageObject\",\"inLanguage\":\"en-US\",\"@id\":\"https:\\\/\\\/villahullu.fi\\\/en\\\/#\\\/schema\\\/logo\\\/image\\\/\",\"url\":\"https:\\\/\\\/villahullu.fi\\\/wp-content\\\/uploads\\\/2021\\\/06\\\/logo.png\",\"contentUrl\":\"https:\\\/\\\/villahullu.fi\\\/wp-content\\\/uploads\\\/2021\\\/06\\\/logo.png\",\"width\":374,\"height\":98,\"caption\":\"Villahullu\"},\"image\":{\"@id\":\"https:\\\/\\\/villahullu.fi\\\/en\\\/#\\\/schema\\\/logo\\\/image\\\/\"},\"sameAs\":[\"https:\\\/\\\/www.facebook.com\\\/villahullu\\\/\",\"https:\\\/\\\/www.instagram.com\\\/villahullu\\\/\"]}]}<\/script>\n<!-- \/ Yoast SEO plugin. -->","yoast_head_json":{"title":"Merineule Lite ohje \/ knit pattern (FI, EN\/US) - Villahullu","robots":{"index":"index","follow":"follow","max-snippet":"max-snippet:-1","max-image-preview":"max-image-preview:large","max-video-preview":"max-video-preview:-1"},"canonical":"https:\/\/villahullu.fi\/en\/product\/merineule-lite-ohje-knit-pattern-fi-en-us\/","og_locale":"en_US","og_type":"article","og_title":"Merineule Lite ohje \/ knit pattern (FI, EN\/US) - Villahullu","og_description":"Neuleohje on ladattavissa heti maksusuorituksen j\u00e4lkeen tilauksen yhteydess\u00e4 ilmoittamastasi s\u00e4hk\u00f6postiosoitteesta. (Tarkastathan my\u00f6s roskapostikansion.) Ohjeen toimitus tapahtuu ainoastaan s\u00e4hk\u00f6isesti, eik\u00e4 sit\u00e4 l\u00e4hetet\u00e4 erikseen postitse. On suositeltavaa, ett\u00e4 ohje tallennetaan heti omalle laitteelle. Knit pattern can be downloaded immediately after payment from the e-mail you provided with your order. (Remember to check also the junk mail folder.) [&hellip;]","og_url":"https:\/\/villahullu.fi\/en\/product\/merineule-lite-ohje-knit-pattern-fi-en-us\/","og_site_name":"Villahullu","article_publisher":"https:\/\/www.facebook.com\/villahullu\/","article_modified_time":"2024-09-01T06:23:04+00:00","og_image":[{"width":940,"height":788,"url":"https:\/\/villahullu.fi\/wp-content\/uploads\/2023\/05\/Merineule-Lite.png","type":"image\/png"}],"twitter_card":"summary_large_image","twitter_misc":{"Est. reading time":"5 minutes"},"schema":{"@context":"https:\/\/schema.org","@graph":[{"@type":"WebPage","@id":"https:\/\/villahullu.fi\/en\/product\/merineule-lite-ohje-knit-pattern-fi-en-us\/","url":"https:\/\/villahullu.fi\/en\/product\/merineule-lite-ohje-knit-pattern-fi-en-us\/","name":"Merineule Lite ohje \/ knit pattern (FI, EN\/US) - Villahullu","isPartOf":{"@id":"https:\/\/villahullu.fi\/en\/#website"},"primaryImageOfPage":{"@id":"https:\/\/villahullu.fi\/en\/product\/merineule-lite-ohje-knit-pattern-fi-en-us\/#primaryimage"},"image":{"@id":"https:\/\/villahullu.fi\/en\/product\/merineule-lite-ohje-knit-pattern-fi-en-us\/#primaryimage"},"thumbnailUrl":"https:\/\/villahullu.fi\/wp-content\/uploads\/2023\/05\/Merineule-Lite.png","datePublished":"2023-05-04T17:02:49+00:00","dateModified":"2024-09-01T06:23:04+00:00","breadcrumb":{"@id":"https:\/\/villahullu.fi\/en\/product\/merineule-lite-ohje-knit-pattern-fi-en-us\/#breadcrumb"},"inLanguage":"en-US","potentialAction":[{"@type":"ReadAction","target":["https:\/\/villahullu.fi\/en\/product\/merineule-lite-ohje-knit-pattern-fi-en-us\/"]}]},{"@type":"ImageObject","inLanguage":"en-US","@id":"https:\/\/villahullu.fi\/en\/product\/merineule-lite-ohje-knit-pattern-fi-en-us\/#primaryimage","url":"https:\/\/villahullu.fi\/wp-content\/uploads\/2023\/05\/Merineule-Lite.png","contentUrl":"https:\/\/villahullu.fi\/wp-content\/uploads\/2023\/05\/Merineule-Lite.png","width":940,"height":788},{"@type":"BreadcrumbList","@id":"https:\/\/villahullu.fi\/en\/product\/merineule-lite-ohje-knit-pattern-fi-en-us\/#breadcrumb","itemListElement":[{"@type":"ListItem","position":1,"name":"Etusivu","item":"https:\/\/villahullu.fi\/en\/"},{"@type":"ListItem","position":2,"name":"Shop","item":"https:\/\/villahullu.fi\/en\/shop\/"},{"@type":"ListItem","position":3,"name":"Merineule Lite ohje \/ knit pattern (FI, EN\/US)"}]},{"@type":"WebSite","@id":"https:\/\/villahullu.fi\/en\/#website","url":"https:\/\/villahullu.fi\/en\/","name":"Villahullu","description":"Villapaitoja ja neulontaohjeita","publisher":{"@id":"https:\/\/villahullu.fi\/en\/#organization"},"potentialAction":[{"@type":"SearchAction","target":{"@type":"EntryPoint","urlTemplate":"https:\/\/villahullu.fi\/en\/?s={search_term_string}"},"query-input":{"@type":"PropertyValueSpecification","valueRequired":true,"valueName":"search_term_string"}}],"inLanguage":"en-US"},{"@type":"Organization","@id":"https:\/\/villahullu.fi\/en\/#organization","name":"Villahullu","url":"https:\/\/villahullu.fi\/en\/","logo":{"@type":"ImageObject","inLanguage":"en-US","@id":"https:\/\/villahullu.fi\/en\/#\/schema\/logo\/image\/","url":"https:\/\/villahullu.fi\/wp-content\/uploads\/2021\/06\/logo.png","contentUrl":"https:\/\/villahullu.fi\/wp-content\/uploads\/2021\/06\/logo.png","width":374,"height":98,"caption":"Villahullu"},"image":{"@id":"https:\/\/villahullu.fi\/en\/#\/schema\/logo\/image\/"},"sameAs":["https:\/\/www.facebook.com\/villahullu\/","https:\/\/www.instagram.com\/villahullu\/"]}]}},"jetpack_sharing_enabled":true,"_links":{"self":[{"href":"https:\/\/villahullu.fi\/en\/wp-json\/wp\/v2\/product\/12991","targetHints":{"allow":["GET"]}}],"collection":[{"href":"https:\/\/villahullu.fi\/en\/wp-json\/wp\/v2\/product"}],"about":[{"href":"https:\/\/villahullu.fi\/en\/wp-json\/wp\/v2\/types\/product"}],"replies":[{"embeddable":true,"href":"https:\/\/villahullu.fi\/en\/wp-json\/wp\/v2\/comments?post=12991"}],"wp:featuredmedia":[{"embeddable":true,"href":"https:\/\/villahullu.fi\/en\/wp-json\/wp\/v2\/media\/12992"}],"wp:attachment":[{"href":"https:\/\/villahullu.fi\/en\/wp-json\/wp\/v2\/media?parent=12991"}],"wp:term":[{"taxonomy":"product_brand","embeddable":true,"href":"https:\/\/villahullu.fi\/en\/wp-json\/wp\/v2\/product_brand?post=12991"},{"taxonomy":"product_cat","embeddable":true,"href":"https:\/\/villahullu.fi\/en\/wp-json\/wp\/v2\/product_cat?post=12991"},{"taxonomy":"product_tag","embeddable":true,"href":"https:\/\/villahullu.fi\/en\/wp-json\/wp\/v2\/product_tag?post=12991"}],"curies":[{"name":"wp","href":"https:\/\/api.w.org\/{rel}","templated":true}]}}