{"id":12528,"date":"2023-03-23T20:51:48","date_gmt":"2023-03-23T18:51:48","guid":{"rendered":"https:\/\/villahullu.fi\/?post_type=product&#038;p=12528"},"modified":"2024-09-01T09:23:08","modified_gmt":"2024-09-01T06:23:08","slug":"hupineule-ohje-knit-pattern-fi-en-us","status":"publish","type":"product","link":"https:\/\/villahullu.fi\/en\/product\/hupineule-ohje-knit-pattern-fi-en-us\/","title":{"rendered":"Hupineule ohje \/ knit pattern (FI, EN\/US)"},"content":{"rendered":"<p><img loading=\"lazy\" decoding=\"async\" class=\"alignnone size-medium wp-image-12543\" src=\"https:\/\/villahullu.fi\/wp-content\/uploads\/2023\/03\/IMG_20230301_154442-225x300.jpg\" alt=\"\" width=\"225\" height=\"300\" \/> <img loading=\"lazy\" decoding=\"async\" class=\"alignnone size-medium wp-image-12541\" src=\"https:\/\/villahullu.fi\/wp-content\/uploads\/2023\/03\/image1-225x300.jpeg\" alt=\"\" width=\"225\" height=\"300\" \/> <img loading=\"lazy\" decoding=\"async\" class=\"alignnone size-medium wp-image-12539\" src=\"https:\/\/villahullu.fi\/wp-content\/uploads\/2023\/03\/20230310_152602-1-300x225.jpg\" alt=\"\" width=\"300\" height=\"225\" \/> <img loading=\"lazy\" decoding=\"async\" class=\"alignnone size-medium wp-image-12537\" src=\"https:\/\/villahullu.fi\/wp-content\/uploads\/2023\/03\/20230308_144617-225x300.jpg\" alt=\"\" width=\"225\" height=\"300\" \/> <img loading=\"lazy\" decoding=\"async\" class=\"alignnone size-medium wp-image-12533\" src=\"https:\/\/villahullu.fi\/wp-content\/uploads\/2023\/03\/IMG_20230225_103118_089-240x300.jpg\" alt=\"\" width=\"240\" height=\"300\" \/><\/p>\n<p><strong><em>Neuleohje on ladattavissa heti maksusuorituksen j\u00e4lkeen tilauksen yhteydess\u00e4 ilmoittamastasi s\u00e4hk\u00f6postiosoitteesta. (Tarkastathan my\u00f6s roskapostikansion.) Ohjeen toimitus tapahtuu ainoastaan s\u00e4hk\u00f6isesti, eik\u00e4 sit\u00e4 l\u00e4hetet\u00e4 erikseen postitse. On suositeltavaa, ett\u00e4 ohje tallennetaan heti omalle laitteelle.<br \/>\n<\/em><\/strong><\/p>\n<p><strong><em>Knit pattern can be downloaded immediately after payment from the e-mail you provided with your order. (Remember to check also the junk mail folder.) The patter<\/em><\/strong><strong><em>n is delivered only electronically and is not send separately by post. It is recommended that you save the pattern to your device immediately. You can find all the languages mentioned in the tittle in the same pdf file.<br \/>\n<\/em><\/strong><\/p>\n<p><strong>Koot<\/strong> <strong>XS, S, M, L, XL, XXL<\/strong><\/p>\n<p>Koot eiv\u00e4t ole standardeja. Tarkistathan sopivan koon paidan mitoista. Mitat ovat valmiin paidan mittoja.<\/p>\n<p>Rinnanymp\u00e4rys (XS)92 (S)101 (M)110 (L)120 (XL)129 (XXL)138 cm<\/p>\n<p>Alaosan leveys (XS)46 (S)51 (M)55 (L)60 (XL)64,5 (XXL)69 cm<\/p>\n<p>Pituus helmasta kainaloon (XS)39 (S)40 (M)41 (L)42 (XL)43 (XXL)44 cm<\/p>\n<p>Hihan pituus (XS)48 (S)49 (M)50 (L)51 (XL)52 (XXL)53 cm<\/p>\n<p><strong>Langan menekki <\/strong>Alafosslopi 100 g ker\u00e4<\/p>\n<p>P\u00e4\u00e4v\u00e4ri 0163 Dark soft purple (XS)4 (S)5 (M)5 (L)5 (XL)6 (XXL)7 kpl<\/p>\n<p>A 0159 Orchid (XS)1 (S)1 (M)1 (L)1 (XL)1 (XXL)1 kpl<\/p>\n<p>B 9964 Golden heather (XS)1 (S)1 (M)1 (L)1 (XL)1 (XXL)1 kpl<\/p>\n<p>C 0059 Black (XS)1 (S)1 (M)1 (L)1 (XL)1 (XXL)1 kpl<\/p>\n<p>D 0051 White (XS)1 (S)1 (M)1 (L)1 (XL)1 (XXL)1 kpl<\/p>\n<p>Mik\u00e4li neulot koon XXL resorit k\u00e4ytt\u00e4en v\u00e4ri\u00e4 A tai B, tarvitset kyseist\u00e4 v\u00e4ri\u00e4 2 ker\u00e4\u00e4.<\/p>\n<p><strong>Puikot<\/strong><\/p>\n<p>Py\u00f6r\u00f6puikko 6 mm 80 cm<\/p>\n<p>Py\u00f6r\u00f6puikko 4,5 mm 80 cm<\/p>\n<p>Sukkapuikot 4,5 mm ja 6 mm<\/p>\n<p>(Mik\u00e4li et k\u00e4yt\u00e4 Magic loop- tekniikkaa, tarvitset my\u00f6s py\u00f6r\u00f6puikot 4,5 mm ja 6 mm 40 cm)<\/p>\n<p><strong>Neuletiheys <\/strong><\/p>\n<p>10 x 10 cm = 13 s ja 18 krs sile\u00e4\u00e4 neuletta puikoilla<\/p>\n<p><strong>Ty\u00f6ohje<\/strong><\/p>\n<p>Neulo alaosa ja hiha py\u00f6r\u00f6n\u00e4. Yhdist\u00e4 kainalossa alaosa sek\u00e4 hihat samalle puikolle<\/p>\n<p>ja neulo kaarroke py\u00f6r\u00f6n\u00e4. Alaosassa kerros alkaa vasemmasta sivusta, mutta yhdist\u00e4misen<\/p>\n<p>j\u00e4lkeen kohdasta, jossa takakappale ja vasen hiha on yhdistetty. Raglan kavennukset.<\/p>\n<p><strong>Instagram<\/strong><\/p>\n<p>L\u00f6yd\u00e4t v\u00e4rivaihtoehtoja Instagramista #hupineule tagill\u00e4<\/p>\n<h2><strong>English<\/strong><\/h2>\n<p><strong>Size XS, S, M, L, XL, XXL<\/strong><\/p>\n<p>The sizes are not standard. Please check the measures for the appropriate sweater size.<\/p>\n<p>The measurements are the measurements of the finished sweater.<\/p>\n<p>Bust circumference<\/p>\n<p>(XS)92 (S)101.5 (M)110 (L)120 (XL)129 (XXL)138 cm<\/p>\n<p>(XS)36 (S)40 (M)43.3 (L)47.2 (XL)50.8 (XXL)54.5 inches<\/p>\n<p>Body width<\/p>\n<p>(XS)46 (S)51 (M)55 (L)60 (XL)64.5 (XXL)69 cm<\/p>\n<p>(XS)18.1 (S)20 (M)21.6 (L)23.6 (XL)25.4 (XXL)27.1 inches<\/p>\n<p>Body length<\/p>\n<p>(XS)39 (S)40 (M)41 (L)42 (XL)43 (XXL)44 cm<\/p>\n<p>(XS)15.3 (S)15.7 (M)16.1 (L)16.5 (XL)16.9 (XXL)17.3 inches<\/p>\n<p>Sleeve length<\/p>\n<p>(XS)48 (S)49 (M)50 (L)51 (XL)52 (XXL)53 cm<\/p>\n<p>(XS)18.9 (S)19.3 (M)19.7 (L)20 (XL)20.5 (XXL)20.8 inches<\/p>\n<p><strong>Yarn <\/strong>Alafosslopi 100 g<\/p>\n<p>MC (main color) 0163 Dark soft purple\u00a0 (XS)4 (S)5 (M)5 (L)5 (XL)6 (XXL)7 balls<\/p>\n<p>A 0159 Orchid (XS)1 (S)1 (M)1 (L)1 (XL)1 (XXL)1 balls<\/p>\n<p>B 9964 Golden heather (XS)1 (S)1 (M)1 (L)1 (XL)1 (XXL)1 balls<\/p>\n<p>C 0059 Black (XS)1 (S)1 (M)1 (L)1 (XL)1 (XXL)1 balls<\/p>\n<p>D 0051 White (XS)1 (S)1 (M)1 (L)1 (XL)1 (XXL)1 balls<\/p>\n<p>If you knit size XXL corrugated rib using color A or B, you need 2 balls of that color.<\/p>\n<p><strong>Needles:<\/strong><\/p>\n<p>Circular needle 4.5 mm 80 cm US 7, 32\u201d<\/p>\n<p>Circular needle 6 mm 80 cm US 10, 32\u201d<\/p>\n<p>Double pointed needles 4.5 mm and 6 mm US 7 and 10<\/p>\n<p>(If you don\u2019t use the magic loop- technique, you will need to use circular needle 4.5 mm and 6 mm 40 cm US 7 and 10, 16\u201d)<\/p>\n<p><strong>Gauge <\/strong><\/p>\n<p>10 cm = 13 sts and 18 rows in stockinette stitch<\/p>\n<p><strong>Instructions<\/strong><\/p>\n<p>Work body in the round on circular needle, bottom up. Work sleeves in the round on double pointed needles or circular needle using the Magic loop- technique. Slip sleeves on to same circular needle as body. Raglan decreases<\/p>\n<p><strong>Instagram<\/strong><\/p>\n<p>You can find more color choices using #hupineule<\/p>\n","protected":false},"excerpt":{"rendered":"<p>Neuleohje on ladattavissa heti maksusuorituksen j\u00e4lkeen tilauksen yhteydess\u00e4 ilmoittamastasi s\u00e4hk\u00f6postiosoitteesta. (Tarkastathan my\u00f6s roskapostikansion.) Ohjeen toimitus tapahtuu ainoastaan s\u00e4hk\u00f6isesti, eik\u00e4 sit\u00e4 l\u00e4hetet\u00e4 erikseen postitse. On suositeltavaa, ett\u00e4 ohje tallennetaan heti omalle laitteelle. Knit pattern can be downloaded immediately after payment from the e-mail you provided with your order. (Remember to check also the junk mail folder.) [&hellip;]<\/p>\n","protected":false},"featured_media":12531,"comment_status":"closed","ping_status":"closed","template":"","meta":{"_et_pb_use_builder":"","_et_pb_old_content":"","_et_gb_content_width":""},"product_brand":[],"product_cat":[22],"product_tag":[],"class_list":{"0":"post-12528","1":"product","2":"type-product","3":"status-publish","4":"has-post-thumbnail","6":"product_cat-neuleohjeet","7":"product_shipping_class-pdf","9":"first","10":"instock","11":"downloadable","12":"taxable","13":"shipping-taxable","14":"purchasable","15":"product-type-simple"},"yoast_head":"<!-- This site is optimized with the Yoast SEO plugin v27.4 - https:\/\/yoast.com\/product\/yoast-seo-wordpress\/ -->\n<title>Hupineule ohje \/ knit pattern (FI, EN\/US) - Villahullu<\/title>\n<meta name=\"robots\" content=\"index, follow, max-snippet:-1, max-image-preview:large, max-video-preview:-1\" \/>\n<link rel=\"canonical\" href=\"https:\/\/villahullu.fi\/en\/product\/hupineule-ohje-knit-pattern-fi-en-us\/\" \/>\n<meta property=\"og:locale\" content=\"en_US\" \/>\n<meta property=\"og:type\" content=\"article\" \/>\n<meta property=\"og:title\" content=\"Hupineule ohje \/ knit pattern (FI, EN\/US) - Villahullu\" \/>\n<meta property=\"og:description\" content=\"Neuleohje on ladattavissa heti maksusuorituksen j\u00e4lkeen tilauksen yhteydess\u00e4 ilmoittamastasi s\u00e4hk\u00f6postiosoitteesta. (Tarkastathan my\u00f6s roskapostikansion.) Ohjeen toimitus tapahtuu ainoastaan s\u00e4hk\u00f6isesti, eik\u00e4 sit\u00e4 l\u00e4hetet\u00e4 erikseen postitse. On suositeltavaa, ett\u00e4 ohje tallennetaan heti omalle laitteelle. Knit pattern can be downloaded immediately after payment from the e-mail you provided with your order. (Remember to check also the junk mail folder.) [&hellip;]\" \/>\n<meta property=\"og:url\" content=\"https:\/\/villahullu.fi\/en\/product\/hupineule-ohje-knit-pattern-fi-en-us\/\" \/>\n<meta property=\"og:site_name\" content=\"Villahullu\" \/>\n<meta property=\"article:publisher\" content=\"https:\/\/www.facebook.com\/villahullu\/\" \/>\n<meta property=\"article:modified_time\" content=\"2024-09-01T06:23:08+00:00\" \/>\n<meta property=\"og:image\" content=\"https:\/\/villahullu.fi\/wp-content\/uploads\/2023\/03\/Hupineule.png\" \/>\n\t<meta property=\"og:image:width\" content=\"940\" \/>\n\t<meta property=\"og:image:height\" content=\"788\" \/>\n\t<meta property=\"og:image:type\" content=\"image\/png\" \/>\n<meta name=\"twitter:card\" content=\"summary_large_image\" \/>\n<meta name=\"twitter:label1\" content=\"Est. reading time\" \/>\n\t<meta name=\"twitter:data1\" content=\"5 minutes\" \/>\n<script type=\"application\/ld+json\" class=\"yoast-schema-graph\">{\"@context\":\"https:\\\/\\\/schema.org\",\"@graph\":[{\"@type\":\"WebPage\",\"@id\":\"https:\\\/\\\/villahullu.fi\\\/en\\\/product\\\/hupineule-ohje-knit-pattern-fi-en-us\\\/\",\"url\":\"https:\\\/\\\/villahullu.fi\\\/en\\\/product\\\/hupineule-ohje-knit-pattern-fi-en-us\\\/\",\"name\":\"Hupineule ohje \\\/ knit pattern (FI, EN\\\/US) - Villahullu\",\"isPartOf\":{\"@id\":\"https:\\\/\\\/villahullu.fi\\\/en\\\/#website\"},\"primaryImageOfPage\":{\"@id\":\"https:\\\/\\\/villahullu.fi\\\/en\\\/product\\\/hupineule-ohje-knit-pattern-fi-en-us\\\/#primaryimage\"},\"image\":{\"@id\":\"https:\\\/\\\/villahullu.fi\\\/en\\\/product\\\/hupineule-ohje-knit-pattern-fi-en-us\\\/#primaryimage\"},\"thumbnailUrl\":\"https:\\\/\\\/villahullu.fi\\\/wp-content\\\/uploads\\\/2023\\\/03\\\/Hupineule.png\",\"datePublished\":\"2023-03-23T18:51:48+00:00\",\"dateModified\":\"2024-09-01T06:23:08+00:00\",\"breadcrumb\":{\"@id\":\"https:\\\/\\\/villahullu.fi\\\/en\\\/product\\\/hupineule-ohje-knit-pattern-fi-en-us\\\/#breadcrumb\"},\"inLanguage\":\"en-US\",\"potentialAction\":[{\"@type\":\"ReadAction\",\"target\":[\"https:\\\/\\\/villahullu.fi\\\/en\\\/product\\\/hupineule-ohje-knit-pattern-fi-en-us\\\/\"]}]},{\"@type\":\"ImageObject\",\"inLanguage\":\"en-US\",\"@id\":\"https:\\\/\\\/villahullu.fi\\\/en\\\/product\\\/hupineule-ohje-knit-pattern-fi-en-us\\\/#primaryimage\",\"url\":\"https:\\\/\\\/villahullu.fi\\\/wp-content\\\/uploads\\\/2023\\\/03\\\/Hupineule.png\",\"contentUrl\":\"https:\\\/\\\/villahullu.fi\\\/wp-content\\\/uploads\\\/2023\\\/03\\\/Hupineule.png\",\"width\":940,\"height\":788},{\"@type\":\"BreadcrumbList\",\"@id\":\"https:\\\/\\\/villahullu.fi\\\/en\\\/product\\\/hupineule-ohje-knit-pattern-fi-en-us\\\/#breadcrumb\",\"itemListElement\":[{\"@type\":\"ListItem\",\"position\":1,\"name\":\"Etusivu\",\"item\":\"https:\\\/\\\/villahullu.fi\\\/en\\\/\"},{\"@type\":\"ListItem\",\"position\":2,\"name\":\"Shop\",\"item\":\"https:\\\/\\\/villahullu.fi\\\/en\\\/shop\\\/\"},{\"@type\":\"ListItem\",\"position\":3,\"name\":\"Hupineule ohje \\\/ knit pattern (FI, EN\\\/US)\"}]},{\"@type\":\"WebSite\",\"@id\":\"https:\\\/\\\/villahullu.fi\\\/en\\\/#website\",\"url\":\"https:\\\/\\\/villahullu.fi\\\/en\\\/\",\"name\":\"Villahullu\",\"description\":\"Villapaitoja ja neulontaohjeita\",\"publisher\":{\"@id\":\"https:\\\/\\\/villahullu.fi\\\/en\\\/#organization\"},\"potentialAction\":[{\"@type\":\"SearchAction\",\"target\":{\"@type\":\"EntryPoint\",\"urlTemplate\":\"https:\\\/\\\/villahullu.fi\\\/en\\\/?s={search_term_string}\"},\"query-input\":{\"@type\":\"PropertyValueSpecification\",\"valueRequired\":true,\"valueName\":\"search_term_string\"}}],\"inLanguage\":\"en-US\"},{\"@type\":\"Organization\",\"@id\":\"https:\\\/\\\/villahullu.fi\\\/en\\\/#organization\",\"name\":\"Villahullu\",\"url\":\"https:\\\/\\\/villahullu.fi\\\/en\\\/\",\"logo\":{\"@type\":\"ImageObject\",\"inLanguage\":\"en-US\",\"@id\":\"https:\\\/\\\/villahullu.fi\\\/en\\\/#\\\/schema\\\/logo\\\/image\\\/\",\"url\":\"https:\\\/\\\/villahullu.fi\\\/wp-content\\\/uploads\\\/2021\\\/06\\\/logo.png\",\"contentUrl\":\"https:\\\/\\\/villahullu.fi\\\/wp-content\\\/uploads\\\/2021\\\/06\\\/logo.png\",\"width\":374,\"height\":98,\"caption\":\"Villahullu\"},\"image\":{\"@id\":\"https:\\\/\\\/villahullu.fi\\\/en\\\/#\\\/schema\\\/logo\\\/image\\\/\"},\"sameAs\":[\"https:\\\/\\\/www.facebook.com\\\/villahullu\\\/\",\"https:\\\/\\\/www.instagram.com\\\/villahullu\\\/\"]}]}<\/script>\n<!-- \/ Yoast SEO plugin. -->","yoast_head_json":{"title":"Hupineule ohje \/ knit pattern (FI, EN\/US) - Villahullu","robots":{"index":"index","follow":"follow","max-snippet":"max-snippet:-1","max-image-preview":"max-image-preview:large","max-video-preview":"max-video-preview:-1"},"canonical":"https:\/\/villahullu.fi\/en\/product\/hupineule-ohje-knit-pattern-fi-en-us\/","og_locale":"en_US","og_type":"article","og_title":"Hupineule ohje \/ knit pattern (FI, EN\/US) - Villahullu","og_description":"Neuleohje on ladattavissa heti maksusuorituksen j\u00e4lkeen tilauksen yhteydess\u00e4 ilmoittamastasi s\u00e4hk\u00f6postiosoitteesta. (Tarkastathan my\u00f6s roskapostikansion.) Ohjeen toimitus tapahtuu ainoastaan s\u00e4hk\u00f6isesti, eik\u00e4 sit\u00e4 l\u00e4hetet\u00e4 erikseen postitse. On suositeltavaa, ett\u00e4 ohje tallennetaan heti omalle laitteelle. Knit pattern can be downloaded immediately after payment from the e-mail you provided with your order. (Remember to check also the junk mail folder.) [&hellip;]","og_url":"https:\/\/villahullu.fi\/en\/product\/hupineule-ohje-knit-pattern-fi-en-us\/","og_site_name":"Villahullu","article_publisher":"https:\/\/www.facebook.com\/villahullu\/","article_modified_time":"2024-09-01T06:23:08+00:00","og_image":[{"width":940,"height":788,"url":"https:\/\/villahullu.fi\/wp-content\/uploads\/2023\/03\/Hupineule.png","type":"image\/png"}],"twitter_card":"summary_large_image","twitter_misc":{"Est. reading time":"5 minutes"},"schema":{"@context":"https:\/\/schema.org","@graph":[{"@type":"WebPage","@id":"https:\/\/villahullu.fi\/en\/product\/hupineule-ohje-knit-pattern-fi-en-us\/","url":"https:\/\/villahullu.fi\/en\/product\/hupineule-ohje-knit-pattern-fi-en-us\/","name":"Hupineule ohje \/ knit pattern (FI, EN\/US) - Villahullu","isPartOf":{"@id":"https:\/\/villahullu.fi\/en\/#website"},"primaryImageOfPage":{"@id":"https:\/\/villahullu.fi\/en\/product\/hupineule-ohje-knit-pattern-fi-en-us\/#primaryimage"},"image":{"@id":"https:\/\/villahullu.fi\/en\/product\/hupineule-ohje-knit-pattern-fi-en-us\/#primaryimage"},"thumbnailUrl":"https:\/\/villahullu.fi\/wp-content\/uploads\/2023\/03\/Hupineule.png","datePublished":"2023-03-23T18:51:48+00:00","dateModified":"2024-09-01T06:23:08+00:00","breadcrumb":{"@id":"https:\/\/villahullu.fi\/en\/product\/hupineule-ohje-knit-pattern-fi-en-us\/#breadcrumb"},"inLanguage":"en-US","potentialAction":[{"@type":"ReadAction","target":["https:\/\/villahullu.fi\/en\/product\/hupineule-ohje-knit-pattern-fi-en-us\/"]}]},{"@type":"ImageObject","inLanguage":"en-US","@id":"https:\/\/villahullu.fi\/en\/product\/hupineule-ohje-knit-pattern-fi-en-us\/#primaryimage","url":"https:\/\/villahullu.fi\/wp-content\/uploads\/2023\/03\/Hupineule.png","contentUrl":"https:\/\/villahullu.fi\/wp-content\/uploads\/2023\/03\/Hupineule.png","width":940,"height":788},{"@type":"BreadcrumbList","@id":"https:\/\/villahullu.fi\/en\/product\/hupineule-ohje-knit-pattern-fi-en-us\/#breadcrumb","itemListElement":[{"@type":"ListItem","position":1,"name":"Etusivu","item":"https:\/\/villahullu.fi\/en\/"},{"@type":"ListItem","position":2,"name":"Shop","item":"https:\/\/villahullu.fi\/en\/shop\/"},{"@type":"ListItem","position":3,"name":"Hupineule ohje \/ knit pattern (FI, EN\/US)"}]},{"@type":"WebSite","@id":"https:\/\/villahullu.fi\/en\/#website","url":"https:\/\/villahullu.fi\/en\/","name":"Villahullu","description":"Villapaitoja ja neulontaohjeita","publisher":{"@id":"https:\/\/villahullu.fi\/en\/#organization"},"potentialAction":[{"@type":"SearchAction","target":{"@type":"EntryPoint","urlTemplate":"https:\/\/villahullu.fi\/en\/?s={search_term_string}"},"query-input":{"@type":"PropertyValueSpecification","valueRequired":true,"valueName":"search_term_string"}}],"inLanguage":"en-US"},{"@type":"Organization","@id":"https:\/\/villahullu.fi\/en\/#organization","name":"Villahullu","url":"https:\/\/villahullu.fi\/en\/","logo":{"@type":"ImageObject","inLanguage":"en-US","@id":"https:\/\/villahullu.fi\/en\/#\/schema\/logo\/image\/","url":"https:\/\/villahullu.fi\/wp-content\/uploads\/2021\/06\/logo.png","contentUrl":"https:\/\/villahullu.fi\/wp-content\/uploads\/2021\/06\/logo.png","width":374,"height":98,"caption":"Villahullu"},"image":{"@id":"https:\/\/villahullu.fi\/en\/#\/schema\/logo\/image\/"},"sameAs":["https:\/\/www.facebook.com\/villahullu\/","https:\/\/www.instagram.com\/villahullu\/"]}]}},"jetpack_sharing_enabled":true,"_links":{"self":[{"href":"https:\/\/villahullu.fi\/en\/wp-json\/wp\/v2\/product\/12528","targetHints":{"allow":["GET"]}}],"collection":[{"href":"https:\/\/villahullu.fi\/en\/wp-json\/wp\/v2\/product"}],"about":[{"href":"https:\/\/villahullu.fi\/en\/wp-json\/wp\/v2\/types\/product"}],"replies":[{"embeddable":true,"href":"https:\/\/villahullu.fi\/en\/wp-json\/wp\/v2\/comments?post=12528"}],"wp:featuredmedia":[{"embeddable":true,"href":"https:\/\/villahullu.fi\/en\/wp-json\/wp\/v2\/media\/12531"}],"wp:attachment":[{"href":"https:\/\/villahullu.fi\/en\/wp-json\/wp\/v2\/media?parent=12528"}],"wp:term":[{"taxonomy":"product_brand","embeddable":true,"href":"https:\/\/villahullu.fi\/en\/wp-json\/wp\/v2\/product_brand?post=12528"},{"taxonomy":"product_cat","embeddable":true,"href":"https:\/\/villahullu.fi\/en\/wp-json\/wp\/v2\/product_cat?post=12528"},{"taxonomy":"product_tag","embeddable":true,"href":"https:\/\/villahullu.fi\/en\/wp-json\/wp\/v2\/product_tag?post=12528"}],"curies":[{"name":"wp","href":"https:\/\/api.w.org\/{rel}","templated":true}]}}