{"id":11819,"date":"2023-02-23T20:38:37","date_gmt":"2023-02-23T18:38:37","guid":{"rendered":"https:\/\/villahullu.fi\/?post_type=product&#038;p=11819"},"modified":"2025-08-04T09:38:22","modified_gmt":"2025-08-04T06:38:22","slug":"sumuneule-lite-2","status":"publish","type":"product","link":"https:\/\/villahullu.fi\/en\/product\/sumuneule-lite-2\/","title":{"rendered":"Sumuneule Lite ohje \/ knit pattern (FI, EN\/US, ES, NO)"},"content":{"rendered":"<p><img loading=\"lazy\" decoding=\"async\" class=\"alignnone size-medium wp-image-11822\" src=\"https:\/\/villahullu.fi\/wp-content\/uploads\/2023\/02\/IMG_20230125_154259-225x300.jpg\" alt=\"\" width=\"225\" height=\"300\" \/> <img loading=\"lazy\" decoding=\"async\" class=\"alignnone size-medium wp-image-11824\" src=\"https:\/\/villahullu.fi\/wp-content\/uploads\/2023\/02\/20230207_163134-222x300.jpg\" alt=\"\" width=\"222\" height=\"300\" \/> <img loading=\"lazy\" decoding=\"async\" class=\"alignnone size-medium wp-image-11826\" src=\"https:\/\/villahullu.fi\/wp-content\/uploads\/2023\/02\/20230221_173505-225x300.jpg\" alt=\"\" width=\"225\" height=\"300\" \/> <img loading=\"lazy\" decoding=\"async\" class=\"alignnone size-medium wp-image-11828\" src=\"https:\/\/villahullu.fi\/wp-content\/uploads\/2023\/02\/IMG-20230220-WA0013-245x300.jpg\" alt=\"\" width=\"245\" height=\"300\" \/><\/p>\n<p><strong><em>Neuleohje on ladattavissa heti maksusuorituksen j\u00e4lkeen tilauksen yhteydess\u00e4 ilmoittamastasi s\u00e4hk\u00f6postiosoitteesta. (Tarkastathan my\u00f6s roskapostikansion.) Ohjeen toimitus tapahtuu ainoastaan s\u00e4hk\u00f6isesti, eik\u00e4 sit\u00e4 l\u00e4hetet\u00e4 erikseen postitse. On suositeltavaa, ett\u00e4 ohje tallennetaan heti omalle laitteelle.<br \/>\n<\/em><\/strong><\/p>\n<p><strong><em>Knit pattern can be downloaded immediately after payment from the e-mail you provided with your order. (Remember to check also the junk mail folder.) The patter<\/em><\/strong><strong><em>n is delivered only electronically and is not send separately by post. It is recommended that you save the pattern to your device immediately. You can find all the languages mentioned in the tittle in the same pdf file.<br \/>\n<\/em><\/strong><\/p>\n<p><strong>Koot XXS, XS, S, M, L, XL, XXL, XXXL<\/strong><\/p>\n<p>Koot eiv\u00e4t ole standardeja. Tarkistathan sopivan koon paidan mitoista. Mitat ovat valmiin paidan mittoja.<\/p>\n<p>Rinnanymp\u00e4rys (XXS)83 (XS)89 (S)94,5 (M)100 (L)105,5 (XL)111 (XXL)116,5 (XXXL)122 cm<\/p>\n<p>Alaosan leveys (XXS)41,5 (XS)44,5 (S)47 (M)50 (L)52,5 (XL)55,5 (XXL)58 (XXXL)61 cm<\/p>\n<p>Pituus helmasta kainaloon (XXS)38 (XS)39 (S)40 (M)42 (L)43 (XL)44 (XXL)45 (XXXL)46 cm<\/p>\n<p>Hihan pituus (XXS)47 (XS)48 (S)49 (M)50 (L)51 (XL)52 (XXL)53 cm (XXXL)54 cm<\/p>\n<p><strong>Langan menekki <\/strong>Lettlopi 50 g ker\u00e4<\/p>\n<p>P\u00e4\u00e4v\u00e4ri 0051 White (XXS)6 (XS)6 (S)7 (M)7 (L)7 (XL)8 (XXL)9 (XXXL)9 kpl<\/p>\n<p>A 1700 Air blue (XXS)2 (XS)2 (S)2 (M)2 (L)2 (XL)3 (XXL)3 (XXXL)3 kpl<\/p>\n<p>B 1701 Fjord blue (XXS)2 (XS)2 (S)2 (M)2 (L)2 (XL)2 (XXL)2 (XXXL)2 kpl<\/p>\n<p>C 9419 Ocean blue (XXS)2 (XS)2 (S)2 (M)2 (L)2 (XL)2 (XXL)2 (XXXL)2 kpl<\/p>\n<p><strong>Puikot<\/strong><\/p>\n<p>Py\u00f6r\u00f6puikko 3,5 mm 80 cm<\/p>\n<p>Py\u00f6r\u00f6puikko 4,5 mm 80 cm<\/p>\n<p>Sukkapuikot 3,5 mm ja 4,5 mm<\/p>\n<p>(Mik\u00e4li et k\u00e4yt\u00e4 Magic loop- tekniikkaa, tarvitset my\u00f6s py\u00f6r\u00f6puikot 3,5 mm ja 4,5 mm 40 cm)<\/p>\n<p><strong>Neuletiheys <\/strong>10\u00d710 cm: 18 silmukkaa ja 24 rivi\u00e4 4,5 mm puikoilla<\/p>\n<p><strong>Ty\u00f6ohje<\/strong><\/p>\n<p>Neulo alaosa ja hihat py\u00f6r\u00f6n\u00e4 alhaalta yl\u00f6s. Yhdist\u00e4 kainalossa alaosa sek\u00e4 hihat samalle puikolle<\/p>\n<p>ja neulo kaarroke py\u00f6r\u00f6n\u00e4. Alaosassa kerros alkaa vasemmasta sivusta, mutta yhdist\u00e4misen<\/p>\n<p>j\u00e4lkeen kohdasta, jossa takakappale ja vasen hiha on yhdistetty.<\/p>\n<p><strong>Instagram<\/strong><\/p>\n<p>L\u00f6yd\u00e4t v\u00e4rivaihtoehtoja Instagramista #sumuneulelite tagill\u00e4<\/p>\n<h2><strong>English<\/strong><\/h2>\n<p><strong>Size XXS, XS, S, M, L, XL, XXL, XXXL<\/strong><\/p>\n<p>The sizes are not standard. Please check the measures for the appropriate sweater size. The measurements are the measurements of the finished sweater.<\/p>\n<p>Bust circumference<\/p>\n<p>(XXS)83 (XS)89 (S)94,5 (M)100 (L)105,5 (XL)111 (XXL)116,5 (XXXL)122 cm<\/p>\n<p>(XXS)32.6 (XS)35 (S)37.2 (M)39.3 (L)41.5 (XL)43.7 (XXL)45.8 (XXXL)48 inches<\/p>\n<p>Body width<\/p>\n<p>(XXS)41,5 (XS)44,5 (S)47 (M)50 (L)52,5 (XL)55,5 (XXL)58 (XXXL)61 cm<\/p>\n<p>(XXS)16.3 (XS)17.5 (S)18.5 (M)19.6 (L)20.6 (XL)21.8 (XXL)22.8 (XXXL)24 inches<\/p>\n<p>Body length<\/p>\n<p>(XXS)38 (XS)39 (S)40 (M)42 (L)43 (XL)44 (XXL)45 (XXXL)46 cm<\/p>\n<p>(XXS)14.9 (XS)15.3 (S)15.7 (M)16.5 (L)16.9 (XL)17.3 (XXL)17.7 (XXXL)18.1 inches<\/p>\n<p>Sleeve length<\/p>\n<p>(XXS)47 (XS)48 (S)49 (M)50 (L)51 (XL)52 (XXL)53 (XXXL)54 cm<\/p>\n<p>(XXS)18.5 (XS)18.9 (S)19.3 (M)19.7 (L)20 (XL)20.5 (XXL)20.8 (XXXL)21.2 inches<\/p>\n<p><strong>Yarn <\/strong>Lettlopi 50 g<\/p>\n<p>MC 0051 White (XXS)6 (XS)6 (S)7 (M)7 (L)7 (XL)8 (XXL)9 (XXXL)9 balls<\/p>\n<p>A 1700 Air blue (XXS)2 (XS)2 (S)2 (M)2 (L)2 (XL)3 (XXL)3 (XXXL)3 balls<\/p>\n<p>B 1701 Fjord blue (XXS)2 (XS)2 (S)2 (M)2 (L)2 (XL)2 (XXL)2 (XXXL)2 balls<\/p>\n<p>C 9419 Ocean blue (XXS)2 (XS)2 (S)2 (M)2 (L)2 (XL)2 (XXL)2 (XXXL)2 balls<\/p>\n<p><strong>Needles:<\/strong><\/p>\n<p>Circular needle 3.5 mm 80 cm US 4, 32\u201d<\/p>\n<p>Circular needle 4.5 mm 80 cm US 7, 32\u201d<\/p>\n<p>Double pointed needles 3.5 mm and 4.5 mm US 4 and 7<\/p>\n<p>(If you don\u2019t use the magic loop- technique,<\/p>\n<p>you will need to use circular needle 3.5 mm and 4.5 mm 40 cm US 4 and 7, 16\u201d)<\/p>\n<p><strong>Gauge<\/strong><\/p>\n<p>10\u00d710 cm: 18 stitches and 24 rows using needle size 4.5 mm<\/p>\n<p><strong>Instructions<\/strong><\/p>\n<p>Work body in the round on circular needle, bottom up. Work sleeves in the round on double pointed needles or circular needle using the Magic loop- technique. Slip sleeves on to same circular needle as body.<\/p>\n<p><strong>Instagram<\/strong><\/p>\n<p>You can find more color choices using #sumuneulelite<\/p>\n<h2><strong>Espa\u00f1ol<\/strong><\/h2>\n<p><strong>Talles XXS, XS, S, M, L, XL, XXL, XXXL<\/strong><\/p>\n<p>Los talles no son universales. Por favor controlar las medidas para obtener una talla apropiada de sweater. Las medidas corresponden a las medidas del sweater una vez finalizado.<\/p>\n<p>Circunferencia de busto<\/p>\n<p>(XXS)83 (XS)89 (S)94,5 (M)100 (L)105,5 (XL)111 (XXL)116,5 (XXXL)122 cm<\/p>\n<p>(XXS)32.6 (XS)35 (S)37.2 (M)39.3 (L)41.5 (XL)43.7 (XXL)45.8 (XXXL)48 pulgadas<\/p>\n<p>Ancho del cuerpo<\/p>\n<p>(XXS)41,5 (XS)44,5 (S)47 (M)50 (L)52,5 (XL)55,5 (XXL)58 (XXXL)61 cm<\/p>\n<p>(XXS)16.3 (XS)17.5 (S)18.5 (M)19.6 (L)20.6 (XL)21.8 (XXL)22.8 (XXXL)24 pulgadas<\/p>\n<p>Largo del cuerpo<\/p>\n<p>(XXS)38 (XS)39 (S)40 (M)42 (L)43 (XL)44 (XXL)45 (XXXL)46 cm<\/p>\n<p>(XXS)14.9 (XS)15.3 (S)15.7 (M)16.5 (L)16.9 (XL)17.3 (XXL)17.7 (XXXL)18.1 pulgadas<\/p>\n<p>Largo de mangas<\/p>\n<p>(XXS)47 (XS)48 (S)49 (M)50 (L)51 (XL)52 (XXL)53 (XXXL)54 cm<\/p>\n<p>(XXS)18.5 (XS)18.9 (S)19.3 (M)19.7 (L)20 (XL)20.5 (XXL)20.8 (XXXL)21.2 pulgadas<\/p>\n<p><strong>Hilado <\/strong>Lettlopi 50 g<\/p>\n<p>CP 0051 Blanco (White) (XXS)6 (XS)6 (S)7 (M)7 (L)7 (XL)8 (XXL)9 (XXXL)9 ovillos<\/p>\n<p>A 1700 Azul a\u00e9reo (Air blue) (XXS)2 (XS)2 (S)2 (M)2 (L)2 (XL)3 (XXL)3 (XXXL)3 ovillos<\/p>\n<p>B 1701 Azul fiordo (Fjord blue) (XXS)2 (XS)2 (S)2 (M)2 (L)2 (XL)2 (XXL)2 (XXXL)2 ovillos<\/p>\n<p>C 9419 Azul oc\u00e9ano (Ocean blue) (XXS)2 (XS)2 (S)2 (M)2 (L)2 (XL)2 (XXL)2 (XXXL)2 ovillos<\/p>\n<p><strong>Agujas:<\/strong><\/p>\n<p>Agujas circulares 3.5 mm 80 cm US 4, 32\u201d<\/p>\n<p>Agujas circulares 4.5 mm 80 cm US 7, 32\u201d<\/p>\n<p>Agujas de doble punta 3.5 mm y 4.5 mm US 4 y 7<\/p>\n<p>(Si no utilizas la t\u00e9cnica de aro m\u00e1gico,<\/p>\n<p>necesitar\u00e1s utilizar agujas circulares 3.5 mm y 4.5 mm 40 cm US 4 y 7, 16\u201d)<\/p>\n<p><strong>Muestra<\/strong><\/p>\n<p>10\u00d710 cm: 18 puntos y 24 vueltas en punto jersey<\/p>\n<p><strong>Instru<\/strong><strong>cciones<\/strong><\/p>\n<p>Tejer el cuerpo en redondo con agujas circulares, desde abajo hacia arriba. Tejer las mangas en redondo con agujas de doble punta o circulares usando la t\u00e9cnica de aro m\u00e1gico. Desliza las mangas hacia las mismas agujas circulares donde tienes el cuerpo.<\/p>\n<h2><strong>Norsk<\/strong><\/h2>\n<p><strong>St\u00f8rrelse XXS, XS, S, M, L, XL, XXL, XXXL<\/strong><\/p>\n<p>St\u00f8rrelsene er veiledende. Sjekk m\u00e5lene mot en tilsvarende genser for \u00e5 finne din st\u00f8rrelse. M\u00e5lene er tatt p\u00e5 ferdig genser.<\/p>\n<p>Omkrets bryst: (XXS)83 (XS)89 (S)94,5 (M)100 (L)105,5 (XL)111 (XXL)116,5 (XXXL)122 cm<\/p>\n<p>Bredde bol: (XXS)41,5 (XS)44,5 (S)47 (M)50 (L)52,5 (XL)55,5 (XXL)58 (XXXL)61 cm<\/p>\n<p>Lengde bol: (XXS)38 (XS)39 (S)40 (M)42 (L)43 (XL)44 (XXL)45 (XXXL)46 cm<\/p>\n<p>Lengde erme: (XXS)47 (XS)48 (S)49 (M)50 (L)51 (XL)52 (XXL)53 (XXXL)54 cm<\/p>\n<p><strong>Garn:<\/strong> Lettlopi 50gr n\u00f8ster<\/p>\n<p>Bunnfarge (BF) 0051 White(XXS)6 (XS)6 (S)7 (M)7 (L)7 (XL)8 (XXL)9 (XXXL)9 n\u00f8ster<\/p>\n<p>A 1700 Air blue (XXS)2 (XS)2 (S)2 (M)2 (L)2 (XL)3 (XXL)3 (XXXL)3 n\u00f8ster<\/p>\n<p>B 1701 Fjord blue (XXS)2 (XS)2 (S)2 (M)2 (L)2 (XL)2 (XXL)2 (XXXL)2 n\u00f8ster<\/p>\n<p>C 9419 Ocean blue (XXS)2 (XS)2 (S)2 (M)2 (L)2 (XL)2 (XXL)2 (XXXL)2 n\u00f8ster<\/p>\n<p><strong>Pinner:<\/strong><\/p>\n<p>Rundpinne 3.5 mm 80 cm<\/p>\n<p>Rundpinne 4.5 mm 80 cm<\/p>\n<p>Str\u00f8mpepinner nr. 3.5 mm og 4.5 mm<\/p>\n<p>(Hvis du ikke bruker magic \u00a0loop teknikk, trenger du ogs\u00e5 rundpinne 3.5 mm og 4.5 mm 40 cm)<\/p>\n<p><strong>Strikkefasthet<\/strong><\/p>\n<p>10\u00d710 cm: 18 masker og 24 omganger<\/p>\n<p><strong>Instruksjoner<\/strong><\/p>\n<p>Bolen strikkes rundt p\u00e5 rundpinne nedenfra og opp.<\/p>\n<p>Ermer strikkes rundt og settes p\u00e5 samme pinne som bolen f\u00f8r b\u00e6restykket strikkes. (Du vil trenge str\u00f8mpepinner til ermene fra begynnelsen om du ikke bruker magic loop)<\/p>\n","protected":false},"excerpt":{"rendered":"<p>Neuleohje on ladattavissa heti maksusuorituksen j\u00e4lkeen tilauksen yhteydess\u00e4 ilmoittamastasi s\u00e4hk\u00f6postiosoitteesta. (Tarkastathan my\u00f6s roskapostikansion.) Ohjeen toimitus tapahtuu ainoastaan s\u00e4hk\u00f6isesti, eik\u00e4 sit\u00e4 l\u00e4hetet\u00e4 erikseen postitse. On suositeltavaa, ett\u00e4 ohje tallennetaan heti omalle laitteelle. Knit pattern can be downloaded immediately after payment from the e-mail you provided with your order. (Remember to check also the junk mail folder.) [&hellip;]<\/p>\n","protected":false},"featured_media":11820,"comment_status":"closed","ping_status":"closed","template":"","meta":{"_et_pb_use_builder":"","_et_pb_old_content":"","_et_gb_content_width":""},"product_brand":[],"product_cat":[22],"product_tag":[],"class_list":{"0":"post-11819","1":"product","2":"type-product","3":"status-publish","4":"has-post-thumbnail","6":"product_cat-neuleohjeet","7":"product_shipping_class-pdf","9":"first","10":"instock","11":"downloadable","12":"taxable","13":"shipping-taxable","14":"purchasable","15":"product-type-simple"},"yoast_head":"<!-- This site is optimized with the Yoast SEO plugin v27.4 - https:\/\/yoast.com\/product\/yoast-seo-wordpress\/ -->\n<title>Sumuneule Lite ohje \/ knit pattern (FI, EN\/US, ES, NO) - Villahullu<\/title>\n<meta name=\"robots\" content=\"index, follow, max-snippet:-1, max-image-preview:large, max-video-preview:-1\" \/>\n<link rel=\"canonical\" href=\"https:\/\/villahullu.fi\/en\/product\/sumuneule-lite-2\/\" \/>\n<meta property=\"og:locale\" content=\"en_US\" \/>\n<meta property=\"og:type\" content=\"article\" \/>\n<meta property=\"og:title\" content=\"Sumuneule Lite ohje \/ knit pattern (FI, EN\/US, ES, NO) - Villahullu\" \/>\n<meta property=\"og:description\" content=\"Neuleohje on ladattavissa heti maksusuorituksen j\u00e4lkeen tilauksen yhteydess\u00e4 ilmoittamastasi s\u00e4hk\u00f6postiosoitteesta. (Tarkastathan my\u00f6s roskapostikansion.) Ohjeen toimitus tapahtuu ainoastaan s\u00e4hk\u00f6isesti, eik\u00e4 sit\u00e4 l\u00e4hetet\u00e4 erikseen postitse. On suositeltavaa, ett\u00e4 ohje tallennetaan heti omalle laitteelle. Knit pattern can be downloaded immediately after payment from the e-mail you provided with your order. (Remember to check also the junk mail folder.) [&hellip;]\" \/>\n<meta property=\"og:url\" content=\"https:\/\/villahullu.fi\/en\/product\/sumuneule-lite-2\/\" \/>\n<meta property=\"og:site_name\" content=\"Villahullu\" \/>\n<meta property=\"article:publisher\" content=\"https:\/\/www.facebook.com\/villahullu\/\" \/>\n<meta property=\"article:modified_time\" content=\"2025-08-04T06:38:22+00:00\" \/>\n<meta property=\"og:image\" content=\"https:\/\/villahullu.fi\/wp-content\/uploads\/2023\/02\/Sumuneule-Lite.png\" \/>\n\t<meta property=\"og:image:width\" content=\"940\" \/>\n\t<meta property=\"og:image:height\" content=\"788\" \/>\n\t<meta property=\"og:image:type\" content=\"image\/png\" \/>\n<meta name=\"twitter:card\" content=\"summary_large_image\" \/>\n<meta name=\"twitter:label1\" content=\"Est. reading time\" \/>\n\t<meta name=\"twitter:data1\" content=\"8 minutes\" \/>\n<script type=\"application\/ld+json\" class=\"yoast-schema-graph\">{\"@context\":\"https:\\\/\\\/schema.org\",\"@graph\":[{\"@type\":\"WebPage\",\"@id\":\"https:\\\/\\\/villahullu.fi\\\/en\\\/product\\\/sumuneule-lite-2\\\/\",\"url\":\"https:\\\/\\\/villahullu.fi\\\/en\\\/product\\\/sumuneule-lite-2\\\/\",\"name\":\"Sumuneule Lite ohje \\\/ knit pattern (FI, EN\\\/US, ES, NO) - Villahullu\",\"isPartOf\":{\"@id\":\"https:\\\/\\\/villahullu.fi\\\/en\\\/#website\"},\"primaryImageOfPage\":{\"@id\":\"https:\\\/\\\/villahullu.fi\\\/en\\\/product\\\/sumuneule-lite-2\\\/#primaryimage\"},\"image\":{\"@id\":\"https:\\\/\\\/villahullu.fi\\\/en\\\/product\\\/sumuneule-lite-2\\\/#primaryimage\"},\"thumbnailUrl\":\"https:\\\/\\\/villahullu.fi\\\/wp-content\\\/uploads\\\/2023\\\/02\\\/Sumuneule-Lite.png\",\"datePublished\":\"2023-02-23T18:38:37+00:00\",\"dateModified\":\"2025-08-04T06:38:22+00:00\",\"breadcrumb\":{\"@id\":\"https:\\\/\\\/villahullu.fi\\\/en\\\/product\\\/sumuneule-lite-2\\\/#breadcrumb\"},\"inLanguage\":\"en-US\",\"potentialAction\":[{\"@type\":\"ReadAction\",\"target\":[\"https:\\\/\\\/villahullu.fi\\\/en\\\/product\\\/sumuneule-lite-2\\\/\"]}]},{\"@type\":\"ImageObject\",\"inLanguage\":\"en-US\",\"@id\":\"https:\\\/\\\/villahullu.fi\\\/en\\\/product\\\/sumuneule-lite-2\\\/#primaryimage\",\"url\":\"https:\\\/\\\/villahullu.fi\\\/wp-content\\\/uploads\\\/2023\\\/02\\\/Sumuneule-Lite.png\",\"contentUrl\":\"https:\\\/\\\/villahullu.fi\\\/wp-content\\\/uploads\\\/2023\\\/02\\\/Sumuneule-Lite.png\",\"width\":940,\"height\":788},{\"@type\":\"BreadcrumbList\",\"@id\":\"https:\\\/\\\/villahullu.fi\\\/en\\\/product\\\/sumuneule-lite-2\\\/#breadcrumb\",\"itemListElement\":[{\"@type\":\"ListItem\",\"position\":1,\"name\":\"Etusivu\",\"item\":\"https:\\\/\\\/villahullu.fi\\\/en\\\/\"},{\"@type\":\"ListItem\",\"position\":2,\"name\":\"Shop\",\"item\":\"https:\\\/\\\/villahullu.fi\\\/en\\\/shop\\\/\"},{\"@type\":\"ListItem\",\"position\":3,\"name\":\"Sumuneule Lite ohje \\\/ knit pattern (FI, EN\\\/US, ES, NO)\"}]},{\"@type\":\"WebSite\",\"@id\":\"https:\\\/\\\/villahullu.fi\\\/en\\\/#website\",\"url\":\"https:\\\/\\\/villahullu.fi\\\/en\\\/\",\"name\":\"Villahullu\",\"description\":\"Villapaitoja ja neulontaohjeita\",\"publisher\":{\"@id\":\"https:\\\/\\\/villahullu.fi\\\/en\\\/#organization\"},\"potentialAction\":[{\"@type\":\"SearchAction\",\"target\":{\"@type\":\"EntryPoint\",\"urlTemplate\":\"https:\\\/\\\/villahullu.fi\\\/en\\\/?s={search_term_string}\"},\"query-input\":{\"@type\":\"PropertyValueSpecification\",\"valueRequired\":true,\"valueName\":\"search_term_string\"}}],\"inLanguage\":\"en-US\"},{\"@type\":\"Organization\",\"@id\":\"https:\\\/\\\/villahullu.fi\\\/en\\\/#organization\",\"name\":\"Villahullu\",\"url\":\"https:\\\/\\\/villahullu.fi\\\/en\\\/\",\"logo\":{\"@type\":\"ImageObject\",\"inLanguage\":\"en-US\",\"@id\":\"https:\\\/\\\/villahullu.fi\\\/en\\\/#\\\/schema\\\/logo\\\/image\\\/\",\"url\":\"https:\\\/\\\/villahullu.fi\\\/wp-content\\\/uploads\\\/2021\\\/06\\\/logo.png\",\"contentUrl\":\"https:\\\/\\\/villahullu.fi\\\/wp-content\\\/uploads\\\/2021\\\/06\\\/logo.png\",\"width\":374,\"height\":98,\"caption\":\"Villahullu\"},\"image\":{\"@id\":\"https:\\\/\\\/villahullu.fi\\\/en\\\/#\\\/schema\\\/logo\\\/image\\\/\"},\"sameAs\":[\"https:\\\/\\\/www.facebook.com\\\/villahullu\\\/\",\"https:\\\/\\\/www.instagram.com\\\/villahullu\\\/\"]}]}<\/script>\n<!-- \/ Yoast SEO plugin. -->","yoast_head_json":{"title":"Sumuneule Lite ohje \/ knit pattern (FI, EN\/US, ES, NO) - Villahullu","robots":{"index":"index","follow":"follow","max-snippet":"max-snippet:-1","max-image-preview":"max-image-preview:large","max-video-preview":"max-video-preview:-1"},"canonical":"https:\/\/villahullu.fi\/en\/product\/sumuneule-lite-2\/","og_locale":"en_US","og_type":"article","og_title":"Sumuneule Lite ohje \/ knit pattern (FI, EN\/US, ES, NO) - Villahullu","og_description":"Neuleohje on ladattavissa heti maksusuorituksen j\u00e4lkeen tilauksen yhteydess\u00e4 ilmoittamastasi s\u00e4hk\u00f6postiosoitteesta. (Tarkastathan my\u00f6s roskapostikansion.) Ohjeen toimitus tapahtuu ainoastaan s\u00e4hk\u00f6isesti, eik\u00e4 sit\u00e4 l\u00e4hetet\u00e4 erikseen postitse. On suositeltavaa, ett\u00e4 ohje tallennetaan heti omalle laitteelle. Knit pattern can be downloaded immediately after payment from the e-mail you provided with your order. (Remember to check also the junk mail folder.) [&hellip;]","og_url":"https:\/\/villahullu.fi\/en\/product\/sumuneule-lite-2\/","og_site_name":"Villahullu","article_publisher":"https:\/\/www.facebook.com\/villahullu\/","article_modified_time":"2025-08-04T06:38:22+00:00","og_image":[{"width":940,"height":788,"url":"https:\/\/villahullu.fi\/wp-content\/uploads\/2023\/02\/Sumuneule-Lite.png","type":"image\/png"}],"twitter_card":"summary_large_image","twitter_misc":{"Est. reading time":"8 minutes"},"schema":{"@context":"https:\/\/schema.org","@graph":[{"@type":"WebPage","@id":"https:\/\/villahullu.fi\/en\/product\/sumuneule-lite-2\/","url":"https:\/\/villahullu.fi\/en\/product\/sumuneule-lite-2\/","name":"Sumuneule Lite ohje \/ knit pattern (FI, EN\/US, ES, NO) - Villahullu","isPartOf":{"@id":"https:\/\/villahullu.fi\/en\/#website"},"primaryImageOfPage":{"@id":"https:\/\/villahullu.fi\/en\/product\/sumuneule-lite-2\/#primaryimage"},"image":{"@id":"https:\/\/villahullu.fi\/en\/product\/sumuneule-lite-2\/#primaryimage"},"thumbnailUrl":"https:\/\/villahullu.fi\/wp-content\/uploads\/2023\/02\/Sumuneule-Lite.png","datePublished":"2023-02-23T18:38:37+00:00","dateModified":"2025-08-04T06:38:22+00:00","breadcrumb":{"@id":"https:\/\/villahullu.fi\/en\/product\/sumuneule-lite-2\/#breadcrumb"},"inLanguage":"en-US","potentialAction":[{"@type":"ReadAction","target":["https:\/\/villahullu.fi\/en\/product\/sumuneule-lite-2\/"]}]},{"@type":"ImageObject","inLanguage":"en-US","@id":"https:\/\/villahullu.fi\/en\/product\/sumuneule-lite-2\/#primaryimage","url":"https:\/\/villahullu.fi\/wp-content\/uploads\/2023\/02\/Sumuneule-Lite.png","contentUrl":"https:\/\/villahullu.fi\/wp-content\/uploads\/2023\/02\/Sumuneule-Lite.png","width":940,"height":788},{"@type":"BreadcrumbList","@id":"https:\/\/villahullu.fi\/en\/product\/sumuneule-lite-2\/#breadcrumb","itemListElement":[{"@type":"ListItem","position":1,"name":"Etusivu","item":"https:\/\/villahullu.fi\/en\/"},{"@type":"ListItem","position":2,"name":"Shop","item":"https:\/\/villahullu.fi\/en\/shop\/"},{"@type":"ListItem","position":3,"name":"Sumuneule Lite ohje \/ knit pattern (FI, EN\/US, ES, NO)"}]},{"@type":"WebSite","@id":"https:\/\/villahullu.fi\/en\/#website","url":"https:\/\/villahullu.fi\/en\/","name":"Villahullu","description":"Villapaitoja ja neulontaohjeita","publisher":{"@id":"https:\/\/villahullu.fi\/en\/#organization"},"potentialAction":[{"@type":"SearchAction","target":{"@type":"EntryPoint","urlTemplate":"https:\/\/villahullu.fi\/en\/?s={search_term_string}"},"query-input":{"@type":"PropertyValueSpecification","valueRequired":true,"valueName":"search_term_string"}}],"inLanguage":"en-US"},{"@type":"Organization","@id":"https:\/\/villahullu.fi\/en\/#organization","name":"Villahullu","url":"https:\/\/villahullu.fi\/en\/","logo":{"@type":"ImageObject","inLanguage":"en-US","@id":"https:\/\/villahullu.fi\/en\/#\/schema\/logo\/image\/","url":"https:\/\/villahullu.fi\/wp-content\/uploads\/2021\/06\/logo.png","contentUrl":"https:\/\/villahullu.fi\/wp-content\/uploads\/2021\/06\/logo.png","width":374,"height":98,"caption":"Villahullu"},"image":{"@id":"https:\/\/villahullu.fi\/en\/#\/schema\/logo\/image\/"},"sameAs":["https:\/\/www.facebook.com\/villahullu\/","https:\/\/www.instagram.com\/villahullu\/"]}]}},"jetpack_sharing_enabled":true,"_links":{"self":[{"href":"https:\/\/villahullu.fi\/en\/wp-json\/wp\/v2\/product\/11819","targetHints":{"allow":["GET"]}}],"collection":[{"href":"https:\/\/villahullu.fi\/en\/wp-json\/wp\/v2\/product"}],"about":[{"href":"https:\/\/villahullu.fi\/en\/wp-json\/wp\/v2\/types\/product"}],"replies":[{"embeddable":true,"href":"https:\/\/villahullu.fi\/en\/wp-json\/wp\/v2\/comments?post=11819"}],"wp:featuredmedia":[{"embeddable":true,"href":"https:\/\/villahullu.fi\/en\/wp-json\/wp\/v2\/media\/11820"}],"wp:attachment":[{"href":"https:\/\/villahullu.fi\/en\/wp-json\/wp\/v2\/media?parent=11819"}],"wp:term":[{"taxonomy":"product_brand","embeddable":true,"href":"https:\/\/villahullu.fi\/en\/wp-json\/wp\/v2\/product_brand?post=11819"},{"taxonomy":"product_cat","embeddable":true,"href":"https:\/\/villahullu.fi\/en\/wp-json\/wp\/v2\/product_cat?post=11819"},{"taxonomy":"product_tag","embeddable":true,"href":"https:\/\/villahullu.fi\/en\/wp-json\/wp\/v2\/product_tag?post=11819"}],"curies":[{"name":"wp","href":"https:\/\/api.w.org\/{rel}","templated":true}]}}