{"id":11688,"date":"2023-02-18T11:39:28","date_gmt":"2023-02-18T09:39:28","guid":{"rendered":"https:\/\/villahullu.fi\/?post_type=product&#038;p=11688"},"modified":"2024-09-01T09:23:11","modified_gmt":"2024-09-01T06:23:11","slug":"kennopipo-ja-tumput-ohje-knit-pattern-fi-en","status":"publish","type":"product","link":"https:\/\/villahullu.fi\/en\/product\/kennopipo-ja-tumput-ohje-knit-pattern-fi-en\/","title":{"rendered":"Kennopipo ja -tumput ohje \/ knit pattern (FI, EN)"},"content":{"rendered":"<p><strong><em><img loading=\"lazy\" decoding=\"async\" class=\"alignnone size-medium wp-image-11694\" src=\"https:\/\/villahullu.fi\/wp-content\/uploads\/2023\/02\/IMG_20230218_104447_464-240x300.jpg\" alt=\"\" width=\"240\" height=\"300\" \/><\/em><\/strong><\/p>\n<p><strong><em>Neuleohje on ladattavissa heti tilauksen j\u00e4lkeen tilauksen yhteydess\u00e4 ilmoittamastasi s\u00e4hk\u00f6postiosoitteesta. (Tarkastathan my\u00f6s roskapostikansion.) Ohjeen toimitus tapahtuu ainoastaan s\u00e4hk\u00f6isesti, eik\u00e4 sit\u00e4 l\u00e4hetet\u00e4 erikseen postitse. On suositeltavaa, ett\u00e4 ohje tallennetaan heti omalle laitteelle.<br \/>\n<\/em><\/strong><\/p>\n<p><strong><em>Knit pattern can be downloaded immediately from the e-mail you provided with your order. (Remember to check also the junk mail folder.) The patter<\/em><\/strong><strong><em>n is delivered only electronically and is not send separately by post. It is recommended that you save the pattern to your device immediately. You can find all the languages mentioned in the tittle in the same pdf file.<br \/>\n<\/em><\/strong><\/p>\n<h3><strong>Kennopipo<\/strong><\/h3>\n<p><strong>Onesize\u00a0\u00a0\u00a0\u00a0\u00a0\u00a0\u00a0\u00a0\u00a0\u00a0\u00a0\u00a0\u00a0\u00a0\u00a0\u00a0\u00a0\u00a0\u00a0\u00a0\u00a0\u00a0\u00a0\u00a0\u00a0\u00a0\u00a0\u00a0\u00a0\u00a0\u00a0\u00a0\u00a0\u00a0\u00a0\u00a0\u00a0\u00a0\u00a0\u00a0\u00a0\u00a0\u00a0\u00a0\u00a0\u00a0\u00a0\u00a0\u00a0\u00a0\u00a0 <\/strong><\/p>\n<p>P\u00e4\u00e4n ymp\u00e4rysmitta 56-58 cm<\/p>\n<p><strong>Langan menekki <\/strong><\/p>\n<p>Rauma garn Vams 50 g ker\u00e4 2 kpl<\/p>\n<p><strong>Neuletiheys<\/strong><\/p>\n<p>10 cm = 16 s \/ 14 krs sile\u00e4\u00e4 neuletta<\/p>\n<p><strong>Puikot<\/strong><\/p>\n<p>Sukkapuikot 5 mm<\/p>\n<p><strong>Tarvitset<\/strong><\/p>\n<p>-yksi lyhyt apupuikko<\/p>\n<p>-tekoturkistupsu<\/p>\n<p>-neulan ja lankaa tupsun kiinnitt\u00e4miseen<\/p>\n<p><strong>Ty\u00f6ohje<\/strong><\/p>\n<p>Ty\u00f6 neulotaan alhaalta yl\u00f6s suljettuna neuleena sukkapuikoilla tai py\u00f6r\u00f6puikolla.<\/p>\n<h3><strong>Kennotumput<\/strong><\/h3>\n<p><strong>Koot<\/strong> <strong>(S)siro k\u00e4si (L)iso k\u00e4si <\/strong>(aikuisten kokoja)<\/p>\n<p><strong>Langan menekki <\/strong><\/p>\n<p>Rauma garn Vams 50 g ker\u00e4 2 kpl<\/p>\n<p><strong>Neuletiheys<\/strong><\/p>\n<p>10 cm = 16 s \/ 14 krs sile\u00e4\u00e4 neuletta<\/p>\n<p><strong>Puikot<\/strong><\/p>\n<p>Sukkapuikot 4,5 mm ja 5 mm<\/p>\n<p>Jos haluat neuloa v\u00e4limallin koon, voit neuloa isommilla puikoilla koon S tai pienemmill\u00e4 puikoilla koon L.<\/p>\n<p><strong>Ty\u00f6ohje<\/strong><\/p>\n<p>Tumput neulotaan varresta aloittaen.<\/p>\n<p><strong>Instagram<\/strong><\/p>\n<p>L\u00f6yd\u00e4t v\u00e4rivaihtoehtoja Instagramista #kennopipo ja #kennotumput tagill\u00e4<\/p>\n<h2><strong>English<\/strong><\/h2>\n<h3><strong>The beanie<\/strong><\/h3>\n<p><strong>Onesize\u00a0\u00a0\u00a0\u00a0\u00a0\u00a0\u00a0\u00a0\u00a0\u00a0\u00a0\u00a0\u00a0\u00a0\u00a0\u00a0\u00a0\u00a0\u00a0\u00a0\u00a0\u00a0\u00a0\u00a0\u00a0\u00a0\u00a0\u00a0\u00a0\u00a0\u00a0\u00a0\u00a0\u00a0\u00a0\u00a0\u00a0\u00a0\u00a0\u00a0\u00a0\u00a0\u00a0\u00a0\u00a0\u00a0\u00a0\u00a0\u00a0\u00a0\u00a0 <\/strong><\/p>\n<p>Head circumference 56-58 cm<\/p>\n<p><strong>Yarn<\/strong><\/p>\n<p>Rauma garn Vams 50 g 2 balls<\/p>\n<p><strong>Gauge<\/strong><\/p>\n<p>10 cm = 16 sts stockinette stitch<\/p>\n<p><strong>Needle<\/strong><\/p>\n<p>Double pointed needles 5 mm<\/p>\n<p><strong>You will need:<\/strong><\/p>\n<p>&#8211; one short cable needle<\/p>\n<p>&#8211; faux fur bobble<\/p>\n<p>&#8211; needle and thread to attach the bobble<\/p>\n<p><strong>Instruction<\/strong><\/p>\n<p>Work in the round on double pointed needles or circular needle, bottom up.<\/p>\n<h3><strong>The mittens<\/strong><\/h3>\n<p><strong>Size<\/strong> <strong>(S)small hand (L)big hand <\/strong>(Adult sizes)<\/p>\n<p><strong>Yarn<\/strong><\/p>\n<p>Rauma garn Vams 50 g 2 balls<\/p>\n<p><strong>Gauge<\/strong><\/p>\n<p>10 cm = 16 sts stockinette stitch<\/p>\n<p><strong>Needle<\/strong><\/p>\n<p>Double pointed needles 4.5 mm and 5 mm<\/p>\n<p>If you want to knit the size in between, you can knit size S with larger needles or size L with smaller needles.<\/p>\n<p><strong>Instruction<\/strong><\/p>\n<p>The mittens are knitted bottom up.<\/p>\n<p><strong>Instagram<\/strong><\/p>\n<p>You can find more color choices using #kennopipo (the beanie) and #kennotumput (the mittens)<\/p>\n<p>&nbsp;<\/p>\n","protected":false},"excerpt":{"rendered":"<p>Neuleohje on ladattavissa heti tilauksen j\u00e4lkeen tilauksen yhteydess\u00e4 ilmoittamastasi s\u00e4hk\u00f6postiosoitteesta. (Tarkastathan my\u00f6s roskapostikansion.) Ohjeen toimitus tapahtuu ainoastaan s\u00e4hk\u00f6isesti, eik\u00e4 sit\u00e4 l\u00e4hetet\u00e4 erikseen postitse. On suositeltavaa, ett\u00e4 ohje tallennetaan heti omalle laitteelle. Knit pattern can be downloaded immediately from the e-mail you provided with your order. (Remember to check also the junk mail folder.) The pattern [&hellip;]<\/p>\n","protected":false},"featured_media":11689,"comment_status":"closed","ping_status":"closed","template":"","meta":{"_et_pb_use_builder":"","_et_pb_old_content":"","_et_gb_content_width":""},"product_brand":[],"product_cat":[22],"product_tag":[],"class_list":{"0":"post-11688","1":"product","2":"type-product","3":"status-publish","4":"has-post-thumbnail","6":"product_cat-neuleohjeet","7":"product_shipping_class-pdf","9":"first","10":"instock","11":"downloadable","12":"taxable","13":"shipping-taxable","14":"purchasable","15":"product-type-simple"},"yoast_head":"<!-- This site is optimized with the Yoast SEO plugin v27.4 - https:\/\/yoast.com\/product\/yoast-seo-wordpress\/ -->\n<title>Kennopipo ja -tumput ohje \/ knit pattern (FI, EN) - Villahullu<\/title>\n<meta name=\"robots\" content=\"index, follow, max-snippet:-1, max-image-preview:large, max-video-preview:-1\" \/>\n<link rel=\"canonical\" href=\"https:\/\/villahullu.fi\/en\/product\/kennopipo-ja-tumput-ohje-knit-pattern-fi-en\/\" \/>\n<meta property=\"og:locale\" content=\"en_US\" \/>\n<meta property=\"og:type\" content=\"article\" \/>\n<meta property=\"og:title\" content=\"Kennopipo ja -tumput ohje \/ knit pattern (FI, EN) - Villahullu\" \/>\n<meta property=\"og:description\" content=\"Neuleohje on ladattavissa heti tilauksen j\u00e4lkeen tilauksen yhteydess\u00e4 ilmoittamastasi s\u00e4hk\u00f6postiosoitteesta. (Tarkastathan my\u00f6s roskapostikansion.) Ohjeen toimitus tapahtuu ainoastaan s\u00e4hk\u00f6isesti, eik\u00e4 sit\u00e4 l\u00e4hetet\u00e4 erikseen postitse. On suositeltavaa, ett\u00e4 ohje tallennetaan heti omalle laitteelle. Knit pattern can be downloaded immediately from the e-mail you provided with your order. (Remember to check also the junk mail folder.) The pattern [&hellip;]\" \/>\n<meta property=\"og:url\" content=\"https:\/\/villahullu.fi\/en\/product\/kennopipo-ja-tumput-ohje-knit-pattern-fi-en\/\" \/>\n<meta property=\"og:site_name\" content=\"Villahullu\" \/>\n<meta property=\"article:publisher\" content=\"https:\/\/www.facebook.com\/villahullu\/\" \/>\n<meta property=\"article:modified_time\" content=\"2024-09-01T06:23:11+00:00\" \/>\n<meta property=\"og:image\" content=\"https:\/\/villahullu.fi\/wp-content\/uploads\/2023\/02\/Kennopipo-ja-tumput.png\" \/>\n\t<meta property=\"og:image:width\" content=\"940\" \/>\n\t<meta property=\"og:image:height\" content=\"788\" \/>\n\t<meta property=\"og:image:type\" content=\"image\/png\" \/>\n<meta name=\"twitter:card\" content=\"summary_large_image\" \/>\n<meta name=\"twitter:label1\" content=\"Est. reading time\" \/>\n\t<meta name=\"twitter:data1\" content=\"3 minutes\" \/>\n<script type=\"application\/ld+json\" class=\"yoast-schema-graph\">{\"@context\":\"https:\\\/\\\/schema.org\",\"@graph\":[{\"@type\":\"WebPage\",\"@id\":\"https:\\\/\\\/villahullu.fi\\\/en\\\/product\\\/kennopipo-ja-tumput-ohje-knit-pattern-fi-en\\\/\",\"url\":\"https:\\\/\\\/villahullu.fi\\\/en\\\/product\\\/kennopipo-ja-tumput-ohje-knit-pattern-fi-en\\\/\",\"name\":\"Kennopipo ja -tumput ohje \\\/ knit pattern (FI, EN) - Villahullu\",\"isPartOf\":{\"@id\":\"https:\\\/\\\/villahullu.fi\\\/en\\\/#website\"},\"primaryImageOfPage\":{\"@id\":\"https:\\\/\\\/villahullu.fi\\\/en\\\/product\\\/kennopipo-ja-tumput-ohje-knit-pattern-fi-en\\\/#primaryimage\"},\"image\":{\"@id\":\"https:\\\/\\\/villahullu.fi\\\/en\\\/product\\\/kennopipo-ja-tumput-ohje-knit-pattern-fi-en\\\/#primaryimage\"},\"thumbnailUrl\":\"https:\\\/\\\/villahullu.fi\\\/wp-content\\\/uploads\\\/2023\\\/02\\\/Kennopipo-ja-tumput.png\",\"datePublished\":\"2023-02-18T09:39:28+00:00\",\"dateModified\":\"2024-09-01T06:23:11+00:00\",\"breadcrumb\":{\"@id\":\"https:\\\/\\\/villahullu.fi\\\/en\\\/product\\\/kennopipo-ja-tumput-ohje-knit-pattern-fi-en\\\/#breadcrumb\"},\"inLanguage\":\"en-US\",\"potentialAction\":[{\"@type\":\"ReadAction\",\"target\":[\"https:\\\/\\\/villahullu.fi\\\/en\\\/product\\\/kennopipo-ja-tumput-ohje-knit-pattern-fi-en\\\/\"]}]},{\"@type\":\"ImageObject\",\"inLanguage\":\"en-US\",\"@id\":\"https:\\\/\\\/villahullu.fi\\\/en\\\/product\\\/kennopipo-ja-tumput-ohje-knit-pattern-fi-en\\\/#primaryimage\",\"url\":\"https:\\\/\\\/villahullu.fi\\\/wp-content\\\/uploads\\\/2023\\\/02\\\/Kennopipo-ja-tumput.png\",\"contentUrl\":\"https:\\\/\\\/villahullu.fi\\\/wp-content\\\/uploads\\\/2023\\\/02\\\/Kennopipo-ja-tumput.png\",\"width\":940,\"height\":788},{\"@type\":\"BreadcrumbList\",\"@id\":\"https:\\\/\\\/villahullu.fi\\\/en\\\/product\\\/kennopipo-ja-tumput-ohje-knit-pattern-fi-en\\\/#breadcrumb\",\"itemListElement\":[{\"@type\":\"ListItem\",\"position\":1,\"name\":\"Etusivu\",\"item\":\"https:\\\/\\\/villahullu.fi\\\/en\\\/\"},{\"@type\":\"ListItem\",\"position\":2,\"name\":\"Shop\",\"item\":\"https:\\\/\\\/villahullu.fi\\\/en\\\/shop\\\/\"},{\"@type\":\"ListItem\",\"position\":3,\"name\":\"Kennopipo ja -tumput ohje \\\/ knit pattern (FI, EN)\"}]},{\"@type\":\"WebSite\",\"@id\":\"https:\\\/\\\/villahullu.fi\\\/en\\\/#website\",\"url\":\"https:\\\/\\\/villahullu.fi\\\/en\\\/\",\"name\":\"Villahullu\",\"description\":\"Villapaitoja ja neulontaohjeita\",\"publisher\":{\"@id\":\"https:\\\/\\\/villahullu.fi\\\/en\\\/#organization\"},\"potentialAction\":[{\"@type\":\"SearchAction\",\"target\":{\"@type\":\"EntryPoint\",\"urlTemplate\":\"https:\\\/\\\/villahullu.fi\\\/en\\\/?s={search_term_string}\"},\"query-input\":{\"@type\":\"PropertyValueSpecification\",\"valueRequired\":true,\"valueName\":\"search_term_string\"}}],\"inLanguage\":\"en-US\"},{\"@type\":\"Organization\",\"@id\":\"https:\\\/\\\/villahullu.fi\\\/en\\\/#organization\",\"name\":\"Villahullu\",\"url\":\"https:\\\/\\\/villahullu.fi\\\/en\\\/\",\"logo\":{\"@type\":\"ImageObject\",\"inLanguage\":\"en-US\",\"@id\":\"https:\\\/\\\/villahullu.fi\\\/en\\\/#\\\/schema\\\/logo\\\/image\\\/\",\"url\":\"https:\\\/\\\/villahullu.fi\\\/wp-content\\\/uploads\\\/2021\\\/06\\\/logo.png\",\"contentUrl\":\"https:\\\/\\\/villahullu.fi\\\/wp-content\\\/uploads\\\/2021\\\/06\\\/logo.png\",\"width\":374,\"height\":98,\"caption\":\"Villahullu\"},\"image\":{\"@id\":\"https:\\\/\\\/villahullu.fi\\\/en\\\/#\\\/schema\\\/logo\\\/image\\\/\"},\"sameAs\":[\"https:\\\/\\\/www.facebook.com\\\/villahullu\\\/\",\"https:\\\/\\\/www.instagram.com\\\/villahullu\\\/\"]}]}<\/script>\n<!-- \/ Yoast SEO plugin. -->","yoast_head_json":{"title":"Kennopipo ja -tumput ohje \/ knit pattern (FI, EN) - Villahullu","robots":{"index":"index","follow":"follow","max-snippet":"max-snippet:-1","max-image-preview":"max-image-preview:large","max-video-preview":"max-video-preview:-1"},"canonical":"https:\/\/villahullu.fi\/en\/product\/kennopipo-ja-tumput-ohje-knit-pattern-fi-en\/","og_locale":"en_US","og_type":"article","og_title":"Kennopipo ja -tumput ohje \/ knit pattern (FI, EN) - Villahullu","og_description":"Neuleohje on ladattavissa heti tilauksen j\u00e4lkeen tilauksen yhteydess\u00e4 ilmoittamastasi s\u00e4hk\u00f6postiosoitteesta. (Tarkastathan my\u00f6s roskapostikansion.) Ohjeen toimitus tapahtuu ainoastaan s\u00e4hk\u00f6isesti, eik\u00e4 sit\u00e4 l\u00e4hetet\u00e4 erikseen postitse. On suositeltavaa, ett\u00e4 ohje tallennetaan heti omalle laitteelle. Knit pattern can be downloaded immediately from the e-mail you provided with your order. (Remember to check also the junk mail folder.) The pattern [&hellip;]","og_url":"https:\/\/villahullu.fi\/en\/product\/kennopipo-ja-tumput-ohje-knit-pattern-fi-en\/","og_site_name":"Villahullu","article_publisher":"https:\/\/www.facebook.com\/villahullu\/","article_modified_time":"2024-09-01T06:23:11+00:00","og_image":[{"width":940,"height":788,"url":"https:\/\/villahullu.fi\/wp-content\/uploads\/2023\/02\/Kennopipo-ja-tumput.png","type":"image\/png"}],"twitter_card":"summary_large_image","twitter_misc":{"Est. reading time":"3 minutes"},"schema":{"@context":"https:\/\/schema.org","@graph":[{"@type":"WebPage","@id":"https:\/\/villahullu.fi\/en\/product\/kennopipo-ja-tumput-ohje-knit-pattern-fi-en\/","url":"https:\/\/villahullu.fi\/en\/product\/kennopipo-ja-tumput-ohje-knit-pattern-fi-en\/","name":"Kennopipo ja -tumput ohje \/ knit pattern (FI, EN) - Villahullu","isPartOf":{"@id":"https:\/\/villahullu.fi\/en\/#website"},"primaryImageOfPage":{"@id":"https:\/\/villahullu.fi\/en\/product\/kennopipo-ja-tumput-ohje-knit-pattern-fi-en\/#primaryimage"},"image":{"@id":"https:\/\/villahullu.fi\/en\/product\/kennopipo-ja-tumput-ohje-knit-pattern-fi-en\/#primaryimage"},"thumbnailUrl":"https:\/\/villahullu.fi\/wp-content\/uploads\/2023\/02\/Kennopipo-ja-tumput.png","datePublished":"2023-02-18T09:39:28+00:00","dateModified":"2024-09-01T06:23:11+00:00","breadcrumb":{"@id":"https:\/\/villahullu.fi\/en\/product\/kennopipo-ja-tumput-ohje-knit-pattern-fi-en\/#breadcrumb"},"inLanguage":"en-US","potentialAction":[{"@type":"ReadAction","target":["https:\/\/villahullu.fi\/en\/product\/kennopipo-ja-tumput-ohje-knit-pattern-fi-en\/"]}]},{"@type":"ImageObject","inLanguage":"en-US","@id":"https:\/\/villahullu.fi\/en\/product\/kennopipo-ja-tumput-ohje-knit-pattern-fi-en\/#primaryimage","url":"https:\/\/villahullu.fi\/wp-content\/uploads\/2023\/02\/Kennopipo-ja-tumput.png","contentUrl":"https:\/\/villahullu.fi\/wp-content\/uploads\/2023\/02\/Kennopipo-ja-tumput.png","width":940,"height":788},{"@type":"BreadcrumbList","@id":"https:\/\/villahullu.fi\/en\/product\/kennopipo-ja-tumput-ohje-knit-pattern-fi-en\/#breadcrumb","itemListElement":[{"@type":"ListItem","position":1,"name":"Etusivu","item":"https:\/\/villahullu.fi\/en\/"},{"@type":"ListItem","position":2,"name":"Shop","item":"https:\/\/villahullu.fi\/en\/shop\/"},{"@type":"ListItem","position":3,"name":"Kennopipo ja -tumput ohje \/ knit pattern (FI, EN)"}]},{"@type":"WebSite","@id":"https:\/\/villahullu.fi\/en\/#website","url":"https:\/\/villahullu.fi\/en\/","name":"Villahullu","description":"Villapaitoja ja neulontaohjeita","publisher":{"@id":"https:\/\/villahullu.fi\/en\/#organization"},"potentialAction":[{"@type":"SearchAction","target":{"@type":"EntryPoint","urlTemplate":"https:\/\/villahullu.fi\/en\/?s={search_term_string}"},"query-input":{"@type":"PropertyValueSpecification","valueRequired":true,"valueName":"search_term_string"}}],"inLanguage":"en-US"},{"@type":"Organization","@id":"https:\/\/villahullu.fi\/en\/#organization","name":"Villahullu","url":"https:\/\/villahullu.fi\/en\/","logo":{"@type":"ImageObject","inLanguage":"en-US","@id":"https:\/\/villahullu.fi\/en\/#\/schema\/logo\/image\/","url":"https:\/\/villahullu.fi\/wp-content\/uploads\/2021\/06\/logo.png","contentUrl":"https:\/\/villahullu.fi\/wp-content\/uploads\/2021\/06\/logo.png","width":374,"height":98,"caption":"Villahullu"},"image":{"@id":"https:\/\/villahullu.fi\/en\/#\/schema\/logo\/image\/"},"sameAs":["https:\/\/www.facebook.com\/villahullu\/","https:\/\/www.instagram.com\/villahullu\/"]}]}},"jetpack_sharing_enabled":true,"_links":{"self":[{"href":"https:\/\/villahullu.fi\/en\/wp-json\/wp\/v2\/product\/11688","targetHints":{"allow":["GET"]}}],"collection":[{"href":"https:\/\/villahullu.fi\/en\/wp-json\/wp\/v2\/product"}],"about":[{"href":"https:\/\/villahullu.fi\/en\/wp-json\/wp\/v2\/types\/product"}],"replies":[{"embeddable":true,"href":"https:\/\/villahullu.fi\/en\/wp-json\/wp\/v2\/comments?post=11688"}],"wp:featuredmedia":[{"embeddable":true,"href":"https:\/\/villahullu.fi\/en\/wp-json\/wp\/v2\/media\/11689"}],"wp:attachment":[{"href":"https:\/\/villahullu.fi\/en\/wp-json\/wp\/v2\/media?parent=11688"}],"wp:term":[{"taxonomy":"product_brand","embeddable":true,"href":"https:\/\/villahullu.fi\/en\/wp-json\/wp\/v2\/product_brand?post=11688"},{"taxonomy":"product_cat","embeddable":true,"href":"https:\/\/villahullu.fi\/en\/wp-json\/wp\/v2\/product_cat?post=11688"},{"taxonomy":"product_tag","embeddable":true,"href":"https:\/\/villahullu.fi\/en\/wp-json\/wp\/v2\/product_tag?post=11688"}],"curies":[{"name":"wp","href":"https:\/\/api.w.org\/{rel}","templated":true}]}}