{"id":10435,"date":"2023-02-02T13:35:17","date_gmt":"2023-02-02T11:35:17","guid":{"rendered":"https:\/\/villahullu.fi\/?post_type=product&#038;p=10435"},"modified":"2024-09-01T09:23:13","modified_gmt":"2024-09-01T06:23:13","slug":"rautuneule-ohje-knit-pattern-fi-en-us-no","status":"publish","type":"product","link":"https:\/\/villahullu.fi\/en\/product\/rautuneule-ohje-knit-pattern-fi-en-us-no\/","title":{"rendered":"Rautuneule ohje \/ knit pattern (FI, EN\/US, NO)"},"content":{"rendered":"<p><img loading=\"lazy\" decoding=\"async\" class=\"alignnone size-medium wp-image-10446\" src=\"https:\/\/villahullu.fi\/wp-content\/uploads\/2023\/02\/IMG_20230114_143649-225x300.jpg\" alt=\"\" width=\"225\" height=\"300\" \/> <img loading=\"lazy\" decoding=\"async\" class=\"alignnone size-medium wp-image-10448\" src=\"https:\/\/villahullu.fi\/wp-content\/uploads\/2023\/02\/IMG_20230114_144532-225x300.jpg\" alt=\"\" width=\"225\" height=\"300\" \/> <img loading=\"lazy\" decoding=\"async\" class=\"alignnone size-medium wp-image-10450\" src=\"https:\/\/villahullu.fi\/wp-content\/uploads\/2023\/02\/IMG_20230128_151237_837-240x300.jpg\" alt=\"\" width=\"240\" height=\"300\" \/> <img loading=\"lazy\" decoding=\"async\" class=\"alignnone size-medium wp-image-10452\" src=\"https:\/\/villahullu.fi\/wp-content\/uploads\/2023\/02\/IMG20230125114413-300x225.jpg\" alt=\"\" width=\"300\" height=\"225\" \/> <img loading=\"lazy\" decoding=\"async\" class=\"alignnone size-medium wp-image-10438\" src=\"https:\/\/villahullu.fi\/wp-content\/uploads\/2023\/02\/20230130_092503-225x300.jpg\" alt=\"\" width=\"225\" height=\"300\" \/> <img loading=\"lazy\" decoding=\"async\" class=\"alignnone size-medium wp-image-10436\" src=\"https:\/\/villahullu.fi\/wp-content\/uploads\/2023\/02\/20230122_140146-225x300.jpg\" alt=\"\" width=\"225\" height=\"300\" \/> <img loading=\"lazy\" decoding=\"async\" class=\"alignnone size-medium wp-image-10444\" src=\"https:\/\/villahullu.fi\/wp-content\/uploads\/2023\/02\/image2-1-229x300.jpeg\" alt=\"\" width=\"229\" height=\"300\" \/> <img loading=\"lazy\" decoding=\"async\" class=\"alignnone size-medium wp-image-10442\" src=\"https:\/\/villahullu.fi\/wp-content\/uploads\/2023\/02\/image0-3-225x300.jpeg\" alt=\"\" width=\"225\" height=\"300\" \/><\/p>\n<p><strong><em>Neuleohje on ladattavissa heti maksusuorituksen j\u00e4lkeen tilauksen yhteydess\u00e4 ilmoittamastasi s\u00e4hk\u00f6postiosoitteesta. (Tarkastathan my\u00f6s roskapostikansion.) Ohjeen toimitus tapahtuu ainoastaan s\u00e4hk\u00f6isesti, eik\u00e4 sit\u00e4 l\u00e4hetet\u00e4 erikseen postitse. On suositeltavaa, ett\u00e4 ohje tallennetaan heti omalle laitteelle.<br \/>\n<\/em><\/strong><\/p>\n<p><strong><em>Knit pattern can be downloaded immediately after payment from the e-mail you provided with your order. (Remember to check also the junk mail folder.) The patter<\/em><\/strong><strong><em>n is delivered only electronically and is not send separately by post. It is recommended that you save the pattern to your device immediately. You can find all the languages mentioned in the tittle in the same pdf file.<br \/>\n<\/em><\/strong><\/p>\n<p><strong>Koko XXS, XS, S, M, L, XL, XXL<\/strong><strong>\u00a0<\/strong><\/p>\n<p>Koot eiv\u00e4t ole standardeja. Tarkistathan sopivan koon paidan mitoista.<\/p>\n<p>Mitat ovat valmiin paidan mittoja.<\/p>\n<p>Rinnanymp\u00e4rys<\/p>\n<p>(XXS)86 (XS)92 (S)101,5 (M)110,5 (L)120 (XL)129 (XXL)138 cm<\/p>\n<p>Alaosan leveys<\/p>\n<p>(XXS)43 (XS)46 (S)51 (M)55 (L)60 (XL)64,5 (XXL)69 cm<\/p>\n<p>Pituus helmasta kainaloon<\/p>\n<p>(XXS)39 (XS)40 (S)41 (M)42 (L)43 (XL)44 (XXL)45 cm (tai haluttu pituus)<\/p>\n<p>Hihan pituus<\/p>\n<p>(XXS)47 (XS)48 (S)49 (M)50 (L)51 (XL)52 (XXL)53 cm (tai haluttu pituus)<\/p>\n<p><strong>Langan menekki <\/strong>Alafosslopi 100 g ker\u00e4<\/p>\n<p>P\u00e4\u00e4v\u00e4ri 0086 Light beige (XXS)5 (XS)5 (S)6 (M)6 (L)7 (XL)7 (XXL)8 kpl<\/p>\n<p>A 0005 Black heather (XXS)2 (XS)2 (S)2 (M)2 (L)2 (XL)2 (XXL)2 kpl<\/p>\n<p>B 9971 Amber heather (XXS)1 (XS)1 (S)1 (M)1 (L)1 (XL)1 (XXL)2 kpl<\/p>\n<p>C 9967 Teal (XXS)1 (XS)1 (S)1 (M)1 (L)1 (XL)1 (XXL)1 kpl<\/p>\n<p>D 1242 Oxblood red\u00a0 (XXS)1 (XS)1 (S)1 (M)1 (L)1 (XL)1 (XXL)1 kpl<\/p>\n<p><strong>Puikot<\/strong><\/p>\n<p>Py\u00f6r\u00f6puikko 4,5 mm 80 cm<\/p>\n<p>Py\u00f6r\u00f6puikko 6 mm 80 cm<\/p>\n<p>Sukkapuikot 4,5 mm ja 6 mm<\/p>\n<p>(Mik\u00e4li et k\u00e4yt\u00e4 Magic loop- tekniikkaa, tarvitset my\u00f6s py\u00f6r\u00f6puikot 4,5 mm ja 6 mm 40 cm)<\/p>\n<p><strong>Neuletiheys <\/strong>10 x 10 cm = 13 s ja 18 krs sile\u00e4\u00e4 neuletta puikoilla 6 mm<\/p>\n<p><strong>Ty\u00f6ohje<\/strong><\/p>\n<p>Neulo alaosa ja hiha py\u00f6r\u00f6n\u00e4. Yhdist\u00e4 kainalossa alaosa sek\u00e4 hihat samalle puikolle<\/p>\n<p>ja neulo kaarroke py\u00f6r\u00f6n\u00e4. Alaosassa kerros alkaa vasemmasta sivusta, mutta yhdist\u00e4misen<\/p>\n<p>j\u00e4lkeen kohdasta, jossa takakappale ja vasen hiha on yhdistetty.<\/p>\n<p><strong>Instagram<\/strong><\/p>\n<p>L\u00f6yd\u00e4t v\u00e4rivaihtoehtoja Instagramista #rautuneule tagill\u00e4<\/p>\n<h2><strong>English<\/strong><\/h2>\n<p><strong>Size XXS, XS, S, M, L, XL, XXL<\/strong><\/p>\n<p>The sizes are not standard. Please check the measures for the appropriate sweater size. The measurements are the measurements of the finished sweater.<\/p>\n<p>Bust circumference<\/p>\n<p>(XXS)86 (XS)92 (S)101.5 (M)110.5 (L)120 (XL)129 (XXL)138.5 cm<\/p>\n<p>(XXS)33.8 (XS)36 (S)40 (M)43.5 (L)47.2 (XL)50.8 (XXL)54.5 inches<\/p>\n<p>Body width<\/p>\n<p>(XXS)43 (XS)46 (S)51 (M)55 (L)60 (XL)64,5 (XXL)69 cm<\/p>\n<p>(XXS)17 (XS)18.1 (S)20 (M)21.6 (L)23.6 (XL)25.4 (XXL)27.1 inches<\/p>\n<p>Body length<\/p>\n<p>(XXS)39 (XS)40 (S)41 (M)42 (L)43 (XL)44 (XXL)45 cm (or desired)<\/p>\n<p>(XXS)15.3 (XS)15.7 (S)16.1 (M)16.5 (L)16.9 (XL)17.3 (XXL)17.7 inches (or desired)<\/p>\n<p>Sleeve length<\/p>\n<p>(XXS)47 (XS)48 (S)49 (M)50 (L)51 (XL)52 (XXL)53 cm (or desired)<\/p>\n<p>(XXS)18.5 (XS)18.9 (S)19.3 (M)19.7 (L)20 (XL)20.5 (XXL)20.8 inches (or desired)<\/p>\n<p><strong>Yarn <\/strong>Alafosslopi 100 g ball<\/p>\n<p>Main color (MC) 0086 Light beige (XXS)5 (XS)5 (S)6 (M)6 (L)7 (XL)7 (XXL)8 kpl<\/p>\n<p>A 0005 Black heather (XXS)2 (XS)2 (S)2 (M)2 (L)2 (XL)2 (XXL)2 kpl<\/p>\n<p>B 9971 Amber heather (XXS)1 (XS)1 (S)1 (M)1 (L)1 (XL)1 (XXL)2 kpl<\/p>\n<p>C 9967 Teal (XXS)1 (XS)1 (S)1 (M)1 (L)1 (XL)1 (XXL)1 kpl<\/p>\n<p>D 1242 Oxblood red\u00a0 (XXS)1 (XS)1 (S)1 (M)1 (L)1 (XL)1 (XXL)1 kpl<\/p>\n<p><strong>Needles:<\/strong><\/p>\n<p>Circular needle 4.5 mm 80 cm US 7, 32\u201d<\/p>\n<p>Circular needle 6 mm 80 cm US 10, 32\u201d<\/p>\n<p>Double pointed needles 4.5 mm and 6 mm US 7 and 10<\/p>\n<p>(If you don\u2019t use the magic loop- technique,<\/p>\n<p>you will need to use circular needle 4.5 mm and 6 mm 40 cm US 7 and 10, 16\u201d)<\/p>\n<p><strong>Gauge <\/strong>10 cm = 13 sts and 18 rows on needle size 6 mm<\/p>\n<p><strong>Instructions<\/strong><\/p>\n<p>Work body in the round on circular needle, bottom up. Work sleeves in the round on double pointed needles or circular needle using the Magic loop- technique. Slip sleeves on to same circular needle as body.<\/p>\n<p><strong>Instagram<\/strong><\/p>\n<p>You can find more color choices using #rautuneule<\/p>\n<h2><strong>Norsk<\/strong><\/h2>\n<p><strong>St\u00f8rrelse XXS, XS<\/strong>, <strong>S, M, L, XL,<\/strong> <strong>XXL<\/strong><\/p>\n<p>St\u00f8rrelsene er veiledende. Vennligst sjekk m\u00e5l for valg av riktig st\u00f8rrelse.<\/p>\n<p>M\u00e5lene er m\u00e5lt flatt p\u00e5 ferdig genser.<\/p>\n<p>Omkrets: (XXS)86 (XS)92 (S)101,5 (M)110,5 (L)120 (XL)129 (XXL)138,5 cm<\/p>\n<p>Bredde:\u00a0 (XXS)43 (XS)46 (S)51 (M)55 (L)60 (XL)64,5 (XXL)69 cm<\/p>\n<p>Lengde: (XXS)39 (XS)40 (S)41 (M)42 (L)43 (XL)44 (XXL)45 cm (eller \u00f8nsket lengde)<\/p>\n<p>Ermlengde:\u00a0 (XXS)47 (XS)48 (S)49 (M)50 (L)51 (XL)52 (XXL)53 cm (eller \u00f8nsket lengde)<\/p>\n<p><strong>Garn <\/strong>Alafosslopi 100 g n\u00f8ster<\/p>\n<p>Bunnfarge (BF) 0086 Light beige (XXS)5 (XS)5 (S)6 (M)6 (L)7 (XL)7 (XXL)8<\/p>\n<p>A 0005 Black heather (XXS)2 (XS)2 (S)2 (M)2 (L)2 (XL)2 (XXL)2<\/p>\n<p>B 9971 Amber heather (XXS)1 (XS)1 (S)1 (M)1 (L)1 (XL)1 (XXL)2<\/p>\n<p>C 9967 Teal (XXS)1 (XS)1 (S)1 (M)1 (L)1 (XL)1 (XXL)1<\/p>\n<p>D 1242 Oxblood red\u00a0 (XXS)1 (XS)1 (S)1 (M)1 (L)1 (XL)1 (XXL)1<\/p>\n<p><strong>Pinner:<\/strong><\/p>\n<p>Rundpinne 4,5 mm 80 cm<\/p>\n<p>Rundpinne 6 mm 80 cm<\/p>\n<p>Str\u00f8mpepinner 4,5 mm og 6 mm<\/p>\n<p>(Hvis du ikke bruker magiske loop-teknikken, trenger du ogs\u00e5 rundpinne 4,5 mm og 6 mm 40 cm)<\/p>\n<p><strong>Strikkefasthet: <\/strong>10 cm = 13 m og 18 rader p\u00e5 pinne 6 mm<\/p>\n<p><strong>Instruksjoner<\/strong><\/p>\n<p>Bolen strikkes rundt p\u00e5 rundpinne nedenfra og opp.<\/p>\n<p>Ermer strikkes rundt med str\u00f8mpepinner eller rundpinne om du bruker Magic loop- teknikk, settes p\u00e5 samme pinne som bolen f\u00f8r b\u00e6restykket strikkes.<\/p>\n<p><strong>Instagram<\/strong><\/p>\n<p>Du kan finne flere fargevalg ved \u00e5 bruke #rautuneule.<\/p>\n","protected":false},"excerpt":{"rendered":"<p>Neuleohje on ladattavissa heti maksusuorituksen j\u00e4lkeen tilauksen yhteydess\u00e4 ilmoittamastasi s\u00e4hk\u00f6postiosoitteesta. (Tarkastathan my\u00f6s roskapostikansion.) Ohjeen toimitus tapahtuu ainoastaan s\u00e4hk\u00f6isesti, eik\u00e4 sit\u00e4 l\u00e4hetet\u00e4 erikseen postitse. On suositeltavaa, ett\u00e4 ohje tallennetaan heti omalle laitteelle. Knit pattern can be downloaded immediately after payment from the e-mail you provided with your order. (Remember to check also the junk mail folder.) [&hellip;]<\/p>\n","protected":false},"featured_media":10454,"comment_status":"closed","ping_status":"closed","template":"","meta":{"_et_pb_use_builder":"","_et_pb_old_content":"","_et_gb_content_width":""},"product_brand":[],"product_cat":[22],"product_tag":[],"class_list":{"0":"post-10435","1":"product","2":"type-product","3":"status-publish","4":"has-post-thumbnail","6":"product_cat-neuleohjeet","7":"product_shipping_class-pdf","9":"first","10":"instock","11":"downloadable","12":"taxable","13":"shipping-taxable","14":"purchasable","15":"product-type-simple"},"yoast_head":"<!-- This site is optimized with the Yoast SEO plugin v27.4 - https:\/\/yoast.com\/product\/yoast-seo-wordpress\/ -->\n<title>Rautuneule ohje \/ knit pattern (FI, EN\/US, NO) - Villahullu<\/title>\n<meta name=\"robots\" content=\"index, follow, max-snippet:-1, max-image-preview:large, max-video-preview:-1\" \/>\n<link rel=\"canonical\" href=\"https:\/\/villahullu.fi\/en\/product\/rautuneule-ohje-knit-pattern-fi-en-us-no\/\" \/>\n<meta property=\"og:locale\" content=\"en_US\" \/>\n<meta property=\"og:type\" content=\"article\" \/>\n<meta property=\"og:title\" content=\"Rautuneule ohje \/ knit pattern (FI, EN\/US, NO) - Villahullu\" \/>\n<meta property=\"og:description\" content=\"Neuleohje on ladattavissa heti maksusuorituksen j\u00e4lkeen tilauksen yhteydess\u00e4 ilmoittamastasi s\u00e4hk\u00f6postiosoitteesta. (Tarkastathan my\u00f6s roskapostikansion.) Ohjeen toimitus tapahtuu ainoastaan s\u00e4hk\u00f6isesti, eik\u00e4 sit\u00e4 l\u00e4hetet\u00e4 erikseen postitse. On suositeltavaa, ett\u00e4 ohje tallennetaan heti omalle laitteelle. Knit pattern can be downloaded immediately after payment from the e-mail you provided with your order. (Remember to check also the junk mail folder.) [&hellip;]\" \/>\n<meta property=\"og:url\" content=\"https:\/\/villahullu.fi\/en\/product\/rautuneule-ohje-knit-pattern-fi-en-us-no\/\" \/>\n<meta property=\"og:site_name\" content=\"Villahullu\" \/>\n<meta property=\"article:publisher\" content=\"https:\/\/www.facebook.com\/villahullu\/\" \/>\n<meta property=\"article:modified_time\" content=\"2024-09-01T06:23:13+00:00\" \/>\n<meta property=\"og:image\" content=\"https:\/\/villahullu.fi\/wp-content\/uploads\/2023\/02\/Rautuneule.png\" \/>\n\t<meta property=\"og:image:width\" content=\"940\" \/>\n\t<meta property=\"og:image:height\" content=\"788\" \/>\n\t<meta property=\"og:image:type\" content=\"image\/png\" \/>\n<meta name=\"twitter:card\" content=\"summary_large_image\" \/>\n<meta name=\"twitter:label1\" content=\"Est. reading time\" \/>\n\t<meta name=\"twitter:data1\" content=\"7 minutes\" \/>\n<script type=\"application\/ld+json\" class=\"yoast-schema-graph\">{\"@context\":\"https:\\\/\\\/schema.org\",\"@graph\":[{\"@type\":\"WebPage\",\"@id\":\"https:\\\/\\\/villahullu.fi\\\/en\\\/product\\\/rautuneule-ohje-knit-pattern-fi-en-us-no\\\/\",\"url\":\"https:\\\/\\\/villahullu.fi\\\/en\\\/product\\\/rautuneule-ohje-knit-pattern-fi-en-us-no\\\/\",\"name\":\"Rautuneule ohje \\\/ knit pattern (FI, EN\\\/US, NO) - Villahullu\",\"isPartOf\":{\"@id\":\"https:\\\/\\\/villahullu.fi\\\/en\\\/#website\"},\"primaryImageOfPage\":{\"@id\":\"https:\\\/\\\/villahullu.fi\\\/en\\\/product\\\/rautuneule-ohje-knit-pattern-fi-en-us-no\\\/#primaryimage\"},\"image\":{\"@id\":\"https:\\\/\\\/villahullu.fi\\\/en\\\/product\\\/rautuneule-ohje-knit-pattern-fi-en-us-no\\\/#primaryimage\"},\"thumbnailUrl\":\"https:\\\/\\\/villahullu.fi\\\/wp-content\\\/uploads\\\/2023\\\/02\\\/Rautuneule.png\",\"datePublished\":\"2023-02-02T11:35:17+00:00\",\"dateModified\":\"2024-09-01T06:23:13+00:00\",\"breadcrumb\":{\"@id\":\"https:\\\/\\\/villahullu.fi\\\/en\\\/product\\\/rautuneule-ohje-knit-pattern-fi-en-us-no\\\/#breadcrumb\"},\"inLanguage\":\"en-US\",\"potentialAction\":[{\"@type\":\"ReadAction\",\"target\":[\"https:\\\/\\\/villahullu.fi\\\/en\\\/product\\\/rautuneule-ohje-knit-pattern-fi-en-us-no\\\/\"]}]},{\"@type\":\"ImageObject\",\"inLanguage\":\"en-US\",\"@id\":\"https:\\\/\\\/villahullu.fi\\\/en\\\/product\\\/rautuneule-ohje-knit-pattern-fi-en-us-no\\\/#primaryimage\",\"url\":\"https:\\\/\\\/villahullu.fi\\\/wp-content\\\/uploads\\\/2023\\\/02\\\/Rautuneule.png\",\"contentUrl\":\"https:\\\/\\\/villahullu.fi\\\/wp-content\\\/uploads\\\/2023\\\/02\\\/Rautuneule.png\",\"width\":940,\"height\":788},{\"@type\":\"BreadcrumbList\",\"@id\":\"https:\\\/\\\/villahullu.fi\\\/en\\\/product\\\/rautuneule-ohje-knit-pattern-fi-en-us-no\\\/#breadcrumb\",\"itemListElement\":[{\"@type\":\"ListItem\",\"position\":1,\"name\":\"Etusivu\",\"item\":\"https:\\\/\\\/villahullu.fi\\\/en\\\/\"},{\"@type\":\"ListItem\",\"position\":2,\"name\":\"Shop\",\"item\":\"https:\\\/\\\/villahullu.fi\\\/en\\\/shop\\\/\"},{\"@type\":\"ListItem\",\"position\":3,\"name\":\"Rautuneule ohje \\\/ knit pattern (FI, EN\\\/US, NO)\"}]},{\"@type\":\"WebSite\",\"@id\":\"https:\\\/\\\/villahullu.fi\\\/en\\\/#website\",\"url\":\"https:\\\/\\\/villahullu.fi\\\/en\\\/\",\"name\":\"Villahullu\",\"description\":\"Villapaitoja ja neulontaohjeita\",\"publisher\":{\"@id\":\"https:\\\/\\\/villahullu.fi\\\/en\\\/#organization\"},\"potentialAction\":[{\"@type\":\"SearchAction\",\"target\":{\"@type\":\"EntryPoint\",\"urlTemplate\":\"https:\\\/\\\/villahullu.fi\\\/en\\\/?s={search_term_string}\"},\"query-input\":{\"@type\":\"PropertyValueSpecification\",\"valueRequired\":true,\"valueName\":\"search_term_string\"}}],\"inLanguage\":\"en-US\"},{\"@type\":\"Organization\",\"@id\":\"https:\\\/\\\/villahullu.fi\\\/en\\\/#organization\",\"name\":\"Villahullu\",\"url\":\"https:\\\/\\\/villahullu.fi\\\/en\\\/\",\"logo\":{\"@type\":\"ImageObject\",\"inLanguage\":\"en-US\",\"@id\":\"https:\\\/\\\/villahullu.fi\\\/en\\\/#\\\/schema\\\/logo\\\/image\\\/\",\"url\":\"https:\\\/\\\/villahullu.fi\\\/wp-content\\\/uploads\\\/2021\\\/06\\\/logo.png\",\"contentUrl\":\"https:\\\/\\\/villahullu.fi\\\/wp-content\\\/uploads\\\/2021\\\/06\\\/logo.png\",\"width\":374,\"height\":98,\"caption\":\"Villahullu\"},\"image\":{\"@id\":\"https:\\\/\\\/villahullu.fi\\\/en\\\/#\\\/schema\\\/logo\\\/image\\\/\"},\"sameAs\":[\"https:\\\/\\\/www.facebook.com\\\/villahullu\\\/\",\"https:\\\/\\\/www.instagram.com\\\/villahullu\\\/\"]}]}<\/script>\n<!-- \/ Yoast SEO plugin. -->","yoast_head_json":{"title":"Rautuneule ohje \/ knit pattern (FI, EN\/US, NO) - Villahullu","robots":{"index":"index","follow":"follow","max-snippet":"max-snippet:-1","max-image-preview":"max-image-preview:large","max-video-preview":"max-video-preview:-1"},"canonical":"https:\/\/villahullu.fi\/en\/product\/rautuneule-ohje-knit-pattern-fi-en-us-no\/","og_locale":"en_US","og_type":"article","og_title":"Rautuneule ohje \/ knit pattern (FI, EN\/US, NO) - Villahullu","og_description":"Neuleohje on ladattavissa heti maksusuorituksen j\u00e4lkeen tilauksen yhteydess\u00e4 ilmoittamastasi s\u00e4hk\u00f6postiosoitteesta. (Tarkastathan my\u00f6s roskapostikansion.) Ohjeen toimitus tapahtuu ainoastaan s\u00e4hk\u00f6isesti, eik\u00e4 sit\u00e4 l\u00e4hetet\u00e4 erikseen postitse. On suositeltavaa, ett\u00e4 ohje tallennetaan heti omalle laitteelle. Knit pattern can be downloaded immediately after payment from the e-mail you provided with your order. (Remember to check also the junk mail folder.) [&hellip;]","og_url":"https:\/\/villahullu.fi\/en\/product\/rautuneule-ohje-knit-pattern-fi-en-us-no\/","og_site_name":"Villahullu","article_publisher":"https:\/\/www.facebook.com\/villahullu\/","article_modified_time":"2024-09-01T06:23:13+00:00","og_image":[{"width":940,"height":788,"url":"https:\/\/villahullu.fi\/wp-content\/uploads\/2023\/02\/Rautuneule.png","type":"image\/png"}],"twitter_card":"summary_large_image","twitter_misc":{"Est. reading time":"7 minutes"},"schema":{"@context":"https:\/\/schema.org","@graph":[{"@type":"WebPage","@id":"https:\/\/villahullu.fi\/en\/product\/rautuneule-ohje-knit-pattern-fi-en-us-no\/","url":"https:\/\/villahullu.fi\/en\/product\/rautuneule-ohje-knit-pattern-fi-en-us-no\/","name":"Rautuneule ohje \/ knit pattern (FI, EN\/US, NO) - Villahullu","isPartOf":{"@id":"https:\/\/villahullu.fi\/en\/#website"},"primaryImageOfPage":{"@id":"https:\/\/villahullu.fi\/en\/product\/rautuneule-ohje-knit-pattern-fi-en-us-no\/#primaryimage"},"image":{"@id":"https:\/\/villahullu.fi\/en\/product\/rautuneule-ohje-knit-pattern-fi-en-us-no\/#primaryimage"},"thumbnailUrl":"https:\/\/villahullu.fi\/wp-content\/uploads\/2023\/02\/Rautuneule.png","datePublished":"2023-02-02T11:35:17+00:00","dateModified":"2024-09-01T06:23:13+00:00","breadcrumb":{"@id":"https:\/\/villahullu.fi\/en\/product\/rautuneule-ohje-knit-pattern-fi-en-us-no\/#breadcrumb"},"inLanguage":"en-US","potentialAction":[{"@type":"ReadAction","target":["https:\/\/villahullu.fi\/en\/product\/rautuneule-ohje-knit-pattern-fi-en-us-no\/"]}]},{"@type":"ImageObject","inLanguage":"en-US","@id":"https:\/\/villahullu.fi\/en\/product\/rautuneule-ohje-knit-pattern-fi-en-us-no\/#primaryimage","url":"https:\/\/villahullu.fi\/wp-content\/uploads\/2023\/02\/Rautuneule.png","contentUrl":"https:\/\/villahullu.fi\/wp-content\/uploads\/2023\/02\/Rautuneule.png","width":940,"height":788},{"@type":"BreadcrumbList","@id":"https:\/\/villahullu.fi\/en\/product\/rautuneule-ohje-knit-pattern-fi-en-us-no\/#breadcrumb","itemListElement":[{"@type":"ListItem","position":1,"name":"Etusivu","item":"https:\/\/villahullu.fi\/en\/"},{"@type":"ListItem","position":2,"name":"Shop","item":"https:\/\/villahullu.fi\/en\/shop\/"},{"@type":"ListItem","position":3,"name":"Rautuneule ohje \/ knit pattern (FI, EN\/US, NO)"}]},{"@type":"WebSite","@id":"https:\/\/villahullu.fi\/en\/#website","url":"https:\/\/villahullu.fi\/en\/","name":"Villahullu","description":"Villapaitoja ja neulontaohjeita","publisher":{"@id":"https:\/\/villahullu.fi\/en\/#organization"},"potentialAction":[{"@type":"SearchAction","target":{"@type":"EntryPoint","urlTemplate":"https:\/\/villahullu.fi\/en\/?s={search_term_string}"},"query-input":{"@type":"PropertyValueSpecification","valueRequired":true,"valueName":"search_term_string"}}],"inLanguage":"en-US"},{"@type":"Organization","@id":"https:\/\/villahullu.fi\/en\/#organization","name":"Villahullu","url":"https:\/\/villahullu.fi\/en\/","logo":{"@type":"ImageObject","inLanguage":"en-US","@id":"https:\/\/villahullu.fi\/en\/#\/schema\/logo\/image\/","url":"https:\/\/villahullu.fi\/wp-content\/uploads\/2021\/06\/logo.png","contentUrl":"https:\/\/villahullu.fi\/wp-content\/uploads\/2021\/06\/logo.png","width":374,"height":98,"caption":"Villahullu"},"image":{"@id":"https:\/\/villahullu.fi\/en\/#\/schema\/logo\/image\/"},"sameAs":["https:\/\/www.facebook.com\/villahullu\/","https:\/\/www.instagram.com\/villahullu\/"]}]}},"jetpack_sharing_enabled":true,"_links":{"self":[{"href":"https:\/\/villahullu.fi\/en\/wp-json\/wp\/v2\/product\/10435","targetHints":{"allow":["GET"]}}],"collection":[{"href":"https:\/\/villahullu.fi\/en\/wp-json\/wp\/v2\/product"}],"about":[{"href":"https:\/\/villahullu.fi\/en\/wp-json\/wp\/v2\/types\/product"}],"replies":[{"embeddable":true,"href":"https:\/\/villahullu.fi\/en\/wp-json\/wp\/v2\/comments?post=10435"}],"wp:featuredmedia":[{"embeddable":true,"href":"https:\/\/villahullu.fi\/en\/wp-json\/wp\/v2\/media\/10454"}],"wp:attachment":[{"href":"https:\/\/villahullu.fi\/en\/wp-json\/wp\/v2\/media?parent=10435"}],"wp:term":[{"taxonomy":"product_brand","embeddable":true,"href":"https:\/\/villahullu.fi\/en\/wp-json\/wp\/v2\/product_brand?post=10435"},{"taxonomy":"product_cat","embeddable":true,"href":"https:\/\/villahullu.fi\/en\/wp-json\/wp\/v2\/product_cat?post=10435"},{"taxonomy":"product_tag","embeddable":true,"href":"https:\/\/villahullu.fi\/en\/wp-json\/wp\/v2\/product_tag?post=10435"}],"curies":[{"name":"wp","href":"https:\/\/api.w.org\/{rel}","templated":true}]}}