{"id":10001,"date":"2023-01-17T10:10:52","date_gmt":"2023-01-17T08:10:52","guid":{"rendered":"https:\/\/villahullu.fi\/?post_type=product&#038;p=10001"},"modified":"2024-09-01T09:23:17","modified_gmt":"2024-09-01T06:23:17","slug":"graffisetti-ohje-fi","status":"publish","type":"product","link":"https:\/\/villahullu.fi\/en\/product\/graffisetti-ohje-fi\/","title":{"rendered":"Graffisukat ja Graffitumput neuleohje (FI)"},"content":{"rendered":"<p><img loading=\"lazy\" decoding=\"async\" class=\"alignnone size-medium wp-image-10008\" src=\"https:\/\/villahullu.fi\/wp-content\/uploads\/2023\/01\/IMG_20221231_141003_280-240x300.jpg\" alt=\"\" width=\"240\" height=\"300\" \/><img loading=\"lazy\" decoding=\"async\" class=\"alignnone size-medium wp-image-10002\" src=\"https:\/\/villahullu.fi\/wp-content\/uploads\/2023\/01\/IMG_20221231_134826-225x300.jpg\" alt=\"\" width=\"225\" height=\"300\" \/> <img loading=\"lazy\" decoding=\"async\" class=\"alignnone size-medium wp-image-10004\" src=\"https:\/\/villahullu.fi\/wp-content\/uploads\/2023\/01\/IMG_20221231_134904-225x300.jpg\" alt=\"\" width=\"225\" height=\"300\" \/><\/p>\n<p><strong><em>Neuleohje on ladattavissa heti maksusuorituksen j\u00e4lkeen tilauksen yhteydess\u00e4 ilmoittamastasi s\u00e4hk\u00f6postiosoitteesta. (Tarkastathan my\u00f6s roskapostikansion.) Ohjeen toimitus tapahtuu ainoastaan s\u00e4hk\u00f6isesti, eik\u00e4 sit\u00e4 l\u00e4hetet\u00e4 erikseen postitse. On suositeltavaa, ett\u00e4 ohje tallennetaan heti omalle laitteelle.<\/em><\/strong><\/p>\n<p><strong>Samassa tiedostosta l\u00f6ytyv\u00e4t ohjeet Graffisukille sek\u00e4 Graffitumpuille<\/strong><\/p>\n<h2><strong>Graffisukat<\/strong><\/h2>\n<p><strong>Koot<\/strong> <strong>(S)30 (M)38 (L)46 <\/strong>(keng\u00e4nnumero)<\/p>\n<p>Pohkeen ymp\u00e4rys valmiissa sukassa (S)26,5 (M)30,5 (L)34 cm<\/p>\n<p><strong>Langan menekki <\/strong>7 Veljest\u00e4 100 g ker\u00e4<\/p>\n<p>P\u00e4\u00e4v\u00e4ri 010 Off-white 2 kpl (kaikki koot)<\/p>\n<p>A 099 Black 1 kpl (kaikki koot)<\/p>\n<p>B 288 Spike 1 kpl (kaikki koot)<\/p>\n<p>Annettu lankam\u00e4\u00e4r\u00e4 saattaa tehdyst\u00e4 koosta riippuen riitt\u00e4\u00e4 my\u00f6s graffitumppujen neulomiseen.<\/p>\n<p><strong>Neuletiheys <\/strong>10 cm = 21 s sile\u00e4\u00e4 neuletta<\/p>\n<p><strong>Puikot <\/strong>Sukkapuikot 3,5 mm tai k\u00e4sialan mukaan<\/p>\n<p><strong>Ty\u00f6ohje <\/strong>Sukat neulotaan varresta aloittaen.<\/p>\n<h2><strong>Graffitumput<\/strong><\/h2>\n<p><strong>Koot<\/strong> <strong>(S)siro k\u00e4si (L)iso k\u00e4si <\/strong>(aikuisten kokoja)<\/p>\n<p><strong>Langan menekki <\/strong>7 Veljest\u00e4 100 g ker\u00e4<\/p>\n<p>P\u00e4\u00e4v\u00e4ri 010 Off-white 1 kpl (molemmat koot)<\/p>\n<p>A 099 Black 1 kpl (kaikki koot)<\/p>\n<p>B 288 Spike 1 kpl (kaikki koot)<\/p>\n<p>Annettu lankam\u00e4\u00e4r\u00e4 saattaa tehdyst\u00e4 koosta riippuen riitt\u00e4\u00e4 my\u00f6s graffisukkien neulomiseen.<\/p>\n<p><strong>Neuletiheys <\/strong>10 cm = 21 s sile\u00e4\u00e4 neuletta<\/p>\n<p><strong>Puikot <\/strong>Sukkapuikot 3,5 mm tai k\u00e4sialan mukaan<\/p>\n<p>Jos haluat neuloa v\u00e4limallin koon, voit neuloa isommilla puikoilla koon S tai pienemmill\u00e4 puikoilla koon L.<\/p>\n<p><strong>Ty\u00f6ohje<\/strong><\/p>\n<p>Tumput neulotaan varresta aloittaen.<\/p>\n","protected":false},"excerpt":{"rendered":"<p>Neuleohje on ladattavissa heti maksusuorituksen j\u00e4lkeen tilauksen yhteydess\u00e4 ilmoittamastasi s\u00e4hk\u00f6postiosoitteesta. (Tarkastathan my\u00f6s roskapostikansion.) Ohjeen toimitus tapahtuu ainoastaan s\u00e4hk\u00f6isesti, eik\u00e4 sit\u00e4 l\u00e4hetet\u00e4 erikseen postitse. On suositeltavaa, ett\u00e4 ohje tallennetaan heti omalle laitteelle. Samassa tiedostosta l\u00f6ytyv\u00e4t ohjeet Graffisukille sek\u00e4 Graffitumpuille Graffisukat Koot (S)30 (M)38 (L)46 (keng\u00e4nnumero) Pohkeen ymp\u00e4rys valmiissa sukassa (S)26,5 (M)30,5 (L)34 cm Langan menekki 7 [&hellip;]<\/p>\n","protected":false},"featured_media":10014,"comment_status":"closed","ping_status":"closed","template":"","meta":{"_et_pb_use_builder":"","_et_pb_old_content":"","_et_gb_content_width":""},"product_brand":[],"product_cat":[22],"product_tag":[],"class_list":{"0":"post-10001","1":"product","2":"type-product","3":"status-publish","4":"has-post-thumbnail","6":"product_cat-neuleohjeet","7":"product_shipping_class-pdf","9":"first","10":"instock","11":"downloadable","12":"taxable","13":"shipping-taxable","14":"purchasable","15":"product-type-simple"},"yoast_head":"<!-- This site is optimized with the Yoast SEO plugin v27.4 - https:\/\/yoast.com\/product\/yoast-seo-wordpress\/ -->\n<title>Graffisukat ja Graffitumput neuleohje (FI) - Villahullu<\/title>\n<meta name=\"robots\" content=\"index, follow, max-snippet:-1, max-image-preview:large, max-video-preview:-1\" \/>\n<link rel=\"canonical\" href=\"https:\/\/villahullu.fi\/en\/product\/graffisetti-ohje-fi\/\" \/>\n<meta property=\"og:locale\" content=\"en_US\" \/>\n<meta property=\"og:type\" content=\"article\" \/>\n<meta property=\"og:title\" content=\"Graffisukat ja Graffitumput neuleohje (FI) - Villahullu\" \/>\n<meta property=\"og:description\" content=\"Neuleohje on ladattavissa heti maksusuorituksen j\u00e4lkeen tilauksen yhteydess\u00e4 ilmoittamastasi s\u00e4hk\u00f6postiosoitteesta. (Tarkastathan my\u00f6s roskapostikansion.) Ohjeen toimitus tapahtuu ainoastaan s\u00e4hk\u00f6isesti, eik\u00e4 sit\u00e4 l\u00e4hetet\u00e4 erikseen postitse. On suositeltavaa, ett\u00e4 ohje tallennetaan heti omalle laitteelle. Samassa tiedostosta l\u00f6ytyv\u00e4t ohjeet Graffisukille sek\u00e4 Graffitumpuille Graffisukat Koot (S)30 (M)38 (L)46 (keng\u00e4nnumero) Pohkeen ymp\u00e4rys valmiissa sukassa (S)26,5 (M)30,5 (L)34 cm Langan menekki 7 [&hellip;]\" \/>\n<meta property=\"og:url\" content=\"https:\/\/villahullu.fi\/en\/product\/graffisetti-ohje-fi\/\" \/>\n<meta property=\"og:site_name\" content=\"Villahullu\" \/>\n<meta property=\"article:publisher\" content=\"https:\/\/www.facebook.com\/villahullu\/\" \/>\n<meta property=\"article:modified_time\" content=\"2024-09-01T06:23:17+00:00\" \/>\n<meta property=\"og:image\" content=\"https:\/\/villahullu.fi\/wp-content\/uploads\/2023\/01\/Graffisetti-ohje.jpg\" \/>\n\t<meta property=\"og:image:width\" content=\"940\" \/>\n\t<meta property=\"og:image:height\" content=\"788\" \/>\n\t<meta property=\"og:image:type\" content=\"image\/jpeg\" \/>\n<meta name=\"twitter:card\" content=\"summary_large_image\" \/>\n<meta name=\"twitter:label1\" content=\"Est. reading time\" \/>\n\t<meta name=\"twitter:data1\" content=\"2 minutes\" \/>\n<script type=\"application\/ld+json\" class=\"yoast-schema-graph\">{\"@context\":\"https:\\\/\\\/schema.org\",\"@graph\":[{\"@type\":\"WebPage\",\"@id\":\"https:\\\/\\\/villahullu.fi\\\/en\\\/product\\\/graffisetti-ohje-fi\\\/\",\"url\":\"https:\\\/\\\/villahullu.fi\\\/en\\\/product\\\/graffisetti-ohje-fi\\\/\",\"name\":\"Graffisukat ja Graffitumput neuleohje (FI) - Villahullu\",\"isPartOf\":{\"@id\":\"https:\\\/\\\/villahullu.fi\\\/en\\\/#website\"},\"primaryImageOfPage\":{\"@id\":\"https:\\\/\\\/villahullu.fi\\\/en\\\/product\\\/graffisetti-ohje-fi\\\/#primaryimage\"},\"image\":{\"@id\":\"https:\\\/\\\/villahullu.fi\\\/en\\\/product\\\/graffisetti-ohje-fi\\\/#primaryimage\"},\"thumbnailUrl\":\"https:\\\/\\\/villahullu.fi\\\/wp-content\\\/uploads\\\/2023\\\/01\\\/Graffisetti-ohje.jpg\",\"datePublished\":\"2023-01-17T08:10:52+00:00\",\"dateModified\":\"2024-09-01T06:23:17+00:00\",\"breadcrumb\":{\"@id\":\"https:\\\/\\\/villahullu.fi\\\/en\\\/product\\\/graffisetti-ohje-fi\\\/#breadcrumb\"},\"inLanguage\":\"en-US\",\"potentialAction\":[{\"@type\":\"ReadAction\",\"target\":[\"https:\\\/\\\/villahullu.fi\\\/en\\\/product\\\/graffisetti-ohje-fi\\\/\"]}]},{\"@type\":\"ImageObject\",\"inLanguage\":\"en-US\",\"@id\":\"https:\\\/\\\/villahullu.fi\\\/en\\\/product\\\/graffisetti-ohje-fi\\\/#primaryimage\",\"url\":\"https:\\\/\\\/villahullu.fi\\\/wp-content\\\/uploads\\\/2023\\\/01\\\/Graffisetti-ohje.jpg\",\"contentUrl\":\"https:\\\/\\\/villahullu.fi\\\/wp-content\\\/uploads\\\/2023\\\/01\\\/Graffisetti-ohje.jpg\",\"width\":940,\"height\":788},{\"@type\":\"BreadcrumbList\",\"@id\":\"https:\\\/\\\/villahullu.fi\\\/en\\\/product\\\/graffisetti-ohje-fi\\\/#breadcrumb\",\"itemListElement\":[{\"@type\":\"ListItem\",\"position\":1,\"name\":\"Etusivu\",\"item\":\"https:\\\/\\\/villahullu.fi\\\/en\\\/\"},{\"@type\":\"ListItem\",\"position\":2,\"name\":\"Shop\",\"item\":\"https:\\\/\\\/villahullu.fi\\\/en\\\/shop\\\/\"},{\"@type\":\"ListItem\",\"position\":3,\"name\":\"Graffisukat ja Graffitumput neuleohje (FI)\"}]},{\"@type\":\"WebSite\",\"@id\":\"https:\\\/\\\/villahullu.fi\\\/en\\\/#website\",\"url\":\"https:\\\/\\\/villahullu.fi\\\/en\\\/\",\"name\":\"Villahullu\",\"description\":\"Villapaitoja ja neulontaohjeita\",\"publisher\":{\"@id\":\"https:\\\/\\\/villahullu.fi\\\/en\\\/#organization\"},\"potentialAction\":[{\"@type\":\"SearchAction\",\"target\":{\"@type\":\"EntryPoint\",\"urlTemplate\":\"https:\\\/\\\/villahullu.fi\\\/en\\\/?s={search_term_string}\"},\"query-input\":{\"@type\":\"PropertyValueSpecification\",\"valueRequired\":true,\"valueName\":\"search_term_string\"}}],\"inLanguage\":\"en-US\"},{\"@type\":\"Organization\",\"@id\":\"https:\\\/\\\/villahullu.fi\\\/en\\\/#organization\",\"name\":\"Villahullu\",\"url\":\"https:\\\/\\\/villahullu.fi\\\/en\\\/\",\"logo\":{\"@type\":\"ImageObject\",\"inLanguage\":\"en-US\",\"@id\":\"https:\\\/\\\/villahullu.fi\\\/en\\\/#\\\/schema\\\/logo\\\/image\\\/\",\"url\":\"https:\\\/\\\/villahullu.fi\\\/wp-content\\\/uploads\\\/2021\\\/06\\\/logo.png\",\"contentUrl\":\"https:\\\/\\\/villahullu.fi\\\/wp-content\\\/uploads\\\/2021\\\/06\\\/logo.png\",\"width\":374,\"height\":98,\"caption\":\"Villahullu\"},\"image\":{\"@id\":\"https:\\\/\\\/villahullu.fi\\\/en\\\/#\\\/schema\\\/logo\\\/image\\\/\"},\"sameAs\":[\"https:\\\/\\\/www.facebook.com\\\/villahullu\\\/\",\"https:\\\/\\\/www.instagram.com\\\/villahullu\\\/\"]}]}<\/script>\n<!-- \/ Yoast SEO plugin. -->","yoast_head_json":{"title":"Graffisukat ja Graffitumput neuleohje (FI) - Villahullu","robots":{"index":"index","follow":"follow","max-snippet":"max-snippet:-1","max-image-preview":"max-image-preview:large","max-video-preview":"max-video-preview:-1"},"canonical":"https:\/\/villahullu.fi\/en\/product\/graffisetti-ohje-fi\/","og_locale":"en_US","og_type":"article","og_title":"Graffisukat ja Graffitumput neuleohje (FI) - Villahullu","og_description":"Neuleohje on ladattavissa heti maksusuorituksen j\u00e4lkeen tilauksen yhteydess\u00e4 ilmoittamastasi s\u00e4hk\u00f6postiosoitteesta. (Tarkastathan my\u00f6s roskapostikansion.) Ohjeen toimitus tapahtuu ainoastaan s\u00e4hk\u00f6isesti, eik\u00e4 sit\u00e4 l\u00e4hetet\u00e4 erikseen postitse. On suositeltavaa, ett\u00e4 ohje tallennetaan heti omalle laitteelle. Samassa tiedostosta l\u00f6ytyv\u00e4t ohjeet Graffisukille sek\u00e4 Graffitumpuille Graffisukat Koot (S)30 (M)38 (L)46 (keng\u00e4nnumero) Pohkeen ymp\u00e4rys valmiissa sukassa (S)26,5 (M)30,5 (L)34 cm Langan menekki 7 [&hellip;]","og_url":"https:\/\/villahullu.fi\/en\/product\/graffisetti-ohje-fi\/","og_site_name":"Villahullu","article_publisher":"https:\/\/www.facebook.com\/villahullu\/","article_modified_time":"2024-09-01T06:23:17+00:00","og_image":[{"width":940,"height":788,"url":"https:\/\/villahullu.fi\/wp-content\/uploads\/2023\/01\/Graffisetti-ohje.jpg","type":"image\/jpeg"}],"twitter_card":"summary_large_image","twitter_misc":{"Est. reading time":"2 minutes"},"schema":{"@context":"https:\/\/schema.org","@graph":[{"@type":"WebPage","@id":"https:\/\/villahullu.fi\/en\/product\/graffisetti-ohje-fi\/","url":"https:\/\/villahullu.fi\/en\/product\/graffisetti-ohje-fi\/","name":"Graffisukat ja Graffitumput neuleohje (FI) - Villahullu","isPartOf":{"@id":"https:\/\/villahullu.fi\/en\/#website"},"primaryImageOfPage":{"@id":"https:\/\/villahullu.fi\/en\/product\/graffisetti-ohje-fi\/#primaryimage"},"image":{"@id":"https:\/\/villahullu.fi\/en\/product\/graffisetti-ohje-fi\/#primaryimage"},"thumbnailUrl":"https:\/\/villahullu.fi\/wp-content\/uploads\/2023\/01\/Graffisetti-ohje.jpg","datePublished":"2023-01-17T08:10:52+00:00","dateModified":"2024-09-01T06:23:17+00:00","breadcrumb":{"@id":"https:\/\/villahullu.fi\/en\/product\/graffisetti-ohje-fi\/#breadcrumb"},"inLanguage":"en-US","potentialAction":[{"@type":"ReadAction","target":["https:\/\/villahullu.fi\/en\/product\/graffisetti-ohje-fi\/"]}]},{"@type":"ImageObject","inLanguage":"en-US","@id":"https:\/\/villahullu.fi\/en\/product\/graffisetti-ohje-fi\/#primaryimage","url":"https:\/\/villahullu.fi\/wp-content\/uploads\/2023\/01\/Graffisetti-ohje.jpg","contentUrl":"https:\/\/villahullu.fi\/wp-content\/uploads\/2023\/01\/Graffisetti-ohje.jpg","width":940,"height":788},{"@type":"BreadcrumbList","@id":"https:\/\/villahullu.fi\/en\/product\/graffisetti-ohje-fi\/#breadcrumb","itemListElement":[{"@type":"ListItem","position":1,"name":"Etusivu","item":"https:\/\/villahullu.fi\/en\/"},{"@type":"ListItem","position":2,"name":"Shop","item":"https:\/\/villahullu.fi\/en\/shop\/"},{"@type":"ListItem","position":3,"name":"Graffisukat ja Graffitumput neuleohje (FI)"}]},{"@type":"WebSite","@id":"https:\/\/villahullu.fi\/en\/#website","url":"https:\/\/villahullu.fi\/en\/","name":"Villahullu","description":"Villapaitoja ja neulontaohjeita","publisher":{"@id":"https:\/\/villahullu.fi\/en\/#organization"},"potentialAction":[{"@type":"SearchAction","target":{"@type":"EntryPoint","urlTemplate":"https:\/\/villahullu.fi\/en\/?s={search_term_string}"},"query-input":{"@type":"PropertyValueSpecification","valueRequired":true,"valueName":"search_term_string"}}],"inLanguage":"en-US"},{"@type":"Organization","@id":"https:\/\/villahullu.fi\/en\/#organization","name":"Villahullu","url":"https:\/\/villahullu.fi\/en\/","logo":{"@type":"ImageObject","inLanguage":"en-US","@id":"https:\/\/villahullu.fi\/en\/#\/schema\/logo\/image\/","url":"https:\/\/villahullu.fi\/wp-content\/uploads\/2021\/06\/logo.png","contentUrl":"https:\/\/villahullu.fi\/wp-content\/uploads\/2021\/06\/logo.png","width":374,"height":98,"caption":"Villahullu"},"image":{"@id":"https:\/\/villahullu.fi\/en\/#\/schema\/logo\/image\/"},"sameAs":["https:\/\/www.facebook.com\/villahullu\/","https:\/\/www.instagram.com\/villahullu\/"]}]}},"jetpack_sharing_enabled":true,"_links":{"self":[{"href":"https:\/\/villahullu.fi\/en\/wp-json\/wp\/v2\/product\/10001","targetHints":{"allow":["GET"]}}],"collection":[{"href":"https:\/\/villahullu.fi\/en\/wp-json\/wp\/v2\/product"}],"about":[{"href":"https:\/\/villahullu.fi\/en\/wp-json\/wp\/v2\/types\/product"}],"replies":[{"embeddable":true,"href":"https:\/\/villahullu.fi\/en\/wp-json\/wp\/v2\/comments?post=10001"}],"wp:featuredmedia":[{"embeddable":true,"href":"https:\/\/villahullu.fi\/en\/wp-json\/wp\/v2\/media\/10014"}],"wp:attachment":[{"href":"https:\/\/villahullu.fi\/en\/wp-json\/wp\/v2\/media?parent=10001"}],"wp:term":[{"taxonomy":"product_brand","embeddable":true,"href":"https:\/\/villahullu.fi\/en\/wp-json\/wp\/v2\/product_brand?post=10001"},{"taxonomy":"product_cat","embeddable":true,"href":"https:\/\/villahullu.fi\/en\/wp-json\/wp\/v2\/product_cat?post=10001"},{"taxonomy":"product_tag","embeddable":true,"href":"https:\/\/villahullu.fi\/en\/wp-json\/wp\/v2\/product_tag?post=10001"}],"curies":[{"name":"wp","href":"https:\/\/api.w.org\/{rel}","templated":true}]}}