{"id":705,"date":"2021-09-08T13:25:13","date_gmt":"2021-09-08T10:25:13","guid":{"rendered":"https:\/\/villahullu.fi\/terms-of-delivery\/"},"modified":"2024-04-03T16:02:42","modified_gmt":"2024-04-03T13:02:42","slug":"terms-of-delivery","status":"publish","type":"page","link":"https:\/\/villahullu.fi\/en\/terms-of-delivery\/","title":{"rendered":"Terms of delivery"},"content":{"rendered":"<p>[et_pb_section fb_built=&#8221;1&#8243; _builder_version=&#8221;4.16&#8243; _module_preset=&#8221;default&#8221; background_color=&#8221;#FFFDFC&#8221; custom_padding=&#8221;|0px||||&#8221; global_colors_info=&#8221;{}&#8221;][et_pb_row _builder_version=&#8221;4.16&#8243; _module_preset=&#8221;default&#8221; global_colors_info=&#8221;{}&#8221;][et_pb_column type=&#8221;4_4&#8243; _builder_version=&#8221;4.16&#8243; _module_preset=&#8221;default&#8221; global_colors_info=&#8221;{}&#8221;][et_pb_text _builder_version=&#8221;4.16&#8243; _module_preset=&#8221;default&#8221; header_text_color=&#8221;#E3CFC5&#8243; header_font_size=&#8221;80px&#8221; text_orientation=&#8221;center&#8221; text_orientation_tablet=&#8221;center&#8221; text_orientation_last_edited=&#8221;off|desktop&#8221; global_colors_info=&#8221;{}&#8221;]<\/p>\n<h1>Terms of delivery<\/h1>\n<p>[\/et_pb_text][\/et_pb_column][\/et_pb_row][et_pb_row _builder_version=&#8221;4.16&#8243; _module_preset=&#8221;default&#8221; global_colors_info=&#8221;{}&#8221;][et_pb_column type=&#8221;4_4&#8243; _builder_version=&#8221;4.16&#8243; _module_preset=&#8221;default&#8221; global_colors_info=&#8221;{}&#8221;][et_pb_text _builder_version=&#8221;4.16&#8243; _module_preset=&#8221;default&#8221; global_colors_info=&#8221;{}&#8221;]<\/p>\n<p>Tmi Heli Nikula (y-tunnus 3202902-7) sells products to private persons in Finland and abroad. We reserve all rights to change the terms and conditions, and the prices. All prices include the VAT.<\/p>\n<p><strong>Contact us<\/strong><\/p>\n<p>E-mail: info@villahullu.fi<\/p>\n<p><strong>Orders<\/strong><\/p>\n<p>Orders are collected from the online shop by adding the products to the shopping cart. The order is confirmed by using the check-out functionality of the online shop to pay for the order. By confirming an order, you accept these terms and conditions, product pricing and shipping costs. An e-mail confirmation will be delivered in case an e-mail address is provided by the time of confirming the order. The e-mail confirmation lists the products ordered and the price breakdown.<\/p>\n<p><strong>Payments<\/strong><\/p>\n<p>Visma Pay (Paybyway Oy, business-id FI24865594) is the payment facilitator of the online shop. Paybyway Oy is a payment facilitator authorized by the Financial Supervisory Authority of Finland. The payment process is conducted in the online service of Visma Pay. Visma Pay or Paybyway Oy is shown as the receiver of your payment in the bank account listing and in your invoice. Paying with Visma Pay is safe. All information is exchanged through secured connections.<\/p>\n<p>The trade happens between the online customer and the online shop. The online shop is responsible for all obligations related to the trade.<\/p>\n<p>Read more about Visma Pay: https:\/\/www.visma.fi\/vismapay\/<\/p>\n<p><strong>Payment methods<\/strong><\/p>\n<p>With Visma Pay you can pay your order by an internet banking account, a wallet, a payment card (credit\/debit), an invoice or a partial payment. The following methods of payment are supported: Osuuspankki, Nordea, Danske Bank, Oma S\u00e4\u00e4st\u00f6pankki, S\u00e4\u00e4st\u00f6pankki, Aktia, Paikallisosuuspankit, S-Pankki, Handelsbanken, \u00c5landsbanken, Jousto, Enterpay Company Invoice, MobilePay, Masterpass, Pivo, Visa-, Visa Debit-, Visa Electron-, MasterCard- and Debit MasterCard payment cards.<\/p>\n<p>MobilePay: You can pay with your MobilePay wallet if you have allowed online payments in the settings of the MobilePay application. Payment via MobilePay takes place directly from the payment card linked to MobilePay. If charging the payment from the linked card fails, MobilePay can not be used in the online shop.<\/p>\n<p>Pivo: Terms and conditions of Pivo can be found here: https:\/\/pivo.fi\/kayttoehdot\/pivon-kayttoehdot\/<\/p>\n<p>Jousto invoice and part-payment is a Finnish service for making purchases quickly and safely. Jousto is for private persons having their economy in balance. With Jousto you will get 30 days time to pay without interest or expenses. After you have received an invoice, you can decide to pay it at once or in parts. You can pay our purchase in up to 36 parts, starting from 9,90 eur\/month. Expenses for Jousto part-payment are 3,90 eur\/month and 19,90% interest. With Jousto you can pay purchases from 30 to 3000 eur. Aurajoki Nordic Oy issues the credit. Read more from www.jousto.com.<\/p>\n<p><strong>Contact Visma Pay<\/strong><\/p>\n<p>Visma Pay, Paybyway Oy (business-id FI24865594)<br \/>E-mail: helpdesk@vismapay.com<br \/>Telephone: +358 9 315 42 037 (workdays 8-16)<br \/>Address: Laserkatu 6, 53850 Lappeenranta, Finland<\/p>\n<p><strong>Delivery method \/ time and costs<\/strong><\/p>\n<p>Knitting patterns can be downloaded immediately after payment from the e-mail you provided with your order. There is no delivery fee for purchasing the patterns. The patterns are delivered only electronically and are not sent separately by post. You can see the delivery costs of the physical products after selecting the payment and delivery method. The delivery time of the products to Finland is 1-6 working days, depending on the time of the order and the Post. We are not responsible for any delays caused by the Post Office or for any indirect inconvenience caused by the delays.<\/p>\n<p>Please ask for international shipping costs by email <a href=\"mailto:info@villahullu.fi\">info @ villahullu.fi<\/a> For shipments abroad, payment by Paypal.<\/p>\n<p>Knit pattern includes one color palette. The one that is mentioned in the pattern description.<\/p>\n<p><strong>Copyright<\/strong><\/p>\n<p>Commercial exploitation, partial or complete copying of the files and transfer to third parties is strictly prohibited.<\/p>\n<p style=\"font-weight: 400;\"><strong>Cancellation and refund policy<\/strong><\/p>\n<p style=\"font-weight: 400;\"><span>Under the Consumer Protection Act, you have the right to cancel your order within 14 days of receiving it. The cancellation must be made in writing to info @ villahullu. fi. <\/span><span>This notice of cancellation must include the customer\u2019s name, address, order date and name of the product they wish to return. <\/span><\/p>\n<p style=\"font-weight: 400;\"><span>The product must be returned via post in its original condition within 14 days after the notice of cancellation has been sent. You will receive a return address after sending the notice. If the product has been worn or otherwise damaged in any way and is thus not in its original condition, we reserve the right not to issue a refund for it. The customer must pay for the return shipping. Please attach a copy of the notice of cancellation to your return parcel. <\/span><\/p>\n<p style=\"font-weight: 400;\"><span>We will refund the full amount you have paid as soon as the product has been returned to us and it has been inspected.\u00a0 <\/span><\/p>\n<p style=\"font-weight: 400;\"><span>This cancellation and refund policy does not cover digital product that has been downloaded.<\/span><\/p>\n<p>&nbsp;<\/p>\n<p>&nbsp;<\/p>\n<p>[\/et_pb_text][\/et_pb_column][\/et_pb_row][\/et_pb_section]<\/p>\n","protected":false},"excerpt":{"rendered":"<p>Terms of deliveryTmi Heli Nikula (y-tunnus 3202902-7) sells products to private persons in Finland and abroad. We reserve all rights to change the terms and conditions, and the prices. All prices include the VAT. Contact us E-mail: info@villahullu.fi Orders Orders are collected from the online shop by adding the products to the shopping cart. The [&hellip;]<\/p>\n","protected":false},"author":1,"featured_media":0,"parent":0,"menu_order":0,"comment_status":"closed","ping_status":"closed","template":"","meta":{"_et_pb_use_builder":"on","_et_pb_old_content":"","_et_gb_content_width":"","footnotes":""},"class_list":["post-705","page","type-page","status-publish","hentry"],"yoast_head":"<!-- This site is optimized with the Yoast SEO plugin v27.4 - https:\/\/yoast.com\/product\/yoast-seo-wordpress\/ -->\n<title>Terms of delivery - Villahullu<\/title>\n<meta name=\"description\" content=\"K\u00e4sintehtyj\u00e4 islantilaisneuleita ja neulontaohjeita on tilattavissa suoraan verkkokaupastani. Tervetuloa tutustumaan ja tilaamaan!\" \/>\n<meta name=\"robots\" content=\"index, follow, max-snippet:-1, max-image-preview:large, max-video-preview:-1\" \/>\n<link rel=\"canonical\" href=\"https:\/\/villahullu.fi\/en\/terms-of-delivery\/\" \/>\n<meta property=\"og:locale\" content=\"en_US\" \/>\n<meta property=\"og:type\" content=\"article\" \/>\n<meta property=\"og:title\" content=\"Terms of delivery - Villahullu\" \/>\n<meta property=\"og:description\" content=\"K\u00e4sintehtyj\u00e4 islantilaisneuleita ja neulontaohjeita on tilattavissa suoraan verkkokaupastani. Tervetuloa tutustumaan ja tilaamaan!\" \/>\n<meta property=\"og:url\" content=\"https:\/\/villahullu.fi\/en\/terms-of-delivery\/\" \/>\n<meta property=\"og:site_name\" content=\"Villahullu\" \/>\n<meta property=\"article:publisher\" content=\"https:\/\/www.facebook.com\/villahullu\/\" \/>\n<meta property=\"article:modified_time\" content=\"2024-04-03T13:02:42+00:00\" \/>\n<meta name=\"twitter:card\" content=\"summary_large_image\" \/>\n<meta name=\"twitter:label1\" content=\"Est. reading time\" \/>\n\t<meta name=\"twitter:data1\" content=\"5 minutes\" \/>\n<script type=\"application\/ld+json\" class=\"yoast-schema-graph\">{\"@context\":\"https:\\\/\\\/schema.org\",\"@graph\":[{\"@type\":\"WebPage\",\"@id\":\"https:\\\/\\\/villahullu.fi\\\/en\\\/terms-of-delivery\\\/\",\"url\":\"https:\\\/\\\/villahullu.fi\\\/en\\\/terms-of-delivery\\\/\",\"name\":\"Terms of delivery - Villahullu\",\"isPartOf\":{\"@id\":\"https:\\\/\\\/villahullu.fi\\\/en\\\/#website\"},\"datePublished\":\"2021-09-08T10:25:13+00:00\",\"dateModified\":\"2024-04-03T13:02:42+00:00\",\"description\":\"K\u00e4sintehtyj\u00e4 islantilaisneuleita ja neulontaohjeita on tilattavissa suoraan verkkokaupastani. Tervetuloa tutustumaan ja tilaamaan!\",\"breadcrumb\":{\"@id\":\"https:\\\/\\\/villahullu.fi\\\/en\\\/terms-of-delivery\\\/#breadcrumb\"},\"inLanguage\":\"en-US\",\"potentialAction\":[{\"@type\":\"ReadAction\",\"target\":[\"https:\\\/\\\/villahullu.fi\\\/en\\\/terms-of-delivery\\\/\"]}]},{\"@type\":\"BreadcrumbList\",\"@id\":\"https:\\\/\\\/villahullu.fi\\\/en\\\/terms-of-delivery\\\/#breadcrumb\",\"itemListElement\":[{\"@type\":\"ListItem\",\"position\":1,\"name\":\"Etusivu\",\"item\":\"https:\\\/\\\/villahullu.fi\\\/en\\\/\"},{\"@type\":\"ListItem\",\"position\":2,\"name\":\"Terms of delivery\"}]},{\"@type\":\"WebSite\",\"@id\":\"https:\\\/\\\/villahullu.fi\\\/en\\\/#website\",\"url\":\"https:\\\/\\\/villahullu.fi\\\/en\\\/\",\"name\":\"Villahullu\",\"description\":\"Villapaitoja ja neulontaohjeita\",\"publisher\":{\"@id\":\"https:\\\/\\\/villahullu.fi\\\/en\\\/#organization\"},\"potentialAction\":[{\"@type\":\"SearchAction\",\"target\":{\"@type\":\"EntryPoint\",\"urlTemplate\":\"https:\\\/\\\/villahullu.fi\\\/en\\\/?s={search_term_string}\"},\"query-input\":{\"@type\":\"PropertyValueSpecification\",\"valueRequired\":true,\"valueName\":\"search_term_string\"}}],\"inLanguage\":\"en-US\"},{\"@type\":\"Organization\",\"@id\":\"https:\\\/\\\/villahullu.fi\\\/en\\\/#organization\",\"name\":\"Villahullu\",\"url\":\"https:\\\/\\\/villahullu.fi\\\/en\\\/\",\"logo\":{\"@type\":\"ImageObject\",\"inLanguage\":\"en-US\",\"@id\":\"https:\\\/\\\/villahullu.fi\\\/en\\\/#\\\/schema\\\/logo\\\/image\\\/\",\"url\":\"https:\\\/\\\/villahullu.fi\\\/wp-content\\\/uploads\\\/2021\\\/06\\\/logo.png\",\"contentUrl\":\"https:\\\/\\\/villahullu.fi\\\/wp-content\\\/uploads\\\/2021\\\/06\\\/logo.png\",\"width\":374,\"height\":98,\"caption\":\"Villahullu\"},\"image\":{\"@id\":\"https:\\\/\\\/villahullu.fi\\\/en\\\/#\\\/schema\\\/logo\\\/image\\\/\"},\"sameAs\":[\"https:\\\/\\\/www.facebook.com\\\/villahullu\\\/\",\"https:\\\/\\\/www.instagram.com\\\/villahullu\\\/\"]}]}<\/script>\n<!-- \/ Yoast SEO plugin. -->","yoast_head_json":{"title":"Terms of delivery - Villahullu","description":"K\u00e4sintehtyj\u00e4 islantilaisneuleita ja neulontaohjeita on tilattavissa suoraan verkkokaupastani. Tervetuloa tutustumaan ja tilaamaan!","robots":{"index":"index","follow":"follow","max-snippet":"max-snippet:-1","max-image-preview":"max-image-preview:large","max-video-preview":"max-video-preview:-1"},"canonical":"https:\/\/villahullu.fi\/en\/terms-of-delivery\/","og_locale":"en_US","og_type":"article","og_title":"Terms of delivery - Villahullu","og_description":"K\u00e4sintehtyj\u00e4 islantilaisneuleita ja neulontaohjeita on tilattavissa suoraan verkkokaupastani. Tervetuloa tutustumaan ja tilaamaan!","og_url":"https:\/\/villahullu.fi\/en\/terms-of-delivery\/","og_site_name":"Villahullu","article_publisher":"https:\/\/www.facebook.com\/villahullu\/","article_modified_time":"2024-04-03T13:02:42+00:00","twitter_card":"summary_large_image","twitter_misc":{"Est. reading time":"5 minutes"},"schema":{"@context":"https:\/\/schema.org","@graph":[{"@type":"WebPage","@id":"https:\/\/villahullu.fi\/en\/terms-of-delivery\/","url":"https:\/\/villahullu.fi\/en\/terms-of-delivery\/","name":"Terms of delivery - Villahullu","isPartOf":{"@id":"https:\/\/villahullu.fi\/en\/#website"},"datePublished":"2021-09-08T10:25:13+00:00","dateModified":"2024-04-03T13:02:42+00:00","description":"K\u00e4sintehtyj\u00e4 islantilaisneuleita ja neulontaohjeita on tilattavissa suoraan verkkokaupastani. Tervetuloa tutustumaan ja tilaamaan!","breadcrumb":{"@id":"https:\/\/villahullu.fi\/en\/terms-of-delivery\/#breadcrumb"},"inLanguage":"en-US","potentialAction":[{"@type":"ReadAction","target":["https:\/\/villahullu.fi\/en\/terms-of-delivery\/"]}]},{"@type":"BreadcrumbList","@id":"https:\/\/villahullu.fi\/en\/terms-of-delivery\/#breadcrumb","itemListElement":[{"@type":"ListItem","position":1,"name":"Etusivu","item":"https:\/\/villahullu.fi\/en\/"},{"@type":"ListItem","position":2,"name":"Terms of delivery"}]},{"@type":"WebSite","@id":"https:\/\/villahullu.fi\/en\/#website","url":"https:\/\/villahullu.fi\/en\/","name":"Villahullu","description":"Villapaitoja ja neulontaohjeita","publisher":{"@id":"https:\/\/villahullu.fi\/en\/#organization"},"potentialAction":[{"@type":"SearchAction","target":{"@type":"EntryPoint","urlTemplate":"https:\/\/villahullu.fi\/en\/?s={search_term_string}"},"query-input":{"@type":"PropertyValueSpecification","valueRequired":true,"valueName":"search_term_string"}}],"inLanguage":"en-US"},{"@type":"Organization","@id":"https:\/\/villahullu.fi\/en\/#organization","name":"Villahullu","url":"https:\/\/villahullu.fi\/en\/","logo":{"@type":"ImageObject","inLanguage":"en-US","@id":"https:\/\/villahullu.fi\/en\/#\/schema\/logo\/image\/","url":"https:\/\/villahullu.fi\/wp-content\/uploads\/2021\/06\/logo.png","contentUrl":"https:\/\/villahullu.fi\/wp-content\/uploads\/2021\/06\/logo.png","width":374,"height":98,"caption":"Villahullu"},"image":{"@id":"https:\/\/villahullu.fi\/en\/#\/schema\/logo\/image\/"},"sameAs":["https:\/\/www.facebook.com\/villahullu\/","https:\/\/www.instagram.com\/villahullu\/"]}]}},"jetpack_sharing_enabled":true,"_links":{"self":[{"href":"https:\/\/villahullu.fi\/en\/wp-json\/wp\/v2\/pages\/705","targetHints":{"allow":["GET"]}}],"collection":[{"href":"https:\/\/villahullu.fi\/en\/wp-json\/wp\/v2\/pages"}],"about":[{"href":"https:\/\/villahullu.fi\/en\/wp-json\/wp\/v2\/types\/page"}],"author":[{"embeddable":true,"href":"https:\/\/villahullu.fi\/en\/wp-json\/wp\/v2\/users\/1"}],"replies":[{"embeddable":true,"href":"https:\/\/villahullu.fi\/en\/wp-json\/wp\/v2\/comments?post=705"}],"version-history":[{"count":0,"href":"https:\/\/villahullu.fi\/en\/wp-json\/wp\/v2\/pages\/705\/revisions"}],"wp:attachment":[{"href":"https:\/\/villahullu.fi\/en\/wp-json\/wp\/v2\/media?parent=705"}],"curies":[{"name":"wp","href":"https:\/\/api.w.org\/{rel}","templated":true}]}}